{"id":173,"date":"2023-11-14T01:00:34","date_gmt":"2023-11-14T01:00:34","guid":{"rendered":"https:\/\/exceladvisor.org\/es\/cinta\/"},"modified":"2023-12-25T10:32:36","modified_gmt":"2023-12-25T10:32:36","slug":"cinta","status":"publish","type":"page","link":"https:\/\/exceladvisor.org\/es\/cinta\/","title":{"rendered":"Cinta en excel: pesta\u00f1as y opciones"},"content":{"rendered":"<div class=\"excel-antes-del-contenido\" id=\"excel-3884047635\"><script type=\"text\/javascript\">\r\n\tatOptions = {\r\n\t\t'key' : 'c1158f160081d6540a8409e6925dab94',\r\n\t\t'format' : 'iframe',\r\n\t\t'height' : 250,\r\n\t\t'width' : 300,\r\n\t\t'params' : {}\r\n\t};\r\n<\/script>\r\n<script type=\"text\/javascript\" src=\"\/\/www.highperformanceformat.com\/c1158f160081d6540a8409e6925dab94\/invoke.js\"><\/script><\/div><p>En Excel, la cinta es como un encabezado en la parte superior de la ventana de Excel. Tiene pesta\u00f1as donde se categorizan todas las opciones. Cada pesta\u00f1a tiene un grupo de opciones. Puede usar cada opci\u00f3n directamente desde la cinta usando los botones o la barra de entrada para cambiar valores (como la fuente).<\/p>\n<p> Y si desea ver todas las opciones para un grupo en particular, puede hacer clic en la peque\u00f1a flecha hacia abajo en la parte inferior derecha. <\/p>\n<div class=\"wp-block-image\">\n<figure class=\"aligncenter size-full is-resized\"><img loading=\"lazy\" decoding=\"async\" class=\"wp-image-79073\" src=\"https:\/\/exceladvisor.org\/wp-content\/uploads\/2023\/08\/1-groupes-doptions-du-lanceur-de-dialogue-donglets.png\" sizes=\"auto, \" srcset=\"\" alt=\"pesta\u00f1as-dialog-launcher-opciones-grupos\" width=\"685\" height=\"423\"><\/figure>\n<\/div>\n<p> En este tutorial aprenderemos sobre las m\u00faltiples pesta\u00f1as, \u00edconos, grupos y diferentes opciones con sus funcionalidades.<\/p>\n<h2 class=\"wp-block-heading\"> Pesta\u00f1as de la cinta de Excel<\/h2>\n<p> En Excel, la cinta tiene las siguientes pesta\u00f1as:<\/p>\n<h3 class=\"wp-block-heading\"> 1. Pesta\u00f1a Archivo<\/h3>\n<p> Le brinda una vista detr\u00e1s de escena de todos los comandos y opciones importantes relacionados con archivos. Explica c\u00f3mo crear una nueva hoja de c\u00e1lculo, abrir un archivo, guardar e imprimir los archivos. <\/p>\n<div class=\"wp-block-image\">\n<figure class=\"aligncenter size-full is-resized\"><img loading=\"lazy\" decoding=\"async\" class=\"wp-image-79074\" src=\"https:\/\/exceladvisor.org\/wp-content\/uploads\/2023\/08\/2-options-donglet-de-fichier.png\" sizes=\"auto, \" srcset=\"\" alt=\"opciones de pesta\u00f1a de archivo\" width=\"602\" height=\"480\"><\/figure>\n<\/div>\n<h3 class=\"wp-block-heading\"> 2. Pesta\u00f1a Inicio<\/h3>\n<p> La pesta\u00f1a Inicio es la pesta\u00f1a predeterminada en Excel. Tiene las opciones m\u00e1s utilizadas que tienen diferentes grupos como portapapeles, fuente, alineaci\u00f3n, n\u00famero, estilos, celdas y edici\u00f3n.<\/p>\n<p> Por ejemplo, en el grupo del portapapeles, est\u00e1n disponibles los comandos de cortar, copiar y pegar. Hay un grupo de fuentes que incluye varios formatos, estilos de fuente, colores y tama\u00f1os. <\/p>\n<div class=\"wp-block-image\">\n<figure class=\"aligncenter size-full is-resized\"><img loading=\"lazy\" decoding=\"async\" class=\"wp-image-79075\" src=\"https:\/\/exceladvisor.org\/wp-content\/uploads\/2023\/08\/3-options-de-police-pour-longlet-daccueil.png\" sizes=\"auto, \" srcset=\"\" alt=\"opciones de fuente de la pesta\u00f1a de inicio\" width=\"715\" height=\"233\"><\/figure>\n<\/div>\n<h3 class=\"wp-block-heading\"> 3. Insertar una pesta\u00f1a<\/h3>\n<p> Le ayuda a insertar diferentes objetos como tablas din\u00e1micas, im\u00e1genes, gr\u00e1ficos, formas, hiperv\u00ednculos, encabezados y pies de p\u00e1gina y s\u00edmbolos especiales en la hoja.<\/p>\n<p> Le permite insertar el cuadro de texto para agregar el texto y personalizarlo cambiando su contorno y color. <\/p>\n<div class=\"wp-block-image\">\n<figure class=\"aligncenter size-full is-resized\"><img loading=\"lazy\" decoding=\"async\" class=\"wp-image-79076\" src=\"https:\/\/exceladvisor.org\/wp-content\/uploads\/2023\/08\/4-inserer-des-onglets-graphiques-liens-options-de-texte.png\" sizes=\"auto, \" srcset=\"\" alt=\"insertar-tab-gr\u00e1ficos-enlaces-opciones-de-texto\" width=\"790\" height=\"138\"><\/figure>\n<\/div>\n<h3 class=\"wp-block-heading\"> 4. Pesta\u00f1a Dise\u00f1o<\/h3>\n<p> Esta pesta\u00f1a le ayuda a personalizar el dise\u00f1o ajustando los m\u00e1rgenes de la p\u00e1gina para imprimir. Le da acceso a la elecci\u00f3n de orientaci\u00f3n vertical y horizontal. <\/p>\n<div class=\"wp-block-image\">\n<figure class=\"aligncenter size-full is-resized\"><img loading=\"lazy\" decoding=\"async\" class=\"wp-image-79077\" src=\"https:\/\/exceladvisor.org\/wp-content\/uploads\/2023\/08\/5-options-donglet-de-mise-en-page.png\" sizes=\"auto, \" srcset=\"\" alt=\"opciones de la pesta\u00f1a de dise\u00f1o\" width=\"733\" height=\"230\"><\/figure>\n<\/div>\n<p> La pesta\u00f1a Dise\u00f1o le ofrece la opci\u00f3n de eliminar las l\u00edneas de cuadr\u00edcula de la hoja de trabajo deseleccionando la opci\u00f3n Mostrar l\u00edneas de cuadr\u00edcula. <\/p>\n<div class=\"wp-block-image\">\n<figure class=\"aligncenter size-full is-resized\"><img loading=\"lazy\" decoding=\"async\" class=\"wp-image-79078\" src=\"https:\/\/exceladvisor.org\/wp-content\/uploads\/2023\/08\/Option-daffichage-du-quadrillage-de-longlet-de-mise-en-page-a-6-pages.png\" sizes=\"auto, \" srcset=\"\" alt=\"opci\u00f3n-vista-cuadr\u00edcula-pesta\u00f1a-dise\u00f1o-de-p\u00e1gina\" width=\"648\" height=\"128\"><\/figure>\n<\/div>\n<h3 class=\"wp-block-heading\"> 5. Pesta\u00f1a F\u00f3rmula<\/h3>\n<p> La pesta\u00f1a F\u00f3rmula le ayuda a trabajar con f\u00f3rmulas y funciones que se encuentran en el grupo Biblioteca de funciones.<\/p>\n<p> Utilice la funci\u00f3n de suma autom\u00e1tica para sumar, promediar y contar valores y encontrar el valor m\u00ednimo o m\u00e1ximo entre los seleccionados. El grupo de nombres definido le ayuda a crear un rango con nombre. <\/p>\n<div class=\"wp-block-image\">\n<figure class=\"aligncenter size-full is-resized\"><img loading=\"lazy\" decoding=\"async\" class=\"wp-image-79079\" src=\"https:\/\/exceladvisor.org\/wp-content\/uploads\/2023\/08\/7-fonctions-de-somme-automatique-de-longlet-formule.png\" sizes=\"auto, \" srcset=\"\" alt=\"pesta\u00f1a-f\u00f3rmulas-funciones-autosuma\" width=\"797\" height=\"281\"><\/figure>\n<\/div>\n<h3 class=\"wp-block-heading\"> 6. Pesta\u00f1a de datos<\/h3>\n<p> La pesta\u00f1a de datos contiene todas las opciones que le permiten limpiar y administrar datos. Desde all\u00ed puedes acceder a una consulta de energ\u00eda que te ayuda a limpiar los datos. Incluso esto le permite ordenar y filtrar sus datos. <\/p>\n<div class=\"wp-block-image\">\n<figure class=\"aligncenter size-full is-resized\"><img loading=\"lazy\" decoding=\"async\" class=\"wp-image-79080\" src=\"https:\/\/exceladvisor.org\/wp-content\/uploads\/2023\/08\/8-options-donglet-de-donnees-pour-transformer-les-donnees.png\" sizes=\"auto, \" srcset=\"\" alt=\"pesta\u00f1a-opciones-datos-para-transformar-datos\" width=\"866\" height=\"155\"><\/figure>\n<\/div>\n<h3 class=\"wp-block-heading\"> 7. Pesta\u00f1a Revisar<\/h3>\n<p> Esto le permite revisar la ortograf\u00eda, traducir el idioma, agregar comentarios y notas a la hoja de c\u00e1lculo. <\/p>\n<div class=\"wp-block-image\">\n<figure class=\"aligncenter size-full is-resized\"><img loading=\"lazy\" decoding=\"async\" class=\"wp-image-79081\" src=\"https:\/\/exceladvisor.org\/wp-content\/uploads\/2023\/08\/9-onglet-de-revision-pour-verifier-lorthographe-en-ajoutant-des-commentaires.png\" sizes=\"auto, \" srcset=\"\" alt=\"pesta\u00f1a-revisi\u00f3n-para-revisar-la-ortograf\u00eda-agregar-comentarios\" width=\"859\" height=\"151\"><\/figure>\n<\/div>\n<p> En el cuadro de di\u00e1logo de estad\u00edsticas del libro de trabajo, obtendr\u00e1 todos los detalles de la hoja y el libro actuales con respecto a las celdas que contienen datos, el n\u00famero de hojas y las f\u00f3rmulas utilizadas en ellas. <\/p>\n<div class=\"wp-block-image\">\n<figure class=\"aligncenter size-full is-resized\"><img loading=\"lazy\" decoding=\"async\" class=\"wp-image-79082\" src=\"https:\/\/exceladvisor.org\/wp-content\/uploads\/2023\/08\/10-boite-de-dialogue-des-statistiques-du-classeur-de-longlet-de-revision.png\" sizes=\"auto, \" srcset=\"\" alt=\"cuadro de di\u00e1logo de estad\u00edsticas de la pesta\u00f1a de revisi\u00f3n del libro de trabajo\" width=\"700\" height=\"380\"><\/figure>\n<\/div>\n<h3 class=\"wp-block-heading\"> 8. Pesta\u00f1a Mostrar<\/h3>\n<p> Le brinda m\u00faltiples opciones para cambiar la vista desde las vistas del libro: Vista previa de salto de p\u00e1gina, Vista normal y Vista de dise\u00f1o. Le permite ocultar o mostrar la barra de f\u00f3rmulas y los t\u00edtulos de las hojas de trabajo.<\/p>\n<p> Con la opci\u00f3n Congelar paneles, puede congelar filas y columnas seleccionadas. <\/p>\n<div class=\"wp-block-image\">\n<figure class=\"aligncenter size-full is-resized\"><img loading=\"lazy\" decoding=\"async\" class=\"wp-image-79083\" src=\"https:\/\/exceladvisor.org\/wp-content\/uploads\/2023\/08\/13-vues-de-classeur-dans-longlet-Affichage.png\" sizes=\"auto, \" srcset=\"\" alt=\"pesta\u00f1a-vistas-a-ver-del-libro-de-trabajo\" width=\"848\" height=\"149\"><\/figure>\n<\/div>\n<h2 class=\"wp-block-heading\"> Activar o desactivar una pesta\u00f1a de la cinta<\/h2>\n<p> Hay algunas pesta\u00f1as que no est\u00e1n activas en la cinta de forma predeterminada, como las pesta\u00f1as de dibujo y desarrollador. Y si quieres habilitar alguno de ellos, puedes hacerlo usando la opci\u00f3n de personalizaci\u00f3n. A continuaci\u00f3n se detallan los pasos.<\/p>\n<ul>\n<li> Primero, haga clic derecho en la cinta y seleccione la opci\u00f3n Personalizar cinta. <\/li>\n<\/ul>\n<div class=\"wp-block-image\">\n<figure class=\"aligncenter size-full is-resized\"><img loading=\"lazy\" decoding=\"async\" class=\"wp-image-79084\" src=\"https:\/\/exceladvisor.org\/wp-content\/uploads\/2023\/08\/11-selectionnez-personnaliser-loption-de-ruban.png\" sizes=\"auto, \" srcset=\"\" alt=\"seleccionar-personalizar-opci\u00f3n-cinta\" width=\"723\" height=\"211\"><\/figure>\n<\/div>\n<ul>\n<li> Ahora aparece el cuadro de di\u00e1logo Opciones de Excel. <\/li>\n<\/ul>\n<div class=\"wp-block-image\">\n<figure class=\"aligncenter size-full is-resized\"><img loading=\"lazy\" decoding=\"async\" class=\"wp-image-79085\" src=\"https:\/\/exceladvisor.org\/wp-content\/uploads\/2023\/08\/Boite-de-dialogue-des-12-options-Excel.png\" sizes=\"auto, \" srcset=\"\" alt=\"Cuadro de di\u00e1logo Opciones de Excel\" width=\"826\" height=\"494\"><\/figure>\n<\/div>\n<ul>\n<li> Desde aqu\u00ed, puede agregar cualquier pesta\u00f1a seleccionando el cuadro de guardar en el men\u00fa de pesta\u00f1as principal. <\/li>\n<\/ul>\n<div class=\"wp-block-image\">\n<figure class=\"aligncenter size-full is-resized\"><img loading=\"lazy\" decoding=\"async\" class=\"wp-image-79086\" src=\"https:\/\/exceladvisor.org\/wp-content\/uploads\/2023\/08\/14-onglets-principaux-selectionnez-longlet-developpeur.png\" sizes=\"auto, \" srcset=\"\" alt=\"pesta\u00f1as-principal-seleccionar-pesta\u00f1a-desarrollador\" width=\"398\" height=\"657\"><\/figure>\n<\/div>\n<ul>\n<li> Al final, haga clic en Aceptar y esta pesta\u00f1a aparecer\u00e1 en la cinta. <\/li>\n<\/ul>\n<div class=\"wp-block-image\">\n<figure class=\"aligncenter size-full is-resized\"><img loading=\"lazy\" decoding=\"async\" class=\"wp-image-79087\" src=\"https:\/\/exceladvisor.org\/wp-content\/uploads\/2023\/08\/15-onglet-developpeur-active-sur-le-ruban.png\" sizes=\"auto, \" srcset=\"\" alt=\"pesta\u00f1a-en-cinta-habilitada-para-desarrollador\" width=\"583\" height=\"173\"><\/figure>\n<\/div>\n<p class=\"mynote\"> Si desea eliminar una pesta\u00f1a de la cinta, para ello simplemente puede desmarcar la casilla de guardar para esa pesta\u00f1a.<\/p>\n<h2 class=\"wp-block-heading\"> Ocultar o mostrar la cinta en Excel<\/h2>\n<p> Para aumentar el espacio en su hoja de c\u00e1lculo, puede ocultar la cinta desde arriba.<\/p>\n<ul>\n<li> Haga clic derecho en la cinta y seleccione el bot\u00f3n Minimizar cinta para ocultarla. <\/li>\n<\/ul>\n<div class=\"wp-block-image\">\n<figure class=\"aligncenter size-full is-resized\"><img loading=\"lazy\" decoding=\"async\" class=\"wp-image-79088\" src=\"https:\/\/exceladvisor.org\/wp-content\/uploads\/2023\/08\/16-selectionnez-reduire-le-ruban-pour-le-masquer.png\" sizes=\"auto, \" srcset=\"\" alt=\"seleccione-contraer-cinta-para-ocultarla\" width=\"748\" height=\"209\"><\/figure>\n<\/div>\n<ul>\n<li> Ahora s\u00f3lo ver\u00e1s las pesta\u00f1as en la parte superior de la ventana. <\/li>\n<\/ul>\n<div class=\"wp-block-image\">\n<figure class=\"aligncenter size-full is-resized\"><img loading=\"lazy\" decoding=\"async\" class=\"wp-image-79089\" src=\"https:\/\/exceladvisor.org\/wp-content\/uploads\/2023\/08\/17-seuls-onglets-visibles.png\" sizes=\"auto, \" srcset=\"\" alt=\"solo pesta\u00f1as visibles\" width=\"641\" height=\"174\"><\/figure>\n<\/div>\n<ul>\n<li> Para recuperarlo, haga clic derecho en la barra de men\u00fa y anule la selecci\u00f3n del bot\u00f3n Minimizar cinta. <\/li>\n<\/ul>\n<div class=\"wp-block-image\">\n<figure class=\"aligncenter size-full is-resized\"><img loading=\"lazy\" decoding=\"async\" class=\"wp-image-79090\" src=\"https:\/\/exceladvisor.org\/wp-content\/uploads\/2023\/08\/18-deselectionnez-loption-reduire-le-ruban-pour-afficher-le-ruban.png\" sizes=\"auto, \" srcset=\"\" alt=\"deseleccionar-contraer-cinta-para-mostrar-cinta\" width=\"680\" height=\"220\"><\/figure>\n<\/div>\n<p class=\"mytip\"> Las teclas de m\u00e9todo abreviado para ocultar o mostrar la cinta de la computadora son <strong>CTRL + F1<\/strong> o, en el caso de usuarios de computadoras port\u00e1tiles, presione <strong>CTRL<\/strong> + <strong>Fn<\/strong> + <strong>F1<\/strong> .<\/p>\n<div class=\"gb-container gb-container-4db6181c gb-container-mt\"> <a class=\"gb-button gb-button-c5897111 gb-button-text gb-button-mt-button\" href=\"https:\/\/exceladvisor.org\/es\/conceptos-basicos-de-excel\/\">Conceptos b\u00e1sicos de Microsoft Excel (componentes, piezas y notas de conocimiento)<\/a><\/p>\n<h2 class=\"gb-headline gb-headline-665e5f6b gb-headline-text gb-headline-mt-heading\"> Tutoriales relacionados <\/h2>\n<div class=\"gb-grid-wrapper gb-grid-wrapper-a20baf7c gb-grid-wrapper-mt-grid\">\n<div class=\"gb-grid-column gb-grid-column-65ddf67e\">\n<div class=\"gb-container gb-container-65ddf67e\">\n<ul>\n<li> <a href=\"https:\/\/exceladvisor.org\/es\/barra-de-acceso-rapido\/\">Barra de herramientas de acceso r\u00e1pido en Excel<\/a><\/li>\n<li> <a href=\"https:\/\/exceladvisor.org\/es\/barra-de-estado\/\">Barra de estado en Excel<\/a><\/li>\n<li> <a href=\"https:\/\/exceladvisor.org\/es\/zona-de-texto\/\">Insertar un cuadro de texto en Excel<\/a><\/li>\n<li> <a href=\"https:\/\/exceladvisor.org\/es\/vista-detras-de-escena\/\">Abrir la vista Backstage en Excel<\/a><\/li>\n<li> <a href=\"https:\/\/exceladvisor.org\/es\/modo-oscuro\/\">Habilitar el modo oscuro en Excel<\/a> <\/li>\n<\/ul>\n<\/div>\n<\/div>\n<div class=\"gb-grid-column gb-grid-column-50067b57\">\n<div class=\"gb-container gb-container-50067b57\"><\/div>\n<\/div>\n<\/div>\n<\/div>\n","protected":false},"excerpt":{"rendered":"<p>En Excel, la cinta es como un encabezado en la parte superior de la ventana de Excel. Tiene pesta\u00f1as donde se categorizan todas las opciones. Cada pesta\u00f1a tiene un grupo de opciones. Puede usar cada opci\u00f3n directamente desde la cinta usando los botones o la barra de entrada para cambiar valores (como la fuente). Y [&hellip;]<\/p>\n","protected":false},"author":1,"featured_media":0,"parent":0,"menu_order":0,"comment_status":"open","ping_status":"closed","template":"","meta":{"ub_ctt_via":"","footnotes":""},"class_list":["post-173","page","type-page","status-publish","hentry"],"featured_image_src":null,"yoast_head":"<!-- This site is optimized with the Yoast SEO plugin v25.4 - https:\/\/yoast.com\/wordpress\/plugins\/seo\/ -->\n<title>Cinta en excel: pesta\u00f1as y opciones<\/title>\n<meta name=\"robots\" content=\"index, follow, max-snippet:-1, max-image-preview:large, max-video-preview:-1\" \/>\n<link rel=\"canonical\" href=\"https:\/\/exceladvisor.org\/es\/cinta\/\" \/>\n<meta property=\"og:locale\" content=\"es_ES\" \/>\n<meta property=\"og:type\" content=\"article\" \/>\n<meta property=\"og:title\" content=\"Cinta en excel: pesta\u00f1as y opciones\" \/>\n<meta property=\"og:description\" content=\"En Excel, la cinta es como un encabezado en la parte superior de la ventana de Excel. Tiene pesta\u00f1as donde se categorizan todas las opciones. Cada pesta\u00f1a tiene un grupo de opciones. Puede usar cada opci\u00f3n directamente desde la cinta usando los botones o la barra de entrada para cambiar valores (como la fuente). Y [&hellip;]\" \/>\n<meta property=\"og:url\" content=\"https:\/\/exceladvisor.org\/es\/cinta\/\" \/>\n<meta property=\"og:site_name\" content=\"Excel Advisor\" \/>\n<meta property=\"article:modified_time\" content=\"2023-12-25T10:32:36+00:00\" \/>\n<meta property=\"og:image\" content=\"https:\/\/exceladvisor.org\/wp-content\/uploads\/2023\/08\/1-groupes-doptions-du-lanceur-de-dialogue-donglets.png\" \/>\n<meta name=\"twitter:card\" content=\"summary_large_image\" \/>\n<meta name=\"twitter:label1\" content=\"Tiempo de lectura\" \/>\n\t<meta name=\"twitter:data1\" content=\"4 minutos\" \/>\n<script type=\"application\/ld+json\" class=\"yoast-schema-graph\">{\"@context\":\"https:\/\/schema.org\",\"@graph\":[{\"@type\":\"WebPage\",\"@id\":\"https:\/\/exceladvisor.org\/es\/cinta\/\",\"url\":\"https:\/\/exceladvisor.org\/es\/cinta\/\",\"name\":\"Cinta en excel: pesta\u00f1as y opciones\",\"isPartOf\":{\"@id\":\"https:\/\/exceladvisor.org\/es\/#website\"},\"primaryImageOfPage\":{\"@id\":\"https:\/\/exceladvisor.org\/es\/cinta\/#primaryimage\"},\"image\":{\"@id\":\"https:\/\/exceladvisor.org\/es\/cinta\/#primaryimage\"},\"thumbnailUrl\":\"https:\/\/exceladvisor.org\/wp-content\/uploads\/2023\/08\/1-groupes-doptions-du-lanceur-de-dialogue-donglets.png\",\"datePublished\":\"2023-11-14T01:00:34+00:00\",\"dateModified\":\"2023-12-25T10:32:36+00:00\",\"breadcrumb\":{\"@id\":\"https:\/\/exceladvisor.org\/es\/cinta\/#breadcrumb\"},\"inLanguage\":\"es\",\"potentialAction\":[{\"@type\":\"ReadAction\",\"target\":[\"https:\/\/exceladvisor.org\/es\/cinta\/\"]}]},{\"@type\":\"ImageObject\",\"inLanguage\":\"es\",\"@id\":\"https:\/\/exceladvisor.org\/es\/cinta\/#primaryimage\",\"url\":\"https:\/\/exceladvisor.org\/wp-content\/uploads\/2023\/08\/1-groupes-doptions-du-lanceur-de-dialogue-donglets.png\",\"contentUrl\":\"https:\/\/exceladvisor.org\/wp-content\/uploads\/2023\/08\/1-groupes-doptions-du-lanceur-de-dialogue-donglets.png\"},{\"@type\":\"BreadcrumbList\",\"@id\":\"https:\/\/exceladvisor.org\/es\/cinta\/#breadcrumb\",\"itemListElement\":[{\"@type\":\"ListItem\",\"position\":1,\"name\":\"Hogar\",\"item\":\"https:\/\/exceladvisor.org\/es\/\"},{\"@type\":\"ListItem\",\"position\":2,\"name\":\"Cinta en excel: pesta\u00f1as y opciones\"}]},{\"@type\":\"WebSite\",\"@id\":\"https:\/\/exceladvisor.org\/es\/#website\",\"url\":\"https:\/\/exceladvisor.org\/es\/\",\"name\":\"Excel Advisor\",\"description\":\"Su gu\u00eda para la dominaci\u00f3n de datos!\",\"publisher\":{\"@id\":\"https:\/\/exceladvisor.org\/es\/#organization\"},\"potentialAction\":[{\"@type\":\"SearchAction\",\"target\":{\"@type\":\"EntryPoint\",\"urlTemplate\":\"https:\/\/exceladvisor.org\/es\/?s={search_term_string}\"},\"query-input\":{\"@type\":\"PropertyValueSpecification\",\"valueRequired\":true,\"valueName\":\"search_term_string\"}}],\"inLanguage\":\"es\"},{\"@type\":\"Organization\",\"@id\":\"https:\/\/exceladvisor.org\/es\/#organization\",\"name\":\"Excel Advisor\",\"url\":\"https:\/\/exceladvisor.org\/es\/\",\"logo\":{\"@type\":\"ImageObject\",\"inLanguage\":\"es\",\"@id\":\"https:\/\/exceladvisor.org\/es\/#\/schema\/logo\/image\/\",\"url\":\"https:\/\/exceladvisor.org\/es\/wp-content\/uploads\/2023\/12\/exceladvisor.org_.png\",\"contentUrl\":\"https:\/\/exceladvisor.org\/es\/wp-content\/uploads\/2023\/12\/exceladvisor.org_.png\",\"width\":105,\"height\":36,\"caption\":\"Excel Advisor\"},\"image\":{\"@id\":\"https:\/\/exceladvisor.org\/es\/#\/schema\/logo\/image\/\"}}]}<\/script>\n<!-- \/ Yoast SEO plugin. -->","yoast_head_json":{"title":"Cinta en excel: pesta\u00f1as y opciones","robots":{"index":"index","follow":"follow","max-snippet":"max-snippet:-1","max-image-preview":"max-image-preview:large","max-video-preview":"max-video-preview:-1"},"canonical":"https:\/\/exceladvisor.org\/es\/cinta\/","og_locale":"es_ES","og_type":"article","og_title":"Cinta en excel: pesta\u00f1as y opciones","og_description":"En Excel, la cinta es como un encabezado en la parte superior de la ventana de Excel. Tiene pesta\u00f1as donde se categorizan todas las opciones. Cada pesta\u00f1a tiene un grupo de opciones. Puede usar cada opci\u00f3n directamente desde la cinta usando los botones o la barra de entrada para cambiar valores (como la fuente). Y [&hellip;]","og_url":"https:\/\/exceladvisor.org\/es\/cinta\/","og_site_name":"Excel Advisor","article_modified_time":"2023-12-25T10:32:36+00:00","og_image":[{"url":"https:\/\/exceladvisor.org\/wp-content\/uploads\/2023\/08\/1-groupes-doptions-du-lanceur-de-dialogue-donglets.png","type":"","width":"","height":""}],"twitter_card":"summary_large_image","twitter_misc":{"Tiempo de lectura":"4 minutos"},"schema":{"@context":"https:\/\/schema.org","@graph":[{"@type":"WebPage","@id":"https:\/\/exceladvisor.org\/es\/cinta\/","url":"https:\/\/exceladvisor.org\/es\/cinta\/","name":"Cinta en excel: pesta\u00f1as y opciones","isPartOf":{"@id":"https:\/\/exceladvisor.org\/es\/#website"},"primaryImageOfPage":{"@id":"https:\/\/exceladvisor.org\/es\/cinta\/#primaryimage"},"image":{"@id":"https:\/\/exceladvisor.org\/es\/cinta\/#primaryimage"},"thumbnailUrl":"https:\/\/exceladvisor.org\/wp-content\/uploads\/2023\/08\/1-groupes-doptions-du-lanceur-de-dialogue-donglets.png","datePublished":"2023-11-14T01:00:34+00:00","dateModified":"2023-12-25T10:32:36+00:00","breadcrumb":{"@id":"https:\/\/exceladvisor.org\/es\/cinta\/#breadcrumb"},"inLanguage":"es","potentialAction":[{"@type":"ReadAction","target":["https:\/\/exceladvisor.org\/es\/cinta\/"]}]},{"@type":"ImageObject","inLanguage":"es","@id":"https:\/\/exceladvisor.org\/es\/cinta\/#primaryimage","url":"https:\/\/exceladvisor.org\/wp-content\/uploads\/2023\/08\/1-groupes-doptions-du-lanceur-de-dialogue-donglets.png","contentUrl":"https:\/\/exceladvisor.org\/wp-content\/uploads\/2023\/08\/1-groupes-doptions-du-lanceur-de-dialogue-donglets.png"},{"@type":"BreadcrumbList","@id":"https:\/\/exceladvisor.org\/es\/cinta\/#breadcrumb","itemListElement":[{"@type":"ListItem","position":1,"name":"Hogar","item":"https:\/\/exceladvisor.org\/es\/"},{"@type":"ListItem","position":2,"name":"Cinta en excel: pesta\u00f1as y opciones"}]},{"@type":"WebSite","@id":"https:\/\/exceladvisor.org\/es\/#website","url":"https:\/\/exceladvisor.org\/es\/","name":"Excel Advisor","description":"Su gu\u00eda para la dominaci\u00f3n de datos!","publisher":{"@id":"https:\/\/exceladvisor.org\/es\/#organization"},"potentialAction":[{"@type":"SearchAction","target":{"@type":"EntryPoint","urlTemplate":"https:\/\/exceladvisor.org\/es\/?s={search_term_string}"},"query-input":{"@type":"PropertyValueSpecification","valueRequired":true,"valueName":"search_term_string"}}],"inLanguage":"es"},{"@type":"Organization","@id":"https:\/\/exceladvisor.org\/es\/#organization","name":"Excel Advisor","url":"https:\/\/exceladvisor.org\/es\/","logo":{"@type":"ImageObject","inLanguage":"es","@id":"https:\/\/exceladvisor.org\/es\/#\/schema\/logo\/image\/","url":"https:\/\/exceladvisor.org\/es\/wp-content\/uploads\/2023\/12\/exceladvisor.org_.png","contentUrl":"https:\/\/exceladvisor.org\/es\/wp-content\/uploads\/2023\/12\/exceladvisor.org_.png","width":105,"height":36,"caption":"Excel Advisor"},"image":{"@id":"https:\/\/exceladvisor.org\/es\/#\/schema\/logo\/image\/"}}]}},"yoast_meta":{"yoast_wpseo_title":"","yoast_wpseo_metadesc":"","yoast_wpseo_canonical":""},"_links":{"self":[{"href":"https:\/\/exceladvisor.org\/es\/wp-json\/wp\/v2\/pages\/173","targetHints":{"allow":["GET"]}}],"collection":[{"href":"https:\/\/exceladvisor.org\/es\/wp-json\/wp\/v2\/pages"}],"about":[{"href":"https:\/\/exceladvisor.org\/es\/wp-json\/wp\/v2\/types\/page"}],"author":[{"embeddable":true,"href":"https:\/\/exceladvisor.org\/es\/wp-json\/wp\/v2\/users\/1"}],"replies":[{"embeddable":true,"href":"https:\/\/exceladvisor.org\/es\/wp-json\/wp\/v2\/comments?post=173"}],"version-history":[{"count":1,"href":"https:\/\/exceladvisor.org\/es\/wp-json\/wp\/v2\/pages\/173\/revisions"}],"predecessor-version":[{"id":1427,"href":"https:\/\/exceladvisor.org\/es\/wp-json\/wp\/v2\/pages\/173\/revisions\/1427"}],"wp:attachment":[{"href":"https:\/\/exceladvisor.org\/es\/wp-json\/wp\/v2\/media?parent=173"}],"curies":[{"name":"wp","href":"https:\/\/api.w.org\/{rel}","templated":true}]}}