{"id":175,"date":"2023-11-13T21:20:58","date_gmt":"2023-11-13T21:20:58","guid":{"rendered":"https:\/\/exceladvisor.org\/es\/pegar-valores-sin-formatear\/"},"modified":"2023-12-25T10:25:03","modified_gmt":"2023-12-25T10:25:03","slug":"pegar-valores-sin-formatear","status":"publish","type":"page","link":"https:\/\/exceladvisor.org\/es\/pegar-valores-sin-formatear\/","title":{"rendered":"\u00bfc\u00f3mo copiar y pegar valores sin formatear?"},"content":{"rendered":"<div class=\"excel-antes-del-contenido\" id=\"excel-4217844008\"><script type=\"text\/javascript\">\r\n\tatOptions = {\r\n\t\t'key' : 'c1158f160081d6540a8409e6925dab94',\r\n\t\t'format' : 'iframe',\r\n\t\t'height' : 250,\r\n\t\t'width' : 300,\r\n\t\t'params' : {}\r\n\t};\r\n<\/script>\r\n<script type=\"text\/javascript\" src=\"\/\/www.highperformanceformat.com\/c1158f160081d6540a8409e6925dab94\/invoke.js\"><\/script><\/div><p>Como todos saben, copiar y pegar es algo com\u00fan que todo el mundo hace mientras trabaja con datos y, a veces, desea copiar y pegar datos que tienen formato aplicado, pero desea pegar los valores solo de ellos y para esto Excel tiene varias maneras de hacer esto.<\/p>\n<p> En este tutorial, le mostraremos varias formas de copiar y pegar valores \u00fanicamente sin formatear.<\/p>\n<h2 class=\"wp-block-heading\"> Pasos para copiar y pegar valores solo usando la opci\u00f3n especial de pegar<\/h2>\n<ol>\n<li> Primero, seleccione la celda o rango de celdas que desea copiar y pegar.<\/li>\n<li> Despu\u00e9s de eso, presione las teclas de acceso directo \u00abCTRL + C\u00bb o haga clic derecho y seleccione la opci\u00f3n \u00abCopiar\u00bb de la lista desplegable para copiar las celdas seleccionadas. <br \/><img loading=\"lazy\" decoding=\"async\" title=\"1-copiar-pegar-solo-valores\" src=\"https:\/\/exceladvisor.org\/wp-content\/uploads\/2023\/08\/1-copier-et-coller-uniquement-les-valeurs.png\" sizes=\"auto, \" srcset=\"\" alt=\"copy-and-paste-values-only\" width=\"448\" height=\"393\"><\/li>\n<li> Una vez seleccionados sus datos, Excel comenzar\u00e1 a mostrar el borde resaltado en el \u00e1rea seleccionada como se muestra en la imagen a continuaci\u00f3n. <br \/><img loading=\"lazy\" decoding=\"async\" title=\"2 rangos de datos seleccionados\" src=\"https:\/\/exceladvisor.org\/wp-content\/uploads\/2023\/08\/2-plage-de-donnees-selectionnee.png\" sizes=\"auto, \" srcset=\"\" alt=\"selected-data-range\" width=\"405\" height=\"223\"><\/li>\n<li> Ahora vaya a la celda donde desea pegar los datos copiados, haga clic derecho y elija la opci\u00f3n \u00ab123\u00bb (Valores) y sus datos se pegar\u00e1n como valores. <br \/><img loading=\"lazy\" decoding=\"async\" title=\"Valores de elecci\u00f3n de la opci\u00f3n 3\" src=\"https:\/\/exceladvisor.org\/wp-content\/uploads\/2023\/08\/3-choisir-loption-des-valeurs.png\" sizes=\"auto, \" srcset=\"\" alt=\"choose-values-option\" width=\"613\" height=\"253\"><\/li>\n<li> O vaya a la celda donde desea pegar los datos copiados y vaya a la pesta\u00f1a \u00abInicio\u00bb y haga clic en el \u00edcono \u00abPegar\u00bb y puede elegir la opci\u00f3n de valores \u00ab123\u00bb desde all\u00ed y sus datos se pegar\u00e1n como valores. <br \/><img loading=\"lazy\" decoding=\"async\" title=\"4-elija-pegar-solo-valores\" src=\"https:\/\/exceladvisor.org\/wp-content\/uploads\/2023\/08\/4-choisir-uniquement-les-valeurs-de-collage.png\" sizes=\"auto, \" srcset=\"\" alt=\"choose-paste-values-only\" width=\"564\" height=\"354\"><\/li>\n<\/ol>\n<h2 class=\"wp-block-heading\"> Copie y pegue valores usando arrastrar y soltar<\/h2>\n<p> Excel tambi\u00e9n tiene una funcionalidad de arrastrar y soltar muy r\u00e1pida y sencilla para pegar los datos copiados solo como valores y para hacerlo siga los pasos a continuaci\u00f3n:<\/p>\n<ol>\n<li> Primero, seleccione la celda o rango de celdas que desea copiar y pegar.<\/li>\n<li> Despu\u00e9s de eso, pase el mouse sobre el borde del rango seleccionado. <br \/><img loading=\"lazy\" decoding=\"async\" title=\"5-pase el mouse sobre el borde del rango\" src=\"https:\/\/exceladvisor.org\/wp-content\/uploads\/2023\/08\/5-survolez-la-souris-sur-la-bordure-de-la-plage.png\" sizes=\"auto, \" srcset=\"\" alt=\"hover-mouse-on-the-range-border\" width=\"408\" height=\"227\"><\/li>\n<li> Ahora haga clic derecho y mantenga presionado y arrastre el rango a la celda donde desea pegarlo, luego suelte el bot\u00f3n derecho del mouse.<\/li>\n<li> Una vez que sueltes el bot\u00f3n derecho, te saldr\u00e1 el men\u00fa desplegable con las m\u00faltiples opciones y desde all\u00ed haz clic en \u201cCopiar aqu\u00ed solo como valores\u201d. <br \/><img loading=\"lazy\" decoding=\"async\" title=\"6-copiar-aqu\u00ed-solo-como-valores\" src=\"https:\/\/exceladvisor.org\/wp-content\/uploads\/2023\/08\/6-copier-ici-en-tant-que-valeurs-uniquement.png\" sizes=\"auto, \" srcset=\"\" alt=\"copy-here-as-values-only\" width=\"540\" height=\"339\"><\/li>\n<li> En el momento en que haga clic en la opci\u00f3n \u201cCopiar aqu\u00ed solo como valores\u201d, los datos copiados se pegar\u00e1n solo como valores. <br \/><img loading=\"lazy\" decoding=\"async\" title=\"7 datos pegados solo como valores\" src=\"https:\/\/exceladvisor.org\/wp-content\/uploads\/2023\/08\/7-donnees-collees-en-tant-que-valeurs-uniquement.png\" sizes=\"auto, \" srcset=\"\" alt=\"data-pasted-as-values-only\" width=\"611\" height=\"233\"><\/li>\n<\/ol>\n<h2 class=\"wp-block-heading\"> Copie y pegue valores solo usando el m\u00e9todo abreviado de teclado<\/h2>\n<p> Si eres un amante de los atajos de Excel, este m\u00e9todo abreviado de teclado para copiar y pegar es la mejor opci\u00f3n para ti.<\/p>\n<ol>\n<li> Primero, seleccione el rango de datos que desea copiar y pegar, luego presione el m\u00e9todo abreviado de teclado \u201cCtrl + C\u201d para copiar ese rango.<\/li>\n<li> O, si desea seleccionar todo el conjunto de datos, primero presione \u00abCtrl + A\u00bb para seleccionar todo el conjunto de datos, luego presione \u00abCtrl + C\u00bb para copiar el conjunto de datos seleccionado.<\/li>\n<li> Una vez seleccionados sus datos, Excel comenzar\u00e1 a mostrar el borde resaltado en el \u00e1rea seleccionada como se muestra en la imagen a continuaci\u00f3n. <br \/><img loading=\"lazy\" decoding=\"async\" title=\"8-seleccionar-rango-de-datos\" src=\"https:\/\/exceladvisor.org\/wp-content\/uploads\/2023\/08\/8-selectionner-la-plage-de-donnees.png\" sizes=\"auto, \" srcset=\"\" alt=\"select-the-data-range\" width=\"426\" height=\"248\"><\/li>\n<li> Ahora vaya a la celda donde desea pegar los datos seleccionados, luego presione las teclas \u201cAlt \u2192 E \u2192 S \u2192 E\u201d en secuencia y luego presione la tecla \u201cEntrar\u201d y sus datos se pegar\u00e1n solo como valores.<\/li>\n<li> O puede presionar \u201cCtrl + Alt + V \u2192 \u201cE\u201d y luego presionar la tecla \u201cEntrar\u201d para pegar los datos copiados solo como valores. <br \/><img loading=\"lazy\" decoding=\"async\" title=\"9-atajos-para-pegar-solo-valores\" src=\"https:\/\/exceladvisor.org\/wp-content\/uploads\/2023\/08\/9-raccourci-pour-coller-uniquement-les-valeurs.png\" sizes=\"auto, \" srcset=\"\" alt=\"shortcut-to-paste-values-only\" width=\"707\" height=\"223\"><\/li>\n<\/ol>\n<p class=\"grey-note\"> Los dos atajos mencionados anteriormente abren el cuadro de di\u00e1logo \u00abPegado especial\u00bb cuando presiona las tres primeras teclas de la combinaci\u00f3n de atajos y cuando presiona la \u00faltima tecla, \u00abV\u00bb, que selecciona la opci\u00f3n \u00abValores\u00bb del cuadro de di\u00e1logo para pegar el datos solo como valores. <\/p>\n<div class=\"wp-block-image\">\n<figure class=\"aligncenter size-full is-resized\"><img loading=\"lazy\" decoding=\"async\" class=\"wp-image-80398\" src=\"https:\/\/exceladvisor.org\/wp-content\/uploads\/2023\/08\/Boite-de-dialogue-speciale-10-coller.png\" sizes=\"auto, \" srcset=\"\" alt=\"cuadro de di\u00e1logo-pegar-especial\" width=\"452\" height=\"339\"><\/figure>\n<\/div>\n<h2 class=\"wp-block-heading\"> Copiar y pegar valores usando el modo de edici\u00f3n de celdas<\/h2>\n<p> Esta opci\u00f3n solo funciona si desea copiar y pegar un solo valor de celda.<\/p>\n<ol>\n<li> Navegue hasta la celda que desea copiar, luego haga doble clic en ella para poner la celda en modo de edici\u00f3n, luego seleccione y copie el valor de la celda.<\/li>\n<li> Despu\u00e9s de eso, vaya a la celda donde est\u00e1 pegando el valor copiado y p\u00e9guelo all\u00ed usando el m\u00e9todo abreviado de teclado \u201cCtrl + V\u201d. <\/li>\n<\/ol>\n<div class=\"wp-block-image\">\n<figure class=\"aligncenter size-full is-resized\"><img loading=\"lazy\" decoding=\"async\" class=\"wp-image-80399\" src=\"https:\/\/exceladvisor.org\/wp-content\/uploads\/2023\/08\/11-selectionner-la-valeur-de-la-cellule.png\" sizes=\"auto, \" srcset=\"\" alt=\"seleccionar valor de celda\" width=\"450\" height=\"253\"><\/figure>\n<\/div>\n<div class=\"gb-container gb-container-4db6181c gb-container-mt\"> <a class=\"gb-button gb-button-c5897111 gb-button-text gb-button-mt-button\" href=\"https:\/\/exceladvisor.org\/es\/conceptos-basicos-de-excel\/\">Conceptos b\u00e1sicos de Microsoft Excel (componentes, piezas y notas de conocimiento)<\/a><\/p>\n<h2 class=\"gb-headline gb-headline-665e5f6b gb-headline-text gb-headline-mt-heading\"> Tutoriales relacionados <\/h2>\n<div class=\"gb-grid-wrapper gb-grid-wrapper-a20baf7c gb-grid-wrapper-mt-grid\">\n<div class=\"gb-grid-column gb-grid-column-65ddf67e\">\n<div class=\"gb-container gb-container-65ddf67e\">\n<ul>\n<li> <a href=\"https:\/\/exceladvisor.org\/es\/dibuja-una-linea\/\">Dibuja una l\u00ednea en Excel<\/a><\/li>\n<li> <a href=\"https:\/\/exceladvisor.org\/es\/agregar-un-boton\/\">Agregar un bot\u00f3n en Excel<\/a><\/li>\n<li> <a href=\"https:\/\/exceladvisor.org\/es\/fusionar-celulas-disociadas\/\">Fusionar: desagrupar celdas en Excel<\/a><\/li>\n<li> <a href=\"https:\/\/exceladvisor.org\/es\/corrector-ortografico\/\">Corrector ortogr\u00e1fico en Excel<\/a> <\/li>\n<\/ul>\n<\/div>\n<\/div>\n<div class=\"gb-grid-column gb-grid-column-50067b57\">\n<div class=\"gb-container gb-container-50067b57\">\n<ul>\n<li> <a href=\"https:\/\/exceladvisor.org\/es\/encontrar-reemplazar\/\">Buscar y reemplazar en Excel<\/a><\/li>\n<li> <a href=\"https:\/\/exceladvisor.org\/es\/copiar-pegar-ancho-de-columna\/\">Copiar y pegar ancho de columna en Excel<\/a><\/li>\n<li> <a href=\"https:\/\/exceladvisor.org\/es\/signo-de-dolar\/\">Agregar un signo de d\u00f3lar en Excel<\/a><\/li>\n<li> <a href=\"https:\/\/exceladvisor.org\/es\/crear-el-encabezado-de-la-primera-linea\/\">Cree un encabezado de primera fila en Excel<\/a><\/li>\n<\/ul>\n<\/div>\n<\/div>\n<\/div>\n<\/div>\n","protected":false},"excerpt":{"rendered":"<p>Como todos saben, copiar y pegar es algo com\u00fan que todo el mundo hace mientras trabaja con datos y, a veces, desea copiar y pegar datos que tienen formato aplicado, pero desea pegar los valores solo de ellos y para esto Excel tiene varias maneras de hacer esto. En este tutorial, le mostraremos varias formas [&hellip;]<\/p>\n","protected":false},"author":1,"featured_media":0,"parent":0,"menu_order":0,"comment_status":"open","ping_status":"closed","template":"","meta":{"ub_ctt_via":"","footnotes":""},"class_list":["post-175","page","type-page","status-publish","hentry"],"featured_image_src":null,"yoast_head":"<!-- This site is optimized with the Yoast SEO plugin v25.4 - https:\/\/yoast.com\/wordpress\/plugins\/seo\/ -->\n<title>\u00bfc\u00f3mo copiar y pegar valores sin formatear?<\/title>\n<meta name=\"robots\" content=\"index, follow, max-snippet:-1, max-image-preview:large, max-video-preview:-1\" \/>\n<link rel=\"canonical\" href=\"https:\/\/exceladvisor.org\/es\/pegar-valores-sin-formatear\/\" \/>\n<meta property=\"og:locale\" content=\"es_ES\" \/>\n<meta property=\"og:type\" content=\"article\" \/>\n<meta property=\"og:title\" content=\"\u00bfc\u00f3mo copiar y pegar valores sin formatear?\" \/>\n<meta property=\"og:description\" content=\"Como todos saben, copiar y pegar es algo com\u00fan que todo el mundo hace mientras trabaja con datos y, a veces, desea copiar y pegar datos que tienen formato aplicado, pero desea pegar los valores solo de ellos y para esto Excel tiene varias maneras de hacer esto. En este tutorial, le mostraremos varias formas [&hellip;]\" \/>\n<meta property=\"og:url\" content=\"https:\/\/exceladvisor.org\/es\/pegar-valores-sin-formatear\/\" \/>\n<meta property=\"og:site_name\" content=\"Excel Advisor\" \/>\n<meta property=\"article:modified_time\" content=\"2023-12-25T10:25:03+00:00\" \/>\n<meta property=\"og:image\" content=\"https:\/\/exceladvisor.org\/wp-content\/uploads\/2023\/08\/1-copier-et-coller-uniquement-les-valeurs.png\" \/>\n<meta name=\"twitter:card\" content=\"summary_large_image\" \/>\n<meta name=\"twitter:label1\" content=\"Tiempo de lectura\" \/>\n\t<meta name=\"twitter:data1\" content=\"4 minutos\" \/>\n<script type=\"application\/ld+json\" class=\"yoast-schema-graph\">{\"@context\":\"https:\/\/schema.org\",\"@graph\":[{\"@type\":\"WebPage\",\"@id\":\"https:\/\/exceladvisor.org\/es\/pegar-valores-sin-formatear\/\",\"url\":\"https:\/\/exceladvisor.org\/es\/pegar-valores-sin-formatear\/\",\"name\":\"\u00bfc\u00f3mo copiar y pegar valores sin formatear?\",\"isPartOf\":{\"@id\":\"https:\/\/exceladvisor.org\/es\/#website\"},\"primaryImageOfPage\":{\"@id\":\"https:\/\/exceladvisor.org\/es\/pegar-valores-sin-formatear\/#primaryimage\"},\"image\":{\"@id\":\"https:\/\/exceladvisor.org\/es\/pegar-valores-sin-formatear\/#primaryimage\"},\"thumbnailUrl\":\"https:\/\/exceladvisor.org\/wp-content\/uploads\/2023\/08\/1-copier-et-coller-uniquement-les-valeurs.png\",\"datePublished\":\"2023-11-13T21:20:58+00:00\",\"dateModified\":\"2023-12-25T10:25:03+00:00\",\"breadcrumb\":{\"@id\":\"https:\/\/exceladvisor.org\/es\/pegar-valores-sin-formatear\/#breadcrumb\"},\"inLanguage\":\"es\",\"potentialAction\":[{\"@type\":\"ReadAction\",\"target\":[\"https:\/\/exceladvisor.org\/es\/pegar-valores-sin-formatear\/\"]}]},{\"@type\":\"ImageObject\",\"inLanguage\":\"es\",\"@id\":\"https:\/\/exceladvisor.org\/es\/pegar-valores-sin-formatear\/#primaryimage\",\"url\":\"https:\/\/exceladvisor.org\/wp-content\/uploads\/2023\/08\/1-copier-et-coller-uniquement-les-valeurs.png\",\"contentUrl\":\"https:\/\/exceladvisor.org\/wp-content\/uploads\/2023\/08\/1-copier-et-coller-uniquement-les-valeurs.png\"},{\"@type\":\"BreadcrumbList\",\"@id\":\"https:\/\/exceladvisor.org\/es\/pegar-valores-sin-formatear\/#breadcrumb\",\"itemListElement\":[{\"@type\":\"ListItem\",\"position\":1,\"name\":\"Hogar\",\"item\":\"https:\/\/exceladvisor.org\/es\/\"},{\"@type\":\"ListItem\",\"position\":2,\"name\":\"\u00bfc\u00f3mo copiar y pegar valores sin formatear?\"}]},{\"@type\":\"WebSite\",\"@id\":\"https:\/\/exceladvisor.org\/es\/#website\",\"url\":\"https:\/\/exceladvisor.org\/es\/\",\"name\":\"Excel Advisor\",\"description\":\"Su gu\u00eda para la dominaci\u00f3n de datos!\",\"publisher\":{\"@id\":\"https:\/\/exceladvisor.org\/es\/#organization\"},\"potentialAction\":[{\"@type\":\"SearchAction\",\"target\":{\"@type\":\"EntryPoint\",\"urlTemplate\":\"https:\/\/exceladvisor.org\/es\/?s={search_term_string}\"},\"query-input\":{\"@type\":\"PropertyValueSpecification\",\"valueRequired\":true,\"valueName\":\"search_term_string\"}}],\"inLanguage\":\"es\"},{\"@type\":\"Organization\",\"@id\":\"https:\/\/exceladvisor.org\/es\/#organization\",\"name\":\"Excel Advisor\",\"url\":\"https:\/\/exceladvisor.org\/es\/\",\"logo\":{\"@type\":\"ImageObject\",\"inLanguage\":\"es\",\"@id\":\"https:\/\/exceladvisor.org\/es\/#\/schema\/logo\/image\/\",\"url\":\"https:\/\/exceladvisor.org\/es\/wp-content\/uploads\/2023\/12\/exceladvisor.org_.png\",\"contentUrl\":\"https:\/\/exceladvisor.org\/es\/wp-content\/uploads\/2023\/12\/exceladvisor.org_.png\",\"width\":105,\"height\":36,\"caption\":\"Excel Advisor\"},\"image\":{\"@id\":\"https:\/\/exceladvisor.org\/es\/#\/schema\/logo\/image\/\"}}]}<\/script>\n<!-- \/ Yoast SEO plugin. -->","yoast_head_json":{"title":"\u00bfc\u00f3mo copiar y pegar valores sin formatear?","robots":{"index":"index","follow":"follow","max-snippet":"max-snippet:-1","max-image-preview":"max-image-preview:large","max-video-preview":"max-video-preview:-1"},"canonical":"https:\/\/exceladvisor.org\/es\/pegar-valores-sin-formatear\/","og_locale":"es_ES","og_type":"article","og_title":"\u00bfc\u00f3mo copiar y pegar valores sin formatear?","og_description":"Como todos saben, copiar y pegar es algo com\u00fan que todo el mundo hace mientras trabaja con datos y, a veces, desea copiar y pegar datos que tienen formato aplicado, pero desea pegar los valores solo de ellos y para esto Excel tiene varias maneras de hacer esto. En este tutorial, le mostraremos varias formas [&hellip;]","og_url":"https:\/\/exceladvisor.org\/es\/pegar-valores-sin-formatear\/","og_site_name":"Excel Advisor","article_modified_time":"2023-12-25T10:25:03+00:00","og_image":[{"url":"https:\/\/exceladvisor.org\/wp-content\/uploads\/2023\/08\/1-copier-et-coller-uniquement-les-valeurs.png","type":"","width":"","height":""}],"twitter_card":"summary_large_image","twitter_misc":{"Tiempo de lectura":"4 minutos"},"schema":{"@context":"https:\/\/schema.org","@graph":[{"@type":"WebPage","@id":"https:\/\/exceladvisor.org\/es\/pegar-valores-sin-formatear\/","url":"https:\/\/exceladvisor.org\/es\/pegar-valores-sin-formatear\/","name":"\u00bfc\u00f3mo copiar y pegar valores sin formatear?","isPartOf":{"@id":"https:\/\/exceladvisor.org\/es\/#website"},"primaryImageOfPage":{"@id":"https:\/\/exceladvisor.org\/es\/pegar-valores-sin-formatear\/#primaryimage"},"image":{"@id":"https:\/\/exceladvisor.org\/es\/pegar-valores-sin-formatear\/#primaryimage"},"thumbnailUrl":"https:\/\/exceladvisor.org\/wp-content\/uploads\/2023\/08\/1-copier-et-coller-uniquement-les-valeurs.png","datePublished":"2023-11-13T21:20:58+00:00","dateModified":"2023-12-25T10:25:03+00:00","breadcrumb":{"@id":"https:\/\/exceladvisor.org\/es\/pegar-valores-sin-formatear\/#breadcrumb"},"inLanguage":"es","potentialAction":[{"@type":"ReadAction","target":["https:\/\/exceladvisor.org\/es\/pegar-valores-sin-formatear\/"]}]},{"@type":"ImageObject","inLanguage":"es","@id":"https:\/\/exceladvisor.org\/es\/pegar-valores-sin-formatear\/#primaryimage","url":"https:\/\/exceladvisor.org\/wp-content\/uploads\/2023\/08\/1-copier-et-coller-uniquement-les-valeurs.png","contentUrl":"https:\/\/exceladvisor.org\/wp-content\/uploads\/2023\/08\/1-copier-et-coller-uniquement-les-valeurs.png"},{"@type":"BreadcrumbList","@id":"https:\/\/exceladvisor.org\/es\/pegar-valores-sin-formatear\/#breadcrumb","itemListElement":[{"@type":"ListItem","position":1,"name":"Hogar","item":"https:\/\/exceladvisor.org\/es\/"},{"@type":"ListItem","position":2,"name":"\u00bfc\u00f3mo copiar y pegar valores sin formatear?"}]},{"@type":"WebSite","@id":"https:\/\/exceladvisor.org\/es\/#website","url":"https:\/\/exceladvisor.org\/es\/","name":"Excel Advisor","description":"Su gu\u00eda para la dominaci\u00f3n de datos!","publisher":{"@id":"https:\/\/exceladvisor.org\/es\/#organization"},"potentialAction":[{"@type":"SearchAction","target":{"@type":"EntryPoint","urlTemplate":"https:\/\/exceladvisor.org\/es\/?s={search_term_string}"},"query-input":{"@type":"PropertyValueSpecification","valueRequired":true,"valueName":"search_term_string"}}],"inLanguage":"es"},{"@type":"Organization","@id":"https:\/\/exceladvisor.org\/es\/#organization","name":"Excel Advisor","url":"https:\/\/exceladvisor.org\/es\/","logo":{"@type":"ImageObject","inLanguage":"es","@id":"https:\/\/exceladvisor.org\/es\/#\/schema\/logo\/image\/","url":"https:\/\/exceladvisor.org\/es\/wp-content\/uploads\/2023\/12\/exceladvisor.org_.png","contentUrl":"https:\/\/exceladvisor.org\/es\/wp-content\/uploads\/2023\/12\/exceladvisor.org_.png","width":105,"height":36,"caption":"Excel Advisor"},"image":{"@id":"https:\/\/exceladvisor.org\/es\/#\/schema\/logo\/image\/"}}]}},"yoast_meta":{"yoast_wpseo_title":"","yoast_wpseo_metadesc":"","yoast_wpseo_canonical":""},"_links":{"self":[{"href":"https:\/\/exceladvisor.org\/es\/wp-json\/wp\/v2\/pages\/175","targetHints":{"allow":["GET"]}}],"collection":[{"href":"https:\/\/exceladvisor.org\/es\/wp-json\/wp\/v2\/pages"}],"about":[{"href":"https:\/\/exceladvisor.org\/es\/wp-json\/wp\/v2\/types\/page"}],"author":[{"embeddable":true,"href":"https:\/\/exceladvisor.org\/es\/wp-json\/wp\/v2\/users\/1"}],"replies":[{"embeddable":true,"href":"https:\/\/exceladvisor.org\/es\/wp-json\/wp\/v2\/comments?post=175"}],"version-history":[{"count":1,"href":"https:\/\/exceladvisor.org\/es\/wp-json\/wp\/v2\/pages\/175\/revisions"}],"predecessor-version":[{"id":997,"href":"https:\/\/exceladvisor.org\/es\/wp-json\/wp\/v2\/pages\/175\/revisions\/997"}],"wp:attachment":[{"href":"https:\/\/exceladvisor.org\/es\/wp-json\/wp\/v2\/media?parent=175"}],"curies":[{"name":"wp","href":"https:\/\/api.w.org\/{rel}","templated":true}]}}