{"id":176,"date":"2023-11-13T20:26:28","date_gmt":"2023-11-13T20:26:28","guid":{"rendered":"https:\/\/exceladvisor.org\/es\/hoja-clara\/"},"modified":"2023-12-25T10:23:40","modified_gmt":"2023-12-25T10:23:40","slug":"hoja-clara","status":"publish","type":"page","link":"https:\/\/exceladvisor.org\/es\/hoja-clara\/","title":{"rendered":"\u00bfc\u00f3mo borrar una hoja entera usando vba?"},"content":{"rendered":"<div class=\"excel-antes-del-contenido\" id=\"excel-1529561768\"><script type=\"text\/javascript\">\r\n\tatOptions = {\r\n\t\t'key' : 'c1158f160081d6540a8409e6925dab94',\r\n\t\t'format' : 'iframe',\r\n\t\t'height' : 250,\r\n\t\t'width' : 300,\r\n\t\t'params' : {}\r\n\t};\r\n<\/script>\r\n<script type=\"text\/javascript\" src=\"\/\/www.highperformanceformat.com\/c1158f160081d6540a8409e6925dab94\/invoke.js\"><\/script><\/div><p>Para borrar una hoja completa usando c\u00f3digo VBA de una sola vez, necesita usar dos cosas, primero el m\u00e9todo CLEAR y luego CELLS para hacer referencia a todas las celdas de una hoja de trabajo.<\/p>\n<h2 class=\"wp-block-heading\"> Borrar hoja activa<\/h2>\n<p> Digamos que si desea borrar todo el contenido de la hoja de activaci\u00f3n, el c\u00f3digo ser\u00eda el siguiente.<\/p>\n<pre class=\"wp-block-code\"> <code class=\"language-visual-basic\" lang=\"visual-basic\">Cells.Clear<\/code><\/pre>\n<p> Cuando ejecute este c\u00f3digo, se borrar\u00e1 todo de todas las celdas de la hoja activa; como ya mencion\u00e9, usamos clear para referirnos a toda la hoja de trabajo y clear para borrarla.<\/p>\n<h2 class=\"wp-block-heading\"> Borrar una hoja espec\u00edfica<\/h2>\n<p> Hay una cosa que debe tener en cuenta: para borrar una hoja, esa hoja debe estar habilitada. Entonces digamos que desea borrar la \u00abHoja1\u00bb, el c\u00f3digo ser\u00eda como:<\/p>\n<pre class=\"wp-block-code\"> <code class=\"language-visual-basic\" lang=\"visual-basic\">Sheets(\"Sheet1\").Activate Cells.Clear<\/code><\/pre>\n<p> En este c\u00f3digo, la primera activa \u201cHoja1\u201d y la segunda l\u00ednea borra todo.<\/p>\n<h2 class=\"wp-block-heading\"> Otras cosas para aclarar<\/h2>\n<p> Tambi\u00e9n puede utilizar los m\u00e9todos siguientes para borrar diferentes cosas.<\/p>\n<pre class=\"wp-block-code\"> <code class=\"language-visual-basic\" lang=\"visual-basic\">Cells.ClearContents 'to clear contents Cells.ClearComments 'to clear Comments Cells.ClearFormats 'to clears formatting Cells.ClearHyperlinks 'to clear hyperlinks Cells.ClearNotes 'to clear notes Cells.ClearOutline 'to clears outline<\/code><\/pre>\n<h2 class=\"wp-block-heading\"> Eliminar una hoja de un libro de trabajo espec\u00edfico<\/h2>\n<p> El siguiente c\u00f3digo puede hacer referencia al libro de trabajo \u00abLibro1\u00bb y borrar la hoja \u00abHoja1\u00bb. Pero aseg\u00farese de que el libro est\u00e9 abierto al momento <a href=\"https:\/\/exceladvisor.org\/es\/ejecutar-una-macro-2\/\">de ejecutar este c\u00f3digo<\/a> .<\/p>\n<pre class=\"wp-block-code\"> <code class=\"language-visual-basic\" lang=\"visual-basic\">Workbooks(\"Book1\").Sheets(\"Sheet1\").Activate Cells.Clear<\/code><\/pre>\n<p> Este c\u00f3digo primero activa la \u201cHoja 1\u201d del libro y la borra.<\/p>\n<h2 class=\"wp-block-heading\"> Eliminar una hoja de un libro cerrado<\/h2>\n<p> Y en el c\u00f3digo siguiente, nos hemos referido a la \u00abHoja1\u00bb del \u00abarchivo de muestra\u00bb del libro de trabajo, almacenado en una ubicaci\u00f3n espec\u00edfica.<\/p>\n<pre class=\"wp-block-code\"> <code class=\"language-visual-basic\" lang=\"visual-basic\">Sub vba_clear_sheet() Dim wb As Workbook Application.ScreenUpdating = False Set wb = Workbooks.Open(\"C:\\Users\\Dell\\Desktop\\sample-file.xlsx\") wb.Sheets(\"Sheet1\").Activate Cells.Clear wb.Close SaveChanges:=True Application.ScreenUpdating = False End Sub<\/code><\/pre>\n<div class=\"gb-container gb-container-4db6181c gb-container-mt\"> <a class=\"gb-button gb-button-c5897111 gb-button-text gb-button-mt-button\" href=\"https:\/\/exceladvisor.org\/es\/vba\/\">\u00bfQu\u00e9 es VBA?<\/a><\/p>\n<h2 class=\"gb-headline gb-headline-665e5f6b gb-headline-text gb-headline-mt-heading\"> Tutoriales relacionados <\/h2>\n<div class=\"gb-grid-wrapper gb-grid-wrapper-a20baf7c gb-grid-wrapper-mt-grid\">\n<div class=\"gb-grid-column gb-grid-column-65ddf67e\">\n<div class=\"gb-container gb-container-65ddf67e\">\n<ul>\n<li> <a href=\"https:\/\/exceladvisor.org\/es\/copiar-hoja\/\">Copiar y mover una hoja en Excel usando VBA<\/a><\/li>\n<li> <a href=\"https:\/\/exceladvisor.org\/es\/contar-las-hojas\/\">CONTAR Hojas usando VBA en Excel<\/a><\/li>\n<li> <a href=\"https:\/\/exceladvisor.org\/es\/eliminar-una-hoja-1\/\">ELIMINAR una HOJA usando VBA en Excel<\/a><\/li>\n<li> <a href=\"https:\/\/exceladvisor.org\/es\/ocultar-hoja\/\">Ocultar y mostrar una hoja usando VBA en Excel<\/a><\/li>\n<li> <a href=\"https:\/\/exceladvisor.org\/es\/proteger-la-hoja\/\">PROTEGER y DESPROTEGER una hoja usando VBA en Excel<\/a><\/li>\n<li> <a href=\"https:\/\/exceladvisor.org\/es\/cambiar-el-nombre-de-la-hoja\/\">RENOMBRAR una hoja usando VBA en Excel<\/a> <\/li>\n<\/ul>\n<\/div>\n<\/div>\n<div class=\"gb-grid-column gb-grid-column-50067b57\">\n<div class=\"gb-container gb-container-50067b57\"><\/div>\n<\/div>\n<\/div>\n<\/div>\n","protected":false},"excerpt":{"rendered":"<p>Para borrar una hoja completa usando c\u00f3digo VBA de una sola vez, necesita usar dos cosas, primero el m\u00e9todo CLEAR y luego CELLS para hacer referencia a todas las celdas de una hoja de trabajo. Borrar hoja activa Digamos que si desea borrar todo el contenido de la hoja de activaci\u00f3n, el c\u00f3digo ser\u00eda el [&hellip;]<\/p>\n","protected":false},"author":1,"featured_media":0,"parent":0,"menu_order":0,"comment_status":"open","ping_status":"closed","template":"","meta":{"ub_ctt_via":"","footnotes":""},"class_list":["post-176","page","type-page","status-publish","hentry"],"featured_image_src":null,"yoast_head":"<!-- This site is optimized with the Yoast SEO plugin v25.4 - https:\/\/yoast.com\/wordpress\/plugins\/seo\/ -->\n<title>\u00bfc\u00f3mo borrar una hoja entera usando vba?<\/title>\n<meta name=\"robots\" content=\"index, follow, max-snippet:-1, max-image-preview:large, max-video-preview:-1\" \/>\n<link rel=\"canonical\" href=\"https:\/\/exceladvisor.org\/es\/hoja-clara\/\" \/>\n<meta property=\"og:locale\" content=\"es_ES\" \/>\n<meta property=\"og:type\" content=\"article\" \/>\n<meta property=\"og:title\" content=\"\u00bfc\u00f3mo borrar una hoja entera usando vba?\" \/>\n<meta property=\"og:description\" content=\"Para borrar una hoja completa usando c\u00f3digo VBA de una sola vez, necesita usar dos cosas, primero el m\u00e9todo CLEAR y luego CELLS para hacer referencia a todas las celdas de una hoja de trabajo. Borrar hoja activa Digamos que si desea borrar todo el contenido de la hoja de activaci\u00f3n, el c\u00f3digo ser\u00eda el [&hellip;]\" \/>\n<meta property=\"og:url\" content=\"https:\/\/exceladvisor.org\/es\/hoja-clara\/\" \/>\n<meta property=\"og:site_name\" content=\"Excel Advisor\" \/>\n<meta property=\"article:modified_time\" content=\"2023-12-25T10:23:40+00:00\" \/>\n<meta name=\"twitter:card\" content=\"summary_large_image\" \/>\n<meta name=\"twitter:label1\" content=\"Tiempo de lectura\" \/>\n\t<meta name=\"twitter:data1\" content=\"2 minutos\" \/>\n<script type=\"application\/ld+json\" class=\"yoast-schema-graph\">{\"@context\":\"https:\/\/schema.org\",\"@graph\":[{\"@type\":\"WebPage\",\"@id\":\"https:\/\/exceladvisor.org\/es\/hoja-clara\/\",\"url\":\"https:\/\/exceladvisor.org\/es\/hoja-clara\/\",\"name\":\"\u00bfc\u00f3mo borrar una hoja entera usando vba?\",\"isPartOf\":{\"@id\":\"https:\/\/exceladvisor.org\/es\/#website\"},\"datePublished\":\"2023-11-13T20:26:28+00:00\",\"dateModified\":\"2023-12-25T10:23:40+00:00\",\"breadcrumb\":{\"@id\":\"https:\/\/exceladvisor.org\/es\/hoja-clara\/#breadcrumb\"},\"inLanguage\":\"es\",\"potentialAction\":[{\"@type\":\"ReadAction\",\"target\":[\"https:\/\/exceladvisor.org\/es\/hoja-clara\/\"]}]},{\"@type\":\"BreadcrumbList\",\"@id\":\"https:\/\/exceladvisor.org\/es\/hoja-clara\/#breadcrumb\",\"itemListElement\":[{\"@type\":\"ListItem\",\"position\":1,\"name\":\"Hogar\",\"item\":\"https:\/\/exceladvisor.org\/es\/\"},{\"@type\":\"ListItem\",\"position\":2,\"name\":\"\u00bfc\u00f3mo borrar una hoja entera usando vba?\"}]},{\"@type\":\"WebSite\",\"@id\":\"https:\/\/exceladvisor.org\/es\/#website\",\"url\":\"https:\/\/exceladvisor.org\/es\/\",\"name\":\"Excel Advisor\",\"description\":\"Su gu\u00eda para la dominaci\u00f3n de datos!\",\"publisher\":{\"@id\":\"https:\/\/exceladvisor.org\/es\/#organization\"},\"potentialAction\":[{\"@type\":\"SearchAction\",\"target\":{\"@type\":\"EntryPoint\",\"urlTemplate\":\"https:\/\/exceladvisor.org\/es\/?s={search_term_string}\"},\"query-input\":{\"@type\":\"PropertyValueSpecification\",\"valueRequired\":true,\"valueName\":\"search_term_string\"}}],\"inLanguage\":\"es\"},{\"@type\":\"Organization\",\"@id\":\"https:\/\/exceladvisor.org\/es\/#organization\",\"name\":\"Excel Advisor\",\"url\":\"https:\/\/exceladvisor.org\/es\/\",\"logo\":{\"@type\":\"ImageObject\",\"inLanguage\":\"es\",\"@id\":\"https:\/\/exceladvisor.org\/es\/#\/schema\/logo\/image\/\",\"url\":\"https:\/\/exceladvisor.org\/es\/wp-content\/uploads\/2023\/12\/exceladvisor.org_.png\",\"contentUrl\":\"https:\/\/exceladvisor.org\/es\/wp-content\/uploads\/2023\/12\/exceladvisor.org_.png\",\"width\":105,\"height\":36,\"caption\":\"Excel Advisor\"},\"image\":{\"@id\":\"https:\/\/exceladvisor.org\/es\/#\/schema\/logo\/image\/\"}}]}<\/script>\n<!-- \/ Yoast SEO plugin. -->","yoast_head_json":{"title":"\u00bfc\u00f3mo borrar una hoja entera usando vba?","robots":{"index":"index","follow":"follow","max-snippet":"max-snippet:-1","max-image-preview":"max-image-preview:large","max-video-preview":"max-video-preview:-1"},"canonical":"https:\/\/exceladvisor.org\/es\/hoja-clara\/","og_locale":"es_ES","og_type":"article","og_title":"\u00bfc\u00f3mo borrar una hoja entera usando vba?","og_description":"Para borrar una hoja completa usando c\u00f3digo VBA de una sola vez, necesita usar dos cosas, primero el m\u00e9todo CLEAR y luego CELLS para hacer referencia a todas las celdas de una hoja de trabajo. Borrar hoja activa Digamos que si desea borrar todo el contenido de la hoja de activaci\u00f3n, el c\u00f3digo ser\u00eda el [&hellip;]","og_url":"https:\/\/exceladvisor.org\/es\/hoja-clara\/","og_site_name":"Excel Advisor","article_modified_time":"2023-12-25T10:23:40+00:00","twitter_card":"summary_large_image","twitter_misc":{"Tiempo de lectura":"2 minutos"},"schema":{"@context":"https:\/\/schema.org","@graph":[{"@type":"WebPage","@id":"https:\/\/exceladvisor.org\/es\/hoja-clara\/","url":"https:\/\/exceladvisor.org\/es\/hoja-clara\/","name":"\u00bfc\u00f3mo borrar una hoja entera usando vba?","isPartOf":{"@id":"https:\/\/exceladvisor.org\/es\/#website"},"datePublished":"2023-11-13T20:26:28+00:00","dateModified":"2023-12-25T10:23:40+00:00","breadcrumb":{"@id":"https:\/\/exceladvisor.org\/es\/hoja-clara\/#breadcrumb"},"inLanguage":"es","potentialAction":[{"@type":"ReadAction","target":["https:\/\/exceladvisor.org\/es\/hoja-clara\/"]}]},{"@type":"BreadcrumbList","@id":"https:\/\/exceladvisor.org\/es\/hoja-clara\/#breadcrumb","itemListElement":[{"@type":"ListItem","position":1,"name":"Hogar","item":"https:\/\/exceladvisor.org\/es\/"},{"@type":"ListItem","position":2,"name":"\u00bfc\u00f3mo borrar una hoja entera usando vba?"}]},{"@type":"WebSite","@id":"https:\/\/exceladvisor.org\/es\/#website","url":"https:\/\/exceladvisor.org\/es\/","name":"Excel Advisor","description":"Su gu\u00eda para la dominaci\u00f3n de datos!","publisher":{"@id":"https:\/\/exceladvisor.org\/es\/#organization"},"potentialAction":[{"@type":"SearchAction","target":{"@type":"EntryPoint","urlTemplate":"https:\/\/exceladvisor.org\/es\/?s={search_term_string}"},"query-input":{"@type":"PropertyValueSpecification","valueRequired":true,"valueName":"search_term_string"}}],"inLanguage":"es"},{"@type":"Organization","@id":"https:\/\/exceladvisor.org\/es\/#organization","name":"Excel Advisor","url":"https:\/\/exceladvisor.org\/es\/","logo":{"@type":"ImageObject","inLanguage":"es","@id":"https:\/\/exceladvisor.org\/es\/#\/schema\/logo\/image\/","url":"https:\/\/exceladvisor.org\/es\/wp-content\/uploads\/2023\/12\/exceladvisor.org_.png","contentUrl":"https:\/\/exceladvisor.org\/es\/wp-content\/uploads\/2023\/12\/exceladvisor.org_.png","width":105,"height":36,"caption":"Excel Advisor"},"image":{"@id":"https:\/\/exceladvisor.org\/es\/#\/schema\/logo\/image\/"}}]}},"yoast_meta":{"yoast_wpseo_title":"","yoast_wpseo_metadesc":"","yoast_wpseo_canonical":""},"_links":{"self":[{"href":"https:\/\/exceladvisor.org\/es\/wp-json\/wp\/v2\/pages\/176","targetHints":{"allow":["GET"]}}],"collection":[{"href":"https:\/\/exceladvisor.org\/es\/wp-json\/wp\/v2\/pages"}],"about":[{"href":"https:\/\/exceladvisor.org\/es\/wp-json\/wp\/v2\/types\/page"}],"author":[{"embeddable":true,"href":"https:\/\/exceladvisor.org\/es\/wp-json\/wp\/v2\/users\/1"}],"replies":[{"embeddable":true,"href":"https:\/\/exceladvisor.org\/es\/wp-json\/wp\/v2\/comments?post=176"}],"version-history":[{"count":1,"href":"https:\/\/exceladvisor.org\/es\/wp-json\/wp\/v2\/pages\/176\/revisions"}],"predecessor-version":[{"id":863,"href":"https:\/\/exceladvisor.org\/es\/wp-json\/wp\/v2\/pages\/176\/revisions\/863"}],"wp:attachment":[{"href":"https:\/\/exceladvisor.org\/es\/wp-json\/wp\/v2\/media?parent=176"}],"curies":[{"name":"wp","href":"https:\/\/api.w.org\/{rel}","templated":true}]}}