{"id":177,"date":"2023-11-13T18:23:16","date_gmt":"2023-11-13T18:23:16","guid":{"rendered":"https:\/\/exceladvisor.org\/es\/condicion-en-producto-suma\/"},"modified":"2023-12-25T10:31:47","modified_gmt":"2023-12-25T10:31:47","slug":"condicion-en-producto-suma","status":"publish","type":"page","link":"https:\/\/exceladvisor.org\/es\/condicion-en-producto-suma\/","title":{"rendered":"\u00bfc\u00f3mo utilizar sumproducto si en excel?"},"content":{"rendered":"<div class=\"excel-antes-del-contenido\" id=\"excel-3948557536\"><script type=\"text\/javascript\">\r\n\tatOptions = {\r\n\t\t'key' : 'c1158f160081d6540a8409e6925dab94',\r\n\t\t'format' : 'iframe',\r\n\t\t'height' : 250,\r\n\t\t'width' : 300,\r\n\t\t'params' : {}\r\n\t};\r\n<\/script>\r\n<script type=\"text\/javascript\" src=\"\/\/www.highperformanceformat.com\/c1158f160081d6540a8409e6925dab94\/invoke.js\"><\/script><\/div><p>SUMAPRODUCTO es una de <a style=\"outline: none; display: inline-block;\" href=\"https:\/\/exceladvisor.org\/es\/funciones-de-excel\/\">las funciones m\u00e1s importantes de Excel<\/a> . Lo mejor de esto es que puedes modificarlo de varias maneras.<\/p>\n<p> Y uno de sus poderes que descubr\u00ed recientemente es: \u00daselo como <strong>SUMAPRODUCTO SI<\/strong> En definitiva, SUMAPRODUCTO condicional.<\/p>\n<p> Bueno, como sabes, puedes usar SUMPRODUCT para multiplicar y sumar rangos o matrices espec\u00edficos. Con un SUMPRODUCTO condicional, puedes multiplicar y sumar los rangos que cumplen los criterios.<\/p>\n<p> S\u00ed, escuchaste bien. \u00bfY sabes lo mejor? No es necesario utilizar la funci\u00f3n SI para esto. \u00bfNo es genial?<\/p>\n<p> \u00bfS\u00ed?<\/p>\n<p> Por eso, hoy en este art\u00edculo me gustar\u00eda compartir con ustedes un problema y una manera f\u00e1cil de usar SUMPRODUCTIVE para resolverlo.<\/p>\n<p> Ven conmigo para aprender una de las f\u00f3rmulas de Excel m\u00e1s sorprendentes y aseg\u00farate de <a href=\"https:\/\/exceladvisor.org\/wp-content\/uploads\/2023\/08\/somme-des-donnees-brutes.xlsx\" rel=\"nofollow\">descargar archivos de muestra.<\/a><\/p>\n<h2 id=\"h-how-i-got-to-know-about-this-conditional-sumproduct\" class=\"wp-block-heading\"> C\u00f3mo aprend\u00ed sobre este SUMPRODUCTO condicional<\/h2>\n<p> Empecemos por el principio.<\/p>\n<p> Ayer recib\u00ed un correo electr\u00f3nico de uno de mis suscriptores. Quer\u00eda crear una declaraci\u00f3n condicional con SUMPRODUCT e IF para obtener datos de una tabla.<\/p>\n<p> Aqu\u00ed est\u00e1 el correo que recib\u00ed:<\/p>\n<blockquote class=\"wp-block-quote\">\n<p> Hola Puneet, necesito tu ayuda. \u00bfHay alguna manera de combinar SUMPRODUCT IF? Tengo datos en una tabla y quiero obtener el producto de dos columnas que cumplan los criterios. Por favor, ay\u00fadame.<\/p>\n<\/blockquote>\n<p> Con el correo recib\u00ed de ella un archivo Excel con los siguientes componentes. Puede <a href=\"https:\/\/exceladvisor.org\/wp-content\/uploads\/2023\/08\/somme-des-donnees-brutes.xlsx\" rel=\"nofollow\">descargar este archivo desde aqu\u00ed<\/a> para seguirlo. <\/p>\n<div class=\"wp-block-image\">\n<figure class=\"aligncenter size-full\"><img loading=\"lazy\" decoding=\"async\" class=\"wp-image-17568\" src=\"https:\/\/exceladvisor.org\/wp-content\/uploads\/2023\/08\/table-de-donnees-brutes-pour-appliquer-sumproduct-si-1.png\" sizes=\"auto, \" srcset=\"\" alt=\"tabla de datos sin procesar para aplicar sumaproducto si\" width=\"584\" height=\"437\"><\/figure>\n<\/div>\n<ol>\n<li> <strong><span style=\"color: #000000;\">Datos de stock:<\/span><\/strong> esta tabla contiene datos de stock almacenados en diferentes tiendas de su empresa. Contiene el nombre del producto, unidades en stock y peso unitario.<\/li>\n<li> <strong><span style=\"color: #000000;\">Lista desplegable<\/span> :<\/strong> un men\u00fa desplegable para seleccionar un producto.<\/li>\n<\/ol>\n<p> De esta tabla, quer\u00eda obtener la cantidad total de un producto (unidades * peso por unidad) seleccionando el men\u00fa desplegable. Por ejemplo, si selecciona \u00abVerduras\u00bb, la cantidad total en la celda debe ser el total multiplicando las unidades por la cantidad por unidad.<\/p>\n<p> Tenga en cuenta que el nombre del producto es un requisito aqu\u00ed. <\/p>\n<div class=\"wp-block-image\">\n<figure class=\"aligncenter\"><img decoding=\"async\" src=\"https:\/\/exceladvisor.org\/wp-content\/uploads\/2023\/08\/tableau-de-donnees-de-la-fonction-de-somme-conditionnelle-pour-selectionner-les-impulsions-1.png\" sizes=\"\" srcset=\"\" alt=\"tabla de datos de la funci\u00f3n de suma condicional para seleccionar pulsos\"><\/figure>\n<\/div>\n<h2 id=\"h-solution-with-sumproduct-if\" class=\"wp-block-heading\"> Soluci\u00f3n con SUMPRODUCTO SI<\/h2>\n<p> En ese momento estaba seguro de una cosa para obtener la suma del producto de matrices o rangos que podemos usar SUMPRODUCT.<\/p>\n<p> Pero aqu\u00ed el juego consist\u00eda en obtener la suma multiplicando el total de unidades y la cantidad por unidad s\u00f3lo para las celdas que cumpl\u00edan los criterios.<\/p>\n<p> Y la f\u00f3rmula que podemos usar: <\/p>\n<pre class=\"wp-block-code\"> <code class=\"language-excel-formula\" lang=\"excel-formula\">=SUMPRODUCT(--(C7:C19=C2),E7:E19,F7:F19)<\/code><\/pre>\n<p class=\"has-text-align-center\"><img loading=\"lazy\" decoding=\"async\" src=\"https:\/\/exceladvisor.org\/wp-content\/uploads\/2023\/08\/Solution-avec-Sumproduct-If-Statement.gif\" sizes=\"auto, \" srcset=\"\" alt=\"Soluci\u00f3n con declaraci\u00f3n Sumproduct If\" width=\"588\" height=\"488\" data-id=\"7191\"><\/p>\n<p> Ahora, cuando selecciona una entrada de la lista desplegable, esta f\u00f3rmula solo devolver\u00e1 el producto para las celdas que cumplan con los criterios.<\/p>\n<p> <strong><span style=\"color: #ff0000;\">Oye, espera un minuto:<\/span><\/strong> al igual que esta f\u00f3rmula, he enumerado algunas f\u00f3rmulas m\u00e1s inteligentes que pueden sorprenderte.<\/p>\n<ul>\n<li> <a href=\"https:\/\/exceladvisor.org\/es\/clasificacion-condicional-clasificacion-sumaproducto-si\/\">Clasificaci\u00f3n condicional en Excel usando la funci\u00f3n SUMAPRODUCTO<\/a><\/li>\n<li> <a href=\"https:\/\/exceladvisor.org\/es\/maximo-si\/\">C\u00f3mo utilizar la f\u00f3rmula MAX SI en Excel<\/a><\/li>\n<li> <a href=\"https:\/\/exceladvisor.org\/es\/conteos-contables-o-logicos\/\">C\u00f3mo usar la l\u00f3gica OR en CONTAR.SI\/CONTAR.SI en Excel<\/a><\/li>\n<li> <a href=\"https:\/\/exceladvisor.org\/es\/sumif-sumifs-o-logica\/\">C\u00f3mo usar SUMIF\/SUMIFS con l\u00f3gica OR en Excel<\/a><\/li>\n<\/ul>\n<h2 id=\"h-how-it-works\" class=\"wp-block-heading\"> C\u00f3mo funciona<\/h2>\n<p> Como ya sabes, SUMPRODUCT puede trabajar con tablas. Entonces, en el m\u00e9todo anterior, hemos utilizado tres matrices para obtener el producto de los valores. <\/p>\n<div class=\"wp-block-image\">\n<figure class=\"aligncenter\"><img decoding=\"async\" src=\"https:\/\/exceladvisor.org\/wp-content\/uploads\/2023\/08\/trois-tableaux-pour-sumproduct-conditionnel-1.png\" sizes=\"\" srcset=\"\" alt=\"tres matrices para suma condicional\"><\/figure>\n<\/div>\n<p> La f\u00f3rmula funciona de la siguiente manera.<\/p>\n<h3 id=\"h-1-creating-a-condition\" class=\"wp-block-heading\"> 1. Crea una condici\u00f3n<\/h3>\n<p> <b>En primer lugar<\/b> , tenemos una tabla para comprobar el estado del nombre del producto. Verificar\u00e1 los valores de la columna del producto y devolver\u00e1 VERDADERO para los valores coincidentes y FALSO para los dem\u00e1s. <\/p>\n<div class=\"wp-block-image\">\n<figure class=\"aligncenter\"><img decoding=\"async\" src=\"https:\/\/exceladvisor.org\/wp-content\/uploads\/2023\/08\/Fonctionnement-de-linstruction-SUMPRODUCT-IF.png\" sizes=\"\" srcset=\"\" alt=\"C\u00f3mo funciona la declaraci\u00f3n SUMPRODUCT IF\"><\/figure>\n<\/div>\n<h3 id=\"h-2-using-double-minus-sign\" class=\"wp-block-heading\"> 2. Utilice el doble signo menos<\/h3>\n<p> Ahora lo siguiente es convertir los valores VERDADERO-FALSO a 0-1 para que podamos utilizarlos en el c\u00e1lculo. Y para ello utilizamos el <a href=\"http:\/\/www.listendata.com\/2012\/10\/why-two-minus-signs-in-excel-formula.html\" target=\"_blank\" rel=\"noopener noreferrer\">doble signo menos<\/a> delante de la primera tabla. <\/p>\n<div class=\"wp-block-image\">\n<figure class=\"aligncenter\"><img decoding=\"async\" src=\"https:\/\/exceladvisor.org\/wp-content\/uploads\/2023\/08\/Utiliser-Double-Minus-Sigh-avec-linstruction-SUMPRODUCT-IF.png\" sizes=\"\" srcset=\"\" alt=\"use doble suspiro menos con sumaproducto si declaraci\u00f3n\"><\/figure>\n<\/div>\n<h3 id=\"h-3-multiplying-arrays\" class=\"wp-block-heading\"> 3. Tablas de multiplicar<\/h3>\n<p> Despu\u00e9s de convertir VERDADERO-FALSO a 0-1, la tabla se ver\u00e1 as\u00ed. Aqu\u00ed todos los valores donde no se cumplen los criterios, tenemos ceros. <\/p>\n<div class=\"wp-block-image\">\n<figure class=\"aligncenter\"><img decoding=\"async\" src=\"https:\/\/exceladvisor.org\/wp-content\/uploads\/2023\/08\/tableau-fonctionnant-pour-utiliser-la-condition-dans-sumproduct-1.png\" sizes=\"\" srcset=\"\" alt=\"matriz trabajando para usar la condici\u00f3n en sumaproducto\"><\/figure>\n<\/div>\n<p> Recuerda, cuando algo se multiplica por cero, vuelve a cero. De esta manera obtenemos el producto solo para las celdas donde tenemos 1. En definitiva, donde se cumple la condici\u00f3n. <\/p>\n<div class=\"gb-container gb-container-bafb25cc gb-container-download-2\">\n<div class=\"gb-grid-wrapper gb-grid-wrapper-91201309\">\n<div class=\"gb-grid-column gb-grid-column-15a917ef\">\n<div class=\"gb-container gb-container-15a917ef\">\n<h2 class=\"gb-headline gb-headline-f2deb261 gb-headline-text gb-headline-download-2\"> Obtener el archivo Excel <\/h2>\n<\/div>\n<\/div>\n<div class=\"gb-grid-column gb-grid-column-18357188\">\n<div class=\"gb-container gb-container-18357188\">\n<div class=\"gb-container gb-container-76cbe15e\"> <a class=\"gb-button gb-button-cb63d00a gb-button-text gb-button-download-2\" href=\"https:\/\/exceladvisor.org\/wp-content\/uploads\/2023\/08\/produit-somme-conditionnelle.xlsx\" rel=\"nofollow\">Descargar<\/a><\/div>\n<\/div>\n<\/div>\n<\/div>\n<\/div>\n<h2 id=\"h-conclusion\" class=\"wp-block-heading\"> Conclusi\u00f3n<\/h2>\n<p> La mejor parte de usar este SUMPRODUCTO condicional es que no necesita usar IF y todo el c\u00e1lculo est\u00e1 en una sola celda. Como dije, SUMPRODUCT es una de <a href=\"https:\/\/exceladvisor.org\/es\/funciones-de-excel\/\">las funciones m\u00e1s poderosas<\/a> y es lo mejor que puedes hacer con sus poderes.<\/p>\n<p> Ahora dime una cosa.<\/p>\n<p> <em>\u00bfAlguna vez has intentado usar una condici\u00f3n en SUMPRODUCT?<\/em><\/p>\n<p> Por favor comparta sus puntos de vista conmigo en la secci\u00f3n de comentarios. Me encantar\u00eda saber de ti y no olvides compartirlo con tus amigos, estoy seguro de que lo agradecer\u00e1n.<\/p>\n<div class=\"gb-container gb-container-0df56012 gb-container-mt\"> <a class=\"gb-button gb-button-f9f432f4 gb-button-text gb-button-mt-button\" href=\"https:\/\/exceladvisor.org\/es\/formulas\/\">Lista de f\u00f3rmulas de Excel<\/a><\/p>\n<h2 class=\"gb-headline gb-headline-233444e8 gb-headline-text gb-headline-mt-heading\"> F\u00f3rmulas relacionadas <\/h2>\n<div class=\"gb-grid-wrapper gb-grid-wrapper-a16fa65c gb-grid-wrapper-mt-grid\">\n<div class=\"gb-grid-column gb-grid-column-50d07e0d\">\n<div class=\"gb-container gb-container-50d07e0d\">\n<ul>\n<li> <a href=\"https:\/\/exceladvisor.org\/es\/comparar-dos-celdas\/\">Compara dos celdas en Excel<\/a><\/li>\n<li> <a href=\"https:\/\/exceladvisor.org\/es\/clasificacion-condicional-clasificacion-sumaproducto-si\/\">Clasificaci\u00f3n condicional en Excel usando la funci\u00f3n SUMPRODUCT [RANKIF]<\/a> <\/li>\n<\/ul>\n<\/div>\n<\/div>\n<div class=\"gb-grid-column gb-grid-column-5b4a0cf9\">\n<div class=\"gb-container gb-container-5b4a0cf9\"><\/div>\n<\/div>\n<\/div>\n<\/div>\n","protected":false},"excerpt":{"rendered":"<p>SUMAPRODUCTO es una de las funciones m\u00e1s importantes de Excel . Lo mejor de esto es que puedes modificarlo de varias maneras. Y uno de sus poderes que descubr\u00ed recientemente es: \u00daselo como SUMAPRODUCTO SI En definitiva, SUMAPRODUCTO condicional. Bueno, como sabes, puedes usar SUMPRODUCT para multiplicar y sumar rangos o matrices espec\u00edficos. Con un [&hellip;]<\/p>\n","protected":false},"author":1,"featured_media":0,"parent":0,"menu_order":0,"comment_status":"open","ping_status":"closed","template":"","meta":{"ub_ctt_via":"","footnotes":""},"class_list":["post-177","page","type-page","status-publish","hentry"],"featured_image_src":null,"yoast_head":"<!-- This site is optimized with the Yoast SEO plugin v25.4 - https:\/\/yoast.com\/wordpress\/plugins\/seo\/ -->\n<title>\u00bfc\u00f3mo utilizar sumproducto si en excel?<\/title>\n<meta name=\"robots\" content=\"index, follow, max-snippet:-1, max-image-preview:large, max-video-preview:-1\" \/>\n<link rel=\"canonical\" href=\"https:\/\/exceladvisor.org\/es\/condicion-en-producto-suma\/\" \/>\n<meta property=\"og:locale\" content=\"es_ES\" \/>\n<meta property=\"og:type\" content=\"article\" \/>\n<meta property=\"og:title\" content=\"\u00bfc\u00f3mo utilizar sumproducto si en excel?\" \/>\n<meta property=\"og:description\" content=\"SUMAPRODUCTO es una de las funciones m\u00e1s importantes de Excel . Lo mejor de esto es que puedes modificarlo de varias maneras. Y uno de sus poderes que descubr\u00ed recientemente es: \u00daselo como SUMAPRODUCTO SI En definitiva, SUMAPRODUCTO condicional. Bueno, como sabes, puedes usar SUMPRODUCT para multiplicar y sumar rangos o matrices espec\u00edficos. Con un [&hellip;]\" \/>\n<meta property=\"og:url\" content=\"https:\/\/exceladvisor.org\/es\/condicion-en-producto-suma\/\" \/>\n<meta property=\"og:site_name\" content=\"Excel Advisor\" \/>\n<meta property=\"article:modified_time\" content=\"2023-12-25T10:31:47+00:00\" \/>\n<meta property=\"og:image\" content=\"https:\/\/exceladvisor.org\/wp-content\/uploads\/2023\/08\/table-de-donnees-brutes-pour-appliquer-sumproduct-si-1.png\" \/>\n<meta name=\"twitter:card\" content=\"summary_large_image\" \/>\n<meta name=\"twitter:label1\" content=\"Tiempo de lectura\" \/>\n\t<meta name=\"twitter:data1\" content=\"4 minutos\" \/>\n<script type=\"application\/ld+json\" class=\"yoast-schema-graph\">{\"@context\":\"https:\/\/schema.org\",\"@graph\":[{\"@type\":\"WebPage\",\"@id\":\"https:\/\/exceladvisor.org\/es\/condicion-en-producto-suma\/\",\"url\":\"https:\/\/exceladvisor.org\/es\/condicion-en-producto-suma\/\",\"name\":\"\u00bfc\u00f3mo utilizar sumproducto si en excel?\",\"isPartOf\":{\"@id\":\"https:\/\/exceladvisor.org\/es\/#website\"},\"primaryImageOfPage\":{\"@id\":\"https:\/\/exceladvisor.org\/es\/condicion-en-producto-suma\/#primaryimage\"},\"image\":{\"@id\":\"https:\/\/exceladvisor.org\/es\/condicion-en-producto-suma\/#primaryimage\"},\"thumbnailUrl\":\"https:\/\/exceladvisor.org\/wp-content\/uploads\/2023\/08\/table-de-donnees-brutes-pour-appliquer-sumproduct-si-1.png\",\"datePublished\":\"2023-11-13T18:23:16+00:00\",\"dateModified\":\"2023-12-25T10:31:47+00:00\",\"breadcrumb\":{\"@id\":\"https:\/\/exceladvisor.org\/es\/condicion-en-producto-suma\/#breadcrumb\"},\"inLanguage\":\"es\",\"potentialAction\":[{\"@type\":\"ReadAction\",\"target\":[\"https:\/\/exceladvisor.org\/es\/condicion-en-producto-suma\/\"]}]},{\"@type\":\"ImageObject\",\"inLanguage\":\"es\",\"@id\":\"https:\/\/exceladvisor.org\/es\/condicion-en-producto-suma\/#primaryimage\",\"url\":\"https:\/\/exceladvisor.org\/wp-content\/uploads\/2023\/08\/table-de-donnees-brutes-pour-appliquer-sumproduct-si-1.png\",\"contentUrl\":\"https:\/\/exceladvisor.org\/wp-content\/uploads\/2023\/08\/table-de-donnees-brutes-pour-appliquer-sumproduct-si-1.png\"},{\"@type\":\"BreadcrumbList\",\"@id\":\"https:\/\/exceladvisor.org\/es\/condicion-en-producto-suma\/#breadcrumb\",\"itemListElement\":[{\"@type\":\"ListItem\",\"position\":1,\"name\":\"Hogar\",\"item\":\"https:\/\/exceladvisor.org\/es\/\"},{\"@type\":\"ListItem\",\"position\":2,\"name\":\"\u00bfc\u00f3mo utilizar sumproducto si en excel?\"}]},{\"@type\":\"WebSite\",\"@id\":\"https:\/\/exceladvisor.org\/es\/#website\",\"url\":\"https:\/\/exceladvisor.org\/es\/\",\"name\":\"Excel Advisor\",\"description\":\"Su gu\u00eda para la dominaci\u00f3n de datos!\",\"publisher\":{\"@id\":\"https:\/\/exceladvisor.org\/es\/#organization\"},\"potentialAction\":[{\"@type\":\"SearchAction\",\"target\":{\"@type\":\"EntryPoint\",\"urlTemplate\":\"https:\/\/exceladvisor.org\/es\/?s={search_term_string}\"},\"query-input\":{\"@type\":\"PropertyValueSpecification\",\"valueRequired\":true,\"valueName\":\"search_term_string\"}}],\"inLanguage\":\"es\"},{\"@type\":\"Organization\",\"@id\":\"https:\/\/exceladvisor.org\/es\/#organization\",\"name\":\"Excel Advisor\",\"url\":\"https:\/\/exceladvisor.org\/es\/\",\"logo\":{\"@type\":\"ImageObject\",\"inLanguage\":\"es\",\"@id\":\"https:\/\/exceladvisor.org\/es\/#\/schema\/logo\/image\/\",\"url\":\"https:\/\/exceladvisor.org\/es\/wp-content\/uploads\/2023\/12\/exceladvisor.org_.png\",\"contentUrl\":\"https:\/\/exceladvisor.org\/es\/wp-content\/uploads\/2023\/12\/exceladvisor.org_.png\",\"width\":105,\"height\":36,\"caption\":\"Excel Advisor\"},\"image\":{\"@id\":\"https:\/\/exceladvisor.org\/es\/#\/schema\/logo\/image\/\"}}]}<\/script>\n<!-- \/ Yoast SEO plugin. -->","yoast_head_json":{"title":"\u00bfc\u00f3mo utilizar sumproducto si en excel?","robots":{"index":"index","follow":"follow","max-snippet":"max-snippet:-1","max-image-preview":"max-image-preview:large","max-video-preview":"max-video-preview:-1"},"canonical":"https:\/\/exceladvisor.org\/es\/condicion-en-producto-suma\/","og_locale":"es_ES","og_type":"article","og_title":"\u00bfc\u00f3mo utilizar sumproducto si en excel?","og_description":"SUMAPRODUCTO es una de las funciones m\u00e1s importantes de Excel . Lo mejor de esto es que puedes modificarlo de varias maneras. Y uno de sus poderes que descubr\u00ed recientemente es: \u00daselo como SUMAPRODUCTO SI En definitiva, SUMAPRODUCTO condicional. Bueno, como sabes, puedes usar SUMPRODUCT para multiplicar y sumar rangos o matrices espec\u00edficos. Con un [&hellip;]","og_url":"https:\/\/exceladvisor.org\/es\/condicion-en-producto-suma\/","og_site_name":"Excel Advisor","article_modified_time":"2023-12-25T10:31:47+00:00","og_image":[{"url":"https:\/\/exceladvisor.org\/wp-content\/uploads\/2023\/08\/table-de-donnees-brutes-pour-appliquer-sumproduct-si-1.png","type":"","width":"","height":""}],"twitter_card":"summary_large_image","twitter_misc":{"Tiempo de lectura":"4 minutos"},"schema":{"@context":"https:\/\/schema.org","@graph":[{"@type":"WebPage","@id":"https:\/\/exceladvisor.org\/es\/condicion-en-producto-suma\/","url":"https:\/\/exceladvisor.org\/es\/condicion-en-producto-suma\/","name":"\u00bfc\u00f3mo utilizar sumproducto si en excel?","isPartOf":{"@id":"https:\/\/exceladvisor.org\/es\/#website"},"primaryImageOfPage":{"@id":"https:\/\/exceladvisor.org\/es\/condicion-en-producto-suma\/#primaryimage"},"image":{"@id":"https:\/\/exceladvisor.org\/es\/condicion-en-producto-suma\/#primaryimage"},"thumbnailUrl":"https:\/\/exceladvisor.org\/wp-content\/uploads\/2023\/08\/table-de-donnees-brutes-pour-appliquer-sumproduct-si-1.png","datePublished":"2023-11-13T18:23:16+00:00","dateModified":"2023-12-25T10:31:47+00:00","breadcrumb":{"@id":"https:\/\/exceladvisor.org\/es\/condicion-en-producto-suma\/#breadcrumb"},"inLanguage":"es","potentialAction":[{"@type":"ReadAction","target":["https:\/\/exceladvisor.org\/es\/condicion-en-producto-suma\/"]}]},{"@type":"ImageObject","inLanguage":"es","@id":"https:\/\/exceladvisor.org\/es\/condicion-en-producto-suma\/#primaryimage","url":"https:\/\/exceladvisor.org\/wp-content\/uploads\/2023\/08\/table-de-donnees-brutes-pour-appliquer-sumproduct-si-1.png","contentUrl":"https:\/\/exceladvisor.org\/wp-content\/uploads\/2023\/08\/table-de-donnees-brutes-pour-appliquer-sumproduct-si-1.png"},{"@type":"BreadcrumbList","@id":"https:\/\/exceladvisor.org\/es\/condicion-en-producto-suma\/#breadcrumb","itemListElement":[{"@type":"ListItem","position":1,"name":"Hogar","item":"https:\/\/exceladvisor.org\/es\/"},{"@type":"ListItem","position":2,"name":"\u00bfc\u00f3mo utilizar sumproducto si en excel?"}]},{"@type":"WebSite","@id":"https:\/\/exceladvisor.org\/es\/#website","url":"https:\/\/exceladvisor.org\/es\/","name":"Excel Advisor","description":"Su gu\u00eda para la dominaci\u00f3n de datos!","publisher":{"@id":"https:\/\/exceladvisor.org\/es\/#organization"},"potentialAction":[{"@type":"SearchAction","target":{"@type":"EntryPoint","urlTemplate":"https:\/\/exceladvisor.org\/es\/?s={search_term_string}"},"query-input":{"@type":"PropertyValueSpecification","valueRequired":true,"valueName":"search_term_string"}}],"inLanguage":"es"},{"@type":"Organization","@id":"https:\/\/exceladvisor.org\/es\/#organization","name":"Excel Advisor","url":"https:\/\/exceladvisor.org\/es\/","logo":{"@type":"ImageObject","inLanguage":"es","@id":"https:\/\/exceladvisor.org\/es\/#\/schema\/logo\/image\/","url":"https:\/\/exceladvisor.org\/es\/wp-content\/uploads\/2023\/12\/exceladvisor.org_.png","contentUrl":"https:\/\/exceladvisor.org\/es\/wp-content\/uploads\/2023\/12\/exceladvisor.org_.png","width":105,"height":36,"caption":"Excel Advisor"},"image":{"@id":"https:\/\/exceladvisor.org\/es\/#\/schema\/logo\/image\/"}}]}},"yoast_meta":{"yoast_wpseo_title":"","yoast_wpseo_metadesc":"","yoast_wpseo_canonical":""},"_links":{"self":[{"href":"https:\/\/exceladvisor.org\/es\/wp-json\/wp\/v2\/pages\/177","targetHints":{"allow":["GET"]}}],"collection":[{"href":"https:\/\/exceladvisor.org\/es\/wp-json\/wp\/v2\/pages"}],"about":[{"href":"https:\/\/exceladvisor.org\/es\/wp-json\/wp\/v2\/types\/page"}],"author":[{"embeddable":true,"href":"https:\/\/exceladvisor.org\/es\/wp-json\/wp\/v2\/users\/1"}],"replies":[{"embeddable":true,"href":"https:\/\/exceladvisor.org\/es\/wp-json\/wp\/v2\/comments?post=177"}],"version-history":[{"count":1,"href":"https:\/\/exceladvisor.org\/es\/wp-json\/wp\/v2\/pages\/177\/revisions"}],"predecessor-version":[{"id":1381,"href":"https:\/\/exceladvisor.org\/es\/wp-json\/wp\/v2\/pages\/177\/revisions\/1381"}],"wp:attachment":[{"href":"https:\/\/exceladvisor.org\/es\/wp-json\/wp\/v2\/media?parent=177"}],"curies":[{"name":"wp","href":"https:\/\/api.w.org\/{rel}","templated":true}]}}