{"id":178,"date":"2023-11-13T18:13:54","date_gmt":"2023-11-13T18:13:54","guid":{"rendered":"https:\/\/exceladvisor.org\/es\/peso-promedio\/"},"modified":"2023-12-25T10:23:49","modified_gmt":"2023-12-25T10:23:49","slug":"peso-promedio","status":"publish","type":"page","link":"https:\/\/exceladvisor.org\/es\/peso-promedio\/","title":{"rendered":"\u00bfc\u00f3mo calcular el promedio ponderado en excel?"},"content":{"rendered":"<div class=\"excel-antes-del-contenido\" id=\"excel-2709888246\"><script type=\"text\/javascript\">\r\n\tatOptions = {\r\n\t\t'key' : 'c1158f160081d6540a8409e6925dab94',\r\n\t\t'format' : 'iframe',\r\n\t\t'height' : 250,\r\n\t\t'width' : 300,\r\n\t\t'params' : {}\r\n\t};\r\n<\/script>\r\n<script type=\"text\/javascript\" src=\"\/\/www.highperformanceformat.com\/c1158f160081d6540a8409e6925dab94\/invoke.js\"><\/script><\/div><p class=\"has-text-align-left\">Un promedio es la mejor manera de obtener una descripci\u00f3n general de los datos. Pero a veces el promedio da un valor sesgado. En estas situaciones [cada vez], la mejor manera es calcular el promedio ponderado.<\/p>\n<p> Y descubr\u00ed que la mejor manera es usar una f\u00f3rmula combinando las funciones SUMAPRODUCTO y SUMA.<\/p>\n<p> Este m\u00e9todo es simple y f\u00e1cil de aplicar. Entonces, hoy en este art\u00edculo, me gustar\u00eda compartir con ustedes c\u00f3mo calcular el promedio ponderado en Excel usando SUMPRODUCT y SUM.<\/p>\n<h2 id=\"tab-con-1\" class=\"wp-block-heading\"> Diferencia entre promedio normal y ponderado<\/h2>\n<p> En el siguiente ejemplo, tenemos 1658 como promedio normal y 1445 como promedio ponderado. Perm\u00edtanme aclarar esta diferencia en dos puntos. <\/p>\n<div class=\"wp-block-image\">\n<figure class=\"aligncenter\"><img decoding=\"async\" src=\"https:\/\/exceladvisor.org\/wp-content\/uploads\/2023\/08\/different-entre-la-moyenne-ponderee-normale-et-comment-calculer-la-moyenne-ponderee-dans-Excel-avec-sumproduct.png\" sizes=\"\" srcset=\"\" alt=\"diferencia entre el promedio ponderado normal y c\u00f3mo calcular el promedio ponderado en Excel con sumaproducto\"><\/figure>\n<\/div>\n<ul>\n<li> <strong>Primero:<\/strong> si multiplicas 1658 (promedio) por 68 (cantidad), obtendr\u00e1s 112742, que no es igual a la cantidad total. Pero si multiplicas 1445 (promedio ponderado) por 68 (cantidad), obtendr\u00e1s 98289, que equivale a la cantidad total.<\/li>\n<li> <strong>Segundo:<\/strong> el producto 1 tiene el precio m\u00e1s bajo y la cantidad m\u00e1s alta, mientras que el producto 4 tiene el precio m\u00e1s alto y la cantidad m\u00e1s baja.<\/li>\n<\/ul>\n<p> Al calcular el promedio normal no se tiene en cuenta la cantidad y si hay un cambio en la cantidad no habr\u00e1 ning\u00fan efecto en el precio promedio. Y, en promedio ponderado, puedes tomar la cantidad como peso.<\/p>\n<h2 id=\"tab-con-2\" class=\"wp-block-heading\"> Paso para calcular el promedio ponderado en Excel<\/h2>\n<p> Para calcular el promedio ponderado, utilizamos la misma tabla de datos que les mostr\u00e9 en el ejemplo anterior. <\/p>\n<div class=\"gb-container gb-container-bafb25cc gb-container-download-2\">\n<div class=\"gb-grid-wrapper gb-grid-wrapper-91201309\">\n<div class=\"gb-grid-column gb-grid-column-15a917ef\">\n<div class=\"gb-container gb-container-15a917ef\">\n<h2 class=\"gb-headline gb-headline-f2deb261 gb-headline-text gb-headline-download-2\"> Obtener el archivo Excel <\/h2>\n<\/div>\n<\/div>\n<div class=\"gb-grid-column gb-grid-column-18357188\">\n<div class=\"gb-container gb-container-18357188\">\n<div class=\"gb-container gb-container-76cbe15e\"> <a class=\"gb-button gb-button-cb63d00a gb-button-text gb-button-download-2\" href=\"https:\/\/exceladvisor.org\/wp-content\/uploads\/2023\/11\/donnees-pour-calculer-la-moyenne-mobile-avec-sumproduct.xlsx\" rel=\"nofollow\">Descargar<\/a> <\/div>\n<\/div>\n<\/div>\n<\/div>\n<\/div>\n<div class=\"wp-block-image\">\n<figure class=\"aligncenter\"><img decoding=\"async\" src=\"https:\/\/exceladvisor.org\/wp-content\/uploads\/2023\/08\/table-de-donnees-a-utiliser-pour-calculer-la-moyenne-ponderee-dans-excel-avec-la-formule-sumproduct.png\" sizes=\"\" srcset=\"\" alt=\"diferencia entre el promedio ponderado normal y c\u00f3mo calcular el promedio ponderado en Excel con sumaproducto\"><\/figure>\n<\/div>\n<p> Ahora sigue estos dos sencillos pasos.<\/p>\n<ul>\n<li> En la celda C7, ingrese la siguiente f\u00f3rmula: =SUMPRODUCTO(B2:B6,C2:C6)\/SUM(B2:B6). <\/li>\n<\/ul>\n<div class=\"wp-block-image\">\n<figure class=\"aligncenter\"><img decoding=\"async\" src=\"https:\/\/exceladvisor.org\/wp-content\/uploads\/2023\/08\/entrer-des-formules-dans-le-tableau-de-donnees-a-utiliser-pour-calculer-la-moyenne-ponderee-dans-Excel-avec-sumproduct.png\" sizes=\"\" srcset=\"\" alt=\"ingrese f\u00f3rmulas en la tabla de datos para usarlas para calcular el promedio ponderado en Excel con producto suma\"><\/figure>\n<\/div>\n<ul>\n<li> Haga clic en Aceptar. <\/li>\n<\/ul>\n<div class=\"wp-block-image\">\n<figure class=\"aligncenter\"><img decoding=\"async\" src=\"https:\/\/exceladvisor.org\/wp-content\/uploads\/2023\/08\/cliquez-sur-ok-dans-le-tableau-de-donnees-a-utiliser-pour-calculer-la-moyenne-ponderee-dans-Excel-avec-sumproduct.png\" sizes=\"\" srcset=\"\" alt=\"haga clic en Aceptar en la tabla de datos para usarla para calcular el promedio ponderado en Excel con sumaproducto\"><\/figure>\n<\/div>\n<p> Ahora tienes 1445 como promedio ponderado de precio y producto. Como dije, SUMPRODUCT es una forma sencilla de calcular el promedio ponderado o promedio ponderado en Excel. La mejor parte de SUMPRODUCT es que puede multiplicar y sumar una matriz en una sola celda.<\/p>\n<pre class=\"wp-block-code\"> <code class=\"language-excel-formula\" lang=\"excel-formula\">=SUMPRODUCT(B2:B6,C2:C6)\/SUM(C2:C6)<\/code><\/pre>\n<h3 id=\"tab-con-3\" class=\"wp-block-heading\"> C\u00f3mo funciona esto<\/h3>\n<p> Necesitamos desglosar esta f\u00f3rmula para entenderla. <\/p>\n<div class=\"wp-block-image\">\n<figure class=\"aligncenter\"><img decoding=\"async\" src=\"https:\/\/exceladvisor.org\/wp-content\/uploads\/2023\/08\/les-formules-se-decomposent-pour-calculer-la-moyenne-ponderee-dans-Excel-avec-sumproduct.png\" sizes=\"\" srcset=\"\" alt=\"las f\u00f3rmulas se descomponen para calcular el promedio ponderado en Excel con sumaproducto\"><\/figure>\n<\/div>\n<p> Primero, SUMPRODUCT calcular\u00e1 el producto de precio y cantidad para todos los productos y devolver\u00e1 la suma de todos ellos. Despu\u00e9s de eso, algunas funciones te dar\u00e1n la suma de la cantidad. Y al final obtendr\u00e1s el promedio ponderado dividiendo los valores de ambas funciones.<\/p>\n<p> Mira esto: <a href=\"https:\/\/exceladvisor.org\/es\/condicion-en-producto-suma\/\"><strong>SUMPRODUCTIVO<\/strong><\/a><\/p>\n<h2 id=\"tab-con-4\" class=\"wp-block-heading\"> Calcular la media m\u00f3vil ponderada<\/h2>\n<p> Vayamos un poco m\u00e1s all\u00e1. Pasemos a la parte de an\u00e1lisis de datos. Usando la misma f\u00f3rmula, tambi\u00e9n puedes calcular la media m\u00f3vil ponderada. <\/p>\n<div class=\"gb-container gb-container-d0894b79 gb-container-download-2\">\n<div class=\"gb-grid-wrapper gb-grid-wrapper-fb05a72a\">\n<div class=\"gb-grid-column gb-grid-column-977d91db\">\n<div class=\"gb-container gb-container-977d91db\">\n<h2 class=\"gb-headline gb-headline-21846cd9 gb-headline-text gb-headline-download-2\"> Obtener el archivo Excel <\/h2>\n<\/div>\n<\/div>\n<div class=\"gb-grid-column gb-grid-column-098be44d\">\n<div class=\"gb-container gb-container-098be44d\">\n<div class=\"gb-container gb-container-1d96da0a\"> <a class=\"gb-button gb-button-e86530c2 gb-button-text gb-button-download-2\" href=\"https:\/\/exceladvisor.org\/wp-content\/uploads\/2023\/11\/donnees-pour-calculer-la-moyenne-mobile-avec-sumproduct.xlsx\" rel=\"nofollow\">Descargar<\/a> <\/div>\n<\/div>\n<\/div>\n<\/div>\n<\/div>\n<div class=\"wp-block-image\">\n<figure class=\"aligncenter\"><img decoding=\"async\" src=\"https:\/\/exceladvisor.org\/wp-content\/uploads\/2023\/08\/avec-moyenne-mobile-calculer-la-moyenne-ponderee-avec-sumproduct-1.png\" sizes=\"\" srcset=\"\" alt=\"con promedio m\u00f3vil calcular el promedio ponderado en excel con sumaproducto\"><\/figure>\n<\/div>\n<p> Aqu\u00ed est\u00e1n los pasos:<\/p>\n<ul>\n<li> Ingrese la siguiente f\u00f3rmula en la celda D4 y arr\u00e1strela hasta el final. =SUMPRODUCTO(B2:B4,C2:C4)\/SUM(C2:C4) <\/li>\n<\/ul>\n<div class=\"wp-block-image\">\n<figure class=\"aligncenter\"><img decoding=\"async\" src=\"https:\/\/exceladvisor.org\/wp-content\/uploads\/2023\/08\/ajouter-des-formules-pour-calculer-la-moyenne-mobile-et-calculer-la-moyenne-ponderee-avec-sumproduct-1.png\" sizes=\"\" srcset=\"\" alt=\"agregue f\u00f3rmulas para calcular el promedio m\u00f3vil y calcular el promedio ponderado en Excel con sumaproducto\"><\/figure>\n<\/div>\n<ul>\n<li> Una vez que arrastre esta f\u00f3rmula, calcular\u00e1 el promedio m\u00f3vil basado en 3 meses para cada mes.<\/li>\n<\/ul>\n<h3 id=\"tab-con-3\" class=\"wp-block-heading\"> C\u00f3mo funciona esto<\/h3>\n<p> Si revisa la instant\u00e1nea de arriba en la celda D4, tendr\u00e1 el promedio m\u00f3vil de enero, febrero y marzo. Y, en la celda D5, tienes la media m\u00f3vil de febrero, marzo y abril.<\/p>\n<p> Entonces, cada vez que pase a un nuevo mes, obtendr\u00e1 el promedio m\u00f3vil, incluido el mes actual y los dos \u00faltimos meses. Simplemente haga que las referencias de sus celdas sean relativas cuando arrastre su f\u00f3rmula. <\/p>\n<div class=\"gb-container gb-container-3c0c09cb gb-container-download-2\">\n<div class=\"gb-grid-wrapper gb-grid-wrapper-2ce0b1ad\">\n<div class=\"gb-grid-column gb-grid-column-03e068ab\">\n<div class=\"gb-container gb-container-03e068ab\">\n<h2 class=\"gb-headline gb-headline-9978411b gb-headline-text gb-headline-download-2\"> Obtener el archivo Excel <\/h2>\n<\/div>\n<\/div>\n<div class=\"gb-grid-column gb-grid-column-3f9fba78\">\n<div class=\"gb-container gb-container-3f9fba78\">\n<div class=\"gb-container gb-container-ee718499\"> <a class=\"gb-button gb-button-94105543 gb-button-text gb-button-download-2\" href=\"https:\/\/exceladvisor.org\/wp-content\/uploads\/2023\/11\/moyenne-ponderee-avec-somme-du-produit.xlsx\" rel=\"nofollow\">Descargar<\/a><\/div>\n<\/div>\n<\/div>\n<\/div>\n<\/div>\n<div class=\"gb-container gb-container-0df56012 gb-container-mt\"> <a class=\"gb-button gb-button-f9f432f4 gb-button-text gb-button-mt-button\" href=\"https:\/\/exceladvisor.org\/es\/formulas\/\">Lista de f\u00f3rmulas de Excel<\/a><\/p>\n<h2 class=\"gb-headline gb-headline-233444e8 gb-headline-text gb-headline-mt-heading\"> F\u00f3rmulas relacionadas <\/h2>\n<div class=\"gb-grid-wrapper gb-grid-wrapper-a16fa65c gb-grid-wrapper-mt-grid\">\n<div class=\"gb-grid-column gb-grid-column-50d07e0d\">\n<div class=\"gb-container gb-container-50d07e0d\">\n<ul>\n<li> <a href=\"https:\/\/exceladvisor.org\/es\/valores-maximos-promedio\/\">Promedio de los 5 valores m\u00e1s altos en Excel<\/a><\/li>\n<li> <a href=\"https:\/\/exceladvisor.org\/es\/errores-promedio-ignorados-2\/\">Promedio pero ignorar errores (#N\/A y otros errores)<\/a><\/li>\n<li> <a href=\"https:\/\/exceladvisor.org\/es\/el-promedio-excluye-ceros-2\/\">N\u00famero promedio pero excluye ceros<\/a><\/li>\n<li> <a href=\"https:\/\/exceladvisor.org\/es\/promedio-de-celdas-no-vacias-2\/\">Promedio solo de celdas que no est\u00e1n en blanco<\/a><\/li>\n<li> <a href=\"https:\/\/exceladvisor.org\/es\/porcentaje-promedio-2\/\">Calcular el promedio de valores porcentuales.<\/a> <\/li>\n<\/ul>\n<\/div>\n<\/div>\n<div class=\"gb-grid-column gb-grid-column-5b4a0cf9\">\n<div class=\"gb-container gb-container-5b4a0cf9\"><\/div>\n<\/div>\n<\/div>\n<\/div>\n","protected":false},"excerpt":{"rendered":"<p>Un promedio es la mejor manera de obtener una descripci\u00f3n general de los datos. Pero a veces el promedio da un valor sesgado. En estas situaciones [cada vez], la mejor manera es calcular el promedio ponderado. Y descubr\u00ed que la mejor manera es usar una f\u00f3rmula combinando las funciones SUMAPRODUCTO y SUMA. Este m\u00e9todo es [&hellip;]<\/p>\n","protected":false},"author":1,"featured_media":0,"parent":0,"menu_order":0,"comment_status":"open","ping_status":"closed","template":"","meta":{"ub_ctt_via":"","footnotes":""},"class_list":["post-178","page","type-page","status-publish","hentry"],"featured_image_src":null,"yoast_head":"<!-- This site is optimized with the Yoast SEO plugin v25.4 - https:\/\/yoast.com\/wordpress\/plugins\/seo\/ -->\n<title>\u00bfc\u00f3mo calcular el promedio ponderado en excel?<\/title>\n<meta name=\"robots\" content=\"index, follow, max-snippet:-1, max-image-preview:large, max-video-preview:-1\" \/>\n<link rel=\"canonical\" href=\"https:\/\/exceladvisor.org\/es\/peso-promedio\/\" \/>\n<meta property=\"og:locale\" content=\"es_ES\" \/>\n<meta property=\"og:type\" content=\"article\" \/>\n<meta property=\"og:title\" content=\"\u00bfc\u00f3mo calcular el promedio ponderado en excel?\" \/>\n<meta property=\"og:description\" content=\"Un promedio es la mejor manera de obtener una descripci\u00f3n general de los datos. Pero a veces el promedio da un valor sesgado. En estas situaciones [cada vez], la mejor manera es calcular el promedio ponderado. Y descubr\u00ed que la mejor manera es usar una f\u00f3rmula combinando las funciones SUMAPRODUCTO y SUMA. Este m\u00e9todo es [&hellip;]\" \/>\n<meta property=\"og:url\" content=\"https:\/\/exceladvisor.org\/es\/peso-promedio\/\" \/>\n<meta property=\"og:site_name\" content=\"Excel Advisor\" \/>\n<meta property=\"article:modified_time\" content=\"2023-12-25T10:23:49+00:00\" \/>\n<meta property=\"og:image\" content=\"https:\/\/exceladvisor.org\/wp-content\/uploads\/2023\/08\/different-entre-la-moyenne-ponderee-normale-et-comment-calculer-la-moyenne-ponderee-dans-Excel-avec-sumproduct.png\" \/>\n<meta name=\"twitter:card\" content=\"summary_large_image\" \/>\n<meta name=\"twitter:label1\" content=\"Tiempo de lectura\" \/>\n\t<meta name=\"twitter:data1\" content=\"3 minutos\" \/>\n<script type=\"application\/ld+json\" class=\"yoast-schema-graph\">{\"@context\":\"https:\/\/schema.org\",\"@graph\":[{\"@type\":\"WebPage\",\"@id\":\"https:\/\/exceladvisor.org\/es\/peso-promedio\/\",\"url\":\"https:\/\/exceladvisor.org\/es\/peso-promedio\/\",\"name\":\"\u00bfc\u00f3mo calcular el promedio ponderado en excel?\",\"isPartOf\":{\"@id\":\"https:\/\/exceladvisor.org\/es\/#website\"},\"primaryImageOfPage\":{\"@id\":\"https:\/\/exceladvisor.org\/es\/peso-promedio\/#primaryimage\"},\"image\":{\"@id\":\"https:\/\/exceladvisor.org\/es\/peso-promedio\/#primaryimage\"},\"thumbnailUrl\":\"https:\/\/exceladvisor.org\/wp-content\/uploads\/2023\/08\/different-entre-la-moyenne-ponderee-normale-et-comment-calculer-la-moyenne-ponderee-dans-Excel-avec-sumproduct.png\",\"datePublished\":\"2023-11-13T18:13:54+00:00\",\"dateModified\":\"2023-12-25T10:23:49+00:00\",\"breadcrumb\":{\"@id\":\"https:\/\/exceladvisor.org\/es\/peso-promedio\/#breadcrumb\"},\"inLanguage\":\"es\",\"potentialAction\":[{\"@type\":\"ReadAction\",\"target\":[\"https:\/\/exceladvisor.org\/es\/peso-promedio\/\"]}]},{\"@type\":\"ImageObject\",\"inLanguage\":\"es\",\"@id\":\"https:\/\/exceladvisor.org\/es\/peso-promedio\/#primaryimage\",\"url\":\"https:\/\/exceladvisor.org\/wp-content\/uploads\/2023\/08\/different-entre-la-moyenne-ponderee-normale-et-comment-calculer-la-moyenne-ponderee-dans-Excel-avec-sumproduct.png\",\"contentUrl\":\"https:\/\/exceladvisor.org\/wp-content\/uploads\/2023\/08\/different-entre-la-moyenne-ponderee-normale-et-comment-calculer-la-moyenne-ponderee-dans-Excel-avec-sumproduct.png\"},{\"@type\":\"BreadcrumbList\",\"@id\":\"https:\/\/exceladvisor.org\/es\/peso-promedio\/#breadcrumb\",\"itemListElement\":[{\"@type\":\"ListItem\",\"position\":1,\"name\":\"Hogar\",\"item\":\"https:\/\/exceladvisor.org\/es\/\"},{\"@type\":\"ListItem\",\"position\":2,\"name\":\"\u00bfc\u00f3mo calcular el promedio ponderado en excel?\"}]},{\"@type\":\"WebSite\",\"@id\":\"https:\/\/exceladvisor.org\/es\/#website\",\"url\":\"https:\/\/exceladvisor.org\/es\/\",\"name\":\"Excel Advisor\",\"description\":\"Su gu\u00eda para la dominaci\u00f3n de datos!\",\"publisher\":{\"@id\":\"https:\/\/exceladvisor.org\/es\/#organization\"},\"potentialAction\":[{\"@type\":\"SearchAction\",\"target\":{\"@type\":\"EntryPoint\",\"urlTemplate\":\"https:\/\/exceladvisor.org\/es\/?s={search_term_string}\"},\"query-input\":{\"@type\":\"PropertyValueSpecification\",\"valueRequired\":true,\"valueName\":\"search_term_string\"}}],\"inLanguage\":\"es\"},{\"@type\":\"Organization\",\"@id\":\"https:\/\/exceladvisor.org\/es\/#organization\",\"name\":\"Excel Advisor\",\"url\":\"https:\/\/exceladvisor.org\/es\/\",\"logo\":{\"@type\":\"ImageObject\",\"inLanguage\":\"es\",\"@id\":\"https:\/\/exceladvisor.org\/es\/#\/schema\/logo\/image\/\",\"url\":\"https:\/\/exceladvisor.org\/es\/wp-content\/uploads\/2023\/12\/exceladvisor.org_.png\",\"contentUrl\":\"https:\/\/exceladvisor.org\/es\/wp-content\/uploads\/2023\/12\/exceladvisor.org_.png\",\"width\":105,\"height\":36,\"caption\":\"Excel Advisor\"},\"image\":{\"@id\":\"https:\/\/exceladvisor.org\/es\/#\/schema\/logo\/image\/\"}}]}<\/script>\n<!-- \/ Yoast SEO plugin. -->","yoast_head_json":{"title":"\u00bfc\u00f3mo calcular el promedio ponderado en excel?","robots":{"index":"index","follow":"follow","max-snippet":"max-snippet:-1","max-image-preview":"max-image-preview:large","max-video-preview":"max-video-preview:-1"},"canonical":"https:\/\/exceladvisor.org\/es\/peso-promedio\/","og_locale":"es_ES","og_type":"article","og_title":"\u00bfc\u00f3mo calcular el promedio ponderado en excel?","og_description":"Un promedio es la mejor manera de obtener una descripci\u00f3n general de los datos. Pero a veces el promedio da un valor sesgado. En estas situaciones [cada vez], la mejor manera es calcular el promedio ponderado. Y descubr\u00ed que la mejor manera es usar una f\u00f3rmula combinando las funciones SUMAPRODUCTO y SUMA. Este m\u00e9todo es [&hellip;]","og_url":"https:\/\/exceladvisor.org\/es\/peso-promedio\/","og_site_name":"Excel Advisor","article_modified_time":"2023-12-25T10:23:49+00:00","og_image":[{"url":"https:\/\/exceladvisor.org\/wp-content\/uploads\/2023\/08\/different-entre-la-moyenne-ponderee-normale-et-comment-calculer-la-moyenne-ponderee-dans-Excel-avec-sumproduct.png","type":"","width":"","height":""}],"twitter_card":"summary_large_image","twitter_misc":{"Tiempo de lectura":"3 minutos"},"schema":{"@context":"https:\/\/schema.org","@graph":[{"@type":"WebPage","@id":"https:\/\/exceladvisor.org\/es\/peso-promedio\/","url":"https:\/\/exceladvisor.org\/es\/peso-promedio\/","name":"\u00bfc\u00f3mo calcular el promedio ponderado en excel?","isPartOf":{"@id":"https:\/\/exceladvisor.org\/es\/#website"},"primaryImageOfPage":{"@id":"https:\/\/exceladvisor.org\/es\/peso-promedio\/#primaryimage"},"image":{"@id":"https:\/\/exceladvisor.org\/es\/peso-promedio\/#primaryimage"},"thumbnailUrl":"https:\/\/exceladvisor.org\/wp-content\/uploads\/2023\/08\/different-entre-la-moyenne-ponderee-normale-et-comment-calculer-la-moyenne-ponderee-dans-Excel-avec-sumproduct.png","datePublished":"2023-11-13T18:13:54+00:00","dateModified":"2023-12-25T10:23:49+00:00","breadcrumb":{"@id":"https:\/\/exceladvisor.org\/es\/peso-promedio\/#breadcrumb"},"inLanguage":"es","potentialAction":[{"@type":"ReadAction","target":["https:\/\/exceladvisor.org\/es\/peso-promedio\/"]}]},{"@type":"ImageObject","inLanguage":"es","@id":"https:\/\/exceladvisor.org\/es\/peso-promedio\/#primaryimage","url":"https:\/\/exceladvisor.org\/wp-content\/uploads\/2023\/08\/different-entre-la-moyenne-ponderee-normale-et-comment-calculer-la-moyenne-ponderee-dans-Excel-avec-sumproduct.png","contentUrl":"https:\/\/exceladvisor.org\/wp-content\/uploads\/2023\/08\/different-entre-la-moyenne-ponderee-normale-et-comment-calculer-la-moyenne-ponderee-dans-Excel-avec-sumproduct.png"},{"@type":"BreadcrumbList","@id":"https:\/\/exceladvisor.org\/es\/peso-promedio\/#breadcrumb","itemListElement":[{"@type":"ListItem","position":1,"name":"Hogar","item":"https:\/\/exceladvisor.org\/es\/"},{"@type":"ListItem","position":2,"name":"\u00bfc\u00f3mo calcular el promedio ponderado en excel?"}]},{"@type":"WebSite","@id":"https:\/\/exceladvisor.org\/es\/#website","url":"https:\/\/exceladvisor.org\/es\/","name":"Excel Advisor","description":"Su gu\u00eda para la dominaci\u00f3n de datos!","publisher":{"@id":"https:\/\/exceladvisor.org\/es\/#organization"},"potentialAction":[{"@type":"SearchAction","target":{"@type":"EntryPoint","urlTemplate":"https:\/\/exceladvisor.org\/es\/?s={search_term_string}"},"query-input":{"@type":"PropertyValueSpecification","valueRequired":true,"valueName":"search_term_string"}}],"inLanguage":"es"},{"@type":"Organization","@id":"https:\/\/exceladvisor.org\/es\/#organization","name":"Excel Advisor","url":"https:\/\/exceladvisor.org\/es\/","logo":{"@type":"ImageObject","inLanguage":"es","@id":"https:\/\/exceladvisor.org\/es\/#\/schema\/logo\/image\/","url":"https:\/\/exceladvisor.org\/es\/wp-content\/uploads\/2023\/12\/exceladvisor.org_.png","contentUrl":"https:\/\/exceladvisor.org\/es\/wp-content\/uploads\/2023\/12\/exceladvisor.org_.png","width":105,"height":36,"caption":"Excel Advisor"},"image":{"@id":"https:\/\/exceladvisor.org\/es\/#\/schema\/logo\/image\/"}}]}},"yoast_meta":{"yoast_wpseo_title":"","yoast_wpseo_metadesc":"","yoast_wpseo_canonical":""},"_links":{"self":[{"href":"https:\/\/exceladvisor.org\/es\/wp-json\/wp\/v2\/pages\/178","targetHints":{"allow":["GET"]}}],"collection":[{"href":"https:\/\/exceladvisor.org\/es\/wp-json\/wp\/v2\/pages"}],"about":[{"href":"https:\/\/exceladvisor.org\/es\/wp-json\/wp\/v2\/types\/page"}],"author":[{"embeddable":true,"href":"https:\/\/exceladvisor.org\/es\/wp-json\/wp\/v2\/users\/1"}],"replies":[{"embeddable":true,"href":"https:\/\/exceladvisor.org\/es\/wp-json\/wp\/v2\/comments?post=178"}],"version-history":[{"count":1,"href":"https:\/\/exceladvisor.org\/es\/wp-json\/wp\/v2\/pages\/178\/revisions"}],"predecessor-version":[{"id":876,"href":"https:\/\/exceladvisor.org\/es\/wp-json\/wp\/v2\/pages\/178\/revisions\/876"}],"wp:attachment":[{"href":"https:\/\/exceladvisor.org\/es\/wp-json\/wp\/v2\/media?parent=178"}],"curies":[{"name":"wp","href":"https:\/\/api.w.org\/{rel}","templated":true}]}}