{"id":180,"date":"2023-11-13T16:36:39","date_gmt":"2023-11-13T16:36:39","guid":{"rendered":"https:\/\/exceladvisor.org\/es\/vista-detras-de-escena\/"},"modified":"2023-12-25T10:22:37","modified_gmt":"2023-12-25T10:22:37","slug":"vista-detras-de-escena","status":"publish","type":"page","link":"https:\/\/exceladvisor.org\/es\/vista-detras-de-escena\/","title":{"rendered":"\u00bfc\u00f3mo abrir la vista backstage en excel?"},"content":{"rendered":"<div class=\"excel-antes-del-contenido\" id=\"excel-255757939\"><script type=\"text\/javascript\">\r\n\tatOptions = {\r\n\t\t'key' : 'c1158f160081d6540a8409e6925dab94',\r\n\t\t'format' : 'iframe',\r\n\t\t'height' : 250,\r\n\t\t'width' : 300,\r\n\t\t'params' : {}\r\n\t};\r\n<\/script>\r\n<script type=\"text\/javascript\" src=\"\/\/www.highperformanceformat.com\/c1158f160081d6540a8409e6925dab94\/invoke.js\"><\/script><\/div><p>Cuando abre Excel, le muestra una ventana de apertura llamada vista Backstage. Esta es la primera vista que obtiene cuando abre Excel. <\/p>\n<div class=\"wp-block-image\">\n<figure class=\"aligncenter size-full is-resized\"><img loading=\"lazy\" decoding=\"async\" class=\"wp-image-88721\" src=\"https:\/\/exceladvisor.org\/wp-content\/uploads\/2023\/08\/1-fenetre-ouvrante-en-coulisses.png\" sizes=\"auto, \" srcset=\"\" alt=\"ventana-apertura-entre bastidores\" width=\"750\" height=\"394\"><\/figure>\n<\/div>\n<p> Puedes ver en la captura de pantalla anterior que esta ventana tiene la opci\u00f3n de comenzar a trabajar en Excel. Pero se llama modo backstage porque comienza en la parte posterior cuando est\u00e1s trabajando en Excel. Y para abrirlo mientras trabaja, debe hacer clic en la pesta\u00f1a Archivo de su ventana de Excel. <\/p>\n<div class=\"wp-block-image\">\n<figure class=\"aligncenter size-full is-resized\"><img loading=\"lazy\" decoding=\"async\" class=\"wp-image-88722\" src=\"https:\/\/exceladvisor.org\/wp-content\/uploads\/2023\/08\/2-aller-a-longlet-fichier-2.png\" sizes=\"auto, \" srcset=\"\" alt=\"ir a la pesta\u00f1a de archivo\" width=\"455\" height=\"299\"><\/figure>\n<\/div>\n<p> En pocas palabras, esta vista de Excel permanece en la parte posterior y debe acceder a ella desde la pesta\u00f1a Archivo. Tambi\u00e9n obtienes una mirada detr\u00e1s de escena de Excel en Mac cuando lo abres. <\/p>\n<div class=\"wp-block-image\">\n<figure class=\"aligncenter size-full is-resized\"><img loading=\"lazy\" decoding=\"async\" class=\"alignnone size-full wp-image-13614\" src=\"https:\/\/exceladvisor.org\/wp-content\/uploads\/2023\/11\/vue-dexcel-a-larrieres.png\" alt=\"vista trasera de excel\" width=\"750\" height=\"470\" srcset=\"https:\/\/exceladvisor.org\/wp-content\/uploads\/2023\/11\/vue-dexcel-a-larrieres.png 750w, https:\/\/exceladvisor.org\/wp-content\/uploads\/2023\/11\/vue-dexcel-a-larrieres-300x188.png 300w\" sizes=\"auto, (max-width: 750px) 100vw, 750px\"><\/figure>\n<\/div>\n<p> Y si quieres volver a abrirlo, tienes que ir a Archivo Nuevo. <\/p>\n<div class=\"wp-block-image\">\n<figure class=\"aligncenter size-full is-resized\"><img loading=\"lazy\" decoding=\"async\" class=\"wp-image-88724\" src=\"https:\/\/exceladvisor.org\/wp-content\/uploads\/2023\/08\/4-aller-au-fichier-nouveau.png\" sizes=\"auto, \" srcset=\"\" alt=\"ir al archivo nuevo\" width=\"592\" height=\"264\"><\/figure>\n<\/div>\n<h2 class=\"wp-block-heading\"> Atajos de teclado<\/h2>\n<p> Si est\u00e1 trabajando en Excel y desea abrir la vista detr\u00e1s del escenario, puede usar el m\u00e9todo abreviado de teclado:<\/p>\n<p> <kbd>Alt<\/kbd> + <kbd>F<\/kbd><\/p>\n<h2 class=\"wp-block-heading\"> Opci\u00f3n disponible en la vista Backstage<\/h2>\n<p> Hay algunas opciones esenciales disponibles en \u00e9l:<\/p>\n<ul>\n<li> Nuevo: para crear un nuevo libro de trabajo.<\/li>\n<li> Abrir: para abrir un libro ya guardado.<\/li>\n<li> M\u00e1s: para abrir opciones de Excel e informaci\u00f3n de la cuenta. <\/li>\n<\/ul>\n<div class=\"wp-block-image\">\n<figure class=\"aligncenter size-full is-resized\"><img loading=\"lazy\" decoding=\"async\" class=\"wp-image-88725\" src=\"https:\/\/exceladvisor.org\/wp-content\/uploads\/2023\/08\/5-options-disponibles-en-vue-backstage.png\" sizes=\"auto, \" srcset=\"\" alt=\"opciones-disponibles-en-vista-backstage\" width=\"154\" height=\"505\"><\/figure>\n<\/div>\n<p> La opci\u00f3n anterior permanecer\u00e1 incluso si no ha abierto un libro. Pero una vez que abra el libro, tendr\u00e1 m\u00e1s opciones. <\/p>\n<div class=\"wp-block-image\">\n<figure class=\"aligncenter size-full is-resized\"><img loading=\"lazy\" decoding=\"async\" class=\"wp-image-88726\" src=\"https:\/\/exceladvisor.org\/wp-content\/uploads\/2023\/08\/6-options-supplementaires-a-louverture-dExcel.png\" sizes=\"auto, \" srcset=\"\" alt=\"m\u00e1s-opciones-cuando-excel-est\u00e1-abierto\" width=\"162\" height=\"492\"><\/figure>\n<\/div>\n<p> Puede abrir un nuevo libro en blanco en la parte superior de la ventana. Tambi\u00e9n puede utilizar algunas plantillas predefinidas disponibles en Excel. <\/p>\n<div class=\"wp-block-image\">\n<figure class=\"aligncenter size-full is-resized\"><img loading=\"lazy\" decoding=\"async\" class=\"wp-image-88727\" src=\"https:\/\/exceladvisor.org\/wp-content\/uploads\/2023\/08\/7-nouveau-classeur-vierge.png\" sizes=\"auto, \" srcset=\"\" alt=\"nueva carpeta en blanco\" width=\"644\" height=\"300\"><\/figure>\n<\/div>\n<p> En la parte inferior de la ventana tiene una lista de libros usados recientemente y una barra de b\u00fasqueda para buscar libros. <\/p>\n<div class=\"wp-block-image\">\n<figure class=\"aligncenter size-full is-resized\"><img loading=\"lazy\" decoding=\"async\" class=\"wp-image-88728\" src=\"https:\/\/exceladvisor.org\/wp-content\/uploads\/2023\/08\/8-classeurs-doccasion-recents.png\" sizes=\"auto, \" srcset=\"\" alt=\"carpetas usadas recientemente\" width=\"602\" height=\"175\"><\/figure>\n<\/div>\n<p> Tambi\u00e9n puede fijar un libro que le guste usar con m\u00e1s frecuencia que otros. Luego te permite abrirlo con un solo clic desde la lista fijada. <\/p>\n<div class=\"wp-block-image\">\n<figure class=\"aligncenter size-full is-resized\"><img loading=\"lazy\" decoding=\"async\" class=\"wp-image-88729\" src=\"https:\/\/exceladvisor.org\/wp-content\/uploads\/2023\/08\/9-epingler-un-classeur.png\" sizes=\"auto, \" srcset=\"\" alt=\"pasador de carpeta\" width=\"604\" height=\"344\"><\/figure>\n<\/div>\n<p> Cuando haces clic en la opci\u00f3n \u00abAbrir\u00bb, obtienes m\u00e1s opciones para ubicar un archivo para abrir. <\/p>\n<div class=\"wp-block-image\">\n<figure class=\"aligncenter size-full is-resized\"><img loading=\"lazy\" decoding=\"async\" class=\"wp-image-88730\" src=\"https:\/\/exceladvisor.org\/wp-content\/uploads\/2023\/08\/10-options-supplementaires-pour-localiser-un-fichier.png\" sizes=\"auto, \" srcset=\"\" alt=\"m\u00e1s-opciones-para-localizar-un-archivo\" width=\"446\" height=\"513\"><\/figure>\n<\/div>\n<h2 class=\"wp-block-heading\"> Cerrar vista detr\u00e1s del escenario<\/h2>\n<p> Si no tiene un archivo abierto, debe abrir un libro de trabajo para evitar la vista Backstage. A continuaci\u00f3n, y ya tiene un libro abierto, debe presionar la tecla Escape o hacer clic en el bot\u00f3n Atr\u00e1s. <\/p>\n<div class=\"wp-block-image\">\n<figure class=\"aligncenter size-full is-resized\"><img loading=\"lazy\" decoding=\"async\" class=\"wp-image-88731\" src=\"https:\/\/exceladvisor.org\/wp-content\/uploads\/2023\/08\/11-fermer-la-vue-des-coulisses.png\" sizes=\"auto, \" srcset=\"\" alt=\"primer plano vista detr\u00e1s de escena\" width=\"351\" height=\"132\"><\/figure>\n<\/div>\n<div class=\"gb-container gb-container-29c351cb gb-container-mt\"> <a class=\"gb-button gb-button-3f93e23e gb-button-text gb-button-mt-button\" href=\"https:\/\/exceladvisor.org\/es\/conceptos-basicos-de-excel\/\">Conceptos b\u00e1sicos de Microsoft Excel (componentes, piezas y notas de conocimiento)<\/a><\/p>\n<h2 class=\"gb-headline gb-headline-039c6b39 gb-headline-text gb-headline-mt-heading\"> M\u00e1s tutoriales <\/h2>\n<div class=\"gb-grid-wrapper gb-grid-wrapper-a21eef70 gb-grid-wrapper-mt-grid\">\n<div class=\"gb-grid-column gb-grid-column-8876d83d\">\n<div class=\"gb-container gb-container-8876d83d\">\n<ul>\n<li> <a href=\"https:\/\/exceladvisor.org\/es\/barra-de-estado\/\">Barra de estado en Excel<\/a><\/li>\n<li> <a href=\"https:\/\/exceladvisor.org\/es\/zona-de-texto\/\">Insertar un cuadro de texto en Excel<\/a><\/li>\n<li> <a href=\"https:\/\/exceladvisor.org\/es\/a\/\" data-wpil=\"url\">Cambiar color de pesta\u00f1a en Excel<\/a><\/li>\n<li> <a href=\"https:\/\/exceladvisor.org\/es\/zoom\/\">Acercar o alejar en Excel<\/a><\/li>\n<li> <a href=\"https:\/\/exceladvisor.org\/es\/caja-de-dialogo\/\">Cuadro de di\u00e1logo en Excel<\/a> <\/li>\n<\/ul>\n<\/div>\n<\/div>\n<div class=\"gb-grid-column gb-grid-column-ee06a2c7\">\n<div class=\"gb-container gb-container-ee06a2c7\">\n<ul>\n<li> <a href=\"https:\/\/exceladvisor.org\/es\/alineacion\/\">Alineaci\u00f3n en Excel<\/a><\/li>\n<li> <a href=\"https:\/\/exceladvisor.org\/es\/guardar-el-archivo\/\">Guardar un archivo en Excel<\/a><\/li>\n<li> <a href=\"https:\/\/exceladvisor.org\/es\/meses-moviles-automaticos\/\">Meses m\u00f3viles autom\u00e1ticos en Excel<\/a><\/li>\n<li> <a href=\"https:\/\/exceladvisor.org\/es\/modo-oscuro\/\">Habilitar el modo oscuro en Excel<\/a><\/li>\n<li> <a href=\"https:\/\/exceladvisor.org\/es\/barra-de-desplazamiento\/\">Recuperar barra de desplazamiento en Excel<\/a><\/li>\n<\/ul>\n<\/div>\n<\/div>\n<\/div>\n<\/div>\n","protected":false},"excerpt":{"rendered":"<p>Cuando abre Excel, le muestra una ventana de apertura llamada vista Backstage. Esta es la primera vista que obtiene cuando abre Excel. Puedes ver en la captura de pantalla anterior que esta ventana tiene la opci\u00f3n de comenzar a trabajar en Excel. Pero se llama modo backstage porque comienza en la parte posterior cuando est\u00e1s [&hellip;]<\/p>\n","protected":false},"author":1,"featured_media":0,"parent":0,"menu_order":0,"comment_status":"open","ping_status":"closed","template":"","meta":{"ub_ctt_via":"","footnotes":""},"class_list":["post-180","page","type-page","status-publish","hentry"],"featured_image_src":null,"yoast_head":"<!-- This site is optimized with the Yoast SEO plugin v25.4 - https:\/\/yoast.com\/wordpress\/plugins\/seo\/ -->\n<title>\u00bfc\u00f3mo abrir la vista backstage en excel?<\/title>\n<meta name=\"robots\" content=\"index, follow, max-snippet:-1, max-image-preview:large, max-video-preview:-1\" \/>\n<link rel=\"canonical\" href=\"https:\/\/exceladvisor.org\/es\/vista-detras-de-escena\/\" \/>\n<meta property=\"og:locale\" content=\"es_ES\" \/>\n<meta property=\"og:type\" content=\"article\" \/>\n<meta property=\"og:title\" content=\"\u00bfc\u00f3mo abrir la vista backstage en excel?\" \/>\n<meta property=\"og:description\" content=\"Cuando abre Excel, le muestra una ventana de apertura llamada vista Backstage. Esta es la primera vista que obtiene cuando abre Excel. Puedes ver en la captura de pantalla anterior que esta ventana tiene la opci\u00f3n de comenzar a trabajar en Excel. Pero se llama modo backstage porque comienza en la parte posterior cuando est\u00e1s [&hellip;]\" \/>\n<meta property=\"og:url\" content=\"https:\/\/exceladvisor.org\/es\/vista-detras-de-escena\/\" \/>\n<meta property=\"og:site_name\" content=\"Excel Advisor\" \/>\n<meta property=\"article:modified_time\" content=\"2023-12-25T10:22:37+00:00\" \/>\n<meta property=\"og:image\" content=\"https:\/\/exceladvisor.org\/wp-content\/uploads\/2023\/08\/1-fenetre-ouvrante-en-coulisses.png\" \/>\n<meta name=\"twitter:card\" content=\"summary_large_image\" \/>\n<meta name=\"twitter:label1\" content=\"Tiempo de lectura\" \/>\n\t<meta name=\"twitter:data1\" content=\"2 minutos\" \/>\n<script type=\"application\/ld+json\" class=\"yoast-schema-graph\">{\"@context\":\"https:\/\/schema.org\",\"@graph\":[{\"@type\":\"WebPage\",\"@id\":\"https:\/\/exceladvisor.org\/es\/vista-detras-de-escena\/\",\"url\":\"https:\/\/exceladvisor.org\/es\/vista-detras-de-escena\/\",\"name\":\"\u00bfc\u00f3mo abrir la vista backstage en excel?\",\"isPartOf\":{\"@id\":\"https:\/\/exceladvisor.org\/es\/#website\"},\"primaryImageOfPage\":{\"@id\":\"https:\/\/exceladvisor.org\/es\/vista-detras-de-escena\/#primaryimage\"},\"image\":{\"@id\":\"https:\/\/exceladvisor.org\/es\/vista-detras-de-escena\/#primaryimage\"},\"thumbnailUrl\":\"https:\/\/exceladvisor.org\/wp-content\/uploads\/2023\/08\/1-fenetre-ouvrante-en-coulisses.png\",\"datePublished\":\"2023-11-13T16:36:39+00:00\",\"dateModified\":\"2023-12-25T10:22:37+00:00\",\"breadcrumb\":{\"@id\":\"https:\/\/exceladvisor.org\/es\/vista-detras-de-escena\/#breadcrumb\"},\"inLanguage\":\"es\",\"potentialAction\":[{\"@type\":\"ReadAction\",\"target\":[\"https:\/\/exceladvisor.org\/es\/vista-detras-de-escena\/\"]}]},{\"@type\":\"ImageObject\",\"inLanguage\":\"es\",\"@id\":\"https:\/\/exceladvisor.org\/es\/vista-detras-de-escena\/#primaryimage\",\"url\":\"https:\/\/exceladvisor.org\/wp-content\/uploads\/2023\/08\/1-fenetre-ouvrante-en-coulisses.png\",\"contentUrl\":\"https:\/\/exceladvisor.org\/wp-content\/uploads\/2023\/08\/1-fenetre-ouvrante-en-coulisses.png\"},{\"@type\":\"BreadcrumbList\",\"@id\":\"https:\/\/exceladvisor.org\/es\/vista-detras-de-escena\/#breadcrumb\",\"itemListElement\":[{\"@type\":\"ListItem\",\"position\":1,\"name\":\"Hogar\",\"item\":\"https:\/\/exceladvisor.org\/es\/\"},{\"@type\":\"ListItem\",\"position\":2,\"name\":\"\u00bfc\u00f3mo abrir la vista backstage en excel?\"}]},{\"@type\":\"WebSite\",\"@id\":\"https:\/\/exceladvisor.org\/es\/#website\",\"url\":\"https:\/\/exceladvisor.org\/es\/\",\"name\":\"Excel Advisor\",\"description\":\"Su gu\u00eda para la dominaci\u00f3n de datos!\",\"publisher\":{\"@id\":\"https:\/\/exceladvisor.org\/es\/#organization\"},\"potentialAction\":[{\"@type\":\"SearchAction\",\"target\":{\"@type\":\"EntryPoint\",\"urlTemplate\":\"https:\/\/exceladvisor.org\/es\/?s={search_term_string}\"},\"query-input\":{\"@type\":\"PropertyValueSpecification\",\"valueRequired\":true,\"valueName\":\"search_term_string\"}}],\"inLanguage\":\"es\"},{\"@type\":\"Organization\",\"@id\":\"https:\/\/exceladvisor.org\/es\/#organization\",\"name\":\"Excel Advisor\",\"url\":\"https:\/\/exceladvisor.org\/es\/\",\"logo\":{\"@type\":\"ImageObject\",\"inLanguage\":\"es\",\"@id\":\"https:\/\/exceladvisor.org\/es\/#\/schema\/logo\/image\/\",\"url\":\"https:\/\/exceladvisor.org\/es\/wp-content\/uploads\/2023\/12\/exceladvisor.org_.png\",\"contentUrl\":\"https:\/\/exceladvisor.org\/es\/wp-content\/uploads\/2023\/12\/exceladvisor.org_.png\",\"width\":105,\"height\":36,\"caption\":\"Excel Advisor\"},\"image\":{\"@id\":\"https:\/\/exceladvisor.org\/es\/#\/schema\/logo\/image\/\"}}]}<\/script>\n<!-- \/ Yoast SEO plugin. -->","yoast_head_json":{"title":"\u00bfc\u00f3mo abrir la vista backstage en excel?","robots":{"index":"index","follow":"follow","max-snippet":"max-snippet:-1","max-image-preview":"max-image-preview:large","max-video-preview":"max-video-preview:-1"},"canonical":"https:\/\/exceladvisor.org\/es\/vista-detras-de-escena\/","og_locale":"es_ES","og_type":"article","og_title":"\u00bfc\u00f3mo abrir la vista backstage en excel?","og_description":"Cuando abre Excel, le muestra una ventana de apertura llamada vista Backstage. Esta es la primera vista que obtiene cuando abre Excel. Puedes ver en la captura de pantalla anterior que esta ventana tiene la opci\u00f3n de comenzar a trabajar en Excel. Pero se llama modo backstage porque comienza en la parte posterior cuando est\u00e1s [&hellip;]","og_url":"https:\/\/exceladvisor.org\/es\/vista-detras-de-escena\/","og_site_name":"Excel Advisor","article_modified_time":"2023-12-25T10:22:37+00:00","og_image":[{"url":"https:\/\/exceladvisor.org\/wp-content\/uploads\/2023\/08\/1-fenetre-ouvrante-en-coulisses.png","type":"","width":"","height":""}],"twitter_card":"summary_large_image","twitter_misc":{"Tiempo de lectura":"2 minutos"},"schema":{"@context":"https:\/\/schema.org","@graph":[{"@type":"WebPage","@id":"https:\/\/exceladvisor.org\/es\/vista-detras-de-escena\/","url":"https:\/\/exceladvisor.org\/es\/vista-detras-de-escena\/","name":"\u00bfc\u00f3mo abrir la vista backstage en excel?","isPartOf":{"@id":"https:\/\/exceladvisor.org\/es\/#website"},"primaryImageOfPage":{"@id":"https:\/\/exceladvisor.org\/es\/vista-detras-de-escena\/#primaryimage"},"image":{"@id":"https:\/\/exceladvisor.org\/es\/vista-detras-de-escena\/#primaryimage"},"thumbnailUrl":"https:\/\/exceladvisor.org\/wp-content\/uploads\/2023\/08\/1-fenetre-ouvrante-en-coulisses.png","datePublished":"2023-11-13T16:36:39+00:00","dateModified":"2023-12-25T10:22:37+00:00","breadcrumb":{"@id":"https:\/\/exceladvisor.org\/es\/vista-detras-de-escena\/#breadcrumb"},"inLanguage":"es","potentialAction":[{"@type":"ReadAction","target":["https:\/\/exceladvisor.org\/es\/vista-detras-de-escena\/"]}]},{"@type":"ImageObject","inLanguage":"es","@id":"https:\/\/exceladvisor.org\/es\/vista-detras-de-escena\/#primaryimage","url":"https:\/\/exceladvisor.org\/wp-content\/uploads\/2023\/08\/1-fenetre-ouvrante-en-coulisses.png","contentUrl":"https:\/\/exceladvisor.org\/wp-content\/uploads\/2023\/08\/1-fenetre-ouvrante-en-coulisses.png"},{"@type":"BreadcrumbList","@id":"https:\/\/exceladvisor.org\/es\/vista-detras-de-escena\/#breadcrumb","itemListElement":[{"@type":"ListItem","position":1,"name":"Hogar","item":"https:\/\/exceladvisor.org\/es\/"},{"@type":"ListItem","position":2,"name":"\u00bfc\u00f3mo abrir la vista backstage en excel?"}]},{"@type":"WebSite","@id":"https:\/\/exceladvisor.org\/es\/#website","url":"https:\/\/exceladvisor.org\/es\/","name":"Excel Advisor","description":"Su gu\u00eda para la dominaci\u00f3n de datos!","publisher":{"@id":"https:\/\/exceladvisor.org\/es\/#organization"},"potentialAction":[{"@type":"SearchAction","target":{"@type":"EntryPoint","urlTemplate":"https:\/\/exceladvisor.org\/es\/?s={search_term_string}"},"query-input":{"@type":"PropertyValueSpecification","valueRequired":true,"valueName":"search_term_string"}}],"inLanguage":"es"},{"@type":"Organization","@id":"https:\/\/exceladvisor.org\/es\/#organization","name":"Excel Advisor","url":"https:\/\/exceladvisor.org\/es\/","logo":{"@type":"ImageObject","inLanguage":"es","@id":"https:\/\/exceladvisor.org\/es\/#\/schema\/logo\/image\/","url":"https:\/\/exceladvisor.org\/es\/wp-content\/uploads\/2023\/12\/exceladvisor.org_.png","contentUrl":"https:\/\/exceladvisor.org\/es\/wp-content\/uploads\/2023\/12\/exceladvisor.org_.png","width":105,"height":36,"caption":"Excel Advisor"},"image":{"@id":"https:\/\/exceladvisor.org\/es\/#\/schema\/logo\/image\/"}}]}},"yoast_meta":{"yoast_wpseo_title":"","yoast_wpseo_metadesc":"","yoast_wpseo_canonical":""},"_links":{"self":[{"href":"https:\/\/exceladvisor.org\/es\/wp-json\/wp\/v2\/pages\/180","targetHints":{"allow":["GET"]}}],"collection":[{"href":"https:\/\/exceladvisor.org\/es\/wp-json\/wp\/v2\/pages"}],"about":[{"href":"https:\/\/exceladvisor.org\/es\/wp-json\/wp\/v2\/types\/page"}],"author":[{"embeddable":true,"href":"https:\/\/exceladvisor.org\/es\/wp-json\/wp\/v2\/users\/1"}],"replies":[{"embeddable":true,"href":"https:\/\/exceladvisor.org\/es\/wp-json\/wp\/v2\/comments?post=180"}],"version-history":[{"count":1,"href":"https:\/\/exceladvisor.org\/es\/wp-json\/wp\/v2\/pages\/180\/revisions"}],"predecessor-version":[{"id":778,"href":"https:\/\/exceladvisor.org\/es\/wp-json\/wp\/v2\/pages\/180\/revisions\/778"}],"wp:attachment":[{"href":"https:\/\/exceladvisor.org\/es\/wp-json\/wp\/v2\/media?parent=180"}],"curies":[{"name":"wp","href":"https:\/\/api.w.org\/{rel}","templated":true}]}}