{"id":181,"date":"2023-11-13T16:32:31","date_gmt":"2023-11-13T16:32:31","guid":{"rendered":"https:\/\/exceladvisor.org\/es\/vlookup-varios-criterios\/"},"modified":"2023-12-25T10:26:47","modified_gmt":"2023-12-25T10:26:47","slug":"vlookup-varios-criterios","status":"publish","type":"page","link":"https:\/\/exceladvisor.org\/es\/vlookup-varios-criterios\/","title":{"rendered":"\u00bfc\u00f3mo realizar buscarv con m\u00faltiples criterios en excel?"},"content":{"rendered":"<div class=\"excel-antes-del-contenido\" id=\"excel-3816757855\"><script type=\"text\/javascript\">\r\n\tatOptions = {\r\n\t\t'key' : 'c1158f160081d6540a8409e6925dab94',\r\n\t\t'format' : 'iframe',\r\n\t\t'height' : 250,\r\n\t\t'width' : 300,\r\n\t\t'params' : {}\r\n\t};\r\n<\/script>\r\n<script type=\"text\/javascript\" src=\"\/\/www.highperformanceformat.com\/c1158f160081d6540a8409e6925dab94\/invoke.js\"><\/script><\/div><p>BUSCARV es una de las <a style=\"outline: none; display: inline-block;\" href=\"https:\/\/exceladvisor.org\/es\/funciones-de-excel\/\">funciones de Excel m\u00e1s populares<\/a> . Pero tambi\u00e9n es una de las funciones m\u00e1s limitadas.<\/p>\n<p> Los usuarios avanzados de Excel saben que hay muchas cosas que no podemos hacer con BUSCARV o que tienen que hacer un esfuerzo adicional para que funcione.<\/p>\n<p> Por ejemplo, usar BUSCARV con m\u00faltiples criterios. De forma predeterminada, BUSCARV le permite buscar un valor \u00fanico.<\/p>\n<p> Pero en el mundo real hay situaciones en las que necesitamos utilizar dos o m\u00e1s criterios.<\/p>\n<p> Suponga que tiene una lista de estudiantes para una escuela completa y en esa lista desea buscar un estudiante cuyo nombre es \u00abJohn\u00bb y que est\u00e1 en la clase IX. <\/p>\n<div class=\"wp-block-image\">\n<figure class=\"aligncenter\"><img decoding=\"async\" src=\"https:\/\/exceladvisor.org\/wp-content\/uploads\/2023\/08\/2-vlookup-avec-table-de-donnees-a-criteres-multiples-min-1.png\" sizes=\"\" srcset=\"\" alt=\"\"><\/figure>\n<\/div>\n<p> Existe una gran posibilidad de que haya m\u00e1s de un estudiante cuyo nombre sea \u00abJohn\u00bb. La mejor soluci\u00f3n aqu\u00ed es combinar dos criterios diferentes (nombre y clase) para obtener el valor correcto a cambio. <\/p>\n<div class=\"wp-block-image\">\n<figure class=\"aligncenter\"><img decoding=\"async\" src=\"https:\/\/exceladvisor.org\/wp-content\/uploads\/2023\/08\/1-vlookup-avec-plusieurs-criteres-comment-min-1.png\" sizes=\"\" srcset=\"\" alt=\"\"><\/figure>\n<\/div>\n<p> Hoy en este art\u00edculo exploraremos el m\u00e9todo de utilizar m\u00faltiples criterios con BUSCARV.<\/p>\n<p> Entonces, comencemos y asegur\u00e9monos de <a href=\"https:\/\/exceladvisor.org\/wp-content\/uploads\/2023\/08\/vlookup-de-donnees-brutes-avec-plusieurs-criteres.xlsx\" rel=\"nofollow\">descargar este archivo de muestra desde aqu\u00ed<\/a> para seguirlo.<\/p>\n<p> Ahora, de acuerdo con el problema anterior que mencion\u00e9, necesitamos usar dos criterios como valor de b\u00fasqueda en BUSCARV. Para ello necesitamos hacer dos ajustes f\u00e1ciles y sencillos.<\/p>\n<h2 id=\"tab-con-1\" class=\"wp-block-heading\"> Crear una nueva columna de soporte<\/h2>\n<p> Estos son los pasos para insertar una nueva columna uniendo dos criterios.<\/p>\n<ul>\n<li> Primero, necesitamos agregar una nueva columna. <\/li>\n<\/ul>\n<div class=\"wp-block-image\">\n<figure class=\"aligncenter\"><img decoding=\"async\" src=\"https:\/\/exceladvisor.org\/wp-content\/uploads\/2023\/08\/3-vlookup-avec-plusieurs-criteres-inserer-une-colonne-vide-min-1.png\" sizes=\"\" srcset=\"\" alt=\"\"><\/figure>\n<\/div>\n<ul>\n<li> Despu\u00e9s de eso, en la nueva columna, ingrese una f\u00f3rmula para unir el nombre y la clase, como se muestra a continuaci\u00f3n. <\/li>\n<\/ul>\n<div class=\"wp-block-image\">\n<figure class=\"aligncenter\"><img decoding=\"async\" src=\"https:\/\/exceladvisor.org\/wp-content\/uploads\/2023\/08\/4-vlookup-avec-plusieurs-criteres-inserer-une-formule-pour-joindre-des-colonnes-min-1.png\" sizes=\"\" srcset=\"\" alt=\"\"><\/figure>\n<\/div>\n<ul>\n<li> Ahora arrastre la f\u00f3rmula a la \u00faltima celda de la columna.<\/li>\n<li> Ahora tenemos una sola columna en la que hemos combinado dos criterios diferentes (nombre y clase). <\/li>\n<\/ul>\n<div class=\"wp-block-image\">\n<figure class=\"aligncenter\"><img decoding=\"async\" src=\"https:\/\/exceladvisor.org\/wp-content\/uploads\/2023\/08\/5-vlookup-avec-plusieurs-criteres-nouvelle-colonne-combinee-avec-deux-criteres-min-1.png\" sizes=\"\" srcset=\"\" alt=\"\"><\/figure>\n<\/div>\n<h2 id=\"tab-con-2\" class=\"wp-block-heading\"> Combina dos criterios en el valor de b\u00fasqueda<\/h2>\n<p> Ahora lo siguiente es combinar dos criterios en el argumento valor_buscado de BUSCARV.<\/p>\n<p> Aqu\u00ed queremos usar \u00abJohn\u00bb y \u00abClass-IX\u00bb y para eso necesitamos combinar los dos usando un signo comercial en lookup_argument. <\/p>\n<div class=\"wp-block-image\">\n<figure class=\"aligncenter\"><img decoding=\"async\" src=\"https:\/\/exceladvisor.org\/wp-content\/uploads\/2023\/08\/6-vlookup-avec-plusieurs-criteres-utilise-deux-arguments-dans-vlookup-min-1.png\" sizes=\"\" srcset=\"\" alt=\"\"><\/figure>\n<\/div>\n<p> Despu\u00e9s de eso, debemos seleccionar las columnas C y D como rango_b\u00fasqueda, 2 como n\u00famero_\u00edndice_col y 0 como [rango_b\u00fasqueda] <\/p>\n<div class=\"wp-block-image\">\n<figure class=\"aligncenter\"><img decoding=\"async\" src=\"https:\/\/exceladvisor.org\/wp-content\/uploads\/2023\/08\/7-vlookup-avec-plusieurs-criteres-definissent-la-plage-min-1.png\" sizes=\"\" srcset=\"\" alt=\"\"><\/figure>\n<\/div>\n<p> Al final, presione Entrar. Y ahora tenemos la puntuaci\u00f3n de John que est\u00e1 en la clase IX. <\/p>\n<div class=\"wp-block-image\">\n<figure class=\"aligncenter\"><img decoding=\"async\" src=\"https:\/\/exceladvisor.org\/wp-content\/uploads\/2023\/08\/8-vlookup-avec-plusieurs-criteres-resultat-final-min-1.png\" sizes=\"\" srcset=\"\" alt=\"\"><\/figure>\n<\/div>\n<h2 id=\"tab-con-3\" class=\"wp-block-heading\"> C\u00f3mo funciona<\/h2>\n<p> El m\u00e9todo para utilizar criterios combinados en BUSCARV es simple. Cuando combinamos dos columnas en una, nos da valores \u00fanicos.<\/p>\n<p> Pi\u00e9nselo de esta manera: tenemos el nombre John tres veces en nuestros datos. Pero cuando unimos nombres a su clase, obtenemos un valor \u00fanico para cada nombre.<\/p>\n<p> Por ejemplo, JohnClass-IX, JohnClass-VI y JohnClass-II. Ahora no hay valor en duplicados.<\/p>\n<p> De manera similar, al especificar lookup_argument en BUSCARV, hemos combinado los dos criterios: nombre y clase para que devuelva la puntuaci\u00f3n del estudiante correcto, es decir, John, que est\u00e1 en la clase IX. <\/p>\n<div class=\"wp-block-image\">\n<figure class=\"aligncenter\"><img decoding=\"async\" src=\"https:\/\/exceladvisor.org\/wp-content\/uploads\/2023\/08\/9-vlookup-avec-plusieurs-criteres-trouver-des-valeurs-precises-min-1.png\" sizes=\"\" srcset=\"\" alt=\"\"><\/figure>\n<\/div>\n<h2 id=\"tab-con-4\" class=\"wp-block-heading\"> Conclusi\u00f3n<\/h2>\n<p> El uso de m\u00faltiples criterios con BUSCARV le ayuda a buscar un valor de forma m\u00e1s precisa y sencilla. Tal como lo hicimos en el ejemplo anterior.<\/p>\n<p> Y lo mejor es que combinar dos criterios diferentes no es gran cosa, es sencillo y f\u00e1cil. Espero que esta f\u00f3rmula te haya resultado \u00fatil y que te ayude en tu trabajo.<\/p>\n<p> Ahora dime una cosa. \u00bfAlguna vez ha intentado agregar m\u00e1s de un criterio en BUSCARV? \u00bfO tienes otro m\u00e9todo para esto? Por favor comp\u00e1rtelo conmigo en la secci\u00f3n de comentarios, me encantar\u00eda saber de ti. Y no olvides compartir este consejo con tus amigos.<\/p>\n<div class=\"gb-container gb-container-0df56012 gb-container-mt\"> <a class=\"gb-button gb-button-f9f432f4 gb-button-text gb-button-mt-button\" href=\"https:\/\/exceladvisor.org\/es\/formulas\/\">Lista de f\u00f3rmulas de Excel<\/a><\/p>\n<h2 class=\"gb-headline gb-headline-233444e8 gb-headline-text gb-headline-mt-heading\"> F\u00f3rmulas relacionadas <\/h2>\n<div class=\"gb-grid-wrapper gb-grid-wrapper-a16fa65c gb-grid-wrapper-mt-grid\">\n<div class=\"gb-grid-column gb-grid-column-50d07e0d\">\n<div class=\"gb-container gb-container-50d07e0d\">\n<ul>\n<li> <a href=\"https:\/\/exceladvisor.org\/es\/si-error-busqueda-virtual\/\">IFERROR con BUSCARV en Excel para reemplazar #N\/A en Excel<\/a><\/li>\n<li> <a href=\"https:\/\/exceladvisor.org\/es\/busqueda-bidireccional\/\">Realizar una b\u00fasqueda bidireccional en Excel<\/a><\/li>\n<li> <a href=\"https:\/\/exceladvisor.org\/es\/busqueda-inversa\/\">BUSCARV inversa (hacia atr\u00e1s: de derecha a izquierda) en Excel<\/a><\/li>\n<li> <a href=\"https:\/\/exceladvisor.org\/es\/coincidencia-de-vsearch\/\">Combinando BUSCARV COINCIDIR en Excel<\/a><\/li>\n<li> <a href=\"https:\/\/exceladvisor.org\/es\/comodines-con-vlookup\/\">Comodines con BUSCARV en Excel<\/a> <\/li>\n<\/ul>\n<\/div>\n<\/div>\n<div class=\"gb-grid-column gb-grid-column-5b4a0cf9\">\n<div class=\"gb-container gb-container-5b4a0cf9\"><\/div>\n<\/div>\n<\/div>\n<\/div>\n","protected":false},"excerpt":{"rendered":"<p>BUSCARV es una de las funciones de Excel m\u00e1s populares . Pero tambi\u00e9n es una de las funciones m\u00e1s limitadas. Los usuarios avanzados de Excel saben que hay muchas cosas que no podemos hacer con BUSCARV o que tienen que hacer un esfuerzo adicional para que funcione. Por ejemplo, usar BUSCARV con m\u00faltiples criterios. De [&hellip;]<\/p>\n","protected":false},"author":1,"featured_media":0,"parent":0,"menu_order":0,"comment_status":"open","ping_status":"closed","template":"","meta":{"ub_ctt_via":"","footnotes":""},"class_list":["post-181","page","type-page","status-publish","hentry"],"featured_image_src":null,"yoast_head":"<!-- This site is optimized with the Yoast SEO plugin v25.4 - https:\/\/yoast.com\/wordpress\/plugins\/seo\/ -->\n<title>\u00bfc\u00f3mo realizar buscarv con m\u00faltiples criterios en excel?<\/title>\n<meta name=\"robots\" content=\"index, follow, max-snippet:-1, max-image-preview:large, max-video-preview:-1\" \/>\n<link rel=\"canonical\" href=\"https:\/\/exceladvisor.org\/es\/vlookup-varios-criterios\/\" \/>\n<meta property=\"og:locale\" content=\"es_ES\" \/>\n<meta property=\"og:type\" content=\"article\" \/>\n<meta property=\"og:title\" content=\"\u00bfc\u00f3mo realizar buscarv con m\u00faltiples criterios en excel?\" \/>\n<meta property=\"og:description\" content=\"BUSCARV es una de las funciones de Excel m\u00e1s populares . Pero tambi\u00e9n es una de las funciones m\u00e1s limitadas. Los usuarios avanzados de Excel saben que hay muchas cosas que no podemos hacer con BUSCARV o que tienen que hacer un esfuerzo adicional para que funcione. Por ejemplo, usar BUSCARV con m\u00faltiples criterios. De [&hellip;]\" \/>\n<meta property=\"og:url\" content=\"https:\/\/exceladvisor.org\/es\/vlookup-varios-criterios\/\" \/>\n<meta property=\"og:site_name\" content=\"Excel Advisor\" \/>\n<meta property=\"article:modified_time\" content=\"2023-12-25T10:26:47+00:00\" \/>\n<meta property=\"og:image\" content=\"https:\/\/exceladvisor.org\/wp-content\/uploads\/2023\/08\/2-vlookup-avec-table-de-donnees-a-criteres-multiples-min-1.png\" \/>\n<meta name=\"twitter:card\" content=\"summary_large_image\" \/>\n<meta name=\"twitter:label1\" content=\"Tiempo de lectura\" \/>\n\t<meta name=\"twitter:data1\" content=\"3 minutos\" \/>\n<script type=\"application\/ld+json\" class=\"yoast-schema-graph\">{\"@context\":\"https:\/\/schema.org\",\"@graph\":[{\"@type\":\"WebPage\",\"@id\":\"https:\/\/exceladvisor.org\/es\/vlookup-varios-criterios\/\",\"url\":\"https:\/\/exceladvisor.org\/es\/vlookup-varios-criterios\/\",\"name\":\"\u00bfc\u00f3mo realizar buscarv con m\u00faltiples criterios en excel?\",\"isPartOf\":{\"@id\":\"https:\/\/exceladvisor.org\/es\/#website\"},\"primaryImageOfPage\":{\"@id\":\"https:\/\/exceladvisor.org\/es\/vlookup-varios-criterios\/#primaryimage\"},\"image\":{\"@id\":\"https:\/\/exceladvisor.org\/es\/vlookup-varios-criterios\/#primaryimage\"},\"thumbnailUrl\":\"https:\/\/exceladvisor.org\/wp-content\/uploads\/2023\/08\/2-vlookup-avec-table-de-donnees-a-criteres-multiples-min-1.png\",\"datePublished\":\"2023-11-13T16:32:31+00:00\",\"dateModified\":\"2023-12-25T10:26:47+00:00\",\"breadcrumb\":{\"@id\":\"https:\/\/exceladvisor.org\/es\/vlookup-varios-criterios\/#breadcrumb\"},\"inLanguage\":\"es\",\"potentialAction\":[{\"@type\":\"ReadAction\",\"target\":[\"https:\/\/exceladvisor.org\/es\/vlookup-varios-criterios\/\"]}]},{\"@type\":\"ImageObject\",\"inLanguage\":\"es\",\"@id\":\"https:\/\/exceladvisor.org\/es\/vlookup-varios-criterios\/#primaryimage\",\"url\":\"https:\/\/exceladvisor.org\/wp-content\/uploads\/2023\/08\/2-vlookup-avec-table-de-donnees-a-criteres-multiples-min-1.png\",\"contentUrl\":\"https:\/\/exceladvisor.org\/wp-content\/uploads\/2023\/08\/2-vlookup-avec-table-de-donnees-a-criteres-multiples-min-1.png\"},{\"@type\":\"BreadcrumbList\",\"@id\":\"https:\/\/exceladvisor.org\/es\/vlookup-varios-criterios\/#breadcrumb\",\"itemListElement\":[{\"@type\":\"ListItem\",\"position\":1,\"name\":\"Hogar\",\"item\":\"https:\/\/exceladvisor.org\/es\/\"},{\"@type\":\"ListItem\",\"position\":2,\"name\":\"\u00bfc\u00f3mo realizar buscarv con m\u00faltiples criterios en excel?\"}]},{\"@type\":\"WebSite\",\"@id\":\"https:\/\/exceladvisor.org\/es\/#website\",\"url\":\"https:\/\/exceladvisor.org\/es\/\",\"name\":\"Excel Advisor\",\"description\":\"Su gu\u00eda para la dominaci\u00f3n de datos!\",\"publisher\":{\"@id\":\"https:\/\/exceladvisor.org\/es\/#organization\"},\"potentialAction\":[{\"@type\":\"SearchAction\",\"target\":{\"@type\":\"EntryPoint\",\"urlTemplate\":\"https:\/\/exceladvisor.org\/es\/?s={search_term_string}\"},\"query-input\":{\"@type\":\"PropertyValueSpecification\",\"valueRequired\":true,\"valueName\":\"search_term_string\"}}],\"inLanguage\":\"es\"},{\"@type\":\"Organization\",\"@id\":\"https:\/\/exceladvisor.org\/es\/#organization\",\"name\":\"Excel Advisor\",\"url\":\"https:\/\/exceladvisor.org\/es\/\",\"logo\":{\"@type\":\"ImageObject\",\"inLanguage\":\"es\",\"@id\":\"https:\/\/exceladvisor.org\/es\/#\/schema\/logo\/image\/\",\"url\":\"https:\/\/exceladvisor.org\/es\/wp-content\/uploads\/2023\/12\/exceladvisor.org_.png\",\"contentUrl\":\"https:\/\/exceladvisor.org\/es\/wp-content\/uploads\/2023\/12\/exceladvisor.org_.png\",\"width\":105,\"height\":36,\"caption\":\"Excel Advisor\"},\"image\":{\"@id\":\"https:\/\/exceladvisor.org\/es\/#\/schema\/logo\/image\/\"}}]}<\/script>\n<!-- \/ Yoast SEO plugin. -->","yoast_head_json":{"title":"\u00bfc\u00f3mo realizar buscarv con m\u00faltiples criterios en excel?","robots":{"index":"index","follow":"follow","max-snippet":"max-snippet:-1","max-image-preview":"max-image-preview:large","max-video-preview":"max-video-preview:-1"},"canonical":"https:\/\/exceladvisor.org\/es\/vlookup-varios-criterios\/","og_locale":"es_ES","og_type":"article","og_title":"\u00bfc\u00f3mo realizar buscarv con m\u00faltiples criterios en excel?","og_description":"BUSCARV es una de las funciones de Excel m\u00e1s populares . Pero tambi\u00e9n es una de las funciones m\u00e1s limitadas. Los usuarios avanzados de Excel saben que hay muchas cosas que no podemos hacer con BUSCARV o que tienen que hacer un esfuerzo adicional para que funcione. Por ejemplo, usar BUSCARV con m\u00faltiples criterios. De [&hellip;]","og_url":"https:\/\/exceladvisor.org\/es\/vlookup-varios-criterios\/","og_site_name":"Excel Advisor","article_modified_time":"2023-12-25T10:26:47+00:00","og_image":[{"url":"https:\/\/exceladvisor.org\/wp-content\/uploads\/2023\/08\/2-vlookup-avec-table-de-donnees-a-criteres-multiples-min-1.png","type":"","width":"","height":""}],"twitter_card":"summary_large_image","twitter_misc":{"Tiempo de lectura":"3 minutos"},"schema":{"@context":"https:\/\/schema.org","@graph":[{"@type":"WebPage","@id":"https:\/\/exceladvisor.org\/es\/vlookup-varios-criterios\/","url":"https:\/\/exceladvisor.org\/es\/vlookup-varios-criterios\/","name":"\u00bfc\u00f3mo realizar buscarv con m\u00faltiples criterios en excel?","isPartOf":{"@id":"https:\/\/exceladvisor.org\/es\/#website"},"primaryImageOfPage":{"@id":"https:\/\/exceladvisor.org\/es\/vlookup-varios-criterios\/#primaryimage"},"image":{"@id":"https:\/\/exceladvisor.org\/es\/vlookup-varios-criterios\/#primaryimage"},"thumbnailUrl":"https:\/\/exceladvisor.org\/wp-content\/uploads\/2023\/08\/2-vlookup-avec-table-de-donnees-a-criteres-multiples-min-1.png","datePublished":"2023-11-13T16:32:31+00:00","dateModified":"2023-12-25T10:26:47+00:00","breadcrumb":{"@id":"https:\/\/exceladvisor.org\/es\/vlookup-varios-criterios\/#breadcrumb"},"inLanguage":"es","potentialAction":[{"@type":"ReadAction","target":["https:\/\/exceladvisor.org\/es\/vlookup-varios-criterios\/"]}]},{"@type":"ImageObject","inLanguage":"es","@id":"https:\/\/exceladvisor.org\/es\/vlookup-varios-criterios\/#primaryimage","url":"https:\/\/exceladvisor.org\/wp-content\/uploads\/2023\/08\/2-vlookup-avec-table-de-donnees-a-criteres-multiples-min-1.png","contentUrl":"https:\/\/exceladvisor.org\/wp-content\/uploads\/2023\/08\/2-vlookup-avec-table-de-donnees-a-criteres-multiples-min-1.png"},{"@type":"BreadcrumbList","@id":"https:\/\/exceladvisor.org\/es\/vlookup-varios-criterios\/#breadcrumb","itemListElement":[{"@type":"ListItem","position":1,"name":"Hogar","item":"https:\/\/exceladvisor.org\/es\/"},{"@type":"ListItem","position":2,"name":"\u00bfc\u00f3mo realizar buscarv con m\u00faltiples criterios en excel?"}]},{"@type":"WebSite","@id":"https:\/\/exceladvisor.org\/es\/#website","url":"https:\/\/exceladvisor.org\/es\/","name":"Excel Advisor","description":"Su gu\u00eda para la dominaci\u00f3n de datos!","publisher":{"@id":"https:\/\/exceladvisor.org\/es\/#organization"},"potentialAction":[{"@type":"SearchAction","target":{"@type":"EntryPoint","urlTemplate":"https:\/\/exceladvisor.org\/es\/?s={search_term_string}"},"query-input":{"@type":"PropertyValueSpecification","valueRequired":true,"valueName":"search_term_string"}}],"inLanguage":"es"},{"@type":"Organization","@id":"https:\/\/exceladvisor.org\/es\/#organization","name":"Excel Advisor","url":"https:\/\/exceladvisor.org\/es\/","logo":{"@type":"ImageObject","inLanguage":"es","@id":"https:\/\/exceladvisor.org\/es\/#\/schema\/logo\/image\/","url":"https:\/\/exceladvisor.org\/es\/wp-content\/uploads\/2023\/12\/exceladvisor.org_.png","contentUrl":"https:\/\/exceladvisor.org\/es\/wp-content\/uploads\/2023\/12\/exceladvisor.org_.png","width":105,"height":36,"caption":"Excel Advisor"},"image":{"@id":"https:\/\/exceladvisor.org\/es\/#\/schema\/logo\/image\/"}}]}},"yoast_meta":{"yoast_wpseo_title":"","yoast_wpseo_metadesc":"","yoast_wpseo_canonical":""},"_links":{"self":[{"href":"https:\/\/exceladvisor.org\/es\/wp-json\/wp\/v2\/pages\/181","targetHints":{"allow":["GET"]}}],"collection":[{"href":"https:\/\/exceladvisor.org\/es\/wp-json\/wp\/v2\/pages"}],"about":[{"href":"https:\/\/exceladvisor.org\/es\/wp-json\/wp\/v2\/types\/page"}],"author":[{"embeddable":true,"href":"https:\/\/exceladvisor.org\/es\/wp-json\/wp\/v2\/users\/1"}],"replies":[{"embeddable":true,"href":"https:\/\/exceladvisor.org\/es\/wp-json\/wp\/v2\/comments?post=181"}],"version-history":[{"count":1,"href":"https:\/\/exceladvisor.org\/es\/wp-json\/wp\/v2\/pages\/181\/revisions"}],"predecessor-version":[{"id":1161,"href":"https:\/\/exceladvisor.org\/es\/wp-json\/wp\/v2\/pages\/181\/revisions\/1161"}],"wp:attachment":[{"href":"https:\/\/exceladvisor.org\/es\/wp-json\/wp\/v2\/media?parent=181"}],"curies":[{"name":"wp","href":"https:\/\/api.w.org\/{rel}","templated":true}]}}