{"id":182,"date":"2023-11-13T16:20:36","date_gmt":"2023-11-13T16:20:36","guid":{"rendered":"https:\/\/exceladvisor.org\/es\/ceros-a-la-izquierda\/"},"modified":"2023-12-25T10:22:52","modified_gmt":"2023-12-25T10:22:52","slug":"ceros-a-la-izquierda","status":"publish","type":"page","link":"https:\/\/exceladvisor.org\/es\/ceros-a-la-izquierda\/","title":{"rendered":"\u00bfc\u00f3mo agregar ceros a la izquierda en excel?"},"content":{"rendered":"<div class=\"excel-antes-del-contenido\" id=\"excel-221458068\"><script type=\"text\/javascript\">\r\n\tatOptions = {\r\n\t\t'key' : 'c1158f160081d6540a8409e6925dab94',\r\n\t\t'format' : 'iframe',\r\n\t\t'height' : 250,\r\n\t\t'width' : 300,\r\n\t\t'params' : {}\r\n\t};\r\n<\/script>\r\n<script type=\"text\/javascript\" src=\"\/\/www.highperformanceformat.com\/c1158f160081d6540a8409e6925dab94\/invoke.js\"><\/script><\/div><p>Hay algunas reglas predeterminadas en Excel que pueden molestarle. Una de estas reglas es que no se puede sumar un cero antes de un n\u00famero.<\/p>\n<p> La raz\u00f3n detr\u00e1s de esto es que un cero delante de un n\u00famero no tiene significado y no tiene valor para el n\u00famero en s\u00ed.<\/p>\n<p> Siempre que intentes insertar un cero antes de un n\u00famero, Excel lo eliminar\u00e1 y solo obtendr\u00e1s el n\u00famero de un n\u00famero real.<\/p>\n<p> Ahora el problema es este: hay situaciones \u00fanicas en las que necesitamos agregar un cero antes de un n\u00famero y queremos que el cero permanezca all\u00ed.<\/p>\n<p> <span style=\"color: #000000;\">Por ejemplo,<\/span> n\u00fameros de tel\u00e9fono, c\u00f3digos postales, n\u00fameros de factura, etc.<\/p>\n<p> Entonces, hoy en este art\u00edculo, me gustar\u00eda compartir con ustedes 5 m\u00e9todos diferentes que podemos usar para agregar ceros a la izquierda en Excel.<\/p>\n<h2 id=\"h-convert-a-number-into-a-text-for-adding-zeros\" class=\"wp-block-heading\"> Convertir un n\u00famero en texto para agregar ceros<\/h2>\n<p> Aqu\u00ed hay una cosa <span style=\"font-size: revert;\">: si<\/span> <strong style=\"font-size: revert;\"><span style=\"color: #000000;\">cambias el formato de una celda de n\u00famero a texto<\/span><\/strong> <span style=\"font-size: revert;\">, puedes agregar un cero a la izquierda sin ning\u00fan problema.<\/span><\/p>\n<p> De esta manera, Excel no tratar\u00e1 su n\u00famero como un n\u00famero real ni eliminar\u00e1 los ceros.<\/p>\n<ul>\n<li> Seleccione las celdas donde desea agregar ceros a la izquierda.<\/li>\n<li> Vaya a Inicio \u279c N\u00famero \u279c Cambie el formato del n\u00famero a texto. <\/li>\n<\/ul>\n<div class=\"wp-block-image\">\n<figure class=\"aligncenter\"><img decoding=\"async\" src=\"https:\/\/exceladvisor.org\/wp-content\/uploads\/2023\/08\/Ajouter-des-zeros-non-significatifs-dans-Excel-3-1.gif\" sizes=\"\" srcset=\"\" alt=\"Uso de formato de texto para agregar ceros a la izquierda en Excel antes de un n\u00famero\"><\/figure>\n<\/div>\n<p> Ahora puedes agregar f\u00e1cilmente ceros al comienzo de los n\u00fameros. Ya no puedes utilizar estos n\u00fameros en ning\u00fan tipo de c\u00e1lculo porque ahora est\u00e1n en formato de texto.<\/p>\n<h2 id=\"h-use-concatenate-function-to-add-a-zero\" class=\"wp-block-heading\"> Utilice la funci\u00f3n de concatenar para agregar un cero<\/h2>\n<p> Si desea insertar un n\u00famero fijo de ceros antes de un n\u00famero, puede utilizar la funci\u00f3n de concatenaci\u00f3n.<\/p>\n<p> Con la funci\u00f3n CONCATENAR, <span style=\"font-size: revert;\">combinas ceros con n\u00fameros reales.<\/span> Puedes usar una f\u00f3rmula como la siguiente para agregar un cero antes de los n\u00fameros en una celda. <\/p>\n<pre class=\"wp-block-code\"> <code class=\"language-excel-formula\" lang=\"excel-formula\">=CONCATENATE(\"0\",\"123458\")<\/code><\/pre>\n<div class=\"wp-block-image\">\n<figure class=\"aligncenter\"><img decoding=\"async\" src=\"https:\/\/exceladvisor.org\/wp-content\/uploads\/2023\/08\/Ajouter-des-zeros-non-significatifs-dans-Excel-4-1.png\" sizes=\"\" srcset=\"\" alt=\"Uso de la funci\u00f3n de concatenar para agregar ceros a la izquierda en Excel antes de un n\u00famero\"><\/figure>\n<\/div>\n<p class=\"content-box-red\"> Ya no puedes utilizar estos n\u00fameros en ning\u00fan tipo de c\u00e1lculo porque ahora est\u00e1n en formato de texto.<\/p>\n<h2 id=\"h-add-dynamic-leading-zeros-with-rept-function\" class=\"wp-block-heading\"> Agregue ceros iniciales din\u00e1micos con la funci\u00f3n REPT<\/h2>\n<p> REPT es una de <a style=\"outline: none; display: inline-block;\" href=\"https:\/\/exceladvisor.org\/es\/funciones-de-excel\/\">mis funciones favoritas de Excel<\/a> que puede repetir texto varias veces. Ahora d\u00e9jame mostrarte c\u00f3mo esto puede ayudarnos a poner el prefijo cero en una celda. <\/p>\n<div class=\"wp-block-image\">\n<figure class=\"aligncenter\"><img decoding=\"async\" src=\"https:\/\/exceladvisor.org\/wp-content\/uploads\/2023\/08\/Ajouter-des-zeros-non-significatifs-dans-Excel-5-1.gif\" sizes=\"\" srcset=\"\" alt=\"Uso de la funci\u00f3n REPT para agregar ceros a la izquierda en Excel antes de un n\u00famero\"><\/figure>\n<\/div>\n<pre class=\"wp-block-code\"> <code class=\"language-excel-formula\" lang=\"excel-formula\">=REPT(0,7-LEN(B5))&amp;B5<\/code><\/pre>\n<p> En el ejemplo anterior, usamos REPT para obtener un total de 8 d\u00edgitos en una celda. Si una celda tiene 6 d\u00edgitos, entonces el resto de los 2 d\u00edgitos ser\u00e1 cero y si una celda tiene 4 d\u00edgitos, entonces el resto de los 4 d\u00edgitos ser\u00e1 cero.<\/p>\n<p> Esta es una f\u00f3rmula din\u00e1mica para obtener cero antes de los n\u00fameros. Ya no puedes utilizar estos n\u00fameros en ning\u00fan tipo de c\u00e1lculo porque ahora est\u00e1n en formato de texto.<\/p>\n<h2 id=\"h-use-text-function-to-add-leading-zeros-format\" class=\"wp-block-heading\"> Utilice la funci\u00f3n TEXTO para agregar formato de cero a la izquierda<\/h2>\n<p> Tambi\u00e9n puede utilizar la <a href=\"https:\/\/support.office.com\/en-us\/article\/text-functions-reference-cccd86ad-547d-4ea9-a065-7bb697c2a56e\" target=\"_blank\" rel=\"noopener noreferrer\">funci\u00f3n TEXTO<\/a> para agregar ceros a la izquierda. La funci\u00f3n TEXTO le dar\u00e1 el mismo resultado que puede obtener usando el formato de texto. <\/p>\n<pre class=\"wp-block-code\"> <code class=\"language-excel-formula\" lang=\"excel-formula\">=TEXT(B6,\"0000000\")<\/code><\/pre>\n<div class=\"wp-block-image\">\n<figure class=\"aligncenter\"><img decoding=\"async\" src=\"https:\/\/exceladvisor.org\/wp-content\/uploads\/2023\/08\/Ajouter-des-zeros-non-significatifs-dans-Excel-6-1.gif\" sizes=\"\" srcset=\"\" alt=\"Uso de la funci\u00f3n de texto para agregar ceros a la izquierda en Excel antes de un n\u00famero\"><\/figure>\n<\/div>\n<p> En el ejemplo anterior, hemos convertido un n\u00famero en un texto en el que siempre obtendr\u00e1s 7 d\u00edgitos. Si tienes 5 d\u00edgitos, los n\u00fameros restantes de los 2 ser\u00e1n ceros al principio.<\/p>\n<p> En la funci\u00f3n de texto, simplemente consulte la celda que tiene el valor y luego el formato como especifiqu\u00e9 en el ejemplo anterior. No puede utilizar estos n\u00fameros en ning\u00fan tipo de c\u00e1lculo porque ahora est\u00e1n en formato de texto.<\/p>\n<h2 id=\"h-apply-custom-format-with-leading-zeros\" class=\"wp-block-heading\"> Aplicar formato personalizado con ceros a la izquierda<\/h2>\n<p> Si no desea utilizar f\u00f3rmulas u otros m\u00e9todos, puede aplicar un formato personalizado a una celda. Creo que este es el mejor m\u00e9todo a utilizar y <span style=\"color: #000000;\">tiene una ventaja adicional sobre todos los dem\u00e1s m\u00e9todos<\/span> . <\/p>\n<div class=\"wp-block-image\">\n<figure class=\"aligncenter\"><img decoding=\"async\" src=\"https:\/\/exceladvisor.org\/wp-content\/uploads\/2023\/08\/Ajouter-des-zeros-non-significatifs-dans-Excel-7-1.png\" sizes=\"\" srcset=\"\" alt=\"use un formato personalizado para agregar ceros a la izquierda en Excel\"><\/figure>\n<\/div>\n<ol>\n<li> Seleccione la celda donde desea agregar ceros como prefijo.<\/li>\n<li> Haga clic derecho en \u279c Opci\u00f3n de formato o tambi\u00e9n puede usar la tecla de acceso directo Ctrl+1 para abrir el \u201cCuadro de di\u00e1logo Formato de celda\u201d.<\/li>\n<li> En Categor\u00eda \u279c Seleccione Personalizado.<\/li>\n<li> En el cuadro de di\u00e1logo de entrada personalizada, ingrese \u00ab0000000\u00bb.<\/li>\n<li> Haga clic en Aceptar.<\/li>\n<\/ol>\n<p> En el ejemplo anterior, hemos formateado las celdas con n\u00fameros de 7 d\u00edgitos en los que siempre obtendr\u00e1 7 d\u00edgitos. Si tiene 5 d\u00edgitos, el resto de los 2 ser\u00e1n ceros a la izquierda.<\/p>\n<p> Si marca <a style=\"outline: none;\" href=\"https:\/\/exceladvisor.org\/es\/barra-de-formulas-de-excel\/\">la barra de f\u00f3rmulas de Excel<\/a> , tendr\u00e1 el valor num\u00e9rico real en la celda y podr\u00e1 usar este n\u00famero para el c\u00e1lculo, lo cual no es posible en el resto de m\u00e9todos. <\/p>\n<div class=\"gb-container gb-container-bafb25cc gb-container-download-2\">\n<div class=\"gb-grid-wrapper gb-grid-wrapper-91201309\">\n<div class=\"gb-grid-column gb-grid-column-15a917ef\">\n<div class=\"gb-container gb-container-15a917ef\">\n<h2 class=\"gb-headline gb-headline-f2deb261 gb-headline-text gb-headline-download-2\"> Obtener el archivo Excel <\/h2>\n<\/div>\n<\/div>\n<div class=\"gb-grid-column gb-grid-column-18357188\">\n<div class=\"gb-container gb-container-18357188\">\n<div class=\"gb-container gb-container-76cbe15e\"> <a class=\"gb-button gb-button-cb63d00a gb-button-text gb-button-download-2\" href=\"https:\/\/exceladvisor.org\/wp-content\/uploads\/2023\/11\/ajouter-des-zeros-non-significatifs-dans-excel.xlsx\" rel=\"nofollow\">Descargar<\/a><\/div>\n<\/div>\n<\/div>\n<\/div>\n<\/div>\n<h2 id=\"h-conclusion\" class=\"wp-block-heading\"> Conclusi\u00f3n<\/h2>\n<p> La mayor\u00eda de las veces es necesario insertar un cero antes de un n\u00famero cuando tratamos con un tipo espec\u00edfico de n\u00fameros, es decir, n\u00fameros de factura, n\u00fameros de m\u00f3vil, c\u00f3digos postales, etc.<\/p>\n<p> Con n\u00fameros normales este tipo de situaciones nunca se dan porque estamos m\u00e1s en el c\u00e1lculo que en el formato.<\/p>\n<p> Pero si esto sucede, ahora tienes 5 m\u00e9todos diferentes para solucionarlo y espero que estos m\u00e9todos te ayuden, pero ahora dime una cosa.<\/p>\n<p> \u00bfTiene otro m\u00e9todo para sumar ceros delante de un n\u00famero?<\/p>\n<p> Aseg\u00farese de compartir sus pensamientos conmigo en la secci\u00f3n de comentarios, me encantar\u00eda saber de usted. Y no olvides compartir esta publicaci\u00f3n con tus amigos, estoy seguro de que la disfrutar\u00e1n.<\/p>\n<div class=\"gb-container gb-container-0df56012 gb-container-mt\"> <a class=\"gb-button gb-button-f9f432f4 gb-button-text gb-button-mt-button\" href=\"https:\/\/exceladvisor.org\/es\/formulas\/\">Lista de f\u00f3rmulas de Excel<\/a><\/p>\n<h2 class=\"gb-headline gb-headline-233444e8 gb-headline-text gb-headline-mt-heading\"> F\u00f3rmulas relacionadas <\/h2>\n<div class=\"gb-grid-wrapper gb-grid-wrapper-a16fa65c gb-grid-wrapper-mt-grid\">\n<div class=\"gb-grid-column gb-grid-column-50d07e0d\">\n<div class=\"gb-container gb-container-50d07e0d\">\n<ul>\n<li> <a href=\"https:\/\/exceladvisor.org\/es\/nueva-linea-en-la-celda\/\">Agregar una nueva l\u00ednea a una celda en Excel (salto de l\u00ednea)<\/a><\/li>\n<li> <a href=\"https:\/\/exceladvisor.org\/es\/concatenar-celdas-con-una-coma\/\">Concatenar (combinar) celdas con una coma en Excel<\/a><\/li>\n<li> <a href=\"https:\/\/exceladvisor.org\/es\/concatenar-un-rango-de-celdas\/\">Concatenar (combinar) un rango de celdas en Excel<\/a><\/li>\n<li> <a href=\"https:\/\/exceladvisor.org\/es\/concatenar-un-salto-de-linea\/\">Concatenar con salto de l\u00ednea en Excel<\/a> <\/li>\n<\/ul>\n<\/div>\n<\/div>\n<div class=\"gb-grid-column gb-grid-column-5b4a0cf9\">\n<div class=\"gb-container gb-container-5b4a0cf9\"><\/div>\n<\/div>\n<\/div>\n<\/div>\n","protected":false},"excerpt":{"rendered":"<p>Hay algunas reglas predeterminadas en Excel que pueden molestarle. Una de estas reglas es que no se puede sumar un cero antes de un n\u00famero. La raz\u00f3n detr\u00e1s de esto es que un cero delante de un n\u00famero no tiene significado y no tiene valor para el n\u00famero en s\u00ed. Siempre que intentes insertar un [&hellip;]<\/p>\n","protected":false},"author":1,"featured_media":0,"parent":0,"menu_order":0,"comment_status":"open","ping_status":"closed","template":"","meta":{"ub_ctt_via":"","footnotes":""},"class_list":["post-182","page","type-page","status-publish","hentry"],"featured_image_src":null,"yoast_head":"<!-- This site is optimized with the Yoast SEO plugin v25.4 - https:\/\/yoast.com\/wordpress\/plugins\/seo\/ -->\n<title>\u00bfc\u00f3mo agregar ceros a la izquierda en excel?<\/title>\n<meta name=\"robots\" content=\"index, follow, max-snippet:-1, max-image-preview:large, max-video-preview:-1\" \/>\n<link rel=\"canonical\" href=\"https:\/\/exceladvisor.org\/es\/ceros-a-la-izquierda\/\" \/>\n<meta property=\"og:locale\" content=\"es_ES\" \/>\n<meta property=\"og:type\" content=\"article\" \/>\n<meta property=\"og:title\" content=\"\u00bfc\u00f3mo agregar ceros a la izquierda en excel?\" \/>\n<meta property=\"og:description\" content=\"Hay algunas reglas predeterminadas en Excel que pueden molestarle. Una de estas reglas es que no se puede sumar un cero antes de un n\u00famero. La raz\u00f3n detr\u00e1s de esto es que un cero delante de un n\u00famero no tiene significado y no tiene valor para el n\u00famero en s\u00ed. Siempre que intentes insertar un [&hellip;]\" \/>\n<meta property=\"og:url\" content=\"https:\/\/exceladvisor.org\/es\/ceros-a-la-izquierda\/\" \/>\n<meta property=\"og:site_name\" content=\"Excel Advisor\" \/>\n<meta property=\"article:modified_time\" content=\"2023-12-25T10:22:52+00:00\" \/>\n<meta property=\"og:image\" content=\"https:\/\/exceladvisor.org\/wp-content\/uploads\/2023\/08\/Ajouter-des-zeros-non-significatifs-dans-Excel-3-1.gif\" \/>\n<meta name=\"twitter:card\" content=\"summary_large_image\" \/>\n<meta name=\"twitter:label1\" content=\"Tiempo de lectura\" \/>\n\t<meta name=\"twitter:data1\" content=\"5 minutos\" \/>\n<script type=\"application\/ld+json\" class=\"yoast-schema-graph\">{\"@context\":\"https:\/\/schema.org\",\"@graph\":[{\"@type\":\"WebPage\",\"@id\":\"https:\/\/exceladvisor.org\/es\/ceros-a-la-izquierda\/\",\"url\":\"https:\/\/exceladvisor.org\/es\/ceros-a-la-izquierda\/\",\"name\":\"\u00bfc\u00f3mo agregar ceros a la izquierda en excel?\",\"isPartOf\":{\"@id\":\"https:\/\/exceladvisor.org\/es\/#website\"},\"primaryImageOfPage\":{\"@id\":\"https:\/\/exceladvisor.org\/es\/ceros-a-la-izquierda\/#primaryimage\"},\"image\":{\"@id\":\"https:\/\/exceladvisor.org\/es\/ceros-a-la-izquierda\/#primaryimage\"},\"thumbnailUrl\":\"https:\/\/exceladvisor.org\/wp-content\/uploads\/2023\/08\/Ajouter-des-zeros-non-significatifs-dans-Excel-3-1.gif\",\"datePublished\":\"2023-11-13T16:20:36+00:00\",\"dateModified\":\"2023-12-25T10:22:52+00:00\",\"breadcrumb\":{\"@id\":\"https:\/\/exceladvisor.org\/es\/ceros-a-la-izquierda\/#breadcrumb\"},\"inLanguage\":\"es\",\"potentialAction\":[{\"@type\":\"ReadAction\",\"target\":[\"https:\/\/exceladvisor.org\/es\/ceros-a-la-izquierda\/\"]}]},{\"@type\":\"ImageObject\",\"inLanguage\":\"es\",\"@id\":\"https:\/\/exceladvisor.org\/es\/ceros-a-la-izquierda\/#primaryimage\",\"url\":\"https:\/\/exceladvisor.org\/wp-content\/uploads\/2023\/08\/Ajouter-des-zeros-non-significatifs-dans-Excel-3-1.gif\",\"contentUrl\":\"https:\/\/exceladvisor.org\/wp-content\/uploads\/2023\/08\/Ajouter-des-zeros-non-significatifs-dans-Excel-3-1.gif\"},{\"@type\":\"BreadcrumbList\",\"@id\":\"https:\/\/exceladvisor.org\/es\/ceros-a-la-izquierda\/#breadcrumb\",\"itemListElement\":[{\"@type\":\"ListItem\",\"position\":1,\"name\":\"Hogar\",\"item\":\"https:\/\/exceladvisor.org\/es\/\"},{\"@type\":\"ListItem\",\"position\":2,\"name\":\"\u00bfc\u00f3mo agregar ceros a la izquierda en excel?\"}]},{\"@type\":\"WebSite\",\"@id\":\"https:\/\/exceladvisor.org\/es\/#website\",\"url\":\"https:\/\/exceladvisor.org\/es\/\",\"name\":\"Excel Advisor\",\"description\":\"Su gu\u00eda para la dominaci\u00f3n de datos!\",\"publisher\":{\"@id\":\"https:\/\/exceladvisor.org\/es\/#organization\"},\"potentialAction\":[{\"@type\":\"SearchAction\",\"target\":{\"@type\":\"EntryPoint\",\"urlTemplate\":\"https:\/\/exceladvisor.org\/es\/?s={search_term_string}\"},\"query-input\":{\"@type\":\"PropertyValueSpecification\",\"valueRequired\":true,\"valueName\":\"search_term_string\"}}],\"inLanguage\":\"es\"},{\"@type\":\"Organization\",\"@id\":\"https:\/\/exceladvisor.org\/es\/#organization\",\"name\":\"Excel Advisor\",\"url\":\"https:\/\/exceladvisor.org\/es\/\",\"logo\":{\"@type\":\"ImageObject\",\"inLanguage\":\"es\",\"@id\":\"https:\/\/exceladvisor.org\/es\/#\/schema\/logo\/image\/\",\"url\":\"https:\/\/exceladvisor.org\/es\/wp-content\/uploads\/2023\/12\/exceladvisor.org_.png\",\"contentUrl\":\"https:\/\/exceladvisor.org\/es\/wp-content\/uploads\/2023\/12\/exceladvisor.org_.png\",\"width\":105,\"height\":36,\"caption\":\"Excel Advisor\"},\"image\":{\"@id\":\"https:\/\/exceladvisor.org\/es\/#\/schema\/logo\/image\/\"}}]}<\/script>\n<!-- \/ Yoast SEO plugin. -->","yoast_head_json":{"title":"\u00bfc\u00f3mo agregar ceros a la izquierda en excel?","robots":{"index":"index","follow":"follow","max-snippet":"max-snippet:-1","max-image-preview":"max-image-preview:large","max-video-preview":"max-video-preview:-1"},"canonical":"https:\/\/exceladvisor.org\/es\/ceros-a-la-izquierda\/","og_locale":"es_ES","og_type":"article","og_title":"\u00bfc\u00f3mo agregar ceros a la izquierda en excel?","og_description":"Hay algunas reglas predeterminadas en Excel que pueden molestarle. Una de estas reglas es que no se puede sumar un cero antes de un n\u00famero. La raz\u00f3n detr\u00e1s de esto es que un cero delante de un n\u00famero no tiene significado y no tiene valor para el n\u00famero en s\u00ed. Siempre que intentes insertar un [&hellip;]","og_url":"https:\/\/exceladvisor.org\/es\/ceros-a-la-izquierda\/","og_site_name":"Excel Advisor","article_modified_time":"2023-12-25T10:22:52+00:00","og_image":[{"url":"https:\/\/exceladvisor.org\/wp-content\/uploads\/2023\/08\/Ajouter-des-zeros-non-significatifs-dans-Excel-3-1.gif","type":"","width":"","height":""}],"twitter_card":"summary_large_image","twitter_misc":{"Tiempo de lectura":"5 minutos"},"schema":{"@context":"https:\/\/schema.org","@graph":[{"@type":"WebPage","@id":"https:\/\/exceladvisor.org\/es\/ceros-a-la-izquierda\/","url":"https:\/\/exceladvisor.org\/es\/ceros-a-la-izquierda\/","name":"\u00bfc\u00f3mo agregar ceros a la izquierda en excel?","isPartOf":{"@id":"https:\/\/exceladvisor.org\/es\/#website"},"primaryImageOfPage":{"@id":"https:\/\/exceladvisor.org\/es\/ceros-a-la-izquierda\/#primaryimage"},"image":{"@id":"https:\/\/exceladvisor.org\/es\/ceros-a-la-izquierda\/#primaryimage"},"thumbnailUrl":"https:\/\/exceladvisor.org\/wp-content\/uploads\/2023\/08\/Ajouter-des-zeros-non-significatifs-dans-Excel-3-1.gif","datePublished":"2023-11-13T16:20:36+00:00","dateModified":"2023-12-25T10:22:52+00:00","breadcrumb":{"@id":"https:\/\/exceladvisor.org\/es\/ceros-a-la-izquierda\/#breadcrumb"},"inLanguage":"es","potentialAction":[{"@type":"ReadAction","target":["https:\/\/exceladvisor.org\/es\/ceros-a-la-izquierda\/"]}]},{"@type":"ImageObject","inLanguage":"es","@id":"https:\/\/exceladvisor.org\/es\/ceros-a-la-izquierda\/#primaryimage","url":"https:\/\/exceladvisor.org\/wp-content\/uploads\/2023\/08\/Ajouter-des-zeros-non-significatifs-dans-Excel-3-1.gif","contentUrl":"https:\/\/exceladvisor.org\/wp-content\/uploads\/2023\/08\/Ajouter-des-zeros-non-significatifs-dans-Excel-3-1.gif"},{"@type":"BreadcrumbList","@id":"https:\/\/exceladvisor.org\/es\/ceros-a-la-izquierda\/#breadcrumb","itemListElement":[{"@type":"ListItem","position":1,"name":"Hogar","item":"https:\/\/exceladvisor.org\/es\/"},{"@type":"ListItem","position":2,"name":"\u00bfc\u00f3mo agregar ceros a la izquierda en excel?"}]},{"@type":"WebSite","@id":"https:\/\/exceladvisor.org\/es\/#website","url":"https:\/\/exceladvisor.org\/es\/","name":"Excel Advisor","description":"Su gu\u00eda para la dominaci\u00f3n de datos!","publisher":{"@id":"https:\/\/exceladvisor.org\/es\/#organization"},"potentialAction":[{"@type":"SearchAction","target":{"@type":"EntryPoint","urlTemplate":"https:\/\/exceladvisor.org\/es\/?s={search_term_string}"},"query-input":{"@type":"PropertyValueSpecification","valueRequired":true,"valueName":"search_term_string"}}],"inLanguage":"es"},{"@type":"Organization","@id":"https:\/\/exceladvisor.org\/es\/#organization","name":"Excel Advisor","url":"https:\/\/exceladvisor.org\/es\/","logo":{"@type":"ImageObject","inLanguage":"es","@id":"https:\/\/exceladvisor.org\/es\/#\/schema\/logo\/image\/","url":"https:\/\/exceladvisor.org\/es\/wp-content\/uploads\/2023\/12\/exceladvisor.org_.png","contentUrl":"https:\/\/exceladvisor.org\/es\/wp-content\/uploads\/2023\/12\/exceladvisor.org_.png","width":105,"height":36,"caption":"Excel Advisor"},"image":{"@id":"https:\/\/exceladvisor.org\/es\/#\/schema\/logo\/image\/"}}]}},"yoast_meta":{"yoast_wpseo_title":"","yoast_wpseo_metadesc":"","yoast_wpseo_canonical":""},"_links":{"self":[{"href":"https:\/\/exceladvisor.org\/es\/wp-json\/wp\/v2\/pages\/182","targetHints":{"allow":["GET"]}}],"collection":[{"href":"https:\/\/exceladvisor.org\/es\/wp-json\/wp\/v2\/pages"}],"about":[{"href":"https:\/\/exceladvisor.org\/es\/wp-json\/wp\/v2\/types\/page"}],"author":[{"embeddable":true,"href":"https:\/\/exceladvisor.org\/es\/wp-json\/wp\/v2\/users\/1"}],"replies":[{"embeddable":true,"href":"https:\/\/exceladvisor.org\/es\/wp-json\/wp\/v2\/comments?post=182"}],"version-history":[{"count":1,"href":"https:\/\/exceladvisor.org\/es\/wp-json\/wp\/v2\/pages\/182\/revisions"}],"predecessor-version":[{"id":798,"href":"https:\/\/exceladvisor.org\/es\/wp-json\/wp\/v2\/pages\/182\/revisions\/798"}],"wp:attachment":[{"href":"https:\/\/exceladvisor.org\/es\/wp-json\/wp\/v2\/media?parent=182"}],"curies":[{"name":"wp","href":"https:\/\/api.w.org\/{rel}","templated":true}]}}