{"id":183,"date":"2023-11-13T16:18:06","date_gmt":"2023-11-13T16:18:06","guid":{"rendered":"https:\/\/exceladvisor.org\/es\/barra-de-desplazamiento\/"},"modified":"2023-12-25T10:26:52","modified_gmt":"2023-12-25T10:26:52","slug":"barra-de-desplazamiento","status":"publish","type":"page","link":"https:\/\/exceladvisor.org\/es\/barra-de-desplazamiento\/","title":{"rendered":"\u00bfc\u00f3mo recuperar la barra de desplazamiento en excel?"},"content":{"rendered":"<div class=\"excel-antes-del-contenido\" id=\"excel-3944461589\"><script type=\"text\/javascript\">\r\n\tatOptions = {\r\n\t\t'key' : 'c1158f160081d6540a8409e6925dab94',\r\n\t\t'format' : 'iframe',\r\n\t\t'height' : 250,\r\n\t\t'width' : 300,\r\n\t\t'params' : {}\r\n\t};\r\n<\/script>\r\n<script type=\"text\/javascript\" src=\"\/\/www.highperformanceformat.com\/c1158f160081d6540a8409e6925dab94\/invoke.js\"><\/script><\/div><p>En Excel, si la barra de desplazamiento est\u00e1 oculta o no puede mostrarla en la ventana de Excel, existen dos formas r\u00e1pidas de recuperarla. Y en este tutorial, vamos a discutirlo. <\/p>\n<div class=\"wp-block-image\">\n<figure class=\"aligncenter size-full is-resized\"><img loading=\"lazy\" decoding=\"async\" class=\"wp-image-88989\" src=\"https:\/\/exceladvisor.org\/wp-content\/uploads\/2023\/08\/1-barre-de-defilement-cachee-dans-excel.png\" sizes=\"auto, \" srcset=\"\" alt=\"barra de desplazamiento oculta en excel\" width=\"660\" height=\"192\"><\/figure>\n<\/div>\n<h2 class=\"wp-block-heading\"> Mostrar barras de desplazamiento desde las opciones de Excel<\/h2>\n<p> Utilice los pasos a continuaci\u00f3n:<\/p>\n<ol type=\"1\">\n<li> Vaya a la pesta\u00f1a Archivo.<\/li>\n<li> Abra Opciones de Excel.<\/li>\n<li> Haga clic en la pesta\u00f1a Avanzado.<\/li>\n<li> Despl\u00e1cese hacia abajo y marque ambas casillas.<\/li>\n<li> Haga clic en Aceptar para guardar. <\/li>\n<\/ol>\n<div class=\"wp-block-image\">\n<figure class=\"aligncenter size-full is-resized\"><img loading=\"lazy\" decoding=\"async\" class=\"wp-image-88990\" src=\"https:\/\/exceladvisor.org\/wp-content\/uploads\/2023\/08\/2-afficher-la-barre-de-defilement-dans-Excel.png\" sizes=\"auto, \" srcset=\"\" alt=\"mostrar la barra de desplazamiento hacia atr\u00e1s en Excel\" width=\"580\" height=\"389\"><\/figure>\n<\/div>\n<p> En el momento en que hace clic en Aceptar, recuperar\u00e1 ambas barras de desplazamiento. <\/p>\n<div class=\"wp-block-image\">\n<figure class=\"aligncenter size-full is-resized\"><img loading=\"lazy\" decoding=\"async\" class=\"wp-image-88991\" src=\"https:\/\/exceladvisor.org\/wp-content\/uploads\/2023\/08\/3-barre-de-defilement-dans-excel.png\" sizes=\"auto, \" srcset=\"\" alt=\"barra de desplazamiento-de-vuelta-en-excel\" width=\"598\" height=\"195\"><\/figure>\n<\/div>\n<p> Ocultar o mostrar una barra de desplazamiento es una configuraci\u00f3n a nivel de libro de trabajo. Cuando oculta una barra de desplazamiento, Excel solo modifica el libro actual (activo).<\/p>\n<h2 class=\"wp-block-heading\"> Usando c\u00f3digo VBA para mostrar la barra de desplazamiento<\/h2>\n<p> Tambi\u00e9n puede usar c\u00f3digo VBA para mostrar una barra de desplazamiento en la ventana de Excel.<\/p>\n<pre class=\"wp-block-code\"> <code class=\"language-visual-basic\" lang=\"visual-basic\">Sub ScrollBarOn()    With ActiveWindow        .DisplayHorizontalScrollBar = True        .DisplayVerticalScrollBar = True    End With End Sub<\/code><\/pre>\n<ul>\n<li> Vaya a la <a href=\"https:\/\/exceladvisor.org\/es\/agregar-una-pestana-de-desarrollador\/\">pesta\u00f1a Desarrollador<\/a> .<\/li>\n<li> Abra <a href=\"https:\/\/exceladvisor.org\/es\/editor-visual-basico\/\">el editor de Visual Basic<\/a> .<\/li>\n<li> Insertar un <a href=\"https:\/\/exceladvisor.org\/es\/modulo\/\">m\u00f3dulo<\/a> .<\/li>\n<li> Pegue el c\u00f3digo y luego <a href=\"https:\/\/exceladvisor.org\/es\/ejecutar-una-macro-2\/\">ejec\u00fatelo<\/a> . <\/li>\n<\/ul>\n<div class=\"wp-block-image\">\n<figure class=\"aligncenter size-full is-resized\"><img loading=\"lazy\" decoding=\"async\" class=\"wp-image-88992\" src=\"https:\/\/exceladvisor.org\/wp-content\/uploads\/2023\/08\/4-code-vba-pour-obtenir-la-barre-de-defilement.png\" sizes=\"auto, \" srcset=\"\" alt=\"c\u00f3digo-vba-para-obtener-barra-de-desplazamiento\" width=\"626\" height=\"284\"><\/figure>\n<\/div>\n<p> Y si quieres ocultarlo, usa el siguiente c\u00f3digo.<\/p>\n<pre class=\"wp-block-code\"> <code class=\"language-visual-basic\" lang=\"visual-basic\">Sub ScrollBarOff()    With ActiveWindow        .DisplayHorizontalScrollBar = False        .DisplayVerticalScrollBar = False    End With End Sub<\/code><\/pre>\n<div class=\"gb-container gb-container-29c351cb gb-container-mt\"> <a class=\"gb-button gb-button-3f93e23e gb-button-text gb-button-mt-button\" href=\"https:\/\/exceladvisor.org\/es\/conceptos-basicos-de-excel\/\">Conceptos b\u00e1sicos de Microsoft Excel (componentes, piezas y notas de conocimiento)<\/a><\/p>\n<h2 class=\"gb-headline gb-headline-039c6b39 gb-headline-text gb-headline-mt-heading\"> M\u00e1s tutoriales <\/h2>\n<div class=\"gb-grid-wrapper gb-grid-wrapper-a21eef70 gb-grid-wrapper-mt-grid\">\n<div class=\"gb-grid-column gb-grid-column-8876d83d\">\n<div class=\"gb-container gb-container-8876d83d\">\n<ul>\n<li> <a href=\"https:\/\/exceladvisor.org\/es\/justificar-completamente\/\">Llenar justificar en Excel<\/a><\/li>\n<li> <a href=\"https:\/\/exceladvisor.org\/es\/formato-pintor\/\">Copiar formato en Excel<\/a><\/li>\n<li> <a href=\"https:\/\/exceladvisor.org\/es\/barra-de-acceso-rapido\/\">Barra de herramientas de acceso r\u00e1pido en Excel<\/a><\/li>\n<li> <a href=\"https:\/\/exceladvisor.org\/es\/barra-de-formulas-de-excel\/\">Barra de f\u00f3rmulas en Excel<\/a><\/li>\n<li> <a href=\"https:\/\/exceladvisor.org\/es\/gobernante\/\">Mostrar regla en Excel<\/a> <\/li>\n<\/ul>\n<\/div>\n<\/div>\n<div class=\"gb-grid-column gb-grid-column-ee06a2c7\">\n<div class=\"gb-container gb-container-ee06a2c7\">\n<ul>\n<li> <a href=\"https:\/\/exceladvisor.org\/es\/cinta\/\">Cinta en Excel<\/a><\/li>\n<li> <a href=\"https:\/\/exceladvisor.org\/es\/alineacion\/\">Alineaci\u00f3n en Excel<\/a><\/li>\n<li> <a href=\"https:\/\/exceladvisor.org\/es\/guardar-el-archivo\/\">Guardar un archivo en Excel<\/a><\/li>\n<li> <a href=\"https:\/\/exceladvisor.org\/es\/meses-moviles-automaticos\/\">Meses m\u00f3viles autom\u00e1ticos en Excel<\/a><\/li>\n<li> <a href=\"https:\/\/exceladvisor.org\/es\/vista-detras-de-escena\/\">Abrir la vista Backstage en Excel<\/a><\/li>\n<\/ul>\n<\/div>\n<\/div>\n<\/div>\n<\/div>\n","protected":false},"excerpt":{"rendered":"<p>En Excel, si la barra de desplazamiento est\u00e1 oculta o no puede mostrarla en la ventana de Excel, existen dos formas r\u00e1pidas de recuperarla. Y en este tutorial, vamos a discutirlo. Mostrar barras de desplazamiento desde las opciones de Excel Utilice los pasos a continuaci\u00f3n: Vaya a la pesta\u00f1a Archivo. Abra Opciones de Excel. Haga [&hellip;]<\/p>\n","protected":false},"author":1,"featured_media":0,"parent":0,"menu_order":0,"comment_status":"open","ping_status":"closed","template":"","meta":{"ub_ctt_via":"","footnotes":""},"class_list":["post-183","page","type-page","status-publish","hentry"],"featured_image_src":null,"yoast_head":"<!-- This site is optimized with the Yoast SEO plugin v25.4 - https:\/\/yoast.com\/wordpress\/plugins\/seo\/ -->\n<title>\u00bfc\u00f3mo recuperar la barra de desplazamiento en excel?<\/title>\n<meta name=\"robots\" content=\"index, follow, max-snippet:-1, max-image-preview:large, max-video-preview:-1\" \/>\n<link rel=\"canonical\" href=\"https:\/\/exceladvisor.org\/es\/barra-de-desplazamiento\/\" \/>\n<meta property=\"og:locale\" content=\"es_ES\" \/>\n<meta property=\"og:type\" content=\"article\" \/>\n<meta property=\"og:title\" content=\"\u00bfc\u00f3mo recuperar la barra de desplazamiento en excel?\" \/>\n<meta property=\"og:description\" content=\"En Excel, si la barra de desplazamiento est\u00e1 oculta o no puede mostrarla en la ventana de Excel, existen dos formas r\u00e1pidas de recuperarla. Y en este tutorial, vamos a discutirlo. Mostrar barras de desplazamiento desde las opciones de Excel Utilice los pasos a continuaci\u00f3n: Vaya a la pesta\u00f1a Archivo. Abra Opciones de Excel. Haga [&hellip;]\" \/>\n<meta property=\"og:url\" content=\"https:\/\/exceladvisor.org\/es\/barra-de-desplazamiento\/\" \/>\n<meta property=\"og:site_name\" content=\"Excel Advisor\" \/>\n<meta property=\"article:modified_time\" content=\"2023-12-25T10:26:52+00:00\" \/>\n<meta property=\"og:image\" content=\"https:\/\/exceladvisor.org\/wp-content\/uploads\/2023\/08\/1-barre-de-defilement-cachee-dans-excel.png\" \/>\n<meta name=\"twitter:card\" content=\"summary_large_image\" \/>\n<meta name=\"twitter:label1\" content=\"Tiempo de lectura\" \/>\n\t<meta name=\"twitter:data1\" content=\"1 minuto\" \/>\n<script type=\"application\/ld+json\" class=\"yoast-schema-graph\">{\"@context\":\"https:\/\/schema.org\",\"@graph\":[{\"@type\":\"WebPage\",\"@id\":\"https:\/\/exceladvisor.org\/es\/barra-de-desplazamiento\/\",\"url\":\"https:\/\/exceladvisor.org\/es\/barra-de-desplazamiento\/\",\"name\":\"\u00bfc\u00f3mo recuperar la barra de desplazamiento en excel?\",\"isPartOf\":{\"@id\":\"https:\/\/exceladvisor.org\/es\/#website\"},\"primaryImageOfPage\":{\"@id\":\"https:\/\/exceladvisor.org\/es\/barra-de-desplazamiento\/#primaryimage\"},\"image\":{\"@id\":\"https:\/\/exceladvisor.org\/es\/barra-de-desplazamiento\/#primaryimage\"},\"thumbnailUrl\":\"https:\/\/exceladvisor.org\/wp-content\/uploads\/2023\/08\/1-barre-de-defilement-cachee-dans-excel.png\",\"datePublished\":\"2023-11-13T16:18:06+00:00\",\"dateModified\":\"2023-12-25T10:26:52+00:00\",\"breadcrumb\":{\"@id\":\"https:\/\/exceladvisor.org\/es\/barra-de-desplazamiento\/#breadcrumb\"},\"inLanguage\":\"es\",\"potentialAction\":[{\"@type\":\"ReadAction\",\"target\":[\"https:\/\/exceladvisor.org\/es\/barra-de-desplazamiento\/\"]}]},{\"@type\":\"ImageObject\",\"inLanguage\":\"es\",\"@id\":\"https:\/\/exceladvisor.org\/es\/barra-de-desplazamiento\/#primaryimage\",\"url\":\"https:\/\/exceladvisor.org\/wp-content\/uploads\/2023\/08\/1-barre-de-defilement-cachee-dans-excel.png\",\"contentUrl\":\"https:\/\/exceladvisor.org\/wp-content\/uploads\/2023\/08\/1-barre-de-defilement-cachee-dans-excel.png\"},{\"@type\":\"BreadcrumbList\",\"@id\":\"https:\/\/exceladvisor.org\/es\/barra-de-desplazamiento\/#breadcrumb\",\"itemListElement\":[{\"@type\":\"ListItem\",\"position\":1,\"name\":\"Hogar\",\"item\":\"https:\/\/exceladvisor.org\/es\/\"},{\"@type\":\"ListItem\",\"position\":2,\"name\":\"\u00bfc\u00f3mo recuperar la barra de desplazamiento en excel?\"}]},{\"@type\":\"WebSite\",\"@id\":\"https:\/\/exceladvisor.org\/es\/#website\",\"url\":\"https:\/\/exceladvisor.org\/es\/\",\"name\":\"Excel Advisor\",\"description\":\"Su gu\u00eda para la dominaci\u00f3n de datos!\",\"publisher\":{\"@id\":\"https:\/\/exceladvisor.org\/es\/#organization\"},\"potentialAction\":[{\"@type\":\"SearchAction\",\"target\":{\"@type\":\"EntryPoint\",\"urlTemplate\":\"https:\/\/exceladvisor.org\/es\/?s={search_term_string}\"},\"query-input\":{\"@type\":\"PropertyValueSpecification\",\"valueRequired\":true,\"valueName\":\"search_term_string\"}}],\"inLanguage\":\"es\"},{\"@type\":\"Organization\",\"@id\":\"https:\/\/exceladvisor.org\/es\/#organization\",\"name\":\"Excel Advisor\",\"url\":\"https:\/\/exceladvisor.org\/es\/\",\"logo\":{\"@type\":\"ImageObject\",\"inLanguage\":\"es\",\"@id\":\"https:\/\/exceladvisor.org\/es\/#\/schema\/logo\/image\/\",\"url\":\"https:\/\/exceladvisor.org\/es\/wp-content\/uploads\/2023\/12\/exceladvisor.org_.png\",\"contentUrl\":\"https:\/\/exceladvisor.org\/es\/wp-content\/uploads\/2023\/12\/exceladvisor.org_.png\",\"width\":105,\"height\":36,\"caption\":\"Excel Advisor\"},\"image\":{\"@id\":\"https:\/\/exceladvisor.org\/es\/#\/schema\/logo\/image\/\"}}]}<\/script>\n<!-- \/ Yoast SEO plugin. -->","yoast_head_json":{"title":"\u00bfc\u00f3mo recuperar la barra de desplazamiento en excel?","robots":{"index":"index","follow":"follow","max-snippet":"max-snippet:-1","max-image-preview":"max-image-preview:large","max-video-preview":"max-video-preview:-1"},"canonical":"https:\/\/exceladvisor.org\/es\/barra-de-desplazamiento\/","og_locale":"es_ES","og_type":"article","og_title":"\u00bfc\u00f3mo recuperar la barra de desplazamiento en excel?","og_description":"En Excel, si la barra de desplazamiento est\u00e1 oculta o no puede mostrarla en la ventana de Excel, existen dos formas r\u00e1pidas de recuperarla. Y en este tutorial, vamos a discutirlo. Mostrar barras de desplazamiento desde las opciones de Excel Utilice los pasos a continuaci\u00f3n: Vaya a la pesta\u00f1a Archivo. Abra Opciones de Excel. Haga [&hellip;]","og_url":"https:\/\/exceladvisor.org\/es\/barra-de-desplazamiento\/","og_site_name":"Excel Advisor","article_modified_time":"2023-12-25T10:26:52+00:00","og_image":[{"url":"https:\/\/exceladvisor.org\/wp-content\/uploads\/2023\/08\/1-barre-de-defilement-cachee-dans-excel.png","type":"","width":"","height":""}],"twitter_card":"summary_large_image","twitter_misc":{"Tiempo de lectura":"1 minuto"},"schema":{"@context":"https:\/\/schema.org","@graph":[{"@type":"WebPage","@id":"https:\/\/exceladvisor.org\/es\/barra-de-desplazamiento\/","url":"https:\/\/exceladvisor.org\/es\/barra-de-desplazamiento\/","name":"\u00bfc\u00f3mo recuperar la barra de desplazamiento en excel?","isPartOf":{"@id":"https:\/\/exceladvisor.org\/es\/#website"},"primaryImageOfPage":{"@id":"https:\/\/exceladvisor.org\/es\/barra-de-desplazamiento\/#primaryimage"},"image":{"@id":"https:\/\/exceladvisor.org\/es\/barra-de-desplazamiento\/#primaryimage"},"thumbnailUrl":"https:\/\/exceladvisor.org\/wp-content\/uploads\/2023\/08\/1-barre-de-defilement-cachee-dans-excel.png","datePublished":"2023-11-13T16:18:06+00:00","dateModified":"2023-12-25T10:26:52+00:00","breadcrumb":{"@id":"https:\/\/exceladvisor.org\/es\/barra-de-desplazamiento\/#breadcrumb"},"inLanguage":"es","potentialAction":[{"@type":"ReadAction","target":["https:\/\/exceladvisor.org\/es\/barra-de-desplazamiento\/"]}]},{"@type":"ImageObject","inLanguage":"es","@id":"https:\/\/exceladvisor.org\/es\/barra-de-desplazamiento\/#primaryimage","url":"https:\/\/exceladvisor.org\/wp-content\/uploads\/2023\/08\/1-barre-de-defilement-cachee-dans-excel.png","contentUrl":"https:\/\/exceladvisor.org\/wp-content\/uploads\/2023\/08\/1-barre-de-defilement-cachee-dans-excel.png"},{"@type":"BreadcrumbList","@id":"https:\/\/exceladvisor.org\/es\/barra-de-desplazamiento\/#breadcrumb","itemListElement":[{"@type":"ListItem","position":1,"name":"Hogar","item":"https:\/\/exceladvisor.org\/es\/"},{"@type":"ListItem","position":2,"name":"\u00bfc\u00f3mo recuperar la barra de desplazamiento en excel?"}]},{"@type":"WebSite","@id":"https:\/\/exceladvisor.org\/es\/#website","url":"https:\/\/exceladvisor.org\/es\/","name":"Excel Advisor","description":"Su gu\u00eda para la dominaci\u00f3n de datos!","publisher":{"@id":"https:\/\/exceladvisor.org\/es\/#organization"},"potentialAction":[{"@type":"SearchAction","target":{"@type":"EntryPoint","urlTemplate":"https:\/\/exceladvisor.org\/es\/?s={search_term_string}"},"query-input":{"@type":"PropertyValueSpecification","valueRequired":true,"valueName":"search_term_string"}}],"inLanguage":"es"},{"@type":"Organization","@id":"https:\/\/exceladvisor.org\/es\/#organization","name":"Excel Advisor","url":"https:\/\/exceladvisor.org\/es\/","logo":{"@type":"ImageObject","inLanguage":"es","@id":"https:\/\/exceladvisor.org\/es\/#\/schema\/logo\/image\/","url":"https:\/\/exceladvisor.org\/es\/wp-content\/uploads\/2023\/12\/exceladvisor.org_.png","contentUrl":"https:\/\/exceladvisor.org\/es\/wp-content\/uploads\/2023\/12\/exceladvisor.org_.png","width":105,"height":36,"caption":"Excel Advisor"},"image":{"@id":"https:\/\/exceladvisor.org\/es\/#\/schema\/logo\/image\/"}}]}},"yoast_meta":{"yoast_wpseo_title":"","yoast_wpseo_metadesc":"","yoast_wpseo_canonical":""},"_links":{"self":[{"href":"https:\/\/exceladvisor.org\/es\/wp-json\/wp\/v2\/pages\/183","targetHints":{"allow":["GET"]}}],"collection":[{"href":"https:\/\/exceladvisor.org\/es\/wp-json\/wp\/v2\/pages"}],"about":[{"href":"https:\/\/exceladvisor.org\/es\/wp-json\/wp\/v2\/types\/page"}],"author":[{"embeddable":true,"href":"https:\/\/exceladvisor.org\/es\/wp-json\/wp\/v2\/users\/1"}],"replies":[{"embeddable":true,"href":"https:\/\/exceladvisor.org\/es\/wp-json\/wp\/v2\/comments?post=183"}],"version-history":[{"count":1,"href":"https:\/\/exceladvisor.org\/es\/wp-json\/wp\/v2\/pages\/183\/revisions"}],"predecessor-version":[{"id":1166,"href":"https:\/\/exceladvisor.org\/es\/wp-json\/wp\/v2\/pages\/183\/revisions\/1166"}],"wp:attachment":[{"href":"https:\/\/exceladvisor.org\/es\/wp-json\/wp\/v2\/media?parent=183"}],"curies":[{"name":"wp","href":"https:\/\/api.w.org\/{rel}","templated":true}]}}