{"id":189,"date":"2023-11-12T17:03:14","date_gmt":"2023-11-12T17:03:14","guid":{"rendered":"https:\/\/exceladvisor.org\/es\/rango-de-grafico-dinamico\/"},"modified":"2023-12-25T10:25:23","modified_gmt":"2023-12-25T10:25:23","slug":"rango-de-grafico-dinamico","status":"publish","type":"page","link":"https:\/\/exceladvisor.org\/es\/rango-de-grafico-dinamico\/","title":{"rendered":"\u00bfc\u00f3mo crear un rango de gr\u00e1fico din\u00e1mico?"},"content":{"rendered":"<div class=\"excel-antes-del-contenido\" id=\"excel-3270893309\"><script type=\"text\/javascript\">\r\n\tatOptions = {\r\n\t\t'key' : 'c1158f160081d6540a8409e6925dab94',\r\n\t\t'format' : 'iframe',\r\n\t\t'height' : 250,\r\n\t\t'width' : 300,\r\n\t\t'params' : {}\r\n\t};\r\n<\/script>\r\n<script type=\"text\/javascript\" src=\"\/\/www.highperformanceformat.com\/c1158f160081d6540a8409e6925dab94\/invoke.js\"><\/script><\/div><p>Tengo una buena raz\u00f3n para que utilices un rango de gr\u00e1fico din\u00e1mico. A veces sucede que creas un gr\u00e1fico y cuando lo actualizas tienes que cambiar su rango manualmente.<\/p>\n<p> Incluso cuando elimina algunos datos, necesita cambiar su rango. Quiz\u00e1s parezca que cambiar el rango de un gr\u00e1fico no es gran cosa. Pero \u00bfqu\u00e9 pasa cuando necesitas actualizar tus datos con frecuencia?<\/p>\n<p> Necesita un rango din\u00e1mico de gr\u00e1ficos.<\/p>\n<h2 class=\"wp-block-heading\"> \u00bfEst\u00e1s seguro de que necesitas un rango de gr\u00e1fico din\u00e1mico?<\/h2>\n<p> S\u00ed, 100%. Muy bien, d\u00e9jame mostrarte algo. <\/p>\n<div class=\"wp-block-image\">\n<figure class=\"aligncenter\"><img decoding=\"async\" src=\"https:\/\/exceladvisor.org\/wp-content\/uploads\/2023\/08\/comment-creer-une-plage-de-graphique-dynamique-dans-le-tableau-des-montants-mensuels-Excel-1.png\" sizes=\"\" srcset=\"\" alt=\"c\u00f3mo crear un rango de gr\u00e1fico din\u00e1mico en la tabla de montos mensuales de Excel\"><\/figure>\n<\/div>\n<p> A continuaci\u00f3n tienes un gr\u00e1fico con el importe mensual y al a\u00f1adir el importe de junio, los valores del gr\u00e1fico son los mismos, no hay ning\u00fan cambio. Ahora la cuesti\u00f3n es que debe actualizar manualmente el rango del gr\u00e1fico para incluir a Jun en el gr\u00e1fico. Entonces, \u00bfqu\u00e9 piensas? \u00bfUsar un rango de gr\u00e1ficos din\u00e1micos ahorra tiempo?<\/p>\n<h2 id=\"1\" class=\"wp-block-heading\"> Uso de la tabla de datos para el rango de gr\u00e1fico din\u00e1mico<\/h2>\n<p> Si est\u00e1 utilizando Excel versi\u00f3n 2007 o superior, la mejor soluci\u00f3n es <a href=\"https:\/\/www.ablebits.com\/office-addins-blog\/2011\/09\/23\/excel-tables-ranges\/\" target=\"_blank\" rel=\"noopener noreferrer\">utilizar una tabla de datos en lugar de un rango normal<\/a> .<\/p>\n<p> Todo lo que necesita hacer es convertir su rango normal en una tabla <span class=\"su-highlight\" style=\"background: #f8de7e; color: #3a3a3a;\"><strong>(use la tecla de m\u00e9todo abreviado Ctrl + T)<\/strong><\/span> y luego use esta tabla para crear un gr\u00e1fico. Ahora, cada vez que agrega datos a su tabla, el gr\u00e1fico tambi\u00e9n se actualiza autom\u00e1ticamente. <\/p>\n<div class=\"wp-block-image\">\n<figure class=\"aligncenter\"><img decoding=\"async\" src=\"https:\/\/exceladvisor.org\/wp-content\/uploads\/2023\/08\/comment-creer-une-plage-de-graphiques-dynamiques-dans-Excel-a-laide-des-donnees-de-mise-a-jour-de-la-table-de-donnees-1.gif\" sizes=\"\" srcset=\"\" alt=\"c\u00f3mo crear un rango de gr\u00e1fico din\u00e1mico en Excel usando datos de actualizaci\u00f3n de la tabla de datos\"><\/figure>\n<\/div>\n<p> En la tabla anterior, cuando agregu\u00e9 el monto de junio, la tabla se actualiza autom\u00e1ticamente. Lo \u00fanico que te lleva a utilizar el siguiente m\u00e9todo es que cuando eliminas datos de una tabla, tu gr\u00e1fico no se actualiza. <\/p>\n<div class=\"wp-block-image\">\n<figure class=\"aligncenter\"><img decoding=\"async\" src=\"https:\/\/exceladvisor.org\/wp-content\/uploads\/2023\/08\/comment-creer-une-plage-de-graphiques-dynamiques-dans-un-tableau-de-donnees-Excel-supprimer-des-donnees-1.png\" sizes=\"\" srcset=\"\" alt=\"c\u00f3mo crear un rango de gr\u00e1fico din\u00e1mico en la tabla de datos de Excel eliminar datos\"><\/figure>\n<\/div>\n<p> La soluci\u00f3n a este problema es que cuando desee eliminar datos del gr\u00e1fico, simplemente elimine esa celda usando la opci\u00f3n de eliminar.<\/p>\n<h2 id=\"2\" class=\"wp-block-heading\"> Usando el rango con nombre din\u00e1mico<\/h2>\n<p> Usar un rango din\u00e1mico con nombre para un gr\u00e1fico es un poco complicado, pero es una configuraci\u00f3n \u00fanica. Una vez que hayas hecho eso, ser\u00e1 muy f\u00e1cil de administrar. Entonces divid\u00ed todo el proceso en dos pasos.<\/p>\n<ol>\n<li> Creando un rango din\u00e1mico con nombre.<\/li>\n<li> Cambiar los datos de origen del gr\u00e1fico a un rango din\u00e1mico con nombre.<\/li>\n<\/ol>\n<h3 id=\"3\" class=\"wp-block-heading\"> Crear un rango din\u00e1mico con nombre para un gr\u00e1fico din\u00e1mico<\/h3>\n<p> Para crear un rango din\u00e1mico con nombre, podemos usar la funci\u00f3n OFFSET.<\/p>\n<p> <strong>Introducci\u00f3n r\u00e1pida al desplazamiento:<\/strong> puede devolver la referencia de un rango que es un <a href=\"http:\/\/www.contextures.com\/exceloffsetfunction.html#rangecount\" target=\"_blank\" rel=\"noopener noreferrer\">n\u00famero espec\u00edfico de filas y columnas<\/a> de una celda o un rango de celdas. Tenemos los siguientes datos para crear un rango con nombre. <\/p>\n<div class=\"wp-block-image\">\n<figure class=\"aligncenter\"><img decoding=\"async\" src=\"https:\/\/exceladvisor.org\/wp-content\/uploads\/2023\/08\/comment-creer-une-plage-de-graphique-dynamique-dans-Excel-avec-une-plage-nommee-dynamique-1.png\" sizes=\"\" srcset=\"\" alt=\"c\u00f3mo crear un rango de gr\u00e1fico din\u00e1mico en Excel con un rango din\u00e1mico con nombre\"><\/figure>\n<\/div>\n<p> En la columna A, tenemos meses y cantidades en la columna B. Y necesitamos crear rangos con nombres din\u00e1micos para ambas columnas para que cuando actualice los datos, su gr\u00e1fico se actualice autom\u00e1ticamente.<\/p>\n<p> <a href=\"https:\/\/exceladvisor.org\/wp-content\/uploads\/2023\/11\/plage-graphique-dynamique-donnees-brutes.xlsx\">Descargue este archivo para seguirlo<\/a> .<\/p>\n<p> Aqu\u00ed est\u00e1n los pasos. <\/p>\n<ol id=\"block-6a03b0d2-7c05-43a0-b73f-5c0957980728\" class=\"block-editor-rich-text__editable block-editor-block-list__block wp-block is-selected rich-text\" tabindex=\"0\" role=\"group\" contenteditable=\"true\" aria-multiline=\"true\" aria-label=\"Block: List\" data-block=\"6a03b0d2-7c05-43a0-b73f-5c0957980728\" data-type=\"core\/list\" data-title=\"List\">\n<li> Vaya a la pesta\u00f1a F\u00f3rmulas -&gt; Nombres definidos -&gt; Administrador de nombres. <br \/><img decoding=\"async\" title=\"c\u00f3mo-crear-un-rango-de-gr\u00e1fico-din\u00e1mico-en-excel-click-name-manager\" src=\"https:\/\/exceladvisor.org\/wp-content\/uploads\/2023\/08\/comment-creer-une-plage-de-graphiques-dynamiques-dans-le-gestionnaire-de-noms-de-clics-Excel-1.png\" sizes=\"\" srcset=\"\" alt=\"how to create a dynamic chart range in excel click name manager\"><\/li>\n<li> Haga clic en \u00abNuevo\u00bb para crear un rango con nombre. <br \/><img decoding=\"async\" title=\"c\u00f3mo-crear-un-rango-de-gr\u00e1fico-din\u00e1mico-en-excel-clic-nuevo\" src=\"https:\/\/exceladvisor.org\/wp-content\/uploads\/2023\/08\/comment-creer-une-plage-de-graphique-dynamique-dans-excel-cliquez-sur-nouveau-1.png\" sizes=\"\" srcset=\"\" alt=\"how to create a dynamic chart range in excel click new\"><\/li>\n<li> Ahora, en la ventana de nuevo nombre, ingresa la siguiente f\u00f3rmula (te dir\u00e9 c\u00f3mo funciona m\u00e1s adelante).\n<ul>\n<li> =DESPLAZAMIENTO(Hoja2!$B$2,0,0,CONTARA(Hoja2!$B:$B)-1,1)<\/li>\n<\/ul>\n<\/li>\n<li> Nombra tu rango \u00abcantidad\u00bb. <br \/><img decoding=\"async\" title=\"c\u00f3mo-crear-un-rango-de-gr\u00e1fico-din\u00e1mico-en-excel-ingresar-f\u00f3rmula\" src=\"https:\/\/exceladvisor.org\/wp-content\/uploads\/2023\/08\/comment-creer-une-plage-de-graphique-dynamique-dans-excel-entrer-la-formule-1.png\" sizes=\"\" srcset=\"\" alt=\"how to create a dynamic chart range in excel enter formula\"><\/li>\n<li> Haga clic en Aceptar.<\/li>\n<li> Ahora cree otro rango con nombre usando la siguiente f\u00f3rmula.\n<ul>\n<li> =DESPLAZAMIENTO(Hoja2!$A$2,0,0,CONTARA(Hoja2!$A:$A)-1,1)<\/li>\n<\/ul>\n<\/li>\n<li> N\u00f3mbrelo \u00abmes\u00bb.<\/li>\n<li> Haga clic en Aceptar.<\/li>\n<\/ol>\n<p> En este punto, tenemos dos rangos con nombre, \u00abmes\u00bb y \u00abmonto\u00bb. Ahora d\u00e9jame decirte c\u00f3mo funciona. En las f\u00f3rmulas anteriores, he utilizado la funci\u00f3n de conteo para contar el n\u00famero total de celdas con un valor. Luego utilic\u00e9 este valor de recuento como altura de desplazamiento para referirme a un rango. <\/p>\n<div class=\"wp-block-image\">\n<figure class=\"aligncenter\"><img decoding=\"async\" src=\"https:\/\/exceladvisor.org\/wp-content\/uploads\/2023\/08\/comment-creer-une-plage-de-graphique-dynamique-dans-la-formule-Excel-utilisee-1.png\" sizes=\"\" srcset=\"\" alt=\"c\u00f3mo crear un rango de gr\u00e1fico din\u00e1mico en la f\u00f3rmula de Excel usada\"><\/figure>\n<\/div>\n<p> En el rango de meses, usamos A2 como punto de partida para desplazar y contar el n\u00famero total de celdas que tienen en la columna B con counta (-1 para excluir el encabezado) que se refiere a A2: A7.<\/p>\n<h3 id=\"4\" class=\"wp-block-heading\"> Cambiar los datos de origen del gr\u00e1fico al rango din\u00e1mico con nombre<\/h3>\n<p> Ahora necesitamos cambiar los datos de origen a los rangos con nombre que acabamos de crear. Oh, lo siento, olvid\u00e9 decirte que crees un gr\u00e1fico, <a href=\"http:\/\/www.wikihow.com\/Make-a-Line-Graph-in-Microsoft-Excel\" target=\"_blank\" rel=\"noopener noreferrer\">inserta un gr\u00e1fico lineal<\/a> . Aqu\u00ed est\u00e1n los siguientes pasos.<\/p>\n<ol>\n<li> Haga clic derecho en su gr\u00e1fico y seleccione \u00abSeleccionar datos\u00bb. <br \/><img decoding=\"async\" title=\"c\u00f3mo-crear-un-rango-de-gr\u00e1fico-din\u00e1mico-en-excel-select-datos\" src=\"https:\/\/exceladvisor.org\/wp-content\/uploads\/2023\/08\/comment-creer-une-plage-de-graphique-dynamique-dans-Excel-selectionnez-des-donnees-1.png\" sizes=\"\" srcset=\"\" alt=\"how to create a dynamic chart range in excel select data\"><\/li>\n<li> Debajo de las entradas de los t\u00edtulos, haga clic en Editar. <br \/><img decoding=\"async\" title=\"c\u00f3mo-crear-un-rango-de-gr\u00e1fico-din\u00e1mico-en-tabla-de-datos-de-excel-hacer-clic-editar\" src=\"https:\/\/exceladvisor.org\/wp-content\/uploads\/2023\/08\/comment-creer-une-plage-de-graphique-dynamique-dans-le-tableau-de-donnees-Excel-cliquez-sur-modifier-1.png\" sizes=\"\" srcset=\"\" alt=\"how to create a dynamic chart range in excel data table click edit\"><\/li>\n<li> En Valores de serie, cambie la referencia del rango al rango denominado \u00abcantidad\u00bb. <br \/><img decoding=\"async\" title=\"c\u00f3mo-crear-un-rango-de-gr\u00e1fico-din\u00e1mico-en-excel-agregar-nombre-de-rango\" src=\"https:\/\/exceladvisor.org\/wp-content\/uploads\/2023\/08\/comment-creer-une-plage-de-graphique-dynamique-dans-Excel-ajouter-le-nom-de-la-plage-1.png\" sizes=\"\" srcset=\"\" alt=\"how to create a dynamic chart range in excel add range name\"><\/li>\n<li> Haga clic en Aceptar.<\/li>\n<li> En el eje horizontal, haga clic en Editar. <br \/><img decoding=\"async\" title=\"c\u00f3mo-crear-un-rango-de-gr\u00e1fico-din\u00e1mico-en-excel-hacer-clic-editar-rango-de-ejes\" src=\"https:\/\/exceladvisor.org\/wp-content\/uploads\/2023\/08\/comment-creer-une-plage-de-graphique-dynamique-dans-Excel-cliquez-sur-modifier-la-plage-daxe-1.png\" sizes=\"\" srcset=\"\" alt=\"how to create a dynamic chart range in excel click edit axis range\"><\/li>\n<li> Ingrese el rango denominado \u00abmes\u00bb para la etiqueta del eje. <br \/><img decoding=\"async\" title=\"c\u00f3mo-crear-un-rango-de-gr\u00e1fico-din\u00e1mico-en-excel-cambiar-rango-a-mes\" src=\"https:\/\/exceladvisor.org\/wp-content\/uploads\/2023\/08\/comment-creer-une-plage-de-graphiques-dynamiques-dans-la-plage-de-modification-dExcel-au-cours-du-mois-1.png\" sizes=\"\" srcset=\"\" alt=\"how to create a dynamic chart range in excel edit range in month\"><\/li>\n<li> Haga clic en Aceptar.<\/li>\n<\/ol>\n<p> Todo est\u00e1 hecho. Felicitaciones, su gr\u00e1fico ahora tiene rango din\u00e1mico. <\/p>\n<div class=\"wp-block-image\">\n<figure class=\"aligncenter\"><img decoding=\"async\" src=\"https:\/\/exceladvisor.org\/wp-content\/uploads\/2023\/08\/comment-creer-une-plage-de-graphiques-dynamiques-dans-un-graphique-Excel-est-pret-1.gif\" sizes=\"\" srcset=\"\" alt=\"c\u00f3mo crear un rango de gr\u00e1fico din\u00e1mico en un gr\u00e1fico Excel est\u00e1 listo\"><\/figure>\n<\/div>\n<div class=\"su-note\" style=\"border-color: #c7d4d9; border-radius: 10px; -moz-border-radius: 10px; -webkit-border-radius: 10px;\">\n<div class=\"su-note-inner su-u-clearfix su-u-trim\" style=\"background-color: #e1eef3; border-color: #ffffff; color: #333333; border-radius: 10px; -moz-border-radius: 10px; -webkit-border-radius: 10px;\"> Nota importante: cuando utilice un rango con nombre en la fuente de su gr\u00e1fico, aseg\u00farese de agregar el nombre de la hoja de trabajo.<\/div>\n<\/div>\n<h2 class=\"wp-block-heading\"> Archivo de ejemplo<\/h2>\n<div class=\"wp-block-image\">\n<figure class=\"aligncenter\"> <a href=\"https:\/\/exceladvisor.org\/wp-content\/uploads\/2023\/11\/plage-de-graphique-dynamique-2.xlsx\"><img decoding=\"async\" src=\"https:\/\/exceladvisor.org\/wp-content\/uploads\/2023\/08\/comment-creer-une-plage-de-graphique-dynamique-dans-un-exemple-de-fichier-Excel-1.png\" sizes=\"\" srcset=\"\" alt=\"C\u00f3mo crear un rango de gr\u00e1fico din\u00e1mico en un ejemplo de archivo de Excel\"><\/a><\/figure>\n<\/div>\n<h2 class=\"wp-block-heading\"> Ultimas palabras<\/h2>\n<p> El uso de un rango din\u00e1mico de gr\u00e1ficos supone un gran ahorro de tiempo y le ahorrar\u00e1 mucho esfuerzo. No es necesario que cambie su rango de datos una y otra vez. Cada vez que actualiza sus datos, su gr\u00e1fico se actualiza instant\u00e1neamente.<\/p>\n<h2 class=\"wp-block-heading\"> M\u00e1s consejos y tutoriales sobre gr\u00e1ficos<\/h2>\n<ul>\n<li> <a style=\"outline: none;\" href=\"https:\/\/exceladvisor.org\/es\/agregar-una-linea-horizontal\/\">C\u00f3mo agregar una l\u00ednea horizontal a un gr\u00e1fico en Excel<\/a><\/li>\n<li> <a style=\"outline: none;\" href=\"https:\/\/exceladvisor.org\/es\/agregar-una-linea-vertical\/\">C\u00f3mo agregar una l\u00ednea vertical a un gr\u00e1fico en Excel<\/a><\/li>\n<li> <a style=\"outline: none;\" href=\"https:\/\/exceladvisor.org\/es\/tablero-de-balas\/\">C\u00f3mo crear un gr\u00e1fico de vi\u00f1etas en Excel<\/a><\/li>\n<li> <a style=\"outline: none;\" href=\"https:\/\/exceladvisor.org\/es\/titulo-del-grafico-dinamico\/\">C\u00f3mo crear un t\u00edtulo de gr\u00e1fico din\u00e1mico en Excel<\/a><\/li>\n<li> <a style=\"outline: none;\" href=\"https:\/\/exceladvisor.org\/es\/graficos-interactivos\/\">C\u00f3mo crear gr\u00e1ficos interactivos en Excel<\/a><\/li>\n<\/ul>\n","protected":false},"excerpt":{"rendered":"<p>Tengo una buena raz\u00f3n para que utilices un rango de gr\u00e1fico din\u00e1mico. A veces sucede que creas un gr\u00e1fico y cuando lo actualizas tienes que cambiar su rango manualmente. Incluso cuando elimina algunos datos, necesita cambiar su rango. Quiz\u00e1s parezca que cambiar el rango de un gr\u00e1fico no es gran cosa. Pero \u00bfqu\u00e9 pasa cuando [&hellip;]<\/p>\n","protected":false},"author":1,"featured_media":0,"parent":0,"menu_order":0,"comment_status":"open","ping_status":"closed","template":"","meta":{"ub_ctt_via":"","footnotes":""},"class_list":["post-189","page","type-page","status-publish","hentry"],"featured_image_src":null,"yoast_head":"<!-- This site is optimized with the Yoast SEO plugin v25.4 - https:\/\/yoast.com\/wordpress\/plugins\/seo\/ -->\n<title>\u00bfc\u00f3mo crear un rango de gr\u00e1fico din\u00e1mico?<\/title>\n<meta name=\"robots\" content=\"index, follow, max-snippet:-1, max-image-preview:large, max-video-preview:-1\" \/>\n<link rel=\"canonical\" href=\"https:\/\/exceladvisor.org\/es\/rango-de-grafico-dinamico\/\" \/>\n<meta property=\"og:locale\" content=\"es_ES\" \/>\n<meta property=\"og:type\" content=\"article\" \/>\n<meta property=\"og:title\" content=\"\u00bfc\u00f3mo crear un rango de gr\u00e1fico din\u00e1mico?\" \/>\n<meta property=\"og:description\" content=\"Tengo una buena raz\u00f3n para que utilices un rango de gr\u00e1fico din\u00e1mico. A veces sucede que creas un gr\u00e1fico y cuando lo actualizas tienes que cambiar su rango manualmente. Incluso cuando elimina algunos datos, necesita cambiar su rango. Quiz\u00e1s parezca que cambiar el rango de un gr\u00e1fico no es gran cosa. Pero \u00bfqu\u00e9 pasa cuando [&hellip;]\" \/>\n<meta property=\"og:url\" content=\"https:\/\/exceladvisor.org\/es\/rango-de-grafico-dinamico\/\" \/>\n<meta property=\"og:site_name\" content=\"Excel Advisor\" \/>\n<meta property=\"article:modified_time\" content=\"2023-12-25T10:25:23+00:00\" \/>\n<meta property=\"og:image\" content=\"https:\/\/exceladvisor.org\/wp-content\/uploads\/2023\/08\/comment-creer-une-plage-de-graphique-dynamique-dans-le-tableau-des-montants-mensuels-Excel-1.png\" \/>\n<meta name=\"twitter:card\" content=\"summary_large_image\" \/>\n<meta name=\"twitter:label1\" content=\"Tiempo de lectura\" \/>\n\t<meta name=\"twitter:data1\" content=\"5 minutos\" \/>\n<script type=\"application\/ld+json\" class=\"yoast-schema-graph\">{\"@context\":\"https:\/\/schema.org\",\"@graph\":[{\"@type\":\"WebPage\",\"@id\":\"https:\/\/exceladvisor.org\/es\/rango-de-grafico-dinamico\/\",\"url\":\"https:\/\/exceladvisor.org\/es\/rango-de-grafico-dinamico\/\",\"name\":\"\u00bfc\u00f3mo crear un rango de gr\u00e1fico din\u00e1mico?\",\"isPartOf\":{\"@id\":\"https:\/\/exceladvisor.org\/es\/#website\"},\"primaryImageOfPage\":{\"@id\":\"https:\/\/exceladvisor.org\/es\/rango-de-grafico-dinamico\/#primaryimage\"},\"image\":{\"@id\":\"https:\/\/exceladvisor.org\/es\/rango-de-grafico-dinamico\/#primaryimage\"},\"thumbnailUrl\":\"https:\/\/exceladvisor.org\/wp-content\/uploads\/2023\/08\/comment-creer-une-plage-de-graphique-dynamique-dans-le-tableau-des-montants-mensuels-Excel-1.png\",\"datePublished\":\"2023-11-12T17:03:14+00:00\",\"dateModified\":\"2023-12-25T10:25:23+00:00\",\"breadcrumb\":{\"@id\":\"https:\/\/exceladvisor.org\/es\/rango-de-grafico-dinamico\/#breadcrumb\"},\"inLanguage\":\"es\",\"potentialAction\":[{\"@type\":\"ReadAction\",\"target\":[\"https:\/\/exceladvisor.org\/es\/rango-de-grafico-dinamico\/\"]}]},{\"@type\":\"ImageObject\",\"inLanguage\":\"es\",\"@id\":\"https:\/\/exceladvisor.org\/es\/rango-de-grafico-dinamico\/#primaryimage\",\"url\":\"https:\/\/exceladvisor.org\/wp-content\/uploads\/2023\/08\/comment-creer-une-plage-de-graphique-dynamique-dans-le-tableau-des-montants-mensuels-Excel-1.png\",\"contentUrl\":\"https:\/\/exceladvisor.org\/wp-content\/uploads\/2023\/08\/comment-creer-une-plage-de-graphique-dynamique-dans-le-tableau-des-montants-mensuels-Excel-1.png\"},{\"@type\":\"BreadcrumbList\",\"@id\":\"https:\/\/exceladvisor.org\/es\/rango-de-grafico-dinamico\/#breadcrumb\",\"itemListElement\":[{\"@type\":\"ListItem\",\"position\":1,\"name\":\"Hogar\",\"item\":\"https:\/\/exceladvisor.org\/es\/\"},{\"@type\":\"ListItem\",\"position\":2,\"name\":\"\u00bfc\u00f3mo crear un rango de gr\u00e1fico din\u00e1mico?\"}]},{\"@type\":\"WebSite\",\"@id\":\"https:\/\/exceladvisor.org\/es\/#website\",\"url\":\"https:\/\/exceladvisor.org\/es\/\",\"name\":\"Excel Advisor\",\"description\":\"Su gu\u00eda para la dominaci\u00f3n de datos!\",\"publisher\":{\"@id\":\"https:\/\/exceladvisor.org\/es\/#organization\"},\"potentialAction\":[{\"@type\":\"SearchAction\",\"target\":{\"@type\":\"EntryPoint\",\"urlTemplate\":\"https:\/\/exceladvisor.org\/es\/?s={search_term_string}\"},\"query-input\":{\"@type\":\"PropertyValueSpecification\",\"valueRequired\":true,\"valueName\":\"search_term_string\"}}],\"inLanguage\":\"es\"},{\"@type\":\"Organization\",\"@id\":\"https:\/\/exceladvisor.org\/es\/#organization\",\"name\":\"Excel Advisor\",\"url\":\"https:\/\/exceladvisor.org\/es\/\",\"logo\":{\"@type\":\"ImageObject\",\"inLanguage\":\"es\",\"@id\":\"https:\/\/exceladvisor.org\/es\/#\/schema\/logo\/image\/\",\"url\":\"https:\/\/exceladvisor.org\/es\/wp-content\/uploads\/2023\/12\/exceladvisor.org_.png\",\"contentUrl\":\"https:\/\/exceladvisor.org\/es\/wp-content\/uploads\/2023\/12\/exceladvisor.org_.png\",\"width\":105,\"height\":36,\"caption\":\"Excel Advisor\"},\"image\":{\"@id\":\"https:\/\/exceladvisor.org\/es\/#\/schema\/logo\/image\/\"}}]}<\/script>\n<!-- \/ Yoast SEO plugin. -->","yoast_head_json":{"title":"\u00bfc\u00f3mo crear un rango de gr\u00e1fico din\u00e1mico?","robots":{"index":"index","follow":"follow","max-snippet":"max-snippet:-1","max-image-preview":"max-image-preview:large","max-video-preview":"max-video-preview:-1"},"canonical":"https:\/\/exceladvisor.org\/es\/rango-de-grafico-dinamico\/","og_locale":"es_ES","og_type":"article","og_title":"\u00bfc\u00f3mo crear un rango de gr\u00e1fico din\u00e1mico?","og_description":"Tengo una buena raz\u00f3n para que utilices un rango de gr\u00e1fico din\u00e1mico. A veces sucede que creas un gr\u00e1fico y cuando lo actualizas tienes que cambiar su rango manualmente. Incluso cuando elimina algunos datos, necesita cambiar su rango. Quiz\u00e1s parezca que cambiar el rango de un gr\u00e1fico no es gran cosa. Pero \u00bfqu\u00e9 pasa cuando [&hellip;]","og_url":"https:\/\/exceladvisor.org\/es\/rango-de-grafico-dinamico\/","og_site_name":"Excel Advisor","article_modified_time":"2023-12-25T10:25:23+00:00","og_image":[{"url":"https:\/\/exceladvisor.org\/wp-content\/uploads\/2023\/08\/comment-creer-une-plage-de-graphique-dynamique-dans-le-tableau-des-montants-mensuels-Excel-1.png","type":"","width":"","height":""}],"twitter_card":"summary_large_image","twitter_misc":{"Tiempo de lectura":"5 minutos"},"schema":{"@context":"https:\/\/schema.org","@graph":[{"@type":"WebPage","@id":"https:\/\/exceladvisor.org\/es\/rango-de-grafico-dinamico\/","url":"https:\/\/exceladvisor.org\/es\/rango-de-grafico-dinamico\/","name":"\u00bfc\u00f3mo crear un rango de gr\u00e1fico din\u00e1mico?","isPartOf":{"@id":"https:\/\/exceladvisor.org\/es\/#website"},"primaryImageOfPage":{"@id":"https:\/\/exceladvisor.org\/es\/rango-de-grafico-dinamico\/#primaryimage"},"image":{"@id":"https:\/\/exceladvisor.org\/es\/rango-de-grafico-dinamico\/#primaryimage"},"thumbnailUrl":"https:\/\/exceladvisor.org\/wp-content\/uploads\/2023\/08\/comment-creer-une-plage-de-graphique-dynamique-dans-le-tableau-des-montants-mensuels-Excel-1.png","datePublished":"2023-11-12T17:03:14+00:00","dateModified":"2023-12-25T10:25:23+00:00","breadcrumb":{"@id":"https:\/\/exceladvisor.org\/es\/rango-de-grafico-dinamico\/#breadcrumb"},"inLanguage":"es","potentialAction":[{"@type":"ReadAction","target":["https:\/\/exceladvisor.org\/es\/rango-de-grafico-dinamico\/"]}]},{"@type":"ImageObject","inLanguage":"es","@id":"https:\/\/exceladvisor.org\/es\/rango-de-grafico-dinamico\/#primaryimage","url":"https:\/\/exceladvisor.org\/wp-content\/uploads\/2023\/08\/comment-creer-une-plage-de-graphique-dynamique-dans-le-tableau-des-montants-mensuels-Excel-1.png","contentUrl":"https:\/\/exceladvisor.org\/wp-content\/uploads\/2023\/08\/comment-creer-une-plage-de-graphique-dynamique-dans-le-tableau-des-montants-mensuels-Excel-1.png"},{"@type":"BreadcrumbList","@id":"https:\/\/exceladvisor.org\/es\/rango-de-grafico-dinamico\/#breadcrumb","itemListElement":[{"@type":"ListItem","position":1,"name":"Hogar","item":"https:\/\/exceladvisor.org\/es\/"},{"@type":"ListItem","position":2,"name":"\u00bfc\u00f3mo crear un rango de gr\u00e1fico din\u00e1mico?"}]},{"@type":"WebSite","@id":"https:\/\/exceladvisor.org\/es\/#website","url":"https:\/\/exceladvisor.org\/es\/","name":"Excel Advisor","description":"Su gu\u00eda para la dominaci\u00f3n de datos!","publisher":{"@id":"https:\/\/exceladvisor.org\/es\/#organization"},"potentialAction":[{"@type":"SearchAction","target":{"@type":"EntryPoint","urlTemplate":"https:\/\/exceladvisor.org\/es\/?s={search_term_string}"},"query-input":{"@type":"PropertyValueSpecification","valueRequired":true,"valueName":"search_term_string"}}],"inLanguage":"es"},{"@type":"Organization","@id":"https:\/\/exceladvisor.org\/es\/#organization","name":"Excel Advisor","url":"https:\/\/exceladvisor.org\/es\/","logo":{"@type":"ImageObject","inLanguage":"es","@id":"https:\/\/exceladvisor.org\/es\/#\/schema\/logo\/image\/","url":"https:\/\/exceladvisor.org\/es\/wp-content\/uploads\/2023\/12\/exceladvisor.org_.png","contentUrl":"https:\/\/exceladvisor.org\/es\/wp-content\/uploads\/2023\/12\/exceladvisor.org_.png","width":105,"height":36,"caption":"Excel Advisor"},"image":{"@id":"https:\/\/exceladvisor.org\/es\/#\/schema\/logo\/image\/"}}]}},"yoast_meta":{"yoast_wpseo_title":"","yoast_wpseo_metadesc":"","yoast_wpseo_canonical":""},"_links":{"self":[{"href":"https:\/\/exceladvisor.org\/es\/wp-json\/wp\/v2\/pages\/189","targetHints":{"allow":["GET"]}}],"collection":[{"href":"https:\/\/exceladvisor.org\/es\/wp-json\/wp\/v2\/pages"}],"about":[{"href":"https:\/\/exceladvisor.org\/es\/wp-json\/wp\/v2\/types\/page"}],"author":[{"embeddable":true,"href":"https:\/\/exceladvisor.org\/es\/wp-json\/wp\/v2\/users\/1"}],"replies":[{"embeddable":true,"href":"https:\/\/exceladvisor.org\/es\/wp-json\/wp\/v2\/comments?post=189"}],"version-history":[{"count":1,"href":"https:\/\/exceladvisor.org\/es\/wp-json\/wp\/v2\/pages\/189\/revisions"}],"predecessor-version":[{"id":1049,"href":"https:\/\/exceladvisor.org\/es\/wp-json\/wp\/v2\/pages\/189\/revisions\/1049"}],"wp:attachment":[{"href":"https:\/\/exceladvisor.org\/es\/wp-json\/wp\/v2\/media?parent=189"}],"curies":[{"name":"wp","href":"https:\/\/api.w.org\/{rel}","templated":true}]}}