{"id":192,"date":"2023-11-12T16:00:40","date_gmt":"2023-11-12T16:00:40","guid":{"rendered":"https:\/\/exceladvisor.org\/es\/tablero-de-balas\/"},"modified":"2023-12-25T10:25:15","modified_gmt":"2023-12-25T10:25:15","slug":"tablero-de-balas","status":"publish","type":"page","link":"https:\/\/exceladvisor.org\/es\/tablero-de-balas\/","title":{"rendered":"\u00bfc\u00f3mo crear un gr\u00e1fico de vi\u00f1etas en excel?"},"content":{"rendered":"<div class=\"excel-antes-del-contenido\" id=\"excel-526050928\"><script type=\"text\/javascript\">\r\n\tatOptions = {\r\n\t\t'key' : 'c1158f160081d6540a8409e6925dab94',\r\n\t\t'format' : 'iframe',\r\n\t\t'height' : 250,\r\n\t\t'width' : 300,\r\n\t\t'params' : {}\r\n\t};\r\n<\/script>\r\n<script type=\"text\/javascript\" src=\"\/\/www.highperformanceformat.com\/c1158f160081d6540a8409e6925dab94\/invoke.js\"><\/script><\/div><p>Seleccionar un buen tipo de gr\u00e1fico es una de las tareas m\u00e1s dif\u00edciles. Mientras luchaba con este tipo de problemas, encontr\u00e9 un gr\u00e1fico llamado <strong><span style=\"color: #554a47; background-color: #ffff00;\">Bullet Chart<\/span><\/strong> .<\/p>\n<p> El gr\u00e1fico de vi\u00f1etas es uno de esos <a href=\"https:\/\/exceladvisor.org\/es\/graficos-avanzados\/\">gr\u00e1ficos avanzados de Excel<\/a> que deber\u00edas aprender a trazar mejor. Este es un gr\u00e1fico perfecto para usar cuando necesita presentar un punto \u00fanico entre Objetivo y Logro.<\/p>\n<p> Seg\u00fan Wikipedia:<\/p>\n<p> <span style=\"font-family: Georgia,serif;\"><em>Un gr\u00e1fico de vi\u00f1etas es una variaci\u00f3n de un gr\u00e1fico de barras desarrollado por <a href=\"https:\/\/www.perceptualedge.com\/\" target=\"_blank\" rel=\"noreferrer noopener nofollow\">Stephen Few<\/a> . Aparentemente inspirado en los<\/em><\/span><a href=\"https:\/\/exceladvisor.org\/es\/mesa-de-termometro\/\"><span style=\"font-family: Georgia,serif;\"><em>gr\u00e1ficos de term\u00f3metro<\/em><\/span><\/a> tradicionales <span style=\"font-family: Georgia,serif;\"><em>y las barras de progreso que se encuentran en muchos paneles, el gr\u00e1fico de vi\u00f1etas reemplaza los medidores y contadores del panel.<\/em><\/span> <\/p>\n<div class=\"wp-block-image\">\n<figure class=\"aligncenter\"><img decoding=\"async\" src=\"https:\/\/exceladvisor.org\/wp-content\/uploads\/2023\/08\/tableau-a-puces-pret-a-lemploi-dans-excel-1.png\" sizes=\"\" srcset=\"\" alt=\"tabla de vi\u00f1etas lista para usar en Excel\"><\/figure>\n<\/div>\n<p> Y en el art\u00edculo de hoy, compartir\u00e9 contigo c\u00f3mo crear un gr\u00e1fico de vi\u00f1etas en Excel en sencillos pasos.<\/p>\n<p> Entonces empecemos.<\/p>\n<h2 id=\"tab-con-1\" class=\"wp-block-heading\"> Componentes de un gr\u00e1fico de vi\u00f1etas<\/h2>\n<p> Un gr\u00e1fico de vi\u00f1etas tiene principalmente tres componentes.<\/p>\n<ol>\n<li> <strong>Marcador de objetivo<\/strong> : un marcador para representar el objetivo. En el ejemplo anterior, utilic\u00e9 el 90% como objetivo. Puede cambiar el valor seg\u00fan sea necesario.<\/li>\n<li> <strong>Barra de \u00e9xito<\/strong> : una \u00fanica barra de \u00e9xito para representar el valor real. Esta barra debe ser de un color s\u00f3lido y un poco m\u00e1s estrecha que las barras de color del rango de comparaci\u00f3n.<\/li>\n<li> <strong>Rango de comparaci\u00f3n<\/strong> : un rango de comparaci\u00f3n de un tema de color para usar en el fondo de la barra de \u00e9xito. La idea principal de utilizar este rango es crear una comparaci\u00f3n de logros, como hitos. <\/li>\n<\/ol>\n<div class=\"wp-block-image\">\n<figure class=\"aligncenter\"><img decoding=\"async\" src=\"https:\/\/exceladvisor.org\/wp-content\/uploads\/2023\/08\/comment-creer-un-tableau-a-puces-dans-les-composants-excel-1.png\" sizes=\"\" srcset=\"\" alt=\"c\u00f3mo crear una tabla con vi\u00f1etas en componentes de Excel\"><\/figure>\n<\/div>\n<h2 class=\"wp-block-heading\"> Pasos para crear un gr\u00e1fico de vi\u00f1etas en Excel<\/h2>\n<p> En la siguiente tabla, tiene datos de tres partes que puede utilizar para crear un gr\u00e1fico de vi\u00f1etas. Puede <a href=\"https:\/\/exceladvisor.org\/wp-content\/uploads\/2023\/11\/tableau-a-puces-dans-une-feuille-brute-excel.xlsx\" rel=\"nofollow\">descargar este archivo desde aqu\u00ed<\/a> para seguirlo. <\/p>\n<div class=\"wp-block-image\">\n<figure class=\"aligncenter\"><img decoding=\"async\" src=\"https:\/\/exceladvisor.org\/wp-content\/uploads\/2023\/08\/tableau-pour-creer-un-graphique-a-puces-dans-excel-1.png\" sizes=\"\" srcset=\"\" alt=\"tabla para crear un gr\u00e1fico de vi\u00f1etas en excel\"><\/figure>\n<\/div>\n<ol>\n<li> Los primeros cuatro valores son para el rango de comparaci\u00f3n.<\/li>\n<li> El valor del logro es para la barra de logros.<\/li>\n<li> El objetivo es para el marcador de objetivo.<\/li>\n<\/ol>\n<p> Como mencion\u00e9 anteriormente, tenemos tres componentes principales en una tabla con vi\u00f1etas. Por lo tanto, es necesario dividir todo el proceso en varias partes. Los pasos para crear un gr\u00e1fico de vi\u00f1etas en Excel son un poco largos. Pero, una vez que comprendas todo el proceso, podr\u00e1s crearlo en segundos.<\/p>\n<h3 class=\"wp-block-heading\"> Insertar un gr\u00e1fico de columnas<\/h3>\n<p> Para crear un gr\u00e1fico de vi\u00f1etas, debe insertar un gr\u00e1fico de columnas de grupo 2-D y estos son los pasos para ello.<\/p>\n<ol>\n<li> Primero, seleccione sus datos e inserte un histograma de grupo 2D desde la pesta\u00f1a Insertar. <br \/><img decoding=\"async\" title=\"ir a insertar pesta\u00f1a-insertar-columna-de-pila-2d-para-crear-un-gr\u00e1fico-de-vi\u00f1etas-en-excel\" src=\"https:\/\/exceladvisor.org\/wp-content\/uploads\/2023\/08\/allez-dans-longlet-inserer-inserer-une-colonne-de-pile-2d-pour-creer-un-tableau-a-puces-dans-Excel-1.png\" sizes=\"\" srcset=\"\" alt=\"go to insert tab insert 2d stack column to create a bullet chart in excel\"><\/li>\n<li> Obtendr\u00e1 los seis valores de datos en su gr\u00e1fico, as\u00ed. <br \/><img decoding=\"async\" title=\"insertar-un-gr\u00e1fico-de-columnas-de-grupo-2d-para-crear-un-gr\u00e1fico-de-vi\u00f1etas-en-excel\" src=\"https:\/\/exceladvisor.org\/wp-content\/uploads\/2023\/08\/inserer-un-graphique-a-colonnes-de-cluster-2d-pour-creer-un-graphique-a-puces-dans-Excel-1.png\" sizes=\"\" srcset=\"\" alt=\"insert a 2d cluster column chart to create a bullet chart in excel\"><\/li>\n<li> Despu\u00e9s de eso, debes intercambiar los datos del gr\u00e1fico. Seleccione su gr\u00e1fico y haga clic en \u00abCambiar fila\/columna\u00bb. <br \/><img decoding=\"async\" title=\"intercambiar-datos-de-gr\u00e1fico-para-crear-un-gr\u00e1fico-de-vi\u00f1etas-en-excel\" src=\"https:\/\/exceladvisor.org\/wp-content\/uploads\/2023\/08\/echanger-les-donnees-du-graphique-pour-creer-un-graphique-a-puces-dans-Excel-1.png\" sizes=\"\" srcset=\"\" alt=\"swap chart data to create a bullet chart in excel\"><\/li>\n<li> Aseg\u00farese de tener valores m\u00e1ximos de eje iguales al 100%.<\/li>\n<li> Ahora tienes una tabla como la siguiente. <br \/><img decoding=\"async\" title=\"cambiar la etiqueta del eje para crear un gr\u00e1fico de vi\u00f1etas en Excel\" src=\"https:\/\/exceladvisor.org\/wp-content\/uploads\/2023\/08\/changer-letiquette-de-laxe-pour-creer-un-graphique-a-puces-dans-Excel-1.png\" sizes=\"\" srcset=\"\" alt=\"change axis label to create a bullet chart in excel\"><\/li>\n<li> Ahora demos el siguiente paso y creemos un marcador de objetivo.<\/li>\n<\/ol>\n<h3 class=\"wp-block-heading\"> Hacer un marcador de objetivo<\/h3>\n<p> Ahora necesitas crear un marcador de objetivo que se ver\u00e1 como una peque\u00f1a l\u00ednea horizontal. Aqu\u00ed est\u00e1n los pasos.<\/p>\n<ol>\n<li> Primero, debes seleccionar tu barra de destino. (Pero el gr\u00e1fico est\u00e1 totalmente desordenado en este momento y es dif\u00edcil seleccionar la barra de destino).<\/li>\n<\/ol>\n<p style=\"text-align: left; padding-left: 40px;\"> <strong data-rich-text-format-boundary=\"true\">Aqu\u00ed est\u00e1 el truco:<\/strong> seleccione su gr\u00e1fico y, en las opciones de formato, use este men\u00fa desplegable para seleccionar el valor objetivo. <br \/><img decoding=\"async\" style=\"display: block; margin-left: auto; margin-right: auto;\" title=\"seleccione la barra de datos de destino para crear un gr\u00e1fico de vi\u00f1etas en Excel\" src=\"https:\/\/exceladvisor.org\/wp-content\/uploads\/2023\/08\/selectionnez-la-barre-de-donnees-cible-pour-creer-un-graphique-a-puces-dans-Excel-1.png\" sizes=\"\" srcset=\"\" alt=\"select target data bar to create a bullet chart in excel\"><\/p>\n<ol>\n<li style=\"list-style-type: none;\">\n<ol>\n<li style=\"list-style-type: none;\">\n<ul id=\"block-fc63191a-1304-496b-a649-860e26f3572c\" class=\"block-editor-rich-text__editable block-editor-block-list__block wp-block is-selected rich-text\" tabindex=\"0\" role=\"group\" contenteditable=\"true\" aria-multiline=\"true\" aria-label=\"Block: List\" data-block=\"fc63191a-1304-496b-a649-860e26f3572c\" data-type=\"core\/list\" data-title=\"List\">\n<li> Ahora vaya a la pesta\u00f1a de dise\u00f1o y haga clic en cambiar tipo de gr\u00e1fico. <br \/><img decoding=\"async\" title=\"haga clic en el bot\u00f3n cambiar tipo de gr\u00e1fico para crear un gr\u00e1fico de vi\u00f1etas en Excel\" src=\"https:\/\/exceladvisor.org\/wp-content\/uploads\/2023\/08\/cliquez-sur-le-bouton-de-changement-de-type-de-graphique-creer-un-graphique-a-puces-dans-Excel-1.png\" sizes=\"\" srcset=\"\" alt=\"click on change chart type button create a bullet chart in excel\"><\/li>\n<li> Cambie el tipo de gr\u00e1fico para el valor objetivo a gr\u00e1fico de l\u00edneas con marcador y verifique el eje secundario correspondiente. <br \/><img decoding=\"async\" title=\"cambie el tipo de gr\u00e1fico de la opci\u00f3n de barra de datos de destino para crear un gr\u00e1fico de vi\u00f1etas en Excel\" src=\"https:\/\/exceladvisor.org\/wp-content\/uploads\/2023\/08\/changer-le-type-de-graphique-de-loption-pour-la-barre-de-donnees-cible-pour-creer-un-graphique-a-puces-dans-Excel-1.png\" sizes=\"\" srcset=\"\" alt=\"change chart type from option for target data bar to create a bullet chart in excel\"><\/li>\n<li> En este punto tienes un peque\u00f1o punto en tu gr\u00e1fico para el objetivo. <br \/><img decoding=\"async\" title=\"cambie el tipo de gr\u00e1fico de la barra de datos de destino para crear un gr\u00e1fico de vi\u00f1etas en Excel\" src=\"https:\/\/exceladvisor.org\/wp-content\/uploads\/2023\/08\/modifier-le-type-de-graphique-de-la-barre-de-donnees-cible-pour-creer-un-graphique-a-puces-dans-Excel-1.png\" sizes=\"\" srcset=\"\" alt=\"change chart type of target data bar to create a bullet chart in excel\"><\/li>\n<\/ul>\n<\/li>\n<\/ol>\n<\/li>\n<\/ol>\n<p> Ahora desde aqu\u00ed haz las siguientes cosas.<\/p>\n<ol>\n<li style=\"list-style-type: none;\">\n<ol>\n<li style=\"list-style-type: none;\">\n<ol>\n<li> Seleccione este punto y cambie el marcador a una barra rectangular.<\/li>\n<li> Cambie el tama\u00f1o del marcador a 20.<\/li>\n<li> Utilice un color s\u00f3lido para el relleno (como el negro).<\/li>\n<li> No hay l\u00ednea para la frontera.<\/li>\n<li> Eliminar el eje secundario. <\/li>\n<\/ol>\n<\/li>\n<\/ol>\n<\/li>\n<\/ol>\n<div class=\"wp-block-image\">\n<figure class=\"aligncenter\"><img decoding=\"async\" src=\"https:\/\/exceladvisor.org\/wp-content\/uploads\/2023\/08\/changer-le-style-du-marqueur-pour-creer-un-tableau-a-puces-dans-Excel-1.png\" sizes=\"\" srcset=\"\" alt=\"cambiar el estilo del marcador para crear una tabla con vi\u00f1etas en Excel\"><\/figure>\n<\/div>\n<p> En este punto, tiene un gr\u00e1fico como el anterior y luego debe realizar algunos cambios para agregar una barra de \u00e9xito.<\/p>\n<h3 class=\"wp-block-heading\"> Crea una barra de \u00e9xito<\/h3>\n<p> Debes crear una barra de logros con un color s\u00f3lido para representar el \u00e9xito actual con respecto al objetivo. Utilice los pasos a continuaci\u00f3n.<\/p>\n<ol>\n<li style=\"list-style-type: none;\">\n<ol>\n<li style=\"list-style-type: none;\">\n<ul>\n<li> Seleccione la barra de \u00e9xito tal como seleccion\u00f3 la barra de destino usando la lista desplegable de opciones de formato. <br \/><img decoding=\"async\" title=\"seleccione la barra de logros para crear un gr\u00e1fico de vi\u00f1etas en Excel\" src=\"https:\/\/exceladvisor.org\/wp-content\/uploads\/2023\/08\/selectionnez-la-barre-de-reussite-pour-creer-un-tableau-a-puces-dans-Excel-1.png\" sizes=\"\" srcset=\"\" alt=\"select achievement bar to create a bullet chart in excel\"><\/li>\n<li> Ahora vaya a las opciones de serie y seleccione el eje secundario.<\/li>\n<li> Cambie el ancho del espacio a 500% por ahora. <br \/><img decoding=\"async\" title=\"crear-una-barra-de-\u00e9xito-en-el-eje-secundario-para-crear-un-gr\u00e1fico-de-vi\u00f1etas-en-Excel\" src=\"https:\/\/exceladvisor.org\/wp-content\/uploads\/2023\/08\/creer-une-barre-de-reussite-sur-laxe-secondaire-pour-creer-un-tableau-a-puces-dans-Excel-1.png\" sizes=\"\" srcset=\"\" alt=\"make achievement bar to secondary axis to create a bullet chart in excel\"><\/li>\n<li> Y use un color s\u00f3lido para la barra de logros como relleno (como negro o azul oscuro). <br \/><img decoding=\"async\" title=\"despu\u00e9s de crear la barra de \u00e9xito para crear un gr\u00e1fico de vi\u00f1etas en Excel\" src=\"https:\/\/exceladvisor.org\/wp-content\/uploads\/2023\/08\/apres-avoir-cree-une-barre-de-reussite-pour-creer-un-tableau-a-puces-dans-Excel-1.png\" sizes=\"\" srcset=\"\" alt=\"after creating achievement bar to create a bullet chart in excel\"><\/li>\n<\/ul>\n<\/li>\n<\/ol>\n<\/li>\n<\/ol>\n<p> Su tabla con vi\u00f1etas est\u00e1 casi lista, todo lo que necesita hacer es agregar un tema de color para el rango de comparaci\u00f3n.<\/p>\n<h3 class=\"wp-block-heading\"> Paso 4. Haz un rango de comparaci\u00f3n<\/h3>\n<p> Para crear un rango de comparaci\u00f3n, debes seleccionar un color y utilizar cuatro tonos diferentes del mismo. Lo \u00fanico que tienes que hacer es seleccionarlos uno por uno y aplicarles un color. Utilic\u00e9 cuatro tonos diferentes de gris aqu\u00ed.<\/p>\n<p> Tambi\u00e9n puede agregar formato a su gr\u00e1fico si lo necesita. Una cosa que olvid\u00e9 decirte es que una vez que hayas terminado, aseg\u00farate de cambiar la brecha con el rango de comparaci\u00f3n al 500% y la barra de \u00e9xito al 220%.<\/p>\n<p> \u00a1Felicidades! su mesa de vi\u00f1etas est\u00e1 lista. <\/p>\n<div class=\"wp-block-image\">\n<figure class=\"aligncenter\"><img decoding=\"async\" src=\"https:\/\/exceladvisor.org\/wp-content\/uploads\/2023\/08\/tableau-a-puces-pret-a-lemploi-dans-excel-1.png\" sizes=\"\" srcset=\"\" alt=\"tabla de vi\u00f1etas lista para usar en Excel\"><\/figure>\n<\/div>\n<h2 class=\"wp-block-heading\"> M\u00e1s informaci\u00f3n<\/h2>\n<ol>\n<li> Aseg\u00farese de que el ancho de su marcador sea mayor que la barra de \u00e9xito. Entonces, cuando tengas m\u00e1s logros que el marcador objetivo, se mostrar\u00e1 de la manera correcta.<\/li>\n<li> Utilice siempre colores s\u00f3lidos para la barra de logros y el marcador de objetivos.<\/li>\n<li> Utilice diferentes tonos de un solo color para comparar el rango.<\/li>\n<li> Tambi\u00e9n puedes utilizar la misma t\u00e9cnica para crear un gr\u00e1fico de vi\u00f1etas horizontal. Simplemente reemplace el gr\u00e1fico de columnas con un gr\u00e1fico de barras. <\/li>\n<li style=\"list-style-type: none;\">\n<ol>\n<li style=\"list-style-type: none;\"><\/li>\n<\/ol>\n<\/li>\n<\/ol>\n<h2 class=\"wp-block-heading\"> Archivo de ejemplo<\/h2>\n<p> <a style=\"outline: none;\" href=\"https:\/\/exceladvisor.org\/wp-content\/uploads\/2023\/11\/tableau-a-puces-in2-excel.xls\" rel=\"nofollow\">Descargue este archivo de muestra aqu\u00ed<\/a> para obtener m\u00e1s informaci\u00f3n.<\/p>\n<div class=\"gb-container gb-container-a61970aa gb-container-mt\"> <a class=\"gb-button gb-button-b4293c6c gb-button-text gb-button-mt-button\" href=\"https:\/\/exceladvisor.org\/es\/graficos-de-excel\/\">Tipos de gr\u00e1ficos de Excel<\/a><\/p>\n<h2 class=\"gb-headline gb-headline-5bf2e581 gb-headline-text gb-headline-mt-heading\"> Tutoriales relacionados <\/h2>\n<div class=\"gb-grid-wrapper gb-grid-wrapper-9b70abf1 gb-grid-wrapper-mt-grid\">\n<div class=\"gb-grid-column gb-grid-column-97a95c29\">\n<div class=\"gb-container gb-container-97a95c29\">\n<ul>\n<li> <a href=\"https:\/\/exceladvisor.org\/es\/grafico-de-gofres\/\">TABLERO EN RELIEVE<\/a><\/li>\n<li> <a href=\"https:\/\/exceladvisor.org\/es\/grafico-de-embudo\/\">gr\u00e1fico de embudo<\/a><\/li>\n<li> <a href=\"https:\/\/exceladvisor.org\/es\/grafico-de-gantt\/\">Gr\u00e1fico de gantt<\/a><\/li>\n<li> <a href=\"https:\/\/exceladvisor.org\/es\/tabla-de-tornados\/\">gr\u00e1fico de tornado<\/a><\/li>\n<li> <a href=\"https:\/\/exceladvisor.org\/es\/graficos-avanzados\/\">Gr\u00e1ficos avanzados de Excel<\/a><\/li>\n<li> <a href=\"https:\/\/exceladvisor.org\/es\/pictograma\/\">Pictograf\u00eda<\/a> <\/li>\n<\/ul>\n<\/div>\n<\/div>\n<div class=\"gb-grid-column gb-grid-column-0636840f\">\n<div class=\"gb-container gb-container-0636840f\"><\/div>\n<\/div>\n<\/div>\n<\/div>\n","protected":false},"excerpt":{"rendered":"<p>Seleccionar un buen tipo de gr\u00e1fico es una de las tareas m\u00e1s dif\u00edciles. Mientras luchaba con este tipo de problemas, encontr\u00e9 un gr\u00e1fico llamado Bullet Chart . El gr\u00e1fico de vi\u00f1etas es uno de esos gr\u00e1ficos avanzados de Excel que deber\u00edas aprender a trazar mejor. Este es un gr\u00e1fico perfecto para usar cuando necesita presentar [&hellip;]<\/p>\n","protected":false},"author":1,"featured_media":0,"parent":0,"menu_order":0,"comment_status":"open","ping_status":"closed","template":"","meta":{"ub_ctt_via":"","footnotes":""},"class_list":["post-192","page","type-page","status-publish","hentry"],"featured_image_src":null,"yoast_head":"<!-- This site is optimized with the Yoast SEO plugin v25.4 - https:\/\/yoast.com\/wordpress\/plugins\/seo\/ -->\n<title>\u00bfc\u00f3mo crear un gr\u00e1fico de vi\u00f1etas en excel?<\/title>\n<meta name=\"robots\" content=\"index, follow, max-snippet:-1, max-image-preview:large, max-video-preview:-1\" \/>\n<link rel=\"canonical\" href=\"https:\/\/exceladvisor.org\/es\/tablero-de-balas\/\" \/>\n<meta property=\"og:locale\" content=\"es_ES\" \/>\n<meta property=\"og:type\" content=\"article\" \/>\n<meta property=\"og:title\" content=\"\u00bfc\u00f3mo crear un gr\u00e1fico de vi\u00f1etas en excel?\" \/>\n<meta property=\"og:description\" content=\"Seleccionar un buen tipo de gr\u00e1fico es una de las tareas m\u00e1s dif\u00edciles. Mientras luchaba con este tipo de problemas, encontr\u00e9 un gr\u00e1fico llamado Bullet Chart . El gr\u00e1fico de vi\u00f1etas es uno de esos gr\u00e1ficos avanzados de Excel que deber\u00edas aprender a trazar mejor. Este es un gr\u00e1fico perfecto para usar cuando necesita presentar [&hellip;]\" \/>\n<meta property=\"og:url\" content=\"https:\/\/exceladvisor.org\/es\/tablero-de-balas\/\" \/>\n<meta property=\"og:site_name\" content=\"Excel Advisor\" \/>\n<meta property=\"article:modified_time\" content=\"2023-12-25T10:25:15+00:00\" \/>\n<meta property=\"og:image\" content=\"https:\/\/exceladvisor.org\/wp-content\/uploads\/2023\/08\/tableau-a-puces-pret-a-lemploi-dans-excel-1.png\" \/>\n<meta name=\"twitter:card\" content=\"summary_large_image\" \/>\n<meta name=\"twitter:label1\" content=\"Tiempo de lectura\" \/>\n\t<meta name=\"twitter:data1\" content=\"5 minutos\" \/>\n<script type=\"application\/ld+json\" class=\"yoast-schema-graph\">{\"@context\":\"https:\/\/schema.org\",\"@graph\":[{\"@type\":\"WebPage\",\"@id\":\"https:\/\/exceladvisor.org\/es\/tablero-de-balas\/\",\"url\":\"https:\/\/exceladvisor.org\/es\/tablero-de-balas\/\",\"name\":\"\u00bfc\u00f3mo crear un gr\u00e1fico de vi\u00f1etas en excel?\",\"isPartOf\":{\"@id\":\"https:\/\/exceladvisor.org\/es\/#website\"},\"primaryImageOfPage\":{\"@id\":\"https:\/\/exceladvisor.org\/es\/tablero-de-balas\/#primaryimage\"},\"image\":{\"@id\":\"https:\/\/exceladvisor.org\/es\/tablero-de-balas\/#primaryimage\"},\"thumbnailUrl\":\"https:\/\/exceladvisor.org\/wp-content\/uploads\/2023\/08\/tableau-a-puces-pret-a-lemploi-dans-excel-1.png\",\"datePublished\":\"2023-11-12T16:00:40+00:00\",\"dateModified\":\"2023-12-25T10:25:15+00:00\",\"breadcrumb\":{\"@id\":\"https:\/\/exceladvisor.org\/es\/tablero-de-balas\/#breadcrumb\"},\"inLanguage\":\"es\",\"potentialAction\":[{\"@type\":\"ReadAction\",\"target\":[\"https:\/\/exceladvisor.org\/es\/tablero-de-balas\/\"]}]},{\"@type\":\"ImageObject\",\"inLanguage\":\"es\",\"@id\":\"https:\/\/exceladvisor.org\/es\/tablero-de-balas\/#primaryimage\",\"url\":\"https:\/\/exceladvisor.org\/wp-content\/uploads\/2023\/08\/tableau-a-puces-pret-a-lemploi-dans-excel-1.png\",\"contentUrl\":\"https:\/\/exceladvisor.org\/wp-content\/uploads\/2023\/08\/tableau-a-puces-pret-a-lemploi-dans-excel-1.png\"},{\"@type\":\"BreadcrumbList\",\"@id\":\"https:\/\/exceladvisor.org\/es\/tablero-de-balas\/#breadcrumb\",\"itemListElement\":[{\"@type\":\"ListItem\",\"position\":1,\"name\":\"Hogar\",\"item\":\"https:\/\/exceladvisor.org\/es\/\"},{\"@type\":\"ListItem\",\"position\":2,\"name\":\"\u00bfc\u00f3mo crear un gr\u00e1fico de vi\u00f1etas en excel?\"}]},{\"@type\":\"WebSite\",\"@id\":\"https:\/\/exceladvisor.org\/es\/#website\",\"url\":\"https:\/\/exceladvisor.org\/es\/\",\"name\":\"Excel Advisor\",\"description\":\"Su gu\u00eda para la dominaci\u00f3n de datos!\",\"publisher\":{\"@id\":\"https:\/\/exceladvisor.org\/es\/#organization\"},\"potentialAction\":[{\"@type\":\"SearchAction\",\"target\":{\"@type\":\"EntryPoint\",\"urlTemplate\":\"https:\/\/exceladvisor.org\/es\/?s={search_term_string}\"},\"query-input\":{\"@type\":\"PropertyValueSpecification\",\"valueRequired\":true,\"valueName\":\"search_term_string\"}}],\"inLanguage\":\"es\"},{\"@type\":\"Organization\",\"@id\":\"https:\/\/exceladvisor.org\/es\/#organization\",\"name\":\"Excel Advisor\",\"url\":\"https:\/\/exceladvisor.org\/es\/\",\"logo\":{\"@type\":\"ImageObject\",\"inLanguage\":\"es\",\"@id\":\"https:\/\/exceladvisor.org\/es\/#\/schema\/logo\/image\/\",\"url\":\"https:\/\/exceladvisor.org\/es\/wp-content\/uploads\/2023\/12\/exceladvisor.org_.png\",\"contentUrl\":\"https:\/\/exceladvisor.org\/es\/wp-content\/uploads\/2023\/12\/exceladvisor.org_.png\",\"width\":105,\"height\":36,\"caption\":\"Excel Advisor\"},\"image\":{\"@id\":\"https:\/\/exceladvisor.org\/es\/#\/schema\/logo\/image\/\"}}]}<\/script>\n<!-- \/ Yoast SEO plugin. -->","yoast_head_json":{"title":"\u00bfc\u00f3mo crear un gr\u00e1fico de vi\u00f1etas en excel?","robots":{"index":"index","follow":"follow","max-snippet":"max-snippet:-1","max-image-preview":"max-image-preview:large","max-video-preview":"max-video-preview:-1"},"canonical":"https:\/\/exceladvisor.org\/es\/tablero-de-balas\/","og_locale":"es_ES","og_type":"article","og_title":"\u00bfc\u00f3mo crear un gr\u00e1fico de vi\u00f1etas en excel?","og_description":"Seleccionar un buen tipo de gr\u00e1fico es una de las tareas m\u00e1s dif\u00edciles. Mientras luchaba con este tipo de problemas, encontr\u00e9 un gr\u00e1fico llamado Bullet Chart . El gr\u00e1fico de vi\u00f1etas es uno de esos gr\u00e1ficos avanzados de Excel que deber\u00edas aprender a trazar mejor. Este es un gr\u00e1fico perfecto para usar cuando necesita presentar [&hellip;]","og_url":"https:\/\/exceladvisor.org\/es\/tablero-de-balas\/","og_site_name":"Excel Advisor","article_modified_time":"2023-12-25T10:25:15+00:00","og_image":[{"url":"https:\/\/exceladvisor.org\/wp-content\/uploads\/2023\/08\/tableau-a-puces-pret-a-lemploi-dans-excel-1.png","type":"","width":"","height":""}],"twitter_card":"summary_large_image","twitter_misc":{"Tiempo de lectura":"5 minutos"},"schema":{"@context":"https:\/\/schema.org","@graph":[{"@type":"WebPage","@id":"https:\/\/exceladvisor.org\/es\/tablero-de-balas\/","url":"https:\/\/exceladvisor.org\/es\/tablero-de-balas\/","name":"\u00bfc\u00f3mo crear un gr\u00e1fico de vi\u00f1etas en excel?","isPartOf":{"@id":"https:\/\/exceladvisor.org\/es\/#website"},"primaryImageOfPage":{"@id":"https:\/\/exceladvisor.org\/es\/tablero-de-balas\/#primaryimage"},"image":{"@id":"https:\/\/exceladvisor.org\/es\/tablero-de-balas\/#primaryimage"},"thumbnailUrl":"https:\/\/exceladvisor.org\/wp-content\/uploads\/2023\/08\/tableau-a-puces-pret-a-lemploi-dans-excel-1.png","datePublished":"2023-11-12T16:00:40+00:00","dateModified":"2023-12-25T10:25:15+00:00","breadcrumb":{"@id":"https:\/\/exceladvisor.org\/es\/tablero-de-balas\/#breadcrumb"},"inLanguage":"es","potentialAction":[{"@type":"ReadAction","target":["https:\/\/exceladvisor.org\/es\/tablero-de-balas\/"]}]},{"@type":"ImageObject","inLanguage":"es","@id":"https:\/\/exceladvisor.org\/es\/tablero-de-balas\/#primaryimage","url":"https:\/\/exceladvisor.org\/wp-content\/uploads\/2023\/08\/tableau-a-puces-pret-a-lemploi-dans-excel-1.png","contentUrl":"https:\/\/exceladvisor.org\/wp-content\/uploads\/2023\/08\/tableau-a-puces-pret-a-lemploi-dans-excel-1.png"},{"@type":"BreadcrumbList","@id":"https:\/\/exceladvisor.org\/es\/tablero-de-balas\/#breadcrumb","itemListElement":[{"@type":"ListItem","position":1,"name":"Hogar","item":"https:\/\/exceladvisor.org\/es\/"},{"@type":"ListItem","position":2,"name":"\u00bfc\u00f3mo crear un gr\u00e1fico de vi\u00f1etas en excel?"}]},{"@type":"WebSite","@id":"https:\/\/exceladvisor.org\/es\/#website","url":"https:\/\/exceladvisor.org\/es\/","name":"Excel Advisor","description":"Su gu\u00eda para la dominaci\u00f3n de datos!","publisher":{"@id":"https:\/\/exceladvisor.org\/es\/#organization"},"potentialAction":[{"@type":"SearchAction","target":{"@type":"EntryPoint","urlTemplate":"https:\/\/exceladvisor.org\/es\/?s={search_term_string}"},"query-input":{"@type":"PropertyValueSpecification","valueRequired":true,"valueName":"search_term_string"}}],"inLanguage":"es"},{"@type":"Organization","@id":"https:\/\/exceladvisor.org\/es\/#organization","name":"Excel Advisor","url":"https:\/\/exceladvisor.org\/es\/","logo":{"@type":"ImageObject","inLanguage":"es","@id":"https:\/\/exceladvisor.org\/es\/#\/schema\/logo\/image\/","url":"https:\/\/exceladvisor.org\/es\/wp-content\/uploads\/2023\/12\/exceladvisor.org_.png","contentUrl":"https:\/\/exceladvisor.org\/es\/wp-content\/uploads\/2023\/12\/exceladvisor.org_.png","width":105,"height":36,"caption":"Excel Advisor"},"image":{"@id":"https:\/\/exceladvisor.org\/es\/#\/schema\/logo\/image\/"}}]}},"yoast_meta":{"yoast_wpseo_title":"","yoast_wpseo_metadesc":"","yoast_wpseo_canonical":""},"_links":{"self":[{"href":"https:\/\/exceladvisor.org\/es\/wp-json\/wp\/v2\/pages\/192","targetHints":{"allow":["GET"]}}],"collection":[{"href":"https:\/\/exceladvisor.org\/es\/wp-json\/wp\/v2\/pages"}],"about":[{"href":"https:\/\/exceladvisor.org\/es\/wp-json\/wp\/v2\/types\/page"}],"author":[{"embeddable":true,"href":"https:\/\/exceladvisor.org\/es\/wp-json\/wp\/v2\/users\/1"}],"replies":[{"embeddable":true,"href":"https:\/\/exceladvisor.org\/es\/wp-json\/wp\/v2\/comments?post=192"}],"version-history":[{"count":1,"href":"https:\/\/exceladvisor.org\/es\/wp-json\/wp\/v2\/pages\/192\/revisions"}],"predecessor-version":[{"id":1029,"href":"https:\/\/exceladvisor.org\/es\/wp-json\/wp\/v2\/pages\/192\/revisions\/1029"}],"wp:attachment":[{"href":"https:\/\/exceladvisor.org\/es\/wp-json\/wp\/v2\/media?parent=192"}],"curies":[{"name":"wp","href":"https:\/\/api.w.org\/{rel}","templated":true}]}}