{"id":193,"date":"2023-11-12T15:52:42","date_gmt":"2023-11-12T15:52:42","guid":{"rendered":"https:\/\/exceladvisor.org\/es\/titulo-del-grafico-dinamico\/"},"modified":"2023-12-25T10:25:24","modified_gmt":"2023-12-25T10:25:24","slug":"titulo-del-grafico-dinamico","status":"publish","type":"page","link":"https:\/\/exceladvisor.org\/es\/titulo-del-grafico-dinamico\/","title":{"rendered":"\u00bfc\u00f3mo crear un t\u00edtulo de gr\u00e1fico din\u00e1mico en excel?"},"content":{"rendered":"<div class=\"excel-antes-del-contenido\" id=\"excel-1178395359\"><script type=\"text\/javascript\">\r\n\tatOptions = {\r\n\t\t'key' : 'c1158f160081d6540a8409e6925dab94',\r\n\t\t'format' : 'iframe',\r\n\t\t'height' : 250,\r\n\t\t'width' : 300,\r\n\t\t'params' : {}\r\n\t};\r\n<\/script>\r\n<script type=\"text\/javascript\" src=\"\/\/www.highperformanceformat.com\/c1158f160081d6540a8409e6925dab94\/invoke.js\"><\/script><\/div><p>A todos nos encantan <a style=\"outline: none;\" href=\"https:\/\/exceladvisor.org\/es\/graficos-interactivos\/\">los gr\u00e1ficos din\u00e1micos e interactivos<\/a> . Son geniales. \u00bfPero sabes cu\u00e1l es la parte m\u00e1s importante de un gr\u00e1fico din\u00e1mico?<\/p>\n<p> Este es \u279c <strong>T\u00edtulo del gr\u00e1fico<\/strong><\/p>\n<p> Al crear un t\u00edtulo de gr\u00e1fico din\u00e1mico, puede hacer que sus gr\u00e1ficos de Excel sean m\u00e1s efectivos.<\/p>\n<p> S\u00f3lo piensa de esta manera. Ha creado un gr\u00e1fico din\u00e1mico en el que los valores cambiar\u00e1n cuando cambie el a\u00f1o actual. Pero \u00bfqu\u00e9 pasa con el t\u00edtulo del gr\u00e1fico? Tienes que cambiarlo cada vez.<\/p>\n<p> La mala noticia es que siempre existe la posibilidad de perd\u00e9rselo. Pero esta es la buena noticia: puede vincular el t\u00edtulo de un gr\u00e1fico a una celda para hacerlo din\u00e1mico. Y en la publicaci\u00f3n de hoy, me gustar\u00eda compartir con ustedes los pasos exactos para hacer que el t\u00edtulo de un gr\u00e1fico sea din\u00e1mico conect\u00e1ndolo a una celda.<\/p>\n<p> Empecemos.<\/p>\n<h2 class=\"wp-block-heading\"> Pasos para crear un t\u00edtulo de gr\u00e1fico din\u00e1mico en Excel<\/h2>\n<p> Convertir el t\u00edtulo de un gr\u00e1fico normal en un t\u00edtulo din\u00e1mico es sencillo. Pero antes de eso, necesitas uno que puedas vincular al t\u00edtulo.<\/p>\n<p> Aqu\u00ed est\u00e1n los pasos:<\/p>\n<ol>\n<li> Seleccione el t\u00edtulo del gr\u00e1fico en su gr\u00e1fico.<\/li>\n<li> Vaya a la barra de f\u00f3rmulas y escriba =.<\/li>\n<li> Seleccione la celda que desea vincular al t\u00edtulo del gr\u00e1fico.<\/li>\n<li> Presione Entrar. <\/li>\n<\/ol>\n<div class=\"wp-block-image\">\n<figure class=\"aligncenter\"><img decoding=\"async\" src=\"https:\/\/exceladvisor.org\/wp-content\/uploads\/2023\/08\/etapes-pour-lier-une-cellule-avec-le-titre-du-graphique-pour-creer-une-dynamique-1.gif\" sizes=\"\" srcset=\"\" alt=\"\"><\/figure>\n<\/div>\n<p> <em>Relacionado: <a style=\"outline: none;\" href=\"https:\/\/exceladvisor.org\/es\/graficos-avanzados\/\">Las 10 mejores tablas y gr\u00e1ficos AVANZADOS de Excel (descarga gratuita de plantilla)<\/a><\/em><\/p>\n<h2 class=\"wp-block-heading\"> Combine enlaces de celda y texto para crear un t\u00edtulo de gr\u00e1fico din\u00e1mico<\/h2>\n<p> Ahora d\u00e9jame mostrarte c\u00f3mo combinar una celda y texto para crear un t\u00edtulo de gr\u00e1fico din\u00e1mico. Por ejemplo, si desea vincular una celda con el nombre de un a\u00f1o que cambiar\u00e1 con los datos del gr\u00e1fico y desea agregar la etiqueta \u00abTendencia de ventas mensual:\u00bb antes.<\/p>\n<ul>\n<li> Primero, simplemente ingrese la f\u00f3rmula ( <code>=\u201dMonthly Sales Trend: \u201d &amp;H3<\/code> ) en la <a href=\"https:\/\/exceladvisor.org\/es\/barra-de-formulas-de-excel\/\">barra de f\u00f3rmulas<\/a> en una nueva celda.<\/li>\n<li> Seleccione el t\u00edtulo del gr\u00e1fico.<\/li>\n<li> Vaya a la barra de f\u00f3rmulas y presione =.<\/li>\n<li> Ahora simplemente seleccione la nueva celda.<\/li>\n<li> Presione Entrar. <\/li>\n<\/ul>\n<div class=\"wp-block-image\">\n<figure class=\"aligncenter\"><img decoding=\"async\" src=\"https:\/\/exceladvisor.org\/wp-content\/uploads\/2023\/08\/etapes-pour-lier-une-cellule-et-un-texte-avec-titre-de-graphique-pour-creer-une-dynamique-1.gif\" sizes=\"\" srcset=\"\" alt=\"\"><\/figure>\n<\/div>\n<h2 class=\"wp-block-heading\"> Crear un t\u00edtulo din\u00e1mico en un gr\u00e1fico din\u00e1mico<\/h2>\n<p> Tambi\u00e9n puede utilizar el mismo m\u00e9todo para crear un t\u00edtulo din\u00e1mico en una tabla din\u00e1mica. Una vez que <a style=\"outline: none;\" href=\"https:\/\/exceladvisor.org\/es\/mesa-pivote-2\/\" data-wpil=\"url\">haya creado una tabla din\u00e1mica<\/a> , siga los mismos pasos que utiliz\u00f3 en una tabla normal. <\/p>\n<div class=\"wp-block-image\">\n<figure class=\"aligncenter\"><img decoding=\"async\" src=\"https:\/\/exceladvisor.org\/wp-content\/uploads\/2023\/08\/titre-du-graphique-dynamique-avec-lien-vers-une-cellule-avec-des-formules-pour-le-graphique-croise-dynamique-1.png\" sizes=\"\" srcset=\"\" alt=\"t\u00edtulo-del-gr\u00e1fico-din\u00e1mico-con-v\u00ednculo-a-celda-con-f\u00f3rmulas-para-el-gr\u00e1fico-din\u00e1mico\"><\/figure>\n<\/div>\n<h2 class=\"wp-block-heading\"> Crear un t\u00edtulo de gr\u00e1fico din\u00e1mico con formas<\/h2>\n<p> Si desea ahorrar espacio en su gr\u00e1fico, tambi\u00e9n puede utilizar una forma rectangular separada como t\u00edtulo del gr\u00e1fico.<\/p>\n<ul>\n<li> Simplemente inserte una forma en su hoja de c\u00e1lculo.<\/li>\n<li> Vinc\u00falelo a la celda como lo hizo en el t\u00edtulo del gr\u00e1fico normal. <\/li>\n<\/ul>\n<div class=\"wp-block-image\">\n<figure class=\"aligncenter\"><img decoding=\"async\" src=\"https:\/\/exceladvisor.org\/wp-content\/uploads\/2023\/08\/titre-de-graphique-dynamique-avec-lien-vers-une-cellule-avec-des-formules-utilisant-une-forme-1.png\" sizes=\"\" srcset=\"\" alt=\"\"><\/figure>\n<\/div>\n<h2 class=\"wp-block-heading\"> Puntos importantes<\/h2>\n<ol>\n<li> No puede utilizar una f\u00f3rmula en el t\u00edtulo del gr\u00e1fico, pero puede vincularla a una celda que contenga una f\u00f3rmula.<\/li>\n<li> Si desea ingresar un salto de l\u00ednea en el t\u00edtulo del gr\u00e1fico, puede crear ese salto de l\u00ednea en la celda a la que est\u00e1 vinculando.<\/li>\n<\/ol>\n<h2 class=\"wp-block-heading\"> Archivo de ejemplo<\/h2>\n<p> <a href=\"https:\/\/exceladvisor.org\/wp-content\/uploads\/2023\/11\/titre-du-graphique-dynamique-2.xlsx\" rel=\"nofollow\">Descargue un archivo de muestra aqu\u00ed<\/a> para obtener m\u00e1s informaci\u00f3n.<\/p>\n<h2 class=\"wp-block-heading\"> Conclusi\u00f3n<\/h2>\n<p> El t\u00edtulo de un gr\u00e1fico din\u00e1mico depende de una celda que contiene una f\u00f3rmula que cambiar\u00e1 cuando cambie el valor de su gr\u00e1fico. B\u00e1sicamente, el t\u00edtulo de su gr\u00e1fico est\u00e1 vinculado a una celda din\u00e1mica. Espero que este consejo sobre gr\u00e1ficos te ayude a crear gr\u00e1ficos avanzados y ahora dime una cosa.<\/p>\n<p> \u00bfAlguna vez has usado un t\u00edtulo din\u00e1mico en un gr\u00e1fico?<\/p>\n<p> Comparta sus pensamientos conmigo en la secci\u00f3n de comentarios, me encantar\u00eda saber de usted. Y no olvides compartir este consejo con tus amigos.<\/p>\n<h2 class=\"wp-block-heading\"> M\u00e1s consejos y tutoriales sobre gr\u00e1ficos<\/h2>\n<ul>\n<li> <a style=\"outline: none;\" href=\"https:\/\/exceladvisor.org\/es\/agregar-una-linea-horizontal\/\">C\u00f3mo agregar una l\u00ednea horizontal a un gr\u00e1fico en Excel<\/a><\/li>\n<li> <a style=\"outline: none;\" href=\"https:\/\/exceladvisor.org\/es\/agregar-una-linea-vertical\/\">C\u00f3mo agregar una l\u00ednea vertical a un gr\u00e1fico en Excel<\/a><\/li>\n<li> <a style=\"outline: none;\" href=\"https:\/\/exceladvisor.org\/es\/tablero-de-balas\/\">C\u00f3mo crear un gr\u00e1fico de vi\u00f1etas en Excel<\/a><\/li>\n<li> <a style=\"outline: none;\" href=\"https:\/\/exceladvisor.org\/es\/rango-de-grafico-dinamico\/\">C\u00f3mo crear un rango de gr\u00e1fico din\u00e1mico en Excel<\/a><\/li>\n<li> <a style=\"outline: none;\" href=\"https:\/\/exceladvisor.org\/es\/grafico-de-embudo\/\">C\u00f3mo crear un gr\u00e1fico de embudo de ventas en Excel<\/a><\/li>\n<\/ul>\n","protected":false},"excerpt":{"rendered":"<p>A todos nos encantan los gr\u00e1ficos din\u00e1micos e interactivos . Son geniales. \u00bfPero sabes cu\u00e1l es la parte m\u00e1s importante de un gr\u00e1fico din\u00e1mico? Este es \u279c T\u00edtulo del gr\u00e1fico Al crear un t\u00edtulo de gr\u00e1fico din\u00e1mico, puede hacer que sus gr\u00e1ficos de Excel sean m\u00e1s efectivos. S\u00f3lo piensa de esta manera. Ha creado un [&hellip;]<\/p>\n","protected":false},"author":1,"featured_media":0,"parent":0,"menu_order":0,"comment_status":"open","ping_status":"closed","template":"","meta":{"ub_ctt_via":"","footnotes":""},"class_list":["post-193","page","type-page","status-publish","hentry"],"featured_image_src":null,"yoast_head":"<!-- This site is optimized with the Yoast SEO plugin v25.4 - https:\/\/yoast.com\/wordpress\/plugins\/seo\/ -->\n<title>\u00bfc\u00f3mo crear un t\u00edtulo de gr\u00e1fico din\u00e1mico en excel?<\/title>\n<meta name=\"robots\" content=\"index, follow, max-snippet:-1, max-image-preview:large, max-video-preview:-1\" \/>\n<link rel=\"canonical\" href=\"https:\/\/exceladvisor.org\/es\/titulo-del-grafico-dinamico\/\" \/>\n<meta property=\"og:locale\" content=\"es_ES\" \/>\n<meta property=\"og:type\" content=\"article\" \/>\n<meta property=\"og:title\" content=\"\u00bfc\u00f3mo crear un t\u00edtulo de gr\u00e1fico din\u00e1mico en excel?\" \/>\n<meta property=\"og:description\" content=\"A todos nos encantan los gr\u00e1ficos din\u00e1micos e interactivos . Son geniales. \u00bfPero sabes cu\u00e1l es la parte m\u00e1s importante de un gr\u00e1fico din\u00e1mico? Este es \u279c T\u00edtulo del gr\u00e1fico Al crear un t\u00edtulo de gr\u00e1fico din\u00e1mico, puede hacer que sus gr\u00e1ficos de Excel sean m\u00e1s efectivos. S\u00f3lo piensa de esta manera. Ha creado un [&hellip;]\" \/>\n<meta property=\"og:url\" content=\"https:\/\/exceladvisor.org\/es\/titulo-del-grafico-dinamico\/\" \/>\n<meta property=\"og:site_name\" content=\"Excel Advisor\" \/>\n<meta property=\"article:modified_time\" content=\"2023-12-25T10:25:24+00:00\" \/>\n<meta property=\"og:image\" content=\"https:\/\/exceladvisor.org\/wp-content\/uploads\/2023\/08\/etapes-pour-lier-une-cellule-avec-le-titre-du-graphique-pour-creer-une-dynamique-1.gif\" \/>\n<meta name=\"twitter:card\" content=\"summary_large_image\" \/>\n<meta name=\"twitter:label1\" content=\"Tiempo de lectura\" \/>\n\t<meta name=\"twitter:data1\" content=\"4 minutos\" \/>\n<script type=\"application\/ld+json\" class=\"yoast-schema-graph\">{\"@context\":\"https:\/\/schema.org\",\"@graph\":[{\"@type\":\"WebPage\",\"@id\":\"https:\/\/exceladvisor.org\/es\/titulo-del-grafico-dinamico\/\",\"url\":\"https:\/\/exceladvisor.org\/es\/titulo-del-grafico-dinamico\/\",\"name\":\"\u00bfc\u00f3mo crear un t\u00edtulo de gr\u00e1fico din\u00e1mico en excel?\",\"isPartOf\":{\"@id\":\"https:\/\/exceladvisor.org\/es\/#website\"},\"primaryImageOfPage\":{\"@id\":\"https:\/\/exceladvisor.org\/es\/titulo-del-grafico-dinamico\/#primaryimage\"},\"image\":{\"@id\":\"https:\/\/exceladvisor.org\/es\/titulo-del-grafico-dinamico\/#primaryimage\"},\"thumbnailUrl\":\"https:\/\/exceladvisor.org\/wp-content\/uploads\/2023\/08\/etapes-pour-lier-une-cellule-avec-le-titre-du-graphique-pour-creer-une-dynamique-1.gif\",\"datePublished\":\"2023-11-12T15:52:42+00:00\",\"dateModified\":\"2023-12-25T10:25:24+00:00\",\"breadcrumb\":{\"@id\":\"https:\/\/exceladvisor.org\/es\/titulo-del-grafico-dinamico\/#breadcrumb\"},\"inLanguage\":\"es\",\"potentialAction\":[{\"@type\":\"ReadAction\",\"target\":[\"https:\/\/exceladvisor.org\/es\/titulo-del-grafico-dinamico\/\"]}]},{\"@type\":\"ImageObject\",\"inLanguage\":\"es\",\"@id\":\"https:\/\/exceladvisor.org\/es\/titulo-del-grafico-dinamico\/#primaryimage\",\"url\":\"https:\/\/exceladvisor.org\/wp-content\/uploads\/2023\/08\/etapes-pour-lier-une-cellule-avec-le-titre-du-graphique-pour-creer-une-dynamique-1.gif\",\"contentUrl\":\"https:\/\/exceladvisor.org\/wp-content\/uploads\/2023\/08\/etapes-pour-lier-une-cellule-avec-le-titre-du-graphique-pour-creer-une-dynamique-1.gif\"},{\"@type\":\"BreadcrumbList\",\"@id\":\"https:\/\/exceladvisor.org\/es\/titulo-del-grafico-dinamico\/#breadcrumb\",\"itemListElement\":[{\"@type\":\"ListItem\",\"position\":1,\"name\":\"Hogar\",\"item\":\"https:\/\/exceladvisor.org\/es\/\"},{\"@type\":\"ListItem\",\"position\":2,\"name\":\"\u00bfc\u00f3mo crear un t\u00edtulo de gr\u00e1fico din\u00e1mico en excel?\"}]},{\"@type\":\"WebSite\",\"@id\":\"https:\/\/exceladvisor.org\/es\/#website\",\"url\":\"https:\/\/exceladvisor.org\/es\/\",\"name\":\"Excel Advisor\",\"description\":\"Su gu\u00eda para la dominaci\u00f3n de datos!\",\"publisher\":{\"@id\":\"https:\/\/exceladvisor.org\/es\/#organization\"},\"potentialAction\":[{\"@type\":\"SearchAction\",\"target\":{\"@type\":\"EntryPoint\",\"urlTemplate\":\"https:\/\/exceladvisor.org\/es\/?s={search_term_string}\"},\"query-input\":{\"@type\":\"PropertyValueSpecification\",\"valueRequired\":true,\"valueName\":\"search_term_string\"}}],\"inLanguage\":\"es\"},{\"@type\":\"Organization\",\"@id\":\"https:\/\/exceladvisor.org\/es\/#organization\",\"name\":\"Excel Advisor\",\"url\":\"https:\/\/exceladvisor.org\/es\/\",\"logo\":{\"@type\":\"ImageObject\",\"inLanguage\":\"es\",\"@id\":\"https:\/\/exceladvisor.org\/es\/#\/schema\/logo\/image\/\",\"url\":\"https:\/\/exceladvisor.org\/es\/wp-content\/uploads\/2023\/12\/exceladvisor.org_.png\",\"contentUrl\":\"https:\/\/exceladvisor.org\/es\/wp-content\/uploads\/2023\/12\/exceladvisor.org_.png\",\"width\":105,\"height\":36,\"caption\":\"Excel Advisor\"},\"image\":{\"@id\":\"https:\/\/exceladvisor.org\/es\/#\/schema\/logo\/image\/\"}}]}<\/script>\n<!-- \/ Yoast SEO plugin. -->","yoast_head_json":{"title":"\u00bfc\u00f3mo crear un t\u00edtulo de gr\u00e1fico din\u00e1mico en excel?","robots":{"index":"index","follow":"follow","max-snippet":"max-snippet:-1","max-image-preview":"max-image-preview:large","max-video-preview":"max-video-preview:-1"},"canonical":"https:\/\/exceladvisor.org\/es\/titulo-del-grafico-dinamico\/","og_locale":"es_ES","og_type":"article","og_title":"\u00bfc\u00f3mo crear un t\u00edtulo de gr\u00e1fico din\u00e1mico en excel?","og_description":"A todos nos encantan los gr\u00e1ficos din\u00e1micos e interactivos . Son geniales. \u00bfPero sabes cu\u00e1l es la parte m\u00e1s importante de un gr\u00e1fico din\u00e1mico? Este es \u279c T\u00edtulo del gr\u00e1fico Al crear un t\u00edtulo de gr\u00e1fico din\u00e1mico, puede hacer que sus gr\u00e1ficos de Excel sean m\u00e1s efectivos. S\u00f3lo piensa de esta manera. Ha creado un [&hellip;]","og_url":"https:\/\/exceladvisor.org\/es\/titulo-del-grafico-dinamico\/","og_site_name":"Excel Advisor","article_modified_time":"2023-12-25T10:25:24+00:00","og_image":[{"url":"https:\/\/exceladvisor.org\/wp-content\/uploads\/2023\/08\/etapes-pour-lier-une-cellule-avec-le-titre-du-graphique-pour-creer-une-dynamique-1.gif","type":"","width":"","height":""}],"twitter_card":"summary_large_image","twitter_misc":{"Tiempo de lectura":"4 minutos"},"schema":{"@context":"https:\/\/schema.org","@graph":[{"@type":"WebPage","@id":"https:\/\/exceladvisor.org\/es\/titulo-del-grafico-dinamico\/","url":"https:\/\/exceladvisor.org\/es\/titulo-del-grafico-dinamico\/","name":"\u00bfc\u00f3mo crear un t\u00edtulo de gr\u00e1fico din\u00e1mico en excel?","isPartOf":{"@id":"https:\/\/exceladvisor.org\/es\/#website"},"primaryImageOfPage":{"@id":"https:\/\/exceladvisor.org\/es\/titulo-del-grafico-dinamico\/#primaryimage"},"image":{"@id":"https:\/\/exceladvisor.org\/es\/titulo-del-grafico-dinamico\/#primaryimage"},"thumbnailUrl":"https:\/\/exceladvisor.org\/wp-content\/uploads\/2023\/08\/etapes-pour-lier-une-cellule-avec-le-titre-du-graphique-pour-creer-une-dynamique-1.gif","datePublished":"2023-11-12T15:52:42+00:00","dateModified":"2023-12-25T10:25:24+00:00","breadcrumb":{"@id":"https:\/\/exceladvisor.org\/es\/titulo-del-grafico-dinamico\/#breadcrumb"},"inLanguage":"es","potentialAction":[{"@type":"ReadAction","target":["https:\/\/exceladvisor.org\/es\/titulo-del-grafico-dinamico\/"]}]},{"@type":"ImageObject","inLanguage":"es","@id":"https:\/\/exceladvisor.org\/es\/titulo-del-grafico-dinamico\/#primaryimage","url":"https:\/\/exceladvisor.org\/wp-content\/uploads\/2023\/08\/etapes-pour-lier-une-cellule-avec-le-titre-du-graphique-pour-creer-une-dynamique-1.gif","contentUrl":"https:\/\/exceladvisor.org\/wp-content\/uploads\/2023\/08\/etapes-pour-lier-une-cellule-avec-le-titre-du-graphique-pour-creer-une-dynamique-1.gif"},{"@type":"BreadcrumbList","@id":"https:\/\/exceladvisor.org\/es\/titulo-del-grafico-dinamico\/#breadcrumb","itemListElement":[{"@type":"ListItem","position":1,"name":"Hogar","item":"https:\/\/exceladvisor.org\/es\/"},{"@type":"ListItem","position":2,"name":"\u00bfc\u00f3mo crear un t\u00edtulo de gr\u00e1fico din\u00e1mico en excel?"}]},{"@type":"WebSite","@id":"https:\/\/exceladvisor.org\/es\/#website","url":"https:\/\/exceladvisor.org\/es\/","name":"Excel Advisor","description":"Su gu\u00eda para la dominaci\u00f3n de datos!","publisher":{"@id":"https:\/\/exceladvisor.org\/es\/#organization"},"potentialAction":[{"@type":"SearchAction","target":{"@type":"EntryPoint","urlTemplate":"https:\/\/exceladvisor.org\/es\/?s={search_term_string}"},"query-input":{"@type":"PropertyValueSpecification","valueRequired":true,"valueName":"search_term_string"}}],"inLanguage":"es"},{"@type":"Organization","@id":"https:\/\/exceladvisor.org\/es\/#organization","name":"Excel Advisor","url":"https:\/\/exceladvisor.org\/es\/","logo":{"@type":"ImageObject","inLanguage":"es","@id":"https:\/\/exceladvisor.org\/es\/#\/schema\/logo\/image\/","url":"https:\/\/exceladvisor.org\/es\/wp-content\/uploads\/2023\/12\/exceladvisor.org_.png","contentUrl":"https:\/\/exceladvisor.org\/es\/wp-content\/uploads\/2023\/12\/exceladvisor.org_.png","width":105,"height":36,"caption":"Excel Advisor"},"image":{"@id":"https:\/\/exceladvisor.org\/es\/#\/schema\/logo\/image\/"}}]}},"yoast_meta":{"yoast_wpseo_title":"","yoast_wpseo_metadesc":"","yoast_wpseo_canonical":""},"_links":{"self":[{"href":"https:\/\/exceladvisor.org\/es\/wp-json\/wp\/v2\/pages\/193","targetHints":{"allow":["GET"]}}],"collection":[{"href":"https:\/\/exceladvisor.org\/es\/wp-json\/wp\/v2\/pages"}],"about":[{"href":"https:\/\/exceladvisor.org\/es\/wp-json\/wp\/v2\/types\/page"}],"author":[{"embeddable":true,"href":"https:\/\/exceladvisor.org\/es\/wp-json\/wp\/v2\/users\/1"}],"replies":[{"embeddable":true,"href":"https:\/\/exceladvisor.org\/es\/wp-json\/wp\/v2\/comments?post=193"}],"version-history":[{"count":1,"href":"https:\/\/exceladvisor.org\/es\/wp-json\/wp\/v2\/pages\/193\/revisions"}],"predecessor-version":[{"id":1053,"href":"https:\/\/exceladvisor.org\/es\/wp-json\/wp\/v2\/pages\/193\/revisions\/1053"}],"wp:attachment":[{"href":"https:\/\/exceladvisor.org\/es\/wp-json\/wp\/v2\/media?parent=193"}],"curies":[{"name":"wp","href":"https:\/\/api.w.org\/{rel}","templated":true}]}}