{"id":196,"date":"2023-11-12T14:09:55","date_gmt":"2023-11-12T14:09:55","guid":{"rendered":"https:\/\/exceladvisor.org\/es\/contar-celdas-con-texto\/"},"modified":"2023-12-25T10:24:36","modified_gmt":"2023-12-25T10:24:36","slug":"contar-celdas-con-texto","status":"publish","type":"page","link":"https:\/\/exceladvisor.org\/es\/contar-celdas-con-texto\/","title":{"rendered":"\u00bfc\u00f3mo contar celdas con texto en excel?"},"content":{"rendered":"<div class=\"excel-antes-del-contenido\" id=\"excel-625523743\"><script type=\"text\/javascript\">\r\n\tatOptions = {\r\n\t\t'key' : 'c1158f160081d6540a8409e6925dab94',\r\n\t\t'format' : 'iframe',\r\n\t\t'height' : 250,\r\n\t\t'width' : 300,\r\n\t\t'params' : {}\r\n\t};\r\n<\/script>\r\n<script type=\"text\/javascript\" src=\"\/\/www.highperformanceformat.com\/c1158f160081d6540a8409e6925dab94\/invoke.js\"><\/script><\/div><p>La semana pasada, uno de mis lectores me pidi\u00f3 una f\u00f3rmula sencilla que pudiera usar para contar celdas con texto. B\u00e1sicamente, estaba tratando de descubrir cu\u00e1l es el mejor m\u00e9todo a utilizar.<\/p>\n<p> Pero si lo piensas por un segundo. En Excel tienes diferentes f\u00f3rmulas para contar todas las celdas donde tienes valores de texto. Pero el punto es cu\u00e1l deber\u00edas usar.<\/p>\n<p> Creo que depende de la situaci\u00f3n. Una cosa que debes entender aqu\u00ed es que las celdas con texto significan cualquier celda donde no tienes n\u00fameros, celdas en blanco o errores.<\/p>\n<p> Hoy en este art\u00edculo me gustar\u00eda compartir 6 formas diferentes de contar celdas con texto en diferentes situaciones.<\/p>\n<h2 id=\"tab-con-1\" class=\"wp-block-heading\"> 1. CONTAR.SI con comodines para contar celdas con valores de texto<\/h2>\n<p> La mejor f\u00f3rmula para contar celdas con texto es CONTAR.SI con un <a href=\"https:\/\/exceladvisor.org\/es\/comodines-2\/\" data-wpil=\"url\">comod\u00edn<\/a> (* \u2013 Asterisco). En la tabla de datos a continuaci\u00f3n, tiene una lista de nombres y n\u00fameros de tel\u00e9fono celular en una sola columna. Y de esta lista debe contar la cantidad de celdas con nombres (texto). La f\u00f3rmula ser\u00e1: <\/p>\n<pre class=\"wp-block-code\"> <code class=\"language-excel-formula\" lang=\"excel-formula\">=COUNTIF(A2:A20,\"*\")<\/code><\/pre>\n<div class=\"wp-block-image\">\n<figure class=\"aligncenter size-full\"><img decoding=\"async\" class=\"wp-image-12935\" src=\"https:\/\/exceladvisor.org\/wp-content\/uploads\/2023\/08\/1-compter-les-cellules-avec-du-texte-en-utilisant-countif-et-astrisk-min-1.png\" sizes=\"\" srcset=\"\" alt=\"contar-celdas-con-texto-usando-countif-y-astrisk-min\"><\/figure>\n<\/div>\n<p> Cuando lo ingrese, devolver\u00e1 el n\u00famero de celdas con texto \u00fanicamente.<\/p>\n<h3 class=\"wp-block-heading\"> As\u00ed funciona esta f\u00f3rmula<\/h3>\n<p> Aqu\u00ed hemos usado CONTAR.SI para contar celdas con criterios espec\u00edficos y para criterios hemos usado asterisco. Cuando utiliza un asterisco, cuenta las celdas que contienen cualquier cantidad de caracteres que no sean valores l\u00f3gicos, n\u00fameros (si no se ingresan como texto) y errores.<\/p>\n<p class=\"qt-tip\"> <strong>Nota:<\/strong> Si hay celdas donde <a style=\"outline: none;\" href=\"https:\/\/exceladvisor.org\/es\/eliminar-espacios-adicionales\/\" target=\"_blank\" rel=\"noopener noreferrer\">solo tienes espacios en blanco<\/a> , esto se contar\u00e1 como texto. Entonces, para esto puedes modificar tu f\u00f3rmula de esta manera.<\/p>\n<pre class=\"wp-block-code\"> <code class=\"language-excel-formula\" lang=\"excel-formula\">=COUNTIFS(A2:A20,\"*\",A2:A20,\"&lt;&gt; \")<\/code><\/pre>\n<h2 id=\"tab-con-2\" class=\"wp-block-heading\"> 2. SUMPRODUCT e ISTEXT para contar el n\u00famero de celdas con texto<\/h2>\n<p> Para contar la cantidad de celdas que contienen texto, tambi\u00e9n puede crear una f\u00f3rmula combinando SUMPRODUCT e ISTEXT. Y la f\u00f3rmula ser\u00e1: <\/p>\n<pre class=\"wp-block-code\"> <code class=\"language-excel-formula\" lang=\"excel-formula\">=SUMPRODUCT(--ISTEXT(A2:A20))<\/code><\/pre>\n<p class=\"has-text-align-center\"><img loading=\"lazy\" decoding=\"async\" src=\"https:\/\/exceladvisor.org\/wp-content\/uploads\/2023\/08\/2-compter-les-cellules-avec-du-texte-en-utilisant-sumproduct-et-istext-min-1.png\" sizes=\"auto, \" srcset=\"\" alt=\"\" width=\"486\" height=\"336\" data-attachment-id=\"12936\"><\/p>\n<p> Cuando lo ingrese, devolver\u00e1 el n\u00famero de celdas que contienen texto.<\/p>\n<h3 class=\"wp-block-heading\"> As\u00ed funciona esta f\u00f3rmula<\/h3>\n<p> Para entender esta f\u00f3rmula, es necesario dividirla en tres partes diferentes.<\/p>\n<p> <strong>Primero,<\/strong> usaste ISTEXT para verificar si una celda contiene texto o no. Aqu\u00ed ISTEXT <strong>devuelve una matriz<\/strong> donde para todas las celdas en las que tiene VERDADERO para las celdas con texto y FALSO para todas las dem\u00e1s celdas. <\/p>\n<div class=\"wp-block-image\">\n<figure class=\"aligncenter\"><img decoding=\"async\" src=\"https:\/\/exceladvisor.org\/wp-content\/uploads\/2023\/08\/3-compter-les-cellules-avec-du-texte-en-utilisant-sumproduct-et-istext-true-false-array-min-1.png\" sizes=\"\" srcset=\"\" alt=\"\"><\/figure>\n<\/div>\n<p> <strong>En segundo lugar,<\/strong> agrega un doble signo menos para convertir la matriz VERDADERO\/FALSO a 1\/0. Ahora para todas las celdas con texto tienes 1 y 0 para todas las dem\u00e1s. <\/p>\n<div class=\"wp-block-image is-style-default\">\n<figure class=\"aligncenter\"><img decoding=\"async\" src=\"https:\/\/exceladvisor.org\/wp-content\/uploads\/2023\/08\/4-cellules-de-comptage-avec-du-texte-en-utilisant-sumproduct-et-istext-un-tableau-zero-min-1.png\" sizes=\"\" srcset=\"\" alt=\"\"><\/figure>\n<\/div>\n<p> <strong>En tercer lugar,<\/strong> usaste SUMPRODUCT para sumar esta matriz. Y esta suma es la cantidad de celdas que contienen texto. <\/p>\n<div class=\"wp-block-image\">\n<figure class=\"aligncenter\"><img decoding=\"async\" src=\"https:\/\/exceladvisor.org\/wp-content\/uploads\/2023\/08\/5-compter-les-cellules-avec-du-texte-en-utilisant-sumproduct-et-istext-un-zero-somme-min-1.png\" sizes=\"\" srcset=\"\" alt=\"\"><\/figure>\n<\/div>\n<p> Usar SUMPRODUCT aqu\u00ed tiene la ventaja de que no necesita ingresar sus f\u00f3rmulas en forma de tabla.<\/p>\n<h2 class=\"wp-block-heading\"> 3. F\u00f3rmula para contar celdas con texto espec\u00edfico<\/h2>\n<p> Ahora profundicemos un poco m\u00e1s. Suponga que necesita contar celdas donde tiene un texto espec\u00edfico. Aqu\u00ed hay un ejemplo. En la siguiente tabla de datos, debe contar la celda donde tiene \u00abJohn\u00bb. Y para ello la f\u00f3rmula ser\u00e1: <\/p>\n<pre class=\"wp-block-code\"> <code class=\"language-excel-formula\" lang=\"excel-formula\">=COUNTIF(A2:A20,\"John\")<\/code><\/pre>\n<p class=\"has-text-align-center\"><img loading=\"lazy\" decoding=\"async\" src=\"https:\/\/exceladvisor.org\/wp-content\/uploads\/2023\/08\/6-cellules-de-comptage-avec-texte-specifique-avec-countif-min-1.png\" sizes=\"auto, \" srcset=\"\" alt=\"\" width=\"431\" height=\"313\" data-attachment-id=\"12940\"><\/p>\n<p> Esta f\u00f3rmula devolver\u00e1 el n\u00famero de celdas donde se encuentra el texto que especific\u00f3.<\/p>\n<h2 class=\"wp-block-heading\"> 4. Celdas con texto parcial<\/h2>\n<p> Esto sucede a veces cuando necesitas contar celdas haciendo coincidir texto parcial. Y CONTAR.SI y los comodines pueden ayudarte con eso.<\/p>\n<p> Consulte la siguiente tabla donde tenemos el nombre del producto y los n\u00fameros de factura combinados. Y a partir de ah\u00ed necesitas contar el n\u00famero de celdas con \u00abProducto-A\u00bb. Utilice la siguiente f\u00f3rmula: <\/p>\n<pre class=\"wp-block-code\"> <code class=\"language-excel-formula\" lang=\"excel-formula\">=COUNTIF(A2:A20,\"Product-A*\")<\/code><\/pre>\n<p class=\"has-text-align-center\"><img loading=\"lazy\" decoding=\"async\" src=\"https:\/\/exceladvisor.org\/wp-content\/uploads\/2023\/08\/7-cellules-de-comptage-avec-texte-specifique-partiel-specifique-countif-asterisque-min-1.png\" sizes=\"auto, \" srcset=\"\" alt=\"\" width=\"462\" height=\"312\" data-attachment-id=\"12941\"><\/p>\n<p> Esta f\u00f3rmula devolver\u00e1 el n\u00famero de celdas donde tiene \u00abProducto-A\u00bb.<\/p>\n<h2 class=\"wp-block-heading\"> 5. Texto que distingue entre may\u00fasculas y min\u00fasculas<\/h2>\n<p> Ahora aqu\u00ed hay algo diferente. Debe contar las celdas con texto espec\u00edfico y este debe ser un n\u00famero que distinga entre may\u00fasculas y min\u00fasculas.<\/p>\n<p> En la siguiente tabla, debes contar las celdas con el nombre \u00abJOHN\u00bb, pero aqu\u00ed tienes el mismo nombre en letras min\u00fasculas, pero el n\u00famero debe estar en may\u00fasculas.<\/p>\n<p> Para ello, puedes combinar SUMPRODUCT con EXACT. <\/p>\n<pre class=\"wp-block-code\"> <code class=\"language-excel-formula\" lang=\"excel-formula\">=SUMPRODUCT(--EXACT(\"JOHN\",A1:A20))<\/code><\/pre>\n<p class=\"has-text-align-center\"><img loading=\"lazy\" decoding=\"async\" src=\"https:\/\/exceladvisor.org\/wp-content\/uploads\/2023\/08\/8-cellules-de-comptage-avec-texte-min-exact-1.png\" sizes=\"auto, \" srcset=\"\" alt=\"\" width=\"526\" height=\"323\" data-attachment-id=\"12942\"><\/p>\n<p> Te devolver\u00e1 el n\u00famero de celdas donde tienes \u00abJOHN\u00bb.<\/p>\n<h3 class=\"wp-block-heading\"> \u00bfC\u00f3mo funciona esta f\u00f3rmula?<\/h3>\n<p> Para entender esta f\u00f3rmula, es necesario dividirla en tres partes diferentes.<\/p>\n<p> Primero, usaste EXACT para comparar todo el rango de celdas con el texto \u00abJOHN\u00bb. Devuelve una matriz donde tiene VERDADERO para las celdas donde \u00abJOHN\u00bb, ignorando \u00abjohn\u00bb, \u00abJohn\u00bb y todas las dem\u00e1s celdas. <\/p>\n<div class=\"wp-block-image\">\n<figure class=\"aligncenter\"><img decoding=\"async\" src=\"https:\/\/exceladvisor.org\/wp-content\/uploads\/2023\/08\/9-cellules-de-comptage-avec-texte-exact-vrai-faux-tableau-min-1.png\" sizes=\"\" srcset=\"\" alt=\"\"><\/figure>\n<\/div>\n<p> En segundo lugar, agrega un doble signo menos para convertir esta matriz VERDADERO\/FALSO a 1\/0. Ahora, para todas las celdas con \u00abJOHN\u00bb, tienes 1 y 0 para todas las dem\u00e1s. <\/p>\n<div class=\"wp-block-image\">\n<figure class=\"aligncenter\"><img decoding=\"async\" src=\"https:\/\/exceladvisor.org\/wp-content\/uploads\/2023\/08\/10-cellules-de-comptage-avec-texte-exact-un-zero-tableau-min-1.png\" sizes=\"\" srcset=\"\" alt=\"contar-celdas-con-texto-exacto-uno-cero-matriz-min\"><\/figure>\n<\/div>\n<p> En tercer lugar, usaste SUMPRODUCT para sumar esta matriz. Y esta suma es el n\u00famero de celdas que contienen \u201cJOHN\u201d. <\/p>\n<div class=\"wp-block-image\">\n<figure class=\"aligncenter\"><img decoding=\"async\" src=\"https:\/\/exceladvisor.org\/wp-content\/uploads\/2023\/08\/11-cellules-de-comptage-avec-tableau-de-somme-exacte-de-texte-min-1.png\" sizes=\"\" srcset=\"\" alt=\"\"><\/figure>\n<\/div>\n<h2 class=\"wp-block-heading\"> 5. VBA para contar celdas con texto<\/h2>\n<p> Usar c\u00f3digo de macro supone un gran ahorro de tiempo. Los c\u00f3digos a continuaci\u00f3n lo ayudar\u00e1n a contar la cantidad de celdas con texto en la selecci\u00f3n y en toda la hoja de trabajo.<\/p>\n<h3 class=\"wp-block-heading\"> Para la selecci\u00f3n:<\/h3>\n<pre class=\"wp-block-code\"> <code class=\"language-visual-basic line-numbers\" lang=\"visual-basic\">Sub countTextSelection() Dim rng As Range Dim i As Integer For Each rng In Selection If Application.WorksheetFunction.IsText(rng) Then i = i + 1 End If Next rng MsgBox i End Sub<\/code><\/pre>\n<h3 class=\"wp-block-heading\"> Hoja de c\u00e1lculo completa:<\/h3>\n<pre class=\"wp-block-code\"> <code class=\"language-visual-basic line-numbers\" lang=\"visual-basic\">Sub countTextWorksheet() Dim rng As Range Dim i As Integer For Each rng In ActiveSheet.UsedRange If Application.WorksheetFunction.IsText(rng) Then i = i + 1 End If Next rng MsgBox i End Sub<\/code><\/pre>\n<p> <em>Relacionado: <a href=\"https:\/\/exceladvisor.org\/es\/vba\/\">\u00bfQu\u00e9 es VBA en Excel?<\/a><\/em><\/p>\n<h2 class=\"wp-block-heading\"> Conclusi\u00f3n<\/h2>\n<p> Estoy seguro de que todos estos m\u00e9todos son suficientes para contar celdas con texto en una situaci\u00f3n determinada. Puedes utilizar cualquiera de los m\u00e9todos que creas que son perfectos para ti.<\/p>\n<p> Para la mayor\u00eda de situaciones, el primer m\u00e9todo se aplica sin ning\u00fan problema. Pero, si quieres ir m\u00e1s all\u00e1, puedes utilizar otros m\u00e9todos. Para m\u00ed, VBA supone un gran ahorro de tiempo porque no tengo que aplicar f\u00f3rmulas. Ahora te toca a ti decirme algo.<\/p>\n<p> <strong>\u00bfTiene otro m\u00e9todo que podamos usar para contar la cantidad de celdas con texto?<\/strong><\/p>\n<p> Aseg\u00farese de compartir sus pensamientos conmigo en la secci\u00f3n de comentarios, me encantar\u00eda saber de usted. Y no olvides compartir esta publicaci\u00f3n con tus amigos, estoy seguro de que la disfrutar\u00e1n. <\/p>\n<div class=\"gb-container gb-container-52dfcee1 gb-container-sample-file\">\n<h2 class=\"gb-headline gb-headline-e289c143 gb-headline-text gb-headline-4f7959c2\"> Obtener el archivo Excel<\/h2>\n<p> <a class=\"gb-button gb-button-e88d6bee gb-button-text gb-button-button1\" href=\"https:\/\/exceladvisor.org\/wp-content\/uploads\/2023\/08\/compter-les-cellules-avec-du-texte-2.xlsx\" rel=\"nofollow\">Descargar<\/a><\/p>\n<\/div>\n<div class=\"gb-container gb-container-0df56012 gb-container-mt\"> <a class=\"gb-button gb-button-f9f432f4 gb-button-text gb-button-mt-button\" href=\"https:\/\/exceladvisor.org\/es\/formulas\/\">Lista de f\u00f3rmulas de Excel<\/a><\/p>\n<h2 class=\"gb-headline gb-headline-233444e8 gb-headline-text gb-headline-mt-heading\"> F\u00f3rmulas relacionadas <\/h2>\n<div class=\"gb-grid-wrapper gb-grid-wrapper-a16fa65c gb-grid-wrapper-mt-grid\">\n<div class=\"gb-grid-column gb-grid-column-50d07e0d\">\n<div class=\"gb-container gb-container-50d07e0d\">\n<ul>\n<li> <a href=\"https:\/\/exceladvisor.org\/es\/contar-caracteres-especificos\/\">Contar caracteres espec\u00edficos en Excel<\/a><\/li>\n<li> <a href=\"https:\/\/exceladvisor.org\/es\/contar-el-numero-total-de-celulas\/\">Cuente el n\u00famero total de celdas en un rango en Excel<\/a><\/li>\n<li> <a href=\"https:\/\/exceladvisor.org\/es\/contar-valores-unicos-1\/\">Contar valores \u00fanicos en Excel<\/a><\/li>\n<li> <a href=\"https:\/\/exceladvisor.org\/es\/contar-las-palabras\/\">Contar palabras en Excel<\/a><\/li>\n<li> <a href=\"https:\/\/exceladvisor.org\/es\/contar-lineas-filtradas\/\">Contar filas filtradas en Excel<\/a><\/li>\n<li> <a href=\"https:\/\/exceladvisor.org\/es\/contar-lineas-2\/\">Contar l\u00edneas (todas, vac\u00edas, no vac\u00edas y con n\u00fameros)<\/a> <\/li>\n<\/ul>\n<\/div>\n<\/div>\n<div class=\"gb-grid-column gb-grid-column-5b4a0cf9\">\n<div class=\"gb-container gb-container-5b4a0cf9\"><\/div>\n<\/div>\n<\/div>\n<\/div>\n","protected":false},"excerpt":{"rendered":"<p>La semana pasada, uno de mis lectores me pidi\u00f3 una f\u00f3rmula sencilla que pudiera usar para contar celdas con texto. B\u00e1sicamente, estaba tratando de descubrir cu\u00e1l es el mejor m\u00e9todo a utilizar. Pero si lo piensas por un segundo. En Excel tienes diferentes f\u00f3rmulas para contar todas las celdas donde tienes valores de texto. Pero [&hellip;]<\/p>\n","protected":false},"author":1,"featured_media":0,"parent":0,"menu_order":0,"comment_status":"open","ping_status":"closed","template":"","meta":{"ub_ctt_via":"","footnotes":""},"class_list":["post-196","page","type-page","status-publish","hentry"],"featured_image_src":null,"yoast_head":"<!-- This site is optimized with the Yoast SEO plugin v25.4 - https:\/\/yoast.com\/wordpress\/plugins\/seo\/ -->\n<title>\u00bfc\u00f3mo contar celdas con texto en excel?<\/title>\n<meta name=\"robots\" content=\"index, follow, max-snippet:-1, max-image-preview:large, max-video-preview:-1\" \/>\n<link rel=\"canonical\" href=\"https:\/\/exceladvisor.org\/es\/contar-celdas-con-texto\/\" \/>\n<meta property=\"og:locale\" content=\"es_ES\" \/>\n<meta property=\"og:type\" content=\"article\" \/>\n<meta property=\"og:title\" content=\"\u00bfc\u00f3mo contar celdas con texto en excel?\" \/>\n<meta property=\"og:description\" content=\"La semana pasada, uno de mis lectores me pidi\u00f3 una f\u00f3rmula sencilla que pudiera usar para contar celdas con texto. B\u00e1sicamente, estaba tratando de descubrir cu\u00e1l es el mejor m\u00e9todo a utilizar. Pero si lo piensas por un segundo. En Excel tienes diferentes f\u00f3rmulas para contar todas las celdas donde tienes valores de texto. Pero [&hellip;]\" \/>\n<meta property=\"og:url\" content=\"https:\/\/exceladvisor.org\/es\/contar-celdas-con-texto\/\" \/>\n<meta property=\"og:site_name\" content=\"Excel Advisor\" \/>\n<meta property=\"article:modified_time\" content=\"2023-12-25T10:24:36+00:00\" \/>\n<meta property=\"og:image\" content=\"https:\/\/exceladvisor.org\/wp-content\/uploads\/2023\/08\/1-compter-les-cellules-avec-du-texte-en-utilisant-countif-et-astrisk-min-1.png\" \/>\n<meta name=\"twitter:card\" content=\"summary_large_image\" \/>\n<meta name=\"twitter:label1\" content=\"Tiempo de lectura\" \/>\n\t<meta name=\"twitter:data1\" content=\"6 minutos\" \/>\n<script type=\"application\/ld+json\" class=\"yoast-schema-graph\">{\"@context\":\"https:\/\/schema.org\",\"@graph\":[{\"@type\":\"WebPage\",\"@id\":\"https:\/\/exceladvisor.org\/es\/contar-celdas-con-texto\/\",\"url\":\"https:\/\/exceladvisor.org\/es\/contar-celdas-con-texto\/\",\"name\":\"\u00bfc\u00f3mo contar celdas con texto en excel?\",\"isPartOf\":{\"@id\":\"https:\/\/exceladvisor.org\/es\/#website\"},\"primaryImageOfPage\":{\"@id\":\"https:\/\/exceladvisor.org\/es\/contar-celdas-con-texto\/#primaryimage\"},\"image\":{\"@id\":\"https:\/\/exceladvisor.org\/es\/contar-celdas-con-texto\/#primaryimage\"},\"thumbnailUrl\":\"https:\/\/exceladvisor.org\/wp-content\/uploads\/2023\/08\/1-compter-les-cellules-avec-du-texte-en-utilisant-countif-et-astrisk-min-1.png\",\"datePublished\":\"2023-11-12T14:09:55+00:00\",\"dateModified\":\"2023-12-25T10:24:36+00:00\",\"breadcrumb\":{\"@id\":\"https:\/\/exceladvisor.org\/es\/contar-celdas-con-texto\/#breadcrumb\"},\"inLanguage\":\"es\",\"potentialAction\":[{\"@type\":\"ReadAction\",\"target\":[\"https:\/\/exceladvisor.org\/es\/contar-celdas-con-texto\/\"]}]},{\"@type\":\"ImageObject\",\"inLanguage\":\"es\",\"@id\":\"https:\/\/exceladvisor.org\/es\/contar-celdas-con-texto\/#primaryimage\",\"url\":\"https:\/\/exceladvisor.org\/wp-content\/uploads\/2023\/08\/1-compter-les-cellules-avec-du-texte-en-utilisant-countif-et-astrisk-min-1.png\",\"contentUrl\":\"https:\/\/exceladvisor.org\/wp-content\/uploads\/2023\/08\/1-compter-les-cellules-avec-du-texte-en-utilisant-countif-et-astrisk-min-1.png\"},{\"@type\":\"BreadcrumbList\",\"@id\":\"https:\/\/exceladvisor.org\/es\/contar-celdas-con-texto\/#breadcrumb\",\"itemListElement\":[{\"@type\":\"ListItem\",\"position\":1,\"name\":\"Hogar\",\"item\":\"https:\/\/exceladvisor.org\/es\/\"},{\"@type\":\"ListItem\",\"position\":2,\"name\":\"\u00bfc\u00f3mo contar celdas con texto en excel?\"}]},{\"@type\":\"WebSite\",\"@id\":\"https:\/\/exceladvisor.org\/es\/#website\",\"url\":\"https:\/\/exceladvisor.org\/es\/\",\"name\":\"Excel Advisor\",\"description\":\"Su gu\u00eda para la dominaci\u00f3n de datos!\",\"publisher\":{\"@id\":\"https:\/\/exceladvisor.org\/es\/#organization\"},\"potentialAction\":[{\"@type\":\"SearchAction\",\"target\":{\"@type\":\"EntryPoint\",\"urlTemplate\":\"https:\/\/exceladvisor.org\/es\/?s={search_term_string}\"},\"query-input\":{\"@type\":\"PropertyValueSpecification\",\"valueRequired\":true,\"valueName\":\"search_term_string\"}}],\"inLanguage\":\"es\"},{\"@type\":\"Organization\",\"@id\":\"https:\/\/exceladvisor.org\/es\/#organization\",\"name\":\"Excel Advisor\",\"url\":\"https:\/\/exceladvisor.org\/es\/\",\"logo\":{\"@type\":\"ImageObject\",\"inLanguage\":\"es\",\"@id\":\"https:\/\/exceladvisor.org\/es\/#\/schema\/logo\/image\/\",\"url\":\"https:\/\/exceladvisor.org\/es\/wp-content\/uploads\/2023\/12\/exceladvisor.org_.png\",\"contentUrl\":\"https:\/\/exceladvisor.org\/es\/wp-content\/uploads\/2023\/12\/exceladvisor.org_.png\",\"width\":105,\"height\":36,\"caption\":\"Excel Advisor\"},\"image\":{\"@id\":\"https:\/\/exceladvisor.org\/es\/#\/schema\/logo\/image\/\"}}]}<\/script>\n<!-- \/ Yoast SEO plugin. -->","yoast_head_json":{"title":"\u00bfc\u00f3mo contar celdas con texto en excel?","robots":{"index":"index","follow":"follow","max-snippet":"max-snippet:-1","max-image-preview":"max-image-preview:large","max-video-preview":"max-video-preview:-1"},"canonical":"https:\/\/exceladvisor.org\/es\/contar-celdas-con-texto\/","og_locale":"es_ES","og_type":"article","og_title":"\u00bfc\u00f3mo contar celdas con texto en excel?","og_description":"La semana pasada, uno de mis lectores me pidi\u00f3 una f\u00f3rmula sencilla que pudiera usar para contar celdas con texto. B\u00e1sicamente, estaba tratando de descubrir cu\u00e1l es el mejor m\u00e9todo a utilizar. Pero si lo piensas por un segundo. En Excel tienes diferentes f\u00f3rmulas para contar todas las celdas donde tienes valores de texto. Pero [&hellip;]","og_url":"https:\/\/exceladvisor.org\/es\/contar-celdas-con-texto\/","og_site_name":"Excel Advisor","article_modified_time":"2023-12-25T10:24:36+00:00","og_image":[{"url":"https:\/\/exceladvisor.org\/wp-content\/uploads\/2023\/08\/1-compter-les-cellules-avec-du-texte-en-utilisant-countif-et-astrisk-min-1.png","type":"","width":"","height":""}],"twitter_card":"summary_large_image","twitter_misc":{"Tiempo de lectura":"6 minutos"},"schema":{"@context":"https:\/\/schema.org","@graph":[{"@type":"WebPage","@id":"https:\/\/exceladvisor.org\/es\/contar-celdas-con-texto\/","url":"https:\/\/exceladvisor.org\/es\/contar-celdas-con-texto\/","name":"\u00bfc\u00f3mo contar celdas con texto en excel?","isPartOf":{"@id":"https:\/\/exceladvisor.org\/es\/#website"},"primaryImageOfPage":{"@id":"https:\/\/exceladvisor.org\/es\/contar-celdas-con-texto\/#primaryimage"},"image":{"@id":"https:\/\/exceladvisor.org\/es\/contar-celdas-con-texto\/#primaryimage"},"thumbnailUrl":"https:\/\/exceladvisor.org\/wp-content\/uploads\/2023\/08\/1-compter-les-cellules-avec-du-texte-en-utilisant-countif-et-astrisk-min-1.png","datePublished":"2023-11-12T14:09:55+00:00","dateModified":"2023-12-25T10:24:36+00:00","breadcrumb":{"@id":"https:\/\/exceladvisor.org\/es\/contar-celdas-con-texto\/#breadcrumb"},"inLanguage":"es","potentialAction":[{"@type":"ReadAction","target":["https:\/\/exceladvisor.org\/es\/contar-celdas-con-texto\/"]}]},{"@type":"ImageObject","inLanguage":"es","@id":"https:\/\/exceladvisor.org\/es\/contar-celdas-con-texto\/#primaryimage","url":"https:\/\/exceladvisor.org\/wp-content\/uploads\/2023\/08\/1-compter-les-cellules-avec-du-texte-en-utilisant-countif-et-astrisk-min-1.png","contentUrl":"https:\/\/exceladvisor.org\/wp-content\/uploads\/2023\/08\/1-compter-les-cellules-avec-du-texte-en-utilisant-countif-et-astrisk-min-1.png"},{"@type":"BreadcrumbList","@id":"https:\/\/exceladvisor.org\/es\/contar-celdas-con-texto\/#breadcrumb","itemListElement":[{"@type":"ListItem","position":1,"name":"Hogar","item":"https:\/\/exceladvisor.org\/es\/"},{"@type":"ListItem","position":2,"name":"\u00bfc\u00f3mo contar celdas con texto en excel?"}]},{"@type":"WebSite","@id":"https:\/\/exceladvisor.org\/es\/#website","url":"https:\/\/exceladvisor.org\/es\/","name":"Excel Advisor","description":"Su gu\u00eda para la dominaci\u00f3n de datos!","publisher":{"@id":"https:\/\/exceladvisor.org\/es\/#organization"},"potentialAction":[{"@type":"SearchAction","target":{"@type":"EntryPoint","urlTemplate":"https:\/\/exceladvisor.org\/es\/?s={search_term_string}"},"query-input":{"@type":"PropertyValueSpecification","valueRequired":true,"valueName":"search_term_string"}}],"inLanguage":"es"},{"@type":"Organization","@id":"https:\/\/exceladvisor.org\/es\/#organization","name":"Excel Advisor","url":"https:\/\/exceladvisor.org\/es\/","logo":{"@type":"ImageObject","inLanguage":"es","@id":"https:\/\/exceladvisor.org\/es\/#\/schema\/logo\/image\/","url":"https:\/\/exceladvisor.org\/es\/wp-content\/uploads\/2023\/12\/exceladvisor.org_.png","contentUrl":"https:\/\/exceladvisor.org\/es\/wp-content\/uploads\/2023\/12\/exceladvisor.org_.png","width":105,"height":36,"caption":"Excel Advisor"},"image":{"@id":"https:\/\/exceladvisor.org\/es\/#\/schema\/logo\/image\/"}}]}},"yoast_meta":{"yoast_wpseo_title":"","yoast_wpseo_metadesc":"","yoast_wpseo_canonical":""},"_links":{"self":[{"href":"https:\/\/exceladvisor.org\/es\/wp-json\/wp\/v2\/pages\/196","targetHints":{"allow":["GET"]}}],"collection":[{"href":"https:\/\/exceladvisor.org\/es\/wp-json\/wp\/v2\/pages"}],"about":[{"href":"https:\/\/exceladvisor.org\/es\/wp-json\/wp\/v2\/types\/page"}],"author":[{"embeddable":true,"href":"https:\/\/exceladvisor.org\/es\/wp-json\/wp\/v2\/users\/1"}],"replies":[{"embeddable":true,"href":"https:\/\/exceladvisor.org\/es\/wp-json\/wp\/v2\/comments?post=196"}],"version-history":[{"count":1,"href":"https:\/\/exceladvisor.org\/es\/wp-json\/wp\/v2\/pages\/196\/revisions"}],"predecessor-version":[{"id":939,"href":"https:\/\/exceladvisor.org\/es\/wp-json\/wp\/v2\/pages\/196\/revisions\/939"}],"wp:attachment":[{"href":"https:\/\/exceladvisor.org\/es\/wp-json\/wp\/v2\/media?parent=196"}],"curies":[{"name":"wp","href":"https:\/\/api.w.org\/{rel}","templated":true}]}}