{"id":197,"date":"2023-11-12T14:04:35","date_gmt":"2023-11-12T14:04:35","guid":{"rendered":"https:\/\/exceladvisor.org\/es\/devolver-la-coma-del-primer-nombre-entre\/"},"modified":"2023-12-25T10:25:18","modified_gmt":"2023-12-25T10:25:18","slug":"devolver-la-coma-del-primer-nombre-entre","status":"publish","type":"page","link":"https:\/\/exceladvisor.org\/es\/devolver-la-coma-del-primer-nombre-entre\/","title":{"rendered":"\u00bfc\u00f3mo extraer nombre y apellido con coma?"},"content":{"rendered":"<div class=\"excel-antes-del-contenido\" id=\"excel-2337771413\"><script type=\"text\/javascript\">\r\n\tatOptions = {\r\n\t\t'key' : 'c1158f160081d6540a8409e6925dab94',\r\n\t\t'format' : 'iframe',\r\n\t\t'height' : 250,\r\n\t\t'width' : 300,\r\n\t\t'params' : {}\r\n\t};\r\n<\/script>\r\n<script type=\"text\/javascript\" src=\"\/\/www.highperformanceformat.com\/c1158f160081d6540a8409e6925dab94\/invoke.js\"><\/script><\/div><p>Para transformar nombres y apellidos en nombres y apellidos en Excel, debe utilizar una combinaci\u00f3n de funciones MID, LEN y B\u00daSQUEDA. En este tutorial, aprenderemos c\u00f3mo escribir una f\u00f3rmula para esto. <\/p>\n<div class=\"wp-block-image\">\n<figure class=\"aligncenter size-full is-resized\"><img loading=\"lazy\" decoding=\"async\" class=\"aligncenter wp-image-12335 size-full\" src=\"https:\/\/exceladvisor.org\/wp-content\/uploads\/2023\/11\/Retournez-le-premier-amp.png\" alt=\"Devuelve el primer &amp;amp;\" width=\"487\" height=\"301\" srcset=\"https:\/\/exceladvisor.org\/wp-content\/uploads\/2023\/11\/Retournez-le-premier-amp.png 487w, https:\/\/exceladvisor.org\/wp-content\/uploads\/2023\/11\/Retournez-le-premier-amp-300x185.png 300w\" sizes=\"auto, (max-width: 487px) 100vw, 487px\"><\/figure>\n<\/div>\n<h2 class=\"wp-block-heading\"> F\u00f3rmula de Excel para cambiar nombres y apellidos<\/h2>\n<p> Puede utilizar los siguientes pasos para escribir esta f\u00f3rmula:<\/p>\n<ol>\n<li> Primero, debe utilizar la funci\u00f3n BUSCAR para encontrar el espacio que tiene entre el nombre y el apellido.\n<\/li>\n<li> Despu\u00e9s de eso, agregue uno al n\u00famero arrojado por la b\u00fasqueda.\n<\/li>\n<li> Luego debe usar la funci\u00f3n LEN para obtener el n\u00famero total de caracteres (nombre y apellido). Y agr\u00e9gale 1 tambi\u00e9n.\n<\/li>\n<li> Ahora ingresa a la funci\u00f3n MID, y en el primer argumento ingresa la celda A1 (donde tienes el nombre) dos veces combin\u00e1ndola con una coma y un espacio.\n<\/li>\n<li> A partir de ah\u00ed, en el segundo y tercer argumento del MID, ingrese la funci\u00f3n B\u00daSQUEDA y la funci\u00f3n LEN (que escribimos en los pasos anteriores) respectivamente.\n<\/li>\n<li> Al final, presione Enter para obtener el resultado.<\/li>\n<\/ol>\n<pre class=\"wp-block-code\"> <code class=\"language-excel-formula\" lang=\"excel-formula\">=MID(A1&amp;\", \"&amp;A1,SEARCH(\" \",A1)+1,LEN(A1)+1)<\/code><\/pre>\n<h2 class=\"wp-block-heading\"> \u00bfC\u00f3mo funciona esta f\u00f3rmula?<\/h2>\n<p> Para entender esta f\u00f3rmula, es necesario dividirla en tres partes. La funci\u00f3n principal es la funci\u00f3n MID y tenemos tres argumentos en la funci\u00f3n mid para definir, y es por eso que necesitas dividir esta f\u00f3rmula en tres partes para entenderla.<\/p>\n<p> En <strong>la PRIMERA PARTE<\/strong> tenemos el argumento textual del MID. Y en este argumento, hemos combinado el nombre y el apellido dos veces usando una coma y un espacio.<\/p>\n<p> En <strong>la SEGUNDA PARTE<\/strong> tienes la funci\u00f3n de B\u00daSQUEDA que hace referencia a la celda A1 donde tienes los nombres (nombre y apellido) y buscas el espacio en ella y luego le sumas 1. De esta manera obtienes la posici\u00f3n inicial del apellido de la celda.<\/p>\n<p> En <strong>la PARTE TRES<\/strong> , tienes la funci\u00f3n LEN que cuenta el n\u00famero total de caracteres de los nombres originales (nombre y apellido) y les suma 1.<\/p>\n<div class=\"wp-block-image\">\n<figure class=\"aligncenter size-full\"><\/figure>\n<\/div>\n<p> Al final, la funci\u00f3n MID obtiene el apellido del primer valor y el nombre del segundo valor para darle el resultado de intercambiar nombre y apellido por apellido y nombre. <\/p>\n<div class=\"gb-container gb-container-52dfcee1 gb-container-sample-file\">\n<h2 class=\"gb-headline gb-headline-e289c143 gb-headline-text gb-headline-4f7959c2\"> Obtener el archivo Excel<\/h2>\n<p> <a href=\"https:\/\/exceladvisor.org\/wp-content\/uploads\/2023\/11\/changer-les-prenoms.xlsx\">Descargar<\/a><\/div>\n<div class=\"gb-container gb-container-0df56012 gb-container-mt\"> <a class=\"gb-button gb-button-f9f432f4 gb-button-text gb-button-mt-button\" href=\"https:\/\/exceladvisor.org\/es\/formulas\/\">Lista de f\u00f3rmulas de Excel<\/a><\/p>\n<h2 class=\"gb-headline gb-headline-233444e8 gb-headline-text gb-headline-mt-heading\"> F\u00f3rmulas relacionadas <\/h2>\n<div class=\"gb-grid-wrapper gb-grid-wrapper-a16fa65c gb-grid-wrapper-mt-grid\">\n<div class=\"gb-grid-column gb-grid-column-50d07e0d\">\n<div class=\"gb-container gb-container-50d07e0d\">\n<ul>\n<li> <a href=\"https:\/\/exceladvisor.org\/es\/capitalizar-la-primera-letra\/\">Poner en may\u00fascula la primera letra en Excel.<\/a><\/li>\n<li> <a href=\"https:\/\/exceladvisor.org\/es\/columna-a-fila\/\">Cambiar columna a fila (viceversa) en Excel<\/a><\/li>\n<li> <a href=\"https:\/\/exceladvisor.org\/es\/caso-de-sentencia\/\">Cambiar a caso de oraci\u00f3n en Excel<\/a><\/li>\n<li> <a href=\"https:\/\/exceladvisor.org\/es\/cambiar-caso-de-texto\/\">Cambiar may\u00fasculas y min\u00fasculas del texto (may\u00fasculas, min\u00fasculas, propia)<\/a> <\/li>\n<\/ul>\n<\/div>\n<\/div>\n<div class=\"gb-grid-column gb-grid-column-5b4a0cf9\">\n<div class=\"gb-container gb-container-5b4a0cf9\"><\/div>\n<\/div>\n<\/div>\n<\/div>\n","protected":false},"excerpt":{"rendered":"<p>Para transformar nombres y apellidos en nombres y apellidos en Excel, debe utilizar una combinaci\u00f3n de funciones MID, LEN y B\u00daSQUEDA. En este tutorial, aprenderemos c\u00f3mo escribir una f\u00f3rmula para esto. F\u00f3rmula de Excel para cambiar nombres y apellidos Puede utilizar los siguientes pasos para escribir esta f\u00f3rmula: Primero, debe utilizar la funci\u00f3n BUSCAR para [&hellip;]<\/p>\n","protected":false},"author":1,"featured_media":0,"parent":0,"menu_order":0,"comment_status":"open","ping_status":"closed","template":"","meta":{"ub_ctt_via":"","footnotes":""},"class_list":["post-197","page","type-page","status-publish","hentry"],"featured_image_src":null,"yoast_head":"<!-- This site is optimized with the Yoast SEO plugin v25.4 - https:\/\/yoast.com\/wordpress\/plugins\/seo\/ -->\n<title>\u00bfc\u00f3mo extraer nombre y apellido con coma?<\/title>\n<meta name=\"robots\" content=\"index, follow, max-snippet:-1, max-image-preview:large, max-video-preview:-1\" \/>\n<link rel=\"canonical\" href=\"https:\/\/exceladvisor.org\/es\/devolver-la-coma-del-primer-nombre-entre\/\" \/>\n<meta property=\"og:locale\" content=\"es_ES\" \/>\n<meta property=\"og:type\" content=\"article\" \/>\n<meta property=\"og:title\" content=\"\u00bfc\u00f3mo extraer nombre y apellido con coma?\" \/>\n<meta property=\"og:description\" content=\"Para transformar nombres y apellidos en nombres y apellidos en Excel, debe utilizar una combinaci\u00f3n de funciones MID, LEN y B\u00daSQUEDA. En este tutorial, aprenderemos c\u00f3mo escribir una f\u00f3rmula para esto. F\u00f3rmula de Excel para cambiar nombres y apellidos Puede utilizar los siguientes pasos para escribir esta f\u00f3rmula: Primero, debe utilizar la funci\u00f3n BUSCAR para [&hellip;]\" \/>\n<meta property=\"og:url\" content=\"https:\/\/exceladvisor.org\/es\/devolver-la-coma-del-primer-nombre-entre\/\" \/>\n<meta property=\"og:site_name\" content=\"Excel Advisor\" \/>\n<meta property=\"article:modified_time\" content=\"2023-12-25T10:25:18+00:00\" \/>\n<meta property=\"og:image\" content=\"https:\/\/exceladvisor.org\/wp-content\/uploads\/2023\/11\/Retournez-le-premier-amp.png\" \/>\n<meta name=\"twitter:card\" content=\"summary_large_image\" \/>\n<meta name=\"twitter:label1\" content=\"Tiempo de lectura\" \/>\n\t<meta name=\"twitter:data1\" content=\"2 minutos\" \/>\n<script type=\"application\/ld+json\" class=\"yoast-schema-graph\">{\"@context\":\"https:\/\/schema.org\",\"@graph\":[{\"@type\":\"WebPage\",\"@id\":\"https:\/\/exceladvisor.org\/es\/devolver-la-coma-del-primer-nombre-entre\/\",\"url\":\"https:\/\/exceladvisor.org\/es\/devolver-la-coma-del-primer-nombre-entre\/\",\"name\":\"\u00bfc\u00f3mo extraer nombre y apellido con coma?\",\"isPartOf\":{\"@id\":\"https:\/\/exceladvisor.org\/es\/#website\"},\"primaryImageOfPage\":{\"@id\":\"https:\/\/exceladvisor.org\/es\/devolver-la-coma-del-primer-nombre-entre\/#primaryimage\"},\"image\":{\"@id\":\"https:\/\/exceladvisor.org\/es\/devolver-la-coma-del-primer-nombre-entre\/#primaryimage\"},\"thumbnailUrl\":\"https:\/\/exceladvisor.org\/wp-content\/uploads\/2023\/11\/Retournez-le-premier-amp.png\",\"datePublished\":\"2023-11-12T14:04:35+00:00\",\"dateModified\":\"2023-12-25T10:25:18+00:00\",\"breadcrumb\":{\"@id\":\"https:\/\/exceladvisor.org\/es\/devolver-la-coma-del-primer-nombre-entre\/#breadcrumb\"},\"inLanguage\":\"es\",\"potentialAction\":[{\"@type\":\"ReadAction\",\"target\":[\"https:\/\/exceladvisor.org\/es\/devolver-la-coma-del-primer-nombre-entre\/\"]}]},{\"@type\":\"ImageObject\",\"inLanguage\":\"es\",\"@id\":\"https:\/\/exceladvisor.org\/es\/devolver-la-coma-del-primer-nombre-entre\/#primaryimage\",\"url\":\"https:\/\/exceladvisor.org\/wp-content\/uploads\/2023\/11\/Retournez-le-premier-amp.png\",\"contentUrl\":\"https:\/\/exceladvisor.org\/wp-content\/uploads\/2023\/11\/Retournez-le-premier-amp.png\"},{\"@type\":\"BreadcrumbList\",\"@id\":\"https:\/\/exceladvisor.org\/es\/devolver-la-coma-del-primer-nombre-entre\/#breadcrumb\",\"itemListElement\":[{\"@type\":\"ListItem\",\"position\":1,\"name\":\"Hogar\",\"item\":\"https:\/\/exceladvisor.org\/es\/\"},{\"@type\":\"ListItem\",\"position\":2,\"name\":\"\u00bfc\u00f3mo extraer nombre y apellido con coma?\"}]},{\"@type\":\"WebSite\",\"@id\":\"https:\/\/exceladvisor.org\/es\/#website\",\"url\":\"https:\/\/exceladvisor.org\/es\/\",\"name\":\"Excel Advisor\",\"description\":\"Su gu\u00eda para la dominaci\u00f3n de datos!\",\"publisher\":{\"@id\":\"https:\/\/exceladvisor.org\/es\/#organization\"},\"potentialAction\":[{\"@type\":\"SearchAction\",\"target\":{\"@type\":\"EntryPoint\",\"urlTemplate\":\"https:\/\/exceladvisor.org\/es\/?s={search_term_string}\"},\"query-input\":{\"@type\":\"PropertyValueSpecification\",\"valueRequired\":true,\"valueName\":\"search_term_string\"}}],\"inLanguage\":\"es\"},{\"@type\":\"Organization\",\"@id\":\"https:\/\/exceladvisor.org\/es\/#organization\",\"name\":\"Excel Advisor\",\"url\":\"https:\/\/exceladvisor.org\/es\/\",\"logo\":{\"@type\":\"ImageObject\",\"inLanguage\":\"es\",\"@id\":\"https:\/\/exceladvisor.org\/es\/#\/schema\/logo\/image\/\",\"url\":\"https:\/\/exceladvisor.org\/es\/wp-content\/uploads\/2023\/12\/exceladvisor.org_.png\",\"contentUrl\":\"https:\/\/exceladvisor.org\/es\/wp-content\/uploads\/2023\/12\/exceladvisor.org_.png\",\"width\":105,\"height\":36,\"caption\":\"Excel Advisor\"},\"image\":{\"@id\":\"https:\/\/exceladvisor.org\/es\/#\/schema\/logo\/image\/\"}}]}<\/script>\n<!-- \/ Yoast SEO plugin. -->","yoast_head_json":{"title":"\u00bfc\u00f3mo extraer nombre y apellido con coma?","robots":{"index":"index","follow":"follow","max-snippet":"max-snippet:-1","max-image-preview":"max-image-preview:large","max-video-preview":"max-video-preview:-1"},"canonical":"https:\/\/exceladvisor.org\/es\/devolver-la-coma-del-primer-nombre-entre\/","og_locale":"es_ES","og_type":"article","og_title":"\u00bfc\u00f3mo extraer nombre y apellido con coma?","og_description":"Para transformar nombres y apellidos en nombres y apellidos en Excel, debe utilizar una combinaci\u00f3n de funciones MID, LEN y B\u00daSQUEDA. En este tutorial, aprenderemos c\u00f3mo escribir una f\u00f3rmula para esto. F\u00f3rmula de Excel para cambiar nombres y apellidos Puede utilizar los siguientes pasos para escribir esta f\u00f3rmula: Primero, debe utilizar la funci\u00f3n BUSCAR para [&hellip;]","og_url":"https:\/\/exceladvisor.org\/es\/devolver-la-coma-del-primer-nombre-entre\/","og_site_name":"Excel Advisor","article_modified_time":"2023-12-25T10:25:18+00:00","og_image":[{"url":"https:\/\/exceladvisor.org\/wp-content\/uploads\/2023\/11\/Retournez-le-premier-amp.png","type":"","width":"","height":""}],"twitter_card":"summary_large_image","twitter_misc":{"Tiempo de lectura":"2 minutos"},"schema":{"@context":"https:\/\/schema.org","@graph":[{"@type":"WebPage","@id":"https:\/\/exceladvisor.org\/es\/devolver-la-coma-del-primer-nombre-entre\/","url":"https:\/\/exceladvisor.org\/es\/devolver-la-coma-del-primer-nombre-entre\/","name":"\u00bfc\u00f3mo extraer nombre y apellido con coma?","isPartOf":{"@id":"https:\/\/exceladvisor.org\/es\/#website"},"primaryImageOfPage":{"@id":"https:\/\/exceladvisor.org\/es\/devolver-la-coma-del-primer-nombre-entre\/#primaryimage"},"image":{"@id":"https:\/\/exceladvisor.org\/es\/devolver-la-coma-del-primer-nombre-entre\/#primaryimage"},"thumbnailUrl":"https:\/\/exceladvisor.org\/wp-content\/uploads\/2023\/11\/Retournez-le-premier-amp.png","datePublished":"2023-11-12T14:04:35+00:00","dateModified":"2023-12-25T10:25:18+00:00","breadcrumb":{"@id":"https:\/\/exceladvisor.org\/es\/devolver-la-coma-del-primer-nombre-entre\/#breadcrumb"},"inLanguage":"es","potentialAction":[{"@type":"ReadAction","target":["https:\/\/exceladvisor.org\/es\/devolver-la-coma-del-primer-nombre-entre\/"]}]},{"@type":"ImageObject","inLanguage":"es","@id":"https:\/\/exceladvisor.org\/es\/devolver-la-coma-del-primer-nombre-entre\/#primaryimage","url":"https:\/\/exceladvisor.org\/wp-content\/uploads\/2023\/11\/Retournez-le-premier-amp.png","contentUrl":"https:\/\/exceladvisor.org\/wp-content\/uploads\/2023\/11\/Retournez-le-premier-amp.png"},{"@type":"BreadcrumbList","@id":"https:\/\/exceladvisor.org\/es\/devolver-la-coma-del-primer-nombre-entre\/#breadcrumb","itemListElement":[{"@type":"ListItem","position":1,"name":"Hogar","item":"https:\/\/exceladvisor.org\/es\/"},{"@type":"ListItem","position":2,"name":"\u00bfc\u00f3mo extraer nombre y apellido con coma?"}]},{"@type":"WebSite","@id":"https:\/\/exceladvisor.org\/es\/#website","url":"https:\/\/exceladvisor.org\/es\/","name":"Excel Advisor","description":"Su gu\u00eda para la dominaci\u00f3n de datos!","publisher":{"@id":"https:\/\/exceladvisor.org\/es\/#organization"},"potentialAction":[{"@type":"SearchAction","target":{"@type":"EntryPoint","urlTemplate":"https:\/\/exceladvisor.org\/es\/?s={search_term_string}"},"query-input":{"@type":"PropertyValueSpecification","valueRequired":true,"valueName":"search_term_string"}}],"inLanguage":"es"},{"@type":"Organization","@id":"https:\/\/exceladvisor.org\/es\/#organization","name":"Excel Advisor","url":"https:\/\/exceladvisor.org\/es\/","logo":{"@type":"ImageObject","inLanguage":"es","@id":"https:\/\/exceladvisor.org\/es\/#\/schema\/logo\/image\/","url":"https:\/\/exceladvisor.org\/es\/wp-content\/uploads\/2023\/12\/exceladvisor.org_.png","contentUrl":"https:\/\/exceladvisor.org\/es\/wp-content\/uploads\/2023\/12\/exceladvisor.org_.png","width":105,"height":36,"caption":"Excel Advisor"},"image":{"@id":"https:\/\/exceladvisor.org\/es\/#\/schema\/logo\/image\/"}}]}},"yoast_meta":{"yoast_wpseo_title":"","yoast_wpseo_metadesc":"","yoast_wpseo_canonical":""},"_links":{"self":[{"href":"https:\/\/exceladvisor.org\/es\/wp-json\/wp\/v2\/pages\/197","targetHints":{"allow":["GET"]}}],"collection":[{"href":"https:\/\/exceladvisor.org\/es\/wp-json\/wp\/v2\/pages"}],"about":[{"href":"https:\/\/exceladvisor.org\/es\/wp-json\/wp\/v2\/types\/page"}],"author":[{"embeddable":true,"href":"https:\/\/exceladvisor.org\/es\/wp-json\/wp\/v2\/users\/1"}],"replies":[{"embeddable":true,"href":"https:\/\/exceladvisor.org\/es\/wp-json\/wp\/v2\/comments?post=197"}],"version-history":[{"count":1,"href":"https:\/\/exceladvisor.org\/es\/wp-json\/wp\/v2\/pages\/197\/revisions"}],"predecessor-version":[{"id":1038,"href":"https:\/\/exceladvisor.org\/es\/wp-json\/wp\/v2\/pages\/197\/revisions\/1038"}],"wp:attachment":[{"href":"https:\/\/exceladvisor.org\/es\/wp-json\/wp\/v2\/media?parent=197"}],"curies":[{"name":"wp","href":"https:\/\/api.w.org\/{rel}","templated":true}]}}