{"id":198,"date":"2023-11-12T13:44:23","date_gmt":"2023-11-12T13:44:23","guid":{"rendered":"https:\/\/exceladvisor.org\/es\/minutos-a-horas\/"},"modified":"2023-12-25T10:24:51","modified_gmt":"2023-12-25T10:24:51","slug":"minutos-a-horas","status":"publish","type":"page","link":"https:\/\/exceladvisor.org\/es\/minutos-a-horas\/","title":{"rendered":"\u00bfc\u00f3mo convertir minutos a horas y minutos?"},"content":{"rendered":"<div class=\"excel-antes-del-contenido\" id=\"excel-2948909587\"><script type=\"text\/javascript\">\r\n\tatOptions = {\r\n\t\t'key' : 'c1158f160081d6540a8409e6925dab94',\r\n\t\t'format' : 'iframe',\r\n\t\t'height' : 250,\r\n\t\t'width' : 300,\r\n\t\t'params' : {}\r\n\t};\r\n<\/script>\r\n<script type=\"text\/javascript\" src=\"\/\/www.highperformanceformat.com\/c1158f160081d6540a8409e6925dab94\/invoke.js\"><\/script><\/div><p>Para convertir minutos a horas y minutos (HH:MM) en Excel, necesita usar una f\u00f3rmula en la que debe multiplicar la cantidad de minutos por (24*60). Cuando usas (24*60), que es el n\u00famero total de minutos en un d\u00eda, devuelve un n\u00famero con decimales. En este n\u00famero, la parte entera representa las horas y los decimales de los minutos.<\/p>\n<p> Para convertir este n\u00famero al formato de horas y minutos, debe aplicar [h]:mm en formato personalizado. <\/p>\n<div class=\"wp-block-image\">\n<figure class=\"aligncenter size-full is-resized\"><img loading=\"lazy\" decoding=\"async\" class=\"wp-image-79870\" src=\"https:\/\/exceladvisor.org\/wp-content\/uploads\/2023\/08\/1-convertir-des-minutes-en-heures.png\" sizes=\"auto, \" srcset=\"\" alt=\"convertir minutos a horas\" width=\"567\" height=\"286\"><\/figure>\n<\/div>\n<h2 class=\"wp-block-heading\"> F\u00f3rmula para convertir minutos a horas y minutos.<\/h2>\n<p> Puede utilizar los pasos a continuaci\u00f3n:<\/p>\n<ol type=\"1\">\n<li> Primero, en la celda B1, consulte la celda A1 donde tiene el valor de los minutos.<\/li>\n<li> Despu\u00e9s de eso, escriba el operador de divisi\u00f3n y luego ingrese el par\u00e9ntesis inicial.<\/li>\n<li> Ahora ingrese 24 y luego ingrese nuevamente el operador de divisi\u00f3n.<\/li>\n<li> Luego, ingrese 60 y cierre el par\u00e9ntesis, luego presione Enter para obtener el resultado.<\/li>\n<\/ol>\n<p> Una vez que presiones Enter, obtendr\u00e1s la cantidad de horas que pasas en la celda. <\/p>\n<div class=\"wp-block-image\">\n<figure class=\"aligncenter size-full is-resized\"><img loading=\"lazy\" decoding=\"async\" class=\"wp-image-79871\" src=\"https:\/\/exceladvisor.org\/wp-content\/uploads\/2023\/08\/2-formules-pour-convertir-les-minutes-en-heures.png\" sizes=\"auto, \" srcset=\"\" alt=\"formula-para-convertir-minutos-a-horas\" width=\"551\" height=\"279\"><\/figure>\n<\/div>\n<p> Lo siguiente es cambiar el formato de la celda. Para esto, seleccione la celda y abra la opci\u00f3n de formato de celdas usando el atajo de teclado Ctrl + 1. <\/p>\n<div class=\"wp-block-image\">\n<figure class=\"aligncenter size-full is-resized\"><img loading=\"lazy\" decoding=\"async\" class=\"wp-image-79872\" src=\"https:\/\/exceladvisor.org\/wp-content\/uploads\/2023\/08\/3-changer-le-format-de-cellule.png\" sizes=\"auto, \" srcset=\"\" alt=\"cambiar formato de celda\" width=\"767\" height=\"350\"><\/figure>\n<\/div>\n<p> Desde aqu\u00ed, haga clic en la categor\u00eda Personalizado e ingrese el formato [H]: mm en la barra de entrada de texto. <\/p>\n<div class=\"wp-block-image\">\n<figure class=\"aligncenter size-full is-resized\"><img loading=\"lazy\" decoding=\"async\" class=\"wp-image-79873\" src=\"https:\/\/exceladvisor.org\/wp-content\/uploads\/2023\/08\/4-changer-foermat-de-cellule-en-minutes.png\" sizes=\"auto, \" srcset=\"\" alt=\"cambiar-formato-de-celda-a-minutos\" width=\"713\" height=\"374\"><\/figure>\n<\/div>\n<p> Al final, haga clic en Aceptar para aplicar el formato.<\/p>\n<pre class=\"wp-block-code\"> <code class=\"language-excel-formula\" lang=\"excel-formula\">=A1\/(24*60)<\/code><\/pre>\n<h2 class=\"wp-block-heading\"> \u00bfC\u00f3mo funciona esta F\u00f3rmula?<\/h2>\n<p> En esta f\u00f3rmula hemos utilizado 24*60 que devuelve el n\u00famero total de minutos en un d\u00eda (24 horas X 60 minutos = 1440 minutos). <\/p>\n<div class=\"wp-block-image\">\n<figure class=\"aligncenter size-full is-resized\"><img loading=\"lazy\" decoding=\"async\" class=\"wp-image-79874\" src=\"https:\/\/exceladvisor.org\/wp-content\/uploads\/2023\/08\/5-comment-fonctionne-la-formule.png\" sizes=\"auto, \" srcset=\"\" alt=\"c\u00f3mo-funciona-la-f\u00f3rmula\" width=\"565\" height=\"249\"><\/figure>\n<\/div>\n<p> Despu\u00e9s de eso, al dividirlo por la cantidad de minutos que tienes, te devuelve los d\u00edas equivalentes a la cantidad de minutos que tienes. <\/p>\n<div class=\"wp-block-image\">\n<figure class=\"aligncenter size-full is-resized\"><img loading=\"lazy\" decoding=\"async\" class=\"wp-image-79875\" src=\"https:\/\/exceladvisor.org\/wp-content\/uploads\/2023\/08\/6-renvoie-les-jours-equivalents-aux-minutes.png\" sizes=\"auto, \" srcset=\"\" alt=\"devuelve d\u00edas equivalentes a minutos\" width=\"564\" height=\"328\"><\/figure>\n<\/div>\n<p> Ahora muestra estos d\u00edas en horas y minutos, necesitas usar el formato [h]:mm.<\/p>\n<h2 class=\"wp-block-heading\"> Usando la funci\u00f3n TEXTO<\/h2>\n<p> Si no desea cambiar el formato de la celda. Puede utilizar la funci\u00f3n TEXTO para agregar tiempo al valor en la f\u00f3rmula. <\/p>\n<div class=\"wp-block-image\">\n<figure class=\"aligncenter size-full is-resized\"><img loading=\"lazy\" decoding=\"async\" class=\"wp-image-79876\" src=\"https:\/\/exceladvisor.org\/wp-content\/uploads\/2023\/08\/7-fonction-de-texte-pour-ajouter-du-temps.png\" sizes=\"auto, \" srcset=\"\" alt=\"funci\u00f3n-texto-para-agregar-tiempo\" width=\"422\" height=\"297\"><\/figure>\n<\/div>\n<p> Esta f\u00f3rmula funciona exactamente igual que el m\u00e9todo anterior. La \u00fanica diferencia es que usa TEXTO para formatear el valor del resultado.<\/p>\n<pre class=\"wp-block-code\"><code class=\"language-excel-formula\" lang=\"excel-formula\"> =TEXT(A1\/(24*60),\"[h]:mm\")<\/code><\/pre>\n<h2 class=\"wp-block-heading\"> Convertir minutos a horas y minutos (como un n\u00famero)<\/h2>\n<p> Tambi\u00e9n puedes usar una f\u00f3rmula donde puedes dividir la cantidad de minutos entre 60. <\/p>\n<div class=\"wp-block-image\">\n<figure class=\"aligncenter size-full is-resized\"><img loading=\"lazy\" decoding=\"async\" class=\"wp-image-79877\" src=\"https:\/\/exceladvisor.org\/wp-content\/uploads\/2023\/08\/8-minutes-a-heures-sous-forme-de-nombres.png\" sizes=\"auto, \" srcset=\"\" alt=\"minutos-horas-en-numeros\" width=\"410\" height=\"264\"><\/figure>\n<\/div>\n<p> Esta f\u00f3rmula devolver\u00e1 la cantidad de horas y minutos, donde las horas son un n\u00famero entero y los minutos son decimales.<\/p>\n<pre class=\"wp-block-code\"> <code class=\"language-excel-formula\" lang=\"excel-formula\">=A1\/60<\/code><\/pre>\n<h2 class=\"wp-block-heading\"> Funci\u00f3n de conversi\u00f3n<\/h2>\n<p> Hay una nueva funci\u00f3n en Excel que puedes usar para convertir minutos a horas y es CONVERTIR. <\/p>\n<div class=\"wp-block-image\">\n<figure class=\"aligncenter size-full is-resized\"><img loading=\"lazy\" decoding=\"async\" class=\"wp-image-79878\" src=\"https:\/\/exceladvisor.org\/wp-content\/uploads\/2023\/08\/9-fonction-de-conversion.png\" sizes=\"auto, \" srcset=\"\" alt=\"funci\u00f3n de conversi\u00f3n\" width=\"515\" height=\"301\"><\/figure>\n<\/div>\n<p> En CONVERTIR, debe consultar el valor de los minutos, la unidad original del valor (debe especificar los minutos \u00abmn\u00bb) y luego la unidad de conversi\u00f3n (especifique \u00abhr\u00bb para las horas).<\/p>\n<pre class=\"wp-block-code\"> <code class=\"language-excel-formula\" lang=\"excel-formula\">=CONVERT(A1,\"mn\",\"hr\")<\/code><\/pre>\n<div class=\"gb-container gb-container-52dfcee1 gb-container-sample-file\">\n<h2 class=\"gb-headline gb-headline-e289c143 gb-headline-text gb-headline-4f7959c2\"> Obtener el archivo Excel<\/h2>\n<p> <a class=\"gb-button gb-button-e88d6bee gb-button-text gb-button-button1\" href=\"https:\/\/exceladvisor.org\/wp-content\/uploads\/2023\/08\/minutes-a-heures.xlsx\" rel=\"nofollow\">Descargar<\/a> <\/div>\n<div class=\"wp-block-group more-tutorials is-layout-flow\">\n<div class=\"wp-block-group__inner-container\">\n<h2 class=\"wp-block-heading\"> M\u00e1s f\u00f3rmulas<\/h2>\n<ul>\n<li> <a href=\"https:\/\/exceladvisor.org\/es\/agregar-horas-en-el-tiempo\/\">Agregar horas al tiempo en Excel<\/a><\/li>\n<li> <a href=\"https:\/\/exceladvisor.org\/es\/agregar-minutos-al-tiempo\/\">Agregar minutos al tiempo en Excel<\/a><\/li>\n<li> <a href=\"https:\/\/exceladvisor.org\/es\/calcular-la-diferencia-horaria\/\">Calcular la diferencia horaria entre dos horas en Excel<\/a><\/li>\n<li> <a href=\"https:\/\/exceladvisor.org\/es\/cambiar-formato-de-hora\/\">Cambiar formato de hora en Excel<\/a><\/li>\n<li> <a href=\"https:\/\/exceladvisor.org\/es\/tiempo-militar\/\">Hora militar (obtener y restar) en Excel<\/a><\/li>\n<\/ul>\n<p> \u21e0 Volver a <a href=\"https:\/\/exceladvisor.org\/es\/formulas\/\">la lista de m\u00e1s de 100 f\u00f3rmulas de Excel (b\u00e1sicas + avanzadas)<\/a><\/p>\n<\/div>\n<\/div>\n","protected":false},"excerpt":{"rendered":"<p>Para convertir minutos a horas y minutos (HH:MM) en Excel, necesita usar una f\u00f3rmula en la que debe multiplicar la cantidad de minutos por (24*60). Cuando usas (24*60), que es el n\u00famero total de minutos en un d\u00eda, devuelve un n\u00famero con decimales. En este n\u00famero, la parte entera representa las horas y los decimales [&hellip;]<\/p>\n","protected":false},"author":1,"featured_media":0,"parent":0,"menu_order":0,"comment_status":"open","ping_status":"closed","template":"","meta":{"ub_ctt_via":"","footnotes":""},"class_list":["post-198","page","type-page","status-publish","hentry"],"featured_image_src":null,"yoast_head":"<!-- This site is optimized with the Yoast SEO plugin v25.4 - https:\/\/yoast.com\/wordpress\/plugins\/seo\/ -->\n<title>\u00bfc\u00f3mo convertir minutos a horas y minutos?<\/title>\n<meta name=\"robots\" content=\"index, follow, max-snippet:-1, max-image-preview:large, max-video-preview:-1\" \/>\n<link rel=\"canonical\" href=\"https:\/\/exceladvisor.org\/es\/minutos-a-horas\/\" \/>\n<meta property=\"og:locale\" content=\"es_ES\" \/>\n<meta property=\"og:type\" content=\"article\" \/>\n<meta property=\"og:title\" content=\"\u00bfc\u00f3mo convertir minutos a horas y minutos?\" \/>\n<meta property=\"og:description\" content=\"Para convertir minutos a horas y minutos (HH:MM) en Excel, necesita usar una f\u00f3rmula en la que debe multiplicar la cantidad de minutos por (24*60). Cuando usas (24*60), que es el n\u00famero total de minutos en un d\u00eda, devuelve un n\u00famero con decimales. En este n\u00famero, la parte entera representa las horas y los decimales [&hellip;]\" \/>\n<meta property=\"og:url\" content=\"https:\/\/exceladvisor.org\/es\/minutos-a-horas\/\" \/>\n<meta property=\"og:site_name\" content=\"Excel Advisor\" \/>\n<meta property=\"article:modified_time\" content=\"2023-12-25T10:24:51+00:00\" \/>\n<meta property=\"og:image\" content=\"https:\/\/exceladvisor.org\/wp-content\/uploads\/2023\/08\/1-convertir-des-minutes-en-heures.png\" \/>\n<meta name=\"twitter:card\" content=\"summary_large_image\" \/>\n<meta name=\"twitter:label1\" content=\"Tiempo de lectura\" \/>\n\t<meta name=\"twitter:data1\" content=\"3 minutos\" \/>\n<script type=\"application\/ld+json\" class=\"yoast-schema-graph\">{\"@context\":\"https:\/\/schema.org\",\"@graph\":[{\"@type\":\"WebPage\",\"@id\":\"https:\/\/exceladvisor.org\/es\/minutos-a-horas\/\",\"url\":\"https:\/\/exceladvisor.org\/es\/minutos-a-horas\/\",\"name\":\"\u00bfc\u00f3mo convertir minutos a horas y minutos?\",\"isPartOf\":{\"@id\":\"https:\/\/exceladvisor.org\/es\/#website\"},\"primaryImageOfPage\":{\"@id\":\"https:\/\/exceladvisor.org\/es\/minutos-a-horas\/#primaryimage\"},\"image\":{\"@id\":\"https:\/\/exceladvisor.org\/es\/minutos-a-horas\/#primaryimage\"},\"thumbnailUrl\":\"https:\/\/exceladvisor.org\/wp-content\/uploads\/2023\/08\/1-convertir-des-minutes-en-heures.png\",\"datePublished\":\"2023-11-12T13:44:23+00:00\",\"dateModified\":\"2023-12-25T10:24:51+00:00\",\"breadcrumb\":{\"@id\":\"https:\/\/exceladvisor.org\/es\/minutos-a-horas\/#breadcrumb\"},\"inLanguage\":\"es\",\"potentialAction\":[{\"@type\":\"ReadAction\",\"target\":[\"https:\/\/exceladvisor.org\/es\/minutos-a-horas\/\"]}]},{\"@type\":\"ImageObject\",\"inLanguage\":\"es\",\"@id\":\"https:\/\/exceladvisor.org\/es\/minutos-a-horas\/#primaryimage\",\"url\":\"https:\/\/exceladvisor.org\/wp-content\/uploads\/2023\/08\/1-convertir-des-minutes-en-heures.png\",\"contentUrl\":\"https:\/\/exceladvisor.org\/wp-content\/uploads\/2023\/08\/1-convertir-des-minutes-en-heures.png\"},{\"@type\":\"BreadcrumbList\",\"@id\":\"https:\/\/exceladvisor.org\/es\/minutos-a-horas\/#breadcrumb\",\"itemListElement\":[{\"@type\":\"ListItem\",\"position\":1,\"name\":\"Hogar\",\"item\":\"https:\/\/exceladvisor.org\/es\/\"},{\"@type\":\"ListItem\",\"position\":2,\"name\":\"\u00bfc\u00f3mo convertir minutos a horas y minutos?\"}]},{\"@type\":\"WebSite\",\"@id\":\"https:\/\/exceladvisor.org\/es\/#website\",\"url\":\"https:\/\/exceladvisor.org\/es\/\",\"name\":\"Excel Advisor\",\"description\":\"Su gu\u00eda para la dominaci\u00f3n de datos!\",\"publisher\":{\"@id\":\"https:\/\/exceladvisor.org\/es\/#organization\"},\"potentialAction\":[{\"@type\":\"SearchAction\",\"target\":{\"@type\":\"EntryPoint\",\"urlTemplate\":\"https:\/\/exceladvisor.org\/es\/?s={search_term_string}\"},\"query-input\":{\"@type\":\"PropertyValueSpecification\",\"valueRequired\":true,\"valueName\":\"search_term_string\"}}],\"inLanguage\":\"es\"},{\"@type\":\"Organization\",\"@id\":\"https:\/\/exceladvisor.org\/es\/#organization\",\"name\":\"Excel Advisor\",\"url\":\"https:\/\/exceladvisor.org\/es\/\",\"logo\":{\"@type\":\"ImageObject\",\"inLanguage\":\"es\",\"@id\":\"https:\/\/exceladvisor.org\/es\/#\/schema\/logo\/image\/\",\"url\":\"https:\/\/exceladvisor.org\/es\/wp-content\/uploads\/2023\/12\/exceladvisor.org_.png\",\"contentUrl\":\"https:\/\/exceladvisor.org\/es\/wp-content\/uploads\/2023\/12\/exceladvisor.org_.png\",\"width\":105,\"height\":36,\"caption\":\"Excel Advisor\"},\"image\":{\"@id\":\"https:\/\/exceladvisor.org\/es\/#\/schema\/logo\/image\/\"}}]}<\/script>\n<!-- \/ Yoast SEO plugin. -->","yoast_head_json":{"title":"\u00bfc\u00f3mo convertir minutos a horas y minutos?","robots":{"index":"index","follow":"follow","max-snippet":"max-snippet:-1","max-image-preview":"max-image-preview:large","max-video-preview":"max-video-preview:-1"},"canonical":"https:\/\/exceladvisor.org\/es\/minutos-a-horas\/","og_locale":"es_ES","og_type":"article","og_title":"\u00bfc\u00f3mo convertir minutos a horas y minutos?","og_description":"Para convertir minutos a horas y minutos (HH:MM) en Excel, necesita usar una f\u00f3rmula en la que debe multiplicar la cantidad de minutos por (24*60). Cuando usas (24*60), que es el n\u00famero total de minutos en un d\u00eda, devuelve un n\u00famero con decimales. En este n\u00famero, la parte entera representa las horas y los decimales [&hellip;]","og_url":"https:\/\/exceladvisor.org\/es\/minutos-a-horas\/","og_site_name":"Excel Advisor","article_modified_time":"2023-12-25T10:24:51+00:00","og_image":[{"url":"https:\/\/exceladvisor.org\/wp-content\/uploads\/2023\/08\/1-convertir-des-minutes-en-heures.png","type":"","width":"","height":""}],"twitter_card":"summary_large_image","twitter_misc":{"Tiempo de lectura":"3 minutos"},"schema":{"@context":"https:\/\/schema.org","@graph":[{"@type":"WebPage","@id":"https:\/\/exceladvisor.org\/es\/minutos-a-horas\/","url":"https:\/\/exceladvisor.org\/es\/minutos-a-horas\/","name":"\u00bfc\u00f3mo convertir minutos a horas y minutos?","isPartOf":{"@id":"https:\/\/exceladvisor.org\/es\/#website"},"primaryImageOfPage":{"@id":"https:\/\/exceladvisor.org\/es\/minutos-a-horas\/#primaryimage"},"image":{"@id":"https:\/\/exceladvisor.org\/es\/minutos-a-horas\/#primaryimage"},"thumbnailUrl":"https:\/\/exceladvisor.org\/wp-content\/uploads\/2023\/08\/1-convertir-des-minutes-en-heures.png","datePublished":"2023-11-12T13:44:23+00:00","dateModified":"2023-12-25T10:24:51+00:00","breadcrumb":{"@id":"https:\/\/exceladvisor.org\/es\/minutos-a-horas\/#breadcrumb"},"inLanguage":"es","potentialAction":[{"@type":"ReadAction","target":["https:\/\/exceladvisor.org\/es\/minutos-a-horas\/"]}]},{"@type":"ImageObject","inLanguage":"es","@id":"https:\/\/exceladvisor.org\/es\/minutos-a-horas\/#primaryimage","url":"https:\/\/exceladvisor.org\/wp-content\/uploads\/2023\/08\/1-convertir-des-minutes-en-heures.png","contentUrl":"https:\/\/exceladvisor.org\/wp-content\/uploads\/2023\/08\/1-convertir-des-minutes-en-heures.png"},{"@type":"BreadcrumbList","@id":"https:\/\/exceladvisor.org\/es\/minutos-a-horas\/#breadcrumb","itemListElement":[{"@type":"ListItem","position":1,"name":"Hogar","item":"https:\/\/exceladvisor.org\/es\/"},{"@type":"ListItem","position":2,"name":"\u00bfc\u00f3mo convertir minutos a horas y minutos?"}]},{"@type":"WebSite","@id":"https:\/\/exceladvisor.org\/es\/#website","url":"https:\/\/exceladvisor.org\/es\/","name":"Excel Advisor","description":"Su gu\u00eda para la dominaci\u00f3n de datos!","publisher":{"@id":"https:\/\/exceladvisor.org\/es\/#organization"},"potentialAction":[{"@type":"SearchAction","target":{"@type":"EntryPoint","urlTemplate":"https:\/\/exceladvisor.org\/es\/?s={search_term_string}"},"query-input":{"@type":"PropertyValueSpecification","valueRequired":true,"valueName":"search_term_string"}}],"inLanguage":"es"},{"@type":"Organization","@id":"https:\/\/exceladvisor.org\/es\/#organization","name":"Excel Advisor","url":"https:\/\/exceladvisor.org\/es\/","logo":{"@type":"ImageObject","inLanguage":"es","@id":"https:\/\/exceladvisor.org\/es\/#\/schema\/logo\/image\/","url":"https:\/\/exceladvisor.org\/es\/wp-content\/uploads\/2023\/12\/exceladvisor.org_.png","contentUrl":"https:\/\/exceladvisor.org\/es\/wp-content\/uploads\/2023\/12\/exceladvisor.org_.png","width":105,"height":36,"caption":"Excel Advisor"},"image":{"@id":"https:\/\/exceladvisor.org\/es\/#\/schema\/logo\/image\/"}}]}},"yoast_meta":{"yoast_wpseo_title":"","yoast_wpseo_metadesc":"","yoast_wpseo_canonical":""},"_links":{"self":[{"href":"https:\/\/exceladvisor.org\/es\/wp-json\/wp\/v2\/pages\/198","targetHints":{"allow":["GET"]}}],"collection":[{"href":"https:\/\/exceladvisor.org\/es\/wp-json\/wp\/v2\/pages"}],"about":[{"href":"https:\/\/exceladvisor.org\/es\/wp-json\/wp\/v2\/types\/page"}],"author":[{"embeddable":true,"href":"https:\/\/exceladvisor.org\/es\/wp-json\/wp\/v2\/users\/1"}],"replies":[{"embeddable":true,"href":"https:\/\/exceladvisor.org\/es\/wp-json\/wp\/v2\/comments?post=198"}],"version-history":[{"count":1,"href":"https:\/\/exceladvisor.org\/es\/wp-json\/wp\/v2\/pages\/198\/revisions"}],"predecessor-version":[{"id":967,"href":"https:\/\/exceladvisor.org\/es\/wp-json\/wp\/v2\/pages\/198\/revisions\/967"}],"wp:attachment":[{"href":"https:\/\/exceladvisor.org\/es\/wp-json\/wp\/v2\/media?parent=198"}],"curies":[{"name":"wp","href":"https:\/\/api.w.org\/{rel}","templated":true}]}}