{"id":199,"date":"2023-11-12T13:33:22","date_gmt":"2023-11-12T13:33:22","guid":{"rendered":"https:\/\/exceladvisor.org\/es\/meses-dias-laborables\/"},"modified":"2023-12-25T10:25:18","modified_gmt":"2023-12-25T10:25:18","slug":"meses-dias-laborables","status":"publish","type":"page","link":"https:\/\/exceladvisor.org\/es\/meses-dias-laborables\/","title":{"rendered":"\u00bfc\u00f3mo extraer los d\u00edas laborables de un mes?"},"content":{"rendered":"<div class=\"excel-antes-del-contenido\" id=\"excel-1232210032\"><script type=\"text\/javascript\">\r\n\tatOptions = {\r\n\t\t'key' : 'c1158f160081d6540a8409e6925dab94',\r\n\t\t'format' : 'iframe',\r\n\t\t'height' : 250,\r\n\t\t'width' : 300,\r\n\t\t'params' : {}\r\n\t};\r\n<\/script>\r\n<script type=\"text\/javascript\" src=\"\/\/www.highperformanceformat.com\/c1158f160081d6540a8409e6925dab94\/invoke.js\"><\/script><\/div><p>Para obtener el n\u00famero total de d\u00edas h\u00e1biles (d\u00edas h\u00e1biles) en Excel usando una f\u00f3rmula, debe combinar dos funciones (EOMONTH y NETWORKDAYS). En esta f\u00f3rmula, EOMONTH lo ayuda a obtener la <a href=\"https:\/\/exceladvisor.org\/es\/final-de-mes\/\">\u00faltima fecha del mes<\/a> y, utilizando esta \u00faltima fecha y la primera fecha que especific\u00f3, NETWORKDAYS devuelve el n\u00famero total de d\u00edas h\u00e1biles en un mes. <\/p>\n<div class=\"wp-block-image\">\n<figure class=\"aligncenter size-full is-resized\"><img loading=\"lazy\" decoding=\"async\" class=\"wp-image-79816\" src=\"https:\/\/exceladvisor.org\/wp-content\/uploads\/2023\/08\/1-jours-ouvres-par-mois.png\" sizes=\"auto, \" srcset=\"\" alt=\"d\u00edas laborables del mes\" width=\"592\" height=\"471\"><\/figure>\n<\/div>\n<p> En este tutorial, aprenderemos c\u00f3mo escribir esta f\u00f3rmula. Y tambi\u00e9n tendremos en cuenta los d\u00edas festivos que deba especificar al calcular el n\u00famero total de d\u00edas.<\/p>\n<h2 class=\"wp-block-heading\"> F\u00f3rmula de Excel para obtener el n\u00famero total de d\u00edas laborables en un mes.<\/h2>\n<p> Puede utilizar los pasos a continuaci\u00f3n:<\/p>\n<ol type=\"1\">\n<li> Primero, en una celda, ingrese la funci\u00f3n RECUENTO DE D\u00cdAS LABORABLES.<\/li>\n<li> Despu\u00e9s de eso, en el primer argumento (fecha_inicio) haga referencia a la celda donde tiene la fecha de inicio del mes.<\/li>\n<li> Luego, en el segundo argumento, (fecha_final) ingrese la funci\u00f3n EOMES.<\/li>\n<li> A partir de ah\u00ed, en EOMONTH, especifique la fecha de inicio del mes al que hizo referencia en el argumento fecha_inicial de NETWORKDAYS.<\/li>\n<li> Ahora ingrese ceros (0) en el argumento (mes) de EOMONTH y escriba par\u00e9ntesis de cierre para cerrar la funci\u00f3n.<\/li>\n<li> Al final, consulte la lista de d\u00edas festivos (debe ser una lista de fechas v\u00e1lidas) en el argumento [vacaciones] de NETWORKDAYS, escriba los par\u00e9ntesis de cierre y presione Entrar para obtener el resultado. <\/li>\n<\/ol>\n<div class=\"wp-block-image\">\n<figure class=\"aligncenter size-full is-resized\"><img loading=\"lazy\" decoding=\"async\" class=\"wp-image-79817\" src=\"https:\/\/exceladvisor.org\/wp-content\/uploads\/2023\/08\/Fonction-2-jours-de-reseau.png\" sizes=\"auto, \" srcset=\"\" alt=\"funci\u00f3n de d\u00edas de red\" width=\"580\" height=\"357\"><\/figure>\n<\/div>\n<pre class=\"wp-block-code\"> <code class=\"language-excel-formula line-numbers\" lang=\"excel-formula\">=NETWORKDAYS(A1,EOMONTH(A1,0),A4:A14) =NETWORKDAYS(start_date,EOMONTH(start_date,0),list_of_holidays)<\/code><\/pre>\n<h2 class=\"wp-block-heading\"> \u00bfC\u00f3mo funciona esta f\u00f3rmula?<\/h2>\n<p> Como mencion\u00e9 anteriormente, la funci\u00f3n EOMONTH devuelve la \u00faltima fecha del mes. Cuando especifica una fecha en la funci\u00f3n, devuelve la \u00faltima fecha de ese mes. <\/p>\n<div class=\"wp-block-image\">\n<figure class=\"aligncenter size-full is-resized\"><img loading=\"lazy\" decoding=\"async\" class=\"wp-image-79818\" src=\"https:\/\/exceladvisor.org\/wp-content\/uploads\/2023\/08\/Fonction-3-mois.png\" sizes=\"auto, \" srcset=\"\" alt=\"funci\u00f3n eomes\" width=\"546\" height=\"213\"><\/figure>\n<\/div>\n<p> COUNT.WORKDAYS utiliza esta fecha como fecha de finalizaci\u00f3n para obtener el n\u00famero total de d\u00edas entre estas dos fechas. <\/p>\n<div class=\"wp-block-image\">\n<figure class=\"aligncenter size-full is-resized\"><img loading=\"lazy\" decoding=\"async\" class=\"wp-image-79819\" src=\"https:\/\/exceladvisor.org\/wp-content\/uploads\/2023\/08\/4-fonction-reseau-pour-obtenir-des-jours.png\" sizes=\"auto, \" srcset=\"\" alt=\"funci\u00f3n-de-red-para-obtener-d\u00edas\" width=\"558\" height=\"279\"><\/figure>\n<\/div>\n<p> Y al final, cuando especificas una lista de fechas que son festivos. COUNT.WORKDAYS tambi\u00e9n tiene esto en cuenta al calcular el n\u00famero total de d\u00edas.<\/p>\n<p> En el ejemplo anterior, utilizamos el primer d\u00eda de enero de 2023. En enero tenemos 31 d\u00edas en total. Y cuando lo verificas manualmente, tienes 10 fines de semana y feriados en el mes. Esto significa 21 d\u00edas h\u00e1biles para una empresa. <\/p>\n<div class=\"wp-block-image\">\n<figure class=\"aligncenter size-full is-resized\"><img loading=\"lazy\" decoding=\"async\" class=\"wp-image-79820\" src=\"https:\/\/exceladvisor.org\/wp-content\/uploads\/2023\/08\/5-exemples-pour-obtenir-des-jours-ouvres.png\" sizes=\"auto, \" srcset=\"\" alt=\"ejemplo-para-obtener-dias-laborales\" width=\"616\" height=\"394\"><\/figure>\n<\/div>\n<p> Y ese es el n\u00famero exacto de d\u00edas h\u00e1biles que tenemos en el resultado. <\/p>\n<div class=\"gb-container gb-container-52dfcee1 gb-container-sample-file\">\n<h2 class=\"gb-headline gb-headline-e289c143 gb-headline-text gb-headline-4f7959c2\"> Obtener el archivo Excel<\/h2>\n<p> <a class=\"gb-button gb-button-e88d6bee gb-button-text gb-button-button1\" href=\"https:\/\/exceladvisor.org\/wp-content\/uploads\/2023\/08\/jours-ouvrables.xlsx\" rel=\"nofollow\">Descargar<\/a><\/p>\n<\/div>\n<div class=\"gb-container gb-container-0df56012 gb-container-mt\"> <a class=\"gb-button gb-button-f9f432f4 gb-button-text gb-button-mt-button\" href=\"https:\/\/exceladvisor.org\/es\/formulas\/\">Lista de f\u00f3rmulas de Excel<\/a><\/p>\n<h2 class=\"gb-headline gb-headline-233444e8 gb-headline-text gb-headline-mt-heading\"> F\u00f3rmulas relacionadas <\/h2>\n<div class=\"gb-grid-wrapper gb-grid-wrapper-a16fa65c gb-grid-wrapper-mt-grid\">\n<div class=\"gb-grid-column gb-grid-column-50d07e0d\">\n<div class=\"gb-container gb-container-50d07e0d\">\n<ul>\n<li> <a href=\"https:\/\/exceladvisor.org\/es\/agregar-la-fecha-de-la-semana\/\">Semana de suma y resta de una fecha en Excel<\/a><\/li>\n<li> <a href=\"https:\/\/exceladvisor.org\/es\/obtener-el-nombre-del-dia\/\">Obtener el nombre del d\u00eda a partir de una fecha en Excel<\/a><\/li>\n<li> <a href=\"https:\/\/exceladvisor.org\/es\/dias-del-mes\/\">Obtener el n\u00famero total de d\u00edas de meses en Excel<\/a><\/li>\n<li> <a href=\"https:\/\/exceladvisor.org\/es\/fecha-al-texto-2\/\">Convertir fecha a texto<\/a> <\/li>\n<\/ul>\n<\/div>\n<\/div>\n<div class=\"gb-grid-column gb-grid-column-5b4a0cf9\">\n<div class=\"gb-container gb-container-5b4a0cf9\">\n<ul>\n<li> <a href=\"https:\/\/exceladvisor.org\/es\/dias-de-cuenta-regresiva\/\">D\u00edas de cuenta regresiva<\/a><\/li>\n<li> <a href=\"https:\/\/exceladvisor.org\/es\/dias-entre-dos-fechas\/\">Cuente los d\u00edas entre dos fechas.<\/a><\/li>\n<li> <a href=\"https:\/\/exceladvisor.org\/es\/cita-en-juliana-2\/\">Convertir a fecha juliana<\/a><\/li>\n<li> <a href=\"https:\/\/exceladvisor.org\/es\/domingo-anterior-2\/\">Obtener el domingo anterior<\/a><\/li>\n<\/ul>\n<\/div>\n<\/div>\n<\/div>\n<\/div>\n","protected":false},"excerpt":{"rendered":"<p>Para obtener el n\u00famero total de d\u00edas h\u00e1biles (d\u00edas h\u00e1biles) en Excel usando una f\u00f3rmula, debe combinar dos funciones (EOMONTH y NETWORKDAYS). En esta f\u00f3rmula, EOMONTH lo ayuda a obtener la \u00faltima fecha del mes y, utilizando esta \u00faltima fecha y la primera fecha que especific\u00f3, NETWORKDAYS devuelve el n\u00famero total de d\u00edas h\u00e1biles en [&hellip;]<\/p>\n","protected":false},"author":1,"featured_media":0,"parent":0,"menu_order":0,"comment_status":"open","ping_status":"closed","template":"","meta":{"ub_ctt_via":"","footnotes":""},"class_list":["post-199","page","type-page","status-publish","hentry"],"featured_image_src":null,"yoast_head":"<!-- This site is optimized with the Yoast SEO plugin v25.4 - https:\/\/yoast.com\/wordpress\/plugins\/seo\/ -->\n<title>\u00bfc\u00f3mo extraer los d\u00edas laborables de un mes?<\/title>\n<meta name=\"robots\" content=\"index, follow, max-snippet:-1, max-image-preview:large, max-video-preview:-1\" \/>\n<link rel=\"canonical\" href=\"https:\/\/exceladvisor.org\/es\/meses-dias-laborables\/\" \/>\n<meta property=\"og:locale\" content=\"es_ES\" \/>\n<meta property=\"og:type\" content=\"article\" \/>\n<meta property=\"og:title\" content=\"\u00bfc\u00f3mo extraer los d\u00edas laborables de un mes?\" \/>\n<meta property=\"og:description\" content=\"Para obtener el n\u00famero total de d\u00edas h\u00e1biles (d\u00edas h\u00e1biles) en Excel usando una f\u00f3rmula, debe combinar dos funciones (EOMONTH y NETWORKDAYS). En esta f\u00f3rmula, EOMONTH lo ayuda a obtener la \u00faltima fecha del mes y, utilizando esta \u00faltima fecha y la primera fecha que especific\u00f3, NETWORKDAYS devuelve el n\u00famero total de d\u00edas h\u00e1biles en [&hellip;]\" \/>\n<meta property=\"og:url\" content=\"https:\/\/exceladvisor.org\/es\/meses-dias-laborables\/\" \/>\n<meta property=\"og:site_name\" content=\"Excel Advisor\" \/>\n<meta property=\"article:modified_time\" content=\"2023-12-25T10:25:18+00:00\" \/>\n<meta property=\"og:image\" content=\"https:\/\/exceladvisor.org\/wp-content\/uploads\/2023\/08\/1-jours-ouvres-par-mois.png\" \/>\n<meta name=\"twitter:card\" content=\"summary_large_image\" \/>\n<meta name=\"twitter:label1\" content=\"Tiempo de lectura\" \/>\n\t<meta name=\"twitter:data1\" content=\"2 minutos\" \/>\n<script type=\"application\/ld+json\" class=\"yoast-schema-graph\">{\"@context\":\"https:\/\/schema.org\",\"@graph\":[{\"@type\":\"WebPage\",\"@id\":\"https:\/\/exceladvisor.org\/es\/meses-dias-laborables\/\",\"url\":\"https:\/\/exceladvisor.org\/es\/meses-dias-laborables\/\",\"name\":\"\u00bfc\u00f3mo extraer los d\u00edas laborables de un mes?\",\"isPartOf\":{\"@id\":\"https:\/\/exceladvisor.org\/es\/#website\"},\"primaryImageOfPage\":{\"@id\":\"https:\/\/exceladvisor.org\/es\/meses-dias-laborables\/#primaryimage\"},\"image\":{\"@id\":\"https:\/\/exceladvisor.org\/es\/meses-dias-laborables\/#primaryimage\"},\"thumbnailUrl\":\"https:\/\/exceladvisor.org\/wp-content\/uploads\/2023\/08\/1-jours-ouvres-par-mois.png\",\"datePublished\":\"2023-11-12T13:33:22+00:00\",\"dateModified\":\"2023-12-25T10:25:18+00:00\",\"breadcrumb\":{\"@id\":\"https:\/\/exceladvisor.org\/es\/meses-dias-laborables\/#breadcrumb\"},\"inLanguage\":\"es\",\"potentialAction\":[{\"@type\":\"ReadAction\",\"target\":[\"https:\/\/exceladvisor.org\/es\/meses-dias-laborables\/\"]}]},{\"@type\":\"ImageObject\",\"inLanguage\":\"es\",\"@id\":\"https:\/\/exceladvisor.org\/es\/meses-dias-laborables\/#primaryimage\",\"url\":\"https:\/\/exceladvisor.org\/wp-content\/uploads\/2023\/08\/1-jours-ouvres-par-mois.png\",\"contentUrl\":\"https:\/\/exceladvisor.org\/wp-content\/uploads\/2023\/08\/1-jours-ouvres-par-mois.png\"},{\"@type\":\"BreadcrumbList\",\"@id\":\"https:\/\/exceladvisor.org\/es\/meses-dias-laborables\/#breadcrumb\",\"itemListElement\":[{\"@type\":\"ListItem\",\"position\":1,\"name\":\"Hogar\",\"item\":\"https:\/\/exceladvisor.org\/es\/\"},{\"@type\":\"ListItem\",\"position\":2,\"name\":\"\u00bfc\u00f3mo extraer los d\u00edas laborables de un mes?\"}]},{\"@type\":\"WebSite\",\"@id\":\"https:\/\/exceladvisor.org\/es\/#website\",\"url\":\"https:\/\/exceladvisor.org\/es\/\",\"name\":\"Excel Advisor\",\"description\":\"Su gu\u00eda para la dominaci\u00f3n de datos!\",\"publisher\":{\"@id\":\"https:\/\/exceladvisor.org\/es\/#organization\"},\"potentialAction\":[{\"@type\":\"SearchAction\",\"target\":{\"@type\":\"EntryPoint\",\"urlTemplate\":\"https:\/\/exceladvisor.org\/es\/?s={search_term_string}\"},\"query-input\":{\"@type\":\"PropertyValueSpecification\",\"valueRequired\":true,\"valueName\":\"search_term_string\"}}],\"inLanguage\":\"es\"},{\"@type\":\"Organization\",\"@id\":\"https:\/\/exceladvisor.org\/es\/#organization\",\"name\":\"Excel Advisor\",\"url\":\"https:\/\/exceladvisor.org\/es\/\",\"logo\":{\"@type\":\"ImageObject\",\"inLanguage\":\"es\",\"@id\":\"https:\/\/exceladvisor.org\/es\/#\/schema\/logo\/image\/\",\"url\":\"https:\/\/exceladvisor.org\/es\/wp-content\/uploads\/2023\/12\/exceladvisor.org_.png\",\"contentUrl\":\"https:\/\/exceladvisor.org\/es\/wp-content\/uploads\/2023\/12\/exceladvisor.org_.png\",\"width\":105,\"height\":36,\"caption\":\"Excel Advisor\"},\"image\":{\"@id\":\"https:\/\/exceladvisor.org\/es\/#\/schema\/logo\/image\/\"}}]}<\/script>\n<!-- \/ Yoast SEO plugin. -->","yoast_head_json":{"title":"\u00bfc\u00f3mo extraer los d\u00edas laborables de un mes?","robots":{"index":"index","follow":"follow","max-snippet":"max-snippet:-1","max-image-preview":"max-image-preview:large","max-video-preview":"max-video-preview:-1"},"canonical":"https:\/\/exceladvisor.org\/es\/meses-dias-laborables\/","og_locale":"es_ES","og_type":"article","og_title":"\u00bfc\u00f3mo extraer los d\u00edas laborables de un mes?","og_description":"Para obtener el n\u00famero total de d\u00edas h\u00e1biles (d\u00edas h\u00e1biles) en Excel usando una f\u00f3rmula, debe combinar dos funciones (EOMONTH y NETWORKDAYS). En esta f\u00f3rmula, EOMONTH lo ayuda a obtener la \u00faltima fecha del mes y, utilizando esta \u00faltima fecha y la primera fecha que especific\u00f3, NETWORKDAYS devuelve el n\u00famero total de d\u00edas h\u00e1biles en [&hellip;]","og_url":"https:\/\/exceladvisor.org\/es\/meses-dias-laborables\/","og_site_name":"Excel Advisor","article_modified_time":"2023-12-25T10:25:18+00:00","og_image":[{"url":"https:\/\/exceladvisor.org\/wp-content\/uploads\/2023\/08\/1-jours-ouvres-par-mois.png","type":"","width":"","height":""}],"twitter_card":"summary_large_image","twitter_misc":{"Tiempo de lectura":"2 minutos"},"schema":{"@context":"https:\/\/schema.org","@graph":[{"@type":"WebPage","@id":"https:\/\/exceladvisor.org\/es\/meses-dias-laborables\/","url":"https:\/\/exceladvisor.org\/es\/meses-dias-laborables\/","name":"\u00bfc\u00f3mo extraer los d\u00edas laborables de un mes?","isPartOf":{"@id":"https:\/\/exceladvisor.org\/es\/#website"},"primaryImageOfPage":{"@id":"https:\/\/exceladvisor.org\/es\/meses-dias-laborables\/#primaryimage"},"image":{"@id":"https:\/\/exceladvisor.org\/es\/meses-dias-laborables\/#primaryimage"},"thumbnailUrl":"https:\/\/exceladvisor.org\/wp-content\/uploads\/2023\/08\/1-jours-ouvres-par-mois.png","datePublished":"2023-11-12T13:33:22+00:00","dateModified":"2023-12-25T10:25:18+00:00","breadcrumb":{"@id":"https:\/\/exceladvisor.org\/es\/meses-dias-laborables\/#breadcrumb"},"inLanguage":"es","potentialAction":[{"@type":"ReadAction","target":["https:\/\/exceladvisor.org\/es\/meses-dias-laborables\/"]}]},{"@type":"ImageObject","inLanguage":"es","@id":"https:\/\/exceladvisor.org\/es\/meses-dias-laborables\/#primaryimage","url":"https:\/\/exceladvisor.org\/wp-content\/uploads\/2023\/08\/1-jours-ouvres-par-mois.png","contentUrl":"https:\/\/exceladvisor.org\/wp-content\/uploads\/2023\/08\/1-jours-ouvres-par-mois.png"},{"@type":"BreadcrumbList","@id":"https:\/\/exceladvisor.org\/es\/meses-dias-laborables\/#breadcrumb","itemListElement":[{"@type":"ListItem","position":1,"name":"Hogar","item":"https:\/\/exceladvisor.org\/es\/"},{"@type":"ListItem","position":2,"name":"\u00bfc\u00f3mo extraer los d\u00edas laborables de un mes?"}]},{"@type":"WebSite","@id":"https:\/\/exceladvisor.org\/es\/#website","url":"https:\/\/exceladvisor.org\/es\/","name":"Excel Advisor","description":"Su gu\u00eda para la dominaci\u00f3n de datos!","publisher":{"@id":"https:\/\/exceladvisor.org\/es\/#organization"},"potentialAction":[{"@type":"SearchAction","target":{"@type":"EntryPoint","urlTemplate":"https:\/\/exceladvisor.org\/es\/?s={search_term_string}"},"query-input":{"@type":"PropertyValueSpecification","valueRequired":true,"valueName":"search_term_string"}}],"inLanguage":"es"},{"@type":"Organization","@id":"https:\/\/exceladvisor.org\/es\/#organization","name":"Excel Advisor","url":"https:\/\/exceladvisor.org\/es\/","logo":{"@type":"ImageObject","inLanguage":"es","@id":"https:\/\/exceladvisor.org\/es\/#\/schema\/logo\/image\/","url":"https:\/\/exceladvisor.org\/es\/wp-content\/uploads\/2023\/12\/exceladvisor.org_.png","contentUrl":"https:\/\/exceladvisor.org\/es\/wp-content\/uploads\/2023\/12\/exceladvisor.org_.png","width":105,"height":36,"caption":"Excel Advisor"},"image":{"@id":"https:\/\/exceladvisor.org\/es\/#\/schema\/logo\/image\/"}}]}},"yoast_meta":{"yoast_wpseo_title":"","yoast_wpseo_metadesc":"","yoast_wpseo_canonical":""},"_links":{"self":[{"href":"https:\/\/exceladvisor.org\/es\/wp-json\/wp\/v2\/pages\/199","targetHints":{"allow":["GET"]}}],"collection":[{"href":"https:\/\/exceladvisor.org\/es\/wp-json\/wp\/v2\/pages"}],"about":[{"href":"https:\/\/exceladvisor.org\/es\/wp-json\/wp\/v2\/types\/page"}],"author":[{"embeddable":true,"href":"https:\/\/exceladvisor.org\/es\/wp-json\/wp\/v2\/users\/1"}],"replies":[{"embeddable":true,"href":"https:\/\/exceladvisor.org\/es\/wp-json\/wp\/v2\/comments?post=199"}],"version-history":[{"count":1,"href":"https:\/\/exceladvisor.org\/es\/wp-json\/wp\/v2\/pages\/199\/revisions"}],"predecessor-version":[{"id":1036,"href":"https:\/\/exceladvisor.org\/es\/wp-json\/wp\/v2\/pages\/199\/revisions\/1036"}],"wp:attachment":[{"href":"https:\/\/exceladvisor.org\/es\/wp-json\/wp\/v2\/media?parent=199"}],"curies":[{"name":"wp","href":"https:\/\/api.w.org\/{rel}","templated":true}]}}