{"id":202,"date":"2023-11-11T18:01:38","date_gmt":"2023-11-11T18:01:38","guid":{"rendered":"https:\/\/exceladvisor.org\/es\/agregar-una-linea-vertical\/"},"modified":"2023-12-25T10:23:10","modified_gmt":"2023-12-25T10:23:10","slug":"agregar-una-linea-vertical","status":"publish","type":"page","link":"https:\/\/exceladvisor.org\/es\/agregar-una-linea-vertical\/","title":{"rendered":"\u00bfc\u00f3mo agregar una l\u00ednea vertical a un gr\u00e1fico?"},"content":{"rendered":"<div class=\"excel-antes-del-contenido\" id=\"excel-56554443\"><script type=\"text\/javascript\">\r\n\tatOptions = {\r\n\t\t'key' : 'c1158f160081d6540a8409e6925dab94',\r\n\t\t'format' : 'iframe',\r\n\t\t'height' : 250,\r\n\t\t'width' : 300,\r\n\t\t'params' : {}\r\n\t};\r\n<\/script>\r\n<script type=\"text\/javascript\" src=\"\/\/www.highperformanceformat.com\/c1158f160081d6540a8409e6925dab94\/invoke.js\"><\/script><\/div><p>A veces, al presentar datos con un gr\u00e1fico de Excel, necesitamos resaltar un punto espec\u00edfico para atraer la atenci\u00f3n del usuario. Y la mejor manera de hacerlo es agregar una l\u00ednea vertical a un gr\u00e1fico.<\/p>\n<p> S\u00ed, escuchaste bien. Puede resaltar un punto espec\u00edfico en un gr\u00e1fico con una l\u00ednea vertical. Basta con mirar el cuadro a continuaci\u00f3n con 12 meses de datos. <\/p>\n<div class=\"wp-block-image\">\n<figure class=\"aligncenter\"><img decoding=\"async\" src=\"https:\/\/exceladvisor.org\/wp-content\/uploads\/2023\/08\/comment-ajouter-une-ligne-verticale-dans-un-graphique-dans-excel.png\" sizes=\"\" srcset=\"\" alt=\"c\u00f3mo agregar una l\u00ednea vertical a un gr\u00e1fico en excel\"><\/figure>\n<\/div>\n<p> Ahora conoces el beneficio de insertar una l\u00ednea vertical en un gr\u00e1fico. Pero el hecho es, \u00bfcu\u00e1l es el mejor m\u00e9todo? Bueno, entre todos los m\u00e9todos, este m\u00e9todo (que mencion\u00e9 aqu\u00ed) me pareci\u00f3 simple y f\u00e1cil.<\/p>\n<p> Sin m\u00e1s pre\u00e1mbulos, estos son los pasos y <a style=\"outline: none;\" href=\"https:\/\/exceladvisor.org\/wp-content\/uploads\/2023\/11\/ajouter-une-ligne-verticale-dans-le-tableau-de-donnees-du-graphique-Excel.xlsx\" rel=\"nofollow\">descargue este archivo de muestra desde aqu\u00ed<\/a> para seguirlo.<\/p>\n<h2 class=\"wp-block-heading\"> Pasos para insertar una l\u00ednea vertical [est\u00e1tica] en un gr\u00e1fico<\/h2>\n<p> Aqu\u00ed tiene una tabla de datos con la cantidad de ventas mensuales y necesita crear un gr\u00e1fico de l\u00edneas e insertar una l\u00ednea vertical en \u00e9l. Siga estos pasos.<\/p>\n<ol>\n<li> Ingrese una nueva columna junto a la columna de cantidad y as\u00edgnele el nombre \u00abVer Line\u00bb.<\/li>\n<li> Ahora ingrese un valor \u00ab100\u00bb para enero en la columna \u00abVer Line\u00bb. <br \/><img decoding=\"async\" title=\"insertar-una-columna-para-agregar-una-fila-vertical-en-un-gr\u00e1fico-de-Excel\" src=\"https:\/\/exceladvisor.org\/wp-content\/uploads\/2023\/08\/inserer-une-colonne-pour-ajouter-une-ligne-verticale-dans-le-graphique-Excel-1.png\" sizes=\"\" srcset=\"\" alt=\"insert column to add a vertical line in excel chart\"><\/li>\n<li> Seleccione toda la tabla e inserte un <a href=\"http:\/\/www.excel-easy.com\/examples\/line-chart.html\" target=\"_blank\" rel=\"noopener noreferrer\">gr\u00e1fico de l\u00edneas con marcadores<\/a> . <br \/><img decoding=\"async\" title=\"insertar un gr\u00e1fico de l\u00edneas con marcadores para agregar una l\u00ednea vertical en un gr\u00e1fico de Excel\" src=\"https:\/\/exceladvisor.org\/wp-content\/uploads\/2023\/08\/inserer-un-graphique-lineaire-avec-des-marqueurs-pour-ajouter-une-ligne-verticale-dans-le-graphique-Excel-1.png\" sizes=\"\" srcset=\"\" alt=\"insert line chart with markers to add a vertical line in excel chart\"><\/li>\n<li> Obtendr\u00e1s una mesa como esta. <br \/><img decoding=\"async\" title=\"Gr\u00e1fico de l\u00edneas predeterminado para agregar una l\u00ednea vertical en el gr\u00e1fico de Excel\" src=\"https:\/\/exceladvisor.org\/wp-content\/uploads\/2023\/08\/graphique-lineaire-par-defaut-pour-ajouter-une-ligne-verticale-dans-le-graphique-Excel-1.png\" sizes=\"\" srcset=\"\" alt=\"default line chart to add a vertical line in excel chart\"><\/li>\n<li> Ahora seleccione el gr\u00e1fico y abra las opciones \u00abCambiar tipo de gr\u00e1fico\u00bb en la pesta\u00f1a Dise\u00f1o.<\/li>\n<li> Despu\u00e9s de eso, cambie el tipo de gr\u00e1fico a <a href=\"https:\/\/exceladvisor.org\/es\/eje-secundario\/\" data-wpil=\"url\">Eje secundario<\/a> y el tipo de gr\u00e1fico a \u00abGr\u00e1fico de columnas\u00bb. <br \/><img decoding=\"async\" title=\"cambie al eje secundario para agregar un gr\u00e1fico de Excel de l\u00ednea vertical\" src=\"https:\/\/exceladvisor.org\/wp-content\/uploads\/2023\/08\/passer-a-laxe-secondaire-pour-ajouter-un-graphique-Excel-a-ligne-verticale-1.png\" sizes=\"\" srcset=\"\" alt=\"change to secondary axis to add a vertical line excel chart\"><\/li>\n<li> Ahora lo siguiente es ajustar los valores de los ejes de la barra de columnas.<\/li>\n<li> Haga doble clic en su eje secundario para abrir las opciones de formato.<\/li>\n<li> Cambie el valor m\u00e1ximo a 100, porque ingresamos el mismo valor en la columna Ver Line. <br \/><img decoding=\"async\" title=\"cambiar-valor-de-eje-para-agregar-un-gr\u00e1fico-de-l\u00edneas-verticales-en-excel\" src=\"https:\/\/exceladvisor.org\/wp-content\/uploads\/2023\/08\/modifier-la-valeur-de-laxe-pour-ajouter-un-graphique-Excel-a-ligne-verticale-1.png\" sizes=\"\" srcset=\"\" alt=\"change axis value to add a vertical line excel chart\"><\/li>\n<li> En las mismas opciones de eje, baje a la posici\u00f3n de la etiqueta y seleccione ninguna (esto ocultar\u00e1 el eje secundario, no lo necesitamos). <br \/><img decoding=\"async\" title=\"ocultar-eje-secundario-para-agregar-l\u00ednea-vertical-gr\u00e1fico-de-excel-e1477564590467\" src=\"https:\/\/exceladvisor.org\/wp-content\/uploads\/2023\/08\/masquer-laxe-secondaire-pour-ajouter-une-ligne-verticale-graphique-excel-e1477564590467.png\" sizes=\"\" srcset=\"\" alt=\"hide secondary axis to add a vertical line excel chart\"><\/li>\n<li> Por \u00faltimo, pero no menos importante, debemos adelgazar un poco la barra de columnas para que parezca una fila.<\/li>\n<li> Haga clic en la barra de datos, vaya a la opci\u00f3n de serie y aumente su \u00abancho de espacio\u00bb al 500%. <br \/><img decoding=\"async\" title=\"cambiar-el-ancho-del-espacio-para-agregar-l\u00ednea-vertical-gr\u00e1fico-de-excel\" src=\"https:\/\/exceladvisor.org\/wp-content\/uploads\/2023\/08\/modifier-la-largeur-de-lespace-pour-ajouter-un-graphique-Excel-a-ligne-verticale-1.png\" sizes=\"\" srcset=\"\" alt=\"change gap width to add a vertical line excel chart\"><\/li>\n<\/ol>\n<p> <strong>\u00a1Felicidades!<\/strong> Ha agregado con \u00e9xito una l\u00ednea vertical a su gr\u00e1fico. Puede <a href=\"https:\/\/exceladvisor.org\/wp-content\/uploads\/2023\/11\/ligne-verticale-statique-dans-un-graphique.xlsx\" rel=\"nofollow\">descargar este archivo de muestra aqu\u00ed<\/a> para obtener m\u00e1s informaci\u00f3n al respecto. <\/p>\n<div class=\"wp-block-image\">\n<figure class=\"aligncenter\"><img decoding=\"async\" src=\"https:\/\/exceladvisor.org\/wp-content\/uploads\/2023\/08\/comment-ajouter-une-ligne-verticale-dans-un-graphique-dans-excel.png\" sizes=\"\" srcset=\"\" alt=\"c\u00f3mo agregar una l\u00ednea vertical a un gr\u00e1fico en excel\"><\/figure>\n<\/div>\n<p class=\"qt-tip\"> <strong>Consejo r\u00e1pido:<\/strong> simplemente ingrese 100 en la celda donde desea agregar una l\u00ednea vertical. Si desea agregar una l\u00ednea vertical en febrero en lugar de mayo, simplemente ingrese el valor en febrero.<\/p>\n<h2 class=\"wp-block-heading\"> Pasos para agregar una l\u00ednea vertical [din\u00e1mica] en un gr\u00e1fico<\/h2>\n<p> Ahora es el momento de actualizar su gr\u00e1fico y crear un nombre vertical din\u00e1mico. Siga estos sencillos pasos para esto.<\/p>\n<ol>\n<li> Primero, necesitas insertar una barra de desplazamiento. Vaya a la pesta\u00f1a de desarrollador \u279c Insertar \u279c Barra de desplazamiento. <br \/><img decoding=\"async\" title=\"agregar-barra-de-desplazamiento-para-agregar-un-gr\u00e1fico-de-excel-de-l\u00ednea-vertical\" src=\"https:\/\/exceladvisor.org\/wp-content\/uploads\/2023\/08\/ajouter-une-barre-de-defilement-pour-ajouter-un-graphique-Excel-a-ligne-verticale-1.png\" sizes=\"\" srcset=\"\" alt=\"add scrollbar to add a vertical line excel chart\"><\/li>\n<li> Haga clic derecho en la barra de desplazamiento y seleccione control de formato.<\/li>\n<li> Vincula tu barra de desplazamiento a la celda C10 e ingresa 12 para el valor m\u00e1ximo. <br \/><img decoding=\"async\" title=\"barra-de-desplazamiento-de-control-de-formato-para-agregar-un-gr\u00e1fico-de-excel-de-l\u00ednea-vertical\" src=\"https:\/\/exceladvisor.org\/wp-content\/uploads\/2023\/08\/barre-de-defilement-de-controle-du-format-pour-ajouter-un-graphique-excel-a-ligne-verticale-1.png\" sizes=\"\" srcset=\"\" alt=\"format control scrollbar to add a vertical line excel chart\"><\/li>\n<li> Al final, haga clic en Aceptar.<\/li>\n<li> Despu\u00e9s de eso, vaya a su tabla de datos e inserte esta f\u00f3rmula [=IF(MATCH($A2,$A$2:$A$13,0)=$D$1,100,\u201d\u201d)] en la celda C2 ( <a href=\"https:\/\/exceladvisor.org\/es\/barra-de-formulas-de-excel\/\">Barra de f\u00f3rmulas<\/a> ) y arrastre hacia arriba hasta la \u00faltima celda de la tabla. <img decoding=\"async\" title=\"ingresar-f\u00f3rmula-para-agregar-un-gr\u00e1fico-de-excel-de-l\u00ednea-vertical\" src=\"https:\/\/exceladvisor.org\/wp-content\/uploads\/2023\/08\/entrez-la-formule-pour-ajouter-un-graphique-Excel-a-ligne-verticale-1.png\" sizes=\"\" srcset=\"\" alt=\"enter formula to add a vertical line excel chart\"><\/li>\n<li> Ahora puede usar la barra de desplazamiento para navegar por la l\u00ednea vertical en su gr\u00e1fico. Puede <a href=\"https:\/\/exceladvisor.org\/wp-content\/uploads\/2023\/11\/ajouter-une-ligne-verticale-dans-le-graphique-Excel-dynamique.xlsx\" rel=\"nofollow\">descargar este archivo de muestra<\/a> aqu\u00ed para obtener m\u00e1s informaci\u00f3n al respecto. <br \/><img decoding=\"async\" title=\"use-la-barra-de-desplazamiento-para-navegar-y-agregar-una-fila-vertical-gr\u00e1fico-de-excel.gif\" src=\"https:\/\/exceladvisor.org\/wp-content\/uploads\/2023\/08\/utilisez-la-barre-de-defilement-pour-naviguer-pour-ajouter-un-graphique-Excel-a-ligne-verticale-1.gif\" sizes=\"\" srcset=\"\" alt=\"use scrollbar to navigate to add a vertical line excel chart\"><\/li>\n<\/ol>\n<h2 class=\"wp-block-heading\"> Conclusi\u00f3n<\/h2>\n<p> Como dije, agregar una l\u00ednea vertical en un gr\u00e1fico es \u00fatil cuando desea resaltar un punto de datos espec\u00edfico en su gr\u00e1fico. Tambi\u00e9n hay otras formas de agregar una l\u00ednea vertical, pero este m\u00e9todo me pareci\u00f3 r\u00e1pido y f\u00e1cil. Espero que este consejo gr\u00e1fico te ayude a mejorar en Excel.<\/p>\n<p> <strong>\u00bfAlguna vez has intentado hacer esto con tu gr\u00e1fico?<\/strong><\/p>\n<p> Comparta sus opiniones en la secci\u00f3n de comentarios, me encantar\u00eda saber de usted y no olvide compartir este consejo con sus amigos.<\/p>\n<h2 class=\"wp-block-heading\"> M\u00e1s consejos y tutoriales sobre gr\u00e1ficos<\/h2>\n<ul>\n<li> <a style=\"outline: none;\" href=\"https:\/\/exceladvisor.org\/es\/agregar-una-linea-horizontal\/\">C\u00f3mo agregar una l\u00ednea horizontal a un gr\u00e1fico en Excel<\/a><\/li>\n<li> <a style=\"outline: none;\" href=\"https:\/\/exceladvisor.org\/es\/tablero-de-balas\/\">C\u00f3mo crear un gr\u00e1fico de vi\u00f1etas en Excel<\/a><\/li>\n<li> <a style=\"outline: none;\" href=\"https:\/\/exceladvisor.org\/es\/rango-de-grafico-dinamico\/\">C\u00f3mo crear un rango de gr\u00e1fico din\u00e1mico en Excel<\/a><\/li>\n<li> <a style=\"outline: none;\" href=\"https:\/\/exceladvisor.org\/es\/titulo-del-grafico-dinamico\/\">C\u00f3mo crear un t\u00edtulo de gr\u00e1fico din\u00e1mico en Excel<\/a><\/li>\n<li> <a style=\"outline: none;\" href=\"https:\/\/exceladvisor.org\/es\/graficos-interactivos\/\">C\u00f3mo crear gr\u00e1ficos interactivos en Excel<\/a><\/li>\n<\/ul>\n","protected":false},"excerpt":{"rendered":"<p>A veces, al presentar datos con un gr\u00e1fico de Excel, necesitamos resaltar un punto espec\u00edfico para atraer la atenci\u00f3n del usuario. Y la mejor manera de hacerlo es agregar una l\u00ednea vertical a un gr\u00e1fico. S\u00ed, escuchaste bien. Puede resaltar un punto espec\u00edfico en un gr\u00e1fico con una l\u00ednea vertical. Basta con mirar el cuadro [&hellip;]<\/p>\n","protected":false},"author":1,"featured_media":0,"parent":0,"menu_order":0,"comment_status":"open","ping_status":"closed","template":"","meta":{"ub_ctt_via":"","footnotes":""},"class_list":["post-202","page","type-page","status-publish","hentry"],"featured_image_src":null,"yoast_head":"<!-- This site is optimized with the Yoast SEO plugin v25.4 - https:\/\/yoast.com\/wordpress\/plugins\/seo\/ -->\n<title>\u00bfc\u00f3mo agregar una l\u00ednea vertical a un gr\u00e1fico?<\/title>\n<meta name=\"robots\" content=\"index, follow, max-snippet:-1, max-image-preview:large, max-video-preview:-1\" \/>\n<link rel=\"canonical\" href=\"https:\/\/exceladvisor.org\/es\/agregar-una-linea-vertical\/\" \/>\n<meta property=\"og:locale\" content=\"es_ES\" \/>\n<meta property=\"og:type\" content=\"article\" \/>\n<meta property=\"og:title\" content=\"\u00bfc\u00f3mo agregar una l\u00ednea vertical a un gr\u00e1fico?\" \/>\n<meta property=\"og:description\" content=\"A veces, al presentar datos con un gr\u00e1fico de Excel, necesitamos resaltar un punto espec\u00edfico para atraer la atenci\u00f3n del usuario. Y la mejor manera de hacerlo es agregar una l\u00ednea vertical a un gr\u00e1fico. S\u00ed, escuchaste bien. Puede resaltar un punto espec\u00edfico en un gr\u00e1fico con una l\u00ednea vertical. Basta con mirar el cuadro [&hellip;]\" \/>\n<meta property=\"og:url\" content=\"https:\/\/exceladvisor.org\/es\/agregar-una-linea-vertical\/\" \/>\n<meta property=\"og:site_name\" content=\"Excel Advisor\" \/>\n<meta property=\"article:modified_time\" content=\"2023-12-25T10:23:10+00:00\" \/>\n<meta property=\"og:image\" content=\"https:\/\/exceladvisor.org\/wp-content\/uploads\/2023\/08\/comment-ajouter-une-ligne-verticale-dans-un-graphique-dans-excel.png\" \/>\n<meta name=\"twitter:card\" content=\"summary_large_image\" \/>\n<meta name=\"twitter:label1\" content=\"Tiempo de lectura\" \/>\n\t<meta name=\"twitter:data1\" content=\"4 minutos\" \/>\n<script type=\"application\/ld+json\" class=\"yoast-schema-graph\">{\"@context\":\"https:\/\/schema.org\",\"@graph\":[{\"@type\":\"WebPage\",\"@id\":\"https:\/\/exceladvisor.org\/es\/agregar-una-linea-vertical\/\",\"url\":\"https:\/\/exceladvisor.org\/es\/agregar-una-linea-vertical\/\",\"name\":\"\u00bfc\u00f3mo agregar una l\u00ednea vertical a un gr\u00e1fico?\",\"isPartOf\":{\"@id\":\"https:\/\/exceladvisor.org\/es\/#website\"},\"primaryImageOfPage\":{\"@id\":\"https:\/\/exceladvisor.org\/es\/agregar-una-linea-vertical\/#primaryimage\"},\"image\":{\"@id\":\"https:\/\/exceladvisor.org\/es\/agregar-una-linea-vertical\/#primaryimage\"},\"thumbnailUrl\":\"https:\/\/exceladvisor.org\/wp-content\/uploads\/2023\/08\/comment-ajouter-une-ligne-verticale-dans-un-graphique-dans-excel.png\",\"datePublished\":\"2023-11-11T18:01:38+00:00\",\"dateModified\":\"2023-12-25T10:23:10+00:00\",\"breadcrumb\":{\"@id\":\"https:\/\/exceladvisor.org\/es\/agregar-una-linea-vertical\/#breadcrumb\"},\"inLanguage\":\"es\",\"potentialAction\":[{\"@type\":\"ReadAction\",\"target\":[\"https:\/\/exceladvisor.org\/es\/agregar-una-linea-vertical\/\"]}]},{\"@type\":\"ImageObject\",\"inLanguage\":\"es\",\"@id\":\"https:\/\/exceladvisor.org\/es\/agregar-una-linea-vertical\/#primaryimage\",\"url\":\"https:\/\/exceladvisor.org\/wp-content\/uploads\/2023\/08\/comment-ajouter-une-ligne-verticale-dans-un-graphique-dans-excel.png\",\"contentUrl\":\"https:\/\/exceladvisor.org\/wp-content\/uploads\/2023\/08\/comment-ajouter-une-ligne-verticale-dans-un-graphique-dans-excel.png\"},{\"@type\":\"BreadcrumbList\",\"@id\":\"https:\/\/exceladvisor.org\/es\/agregar-una-linea-vertical\/#breadcrumb\",\"itemListElement\":[{\"@type\":\"ListItem\",\"position\":1,\"name\":\"Hogar\",\"item\":\"https:\/\/exceladvisor.org\/es\/\"},{\"@type\":\"ListItem\",\"position\":2,\"name\":\"\u00bfc\u00f3mo agregar una l\u00ednea vertical a un gr\u00e1fico?\"}]},{\"@type\":\"WebSite\",\"@id\":\"https:\/\/exceladvisor.org\/es\/#website\",\"url\":\"https:\/\/exceladvisor.org\/es\/\",\"name\":\"Excel Advisor\",\"description\":\"Su gu\u00eda para la dominaci\u00f3n de datos!\",\"publisher\":{\"@id\":\"https:\/\/exceladvisor.org\/es\/#organization\"},\"potentialAction\":[{\"@type\":\"SearchAction\",\"target\":{\"@type\":\"EntryPoint\",\"urlTemplate\":\"https:\/\/exceladvisor.org\/es\/?s={search_term_string}\"},\"query-input\":{\"@type\":\"PropertyValueSpecification\",\"valueRequired\":true,\"valueName\":\"search_term_string\"}}],\"inLanguage\":\"es\"},{\"@type\":\"Organization\",\"@id\":\"https:\/\/exceladvisor.org\/es\/#organization\",\"name\":\"Excel Advisor\",\"url\":\"https:\/\/exceladvisor.org\/es\/\",\"logo\":{\"@type\":\"ImageObject\",\"inLanguage\":\"es\",\"@id\":\"https:\/\/exceladvisor.org\/es\/#\/schema\/logo\/image\/\",\"url\":\"https:\/\/exceladvisor.org\/es\/wp-content\/uploads\/2023\/12\/exceladvisor.org_.png\",\"contentUrl\":\"https:\/\/exceladvisor.org\/es\/wp-content\/uploads\/2023\/12\/exceladvisor.org_.png\",\"width\":105,\"height\":36,\"caption\":\"Excel Advisor\"},\"image\":{\"@id\":\"https:\/\/exceladvisor.org\/es\/#\/schema\/logo\/image\/\"}}]}<\/script>\n<!-- \/ Yoast SEO plugin. -->","yoast_head_json":{"title":"\u00bfc\u00f3mo agregar una l\u00ednea vertical a un gr\u00e1fico?","robots":{"index":"index","follow":"follow","max-snippet":"max-snippet:-1","max-image-preview":"max-image-preview:large","max-video-preview":"max-video-preview:-1"},"canonical":"https:\/\/exceladvisor.org\/es\/agregar-una-linea-vertical\/","og_locale":"es_ES","og_type":"article","og_title":"\u00bfc\u00f3mo agregar una l\u00ednea vertical a un gr\u00e1fico?","og_description":"A veces, al presentar datos con un gr\u00e1fico de Excel, necesitamos resaltar un punto espec\u00edfico para atraer la atenci\u00f3n del usuario. Y la mejor manera de hacerlo es agregar una l\u00ednea vertical a un gr\u00e1fico. S\u00ed, escuchaste bien. Puede resaltar un punto espec\u00edfico en un gr\u00e1fico con una l\u00ednea vertical. Basta con mirar el cuadro [&hellip;]","og_url":"https:\/\/exceladvisor.org\/es\/agregar-una-linea-vertical\/","og_site_name":"Excel Advisor","article_modified_time":"2023-12-25T10:23:10+00:00","og_image":[{"url":"https:\/\/exceladvisor.org\/wp-content\/uploads\/2023\/08\/comment-ajouter-une-ligne-verticale-dans-un-graphique-dans-excel.png","type":"","width":"","height":""}],"twitter_card":"summary_large_image","twitter_misc":{"Tiempo de lectura":"4 minutos"},"schema":{"@context":"https:\/\/schema.org","@graph":[{"@type":"WebPage","@id":"https:\/\/exceladvisor.org\/es\/agregar-una-linea-vertical\/","url":"https:\/\/exceladvisor.org\/es\/agregar-una-linea-vertical\/","name":"\u00bfc\u00f3mo agregar una l\u00ednea vertical a un gr\u00e1fico?","isPartOf":{"@id":"https:\/\/exceladvisor.org\/es\/#website"},"primaryImageOfPage":{"@id":"https:\/\/exceladvisor.org\/es\/agregar-una-linea-vertical\/#primaryimage"},"image":{"@id":"https:\/\/exceladvisor.org\/es\/agregar-una-linea-vertical\/#primaryimage"},"thumbnailUrl":"https:\/\/exceladvisor.org\/wp-content\/uploads\/2023\/08\/comment-ajouter-une-ligne-verticale-dans-un-graphique-dans-excel.png","datePublished":"2023-11-11T18:01:38+00:00","dateModified":"2023-12-25T10:23:10+00:00","breadcrumb":{"@id":"https:\/\/exceladvisor.org\/es\/agregar-una-linea-vertical\/#breadcrumb"},"inLanguage":"es","potentialAction":[{"@type":"ReadAction","target":["https:\/\/exceladvisor.org\/es\/agregar-una-linea-vertical\/"]}]},{"@type":"ImageObject","inLanguage":"es","@id":"https:\/\/exceladvisor.org\/es\/agregar-una-linea-vertical\/#primaryimage","url":"https:\/\/exceladvisor.org\/wp-content\/uploads\/2023\/08\/comment-ajouter-une-ligne-verticale-dans-un-graphique-dans-excel.png","contentUrl":"https:\/\/exceladvisor.org\/wp-content\/uploads\/2023\/08\/comment-ajouter-une-ligne-verticale-dans-un-graphique-dans-excel.png"},{"@type":"BreadcrumbList","@id":"https:\/\/exceladvisor.org\/es\/agregar-una-linea-vertical\/#breadcrumb","itemListElement":[{"@type":"ListItem","position":1,"name":"Hogar","item":"https:\/\/exceladvisor.org\/es\/"},{"@type":"ListItem","position":2,"name":"\u00bfc\u00f3mo agregar una l\u00ednea vertical a un gr\u00e1fico?"}]},{"@type":"WebSite","@id":"https:\/\/exceladvisor.org\/es\/#website","url":"https:\/\/exceladvisor.org\/es\/","name":"Excel Advisor","description":"Su gu\u00eda para la dominaci\u00f3n de datos!","publisher":{"@id":"https:\/\/exceladvisor.org\/es\/#organization"},"potentialAction":[{"@type":"SearchAction","target":{"@type":"EntryPoint","urlTemplate":"https:\/\/exceladvisor.org\/es\/?s={search_term_string}"},"query-input":{"@type":"PropertyValueSpecification","valueRequired":true,"valueName":"search_term_string"}}],"inLanguage":"es"},{"@type":"Organization","@id":"https:\/\/exceladvisor.org\/es\/#organization","name":"Excel Advisor","url":"https:\/\/exceladvisor.org\/es\/","logo":{"@type":"ImageObject","inLanguage":"es","@id":"https:\/\/exceladvisor.org\/es\/#\/schema\/logo\/image\/","url":"https:\/\/exceladvisor.org\/es\/wp-content\/uploads\/2023\/12\/exceladvisor.org_.png","contentUrl":"https:\/\/exceladvisor.org\/es\/wp-content\/uploads\/2023\/12\/exceladvisor.org_.png","width":105,"height":36,"caption":"Excel Advisor"},"image":{"@id":"https:\/\/exceladvisor.org\/es\/#\/schema\/logo\/image\/"}}]}},"yoast_meta":{"yoast_wpseo_title":"","yoast_wpseo_metadesc":"","yoast_wpseo_canonical":""},"_links":{"self":[{"href":"https:\/\/exceladvisor.org\/es\/wp-json\/wp\/v2\/pages\/202","targetHints":{"allow":["GET"]}}],"collection":[{"href":"https:\/\/exceladvisor.org\/es\/wp-json\/wp\/v2\/pages"}],"about":[{"href":"https:\/\/exceladvisor.org\/es\/wp-json\/wp\/v2\/types\/page"}],"author":[{"embeddable":true,"href":"https:\/\/exceladvisor.org\/es\/wp-json\/wp\/v2\/users\/1"}],"replies":[{"embeddable":true,"href":"https:\/\/exceladvisor.org\/es\/wp-json\/wp\/v2\/comments?post=202"}],"version-history":[{"count":1,"href":"https:\/\/exceladvisor.org\/es\/wp-json\/wp\/v2\/pages\/202\/revisions"}],"predecessor-version":[{"id":822,"href":"https:\/\/exceladvisor.org\/es\/wp-json\/wp\/v2\/pages\/202\/revisions\/822"}],"wp:attachment":[{"href":"https:\/\/exceladvisor.org\/es\/wp-json\/wp\/v2\/media?parent=202"}],"curies":[{"name":"wp","href":"https:\/\/api.w.org\/{rel}","templated":true}]}}