{"id":204,"date":"2023-11-11T17:39:06","date_gmt":"2023-11-11T17:39:06","guid":{"rendered":"https:\/\/exceladvisor.org\/es\/graficos-interactivos\/"},"modified":"2023-12-25T10:25:07","modified_gmt":"2023-12-25T10:25:07","slug":"graficos-interactivos","status":"publish","type":"page","link":"https:\/\/exceladvisor.org\/es\/graficos-interactivos\/","title":{"rendered":"\u00bfc\u00f3mo crear gr\u00e1ficos interactivos en excel?"},"content":{"rendered":"<div class=\"excel-antes-del-contenido\" id=\"excel-4237495695\"><script type=\"text\/javascript\">\r\n\tatOptions = {\r\n\t\t'key' : 'c1158f160081d6540a8409e6925dab94',\r\n\t\t'format' : 'iframe',\r\n\t\t'height' : 250,\r\n\t\t'width' : 300,\r\n\t\t'params' : {}\r\n\t};\r\n<\/script>\r\n<script type=\"text\/javascript\" src=\"\/\/www.highperformanceformat.com\/c1158f160081d6540a8409e6925dab94\/invoke.js\"><\/script><\/div><p>Un gr\u00e1fico es una herramienta perfecta para presentar datos de una manera comprensible. Pero a veces apesta porque lo sobrecargamos con datos. S\u00ed, escuchaste bien.<\/p>\n<p> Creo que cuando se trata de gr\u00e1ficos, deben ser n\u00edtidos y claros y la mejor soluci\u00f3n a este problema es utilizar gr\u00e1ficos interactivos. Al utilizar gr\u00e1ficos interactivos en Excel, <strong>puede presentar m\u00e1s datos en un solo gr\u00e1fico<\/strong> y ni siquiera tendr\u00e1 que preocuparse por todo ese desorden.<\/p>\n<p> Es una forma inteligente. Mire la siguiente tabla donde intento mostrar el objetivo en relaci\u00f3n con el logro, el beneficio y la cuota de mercado. <\/p>\n<div class=\"wp-block-image\">\n<figure class=\"aligncenter\"><img decoding=\"async\" src=\"https:\/\/exceladvisor.org\/wp-content\/uploads\/2023\/08\/comment-creer-un-graphique-interactif-dans-Excel-vs-graphique-normal-1.png\" sizes=\"\" srcset=\"\" alt=\"c\u00f3mo crear un gr\u00e1fico interactivo en Excel frente a un gr\u00e1fico normal\"><\/figure>\n<\/div>\n<p> \u00bfCrees que esta es una forma decente de presentarlo? Por supuesto que no. Y ahora mire esto, donde tengo un gr\u00e1fico interactivo que puedo controlar con botones de opci\u00f3n. <\/p>\n<div class=\"wp-block-image\">\n<figure class=\"aligncenter\"><img decoding=\"async\" src=\"https:\/\/exceladvisor.org\/wp-content\/uploads\/2023\/08\/comment-creer-un-graphique-interactif-dans-un-graphique-excel-1.gif\" sizes=\"\" srcset=\"\" alt=\"c\u00f3mo crear un gr\u00e1fico interactivo en un gr\u00e1fico de Excel\"><\/figure>\n<\/div>\n<p style=\"font-size: 24px;\"> <em>\u00bfQu\u00e9 opinas? \u00bfEst\u00e1s listo para crear tu primer gr\u00e1fico interactivo en Excel?<\/em><\/p>\n<h2 class=\"wp-block-heading\"> Pasos para crear un gr\u00e1fico interactivo en Excel<\/h2>\n<p> En el art\u00edculo de hoy, le mostrar\u00e9 los pasos exactos que debe seguir para crear un gr\u00e1fico interactivo simple en Excel. <a href=\"https:\/\/exceladvisor.org\/wp-content\/uploads\/2023\/11\/graphique-excel-interactif-donnees-brutes.xlsx\" rel=\"nofollow\">Descargue este archivo desde aqu\u00ed<\/a> para seguirlo.<\/p>\n<h3 class=\"wp-block-heading\"> 1. Prepare los datos<\/h3>\n<ol>\n<li> Primero, copie esta tabla y p\u00e9guela debajo de la tabla original. <br \/><img loading=\"lazy\" decoding=\"async\" title=\"nt\/uploads\/2016\/12\/c\u00f3mo-crear-un-gr\u00e1fico-interactivo-en-excel-pegar-tabla-datos\" src=\"https:\/\/exceladvisor.org\/wp-content\/uploads\/2023\/08\/comment-creer-un-graphique-interactif-dans-Excel-coller-les-donnees-du-tableau-1.png\" sizes=\"auto, \" srcset=\"\" alt=\"nt\/uploads\/2016\/12\/how-to-create-an-interactive-chart-in-excel-paste-table-data\" width=\"488\" height=\"254\"><\/li>\n<li> Ahora elimine los datos de la segunda tabla. <br \/><img decoding=\"async\" title=\"nt\/uploads\/2016\/12\/c\u00f3mo-crear-un-gr\u00e1fico-interactivo-en-excel-eliminar-datos\" src=\"https:\/\/exceladvisor.org\/wp-content\/uploads\/2023\/08\/comment-creer-un-graphique-interactif-dans-excel-supprimer-des-donnees-1.png\" sizes=\"\" srcset=\"\" alt=\"how to create an interactive chart in excel delete data\"><\/li>\n<li> En la celda Meta y logro de enero, inserte las siguientes f\u00f3rmulas y c\u00f3pielas en toda la fila ( <a href=\"https:\/\/exceladvisor.org\/es\/barra-de-formulas-de-excel\/\">barra de f\u00f3rmulas<\/a> ).<br \/> <code>=IF($A$1=1,B3,NA())<\/code><br \/> <img decoding=\"async\" title=\"nt\/uploads\/2016\/12\/c\u00f3mo-crear-un-gr\u00e1fico-interactivo-en-excel-agregar-f\u00f3rmula-en-tagret-achievement\" src=\"https:\/\/exceladvisor.org\/wp-content\/uploads\/2023\/08\/comment-creer-un-graphique-interactif-dans-excel-ajouter-une-formule-dans-la-realisation-de-tagret-1.png\" sizes=\"\" srcset=\"\" alt=\"how to create an interactive chart in excel add formula in tagret achievement\"><\/li>\n<li> Despu\u00e9s de eso, en el mes de enero obtenga ganancias y c\u00f3pielo en toda la l\u00ednea. <br \/><img decoding=\"async\" title=\"nt\/uploads\/2016\/12\/c\u00f3mo-crear-un-gr\u00e1fico-interactivo-en-excel-add-formula-profit\" src=\"https:\/\/exceladvisor.org\/wp-content\/uploads\/2023\/08\/comment-creer-un-graphique-interactif-dans-excel-ajouter-un-profit-de-formule-1.png\" sizes=\"\" srcset=\"\" alt=\"how to create an interactive chart in excel add formula profit\"><\/li>\n<li> En \u00faltima instancia, la cuota de mercado de enero la copia en todos los \u00e1mbitos. <br \/><img decoding=\"async\" title=\"nt\/uploads\/2016\/12\/c\u00f3mo-crear-un-gr\u00e1fico-interactivo-en-excel-agregar-f\u00f3rmula-en-participaci\u00f3n-de-mercado\" src=\"https:\/\/exceladvisor.org\/wp-content\/uploads\/2023\/08\/comment-creer-un-graphique-interactif-dans-excel-ajouter-une-formule-de-part-de-marche-1.png\" sizes=\"\" srcset=\"\" alt=\"how to create an interactive chart in excel add formula in market share\"><\/li>\n<\/ol>\n<p style=\"font-size: 24px;\"> <em>Su tabla de datos interactiva est\u00e1 lista.<\/em> <\/p>\n<div class=\"wp-block-image\">\n<figure class=\"aligncenter\"><img decoding=\"async\" src=\"https:\/\/exceladvisor.org\/wp-content\/uploads\/2023\/08\/comment-creer-un-graphique-interactif-dans-des-donnees-Excel-avec-des-formules-1.gif\" sizes=\"\" srcset=\"\" alt=\"c\u00f3mo crear un gr\u00e1fico interactivo en datos de Excel con f\u00f3rmulas\"><\/figure>\n<\/div>\n<p> Todas las celdas de esta tabla est\u00e1n vinculadas a A1. Y cuando ingresa \u00ab1\u00bb en la Tabla A1, solo se muestran los datos de meta y logro. Para \u00ab2\u00bb, mostrar\u00e1 las ganancias y la participaci\u00f3n de mercado para \u00ab3\u00bb.<\/p>\n<h3 class=\"wp-block-heading\"> 2. Insertar botones de radio<\/h3>\n<ol>\n<li> Vaya a <a href=\"https:\/\/exceladvisor.org\/es\/agregar-una-pestana-de-desarrollador\/\">la pesta\u00f1a Desarrollador<\/a> \u279c Control \u279c Insertar \u279c Bot\u00f3n de opci\u00f3n. <br \/><img decoding=\"async\" title=\"c\u00f3mo-crear-un-gr\u00e1fico-interactivo-en-excel-insertar-botones-de-radio\" src=\"https:\/\/exceladvisor.org\/wp-content\/uploads\/2023\/08\/comment-creer-un-graphique-interactif-dans-excel-inserer-des-boutons-doption-1.png\" sizes=\"\" srcset=\"\" alt=\"how to create an interactive chart in excel insert option buttons\"><\/li>\n<li> Inserte tres botones de opci\u00f3n y as\u00edgneles el nombre siguiente.\n<ul>\n<li> Bot\u00f3n-1 = TGT Vs. ACH<\/li>\n<li> Bot\u00f3n-2 = Beneficio<\/li>\n<li> Bot\u00f3n-3 = Cuota de mercado <\/li>\n<\/ul>\n<p><img decoding=\"async\" src=\"https:\/\/exceladvisor.org\/wp-content\/uploads\/2023\/08\/comment-creer-un-graphique-interactif-dans-les-boutons-doption-de-nom-Excel-1.png\" sizes=\"\" srcset=\"\" alt=\"c\u00f3mo crear un gr\u00e1fico interactivo en los botones de opci\u00f3n de nombre de Excel\"><\/li>\n<li> Despu\u00e9s de eso, haga clic derecho en uno de los botones y seleccione \u00abControl de formato\u00bb. <br \/><img decoding=\"async\" title=\"c\u00f3mo-crear-un-gr\u00e1fico-interactivo-en-excel-select-format-control\" src=\"https:\/\/exceladvisor.org\/wp-content\/uploads\/2023\/08\/comment-creer-un-graphique-interactif-dans-le-controle-de-format-de-selection-Excel-1.png\" sizes=\"\" srcset=\"\" alt=\"how to create an interactive chart in excel select format control\"><\/li>\n<li> En las opciones de Control de formato, vinc\u00falelo a la celda A1 y haga clic en Aceptar. <br \/><img decoding=\"async\" src=\"https:\/\/exceladvisor.org\/wp-content\/uploads\/2023\/08\/comment-creer-un-graphique-interactif-dans-une-cellule-de-lien-Excel-1.png\" sizes=\"\" srcset=\"\" alt=\"c\u00f3mo crear un gr\u00e1fico interactivo en una celda de enlace de Excel\"><\/li>\n<li> Ahora puedes controlar tus datos con estos botones de opci\u00f3n. <br \/><img decoding=\"async\" title=\"c\u00f3mo-crear-un-gr\u00e1fico-interactivo-en-datos-excel-con-botones-de-opci\u00f3n.gif\" src=\"https:\/\/exceladvisor.org\/wp-content\/uploads\/2023\/08\/comment-creer-un-graphique-interactif-dans-des-donnees-Excel-avec-des-boutons-doption-1.gif\" sizes=\"\" srcset=\"\" alt=\"how to create an interactive chart in excel data with option buttons\"><\/li>\n<\/ol>\n<h3 class=\"wp-block-heading\"> 3. Insertar gr\u00e1fico de eje secundario<\/h3>\n<ol>\n<li> Primero, seleccione su tabla e inserte un histograma.<\/li>\n<li> Despu\u00e9s de eso, seleccione sus barras de datos y haga clic en \u00abcambiar tipo de gr\u00e1fico\u00bb. Vaya a la pesta\u00f1a Dise\u00f1o \u279c Dise\u00f1o \u279c Cambiar tipo de gr\u00e1fico. <br \/><img decoding=\"async\" title=\"c\u00f3mo-crear-un-gr\u00e1fico-interactivo-en-excel-hacer-clic-cambiar-tipo-de-datos-1\" src=\"https:\/\/exceladvisor.org\/wp-content\/uploads\/2023\/08\/comment-creer-un-graphique-interactif-dans-excel-cliquez-sur-changer-le-type-de-donnees-1.png\" sizes=\"\" srcset=\"\" alt=\"how to create an interactive chart in excel click change data type\"><\/li>\n<li> Ahora, para obtener ganancias y participaci\u00f3n de mercado, cambie el tipo de gr\u00e1fico para alinearlo con marcadores y <a href=\"https:\/\/exceladvisor.org\/es\/eje-secundario\/\" data-wpil=\"url\">verifique el eje secundario<\/a> para ambos. <br \/><img decoding=\"async\" title=\"c\u00f3mo-crear-un-gr\u00e1fico-interactivo-en-excel-cambiar-el-tipo-de-gr\u00e1fico-de-eje-secundario\" src=\"https:\/\/exceladvisor.org\/wp-content\/uploads\/2023\/08\/comment-creer-un-graphique-interactif-dans-Excel-modifier-laxe-secondaire-du-type-de-graphique.png\" sizes=\"\" srcset=\"\" alt=\"how to create interactive chart in excel change charts type secondary axis\"><\/li>\n<\/ol>\n<p> <strong>\u00a1Felicidades!<\/strong> su gr\u00e1fico interactivo est\u00e1 listo para funcionar. Tambi\u00e9n puede realizar cambios de formato en su gr\u00e1fico si lo desea. <\/p>\n<div class=\"wp-block-image\">\n<figure class=\"aligncenter\"><img decoding=\"async\" src=\"https:\/\/exceladvisor.org\/wp-content\/uploads\/2023\/08\/comment-creer-un-graphique-interactif-dans-excel-pret-a-lemploi-1.gif\" sizes=\"\" srcset=\"\" alt=\"c\u00f3mo crear gr\u00e1ficos interactivos en excel listos para usar\"><\/figure>\n<\/div>\n<h2 id=\"tab-con-5\" class=\"wp-block-heading\"> Archivo de ejemplo<\/h2>\n<p> <a style=\"outline: none;\" href=\"https:\/\/exceladvisor.org\/wp-content\/uploads\/2023\/11\/tableau-excel-interactif.xlsx\" rel=\"nofollow\">Descargue este archivo de muestra aqu\u00ed<\/a> para obtener m\u00e1s informaci\u00f3n.<\/p>\n<h2 class=\"wp-block-heading\"> Conclusi\u00f3n<\/h2>\n<p> Al final solo quiero decir que con un gr\u00e1fico interactivo puedes ayudar al usuario a centrarse en una cosa a la vez.<\/p>\n<p> Y tambi\u00e9n puedes ahorrar mucho espacio en los paneles. A veces sientes que es un proceso largo, pero es una configuraci\u00f3n \u00fanica que puede ahorrarte mucho tiempo. Espero que este consejo te ayude a mejorar en el mapeo, pero ahora dime una cosa.<\/p>\n<p> \u00bfQu\u00e9 tipo de gr\u00e1ficos interactivos utilizas? Comp\u00e1rtelo conmigo en la secci\u00f3n de comentarios, me encantar\u00eda saber de ti y no olvides compartir este consejo con tus amigos, estoy seguro de que lo apreciar\u00e1n.<\/p>\n<h2 class=\"wp-block-heading\"> M\u00e1s tutoriales de gr\u00e1ficos<\/h2>\n<ul>\n<li> <a style=\"outline: none;\" href=\"https:\/\/exceladvisor.org\/es\/agregar-una-linea-horizontal\/\">C\u00f3mo agregar una l\u00ednea horizontal a un gr\u00e1fico en Excel<\/a><\/li>\n<li> <a style=\"outline: none;\" href=\"https:\/\/exceladvisor.org\/es\/agregar-una-linea-vertical\/\">C\u00f3mo agregar una l\u00ednea vertical a un gr\u00e1fico en Excel<\/a><\/li>\n<li> <a style=\"outline: none;\" href=\"https:\/\/exceladvisor.org\/es\/tablero-de-balas\/\">C\u00f3mo crear un gr\u00e1fico de vi\u00f1etas en Excel<\/a><\/li>\n<li> <a style=\"outline: none;\" href=\"https:\/\/exceladvisor.org\/es\/rango-de-grafico-dinamico\/\">C\u00f3mo crear un rango de gr\u00e1fico din\u00e1mico en Excel<\/a><\/li>\n<li> <a style=\"outline: none;\" href=\"https:\/\/exceladvisor.org\/es\/titulo-del-grafico-dinamico\/\">C\u00f3mo crear un t\u00edtulo de gr\u00e1fico din\u00e1mico en Excel<\/a><\/li>\n<\/ul>\n","protected":false},"excerpt":{"rendered":"<p>Un gr\u00e1fico es una herramienta perfecta para presentar datos de una manera comprensible. Pero a veces apesta porque lo sobrecargamos con datos. S\u00ed, escuchaste bien. Creo que cuando se trata de gr\u00e1ficos, deben ser n\u00edtidos y claros y la mejor soluci\u00f3n a este problema es utilizar gr\u00e1ficos interactivos. Al utilizar gr\u00e1ficos interactivos en Excel, puede [&hellip;]<\/p>\n","protected":false},"author":1,"featured_media":0,"parent":0,"menu_order":0,"comment_status":"open","ping_status":"closed","template":"","meta":{"ub_ctt_via":"","footnotes":""},"class_list":["post-204","page","type-page","status-publish","hentry"],"featured_image_src":null,"yoast_head":"<!-- This site is optimized with the Yoast SEO plugin v25.4 - https:\/\/yoast.com\/wordpress\/plugins\/seo\/ -->\n<title>\u00bfc\u00f3mo crear gr\u00e1ficos interactivos en excel?<\/title>\n<meta name=\"robots\" content=\"index, follow, max-snippet:-1, max-image-preview:large, max-video-preview:-1\" \/>\n<link rel=\"canonical\" href=\"https:\/\/exceladvisor.org\/es\/graficos-interactivos\/\" \/>\n<meta property=\"og:locale\" content=\"es_ES\" \/>\n<meta property=\"og:type\" content=\"article\" \/>\n<meta property=\"og:title\" content=\"\u00bfc\u00f3mo crear gr\u00e1ficos interactivos en excel?\" \/>\n<meta property=\"og:description\" content=\"Un gr\u00e1fico es una herramienta perfecta para presentar datos de una manera comprensible. Pero a veces apesta porque lo sobrecargamos con datos. S\u00ed, escuchaste bien. Creo que cuando se trata de gr\u00e1ficos, deben ser n\u00edtidos y claros y la mejor soluci\u00f3n a este problema es utilizar gr\u00e1ficos interactivos. Al utilizar gr\u00e1ficos interactivos en Excel, puede [&hellip;]\" \/>\n<meta property=\"og:url\" content=\"https:\/\/exceladvisor.org\/es\/graficos-interactivos\/\" \/>\n<meta property=\"og:site_name\" content=\"Excel Advisor\" \/>\n<meta property=\"article:modified_time\" content=\"2023-12-25T10:25:07+00:00\" \/>\n<meta property=\"og:image\" content=\"https:\/\/exceladvisor.org\/wp-content\/uploads\/2023\/08\/comment-creer-un-graphique-interactif-dans-Excel-vs-graphique-normal-1.png\" \/>\n<meta name=\"twitter:card\" content=\"summary_large_image\" \/>\n<meta name=\"twitter:label1\" content=\"Tiempo de lectura\" \/>\n\t<meta name=\"twitter:data1\" content=\"3 minutos\" \/>\n<script type=\"application\/ld+json\" class=\"yoast-schema-graph\">{\"@context\":\"https:\/\/schema.org\",\"@graph\":[{\"@type\":\"WebPage\",\"@id\":\"https:\/\/exceladvisor.org\/es\/graficos-interactivos\/\",\"url\":\"https:\/\/exceladvisor.org\/es\/graficos-interactivos\/\",\"name\":\"\u00bfc\u00f3mo crear gr\u00e1ficos interactivos en excel?\",\"isPartOf\":{\"@id\":\"https:\/\/exceladvisor.org\/es\/#website\"},\"primaryImageOfPage\":{\"@id\":\"https:\/\/exceladvisor.org\/es\/graficos-interactivos\/#primaryimage\"},\"image\":{\"@id\":\"https:\/\/exceladvisor.org\/es\/graficos-interactivos\/#primaryimage\"},\"thumbnailUrl\":\"https:\/\/exceladvisor.org\/wp-content\/uploads\/2023\/08\/comment-creer-un-graphique-interactif-dans-Excel-vs-graphique-normal-1.png\",\"datePublished\":\"2023-11-11T17:39:06+00:00\",\"dateModified\":\"2023-12-25T10:25:07+00:00\",\"breadcrumb\":{\"@id\":\"https:\/\/exceladvisor.org\/es\/graficos-interactivos\/#breadcrumb\"},\"inLanguage\":\"es\",\"potentialAction\":[{\"@type\":\"ReadAction\",\"target\":[\"https:\/\/exceladvisor.org\/es\/graficos-interactivos\/\"]}]},{\"@type\":\"ImageObject\",\"inLanguage\":\"es\",\"@id\":\"https:\/\/exceladvisor.org\/es\/graficos-interactivos\/#primaryimage\",\"url\":\"https:\/\/exceladvisor.org\/wp-content\/uploads\/2023\/08\/comment-creer-un-graphique-interactif-dans-Excel-vs-graphique-normal-1.png\",\"contentUrl\":\"https:\/\/exceladvisor.org\/wp-content\/uploads\/2023\/08\/comment-creer-un-graphique-interactif-dans-Excel-vs-graphique-normal-1.png\"},{\"@type\":\"BreadcrumbList\",\"@id\":\"https:\/\/exceladvisor.org\/es\/graficos-interactivos\/#breadcrumb\",\"itemListElement\":[{\"@type\":\"ListItem\",\"position\":1,\"name\":\"Hogar\",\"item\":\"https:\/\/exceladvisor.org\/es\/\"},{\"@type\":\"ListItem\",\"position\":2,\"name\":\"\u00bfc\u00f3mo crear gr\u00e1ficos interactivos en excel?\"}]},{\"@type\":\"WebSite\",\"@id\":\"https:\/\/exceladvisor.org\/es\/#website\",\"url\":\"https:\/\/exceladvisor.org\/es\/\",\"name\":\"Excel Advisor\",\"description\":\"Su gu\u00eda para la dominaci\u00f3n de datos!\",\"publisher\":{\"@id\":\"https:\/\/exceladvisor.org\/es\/#organization\"},\"potentialAction\":[{\"@type\":\"SearchAction\",\"target\":{\"@type\":\"EntryPoint\",\"urlTemplate\":\"https:\/\/exceladvisor.org\/es\/?s={search_term_string}\"},\"query-input\":{\"@type\":\"PropertyValueSpecification\",\"valueRequired\":true,\"valueName\":\"search_term_string\"}}],\"inLanguage\":\"es\"},{\"@type\":\"Organization\",\"@id\":\"https:\/\/exceladvisor.org\/es\/#organization\",\"name\":\"Excel Advisor\",\"url\":\"https:\/\/exceladvisor.org\/es\/\",\"logo\":{\"@type\":\"ImageObject\",\"inLanguage\":\"es\",\"@id\":\"https:\/\/exceladvisor.org\/es\/#\/schema\/logo\/image\/\",\"url\":\"https:\/\/exceladvisor.org\/es\/wp-content\/uploads\/2023\/12\/exceladvisor.org_.png\",\"contentUrl\":\"https:\/\/exceladvisor.org\/es\/wp-content\/uploads\/2023\/12\/exceladvisor.org_.png\",\"width\":105,\"height\":36,\"caption\":\"Excel Advisor\"},\"image\":{\"@id\":\"https:\/\/exceladvisor.org\/es\/#\/schema\/logo\/image\/\"}}]}<\/script>\n<!-- \/ Yoast SEO plugin. -->","yoast_head_json":{"title":"\u00bfc\u00f3mo crear gr\u00e1ficos interactivos en excel?","robots":{"index":"index","follow":"follow","max-snippet":"max-snippet:-1","max-image-preview":"max-image-preview:large","max-video-preview":"max-video-preview:-1"},"canonical":"https:\/\/exceladvisor.org\/es\/graficos-interactivos\/","og_locale":"es_ES","og_type":"article","og_title":"\u00bfc\u00f3mo crear gr\u00e1ficos interactivos en excel?","og_description":"Un gr\u00e1fico es una herramienta perfecta para presentar datos de una manera comprensible. Pero a veces apesta porque lo sobrecargamos con datos. S\u00ed, escuchaste bien. Creo que cuando se trata de gr\u00e1ficos, deben ser n\u00edtidos y claros y la mejor soluci\u00f3n a este problema es utilizar gr\u00e1ficos interactivos. Al utilizar gr\u00e1ficos interactivos en Excel, puede [&hellip;]","og_url":"https:\/\/exceladvisor.org\/es\/graficos-interactivos\/","og_site_name":"Excel Advisor","article_modified_time":"2023-12-25T10:25:07+00:00","og_image":[{"url":"https:\/\/exceladvisor.org\/wp-content\/uploads\/2023\/08\/comment-creer-un-graphique-interactif-dans-Excel-vs-graphique-normal-1.png","type":"","width":"","height":""}],"twitter_card":"summary_large_image","twitter_misc":{"Tiempo de lectura":"3 minutos"},"schema":{"@context":"https:\/\/schema.org","@graph":[{"@type":"WebPage","@id":"https:\/\/exceladvisor.org\/es\/graficos-interactivos\/","url":"https:\/\/exceladvisor.org\/es\/graficos-interactivos\/","name":"\u00bfc\u00f3mo crear gr\u00e1ficos interactivos en excel?","isPartOf":{"@id":"https:\/\/exceladvisor.org\/es\/#website"},"primaryImageOfPage":{"@id":"https:\/\/exceladvisor.org\/es\/graficos-interactivos\/#primaryimage"},"image":{"@id":"https:\/\/exceladvisor.org\/es\/graficos-interactivos\/#primaryimage"},"thumbnailUrl":"https:\/\/exceladvisor.org\/wp-content\/uploads\/2023\/08\/comment-creer-un-graphique-interactif-dans-Excel-vs-graphique-normal-1.png","datePublished":"2023-11-11T17:39:06+00:00","dateModified":"2023-12-25T10:25:07+00:00","breadcrumb":{"@id":"https:\/\/exceladvisor.org\/es\/graficos-interactivos\/#breadcrumb"},"inLanguage":"es","potentialAction":[{"@type":"ReadAction","target":["https:\/\/exceladvisor.org\/es\/graficos-interactivos\/"]}]},{"@type":"ImageObject","inLanguage":"es","@id":"https:\/\/exceladvisor.org\/es\/graficos-interactivos\/#primaryimage","url":"https:\/\/exceladvisor.org\/wp-content\/uploads\/2023\/08\/comment-creer-un-graphique-interactif-dans-Excel-vs-graphique-normal-1.png","contentUrl":"https:\/\/exceladvisor.org\/wp-content\/uploads\/2023\/08\/comment-creer-un-graphique-interactif-dans-Excel-vs-graphique-normal-1.png"},{"@type":"BreadcrumbList","@id":"https:\/\/exceladvisor.org\/es\/graficos-interactivos\/#breadcrumb","itemListElement":[{"@type":"ListItem","position":1,"name":"Hogar","item":"https:\/\/exceladvisor.org\/es\/"},{"@type":"ListItem","position":2,"name":"\u00bfc\u00f3mo crear gr\u00e1ficos interactivos en excel?"}]},{"@type":"WebSite","@id":"https:\/\/exceladvisor.org\/es\/#website","url":"https:\/\/exceladvisor.org\/es\/","name":"Excel Advisor","description":"Su gu\u00eda para la dominaci\u00f3n de datos!","publisher":{"@id":"https:\/\/exceladvisor.org\/es\/#organization"},"potentialAction":[{"@type":"SearchAction","target":{"@type":"EntryPoint","urlTemplate":"https:\/\/exceladvisor.org\/es\/?s={search_term_string}"},"query-input":{"@type":"PropertyValueSpecification","valueRequired":true,"valueName":"search_term_string"}}],"inLanguage":"es"},{"@type":"Organization","@id":"https:\/\/exceladvisor.org\/es\/#organization","name":"Excel Advisor","url":"https:\/\/exceladvisor.org\/es\/","logo":{"@type":"ImageObject","inLanguage":"es","@id":"https:\/\/exceladvisor.org\/es\/#\/schema\/logo\/image\/","url":"https:\/\/exceladvisor.org\/es\/wp-content\/uploads\/2023\/12\/exceladvisor.org_.png","contentUrl":"https:\/\/exceladvisor.org\/es\/wp-content\/uploads\/2023\/12\/exceladvisor.org_.png","width":105,"height":36,"caption":"Excel Advisor"},"image":{"@id":"https:\/\/exceladvisor.org\/es\/#\/schema\/logo\/image\/"}}]}},"yoast_meta":{"yoast_wpseo_title":"","yoast_wpseo_metadesc":"","yoast_wpseo_canonical":""},"_links":{"self":[{"href":"https:\/\/exceladvisor.org\/es\/wp-json\/wp\/v2\/pages\/204","targetHints":{"allow":["GET"]}}],"collection":[{"href":"https:\/\/exceladvisor.org\/es\/wp-json\/wp\/v2\/pages"}],"about":[{"href":"https:\/\/exceladvisor.org\/es\/wp-json\/wp\/v2\/types\/page"}],"author":[{"embeddable":true,"href":"https:\/\/exceladvisor.org\/es\/wp-json\/wp\/v2\/users\/1"}],"replies":[{"embeddable":true,"href":"https:\/\/exceladvisor.org\/es\/wp-json\/wp\/v2\/comments?post=204"}],"version-history":[{"count":1,"href":"https:\/\/exceladvisor.org\/es\/wp-json\/wp\/v2\/pages\/204\/revisions"}],"predecessor-version":[{"id":1009,"href":"https:\/\/exceladvisor.org\/es\/wp-json\/wp\/v2\/pages\/204\/revisions\/1009"}],"wp:attachment":[{"href":"https:\/\/exceladvisor.org\/es\/wp-json\/wp\/v2\/media?parent=204"}],"curies":[{"name":"wp","href":"https:\/\/api.w.org\/{rel}","templated":true}]}}