{"id":207,"date":"2023-11-11T15:51:08","date_gmt":"2023-11-11T15:51:08","guid":{"rendered":"https:\/\/exceladvisor.org\/es\/tiempo-en-decimales-1\/"},"modified":"2023-12-25T10:24:46","modified_gmt":"2023-12-25T10:24:46","slug":"tiempo-en-decimales-1","status":"publish","type":"page","link":"https:\/\/exceladvisor.org\/es\/tiempo-en-decimales-1\/","title":{"rendered":"\u00bfc\u00f3mo convertir el tiempo a decimal?"},"content":{"rendered":"<div class=\"excel-antes-del-contenido\" id=\"excel-4273577167\"><script type=\"text\/javascript\">\r\n\tatOptions = {\r\n\t\t'key' : 'c1158f160081d6540a8409e6925dab94',\r\n\t\t'format' : 'iframe',\r\n\t\t'height' : 250,\r\n\t\t'width' : 300,\r\n\t\t'params' : {}\r\n\t};\r\n<\/script>\r\n<script type=\"text\/javascript\" src=\"\/\/www.highperformanceformat.com\/c1158f160081d6540a8409e6925dab94\/invoke.js\"><\/script><\/div><p>En Excel, cuando ingresa un valor de tiempo, le indica horas, minutos y segundos, pero en realidad, una hora es un valor decimal con formato de hora. <\/p>\n<div class=\"wp-block-image\">\n<figure class=\"aligncenter size-full is-resized\"><img loading=\"lazy\" decoding=\"async\" class=\"wp-image-79511\" src=\"https:\/\/exceladvisor.org\/wp-content\/uploads\/2023\/08\/1-convertir-le-temps-en-decimales-1.png\" sizes=\"auto, \" srcset=\"\" alt=\"convertir tiempo a decimales\" width=\"530\" height=\"305\"><\/figure>\n<\/div>\n<p> En este tutorial, aprenderemos c\u00f3mo usar una f\u00f3rmula breve y r\u00e1pida para convertir el tiempo en un n\u00famero donde las horas deben ser n\u00fameros enteros y los minutos deben ser decimales.<\/p>\n<h2 class=\"wp-block-heading\"> F\u00f3rmula para convertir el tiempo a decimal<\/h2>\n<ol type=\"1\">\n<li> Ingrese el operador igual (=) en una celda.<\/li>\n<li> Consulte la celda donde tiene tiempo.<\/li>\n<li> Escriba el asterisco (*) para la multiplicaci\u00f3n.<\/li>\n<li> Ingrese 24 y presione Enter para obtener el resultado. <\/li>\n<\/ol>\n<div class=\"wp-block-image\">\n<figure class=\"aligncenter size-full is-resized\"><img loading=\"lazy\" decoding=\"async\" class=\"wp-image-79512\" src=\"https:\/\/exceladvisor.org\/wp-content\/uploads\/2023\/08\/2-formules-pour-convertir-le-temps-en-decimales.png\" sizes=\"auto, \" srcset=\"\" alt=\"formula-para-convertir-tiempo-a-decimales\" width=\"410\" height=\"237\"><\/figure>\n<\/div>\n<p> Y una vez que uses esta f\u00f3rmula, aseg\u00farate de aplicar el formato \u00abGeneral\u00bb a la celda para mostrarla como un n\u00famero. <\/p>\n<div class=\"wp-block-image\">\n<figure class=\"aligncenter size-full is-resized\"><img loading=\"lazy\" decoding=\"async\" class=\"wp-image-79513\" src=\"https:\/\/exceladvisor.org\/wp-content\/uploads\/2023\/08\/3-appliquer-la-mise-en-forme-generale.png\" sizes=\"auto, \" srcset=\"\" alt=\"aplicar-formato-general\" width=\"704\" height=\"277\"><\/figure>\n<\/div>\n<h2 class=\"wp-block-heading\"> \u00bfC\u00f3mo funciona esta f\u00f3rmula?<\/h2>\n<p> Excel almacena el tiempo como un valor decimal. 1:00 a.m., que es una hora en un d\u00eda, equivale a 0,042 y 11:00 p.m. equivale a 0,958. <\/p>\n<div class=\"wp-block-image\">\n<figure class=\"aligncenter size-full is-resized\"><img loading=\"lazy\" decoding=\"async\" class=\"wp-image-79514\" src=\"https:\/\/exceladvisor.org\/wp-content\/uploads\/2023\/08\/4-comment-fonctionne-la-formule.png\" sizes=\"auto, \" srcset=\"\" alt=\"c\u00f3mo-funciona-la-f\u00f3rmula\" width=\"495\" height=\"183\"><\/figure>\n<\/div>\n<p> <strong>Una hora en un d\u00eda de 24 horas y tiene un valor de 1\/24. Para convertir una hora en una cantidad de horas, puedes multiplicarla por 24.<\/strong> <\/p>\n<div class=\"wp-block-image\">\n<figure class=\"aligncenter size-full is-resized\"><img loading=\"lazy\" decoding=\"async\" class=\"wp-image-79515\" src=\"https:\/\/exceladvisor.org\/wp-content\/uploads\/2023\/08\/5-multiplier-par-24-pour-convertir-en-nombre-dheures.png\" sizes=\"auto, \" srcset=\"\" alt=\"multiplicar-por-24-para-convertir-a-n\u00famero-de-horas\" width=\"426\" height=\"237\"><\/figure>\n<\/div>\n<div class=\"gb-container gb-container-52dfcee1 gb-container-sample-file\">\n<h2 class=\"gb-headline gb-headline-e289c143 gb-headline-text gb-headline-4f7959c2\"> Obtener el archivo Excel<\/h2>\n<p> <a class=\"gb-button gb-button-e88d6bee gb-button-text gb-button-button1\" href=\"https:\/\/exceladvisor.org\/wp-content\/uploads\/2023\/08\/temps-en-decimales-1.xlsx\" rel=\"nofollow\">Descargar<\/a> <\/p>\n<\/div>\n<div class=\"wp-block-group more-tutorials is-layout-flow\">\n<div class=\"wp-block-group__inner-container\">\n<h2 class=\"wp-block-heading\"> M\u00e1s f\u00f3rmulas<\/h2>\n<ul>\n<li> <a href=\"https:\/\/exceladvisor.org\/es\/agregar-horas-en-el-tiempo\/\">Agregar horas al tiempo en Excel<\/a><\/li>\n<li> <a href=\"https:\/\/exceladvisor.org\/es\/agregar-minutos-al-tiempo\/\">Agregar minutos al tiempo en Excel<\/a><\/li>\n<li> <a href=\"https:\/\/exceladvisor.org\/es\/calcular-la-diferencia-horaria\/\">Calcular la diferencia horaria entre dos horas en Excel<\/a><\/li>\n<li> <a href=\"https:\/\/exceladvisor.org\/es\/cambiar-formato-de-hora\/\">Cambiar formato de hora en Excel<\/a><\/li>\n<li> <a href=\"https:\/\/exceladvisor.org\/es\/tiempo-militar\/\">Hora militar (obtener y restar) en Excel<\/a><\/li>\n<li> <a href=\"https:\/\/exceladvisor.org\/es\/fecha-y-hora-separadas-2\/\">Separar fecha y hora en Excel<\/a><\/li>\n<\/ul>\n<p> \u21e0 Volver a <a href=\"https:\/\/exceladvisor.org\/es\/formulas\/\">la lista de m\u00e1s de 100 f\u00f3rmulas de Excel (b\u00e1sicas + avanzadas)<\/a><\/p>\n<\/div>\n<\/div>\n","protected":false},"excerpt":{"rendered":"<p>En Excel, cuando ingresa un valor de tiempo, le indica horas, minutos y segundos, pero en realidad, una hora es un valor decimal con formato de hora. En este tutorial, aprenderemos c\u00f3mo usar una f\u00f3rmula breve y r\u00e1pida para convertir el tiempo en un n\u00famero donde las horas deben ser n\u00fameros enteros y los minutos [&hellip;]<\/p>\n","protected":false},"author":1,"featured_media":0,"parent":0,"menu_order":0,"comment_status":"open","ping_status":"closed","template":"","meta":{"ub_ctt_via":"","footnotes":""},"class_list":["post-207","page","type-page","status-publish","hentry"],"featured_image_src":null,"yoast_head":"<!-- This site is optimized with the Yoast SEO plugin v25.4 - https:\/\/yoast.com\/wordpress\/plugins\/seo\/ -->\n<title>\u00bfc\u00f3mo convertir el tiempo a decimal?<\/title>\n<meta name=\"robots\" content=\"index, follow, max-snippet:-1, max-image-preview:large, max-video-preview:-1\" \/>\n<link rel=\"canonical\" href=\"https:\/\/exceladvisor.org\/es\/tiempo-en-decimales-1\/\" \/>\n<meta property=\"og:locale\" content=\"es_ES\" \/>\n<meta property=\"og:type\" content=\"article\" \/>\n<meta property=\"og:title\" content=\"\u00bfc\u00f3mo convertir el tiempo a decimal?\" \/>\n<meta property=\"og:description\" content=\"En Excel, cuando ingresa un valor de tiempo, le indica horas, minutos y segundos, pero en realidad, una hora es un valor decimal con formato de hora. En este tutorial, aprenderemos c\u00f3mo usar una f\u00f3rmula breve y r\u00e1pida para convertir el tiempo en un n\u00famero donde las horas deben ser n\u00fameros enteros y los minutos [&hellip;]\" \/>\n<meta property=\"og:url\" content=\"https:\/\/exceladvisor.org\/es\/tiempo-en-decimales-1\/\" \/>\n<meta property=\"og:site_name\" content=\"Excel Advisor\" \/>\n<meta property=\"article:modified_time\" content=\"2023-12-25T10:24:46+00:00\" \/>\n<meta property=\"og:image\" content=\"https:\/\/exceladvisor.org\/wp-content\/uploads\/2023\/08\/1-convertir-le-temps-en-decimales-1.png\" \/>\n<meta name=\"twitter:card\" content=\"summary_large_image\" \/>\n<meta name=\"twitter:label1\" content=\"Tiempo de lectura\" \/>\n\t<meta name=\"twitter:data1\" content=\"1 minuto\" \/>\n<script type=\"application\/ld+json\" class=\"yoast-schema-graph\">{\"@context\":\"https:\/\/schema.org\",\"@graph\":[{\"@type\":\"WebPage\",\"@id\":\"https:\/\/exceladvisor.org\/es\/tiempo-en-decimales-1\/\",\"url\":\"https:\/\/exceladvisor.org\/es\/tiempo-en-decimales-1\/\",\"name\":\"\u00bfc\u00f3mo convertir el tiempo a decimal?\",\"isPartOf\":{\"@id\":\"https:\/\/exceladvisor.org\/es\/#website\"},\"primaryImageOfPage\":{\"@id\":\"https:\/\/exceladvisor.org\/es\/tiempo-en-decimales-1\/#primaryimage\"},\"image\":{\"@id\":\"https:\/\/exceladvisor.org\/es\/tiempo-en-decimales-1\/#primaryimage\"},\"thumbnailUrl\":\"https:\/\/exceladvisor.org\/wp-content\/uploads\/2023\/08\/1-convertir-le-temps-en-decimales-1.png\",\"datePublished\":\"2023-11-11T15:51:08+00:00\",\"dateModified\":\"2023-12-25T10:24:46+00:00\",\"breadcrumb\":{\"@id\":\"https:\/\/exceladvisor.org\/es\/tiempo-en-decimales-1\/#breadcrumb\"},\"inLanguage\":\"es\",\"potentialAction\":[{\"@type\":\"ReadAction\",\"target\":[\"https:\/\/exceladvisor.org\/es\/tiempo-en-decimales-1\/\"]}]},{\"@type\":\"ImageObject\",\"inLanguage\":\"es\",\"@id\":\"https:\/\/exceladvisor.org\/es\/tiempo-en-decimales-1\/#primaryimage\",\"url\":\"https:\/\/exceladvisor.org\/wp-content\/uploads\/2023\/08\/1-convertir-le-temps-en-decimales-1.png\",\"contentUrl\":\"https:\/\/exceladvisor.org\/wp-content\/uploads\/2023\/08\/1-convertir-le-temps-en-decimales-1.png\"},{\"@type\":\"BreadcrumbList\",\"@id\":\"https:\/\/exceladvisor.org\/es\/tiempo-en-decimales-1\/#breadcrumb\",\"itemListElement\":[{\"@type\":\"ListItem\",\"position\":1,\"name\":\"Hogar\",\"item\":\"https:\/\/exceladvisor.org\/es\/\"},{\"@type\":\"ListItem\",\"position\":2,\"name\":\"\u00bfc\u00f3mo convertir el tiempo a decimal?\"}]},{\"@type\":\"WebSite\",\"@id\":\"https:\/\/exceladvisor.org\/es\/#website\",\"url\":\"https:\/\/exceladvisor.org\/es\/\",\"name\":\"Excel Advisor\",\"description\":\"Su gu\u00eda para la dominaci\u00f3n de datos!\",\"publisher\":{\"@id\":\"https:\/\/exceladvisor.org\/es\/#organization\"},\"potentialAction\":[{\"@type\":\"SearchAction\",\"target\":{\"@type\":\"EntryPoint\",\"urlTemplate\":\"https:\/\/exceladvisor.org\/es\/?s={search_term_string}\"},\"query-input\":{\"@type\":\"PropertyValueSpecification\",\"valueRequired\":true,\"valueName\":\"search_term_string\"}}],\"inLanguage\":\"es\"},{\"@type\":\"Organization\",\"@id\":\"https:\/\/exceladvisor.org\/es\/#organization\",\"name\":\"Excel Advisor\",\"url\":\"https:\/\/exceladvisor.org\/es\/\",\"logo\":{\"@type\":\"ImageObject\",\"inLanguage\":\"es\",\"@id\":\"https:\/\/exceladvisor.org\/es\/#\/schema\/logo\/image\/\",\"url\":\"https:\/\/exceladvisor.org\/es\/wp-content\/uploads\/2023\/12\/exceladvisor.org_.png\",\"contentUrl\":\"https:\/\/exceladvisor.org\/es\/wp-content\/uploads\/2023\/12\/exceladvisor.org_.png\",\"width\":105,\"height\":36,\"caption\":\"Excel Advisor\"},\"image\":{\"@id\":\"https:\/\/exceladvisor.org\/es\/#\/schema\/logo\/image\/\"}}]}<\/script>\n<!-- \/ Yoast SEO plugin. -->","yoast_head_json":{"title":"\u00bfc\u00f3mo convertir el tiempo a decimal?","robots":{"index":"index","follow":"follow","max-snippet":"max-snippet:-1","max-image-preview":"max-image-preview:large","max-video-preview":"max-video-preview:-1"},"canonical":"https:\/\/exceladvisor.org\/es\/tiempo-en-decimales-1\/","og_locale":"es_ES","og_type":"article","og_title":"\u00bfc\u00f3mo convertir el tiempo a decimal?","og_description":"En Excel, cuando ingresa un valor de tiempo, le indica horas, minutos y segundos, pero en realidad, una hora es un valor decimal con formato de hora. En este tutorial, aprenderemos c\u00f3mo usar una f\u00f3rmula breve y r\u00e1pida para convertir el tiempo en un n\u00famero donde las horas deben ser n\u00fameros enteros y los minutos [&hellip;]","og_url":"https:\/\/exceladvisor.org\/es\/tiempo-en-decimales-1\/","og_site_name":"Excel Advisor","article_modified_time":"2023-12-25T10:24:46+00:00","og_image":[{"url":"https:\/\/exceladvisor.org\/wp-content\/uploads\/2023\/08\/1-convertir-le-temps-en-decimales-1.png","type":"","width":"","height":""}],"twitter_card":"summary_large_image","twitter_misc":{"Tiempo de lectura":"1 minuto"},"schema":{"@context":"https:\/\/schema.org","@graph":[{"@type":"WebPage","@id":"https:\/\/exceladvisor.org\/es\/tiempo-en-decimales-1\/","url":"https:\/\/exceladvisor.org\/es\/tiempo-en-decimales-1\/","name":"\u00bfc\u00f3mo convertir el tiempo a decimal?","isPartOf":{"@id":"https:\/\/exceladvisor.org\/es\/#website"},"primaryImageOfPage":{"@id":"https:\/\/exceladvisor.org\/es\/tiempo-en-decimales-1\/#primaryimage"},"image":{"@id":"https:\/\/exceladvisor.org\/es\/tiempo-en-decimales-1\/#primaryimage"},"thumbnailUrl":"https:\/\/exceladvisor.org\/wp-content\/uploads\/2023\/08\/1-convertir-le-temps-en-decimales-1.png","datePublished":"2023-11-11T15:51:08+00:00","dateModified":"2023-12-25T10:24:46+00:00","breadcrumb":{"@id":"https:\/\/exceladvisor.org\/es\/tiempo-en-decimales-1\/#breadcrumb"},"inLanguage":"es","potentialAction":[{"@type":"ReadAction","target":["https:\/\/exceladvisor.org\/es\/tiempo-en-decimales-1\/"]}]},{"@type":"ImageObject","inLanguage":"es","@id":"https:\/\/exceladvisor.org\/es\/tiempo-en-decimales-1\/#primaryimage","url":"https:\/\/exceladvisor.org\/wp-content\/uploads\/2023\/08\/1-convertir-le-temps-en-decimales-1.png","contentUrl":"https:\/\/exceladvisor.org\/wp-content\/uploads\/2023\/08\/1-convertir-le-temps-en-decimales-1.png"},{"@type":"BreadcrumbList","@id":"https:\/\/exceladvisor.org\/es\/tiempo-en-decimales-1\/#breadcrumb","itemListElement":[{"@type":"ListItem","position":1,"name":"Hogar","item":"https:\/\/exceladvisor.org\/es\/"},{"@type":"ListItem","position":2,"name":"\u00bfc\u00f3mo convertir el tiempo a decimal?"}]},{"@type":"WebSite","@id":"https:\/\/exceladvisor.org\/es\/#website","url":"https:\/\/exceladvisor.org\/es\/","name":"Excel Advisor","description":"Su gu\u00eda para la dominaci\u00f3n de datos!","publisher":{"@id":"https:\/\/exceladvisor.org\/es\/#organization"},"potentialAction":[{"@type":"SearchAction","target":{"@type":"EntryPoint","urlTemplate":"https:\/\/exceladvisor.org\/es\/?s={search_term_string}"},"query-input":{"@type":"PropertyValueSpecification","valueRequired":true,"valueName":"search_term_string"}}],"inLanguage":"es"},{"@type":"Organization","@id":"https:\/\/exceladvisor.org\/es\/#organization","name":"Excel Advisor","url":"https:\/\/exceladvisor.org\/es\/","logo":{"@type":"ImageObject","inLanguage":"es","@id":"https:\/\/exceladvisor.org\/es\/#\/schema\/logo\/image\/","url":"https:\/\/exceladvisor.org\/es\/wp-content\/uploads\/2023\/12\/exceladvisor.org_.png","contentUrl":"https:\/\/exceladvisor.org\/es\/wp-content\/uploads\/2023\/12\/exceladvisor.org_.png","width":105,"height":36,"caption":"Excel Advisor"},"image":{"@id":"https:\/\/exceladvisor.org\/es\/#\/schema\/logo\/image\/"}}]}},"yoast_meta":{"yoast_wpseo_title":"","yoast_wpseo_metadesc":"","yoast_wpseo_canonical":""},"_links":{"self":[{"href":"https:\/\/exceladvisor.org\/es\/wp-json\/wp\/v2\/pages\/207","targetHints":{"allow":["GET"]}}],"collection":[{"href":"https:\/\/exceladvisor.org\/es\/wp-json\/wp\/v2\/pages"}],"about":[{"href":"https:\/\/exceladvisor.org\/es\/wp-json\/wp\/v2\/types\/page"}],"author":[{"embeddable":true,"href":"https:\/\/exceladvisor.org\/es\/wp-json\/wp\/v2\/users\/1"}],"replies":[{"embeddable":true,"href":"https:\/\/exceladvisor.org\/es\/wp-json\/wp\/v2\/comments?post=207"}],"version-history":[{"count":1,"href":"https:\/\/exceladvisor.org\/es\/wp-json\/wp\/v2\/pages\/207\/revisions"}],"predecessor-version":[{"id":953,"href":"https:\/\/exceladvisor.org\/es\/wp-json\/wp\/v2\/pages\/207\/revisions\/953"}],"wp:attachment":[{"href":"https:\/\/exceladvisor.org\/es\/wp-json\/wp\/v2\/media?parent=207"}],"curies":[{"name":"wp","href":"https:\/\/api.w.org\/{rel}","templated":true}]}}