{"id":208,"date":"2023-11-11T15:36:54","date_gmt":"2023-11-11T15:36:54","guid":{"rendered":"https:\/\/exceladvisor.org\/es\/suma-automatica-1\/"},"modified":"2023-12-25T10:28:13","modified_gmt":"2023-12-25T10:28:13","slug":"suma-automatica-1","status":"publish","type":"page","link":"https:\/\/exceladvisor.org\/es\/suma-automatica-1\/","title":{"rendered":"\u00bfc\u00f3mo utilizar la autosuma en excel?"},"content":{"rendered":"<div class=\"excel-antes-del-contenido\" id=\"excel-3843975062\"><script type=\"text\/javascript\">\r\n\tatOptions = {\r\n\t\t'key' : 'c1158f160081d6540a8409e6925dab94',\r\n\t\t'format' : 'iframe',\r\n\t\t'height' : 250,\r\n\t\t'width' : 300,\r\n\t\t'params' : {}\r\n\t};\r\n<\/script>\r\n<script type=\"text\/javascript\" src=\"\/\/www.highperformanceformat.com\/c1158f160081d6540a8409e6925dab94\/invoke.js\"><\/script><\/div><p>Para usar autosuma en Excel, debes seleccionar la celda debajo o a la derecha de los valores que deseas agregar. Una vez que haya hecho eso, puede usar el m\u00e9todo abreviado de teclado o usar la opci\u00f3n en la pesta\u00f1a Inicio de la cinta. AutoSuma es una opci\u00f3n para calcular r\u00e1pidamente la suma de los valores que tienes en un rango.<\/p>\n<h2 class=\"wp-block-heading\"> Autosuma para una columna<\/h2>\n<p> Puede utilizar los siguientes pasos:<\/p>\n<ol>\n<li> Primero, seleccione la celda directamente debajo de la \u00faltima celda con un valor. <br \/><img loading=\"lazy\" decoding=\"async\" title=\"1-\u00faltima-celda-debajo-de-valores\" src=\"https:\/\/exceladvisor.org\/wp-content\/uploads\/2023\/08\/1-derniere-cellule-sous-les-valeurs.png\" sizes=\"auto, \" srcset=\"\" alt=\"last-cell-below-values\" width=\"402\" height=\"297\"><\/li>\n<li> Despu\u00e9s de eso, vaya a la pesta\u00f1a Inicio y haga clic en el men\u00fa desplegable Autosuma. <br \/><img loading=\"lazy\" decoding=\"async\" title=\"Lista desplegable de suma autom\u00e1tica 2\" src=\"https:\/\/exceladvisor.org\/wp-content\/uploads\/2023\/08\/2-liste-deroulante-de-somme-automatique.png\" sizes=\"auto, \" srcset=\"\" alt=\"autosum-drop-down\" width=\"476\" height=\"231\"><\/li>\n<li> Ahora seleccione \u00abSuma\u00bb de la lista desplegable. <br \/><img loading=\"lazy\" decoding=\"async\" title=\"Men\u00fa desplegable de 3 sumas de\" src=\"https:\/\/exceladvisor.org\/wp-content\/uploads\/2023\/08\/3-somme-du-menu-deroulant.png\" sizes=\"auto, \" srcset=\"\" alt=\"sum-from-drop-down\" width=\"214\" height=\"252\"><\/li>\n<li> Una vez que lo seleccione, insertar\u00e1 la funci\u00f3n de suma en la celda seleccionada haciendo referencia al rango sobre la celda. <br \/><img loading=\"lazy\" decoding=\"async\" title=\"Suma de 4 funciones con rango\" src=\"https:\/\/exceladvisor.org\/wp-content\/uploads\/2023\/08\/4-fonction-somme-avec-plage.png\" sizes=\"auto, \" srcset=\"\" alt=\"sum-function-with-range\" width=\"293\" height=\"352\"><\/li>\n<li> Al final, presione Enter para obtener el resultado.<\/li>\n<\/ol>\n<p> Esto le brinda la misma funci\u00f3n SUMA que inserta manualmente en una celda. <\/p>\n<div class=\"wp-block-image\">\n<figure class=\"aligncenter size-full is-resized\"><img loading=\"lazy\" decoding=\"async\" class=\"wp-image-79233\" src=\"https:\/\/exceladvisor.org\/wp-content\/uploads\/2023\/08\/5-fonction-somme1.png\" sizes=\"auto, \" srcset=\"\" alt=\"funci\u00f3n de suma\" width=\"439\" height=\"384\"><\/figure>\n<\/div>\n<h2 class=\"wp-block-heading\"> Autosuma para una columna<\/h2>\n<p> Si desea obtener el total de una fila, debe seleccionar la celda a la derecha de los valores (al lado del \u00faltimo valor). <\/p>\n<div class=\"wp-block-image\">\n<figure class=\"aligncenter size-full is-resized\"><img loading=\"lazy\" decoding=\"async\" class=\"wp-image-79234\" src=\"https:\/\/exceladvisor.org\/wp-content\/uploads\/2023\/08\/6-au-total-de-rangee.png\" sizes=\"auto, \" srcset=\"\" alt=\"linea total\" width=\"584\" height=\"131\"><\/figure>\n<\/div>\n<p> Ahora siga los mismos pasos que utilizamos para la columna. <\/p>\n<div class=\"wp-block-image\">\n<figure class=\"aligncenter size-full is-resized\"><img loading=\"lazy\" decoding=\"async\" class=\"wp-image-79235\" src=\"https:\/\/exceladvisor.org\/wp-content\/uploads\/2023\/08\/7-somme-pour-les-lignes.png\" sizes=\"auto, \" srcset=\"\" alt=\"suma de lineas\" width=\"684\" height=\"161\"><\/figure>\n<\/div>\n<p> Al final, presione Enter para obtener la suma. <\/p>\n<div class=\"wp-block-image\">\n<figure class=\"aligncenter size-full is-resized\"><img loading=\"lazy\" decoding=\"async\" class=\"wp-image-79236\" src=\"https:\/\/exceladvisor.org\/wp-content\/uploads\/2023\/08\/8-appuyez-sur-entree-pour-obtenir-la-somme.png\" sizes=\"auto, \" srcset=\"\" alt=\"presione enter para obtener la suma\" width=\"685\" height=\"155\"><\/figure>\n<\/div>\n<h2 class=\"wp-block-heading\"> Usando el m\u00e9todo abreviado de teclado para Autosuma<\/h2>\n<p> Tambi\u00e9n puedes usar un atajo de teclado para autosuma. Todo lo que necesitas hacer es seleccionar la celda y luego presionar el m\u00e9todo abreviado de teclado Alt+=. Puedes obtener m\u00e1s informaci\u00f3n al respecto en esta p\u00e1gina. <\/p>\n<div class=\"wp-block-image\">\n<figure class=\"aligncenter size-full is-resized\"><img loading=\"lazy\" decoding=\"async\" class=\"wp-image-79237\" src=\"https:\/\/exceladvisor.org\/wp-content\/uploads\/2023\/08\/9-raccourci-pour-la-somme.png\" sizes=\"auto, \" srcset=\"\" alt=\"atajo para la suma\" width=\"306\" height=\"142\"><\/figure>\n<\/div>\n<h2 class=\"wp-block-heading\"> Utilice autosuma para una tabla completa<\/h2>\n<p> Tambi\u00e9n puede utilizar la suma autom\u00e1tica para agregar una fila y columna total a una tabla en Excel. Seleccione las celdas debajo de las columnas, luego las celdas a la derecha de las filas. <\/p>\n<div class=\"wp-block-image\">\n<figure class=\"aligncenter size-full is-resized\"><img loading=\"lazy\" decoding=\"async\" class=\"wp-image-79238\" src=\"https:\/\/exceladvisor.org\/wp-content\/uploads\/2023\/08\/10-somme-automatique-pour-toute-la-table.png\" sizes=\"auto, \" srcset=\"\" alt=\"suma autom\u00e1tica para toda la tabla\" width=\"787\" height=\"344\"><\/figure>\n<\/div>\n<p> Y luego use el m\u00e9todo abreviado de teclado Alt+=, o use la opci\u00f3n de suma autom\u00e1tica desde la pesta\u00f1a de inicio. Obtendr\u00e1 el total de todas las columnas y filas. <\/p>\n<div class=\"gb-container gb-container-52dfcee1 gb-container-sample-file\">\n<h2 class=\"gb-headline gb-headline-e289c143 gb-headline-text gb-headline-4f7959c2\"> Obtener el archivo Excel<\/h2>\n<p> <a class=\"gb-button gb-button-e88d6bee gb-button-text gb-button-button1\" href=\"https:\/\/exceladvisor.org\/wp-content\/uploads\/2023\/08\/somme-automatique.xlsx\" rel=\"nofollow\">Descargar<\/a><\/p>\n<\/div>\n<div class=\"gb-container gb-container-0df56012 gb-container-mt\"> <a class=\"gb-button gb-button-f9f432f4 gb-button-text gb-button-mt-button\" href=\"https:\/\/exceladvisor.org\/es\/formulas\/\">Lista de f\u00f3rmulas de Excel<\/a><\/p>\n<h2 class=\"gb-headline gb-headline-233444e8 gb-headline-text gb-headline-mt-heading\"> F\u00f3rmulas relacionadas <\/h2>\n<div class=\"gb-grid-wrapper gb-grid-wrapper-a16fa65c gb-grid-wrapper-mt-grid\">\n<div class=\"gb-grid-column gb-grid-column-50d07e0d\">\n<div class=\"gb-container gb-container-50d07e0d\">\n<ul>\n<li> <a href=\"https:\/\/exceladvisor.org\/es\/agregar-toda-la-columna\/\">Agregue una columna o fila completa en Excel<\/a><\/li>\n<li> <a href=\"https:\/\/exceladvisor.org\/es\/agregar-solo-celdas-visibles\/\">Suma solo celdas visibles en Excel<\/a><\/li>\n<li> <a href=\"https:\/\/exceladvisor.org\/es\/agregar-celdas-aleatorias\/\">Suma de celdas aleatorias en Excel<\/a><\/li>\n<li> <a href=\"https:\/\/exceladvisor.org\/es\/linea-total\/\">Agregar una fila total en Excel<\/a><\/li>\n<li> <a href=\"https:\/\/exceladvisor.org\/es\/suma-indirecta-2\/\">INDIRECTO con SUMA<\/a><\/li>\n<li> <a href=\"https:\/\/exceladvisor.org\/es\/total-acumula-1\/\">Total acumulado<\/a><\/li>\n<li> <a href=\"https:\/\/exceladvisor.org\/es\/suma-de-cuadrados-2\/\">Suma de cuadrados<\/a> <\/li>\n<\/ul>\n<\/div>\n<\/div>\n<div class=\"gb-grid-column gb-grid-column-5b4a0cf9\">\n<div class=\"gb-container gb-container-5b4a0cf9\"><\/div>\n<\/div>\n<\/div>\n<\/div>\n","protected":false},"excerpt":{"rendered":"<p>Para usar autosuma en Excel, debes seleccionar la celda debajo o a la derecha de los valores que deseas agregar. Una vez que haya hecho eso, puede usar el m\u00e9todo abreviado de teclado o usar la opci\u00f3n en la pesta\u00f1a Inicio de la cinta. AutoSuma es una opci\u00f3n para calcular r\u00e1pidamente la suma de los [&hellip;]<\/p>\n","protected":false},"author":1,"featured_media":0,"parent":0,"menu_order":0,"comment_status":"open","ping_status":"closed","template":"","meta":{"ub_ctt_via":"","footnotes":""},"class_list":["post-208","page","type-page","status-publish","hentry"],"featured_image_src":null,"yoast_head":"<!-- This site is optimized with the Yoast SEO plugin v25.4 - https:\/\/yoast.com\/wordpress\/plugins\/seo\/ -->\n<title>\u00bfc\u00f3mo utilizar la autosuma en excel?<\/title>\n<meta name=\"robots\" content=\"index, follow, max-snippet:-1, max-image-preview:large, max-video-preview:-1\" \/>\n<link rel=\"canonical\" href=\"https:\/\/exceladvisor.org\/es\/suma-automatica-1\/\" \/>\n<meta property=\"og:locale\" content=\"es_ES\" \/>\n<meta property=\"og:type\" content=\"article\" \/>\n<meta property=\"og:title\" content=\"\u00bfc\u00f3mo utilizar la autosuma en excel?\" \/>\n<meta property=\"og:description\" content=\"Para usar autosuma en Excel, debes seleccionar la celda debajo o a la derecha de los valores que deseas agregar. Una vez que haya hecho eso, puede usar el m\u00e9todo abreviado de teclado o usar la opci\u00f3n en la pesta\u00f1a Inicio de la cinta. AutoSuma es una opci\u00f3n para calcular r\u00e1pidamente la suma de los [&hellip;]\" \/>\n<meta property=\"og:url\" content=\"https:\/\/exceladvisor.org\/es\/suma-automatica-1\/\" \/>\n<meta property=\"og:site_name\" content=\"Excel Advisor\" \/>\n<meta property=\"article:modified_time\" content=\"2023-12-25T10:28:13+00:00\" \/>\n<meta property=\"og:image\" content=\"https:\/\/exceladvisor.org\/wp-content\/uploads\/2023\/08\/1-derniere-cellule-sous-les-valeurs.png\" \/>\n<meta name=\"twitter:card\" content=\"summary_large_image\" \/>\n<meta name=\"twitter:label1\" content=\"Tiempo de lectura\" \/>\n\t<meta name=\"twitter:data1\" content=\"2 minutos\" \/>\n<script type=\"application\/ld+json\" class=\"yoast-schema-graph\">{\"@context\":\"https:\/\/schema.org\",\"@graph\":[{\"@type\":\"WebPage\",\"@id\":\"https:\/\/exceladvisor.org\/es\/suma-automatica-1\/\",\"url\":\"https:\/\/exceladvisor.org\/es\/suma-automatica-1\/\",\"name\":\"\u00bfc\u00f3mo utilizar la autosuma en excel?\",\"isPartOf\":{\"@id\":\"https:\/\/exceladvisor.org\/es\/#website\"},\"primaryImageOfPage\":{\"@id\":\"https:\/\/exceladvisor.org\/es\/suma-automatica-1\/#primaryimage\"},\"image\":{\"@id\":\"https:\/\/exceladvisor.org\/es\/suma-automatica-1\/#primaryimage\"},\"thumbnailUrl\":\"https:\/\/exceladvisor.org\/wp-content\/uploads\/2023\/08\/1-derniere-cellule-sous-les-valeurs.png\",\"datePublished\":\"2023-11-11T15:36:54+00:00\",\"dateModified\":\"2023-12-25T10:28:13+00:00\",\"breadcrumb\":{\"@id\":\"https:\/\/exceladvisor.org\/es\/suma-automatica-1\/#breadcrumb\"},\"inLanguage\":\"es\",\"potentialAction\":[{\"@type\":\"ReadAction\",\"target\":[\"https:\/\/exceladvisor.org\/es\/suma-automatica-1\/\"]}]},{\"@type\":\"ImageObject\",\"inLanguage\":\"es\",\"@id\":\"https:\/\/exceladvisor.org\/es\/suma-automatica-1\/#primaryimage\",\"url\":\"https:\/\/exceladvisor.org\/wp-content\/uploads\/2023\/08\/1-derniere-cellule-sous-les-valeurs.png\",\"contentUrl\":\"https:\/\/exceladvisor.org\/wp-content\/uploads\/2023\/08\/1-derniere-cellule-sous-les-valeurs.png\"},{\"@type\":\"BreadcrumbList\",\"@id\":\"https:\/\/exceladvisor.org\/es\/suma-automatica-1\/#breadcrumb\",\"itemListElement\":[{\"@type\":\"ListItem\",\"position\":1,\"name\":\"Hogar\",\"item\":\"https:\/\/exceladvisor.org\/es\/\"},{\"@type\":\"ListItem\",\"position\":2,\"name\":\"\u00bfc\u00f3mo utilizar la autosuma en excel?\"}]},{\"@type\":\"WebSite\",\"@id\":\"https:\/\/exceladvisor.org\/es\/#website\",\"url\":\"https:\/\/exceladvisor.org\/es\/\",\"name\":\"Excel Advisor\",\"description\":\"Su gu\u00eda para la dominaci\u00f3n de datos!\",\"publisher\":{\"@id\":\"https:\/\/exceladvisor.org\/es\/#organization\"},\"potentialAction\":[{\"@type\":\"SearchAction\",\"target\":{\"@type\":\"EntryPoint\",\"urlTemplate\":\"https:\/\/exceladvisor.org\/es\/?s={search_term_string}\"},\"query-input\":{\"@type\":\"PropertyValueSpecification\",\"valueRequired\":true,\"valueName\":\"search_term_string\"}}],\"inLanguage\":\"es\"},{\"@type\":\"Organization\",\"@id\":\"https:\/\/exceladvisor.org\/es\/#organization\",\"name\":\"Excel Advisor\",\"url\":\"https:\/\/exceladvisor.org\/es\/\",\"logo\":{\"@type\":\"ImageObject\",\"inLanguage\":\"es\",\"@id\":\"https:\/\/exceladvisor.org\/es\/#\/schema\/logo\/image\/\",\"url\":\"https:\/\/exceladvisor.org\/es\/wp-content\/uploads\/2023\/12\/exceladvisor.org_.png\",\"contentUrl\":\"https:\/\/exceladvisor.org\/es\/wp-content\/uploads\/2023\/12\/exceladvisor.org_.png\",\"width\":105,\"height\":36,\"caption\":\"Excel Advisor\"},\"image\":{\"@id\":\"https:\/\/exceladvisor.org\/es\/#\/schema\/logo\/image\/\"}}]}<\/script>\n<!-- \/ Yoast SEO plugin. -->","yoast_head_json":{"title":"\u00bfc\u00f3mo utilizar la autosuma en excel?","robots":{"index":"index","follow":"follow","max-snippet":"max-snippet:-1","max-image-preview":"max-image-preview:large","max-video-preview":"max-video-preview:-1"},"canonical":"https:\/\/exceladvisor.org\/es\/suma-automatica-1\/","og_locale":"es_ES","og_type":"article","og_title":"\u00bfc\u00f3mo utilizar la autosuma en excel?","og_description":"Para usar autosuma en Excel, debes seleccionar la celda debajo o a la derecha de los valores que deseas agregar. Una vez que haya hecho eso, puede usar el m\u00e9todo abreviado de teclado o usar la opci\u00f3n en la pesta\u00f1a Inicio de la cinta. AutoSuma es una opci\u00f3n para calcular r\u00e1pidamente la suma de los [&hellip;]","og_url":"https:\/\/exceladvisor.org\/es\/suma-automatica-1\/","og_site_name":"Excel Advisor","article_modified_time":"2023-12-25T10:28:13+00:00","og_image":[{"url":"https:\/\/exceladvisor.org\/wp-content\/uploads\/2023\/08\/1-derniere-cellule-sous-les-valeurs.png","type":"","width":"","height":""}],"twitter_card":"summary_large_image","twitter_misc":{"Tiempo de lectura":"2 minutos"},"schema":{"@context":"https:\/\/schema.org","@graph":[{"@type":"WebPage","@id":"https:\/\/exceladvisor.org\/es\/suma-automatica-1\/","url":"https:\/\/exceladvisor.org\/es\/suma-automatica-1\/","name":"\u00bfc\u00f3mo utilizar la autosuma en excel?","isPartOf":{"@id":"https:\/\/exceladvisor.org\/es\/#website"},"primaryImageOfPage":{"@id":"https:\/\/exceladvisor.org\/es\/suma-automatica-1\/#primaryimage"},"image":{"@id":"https:\/\/exceladvisor.org\/es\/suma-automatica-1\/#primaryimage"},"thumbnailUrl":"https:\/\/exceladvisor.org\/wp-content\/uploads\/2023\/08\/1-derniere-cellule-sous-les-valeurs.png","datePublished":"2023-11-11T15:36:54+00:00","dateModified":"2023-12-25T10:28:13+00:00","breadcrumb":{"@id":"https:\/\/exceladvisor.org\/es\/suma-automatica-1\/#breadcrumb"},"inLanguage":"es","potentialAction":[{"@type":"ReadAction","target":["https:\/\/exceladvisor.org\/es\/suma-automatica-1\/"]}]},{"@type":"ImageObject","inLanguage":"es","@id":"https:\/\/exceladvisor.org\/es\/suma-automatica-1\/#primaryimage","url":"https:\/\/exceladvisor.org\/wp-content\/uploads\/2023\/08\/1-derniere-cellule-sous-les-valeurs.png","contentUrl":"https:\/\/exceladvisor.org\/wp-content\/uploads\/2023\/08\/1-derniere-cellule-sous-les-valeurs.png"},{"@type":"BreadcrumbList","@id":"https:\/\/exceladvisor.org\/es\/suma-automatica-1\/#breadcrumb","itemListElement":[{"@type":"ListItem","position":1,"name":"Hogar","item":"https:\/\/exceladvisor.org\/es\/"},{"@type":"ListItem","position":2,"name":"\u00bfc\u00f3mo utilizar la autosuma en excel?"}]},{"@type":"WebSite","@id":"https:\/\/exceladvisor.org\/es\/#website","url":"https:\/\/exceladvisor.org\/es\/","name":"Excel Advisor","description":"Su gu\u00eda para la dominaci\u00f3n de datos!","publisher":{"@id":"https:\/\/exceladvisor.org\/es\/#organization"},"potentialAction":[{"@type":"SearchAction","target":{"@type":"EntryPoint","urlTemplate":"https:\/\/exceladvisor.org\/es\/?s={search_term_string}"},"query-input":{"@type":"PropertyValueSpecification","valueRequired":true,"valueName":"search_term_string"}}],"inLanguage":"es"},{"@type":"Organization","@id":"https:\/\/exceladvisor.org\/es\/#organization","name":"Excel Advisor","url":"https:\/\/exceladvisor.org\/es\/","logo":{"@type":"ImageObject","inLanguage":"es","@id":"https:\/\/exceladvisor.org\/es\/#\/schema\/logo\/image\/","url":"https:\/\/exceladvisor.org\/es\/wp-content\/uploads\/2023\/12\/exceladvisor.org_.png","contentUrl":"https:\/\/exceladvisor.org\/es\/wp-content\/uploads\/2023\/12\/exceladvisor.org_.png","width":105,"height":36,"caption":"Excel Advisor"},"image":{"@id":"https:\/\/exceladvisor.org\/es\/#\/schema\/logo\/image\/"}}]}},"yoast_meta":{"yoast_wpseo_title":"","yoast_wpseo_metadesc":"","yoast_wpseo_canonical":""},"_links":{"self":[{"href":"https:\/\/exceladvisor.org\/es\/wp-json\/wp\/v2\/pages\/208","targetHints":{"allow":["GET"]}}],"collection":[{"href":"https:\/\/exceladvisor.org\/es\/wp-json\/wp\/v2\/pages"}],"about":[{"href":"https:\/\/exceladvisor.org\/es\/wp-json\/wp\/v2\/types\/page"}],"author":[{"embeddable":true,"href":"https:\/\/exceladvisor.org\/es\/wp-json\/wp\/v2\/users\/1"}],"replies":[{"embeddable":true,"href":"https:\/\/exceladvisor.org\/es\/wp-json\/wp\/v2\/comments?post=208"}],"version-history":[{"count":1,"href":"https:\/\/exceladvisor.org\/es\/wp-json\/wp\/v2\/pages\/208\/revisions"}],"predecessor-version":[{"id":1281,"href":"https:\/\/exceladvisor.org\/es\/wp-json\/wp\/v2\/pages\/208\/revisions\/1281"}],"wp:attachment":[{"href":"https:\/\/exceladvisor.org\/es\/wp-json\/wp\/v2\/media?parent=208"}],"curies":[{"name":"wp","href":"https:\/\/api.w.org\/{rel}","templated":true}]}}