{"id":21,"date":"2023-11-21T00:24:01","date_gmt":"2023-11-21T00:24:01","guid":{"rendered":"https:\/\/exceladvisor.org\/es\/hoja-de-calculo\/"},"modified":"2023-12-25T10:32:17","modified_gmt":"2023-12-25T10:32:17","slug":"hoja-de-calculo","status":"publish","type":"page","link":"https:\/\/exceladvisor.org\/es\/hoja-de-calculo\/","title":{"rendered":"\u00bfqu\u00e9 es una hoja de c\u00e1lculo de excel?"},"content":{"rendered":"<div class=\"excel-antes-del-contenido\" id=\"excel-1613302302\"><script type=\"text\/javascript\">\r\n\tatOptions = {\r\n\t\t'key' : 'c1158f160081d6540a8409e6925dab94',\r\n\t\t'format' : 'iframe',\r\n\t\t'height' : 250,\r\n\t\t'width' : 300,\r\n\t\t'params' : {}\r\n\t};\r\n<\/script>\r\n<script type=\"text\/javascript\" src=\"\/\/www.highperformanceformat.com\/c1158f160081d6540a8409e6925dab94\/invoke.js\"><\/script><\/div><p>En Excel, una hoja de c\u00e1lculo es una colecci\u00f3n de millones de celdas en las que puedes almacenar datos. Piense en una sola hoja de c\u00e1lculo como una p\u00e1gina de un cuaderno con cientos de p\u00e1ginas. De manera similar, puede tener varias hojas de trabajo en un libro (archivo Excel). <\/p>\n<div class=\"wp-block-image\">\n<figure class=\"aligncenter size-full is-resized\"><img loading=\"lazy\" decoding=\"async\" class=\"wp-image-92273\" src=\"https:\/\/exceladvisor.org\/wp-content\/uploads\/2023\/08\/1-feuille-excel-et-feuille-de-calcul.png\" sizes=\"auto, \" srcset=\"\" alt=\"Hoja de Excel y hoja de c\u00e1lculo\" width=\"547\" height=\"370\"><\/figure>\n<\/div>\n<h2 id=\"h-max-number-of-worksheets\" class=\"wp-block-heading\"> N\u00famero m\u00e1ximo de hojas de trabajo<\/h2>\n<p> Puede insertar varias hojas en un libro a menos que tenga poca memoria. Lo prob\u00e9 agregando m\u00e1s de 4000 hojas en un solo libro. <\/p>\n<div class=\"wp-block-image\">\n<figure class=\"aligncenter size-full is-resized\"><img loading=\"lazy\" decoding=\"async\" class=\"wp-image-92275\" src=\"https:\/\/exceladvisor.org\/wp-content\/uploads\/2023\/08\/2-nombre-maximum-de-feuilles-de-travail.png\" sizes=\"auto, \" srcset=\"\" alt=\"n\u00famero m\u00e1ximo de hojas de trabajo\" width=\"338\" height=\"101\"><\/figure>\n<\/div>\n<p> S\u00f3lo necesita saber que s\u00f3lo puede agregar 255 hojas de trabajo a la vez. Entonces, al agregar varias hojas de trabajo o usar c\u00f3digo VBA, solo puede agregar 255 hojas de trabajo a la vez.<\/p>\n<h2 id=\"h-is-there-any-difference-between-a-sheet-and-a-worksheet\" class=\"wp-block-heading\"> \u00bfExiste alguna diferencia entre una hoja y una hoja de c\u00e1lculo?<\/h2>\n<p> S\u00ed, hay una ligera diferencia. Una hoja de c\u00e1lculo es un tipo de hoja. En Excel, cuando hace clic derecho en la pesta\u00f1a de la hoja y luego hace clic en Insertar, ver\u00e1 un cuadro de di\u00e1logo que le permitir\u00e1 seleccionar la hoja que desea agregar. <\/p>\n<div class=\"wp-block-image\">\n<figure class=\"aligncenter size-full is-resized\"><img loading=\"lazy\" decoding=\"async\" class=\"wp-image-92276\" src=\"https:\/\/exceladvisor.org\/wp-content\/uploads\/2023\/08\/3-feuille-vs-feuille-de-calcul.png\" sizes=\"auto, \" srcset=\"\" alt=\"hoja vs hoja de c\u00e1lculo\" width=\"502\" height=\"384\"><\/figure>\n<\/div>\n<p> Puede insertar cuatro hojas diferentes.<\/p>\n<ol type=\"1\">\n<li> Hoja de c\u00e1lculo<\/li>\n<li> Cuadro<\/li>\n<li> Macro de MS Excel 4.0<\/li>\n<li> Cuadro de di\u00e1logo de MS Excel 5.0<\/li>\n<\/ol>\n<h2> Datos impactantes sobre las hojas de c\u00e1lculo de Excel<\/h2>\n<p> <strong>\u00bfQu\u00e9 tienen de especial las hojas de c\u00e1lculo?<\/strong><\/p>\n<p> Una hoja de c\u00e1lculo es un libro de contabilidad digital que almacena datos en celdas que se muestran en filas y columnas, lo que se llama formato tabular. En esencia, una hoja de c\u00e1lculo es un documento bidimensional dise\u00f1ado para almacenar y calcular datos. Es una herramienta poderosa para tareas como hacer n\u00fameros, almacenar listas y realizar un seguimiento del presupuesto.<\/p>\n<p> <strong>\u00bfCu\u00e1ntas funciones hay para la hoja de c\u00e1lculo?<\/strong><\/p>\n<p> Hay m\u00e1s de 450 funciones integradas disponibles. Por ejemplo, \u00bfsabes cu\u00e1l es el n\u00famero ar\u00e1bigo MMMCMXCIX? \u00a1Eres realmente incre\u00edble si lo haces! Sin embargo, no pierdas la moralidad si no puedes dar una respuesta clara: Excel ofrece una soluci\u00f3n sencilla y elegante.<\/p>\n<p> Esta funci\u00f3n se llama \u00c1RABE y, como habr\u00e1s adivinado, convierte n\u00fameros romanos en n\u00fameros ar\u00e1bigos.<\/p>\n<p> <strong>No puedes nombrar tu hoja de c\u00e1lculo \u00abHistorial\u00bb<\/strong><\/p>\n<p> En cada libro, Excel crea una hoja de trabajo auxiliar llamada \u00abHistorial\u00bb para realizar un seguimiento de los cambios entre libros compartidos.<\/p>\n<p> Sin embargo, ya sea que comparta su libro de trabajo o no, no es posible crear una hoja de trabajo llamada \u00abHistorial\u00bb porque es un nombre reservado. Si intenta hacer esto, aparecer\u00e1 la siguiente alerta de error. <\/p>\n<p><img loading=\"lazy\" decoding=\"async\" class=\"alignnone size-full wp-image-13272\" src=\"https:\/\/exceladvisor.org\/wp-content\/uploads\/2023\/11\/history.png\" alt=\"historia\" width=\"217\" height=\"115\"><\/p>\n<p> <strong>\u00bfCu\u00e1ntos hiperv\u00ednculos puede contener una hoja de c\u00e1lculo?<\/strong><\/p>\n<p> \u00bfPor qu\u00e9 necesitar\u00edas tantos hiperv\u00ednculos? Cualesquiera que sean los objetivos maliciosos que persiga, recuerde que su n\u00famero est\u00e1 limitado a 65.530. Lo \u00fanico que puedes hacer es aceptarlo.<\/p>\n<p> <strong>\u00bfCu\u00e1ntos elementos no contiguos puedes seleccionar en una hoja?<\/strong><\/p>\n<p> Desaf\u00eda a Excel seleccionando 2.147.483.648 celdas no contiguas al mismo tiempo y observa qu\u00e9 sucede. Si selecciona una celda por segundo, le llevar\u00e1 unos 68 a\u00f1os de tedioso trabajo. No importa si logras tu ambicioso objetivo o te rindes a mitad de camino, ahora eres consciente de tus infinitas posibilidades.<\/p>\n<p> <strong>\u00bfCu\u00e1ntas filas y columnas hay en una hoja de c\u00e1lculo?<\/strong><\/p>\n<p> Cada hoja de trabajo se compone de 1.048.576 filas por 16.384 columnas, lo que se traduce en 17.179.869.184 celdas.<\/p>\n<p> <strong>La hoja de c\u00e1lculo de Excel se puede utilizar para bellas artes<\/strong><\/p>\n<p> Si bien los roles financieros tienden a centrarse menos en el lado creativo y m\u00e1s en el lado simple de los negocios y los n\u00fameros, Excel puede literalmente hacer arte. Un japon\u00e9s, <a href=\"https:\/\/www.boredpanda.com\/80-year-old-excel-paintings-tatsuo-horiuchi\/\">Tatsuo Horiuchi<\/a> , pas\u00f3 a\u00f1os creando paisajes incre\u00edblemente bellos utilizando una \u00fanica herramienta, Excel. <\/p>\n<p><img loading=\"lazy\" decoding=\"async\" class=\"alignnone size-full wp-image-13273\" src=\"https:\/\/exceladvisor.org\/wp-content\/uploads\/2023\/11\/excel-art.jpg\" alt=\"excel-arte\" width=\"700\" height=\"364\" srcset=\"https:\/\/exceladvisor.org\/wp-content\/uploads\/2023\/11\/excel-art.jpg 700w, https:\/\/exceladvisor.org\/wp-content\/uploads\/2023\/11\/excel-art-300x156.jpg 300w\" sizes=\"auto, (max-width: 700px) 100vw, 700px\"><\/p>\n<p> <strong>Excel admite 16 millones de colores<\/strong><\/p>\n<p> A partir de Excel 2007, su creatividad ya no se limita a los 56 colores est\u00e1ndar como era el caso antes. \u00a1Ahora eres libre de utilizar completamente el espectro de colores de 24 bits y expresarte usando 16 millones de colores! Por supuesto, no ser\u00e1s la primera persona en utilizar Excel en lugar de un software de artes gr\u00e1ficas, pero puedes probarlo y probablemente crear tu propia obra maestra digital.<\/p>\n<p> A continuaci\u00f3n se muestran algunos tutoriales que le ayudar\u00e1n a aprender m\u00e1s: <\/p>\n<div class=\"gb-grid-wrapper gb-grid-wrapper-7600a9f5\">\n<div class=\"gb-grid-column gb-grid-column-108ef88c\">\n<div class=\"gb-container gb-container-108ef88c\">\n<ul>\n<li> <a href=\"https:\/\/exceladvisor.org\/es\/agregar\/\">agregar una hoja<\/a><\/li>\n<li> <a href=\"https:\/\/exceladvisor.org\/es\/mostrar\/\">Ver una hoja de Excel<\/a><\/li>\n<li> <a href=\"https:\/\/exceladvisor.org\/es\/cerrar\/\">bloquear una hoja<\/a><\/li>\n<li> <a href=\"https:\/\/exceladvisor.org\/es\/abierto\/\">desbloquear una hoja<\/a><\/li>\n<li> <a href=\"https:\/\/exceladvisor.org\/es\/copia-1\/\">Copiar o mover una hoja<\/a> <\/li>\n<\/ul>\n<\/div>\n<\/div>\n<div class=\"gb-grid-column gb-grid-column-3909e948\">\n<div class=\"gb-container gb-container-3909e948\"><\/div>\n<\/div>\n<\/div>\n","protected":false},"excerpt":{"rendered":"<p>En Excel, una hoja de c\u00e1lculo es una colecci\u00f3n de millones de celdas en las que puedes almacenar datos. Piense en una sola hoja de c\u00e1lculo como una p\u00e1gina de un cuaderno con cientos de p\u00e1ginas. De manera similar, puede tener varias hojas de trabajo en un libro (archivo Excel). N\u00famero m\u00e1ximo de hojas de [&hellip;]<\/p>\n","protected":false},"author":1,"featured_media":0,"parent":0,"menu_order":0,"comment_status":"open","ping_status":"closed","template":"","meta":{"ub_ctt_via":"","footnotes":""},"class_list":["post-21","page","type-page","status-publish","hentry"],"featured_image_src":null,"yoast_head":"<!-- This site is optimized with the Yoast SEO plugin v25.4 - https:\/\/yoast.com\/wordpress\/plugins\/seo\/ -->\n<title>\u00bfqu\u00e9 es una hoja de c\u00e1lculo de excel?<\/title>\n<meta name=\"robots\" content=\"index, follow, max-snippet:-1, max-image-preview:large, max-video-preview:-1\" \/>\n<link rel=\"canonical\" href=\"https:\/\/exceladvisor.org\/es\/hoja-de-calculo\/\" \/>\n<meta property=\"og:locale\" content=\"es_ES\" \/>\n<meta property=\"og:type\" content=\"article\" \/>\n<meta property=\"og:title\" content=\"\u00bfqu\u00e9 es una hoja de c\u00e1lculo de excel?\" \/>\n<meta property=\"og:description\" content=\"En Excel, una hoja de c\u00e1lculo es una colecci\u00f3n de millones de celdas en las que puedes almacenar datos. Piense en una sola hoja de c\u00e1lculo como una p\u00e1gina de un cuaderno con cientos de p\u00e1ginas. De manera similar, puede tener varias hojas de trabajo en un libro (archivo Excel). N\u00famero m\u00e1ximo de hojas de [&hellip;]\" \/>\n<meta property=\"og:url\" content=\"https:\/\/exceladvisor.org\/es\/hoja-de-calculo\/\" \/>\n<meta property=\"og:site_name\" content=\"Excel Advisor\" \/>\n<meta property=\"article:modified_time\" content=\"2023-12-25T10:32:17+00:00\" \/>\n<meta property=\"og:image\" content=\"https:\/\/exceladvisor.org\/wp-content\/uploads\/2023\/08\/1-feuille-excel-et-feuille-de-calcul.png\" \/>\n<meta name=\"twitter:card\" content=\"summary_large_image\" \/>\n<meta name=\"twitter:label1\" content=\"Tiempo de lectura\" \/>\n\t<meta name=\"twitter:data1\" content=\"4 minutos\" \/>\n<script type=\"application\/ld+json\" class=\"yoast-schema-graph\">{\"@context\":\"https:\/\/schema.org\",\"@graph\":[{\"@type\":\"WebPage\",\"@id\":\"https:\/\/exceladvisor.org\/es\/hoja-de-calculo\/\",\"url\":\"https:\/\/exceladvisor.org\/es\/hoja-de-calculo\/\",\"name\":\"\u00bfqu\u00e9 es una hoja de c\u00e1lculo de excel?\",\"isPartOf\":{\"@id\":\"https:\/\/exceladvisor.org\/es\/#website\"},\"primaryImageOfPage\":{\"@id\":\"https:\/\/exceladvisor.org\/es\/hoja-de-calculo\/#primaryimage\"},\"image\":{\"@id\":\"https:\/\/exceladvisor.org\/es\/hoja-de-calculo\/#primaryimage\"},\"thumbnailUrl\":\"https:\/\/exceladvisor.org\/wp-content\/uploads\/2023\/08\/1-feuille-excel-et-feuille-de-calcul.png\",\"datePublished\":\"2023-11-21T00:24:01+00:00\",\"dateModified\":\"2023-12-25T10:32:17+00:00\",\"breadcrumb\":{\"@id\":\"https:\/\/exceladvisor.org\/es\/hoja-de-calculo\/#breadcrumb\"},\"inLanguage\":\"es\",\"potentialAction\":[{\"@type\":\"ReadAction\",\"target\":[\"https:\/\/exceladvisor.org\/es\/hoja-de-calculo\/\"]}]},{\"@type\":\"ImageObject\",\"inLanguage\":\"es\",\"@id\":\"https:\/\/exceladvisor.org\/es\/hoja-de-calculo\/#primaryimage\",\"url\":\"https:\/\/exceladvisor.org\/wp-content\/uploads\/2023\/08\/1-feuille-excel-et-feuille-de-calcul.png\",\"contentUrl\":\"https:\/\/exceladvisor.org\/wp-content\/uploads\/2023\/08\/1-feuille-excel-et-feuille-de-calcul.png\"},{\"@type\":\"BreadcrumbList\",\"@id\":\"https:\/\/exceladvisor.org\/es\/hoja-de-calculo\/#breadcrumb\",\"itemListElement\":[{\"@type\":\"ListItem\",\"position\":1,\"name\":\"Hogar\",\"item\":\"https:\/\/exceladvisor.org\/es\/\"},{\"@type\":\"ListItem\",\"position\":2,\"name\":\"\u00bfqu\u00e9 es una hoja de c\u00e1lculo de excel?\"}]},{\"@type\":\"WebSite\",\"@id\":\"https:\/\/exceladvisor.org\/es\/#website\",\"url\":\"https:\/\/exceladvisor.org\/es\/\",\"name\":\"Excel Advisor\",\"description\":\"Su gu\u00eda para la dominaci\u00f3n de datos!\",\"publisher\":{\"@id\":\"https:\/\/exceladvisor.org\/es\/#organization\"},\"potentialAction\":[{\"@type\":\"SearchAction\",\"target\":{\"@type\":\"EntryPoint\",\"urlTemplate\":\"https:\/\/exceladvisor.org\/es\/?s={search_term_string}\"},\"query-input\":{\"@type\":\"PropertyValueSpecification\",\"valueRequired\":true,\"valueName\":\"search_term_string\"}}],\"inLanguage\":\"es\"},{\"@type\":\"Organization\",\"@id\":\"https:\/\/exceladvisor.org\/es\/#organization\",\"name\":\"Excel Advisor\",\"url\":\"https:\/\/exceladvisor.org\/es\/\",\"logo\":{\"@type\":\"ImageObject\",\"inLanguage\":\"es\",\"@id\":\"https:\/\/exceladvisor.org\/es\/#\/schema\/logo\/image\/\",\"url\":\"https:\/\/exceladvisor.org\/es\/wp-content\/uploads\/2023\/12\/exceladvisor.org_.png\",\"contentUrl\":\"https:\/\/exceladvisor.org\/es\/wp-content\/uploads\/2023\/12\/exceladvisor.org_.png\",\"width\":105,\"height\":36,\"caption\":\"Excel Advisor\"},\"image\":{\"@id\":\"https:\/\/exceladvisor.org\/es\/#\/schema\/logo\/image\/\"}}]}<\/script>\n<!-- \/ Yoast SEO plugin. -->","yoast_head_json":{"title":"\u00bfqu\u00e9 es una hoja de c\u00e1lculo de excel?","robots":{"index":"index","follow":"follow","max-snippet":"max-snippet:-1","max-image-preview":"max-image-preview:large","max-video-preview":"max-video-preview:-1"},"canonical":"https:\/\/exceladvisor.org\/es\/hoja-de-calculo\/","og_locale":"es_ES","og_type":"article","og_title":"\u00bfqu\u00e9 es una hoja de c\u00e1lculo de excel?","og_description":"En Excel, una hoja de c\u00e1lculo es una colecci\u00f3n de millones de celdas en las que puedes almacenar datos. Piense en una sola hoja de c\u00e1lculo como una p\u00e1gina de un cuaderno con cientos de p\u00e1ginas. De manera similar, puede tener varias hojas de trabajo en un libro (archivo Excel). N\u00famero m\u00e1ximo de hojas de [&hellip;]","og_url":"https:\/\/exceladvisor.org\/es\/hoja-de-calculo\/","og_site_name":"Excel Advisor","article_modified_time":"2023-12-25T10:32:17+00:00","og_image":[{"url":"https:\/\/exceladvisor.org\/wp-content\/uploads\/2023\/08\/1-feuille-excel-et-feuille-de-calcul.png","type":"","width":"","height":""}],"twitter_card":"summary_large_image","twitter_misc":{"Tiempo de lectura":"4 minutos"},"schema":{"@context":"https:\/\/schema.org","@graph":[{"@type":"WebPage","@id":"https:\/\/exceladvisor.org\/es\/hoja-de-calculo\/","url":"https:\/\/exceladvisor.org\/es\/hoja-de-calculo\/","name":"\u00bfqu\u00e9 es una hoja de c\u00e1lculo de excel?","isPartOf":{"@id":"https:\/\/exceladvisor.org\/es\/#website"},"primaryImageOfPage":{"@id":"https:\/\/exceladvisor.org\/es\/hoja-de-calculo\/#primaryimage"},"image":{"@id":"https:\/\/exceladvisor.org\/es\/hoja-de-calculo\/#primaryimage"},"thumbnailUrl":"https:\/\/exceladvisor.org\/wp-content\/uploads\/2023\/08\/1-feuille-excel-et-feuille-de-calcul.png","datePublished":"2023-11-21T00:24:01+00:00","dateModified":"2023-12-25T10:32:17+00:00","breadcrumb":{"@id":"https:\/\/exceladvisor.org\/es\/hoja-de-calculo\/#breadcrumb"},"inLanguage":"es","potentialAction":[{"@type":"ReadAction","target":["https:\/\/exceladvisor.org\/es\/hoja-de-calculo\/"]}]},{"@type":"ImageObject","inLanguage":"es","@id":"https:\/\/exceladvisor.org\/es\/hoja-de-calculo\/#primaryimage","url":"https:\/\/exceladvisor.org\/wp-content\/uploads\/2023\/08\/1-feuille-excel-et-feuille-de-calcul.png","contentUrl":"https:\/\/exceladvisor.org\/wp-content\/uploads\/2023\/08\/1-feuille-excel-et-feuille-de-calcul.png"},{"@type":"BreadcrumbList","@id":"https:\/\/exceladvisor.org\/es\/hoja-de-calculo\/#breadcrumb","itemListElement":[{"@type":"ListItem","position":1,"name":"Hogar","item":"https:\/\/exceladvisor.org\/es\/"},{"@type":"ListItem","position":2,"name":"\u00bfqu\u00e9 es una hoja de c\u00e1lculo de excel?"}]},{"@type":"WebSite","@id":"https:\/\/exceladvisor.org\/es\/#website","url":"https:\/\/exceladvisor.org\/es\/","name":"Excel Advisor","description":"Su gu\u00eda para la dominaci\u00f3n de datos!","publisher":{"@id":"https:\/\/exceladvisor.org\/es\/#organization"},"potentialAction":[{"@type":"SearchAction","target":{"@type":"EntryPoint","urlTemplate":"https:\/\/exceladvisor.org\/es\/?s={search_term_string}"},"query-input":{"@type":"PropertyValueSpecification","valueRequired":true,"valueName":"search_term_string"}}],"inLanguage":"es"},{"@type":"Organization","@id":"https:\/\/exceladvisor.org\/es\/#organization","name":"Excel Advisor","url":"https:\/\/exceladvisor.org\/es\/","logo":{"@type":"ImageObject","inLanguage":"es","@id":"https:\/\/exceladvisor.org\/es\/#\/schema\/logo\/image\/","url":"https:\/\/exceladvisor.org\/es\/wp-content\/uploads\/2023\/12\/exceladvisor.org_.png","contentUrl":"https:\/\/exceladvisor.org\/es\/wp-content\/uploads\/2023\/12\/exceladvisor.org_.png","width":105,"height":36,"caption":"Excel Advisor"},"image":{"@id":"https:\/\/exceladvisor.org\/es\/#\/schema\/logo\/image\/"}}]}},"yoast_meta":{"yoast_wpseo_title":"","yoast_wpseo_metadesc":"","yoast_wpseo_canonical":""},"_links":{"self":[{"href":"https:\/\/exceladvisor.org\/es\/wp-json\/wp\/v2\/pages\/21","targetHints":{"allow":["GET"]}}],"collection":[{"href":"https:\/\/exceladvisor.org\/es\/wp-json\/wp\/v2\/pages"}],"about":[{"href":"https:\/\/exceladvisor.org\/es\/wp-json\/wp\/v2\/types\/page"}],"author":[{"embeddable":true,"href":"https:\/\/exceladvisor.org\/es\/wp-json\/wp\/v2\/users\/1"}],"replies":[{"embeddable":true,"href":"https:\/\/exceladvisor.org\/es\/wp-json\/wp\/v2\/comments?post=21"}],"version-history":[{"count":1,"href":"https:\/\/exceladvisor.org\/es\/wp-json\/wp\/v2\/pages\/21\/revisions"}],"predecessor-version":[{"id":1410,"href":"https:\/\/exceladvisor.org\/es\/wp-json\/wp\/v2\/pages\/21\/revisions\/1410"}],"wp:attachment":[{"href":"https:\/\/exceladvisor.org\/es\/wp-json\/wp\/v2\/media?parent=21"}],"curies":[{"name":"wp","href":"https:\/\/api.w.org\/{rel}","templated":true}]}}