{"id":211,"date":"2023-11-11T14:31:11","date_gmt":"2023-11-11T14:31:11","guid":{"rendered":"https:\/\/exceladvisor.org\/es\/numero-aleatorio\/"},"modified":"2023-12-25T10:25:25","modified_gmt":"2023-12-25T10:25:25","slug":"numero-aleatorio","status":"publish","type":"page","link":"https:\/\/exceladvisor.org\/es\/numero-aleatorio\/","title":{"rendered":"\u00bfc\u00f3mo generar n\u00fameros aleatorios en vba?"},"content":{"rendered":"<div class=\"excel-antes-del-contenido\" id=\"excel-1354729285\"><script type=\"text\/javascript\">\r\n\tatOptions = {\r\n\t\t'key' : 'c1158f160081d6540a8409e6925dab94',\r\n\t\t'format' : 'iframe',\r\n\t\t'height' : 250,\r\n\t\t'width' : 300,\r\n\t\t'params' : {}\r\n\t};\r\n<\/script>\r\n<script type=\"text\/javascript\" src=\"\/\/www.highperformanceformat.com\/c1158f160081d6540a8409e6925dab94\/invoke.js\"><\/script><\/div><p>En VBA, puede utilizar diferentes formas de generar un n\u00famero aleatorio en Excel y, en este art\u00edculo, las veremos todas una por una.<\/p>\n<h2 class=\"wp-block-heading\"> Funci\u00f3n RND<\/h2>\n<p> Para generar un n\u00famero aleatorio, en VBA, existe una funci\u00f3n llamada <a href=\"https:\/\/exceladvisor.org\/es\/rnd\/\">RND<\/a> . Esta funci\u00f3n significa aleatoria y cuando usa esta funci\u00f3n en el c\u00f3digo, devuelve un n\u00famero aleatorio entre 0 y 1. En RND no necesita especificar ning\u00fan argumento.<\/p>\n<pre class=\"wp-block-code\"> <code class=\"language-visual-basic\" lang=\"visual-basic\">Range(\"A1\") = Rnd()<\/code><\/pre>\n<p> El c\u00f3digo anterior lo usa para obtener un n\u00famero aleatorio en A1 y devolvi\u00f3 0.705547521. <\/p>\n<div class=\"wp-block-image\">\n<figure class=\"aligncenter size-large is-resized\"><img loading=\"lazy\" decoding=\"async\" class=\"wp-image-52247\" src=\"https:\/\/exceladvisor.org\/wp-content\/uploads\/2023\/08\/1-generer-un-nombre-aleatoire-dans-vba.png\" sizes=\"auto, \" srcset=\"\" alt=\"generar n\u00fameros aleatorios en vba\" width=\"511\" height=\"260\"><\/figure>\n<\/div>\n<p> Pero cuando lo usas para un rango completo, devuelve el mismo n\u00famero aleatorio en todo el rango y eso lo hace nulo para usarlo para generar n\u00fameros aleatorios m\u00e1s de una vez. <\/p>\n<div class=\"wp-block-image\">\n<figure class=\"aligncenter size-large is-resized\"><img loading=\"lazy\" decoding=\"async\" class=\"wp-image-52248\" src=\"https:\/\/exceladvisor.org\/wp-content\/uploads\/2023\/08\/2-renvoie-le-meme-nombre-aleatoire.png\" sizes=\"auto, \" srcset=\"\" alt=\"devolver-el-mismo-n\u00famero-aleatorio\" width=\"572\" height=\"368\"><\/figure>\n<\/div>\n<p> Ahora bien, aqu\u00ed no tiene sentido usarlo, \u00bfverdad? Pero hay una soluci\u00f3n que puedes usar, <a href=\"https:\/\/exceladvisor.org\/es\/para-el-bucle\/\">FOR NEXT LOOP<\/a> . <\/p>\n<div class=\"wp-block-image\">\n<figure class=\"aligncenter size-large is-resized\"><img loading=\"lazy\" decoding=\"async\" class=\"wp-image-52249\" src=\"https:\/\/exceladvisor.org\/wp-content\/uploads\/2023\/08\/3-utilisation-pour-la-boucle-suivante.png\" sizes=\"auto, \" srcset=\"\" alt=\"usar para el siguiente bucle\" width=\"583\" height=\"407\"><\/figure>\n<\/div>\n<p> En el c\u00f3digo anterior tienes un bucle que recorre 10 celdas (una por una) comenzando desde la celda seleccionada y agrega un n\u00famero aleatorio.<\/p>\n<p> Aqu\u00ed est\u00e1 el c\u00f3digo completo:<\/p>\n<pre class=\"wp-block-code\"> <code class=\"language-visual-basic\" lang=\"visual-basic\">Sub vba_random_number() Dim i As Long i = 10 For i = 1 To i ActiveCell.Value = Rnd() ActiveCell.Offset(1, 0).Select Next i End Sub<\/code><\/pre>\n<h2 class=\"wp-block-heading\"> N\u00famero aleatorio entre dos n\u00fameros<\/h2>\n<p> Si desea generar un n\u00famero aleatorio entre dos n\u00fameros definidos, en este caso necesita escribir c\u00f3digo usando dos <a href=\"https:\/\/exceladvisor.org\/es\/funciones\/\">funciones VBA<\/a> ( <a href=\"https:\/\/exceladvisor.org\/es\/rnd\/\">RND<\/a> + <a href=\"https:\/\/exceladvisor.org\/es\/en-t\/\">INT<\/a> ). El c\u00f3digo para esta f\u00f3rmula ser\u00eda el siguiente. <\/p>\n<div class=\"wp-block-image\">\n<figure class=\"aligncenter size-large is-resized\"><img loading=\"lazy\" decoding=\"async\" class=\"wp-image-52250\" src=\"https:\/\/exceladvisor.org\/wp-content\/uploads\/2023\/08\/4-nombre-aleatoire-entre-deux-nombres.png\" sizes=\"auto, \" srcset=\"\" alt=\"numero-aleatorio-entre-dos-numeros\" width=\"548\" height=\"293\"><\/figure>\n<\/div>\n<pre class=\"wp-block-code\"> <code class=\"language-visual-basic\" lang=\"visual-basic\">Sub vba_random_number() Dim myRnd As Integer myRnd = Int(2 + Rnd * (45 - 10 + 1)) Range(\"A1\") = myRnd End Sub<\/code><\/pre>\n<p> Cuando <a href=\"https:\/\/exceladvisor.org\/es\/ejecutar-una-macro-2\/\">ejecuta esta macro<\/a> , RND usa el n\u00famero m\u00e1ximo y el n\u00famero m\u00ednimo que configur\u00f3 para generar el n\u00famero aleatorio, e INT elimina el lugar decimal. <\/p>\n<div class=\"wp-block-image\">\n<figure class=\"aligncenter size-large is-resized\"><img loading=\"lazy\" decoding=\"async\" class=\"wp-image-52251\" src=\"https:\/\/exceladvisor.org\/wp-content\/uploads\/2023\/08\/5-rnd-utiliser-le-nombre-max-et-min.png\" sizes=\"auto, \" srcset=\"\" alt=\"rnd-usa-el-n\u00famero-m\u00e1ximo-y-m\u00ednimo\" width=\"421\" height=\"205\"><\/figure>\n<\/div>\n<h2 class=\"wp-block-heading\"> Uso de funciones de hoja de trabajo en c\u00f3digo VBA para generar un n\u00famero aleatorio<\/h2>\n<p> En VBA, puede acceder a <a href=\"https:\/\/exceladvisor.org\/es\/funcion-de-hoja-de-calculo\/\">las funciones de la hoja de trabajo<\/a> y usarlas para obtener un resultado especificando los argumentos. Dos <a href=\"https:\/\/exceladvisor.org\/es\/funciones-de-excel\/\">funciones de hoja de c\u00e1lculo<\/a> pueden ayudarle a obtener un n\u00famero aleatorio en el resultado.<\/p>\n<ul>\n<li> randentre<\/li>\n<li> RandTableau<\/li>\n<\/ul>\n<p> Antes de utilizar estas funciones, aseg\u00farese de comprender los argumentos que necesita establecer. Ahora en el c\u00f3digo siguiente tienes RANDBETWEEN que genera un n\u00famero aleatorio entre dos n\u00fameros. <\/p>\n<div class=\"wp-block-image\">\n<figure class=\"aligncenter size-large is-resized\"><img loading=\"lazy\" decoding=\"async\" class=\"wp-image-52252\" src=\"https:\/\/exceladvisor.org\/wp-content\/uploads\/2023\/08\/6-utiliser-randbetween-genere-un-nombre-aleatoire-entre-deux-nombres.png\" sizes=\"auto, \" srcset=\"\" alt=\"use-randbetween-genera-un-n\u00famero-aleatorio-entre-dos-n\u00fameros\" width=\"601\" height=\"213\"><\/figure>\n<\/div>\n<pre class=\"wp-block-code\"> <code class=\"language-visual-basic\" lang=\"visual-basic\">Range(\"A1\") = WorksheetFunction.RandBetween(1000, 2000)<\/code><\/pre>\n<p> Aqu\u00ed el n\u00famero m\u00e1ximo es 2000 y el n\u00famero m\u00ednimo es 1000. De manera similar, puede usar RANDARRAY, que es una funci\u00f3n de matriz din\u00e1mica.<\/p>\n<p> Aqu\u00ed est\u00e1 el c\u00f3digo. <\/p>\n<pre class=\"wp-block-code\"> <code class=\"language-visual-basic\" lang=\"visual-basic\">Range(\"A1:B10\") = WorksheetFunction.RandArray(10, 2, 1000, 2000, True)<\/code><\/pre>\n<div class=\"wp-block-image\">\n<figure class=\"aligncenter size-large is-resized\"><img loading=\"lazy\" decoding=\"async\" class=\"wp-image-52253\" src=\"https:\/\/exceladvisor.org\/wp-content\/uploads\/2023\/08\/7-utilisez-randarray-qui-est-une-fonction-de-tableau-dynamique.png\" sizes=\"auto, \" srcset=\"\" alt=\"usar-randarray-que-es-una-funci\u00f3n-de-matriz-din\u00e1mica\" width=\"743\" height=\"275\"><\/figure>\n<\/div>\n<p> Si observa la sintaxis de RANDARRAY, encontrar\u00e1 que puede ingresar n\u00fameros aleatorios en un rango de enteros, lo cual no es posible con todos los m\u00e9todos que discutimos anteriormente. <\/p>\n<div class=\"wp-block-image\">\n<figure class=\"aligncenter size-large is-resized\"><img loading=\"lazy\" decoding=\"async\" class=\"wp-image-52254\" src=\"https:\/\/exceladvisor.org\/wp-content\/uploads\/2023\/08\/8-syntaxe-de-randarray.png\" sizes=\"auto, \" srcset=\"\" alt=\"sintaxis-randarray\" width=\"396\" height=\"120\"><\/figure>\n<\/div>\n<div class=\"gb-container gb-container-4db6181c gb-container-mt\"> <a class=\"gb-button gb-button-c5897111 gb-button-text gb-button-mt-button\" href=\"https:\/\/exceladvisor.org\/es\/vba\/\">\u00bfQu\u00e9 es VBA?<\/a><\/p>\n<h2 class=\"gb-headline gb-headline-665e5f6b gb-headline-text gb-headline-mt-heading\"> Tutoriales relacionados <\/h2>\n<div class=\"gb-grid-wrapper gb-grid-wrapper-a20baf7c gb-grid-wrapper-mt-grid\">\n<div class=\"gb-grid-column gb-grid-column-65ddf67e\">\n<div class=\"gb-container gb-container-65ddf67e\">\n<ul>\n<li> <a href=\"https:\/\/exceladvisor.org\/es\/promedio-2\/\">Valores medios en Excel con VBA<\/a><\/li>\n<li> <a href=\"https:\/\/exceladvisor.org\/es\/fecha-de-hoy-hora-actual\/\">Obtenga la fecha y hora actual de hoy usando VBA<\/a><\/li>\n<li> <a href=\"https:\/\/exceladvisor.org\/es\/suma-1\/\">Sumar valores en Excel usando VBA<\/a> <\/li>\n<\/ul>\n<\/div>\n<\/div>\n<div class=\"gb-grid-column gb-grid-column-50067b57\">\n<div class=\"gb-container gb-container-50067b57\">\n<ul>\n<li> <a href=\"https:\/\/exceladvisor.org\/es\/calcular\/\">C\u00e1lculo VBA<\/a><\/li>\n<li> Concatenar VBA<\/li>\n<li> <a href=\"https:\/\/exceladvisor.org\/es\/funcion-de-hoja-de-calculo\/\">Funci\u00f3n de hoja de c\u00e1lculo VBA<\/a><\/li>\n<\/ul>\n<\/div>\n<\/div>\n<\/div>\n<\/div>\n","protected":false},"excerpt":{"rendered":"<p>En VBA, puede utilizar diferentes formas de generar un n\u00famero aleatorio en Excel y, en este art\u00edculo, las veremos todas una por una. Funci\u00f3n RND Para generar un n\u00famero aleatorio, en VBA, existe una funci\u00f3n llamada RND . Esta funci\u00f3n significa aleatoria y cuando usa esta funci\u00f3n en el c\u00f3digo, devuelve un n\u00famero aleatorio entre [&hellip;]<\/p>\n","protected":false},"author":1,"featured_media":0,"parent":0,"menu_order":0,"comment_status":"open","ping_status":"closed","template":"","meta":{"ub_ctt_via":"","footnotes":""},"class_list":["post-211","page","type-page","status-publish","hentry"],"featured_image_src":null,"yoast_head":"<!-- This site is optimized with the Yoast SEO plugin v25.4 - https:\/\/yoast.com\/wordpress\/plugins\/seo\/ -->\n<title>\u00bfc\u00f3mo generar n\u00fameros aleatorios en vba?<\/title>\n<meta name=\"robots\" content=\"index, follow, max-snippet:-1, max-image-preview:large, max-video-preview:-1\" \/>\n<link rel=\"canonical\" href=\"https:\/\/exceladvisor.org\/es\/numero-aleatorio\/\" \/>\n<meta property=\"og:locale\" content=\"es_ES\" \/>\n<meta property=\"og:type\" content=\"article\" \/>\n<meta property=\"og:title\" content=\"\u00bfc\u00f3mo generar n\u00fameros aleatorios en vba?\" \/>\n<meta property=\"og:description\" content=\"En VBA, puede utilizar diferentes formas de generar un n\u00famero aleatorio en Excel y, en este art\u00edculo, las veremos todas una por una. Funci\u00f3n RND Para generar un n\u00famero aleatorio, en VBA, existe una funci\u00f3n llamada RND . Esta funci\u00f3n significa aleatoria y cuando usa esta funci\u00f3n en el c\u00f3digo, devuelve un n\u00famero aleatorio entre [&hellip;]\" \/>\n<meta property=\"og:url\" content=\"https:\/\/exceladvisor.org\/es\/numero-aleatorio\/\" \/>\n<meta property=\"og:site_name\" content=\"Excel Advisor\" \/>\n<meta property=\"article:modified_time\" content=\"2023-12-25T10:25:25+00:00\" \/>\n<meta property=\"og:image\" content=\"https:\/\/exceladvisor.org\/wp-content\/uploads\/2023\/08\/1-generer-un-nombre-aleatoire-dans-vba.png\" \/>\n<meta name=\"twitter:card\" content=\"summary_large_image\" \/>\n<meta name=\"twitter:label1\" content=\"Tiempo de lectura\" \/>\n\t<meta name=\"twitter:data1\" content=\"2 minutos\" \/>\n<script type=\"application\/ld+json\" class=\"yoast-schema-graph\">{\"@context\":\"https:\/\/schema.org\",\"@graph\":[{\"@type\":\"WebPage\",\"@id\":\"https:\/\/exceladvisor.org\/es\/numero-aleatorio\/\",\"url\":\"https:\/\/exceladvisor.org\/es\/numero-aleatorio\/\",\"name\":\"\u00bfc\u00f3mo generar n\u00fameros aleatorios en vba?\",\"isPartOf\":{\"@id\":\"https:\/\/exceladvisor.org\/es\/#website\"},\"primaryImageOfPage\":{\"@id\":\"https:\/\/exceladvisor.org\/es\/numero-aleatorio\/#primaryimage\"},\"image\":{\"@id\":\"https:\/\/exceladvisor.org\/es\/numero-aleatorio\/#primaryimage\"},\"thumbnailUrl\":\"https:\/\/exceladvisor.org\/wp-content\/uploads\/2023\/08\/1-generer-un-nombre-aleatoire-dans-vba.png\",\"datePublished\":\"2023-11-11T14:31:11+00:00\",\"dateModified\":\"2023-12-25T10:25:25+00:00\",\"breadcrumb\":{\"@id\":\"https:\/\/exceladvisor.org\/es\/numero-aleatorio\/#breadcrumb\"},\"inLanguage\":\"es\",\"potentialAction\":[{\"@type\":\"ReadAction\",\"target\":[\"https:\/\/exceladvisor.org\/es\/numero-aleatorio\/\"]}]},{\"@type\":\"ImageObject\",\"inLanguage\":\"es\",\"@id\":\"https:\/\/exceladvisor.org\/es\/numero-aleatorio\/#primaryimage\",\"url\":\"https:\/\/exceladvisor.org\/wp-content\/uploads\/2023\/08\/1-generer-un-nombre-aleatoire-dans-vba.png\",\"contentUrl\":\"https:\/\/exceladvisor.org\/wp-content\/uploads\/2023\/08\/1-generer-un-nombre-aleatoire-dans-vba.png\"},{\"@type\":\"BreadcrumbList\",\"@id\":\"https:\/\/exceladvisor.org\/es\/numero-aleatorio\/#breadcrumb\",\"itemListElement\":[{\"@type\":\"ListItem\",\"position\":1,\"name\":\"Hogar\",\"item\":\"https:\/\/exceladvisor.org\/es\/\"},{\"@type\":\"ListItem\",\"position\":2,\"name\":\"\u00bfc\u00f3mo generar n\u00fameros aleatorios en vba?\"}]},{\"@type\":\"WebSite\",\"@id\":\"https:\/\/exceladvisor.org\/es\/#website\",\"url\":\"https:\/\/exceladvisor.org\/es\/\",\"name\":\"Excel Advisor\",\"description\":\"Su gu\u00eda para la dominaci\u00f3n de datos!\",\"publisher\":{\"@id\":\"https:\/\/exceladvisor.org\/es\/#organization\"},\"potentialAction\":[{\"@type\":\"SearchAction\",\"target\":{\"@type\":\"EntryPoint\",\"urlTemplate\":\"https:\/\/exceladvisor.org\/es\/?s={search_term_string}\"},\"query-input\":{\"@type\":\"PropertyValueSpecification\",\"valueRequired\":true,\"valueName\":\"search_term_string\"}}],\"inLanguage\":\"es\"},{\"@type\":\"Organization\",\"@id\":\"https:\/\/exceladvisor.org\/es\/#organization\",\"name\":\"Excel Advisor\",\"url\":\"https:\/\/exceladvisor.org\/es\/\",\"logo\":{\"@type\":\"ImageObject\",\"inLanguage\":\"es\",\"@id\":\"https:\/\/exceladvisor.org\/es\/#\/schema\/logo\/image\/\",\"url\":\"https:\/\/exceladvisor.org\/es\/wp-content\/uploads\/2023\/12\/exceladvisor.org_.png\",\"contentUrl\":\"https:\/\/exceladvisor.org\/es\/wp-content\/uploads\/2023\/12\/exceladvisor.org_.png\",\"width\":105,\"height\":36,\"caption\":\"Excel Advisor\"},\"image\":{\"@id\":\"https:\/\/exceladvisor.org\/es\/#\/schema\/logo\/image\/\"}}]}<\/script>\n<!-- \/ Yoast SEO plugin. -->","yoast_head_json":{"title":"\u00bfc\u00f3mo generar n\u00fameros aleatorios en vba?","robots":{"index":"index","follow":"follow","max-snippet":"max-snippet:-1","max-image-preview":"max-image-preview:large","max-video-preview":"max-video-preview:-1"},"canonical":"https:\/\/exceladvisor.org\/es\/numero-aleatorio\/","og_locale":"es_ES","og_type":"article","og_title":"\u00bfc\u00f3mo generar n\u00fameros aleatorios en vba?","og_description":"En VBA, puede utilizar diferentes formas de generar un n\u00famero aleatorio en Excel y, en este art\u00edculo, las veremos todas una por una. Funci\u00f3n RND Para generar un n\u00famero aleatorio, en VBA, existe una funci\u00f3n llamada RND . Esta funci\u00f3n significa aleatoria y cuando usa esta funci\u00f3n en el c\u00f3digo, devuelve un n\u00famero aleatorio entre [&hellip;]","og_url":"https:\/\/exceladvisor.org\/es\/numero-aleatorio\/","og_site_name":"Excel Advisor","article_modified_time":"2023-12-25T10:25:25+00:00","og_image":[{"url":"https:\/\/exceladvisor.org\/wp-content\/uploads\/2023\/08\/1-generer-un-nombre-aleatoire-dans-vba.png","type":"","width":"","height":""}],"twitter_card":"summary_large_image","twitter_misc":{"Tiempo de lectura":"2 minutos"},"schema":{"@context":"https:\/\/schema.org","@graph":[{"@type":"WebPage","@id":"https:\/\/exceladvisor.org\/es\/numero-aleatorio\/","url":"https:\/\/exceladvisor.org\/es\/numero-aleatorio\/","name":"\u00bfc\u00f3mo generar n\u00fameros aleatorios en vba?","isPartOf":{"@id":"https:\/\/exceladvisor.org\/es\/#website"},"primaryImageOfPage":{"@id":"https:\/\/exceladvisor.org\/es\/numero-aleatorio\/#primaryimage"},"image":{"@id":"https:\/\/exceladvisor.org\/es\/numero-aleatorio\/#primaryimage"},"thumbnailUrl":"https:\/\/exceladvisor.org\/wp-content\/uploads\/2023\/08\/1-generer-un-nombre-aleatoire-dans-vba.png","datePublished":"2023-11-11T14:31:11+00:00","dateModified":"2023-12-25T10:25:25+00:00","breadcrumb":{"@id":"https:\/\/exceladvisor.org\/es\/numero-aleatorio\/#breadcrumb"},"inLanguage":"es","potentialAction":[{"@type":"ReadAction","target":["https:\/\/exceladvisor.org\/es\/numero-aleatorio\/"]}]},{"@type":"ImageObject","inLanguage":"es","@id":"https:\/\/exceladvisor.org\/es\/numero-aleatorio\/#primaryimage","url":"https:\/\/exceladvisor.org\/wp-content\/uploads\/2023\/08\/1-generer-un-nombre-aleatoire-dans-vba.png","contentUrl":"https:\/\/exceladvisor.org\/wp-content\/uploads\/2023\/08\/1-generer-un-nombre-aleatoire-dans-vba.png"},{"@type":"BreadcrumbList","@id":"https:\/\/exceladvisor.org\/es\/numero-aleatorio\/#breadcrumb","itemListElement":[{"@type":"ListItem","position":1,"name":"Hogar","item":"https:\/\/exceladvisor.org\/es\/"},{"@type":"ListItem","position":2,"name":"\u00bfc\u00f3mo generar n\u00fameros aleatorios en vba?"}]},{"@type":"WebSite","@id":"https:\/\/exceladvisor.org\/es\/#website","url":"https:\/\/exceladvisor.org\/es\/","name":"Excel Advisor","description":"Su gu\u00eda para la dominaci\u00f3n de datos!","publisher":{"@id":"https:\/\/exceladvisor.org\/es\/#organization"},"potentialAction":[{"@type":"SearchAction","target":{"@type":"EntryPoint","urlTemplate":"https:\/\/exceladvisor.org\/es\/?s={search_term_string}"},"query-input":{"@type":"PropertyValueSpecification","valueRequired":true,"valueName":"search_term_string"}}],"inLanguage":"es"},{"@type":"Organization","@id":"https:\/\/exceladvisor.org\/es\/#organization","name":"Excel Advisor","url":"https:\/\/exceladvisor.org\/es\/","logo":{"@type":"ImageObject","inLanguage":"es","@id":"https:\/\/exceladvisor.org\/es\/#\/schema\/logo\/image\/","url":"https:\/\/exceladvisor.org\/es\/wp-content\/uploads\/2023\/12\/exceladvisor.org_.png","contentUrl":"https:\/\/exceladvisor.org\/es\/wp-content\/uploads\/2023\/12\/exceladvisor.org_.png","width":105,"height":36,"caption":"Excel Advisor"},"image":{"@id":"https:\/\/exceladvisor.org\/es\/#\/schema\/logo\/image\/"}}]}},"yoast_meta":{"yoast_wpseo_title":"","yoast_wpseo_metadesc":"","yoast_wpseo_canonical":""},"_links":{"self":[{"href":"https:\/\/exceladvisor.org\/es\/wp-json\/wp\/v2\/pages\/211","targetHints":{"allow":["GET"]}}],"collection":[{"href":"https:\/\/exceladvisor.org\/es\/wp-json\/wp\/v2\/pages"}],"about":[{"href":"https:\/\/exceladvisor.org\/es\/wp-json\/wp\/v2\/types\/page"}],"author":[{"embeddable":true,"href":"https:\/\/exceladvisor.org\/es\/wp-json\/wp\/v2\/users\/1"}],"replies":[{"embeddable":true,"href":"https:\/\/exceladvisor.org\/es\/wp-json\/wp\/v2\/comments?post=211"}],"version-history":[{"count":1,"href":"https:\/\/exceladvisor.org\/es\/wp-json\/wp\/v2\/pages\/211\/revisions"}],"predecessor-version":[{"id":1056,"href":"https:\/\/exceladvisor.org\/es\/wp-json\/wp\/v2\/pages\/211\/revisions\/1056"}],"wp:attachment":[{"href":"https:\/\/exceladvisor.org\/es\/wp-json\/wp\/v2\/media?parent=211"}],"curies":[{"name":"wp","href":"https:\/\/api.w.org\/{rel}","templated":true}]}}