{"id":213,"date":"2023-11-11T12:56:33","date_gmt":"2023-11-11T12:56:33","guid":{"rendered":"https:\/\/exceladvisor.org\/es\/valor-de-la-celda-1\/"},"modified":"2023-12-25T10:33:36","modified_gmt":"2023-12-25T10:33:36","slug":"valor-de-la-celda-1","status":"publish","type":"page","link":"https:\/\/exceladvisor.org\/es\/valor-de-la-celda-1\/","title":{"rendered":"Obtener el valor de una celda en excel"},"content":{"rendered":"<div class=\"excel-antes-del-contenido\" id=\"excel-1721181033\"><script type=\"text\/javascript\">\r\n\tatOptions = {\r\n\t\t'key' : 'c1158f160081d6540a8409e6925dab94',\r\n\t\t'format' : 'iframe',\r\n\t\t'height' : 250,\r\n\t\t'width' : 300,\r\n\t\t'params' : {}\r\n\t};\r\n<\/script>\r\n<script type=\"text\/javascript\" src=\"\/\/www.highperformanceformat.com\/c1158f160081d6540a8409e6925dab94\/invoke.js\"><\/script><\/div><p>Para obtener los valores de una celda en Excel, puedes utilizar dos m\u00e9todos diferentes. En estos m\u00e9todos, es necesario escribir una f\u00f3rmula r\u00e1pida para obtener el valor. En este tutorial, aprenderemos a escribir estas f\u00f3rmulas: <\/p>\n<div class=\"wp-block-image\">\n<figure class=\"aligncenter size-full is-resized\"><img loading=\"lazy\" decoding=\"async\" class=\"wp-image-79843\" src=\"https:\/\/exceladvisor.org\/wp-content\/uploads\/2023\/08\/1-obtenir-la-valeur-dune-cellule.png\" sizes=\"auto, \" srcset=\"\" alt=\"obtener el valor de una celda\" width=\"626\" height=\"391\"><\/figure>\n<\/div>\n<h2 id=\"h-use-index-to-get-the-value-from-a-cell-by-referring-to-a-range\" class=\"wp-block-heading\"> Utilice \u00cdNDICE para obtener el valor de una celda haciendo referencia a un rango<\/h2>\n<p> Si tiene un rango de celdas y desea obtener el valor de una celda en particular en ese rango. Con la funci\u00f3n \u00cdNDICE puede especificar un rango y usar el n\u00famero de \u00edndice y la funci\u00f3n devolver\u00e1 el valor.<\/p>\n<p> En el siguiente ejemplo, tenemos los cuatro valores en el rango A1:A4. Y necesitas obtener los valores de la segunda celda del rango. Para hacer esto, puede usar la funci\u00f3n \u00cdNDICE de la siguiente manera: <\/p>\n<pre class=\"wp-block-code\"> <code class=\"language-excel-formula\" lang=\"excel-formula\">=INDEX(A1:A4,2)<\/code><\/pre>\n<div class=\"wp-block-image\">\n<figure class=\"aligncenter size-full is-resized\"><img loading=\"lazy\" decoding=\"async\" class=\"wp-image-79844\" src=\"https:\/\/exceladvisor.org\/wp-content\/uploads\/2023\/08\/2-fonction-dindex-pour-obtenir-la-valeur.png\" sizes=\"auto, \" srcset=\"\" alt=\"funci\u00f3n-\u00edndice-para-obtener-valor\" width=\"552\" height=\"296\"><\/figure>\n<\/div>\n<p> Una vez que presiona Enter, devuelve el valor \u00abDOS\u00bb de la segunda celda en el rango que es A2.<\/p>\n<h2 id=\"h-use-a-combination-of-indirect-and-address\" class=\"wp-block-heading\"> Utilice una combinaci\u00f3n de INDIRECTO y DIRECCI\u00d3N<\/h2>\n<p> Tambi\u00e9n puedes utilizar la combinaci\u00f3n de las funciones INDIRECTO y DIRECCI\u00d3N:<\/p>\n<ul>\n<li> INDIRECTO: Permite obtener el valor de la celda especificando la direcci\u00f3n de la celda. Puede utilizar los estilos de referencia A1 y R1C1.<\/li>\n<li> DIRECCI\u00d3N: Le permite crear una direcci\u00f3n de celda usando el n\u00famero de fila y columna. <\/li>\n<\/ul>\n<div class=\"wp-block-image\">\n<figure class=\"aligncenter size-full is-resized\"><img loading=\"lazy\" decoding=\"async\" class=\"wp-image-79845\" src=\"https:\/\/exceladvisor.org\/wp-content\/uploads\/2023\/08\/3-combinaison-dindirect-et-dadresse.png\" sizes=\"auto, \" srcset=\"\" alt=\"combinaci\u00f3n-indirecta-y-direcci\u00f3n\" width=\"597\" height=\"309\"><\/figure>\n<\/div>\n<p> Ahora combinemos estas dos funciones:<\/p>\n<ol type=\"1\">\n<li> Primero ingrese la funci\u00f3n indirecta en la celda.<\/li>\n<li> A continuaci\u00f3n, ingrese la funci\u00f3n de direcci\u00f3n.<\/li>\n<li> Ahora en la funci\u00f3n de direcci\u00f3n ingrese el n\u00famero de fila y el n\u00famero de columna.<\/li>\n<li> Al final, cierre la f\u00f3rmula y presione Enter para obtener el resultado.<\/li>\n<\/ol>\n<p> Y una vez que presione Enter, devolver\u00e1 el valor de la celda que est\u00e1 en la segunda fila y la primera columna (A1). <\/p>\n<div class=\"wp-block-image\">\n<figure class=\"aligncenter size-full is-resized\"><img loading=\"lazy\" decoding=\"async\" class=\"wp-image-79846\" src=\"https:\/\/exceladvisor.org\/wp-content\/uploads\/2023\/08\/4-resultat-de-la-fonction-dadresse-indirecte.png\" sizes=\"auto, \" srcset=\"\" alt=\"resultado de la funci\u00f3n de direcci\u00f3n indirecta\" width=\"669\" height=\"307\"><\/figure>\n<\/div>\n<p> Para entender esta f\u00f3rmula, es necesario dividirla en dos partes:<\/p>\n<p> <strong>Primera parte:<\/strong> como vimos anteriormente, DIRECCI\u00d3N crea una direcci\u00f3n de celda basada en el n\u00famero de fila y columna que especific\u00f3. <\/p>\n<div class=\"wp-block-image\">\n<figure class=\"aligncenter size-full is-resized\"><img loading=\"lazy\" decoding=\"async\" class=\"wp-image-79847\" src=\"https:\/\/exceladvisor.org\/wp-content\/uploads\/2023\/08\/5-premiere-partie-dindirect-et-dadresse.png\" sizes=\"auto, \" srcset=\"\" alt=\"primera parte de indirecta y direcci\u00f3n\" width=\"508\" height=\"248\"><\/figure>\n<\/div>\n<p> <strong>Segunda parte:<\/strong> Usando la direcci\u00f3n de celda devuelta por la funci\u00f3n DIRECCI\u00d3N, la funci\u00f3n INDIRECTA devuelve el valor de la celda. <\/p>\n<div class=\"wp-block-image\">\n<figure class=\"aligncenter size-full is-resized\"><img loading=\"lazy\" decoding=\"async\" class=\"wp-image-79848\" src=\"https:\/\/exceladvisor.org\/wp-content\/uploads\/2023\/08\/6-deuxieme-partie-dindirect-et-dadresse.png\" sizes=\"auto, \" srcset=\"\" alt=\"segunda parte de indirecta y direcci\u00f3n\" width=\"416\" height=\"256\"><\/figure>\n<\/div>\n<p class=\"qt-tip\"> <strong>Nota:<\/strong> INDIRECTA es una funci\u00f3n vol\u00e1til, que actualiza su valor cada vez que actualiza algo en su hoja de trabajo. Es bueno tener siempre el valor actualizado de la celda, pero tambi\u00e9n hace que Excel sea un poco m\u00e1s lento. <\/p>\n<div class=\"gb-container gb-container-52dfcee1 gb-container-sample-file\">\n<h2 class=\"gb-headline gb-headline-e289c143 gb-headline-text gb-headline-4f7959c2\"> Obtener el archivo Excel<\/h2>\n<p> <a class=\"gb-button gb-button-e88d6bee gb-button-text gb-button-button1\" href=\"https:\/\/exceladvisor.org\/wp-content\/uploads\/2023\/08\/obtenir-la-valeur-de-la-cellule.xlsx\" rel=\"nofollow\">Descargar<\/a><\/p>\n<\/div>\n<div class=\"gb-container gb-container-0df56012 gb-container-mt\"> <a class=\"gb-button gb-button-f9f432f4 gb-button-text gb-button-mt-button\" href=\"https:\/\/exceladvisor.org\/es\/formulas\/\">Lista de f\u00f3rmulas de Excel<\/a><\/p>\n<h2 class=\"gb-headline gb-headline-233444e8 gb-headline-text gb-headline-mt-heading\"> F\u00f3rmulas relacionadas <\/h2>\n<div class=\"gb-grid-wrapper gb-grid-wrapper-a16fa65c gb-grid-wrapper-mt-grid\">\n<div class=\"gb-grid-column gb-grid-column-5b4a0cf9\">\n<div class=\"gb-container gb-container-5b4a0cf9\">\n<ul>\n<li> <a href=\"https:\/\/exceladvisor.org\/es\/generar-grupos-aleatorios\/\">Generar grupos aleatorios<\/a><\/li>\n<li> <a href=\"https:\/\/exceladvisor.org\/es\/comparar-canales-2\/\">Comparar dos cadenas (texto)<\/a><\/li>\n<li> <a href=\"https:\/\/exceladvisor.org\/es\/obtener-dominio\/\">Obtener dominio a partir de la identificaci\u00f3n del correo electr\u00f3nico<\/a><\/li>\n<li> <a href=\"https:\/\/exceladvisor.org\/es\/extraer-solo-numeros\/\">Extraiga solo n\u00fameros del texto (cadena)<\/a><\/li>\n<li> <a href=\"https:\/\/exceladvisor.org\/es\/texto-despues-antes\/\">Extraer texto antes y despu\u00e9s de un car\u00e1cter en Excel<\/a><\/li>\n<\/ul>\n<\/div>\n<\/div>\n<\/div>\n<\/div>\n","protected":false},"excerpt":{"rendered":"<p>Para obtener los valores de una celda en Excel, puedes utilizar dos m\u00e9todos diferentes. En estos m\u00e9todos, es necesario escribir una f\u00f3rmula r\u00e1pida para obtener el valor. En este tutorial, aprenderemos a escribir estas f\u00f3rmulas: Utilice \u00cdNDICE para obtener el valor de una celda haciendo referencia a un rango Si tiene un rango de celdas [&hellip;]<\/p>\n","protected":false},"author":1,"featured_media":0,"parent":0,"menu_order":0,"comment_status":"open","ping_status":"closed","template":"","meta":{"ub_ctt_via":"","footnotes":""},"class_list":["post-213","page","type-page","status-publish","hentry"],"featured_image_src":null,"yoast_head":"<!-- This site is optimized with the Yoast SEO plugin v25.4 - https:\/\/yoast.com\/wordpress\/plugins\/seo\/ -->\n<title>Obtener el valor de una celda en excel<\/title>\n<meta name=\"robots\" content=\"index, follow, max-snippet:-1, max-image-preview:large, max-video-preview:-1\" \/>\n<link rel=\"canonical\" href=\"https:\/\/exceladvisor.org\/es\/valor-de-la-celda-1\/\" \/>\n<meta property=\"og:locale\" content=\"es_ES\" \/>\n<meta property=\"og:type\" content=\"article\" \/>\n<meta property=\"og:title\" content=\"Obtener el valor de una celda en excel\" \/>\n<meta property=\"og:description\" content=\"Para obtener los valores de una celda en Excel, puedes utilizar dos m\u00e9todos diferentes. En estos m\u00e9todos, es necesario escribir una f\u00f3rmula r\u00e1pida para obtener el valor. En este tutorial, aprenderemos a escribir estas f\u00f3rmulas: Utilice \u00cdNDICE para obtener el valor de una celda haciendo referencia a un rango Si tiene un rango de celdas [&hellip;]\" \/>\n<meta property=\"og:url\" content=\"https:\/\/exceladvisor.org\/es\/valor-de-la-celda-1\/\" \/>\n<meta property=\"og:site_name\" content=\"Excel Advisor\" \/>\n<meta property=\"article:modified_time\" content=\"2023-12-25T10:33:36+00:00\" \/>\n<meta property=\"og:image\" content=\"https:\/\/exceladvisor.org\/wp-content\/uploads\/2023\/08\/1-obtenir-la-valeur-dune-cellule.png\" \/>\n<meta name=\"twitter:card\" content=\"summary_large_image\" \/>\n<meta name=\"twitter:label1\" content=\"Tiempo de lectura\" \/>\n\t<meta name=\"twitter:data1\" content=\"2 minutos\" \/>\n<script type=\"application\/ld+json\" class=\"yoast-schema-graph\">{\"@context\":\"https:\/\/schema.org\",\"@graph\":[{\"@type\":\"WebPage\",\"@id\":\"https:\/\/exceladvisor.org\/es\/valor-de-la-celda-1\/\",\"url\":\"https:\/\/exceladvisor.org\/es\/valor-de-la-celda-1\/\",\"name\":\"Obtener el valor de una celda en excel\",\"isPartOf\":{\"@id\":\"https:\/\/exceladvisor.org\/es\/#website\"},\"primaryImageOfPage\":{\"@id\":\"https:\/\/exceladvisor.org\/es\/valor-de-la-celda-1\/#primaryimage\"},\"image\":{\"@id\":\"https:\/\/exceladvisor.org\/es\/valor-de-la-celda-1\/#primaryimage\"},\"thumbnailUrl\":\"https:\/\/exceladvisor.org\/wp-content\/uploads\/2023\/08\/1-obtenir-la-valeur-dune-cellule.png\",\"datePublished\":\"2023-11-11T12:56:33+00:00\",\"dateModified\":\"2023-12-25T10:33:36+00:00\",\"breadcrumb\":{\"@id\":\"https:\/\/exceladvisor.org\/es\/valor-de-la-celda-1\/#breadcrumb\"},\"inLanguage\":\"es\",\"potentialAction\":[{\"@type\":\"ReadAction\",\"target\":[\"https:\/\/exceladvisor.org\/es\/valor-de-la-celda-1\/\"]}]},{\"@type\":\"ImageObject\",\"inLanguage\":\"es\",\"@id\":\"https:\/\/exceladvisor.org\/es\/valor-de-la-celda-1\/#primaryimage\",\"url\":\"https:\/\/exceladvisor.org\/wp-content\/uploads\/2023\/08\/1-obtenir-la-valeur-dune-cellule.png\",\"contentUrl\":\"https:\/\/exceladvisor.org\/wp-content\/uploads\/2023\/08\/1-obtenir-la-valeur-dune-cellule.png\"},{\"@type\":\"BreadcrumbList\",\"@id\":\"https:\/\/exceladvisor.org\/es\/valor-de-la-celda-1\/#breadcrumb\",\"itemListElement\":[{\"@type\":\"ListItem\",\"position\":1,\"name\":\"Hogar\",\"item\":\"https:\/\/exceladvisor.org\/es\/\"},{\"@type\":\"ListItem\",\"position\":2,\"name\":\"Obtener el valor de una celda en excel\"}]},{\"@type\":\"WebSite\",\"@id\":\"https:\/\/exceladvisor.org\/es\/#website\",\"url\":\"https:\/\/exceladvisor.org\/es\/\",\"name\":\"Excel Advisor\",\"description\":\"Su gu\u00eda para la dominaci\u00f3n de datos!\",\"publisher\":{\"@id\":\"https:\/\/exceladvisor.org\/es\/#organization\"},\"potentialAction\":[{\"@type\":\"SearchAction\",\"target\":{\"@type\":\"EntryPoint\",\"urlTemplate\":\"https:\/\/exceladvisor.org\/es\/?s={search_term_string}\"},\"query-input\":{\"@type\":\"PropertyValueSpecification\",\"valueRequired\":true,\"valueName\":\"search_term_string\"}}],\"inLanguage\":\"es\"},{\"@type\":\"Organization\",\"@id\":\"https:\/\/exceladvisor.org\/es\/#organization\",\"name\":\"Excel Advisor\",\"url\":\"https:\/\/exceladvisor.org\/es\/\",\"logo\":{\"@type\":\"ImageObject\",\"inLanguage\":\"es\",\"@id\":\"https:\/\/exceladvisor.org\/es\/#\/schema\/logo\/image\/\",\"url\":\"https:\/\/exceladvisor.org\/es\/wp-content\/uploads\/2023\/12\/exceladvisor.org_.png\",\"contentUrl\":\"https:\/\/exceladvisor.org\/es\/wp-content\/uploads\/2023\/12\/exceladvisor.org_.png\",\"width\":105,\"height\":36,\"caption\":\"Excel Advisor\"},\"image\":{\"@id\":\"https:\/\/exceladvisor.org\/es\/#\/schema\/logo\/image\/\"}}]}<\/script>\n<!-- \/ Yoast SEO plugin. -->","yoast_head_json":{"title":"Obtener el valor de una celda en excel","robots":{"index":"index","follow":"follow","max-snippet":"max-snippet:-1","max-image-preview":"max-image-preview:large","max-video-preview":"max-video-preview:-1"},"canonical":"https:\/\/exceladvisor.org\/es\/valor-de-la-celda-1\/","og_locale":"es_ES","og_type":"article","og_title":"Obtener el valor de una celda en excel","og_description":"Para obtener los valores de una celda en Excel, puedes utilizar dos m\u00e9todos diferentes. En estos m\u00e9todos, es necesario escribir una f\u00f3rmula r\u00e1pida para obtener el valor. En este tutorial, aprenderemos a escribir estas f\u00f3rmulas: Utilice \u00cdNDICE para obtener el valor de una celda haciendo referencia a un rango Si tiene un rango de celdas [&hellip;]","og_url":"https:\/\/exceladvisor.org\/es\/valor-de-la-celda-1\/","og_site_name":"Excel Advisor","article_modified_time":"2023-12-25T10:33:36+00:00","og_image":[{"url":"https:\/\/exceladvisor.org\/wp-content\/uploads\/2023\/08\/1-obtenir-la-valeur-dune-cellule.png","type":"","width":"","height":""}],"twitter_card":"summary_large_image","twitter_misc":{"Tiempo de lectura":"2 minutos"},"schema":{"@context":"https:\/\/schema.org","@graph":[{"@type":"WebPage","@id":"https:\/\/exceladvisor.org\/es\/valor-de-la-celda-1\/","url":"https:\/\/exceladvisor.org\/es\/valor-de-la-celda-1\/","name":"Obtener el valor de una celda en excel","isPartOf":{"@id":"https:\/\/exceladvisor.org\/es\/#website"},"primaryImageOfPage":{"@id":"https:\/\/exceladvisor.org\/es\/valor-de-la-celda-1\/#primaryimage"},"image":{"@id":"https:\/\/exceladvisor.org\/es\/valor-de-la-celda-1\/#primaryimage"},"thumbnailUrl":"https:\/\/exceladvisor.org\/wp-content\/uploads\/2023\/08\/1-obtenir-la-valeur-dune-cellule.png","datePublished":"2023-11-11T12:56:33+00:00","dateModified":"2023-12-25T10:33:36+00:00","breadcrumb":{"@id":"https:\/\/exceladvisor.org\/es\/valor-de-la-celda-1\/#breadcrumb"},"inLanguage":"es","potentialAction":[{"@type":"ReadAction","target":["https:\/\/exceladvisor.org\/es\/valor-de-la-celda-1\/"]}]},{"@type":"ImageObject","inLanguage":"es","@id":"https:\/\/exceladvisor.org\/es\/valor-de-la-celda-1\/#primaryimage","url":"https:\/\/exceladvisor.org\/wp-content\/uploads\/2023\/08\/1-obtenir-la-valeur-dune-cellule.png","contentUrl":"https:\/\/exceladvisor.org\/wp-content\/uploads\/2023\/08\/1-obtenir-la-valeur-dune-cellule.png"},{"@type":"BreadcrumbList","@id":"https:\/\/exceladvisor.org\/es\/valor-de-la-celda-1\/#breadcrumb","itemListElement":[{"@type":"ListItem","position":1,"name":"Hogar","item":"https:\/\/exceladvisor.org\/es\/"},{"@type":"ListItem","position":2,"name":"Obtener el valor de una celda en excel"}]},{"@type":"WebSite","@id":"https:\/\/exceladvisor.org\/es\/#website","url":"https:\/\/exceladvisor.org\/es\/","name":"Excel Advisor","description":"Su gu\u00eda para la dominaci\u00f3n de datos!","publisher":{"@id":"https:\/\/exceladvisor.org\/es\/#organization"},"potentialAction":[{"@type":"SearchAction","target":{"@type":"EntryPoint","urlTemplate":"https:\/\/exceladvisor.org\/es\/?s={search_term_string}"},"query-input":{"@type":"PropertyValueSpecification","valueRequired":true,"valueName":"search_term_string"}}],"inLanguage":"es"},{"@type":"Organization","@id":"https:\/\/exceladvisor.org\/es\/#organization","name":"Excel Advisor","url":"https:\/\/exceladvisor.org\/es\/","logo":{"@type":"ImageObject","inLanguage":"es","@id":"https:\/\/exceladvisor.org\/es\/#\/schema\/logo\/image\/","url":"https:\/\/exceladvisor.org\/es\/wp-content\/uploads\/2023\/12\/exceladvisor.org_.png","contentUrl":"https:\/\/exceladvisor.org\/es\/wp-content\/uploads\/2023\/12\/exceladvisor.org_.png","width":105,"height":36,"caption":"Excel Advisor"},"image":{"@id":"https:\/\/exceladvisor.org\/es\/#\/schema\/logo\/image\/"}}]}},"yoast_meta":{"yoast_wpseo_title":"","yoast_wpseo_metadesc":"","yoast_wpseo_canonical":""},"_links":{"self":[{"href":"https:\/\/exceladvisor.org\/es\/wp-json\/wp\/v2\/pages\/213","targetHints":{"allow":["GET"]}}],"collection":[{"href":"https:\/\/exceladvisor.org\/es\/wp-json\/wp\/v2\/pages"}],"about":[{"href":"https:\/\/exceladvisor.org\/es\/wp-json\/wp\/v2\/types\/page"}],"author":[{"embeddable":true,"href":"https:\/\/exceladvisor.org\/es\/wp-json\/wp\/v2\/users\/1"}],"replies":[{"embeddable":true,"href":"https:\/\/exceladvisor.org\/es\/wp-json\/wp\/v2\/comments?post=213"}],"version-history":[{"count":1,"href":"https:\/\/exceladvisor.org\/es\/wp-json\/wp\/v2\/pages\/213\/revisions"}],"predecessor-version":[{"id":1485,"href":"https:\/\/exceladvisor.org\/es\/wp-json\/wp\/v2\/pages\/213\/revisions\/1485"}],"wp:attachment":[{"href":"https:\/\/exceladvisor.org\/es\/wp-json\/wp\/v2\/media?parent=213"}],"curies":[{"name":"wp","href":"https:\/\/api.w.org\/{rel}","templated":true}]}}