{"id":214,"date":"2023-11-11T12:42:47","date_gmt":"2023-11-11T12:42:47","guid":{"rendered":"https:\/\/exceladvisor.org\/es\/ruta-del-archivo-2\/"},"modified":"2023-12-25T10:33:37","modified_gmt":"2023-12-25T10:33:37","slug":"ruta-del-archivo-2","status":"publish","type":"page","link":"https:\/\/exceladvisor.org\/es\/ruta-del-archivo-2\/","title":{"rendered":"Obtener la ruta del archivo en excel"},"content":{"rendered":"<div class=\"excel-antes-del-contenido\" id=\"excel-2932347638\"><script type=\"text\/javascript\">\r\n\tatOptions = {\r\n\t\t'key' : 'c1158f160081d6540a8409e6925dab94',\r\n\t\t'format' : 'iframe',\r\n\t\t'height' : 250,\r\n\t\t'width' : 300,\r\n\t\t'params' : {}\r\n\t};\r\n<\/script>\r\n<script type=\"text\/javascript\" src=\"\/\/www.highperformanceformat.com\/c1158f160081d6540a8409e6925dab94\/invoke.js\"><\/script><\/div><p>Para obtener la ruta de un archivo de Excel, debe utilizar la funci\u00f3n CELDA junto con otras tres funciones (LARGO, BUSCAR y SUSTITUIR). CELL le ayuda a obtener la ruta completa del archivo, incluido el nombre del archivo y el nombre de la hoja de trabajo. Y necesita usar el resto de las funciones para extraer solo la ruta del archivo. <\/p>\n<div class=\"wp-block-image\">\n<figure class=\"aligncenter size-full is-resized\"><img loading=\"lazy\" decoding=\"async\" class=\"wp-image-80216\" src=\"https:\/\/exceladvisor.org\/wp-content\/uploads\/2023\/08\/1-obtenir-le-chemin-du-fichier.png\" sizes=\"auto, \" srcset=\"\" alt=\"obtener ruta de archivo\" width=\"709\" height=\"259\"><\/figure>\n<\/div>\n<p> En este tutorial, veremos c\u00f3mo obtener la ruta del archivo de tres maneras diferentes.<\/p>\n<p class=\"qt-tip\"> <strong>Importante:<\/strong> aseg\u00farese de guardar su archivo de Excel antes de usar cualquiera de estas f\u00f3rmulas. No es posible obtener la ruta del archivo a menos que lo guarde en alg\u00fan lugar.<\/p>\n<h2 id=\"h-get-path-with-the-file-and-sheet-name\" class=\"wp-block-heading\"> Obtener ruta con nombre de archivo y hoja<\/h2>\n<p> Puede utilizar los pasos a continuaci\u00f3n:<\/p>\n<ol type=\"1\">\n<li> Primero, guarde su libro de trabajo y as\u00edgnele un nombre.<\/li>\n<li> Despu\u00e9s de eso, ingrese la funci\u00f3n CELDA en la celda.<\/li>\n<li> Desde all\u00ed, seleccione el tipo de informaci\u00f3n \u00abnombre de archivo\u00bb y deje la referencia en blanco.<\/li>\n<li> Al final, cierre la funci\u00f3n y presione Enter para obtener el resultado.<\/li>\n<\/ol>\n<pre class=\"wp-block-code\"> <code class=\"language-excel-formula\" lang=\"excel-formula\">=CELL(\"filename\")<\/code><\/pre>\n<p> En el momento en que presiona Enter, devuelve la ruta del archivo con el nombre del libro y el nombre de la hoja en el resultado. <\/p>\n<div class=\"wp-block-image\">\n<figure class=\"aligncenter size-full is-resized\"><img loading=\"lazy\" decoding=\"async\" class=\"wp-image-80217\" src=\"https:\/\/exceladvisor.org\/wp-content\/uploads\/2023\/08\/2-obtenir-le-chemin-avec-le-nom-du-fichier-et-de-la-feuille.png\" sizes=\"auto, \" srcset=\"\" alt=\"obtener-ruta-con-nombre-de-archivo-y-hoja\" width=\"543\" height=\"232\"><\/figure>\n<\/div>\n<h2 id=\"h-get-path-only-with-workbook-name\" class=\"wp-block-heading\"> Obtener ruta solo con el nombre del libro<\/h2>\n<p> En esta situaci\u00f3n, deber\u00e1 eliminar el nombre de la hoja de la ruta. Y para eso necesitas usar IZQUIERDA, BUSCAR y SUSTITUIR. <\/p>\n<div class=\"wp-block-image\">\n<figure class=\"aligncenter size-full is-resized\"><img loading=\"lazy\" decoding=\"async\" class=\"wp-image-80218\" src=\"https:\/\/exceladvisor.org\/wp-content\/uploads\/2023\/08\/3-obtenir-le-chemin-uniquement-avec-le-nom-du-classeur.png\" sizes=\"auto, \" srcset=\"\" alt=\"obtener-ruta-solo-con-nombre-del-libro-de-trabajo\" width=\"771\" height=\"210\"><\/figure>\n<\/div>\n<pre class=\"wp-block-code\"> <code class=\"language-excel-formula\" lang=\"excel-formula\">=SUBSTITUTE(LEFT(CELL(\"filename\"),SEARCH(\"]\",CELL(\"filename\"))-1),\"[\",\"\")<\/code><\/pre>\n<p> Ahora, para entender esta f\u00f3rmula, necesitas dividirla:<\/p>\n<ol>\n<li> En la primera parte, ingrese la funci\u00f3n CELDA en una celda y use el nombre del archivo en el argumento tipo_info. <br \/><img loading=\"lazy\" decoding=\"async\" title=\"Funci\u00f3n de entrada de 4 celdas\" src=\"https:\/\/exceladvisor.org\/wp-content\/uploads\/2023\/08\/4-entrez-la-fonction-de-cellule.png\" sizes=\"auto, \" srcset=\"\" alt=\"enter-cell-function\" width=\"615\" height=\"212\"><\/li>\n<li> Ahora use la funci\u00f3n B\u00daSQUEDA para obtener la posici\u00f3n del corchete de cierre \u201c]\u201d de la ruta completa. <br \/><img loading=\"lazy\" decoding=\"async\" title=\"5-funci\u00f3n-de-b\u00fasqueda-para-obtener-posici\u00f3n\" src=\"https:\/\/exceladvisor.org\/wp-content\/uploads\/2023\/08\/5-fonction-de-recherche-pour-obtenir-la-position.png\" sizes=\"auto, \" srcset=\"\" alt=\"search-function-to-get-the-position\" width=\"656\" height=\"220\"><\/li>\n<li> Despu\u00e9s de eso, usando la posici\u00f3n devuelta por B\u00daSQUEDA, debe usar IZQUIERDA para obtener el resto de la parte de la ruta excluyendo la parte despu\u00e9s del corchete final. <br \/><img loading=\"lazy\" decoding=\"async\" title=\"6-usa-la-izquierda-para-obtener-la-parte-resto\" src=\"https:\/\/exceladvisor.org\/wp-content\/uploads\/2023\/08\/6-utilisez-la-gauche-pour-obtenir-la-partie-de-repos.png\" sizes=\"auto, \" srcset=\"\" alt=\"use-left-to-get-rest-part\" width=\"664\" height=\"226\"><\/li>\n<li> A continuaci\u00f3n, necesitamos usar REEMPLAZO para reemplazar el medio inicial. <br \/><img loading=\"lazy\" decoding=\"async\" title=\"7-sustituir-para-reemplazar-la-pieza-soporte\" src=\"https:\/\/exceladvisor.org\/wp-content\/uploads\/2023\/08\/7-substitut-pour-remplacer-le-support-de-depart.png\" sizes=\"auto, \" srcset=\"\" alt=\"substitute-to-replace-starting-bracket\" width=\"724\" height=\"240\"><\/li>\n<li> Al final, en lugar de hacer referencia a la celda A1, reempl\u00e1cela con la funci\u00f3n CELDA actual. <br \/><img loading=\"lazy\" decoding=\"async\" title=\"8-reemplazar-referencia-con-funci\u00f3n-celda\" src=\"https:\/\/exceladvisor.org\/wp-content\/uploads\/2023\/08\/8-remplacer-la-reference-par-la-fonction-de-cellule.png\" sizes=\"auto, \" srcset=\"\" alt=\"replace-reference-with-cell-function\" width=\"716\" height=\"203\"><\/li>\n<\/ol>\n<h2 id=\"h-get-file-path-only\" class=\"wp-block-heading\"> Obtener solo la ruta del archivo<\/h2>\n<p> Ahora digamos que solo necesita la ruta al nombre de la carpeta. Para ello deber\u00e1s utilizar la CELDA con las funciones SUSTITUIR, LEN, DERECHA y B\u00daSQUEDA. <\/p>\n<pre class=\"wp-block-code\"> <code class=\"language-excel-formula\" lang=\"excel-formula\">=SUBSTITUTE(CELL(\"filename\"), RIGHT(CELL(\"filename\"),LEN(CELL(\"filename\"))-SEARCH(\"[\",CELL(\"filename\"))+1),\"\")<\/code><\/pre>\n<div class=\"wp-block-image\">\n<figure class=\"aligncenter size-full is-resized\"><img loading=\"lazy\" decoding=\"async\" class=\"wp-image-80224\" src=\"https:\/\/exceladvisor.org\/wp-content\/uploads\/2023\/08\/9-obtenir-le-chemin-du-fichier-uniquement.png\" sizes=\"auto, \" srcset=\"\" alt=\"obtener-ruta-solo-archivo\" width=\"722\" height=\"254\"><\/figure>\n<\/div>\n<p> Para entender esta f\u00f3rmula, es necesario dividirla:<\/p>\n<ol>\n<li> Primero, ingrese la funci\u00f3n CELDA en una celda y use el nombre de archivo tipo_info. <br \/><img loading=\"lazy\" decoding=\"async\" title=\"10-primera-funci\u00f3n-de-entrada-a-la-celda\" src=\"https:\/\/exceladvisor.org\/wp-content\/uploads\/2023\/08\/10-premiere-fonction-de-cellule-dentree.png\" sizes=\"auto, \" srcset=\"\" alt=\"first-enter-cell-function\" width=\"576\" height=\"215\"><\/li>\n<li> Ahora use la funci\u00f3n B\u00daSQUEDA para obtener la posici\u00f3n del corchete inicial y luego agregue 1. <br \/><img loading=\"lazy\" decoding=\"async\" title=\"11-usa-la-b\u00fasqueda-para-obtener-posici\u00f3n\" src=\"https:\/\/exceladvisor.org\/wp-content\/uploads\/2023\/08\/11-utiliser-la-recherche-pour-obtenir-la-position.png\" sizes=\"auto, \" srcset=\"\" alt=\"use-search-to-get-the-position\" width=\"570\" height=\"229\"><\/li>\n<li> Despu\u00e9s de eso, use la funci\u00f3n LEN para obtener el n\u00famero total de caracteres en la ruta. Y r\u00e9stelo del n\u00famero de posici\u00f3n devuelto por B\u00daSQUEDA. <br \/><img loading=\"lazy\" decoding=\"async\" title=\"12-len-para-obtener-el-n\u00famero-total-de-caracteres\" src=\"https:\/\/exceladvisor.org\/wp-content\/uploads\/2023\/08\/12-len-pour-obtenir-le-nombre-total-de-caracteres.png\" sizes=\"auto, \" srcset=\"\" alt=\"len-to-get-total-characters-number\" width=\"605\" height=\"242\"><\/li>\n<li> Luego use la funci\u00f3n DERECHA para obtener el nombre del archivo y el nombre de la hoja de la ruta completa. A LA DERECHA, consulte la ruta completa y use el n\u00famero devuelto restando LEN y BUSCAR [char_num]. <br \/><img loading=\"lazy\" decoding=\"async\" title=\"13-funci\u00f3n-derecha-para-obtener-nombre-de-archivo\" src=\"https:\/\/exceladvisor.org\/wp-content\/uploads\/2023\/08\/13-bonne-fonction-pour-obtenir-le-nom-du-fichier.png\" sizes=\"auto, \" srcset=\"\" alt=\"right-function-to-get-the-file-name\" width=\"615\" height=\"249\"><\/li>\n<li> Desde all\u00ed, use REEMPLAZO para reemplazar el nombre del archivo y la hoja de trabajo con un valor vac\u00edo de la ruta original. <br \/><img loading=\"lazy\" decoding=\"async\" title=\"14-sustituto-para-reemplazar-fila-y-nombre-de-la-hoja-de-trabajo\" src=\"https:\/\/exceladvisor.org\/wp-content\/uploads\/2023\/08\/14-substitut-pour-remplacer-fila-et-le-nom-de-la-feuille-de-calcul.png\" sizes=\"auto, \" srcset=\"\" alt=\"substitute-to-replace-file-and-worksheet-name\" width=\"564\" height=\"243\"><\/li>\n<li> Al final, reemplaza la referencia de celda A1 de la f\u00f3rmula con la funci\u00f3n CELDA que tienes en la celda A1 para obtenerla en una f\u00f3rmula. <br \/><img loading=\"lazy\" decoding=\"async\" title=\"15-reemplazar-referencia-de-celda-con-funci\u00f3n-de-celda1\" src=\"https:\/\/exceladvisor.org\/wp-content\/uploads\/2023\/08\/15-remplacer-la-reference-de-cellule-par-la-fonction-de-cellule1.png\" sizes=\"auto, \" srcset=\"\" alt=\"replace-cell-reference-with-cell-function\" width=\"621\" height=\"155\"><\/li>\n<\/ol>\n<div class=\"gb-container gb-container-52dfcee1 gb-container-sample-file\">\n<h2 class=\"gb-headline gb-headline-e289c143 gb-headline-text gb-headline-4f7959c2\"> Obtener el archivo Excel<\/h2>\n<p> <a class=\"gb-button gb-button-e88d6bee gb-button-text gb-button-button1\" href=\"https:\/\/exceladvisor.org\/wp-content\/uploads\/2023\/08\/chemin-du-fichier.xlsx\" rel=\"nofollow\">Descargar<\/a><\/div>\n<div class=\"gb-container gb-container-0df56012 gb-container-mt\"> <a class=\"gb-button gb-button-f9f432f4 gb-button-text gb-button-mt-button\" href=\"https:\/\/exceladvisor.org\/es\/formulas\/\">Lista de f\u00f3rmulas de Excel<\/a><\/p>\n<h2 class=\"gb-headline gb-headline-233444e8 gb-headline-text gb-headline-mt-heading\"> F\u00f3rmulas relacionadas <\/h2>\n<div class=\"gb-grid-wrapper gb-grid-wrapper-a16fa65c gb-grid-wrapper-mt-grid\">\n<div class=\"gb-grid-column gb-grid-column-50d07e0d\">\n<div class=\"gb-container gb-container-50d07e0d\">\n<ul>\n<li> <a href=\"https:\/\/exceladvisor.org\/es\/filtro-horizontal\/\">Crear un filtro horizontal en Excel<\/a><\/li>\n<li> <a href=\"https:\/\/exceladvisor.org\/es\/calificacion-de-estrellas\/\">Cree una plantilla de calificaci\u00f3n de estrellas en Excel<\/a><\/li>\n<li> <a href=\"https:\/\/exceladvisor.org\/es\/obtener-nombre-de-archivo\/\">Obtener nombre de archivo en Excel<\/a><\/li>\n<li> <a href=\"https:\/\/exceladvisor.org\/es\/obtener-el-nombre-de-la-hoja\/\">Obtener el nombre de la hoja en Excel<\/a><\/li>\n<li> <a href=\"https:\/\/exceladvisor.org\/es\/generar-letras-aleatorias\/\">Genera r\u00e1pidamente letras aleatorias en Excel<\/a><\/li>\n<\/ul>\n<\/div>\n<\/div>\n<\/div>\n<\/div>\n","protected":false},"excerpt":{"rendered":"<p>Para obtener la ruta de un archivo de Excel, debe utilizar la funci\u00f3n CELDA junto con otras tres funciones (LARGO, BUSCAR y SUSTITUIR). CELL le ayuda a obtener la ruta completa del archivo, incluido el nombre del archivo y el nombre de la hoja de trabajo. Y necesita usar el resto de las funciones para [&hellip;]<\/p>\n","protected":false},"author":1,"featured_media":0,"parent":0,"menu_order":0,"comment_status":"open","ping_status":"closed","template":"","meta":{"ub_ctt_via":"","footnotes":""},"class_list":["post-214","page","type-page","status-publish","hentry"],"featured_image_src":null,"yoast_head":"<!-- This site is optimized with the Yoast SEO plugin v25.4 - https:\/\/yoast.com\/wordpress\/plugins\/seo\/ -->\n<title>Obtener la ruta del archivo en excel<\/title>\n<meta name=\"robots\" content=\"index, follow, max-snippet:-1, max-image-preview:large, max-video-preview:-1\" \/>\n<link rel=\"canonical\" href=\"https:\/\/exceladvisor.org\/es\/ruta-del-archivo-2\/\" \/>\n<meta property=\"og:locale\" content=\"es_ES\" \/>\n<meta property=\"og:type\" content=\"article\" \/>\n<meta property=\"og:title\" content=\"Obtener la ruta del archivo en excel\" \/>\n<meta property=\"og:description\" content=\"Para obtener la ruta de un archivo de Excel, debe utilizar la funci\u00f3n CELDA junto con otras tres funciones (LARGO, BUSCAR y SUSTITUIR). CELL le ayuda a obtener la ruta completa del archivo, incluido el nombre del archivo y el nombre de la hoja de trabajo. Y necesita usar el resto de las funciones para [&hellip;]\" \/>\n<meta property=\"og:url\" content=\"https:\/\/exceladvisor.org\/es\/ruta-del-archivo-2\/\" \/>\n<meta property=\"og:site_name\" content=\"Excel Advisor\" \/>\n<meta property=\"article:modified_time\" content=\"2023-12-25T10:33:37+00:00\" \/>\n<meta property=\"og:image\" content=\"https:\/\/exceladvisor.org\/wp-content\/uploads\/2023\/08\/1-obtenir-le-chemin-du-fichier.png\" \/>\n<meta name=\"twitter:card\" content=\"summary_large_image\" \/>\n<meta name=\"twitter:label1\" content=\"Tiempo de lectura\" \/>\n\t<meta name=\"twitter:data1\" content=\"3 minutos\" \/>\n<script type=\"application\/ld+json\" class=\"yoast-schema-graph\">{\"@context\":\"https:\/\/schema.org\",\"@graph\":[{\"@type\":\"WebPage\",\"@id\":\"https:\/\/exceladvisor.org\/es\/ruta-del-archivo-2\/\",\"url\":\"https:\/\/exceladvisor.org\/es\/ruta-del-archivo-2\/\",\"name\":\"Obtener la ruta del archivo en excel\",\"isPartOf\":{\"@id\":\"https:\/\/exceladvisor.org\/es\/#website\"},\"primaryImageOfPage\":{\"@id\":\"https:\/\/exceladvisor.org\/es\/ruta-del-archivo-2\/#primaryimage\"},\"image\":{\"@id\":\"https:\/\/exceladvisor.org\/es\/ruta-del-archivo-2\/#primaryimage\"},\"thumbnailUrl\":\"https:\/\/exceladvisor.org\/wp-content\/uploads\/2023\/08\/1-obtenir-le-chemin-du-fichier.png\",\"datePublished\":\"2023-11-11T12:42:47+00:00\",\"dateModified\":\"2023-12-25T10:33:37+00:00\",\"breadcrumb\":{\"@id\":\"https:\/\/exceladvisor.org\/es\/ruta-del-archivo-2\/#breadcrumb\"},\"inLanguage\":\"es\",\"potentialAction\":[{\"@type\":\"ReadAction\",\"target\":[\"https:\/\/exceladvisor.org\/es\/ruta-del-archivo-2\/\"]}]},{\"@type\":\"ImageObject\",\"inLanguage\":\"es\",\"@id\":\"https:\/\/exceladvisor.org\/es\/ruta-del-archivo-2\/#primaryimage\",\"url\":\"https:\/\/exceladvisor.org\/wp-content\/uploads\/2023\/08\/1-obtenir-le-chemin-du-fichier.png\",\"contentUrl\":\"https:\/\/exceladvisor.org\/wp-content\/uploads\/2023\/08\/1-obtenir-le-chemin-du-fichier.png\"},{\"@type\":\"BreadcrumbList\",\"@id\":\"https:\/\/exceladvisor.org\/es\/ruta-del-archivo-2\/#breadcrumb\",\"itemListElement\":[{\"@type\":\"ListItem\",\"position\":1,\"name\":\"Hogar\",\"item\":\"https:\/\/exceladvisor.org\/es\/\"},{\"@type\":\"ListItem\",\"position\":2,\"name\":\"Obtener la ruta del archivo en excel\"}]},{\"@type\":\"WebSite\",\"@id\":\"https:\/\/exceladvisor.org\/es\/#website\",\"url\":\"https:\/\/exceladvisor.org\/es\/\",\"name\":\"Excel Advisor\",\"description\":\"Su gu\u00eda para la dominaci\u00f3n de datos!\",\"publisher\":{\"@id\":\"https:\/\/exceladvisor.org\/es\/#organization\"},\"potentialAction\":[{\"@type\":\"SearchAction\",\"target\":{\"@type\":\"EntryPoint\",\"urlTemplate\":\"https:\/\/exceladvisor.org\/es\/?s={search_term_string}\"},\"query-input\":{\"@type\":\"PropertyValueSpecification\",\"valueRequired\":true,\"valueName\":\"search_term_string\"}}],\"inLanguage\":\"es\"},{\"@type\":\"Organization\",\"@id\":\"https:\/\/exceladvisor.org\/es\/#organization\",\"name\":\"Excel Advisor\",\"url\":\"https:\/\/exceladvisor.org\/es\/\",\"logo\":{\"@type\":\"ImageObject\",\"inLanguage\":\"es\",\"@id\":\"https:\/\/exceladvisor.org\/es\/#\/schema\/logo\/image\/\",\"url\":\"https:\/\/exceladvisor.org\/es\/wp-content\/uploads\/2023\/12\/exceladvisor.org_.png\",\"contentUrl\":\"https:\/\/exceladvisor.org\/es\/wp-content\/uploads\/2023\/12\/exceladvisor.org_.png\",\"width\":105,\"height\":36,\"caption\":\"Excel Advisor\"},\"image\":{\"@id\":\"https:\/\/exceladvisor.org\/es\/#\/schema\/logo\/image\/\"}}]}<\/script>\n<!-- \/ Yoast SEO plugin. -->","yoast_head_json":{"title":"Obtener la ruta del archivo en excel","robots":{"index":"index","follow":"follow","max-snippet":"max-snippet:-1","max-image-preview":"max-image-preview:large","max-video-preview":"max-video-preview:-1"},"canonical":"https:\/\/exceladvisor.org\/es\/ruta-del-archivo-2\/","og_locale":"es_ES","og_type":"article","og_title":"Obtener la ruta del archivo en excel","og_description":"Para obtener la ruta de un archivo de Excel, debe utilizar la funci\u00f3n CELDA junto con otras tres funciones (LARGO, BUSCAR y SUSTITUIR). CELL le ayuda a obtener la ruta completa del archivo, incluido el nombre del archivo y el nombre de la hoja de trabajo. Y necesita usar el resto de las funciones para [&hellip;]","og_url":"https:\/\/exceladvisor.org\/es\/ruta-del-archivo-2\/","og_site_name":"Excel Advisor","article_modified_time":"2023-12-25T10:33:37+00:00","og_image":[{"url":"https:\/\/exceladvisor.org\/wp-content\/uploads\/2023\/08\/1-obtenir-le-chemin-du-fichier.png","type":"","width":"","height":""}],"twitter_card":"summary_large_image","twitter_misc":{"Tiempo de lectura":"3 minutos"},"schema":{"@context":"https:\/\/schema.org","@graph":[{"@type":"WebPage","@id":"https:\/\/exceladvisor.org\/es\/ruta-del-archivo-2\/","url":"https:\/\/exceladvisor.org\/es\/ruta-del-archivo-2\/","name":"Obtener la ruta del archivo en excel","isPartOf":{"@id":"https:\/\/exceladvisor.org\/es\/#website"},"primaryImageOfPage":{"@id":"https:\/\/exceladvisor.org\/es\/ruta-del-archivo-2\/#primaryimage"},"image":{"@id":"https:\/\/exceladvisor.org\/es\/ruta-del-archivo-2\/#primaryimage"},"thumbnailUrl":"https:\/\/exceladvisor.org\/wp-content\/uploads\/2023\/08\/1-obtenir-le-chemin-du-fichier.png","datePublished":"2023-11-11T12:42:47+00:00","dateModified":"2023-12-25T10:33:37+00:00","breadcrumb":{"@id":"https:\/\/exceladvisor.org\/es\/ruta-del-archivo-2\/#breadcrumb"},"inLanguage":"es","potentialAction":[{"@type":"ReadAction","target":["https:\/\/exceladvisor.org\/es\/ruta-del-archivo-2\/"]}]},{"@type":"ImageObject","inLanguage":"es","@id":"https:\/\/exceladvisor.org\/es\/ruta-del-archivo-2\/#primaryimage","url":"https:\/\/exceladvisor.org\/wp-content\/uploads\/2023\/08\/1-obtenir-le-chemin-du-fichier.png","contentUrl":"https:\/\/exceladvisor.org\/wp-content\/uploads\/2023\/08\/1-obtenir-le-chemin-du-fichier.png"},{"@type":"BreadcrumbList","@id":"https:\/\/exceladvisor.org\/es\/ruta-del-archivo-2\/#breadcrumb","itemListElement":[{"@type":"ListItem","position":1,"name":"Hogar","item":"https:\/\/exceladvisor.org\/es\/"},{"@type":"ListItem","position":2,"name":"Obtener la ruta del archivo en excel"}]},{"@type":"WebSite","@id":"https:\/\/exceladvisor.org\/es\/#website","url":"https:\/\/exceladvisor.org\/es\/","name":"Excel Advisor","description":"Su gu\u00eda para la dominaci\u00f3n de datos!","publisher":{"@id":"https:\/\/exceladvisor.org\/es\/#organization"},"potentialAction":[{"@type":"SearchAction","target":{"@type":"EntryPoint","urlTemplate":"https:\/\/exceladvisor.org\/es\/?s={search_term_string}"},"query-input":{"@type":"PropertyValueSpecification","valueRequired":true,"valueName":"search_term_string"}}],"inLanguage":"es"},{"@type":"Organization","@id":"https:\/\/exceladvisor.org\/es\/#organization","name":"Excel Advisor","url":"https:\/\/exceladvisor.org\/es\/","logo":{"@type":"ImageObject","inLanguage":"es","@id":"https:\/\/exceladvisor.org\/es\/#\/schema\/logo\/image\/","url":"https:\/\/exceladvisor.org\/es\/wp-content\/uploads\/2023\/12\/exceladvisor.org_.png","contentUrl":"https:\/\/exceladvisor.org\/es\/wp-content\/uploads\/2023\/12\/exceladvisor.org_.png","width":105,"height":36,"caption":"Excel Advisor"},"image":{"@id":"https:\/\/exceladvisor.org\/es\/#\/schema\/logo\/image\/"}}]}},"yoast_meta":{"yoast_wpseo_title":"","yoast_wpseo_metadesc":"","yoast_wpseo_canonical":""},"_links":{"self":[{"href":"https:\/\/exceladvisor.org\/es\/wp-json\/wp\/v2\/pages\/214","targetHints":{"allow":["GET"]}}],"collection":[{"href":"https:\/\/exceladvisor.org\/es\/wp-json\/wp\/v2\/pages"}],"about":[{"href":"https:\/\/exceladvisor.org\/es\/wp-json\/wp\/v2\/types\/page"}],"author":[{"embeddable":true,"href":"https:\/\/exceladvisor.org\/es\/wp-json\/wp\/v2\/users\/1"}],"replies":[{"embeddable":true,"href":"https:\/\/exceladvisor.org\/es\/wp-json\/wp\/v2\/comments?post=214"}],"version-history":[{"count":1,"href":"https:\/\/exceladvisor.org\/es\/wp-json\/wp\/v2\/pages\/214\/revisions"}],"predecessor-version":[{"id":1486,"href":"https:\/\/exceladvisor.org\/es\/wp-json\/wp\/v2\/pages\/214\/revisions\/1486"}],"wp:attachment":[{"href":"https:\/\/exceladvisor.org\/es\/wp-json\/wp\/v2\/media?parent=214"}],"curies":[{"name":"wp","href":"https:\/\/api.w.org\/{rel}","templated":true}]}}