{"id":218,"date":"2023-11-11T11:35:43","date_gmt":"2023-11-11T11:35:43","guid":{"rendered":"https:\/\/exceladvisor.org\/es\/hipervinculo-dinamico-2\/"},"modified":"2023-12-25T10:25:17","modified_gmt":"2023-12-25T10:25:17","slug":"hipervinculo-dinamico-2","status":"publish","type":"page","link":"https:\/\/exceladvisor.org\/es\/hipervinculo-dinamico-2\/","title":{"rendered":"\u00bfc\u00f3mo crear un hiperv\u00ednculo din\u00e1mico en excel?"},"content":{"rendered":"<div class=\"excel-antes-del-contenido\" id=\"excel-2348678418\"><script type=\"text\/javascript\">\r\n\tatOptions = {\r\n\t\t'key' : 'c1158f160081d6540a8409e6925dab94',\r\n\t\t'format' : 'iframe',\r\n\t\t'height' : 250,\r\n\t\t'width' : 300,\r\n\t\t'params' : {}\r\n\t};\r\n<\/script>\r\n<script type=\"text\/javascript\" src=\"\/\/www.highperformanceformat.com\/c1158f160081d6540a8409e6925dab94\/invoke.js\"><\/script><\/div><p>Para crear un hiperv\u00ednculo din\u00e1mico donde pueda modificar el v\u00ednculo que especific\u00f3, debe utilizar la funci\u00f3n HIPERV\u00cdNCULO de Excel. Esta funci\u00f3n le permite especificar un enlace a una direcci\u00f3n web o celda en el libro.<\/p>\n<p> En este tutorial, aprenderemos c\u00f3mo escribir una f\u00f3rmula para esto.<\/p>\n<h2 class=\"wp-block-heading\"> Escriba una f\u00f3rmula para crear un hiperv\u00ednculo din\u00e1mico (direcci\u00f3n web)<\/h2>\n<p> Puede utilizar los pasos a continuaci\u00f3n para esto.<\/p>\n<ol type=\"1\">\n<li> Primero ingrese la funci\u00f3n HIPERV\u00cdNCULO en una celda.<\/li>\n<li> Despu\u00e9s de eso, en el primer argumento, haga referencia a la celda donde va a actualizar la direcci\u00f3n del hiperv\u00ednculo, digamos la celda B1.<\/li>\n<li> Luego, en el segundo argumento, ingrese un nombre descriptivo para el enlace c\u00f3mo en el enlace.<\/li>\n<li> Al final, ingrese el par\u00e9ntesis de cierre y presione Entrar. <\/li>\n<\/ol>\n<div class=\"wp-block-image\">\n<figure class=\"aligncenter size-full is-resized\"><img loading=\"lazy\" decoding=\"async\" class=\"alignnone  wp-image-13351\" src=\"https:\/\/exceladvisor.org\/wp-content\/uploads\/2023\/11\/formule-pour-creer-hyperlien-dynamiques.png\" alt=\"f\u00f3rmula-para-crear-hiperv\u00ednculo-din\u00e1mico\" width=\"576\" height=\"253\" srcset=\"https:\/\/exceladvisor.org\/wp-content\/uploads\/2023\/11\/formule-pour-creer-hyperlien-dynamiques.png 1138w, https:\/\/exceladvisor.org\/wp-content\/uploads\/2023\/11\/formule-pour-creer-hyperlien-dynamiques-300x132.png 300w, https:\/\/exceladvisor.org\/wp-content\/uploads\/2023\/11\/formule-pour-creer-hyperlien-dynamiques-1024x449.png 1024w, https:\/\/exceladvisor.org\/wp-content\/uploads\/2023\/11\/formule-pour-creer-hyperlien-dynamiques-768x337.png 768w\" sizes=\"auto, (max-width: 576px) 100vw, 576px\"><\/figure>\n<\/div>\n<pre class=\"wp-block-code\"> <code class=\"language-excel-formula\" lang=\"excel-formula\">=HYPERLINK(B1,\"Hello\")<\/code><\/pre>\n<p> En la celda B1 tenemos una lista desplegable para cambiar la direcci\u00f3n web. Y en el momento en que cambie la direcci\u00f3n del enlace en la celda B1, tambi\u00e9n cambiar\u00e1 el enlace en la f\u00f3rmula.<\/p>\n<h2 class=\"wp-block-heading\"> Crear un hiperv\u00ednculo din\u00e1mico para una direcci\u00f3n de celular<\/h2>\n<p> De manera similar, puede crear un hiperv\u00ednculo din\u00e1mico para una celda del libro. <\/p>\n<div class=\"wp-block-image\">\n<figure class=\"aligncenter size-full is-resized\"><img loading=\"lazy\" decoding=\"async\" class=\"wp-image-80174\" src=\"https:\/\/exceladvisor.org\/wp-content\/uploads\/2023\/08\/4-hyperlien-dynamique-pour-une-adresse-cellulaire.png\" sizes=\"auto, \" srcset=\"\" alt=\"hiperv\u00ednculo din\u00e1mico para una direcci\u00f3n de celular\" width=\"620\" height=\"212\"><\/figure>\n<\/div>\n<pre class=\"wp-block-code\"> <code class=\"language-excel-formula\" lang=\"excel-formula\">=HYPERLINK(\"#\"&amp;B1,\"Hello\")<\/code><\/pre>\n<p> En la f\u00f3rmula anterior, hemos utilizado el &#8216;#&#8217; con una combinaci\u00f3n de la referencia de celda de la celda B1. Ahora, tan pronto como cambia la direcci\u00f3n de la celda B1, el enlace en la f\u00f3rmula cambia. <\/p>\n<div class=\"gb-container gb-container-52dfcee1 gb-container-sample-file\">\n<h2 class=\"gb-headline gb-headline-e289c143 gb-headline-text gb-headline-4f7959c2\"> Obtener el archivo Excel<\/h2>\n<p> <a class=\"gb-button gb-button-e88d6bee gb-button-text gb-button-button1\" href=\"https:\/\/exceladvisor.org\/wp-content\/uploads\/2023\/11\/lien-hypertexte-dynamique.xlsx\" rel=\"nofollow\">Descargar<\/a><\/div>\n<div class=\"gb-container gb-container-0df56012 gb-container-mt\"> <a class=\"gb-button gb-button-f9f432f4 gb-button-text gb-button-mt-button\" href=\"https:\/\/exceladvisor.org\/es\/formulas\/\">Lista de f\u00f3rmulas de Excel<\/a><\/p>\n<h2 class=\"gb-headline gb-headline-233444e8 gb-headline-text gb-headline-mt-heading\"> F\u00f3rmulas relacionadas <\/h2>\n<div class=\"gb-grid-wrapper gb-grid-wrapper-a16fa65c gb-grid-wrapper-mt-grid\">\n<div class=\"gb-grid-column gb-grid-column-50d07e0d\">\n<div class=\"gb-container gb-container-50d07e0d\">\n<ul>\n<li> <a href=\"https:\/\/exceladvisor.org\/es\/nueva-linea-en-la-celda\/\">Agregar una nueva l\u00ednea a una celda en Excel (salto de l\u00ednea)<\/a><\/li>\n<li> <a href=\"https:\/\/exceladvisor.org\/es\/ceros-a-la-izquierda\/\">Agregue ceros a la izquierda en Excel<\/a><\/li>\n<li> <a href=\"https:\/\/exceladvisor.org\/es\/concatenar-celdas-con-una-coma\/\">Concatenar (combinar) celdas con una coma en Excel<\/a><\/li>\n<li> <a href=\"https:\/\/exceladvisor.org\/es\/concatenar-un-rango-de-celdas\/\">Concatenar (combinar) un rango de celdas en Excel<\/a><\/li>\n<li> <a href=\"https:\/\/exceladvisor.org\/es\/concatenar-un-salto-de-linea\/\">Concatenar con salto de l\u00ednea en Excel<\/a> <\/li>\n<\/ul>\n<\/div>\n<\/div>\n<div class=\"gb-grid-column gb-grid-column-5b4a0cf9\">\n<div class=\"gb-container gb-container-5b4a0cf9\"><\/div>\n<\/div>\n<\/div>\n<\/div>\n","protected":false},"excerpt":{"rendered":"<p>Para crear un hiperv\u00ednculo din\u00e1mico donde pueda modificar el v\u00ednculo que especific\u00f3, debe utilizar la funci\u00f3n HIPERV\u00cdNCULO de Excel. Esta funci\u00f3n le permite especificar un enlace a una direcci\u00f3n web o celda en el libro. En este tutorial, aprenderemos c\u00f3mo escribir una f\u00f3rmula para esto. Escriba una f\u00f3rmula para crear un hiperv\u00ednculo din\u00e1mico (direcci\u00f3n web) [&hellip;]<\/p>\n","protected":false},"author":1,"featured_media":0,"parent":0,"menu_order":0,"comment_status":"open","ping_status":"closed","template":"","meta":{"ub_ctt_via":"","footnotes":""},"class_list":["post-218","page","type-page","status-publish","hentry"],"featured_image_src":null,"yoast_head":"<!-- This site is optimized with the Yoast SEO plugin v25.4 - https:\/\/yoast.com\/wordpress\/plugins\/seo\/ -->\n<title>\u00bfc\u00f3mo crear un hiperv\u00ednculo din\u00e1mico en excel?<\/title>\n<meta name=\"robots\" content=\"index, follow, max-snippet:-1, max-image-preview:large, max-video-preview:-1\" \/>\n<link rel=\"canonical\" href=\"https:\/\/exceladvisor.org\/es\/hipervinculo-dinamico-2\/\" \/>\n<meta property=\"og:locale\" content=\"es_ES\" \/>\n<meta property=\"og:type\" content=\"article\" \/>\n<meta property=\"og:title\" content=\"\u00bfc\u00f3mo crear un hiperv\u00ednculo din\u00e1mico en excel?\" \/>\n<meta property=\"og:description\" content=\"Para crear un hiperv\u00ednculo din\u00e1mico donde pueda modificar el v\u00ednculo que especific\u00f3, debe utilizar la funci\u00f3n HIPERV\u00cdNCULO de Excel. Esta funci\u00f3n le permite especificar un enlace a una direcci\u00f3n web o celda en el libro. En este tutorial, aprenderemos c\u00f3mo escribir una f\u00f3rmula para esto. Escriba una f\u00f3rmula para crear un hiperv\u00ednculo din\u00e1mico (direcci\u00f3n web) [&hellip;]\" \/>\n<meta property=\"og:url\" content=\"https:\/\/exceladvisor.org\/es\/hipervinculo-dinamico-2\/\" \/>\n<meta property=\"og:site_name\" content=\"Excel Advisor\" \/>\n<meta property=\"article:modified_time\" content=\"2023-12-25T10:25:17+00:00\" \/>\n<meta property=\"og:image\" content=\"https:\/\/exceladvisor.org\/wp-content\/uploads\/2023\/11\/formule-pour-creer-hyperlien-dynamiques.png\" \/>\n<meta name=\"twitter:card\" content=\"summary_large_image\" \/>\n<meta name=\"twitter:label1\" content=\"Tiempo de lectura\" \/>\n\t<meta name=\"twitter:data1\" content=\"2 minutos\" \/>\n<script type=\"application\/ld+json\" class=\"yoast-schema-graph\">{\"@context\":\"https:\/\/schema.org\",\"@graph\":[{\"@type\":\"WebPage\",\"@id\":\"https:\/\/exceladvisor.org\/es\/hipervinculo-dinamico-2\/\",\"url\":\"https:\/\/exceladvisor.org\/es\/hipervinculo-dinamico-2\/\",\"name\":\"\u00bfc\u00f3mo crear un hiperv\u00ednculo din\u00e1mico en excel?\",\"isPartOf\":{\"@id\":\"https:\/\/exceladvisor.org\/es\/#website\"},\"primaryImageOfPage\":{\"@id\":\"https:\/\/exceladvisor.org\/es\/hipervinculo-dinamico-2\/#primaryimage\"},\"image\":{\"@id\":\"https:\/\/exceladvisor.org\/es\/hipervinculo-dinamico-2\/#primaryimage\"},\"thumbnailUrl\":\"https:\/\/exceladvisor.org\/wp-content\/uploads\/2023\/11\/formule-pour-creer-hyperlien-dynamiques.png\",\"datePublished\":\"2023-11-11T11:35:43+00:00\",\"dateModified\":\"2023-12-25T10:25:17+00:00\",\"breadcrumb\":{\"@id\":\"https:\/\/exceladvisor.org\/es\/hipervinculo-dinamico-2\/#breadcrumb\"},\"inLanguage\":\"es\",\"potentialAction\":[{\"@type\":\"ReadAction\",\"target\":[\"https:\/\/exceladvisor.org\/es\/hipervinculo-dinamico-2\/\"]}]},{\"@type\":\"ImageObject\",\"inLanguage\":\"es\",\"@id\":\"https:\/\/exceladvisor.org\/es\/hipervinculo-dinamico-2\/#primaryimage\",\"url\":\"https:\/\/exceladvisor.org\/wp-content\/uploads\/2023\/11\/formule-pour-creer-hyperlien-dynamiques.png\",\"contentUrl\":\"https:\/\/exceladvisor.org\/wp-content\/uploads\/2023\/11\/formule-pour-creer-hyperlien-dynamiques.png\"},{\"@type\":\"BreadcrumbList\",\"@id\":\"https:\/\/exceladvisor.org\/es\/hipervinculo-dinamico-2\/#breadcrumb\",\"itemListElement\":[{\"@type\":\"ListItem\",\"position\":1,\"name\":\"Hogar\",\"item\":\"https:\/\/exceladvisor.org\/es\/\"},{\"@type\":\"ListItem\",\"position\":2,\"name\":\"\u00bfc\u00f3mo crear un hiperv\u00ednculo din\u00e1mico en excel?\"}]},{\"@type\":\"WebSite\",\"@id\":\"https:\/\/exceladvisor.org\/es\/#website\",\"url\":\"https:\/\/exceladvisor.org\/es\/\",\"name\":\"Excel Advisor\",\"description\":\"Su gu\u00eda para la dominaci\u00f3n de datos!\",\"publisher\":{\"@id\":\"https:\/\/exceladvisor.org\/es\/#organization\"},\"potentialAction\":[{\"@type\":\"SearchAction\",\"target\":{\"@type\":\"EntryPoint\",\"urlTemplate\":\"https:\/\/exceladvisor.org\/es\/?s={search_term_string}\"},\"query-input\":{\"@type\":\"PropertyValueSpecification\",\"valueRequired\":true,\"valueName\":\"search_term_string\"}}],\"inLanguage\":\"es\"},{\"@type\":\"Organization\",\"@id\":\"https:\/\/exceladvisor.org\/es\/#organization\",\"name\":\"Excel Advisor\",\"url\":\"https:\/\/exceladvisor.org\/es\/\",\"logo\":{\"@type\":\"ImageObject\",\"inLanguage\":\"es\",\"@id\":\"https:\/\/exceladvisor.org\/es\/#\/schema\/logo\/image\/\",\"url\":\"https:\/\/exceladvisor.org\/es\/wp-content\/uploads\/2023\/12\/exceladvisor.org_.png\",\"contentUrl\":\"https:\/\/exceladvisor.org\/es\/wp-content\/uploads\/2023\/12\/exceladvisor.org_.png\",\"width\":105,\"height\":36,\"caption\":\"Excel Advisor\"},\"image\":{\"@id\":\"https:\/\/exceladvisor.org\/es\/#\/schema\/logo\/image\/\"}}]}<\/script>\n<!-- \/ Yoast SEO plugin. -->","yoast_head_json":{"title":"\u00bfc\u00f3mo crear un hiperv\u00ednculo din\u00e1mico en excel?","robots":{"index":"index","follow":"follow","max-snippet":"max-snippet:-1","max-image-preview":"max-image-preview:large","max-video-preview":"max-video-preview:-1"},"canonical":"https:\/\/exceladvisor.org\/es\/hipervinculo-dinamico-2\/","og_locale":"es_ES","og_type":"article","og_title":"\u00bfc\u00f3mo crear un hiperv\u00ednculo din\u00e1mico en excel?","og_description":"Para crear un hiperv\u00ednculo din\u00e1mico donde pueda modificar el v\u00ednculo que especific\u00f3, debe utilizar la funci\u00f3n HIPERV\u00cdNCULO de Excel. Esta funci\u00f3n le permite especificar un enlace a una direcci\u00f3n web o celda en el libro. En este tutorial, aprenderemos c\u00f3mo escribir una f\u00f3rmula para esto. Escriba una f\u00f3rmula para crear un hiperv\u00ednculo din\u00e1mico (direcci\u00f3n web) [&hellip;]","og_url":"https:\/\/exceladvisor.org\/es\/hipervinculo-dinamico-2\/","og_site_name":"Excel Advisor","article_modified_time":"2023-12-25T10:25:17+00:00","og_image":[{"url":"https:\/\/exceladvisor.org\/wp-content\/uploads\/2023\/11\/formule-pour-creer-hyperlien-dynamiques.png","type":"","width":"","height":""}],"twitter_card":"summary_large_image","twitter_misc":{"Tiempo de lectura":"2 minutos"},"schema":{"@context":"https:\/\/schema.org","@graph":[{"@type":"WebPage","@id":"https:\/\/exceladvisor.org\/es\/hipervinculo-dinamico-2\/","url":"https:\/\/exceladvisor.org\/es\/hipervinculo-dinamico-2\/","name":"\u00bfc\u00f3mo crear un hiperv\u00ednculo din\u00e1mico en excel?","isPartOf":{"@id":"https:\/\/exceladvisor.org\/es\/#website"},"primaryImageOfPage":{"@id":"https:\/\/exceladvisor.org\/es\/hipervinculo-dinamico-2\/#primaryimage"},"image":{"@id":"https:\/\/exceladvisor.org\/es\/hipervinculo-dinamico-2\/#primaryimage"},"thumbnailUrl":"https:\/\/exceladvisor.org\/wp-content\/uploads\/2023\/11\/formule-pour-creer-hyperlien-dynamiques.png","datePublished":"2023-11-11T11:35:43+00:00","dateModified":"2023-12-25T10:25:17+00:00","breadcrumb":{"@id":"https:\/\/exceladvisor.org\/es\/hipervinculo-dinamico-2\/#breadcrumb"},"inLanguage":"es","potentialAction":[{"@type":"ReadAction","target":["https:\/\/exceladvisor.org\/es\/hipervinculo-dinamico-2\/"]}]},{"@type":"ImageObject","inLanguage":"es","@id":"https:\/\/exceladvisor.org\/es\/hipervinculo-dinamico-2\/#primaryimage","url":"https:\/\/exceladvisor.org\/wp-content\/uploads\/2023\/11\/formule-pour-creer-hyperlien-dynamiques.png","contentUrl":"https:\/\/exceladvisor.org\/wp-content\/uploads\/2023\/11\/formule-pour-creer-hyperlien-dynamiques.png"},{"@type":"BreadcrumbList","@id":"https:\/\/exceladvisor.org\/es\/hipervinculo-dinamico-2\/#breadcrumb","itemListElement":[{"@type":"ListItem","position":1,"name":"Hogar","item":"https:\/\/exceladvisor.org\/es\/"},{"@type":"ListItem","position":2,"name":"\u00bfc\u00f3mo crear un hiperv\u00ednculo din\u00e1mico en excel?"}]},{"@type":"WebSite","@id":"https:\/\/exceladvisor.org\/es\/#website","url":"https:\/\/exceladvisor.org\/es\/","name":"Excel Advisor","description":"Su gu\u00eda para la dominaci\u00f3n de datos!","publisher":{"@id":"https:\/\/exceladvisor.org\/es\/#organization"},"potentialAction":[{"@type":"SearchAction","target":{"@type":"EntryPoint","urlTemplate":"https:\/\/exceladvisor.org\/es\/?s={search_term_string}"},"query-input":{"@type":"PropertyValueSpecification","valueRequired":true,"valueName":"search_term_string"}}],"inLanguage":"es"},{"@type":"Organization","@id":"https:\/\/exceladvisor.org\/es\/#organization","name":"Excel Advisor","url":"https:\/\/exceladvisor.org\/es\/","logo":{"@type":"ImageObject","inLanguage":"es","@id":"https:\/\/exceladvisor.org\/es\/#\/schema\/logo\/image\/","url":"https:\/\/exceladvisor.org\/es\/wp-content\/uploads\/2023\/12\/exceladvisor.org_.png","contentUrl":"https:\/\/exceladvisor.org\/es\/wp-content\/uploads\/2023\/12\/exceladvisor.org_.png","width":105,"height":36,"caption":"Excel Advisor"},"image":{"@id":"https:\/\/exceladvisor.org\/es\/#\/schema\/logo\/image\/"}}]}},"yoast_meta":{"yoast_wpseo_title":"","yoast_wpseo_metadesc":"","yoast_wpseo_canonical":""},"_links":{"self":[{"href":"https:\/\/exceladvisor.org\/es\/wp-json\/wp\/v2\/pages\/218","targetHints":{"allow":["GET"]}}],"collection":[{"href":"https:\/\/exceladvisor.org\/es\/wp-json\/wp\/v2\/pages"}],"about":[{"href":"https:\/\/exceladvisor.org\/es\/wp-json\/wp\/v2\/types\/page"}],"author":[{"embeddable":true,"href":"https:\/\/exceladvisor.org\/es\/wp-json\/wp\/v2\/users\/1"}],"replies":[{"embeddable":true,"href":"https:\/\/exceladvisor.org\/es\/wp-json\/wp\/v2\/comments?post=218"}],"version-history":[{"count":1,"href":"https:\/\/exceladvisor.org\/es\/wp-json\/wp\/v2\/pages\/218\/revisions"}],"predecessor-version":[{"id":1033,"href":"https:\/\/exceladvisor.org\/es\/wp-json\/wp\/v2\/pages\/218\/revisions\/1033"}],"wp:attachment":[{"href":"https:\/\/exceladvisor.org\/es\/wp-json\/wp\/v2\/media?parent=218"}],"curies":[{"name":"wp","href":"https:\/\/api.w.org\/{rel}","templated":true}]}}