{"id":22,"date":"2023-11-20T20:49:18","date_gmt":"2023-11-20T20:49:18","guid":{"rendered":"https:\/\/exceladvisor.org\/es\/agregar-marca-de-agua\/"},"modified":"2023-12-25T10:23:11","modified_gmt":"2023-12-25T10:23:11","slug":"agregar-marca-de-agua","status":"publish","type":"page","link":"https:\/\/exceladvisor.org\/es\/agregar-marca-de-agua\/","title":{"rendered":"\u00bfc\u00f3mo agregar una marca de agua en excel?"},"content":{"rendered":"<div class=\"excel-antes-del-contenido\" id=\"excel-567525356\"><script type=\"text\/javascript\">\r\n\tatOptions = {\r\n\t\t'key' : 'c1158f160081d6540a8409e6925dab94',\r\n\t\t'format' : 'iframe',\r\n\t\t'height' : 250,\r\n\t\t'width' : 300,\r\n\t\t'params' : {}\r\n\t};\r\n<\/script>\r\n<script type=\"text\/javascript\" src=\"\/\/www.highperformanceformat.com\/c1158f160081d6540a8409e6925dab94\/invoke.js\"><\/script><\/div><p>Una marca de agua es una imagen o texto transparente en el fondo del documento.<\/p>\n<p> Se puede utilizar para proteger el documento del uso no autorizado agregando la imagen o texto de fondo que indique que tiene derecho a usarlo o distribuirlo por adelantado o etiquetar el documento como \u201cConfidencial\u201d, \u201cBorrador\u201d, \u201cMuestra\u201d, \u201cVersiones\u201d, etc.<\/p>\n<p> Los usuarios tambi\u00e9n pueden usar la marca de agua para marcar la empresa agregando la imagen del logotipo. Excel no tiene una funci\u00f3n de marca de agua incorporada, pero los usuarios pueden agregar, formatear y reemplazar marcas de agua como imagen y texto en una hoja de c\u00e1lculo de varias maneras.<\/p>\n<p> A continuaci\u00f3n, capturamos algunos pasos r\u00e1pidos y sencillos para agregar, formatear, reemplazar y eliminar marcas de agua en Excel.<\/p>\n<h2 class=\"wp-block-heading\"> Agregar marca de agua como imagen en Excel usando encabezado y pie de p\u00e1gina<\/h2>\n<p> Para insertar la marca de agua como una imagen o imagen, los usuarios pueden agregarla usando la opci\u00f3n \u00abEncabezado y pie de p\u00e1gina\u00bb.<\/p>\n<ol>\n<li> Primero, vaya a la pesta\u00f1a \u00abInsertar\u00bb, luego haga clic en el icono \u00abTexto\u00bb en la cinta y seleccione la opci\u00f3n \u00abEncabezado y pie de p\u00e1gina\u00bb. <br \/><img loading=\"lazy\" decoding=\"async\" title=\"1 pesta\u00f1a de inserci\u00f3n\" src=\"https:\/\/exceladvisor.org\/wp-content\/uploads\/2023\/08\/1-inserer-longlet-2.png\" sizes=\"auto, \" srcset=\"\" alt=\"insert-tab\" width=\"933\" height=\"227\"><\/li>\n<li> Despu\u00e9s de eso, haga clic en el icono \u00abImagen\u00bb debajo del grupo \u00abElementos de encabezado y pie de p\u00e1gina\u00bb en la cinta. <br \/><img loading=\"lazy\" decoding=\"async\" title=\"2 elementos de encabezado y pie de p\u00e1gina\" src=\"https:\/\/exceladvisor.org\/wp-content\/uploads\/2023\/08\/2-element-den-tete-de-pied-de-page.png\" sizes=\"auto, \" srcset=\"\" alt=\"header-&amp;-footer-element\" width=\"749\" height=\"322\"><\/li>\n<li> Ahora, seleccione la imagen o imagen que desea poner como marca de agua en el cuadro de di\u00e1logo \u00abInsertar im\u00e1genes\u00bb y haga clic en el bot\u00f3n \u00abInsertar\u00bb. <br \/><img loading=\"lazy\" decoding=\"async\" title=\"3-insertar-fotos\" src=\"https:\/\/exceladvisor.org\/wp-content\/uploads\/2023\/08\/3-photos-dinsertion.png\" sizes=\"auto, \" srcset=\"\" alt=\"insert-pictures\" width=\"611\" height=\"415\"><\/li>\n<li> En este punto, su imagen se agreg\u00f3 como marca de agua, pero no se reflejar\u00e1 inmediatamente en la hoja de c\u00e1lculo y se reflejar\u00e1 como &amp;[Imagen] en el \u00e1rea central del encabezado. <br \/><img loading=\"lazy\" decoding=\"async\" title=\"c\u00f3digo de 4 marcas de agua\" src=\"https:\/\/exceladvisor.org\/wp-content\/uploads\/2023\/08\/4-code-filigrane.png\" sizes=\"auto, \" srcset=\"\" alt=\"watermark-code\" width=\"756\" height=\"310\"><\/li>\n<li> Para mover la marca de agua al centro de la p\u00e1gina, coloque el cursor justo antes del c\u00f3digo &amp;[Imagen] y presione Entrar varias veces para mover la marca de agua. <br \/><img loading=\"lazy\" decoding=\"async\" title=\"marca de agua de 5 movimientos\" src=\"https:\/\/exceladvisor.org\/wp-content\/uploads\/2023\/08\/Filigrane-a-5-mouvements.png\" sizes=\"auto, \" srcset=\"\" alt=\"move-watermark\" width=\"540\" height=\"422\"><\/li>\n<li> Al final, haga clic en cualquier lugar de la celda fuera del encabezado y la imagen agregada como marca de agua deber\u00eda ser visible. <br \/><img loading=\"lazy\" decoding=\"async\" title=\"6 marcas de agua como imagen\" src=\"https:\/\/exceladvisor.org\/wp-content\/uploads\/2023\/08\/6-filigrane-comme-image.png\" sizes=\"auto, \" srcset=\"\" alt=\"watermark-as-image\" width=\"481\" height=\"331\">\n<\/li>\n<\/ol>\n<h2 class=\"wp-block-heading\"> Formatear imagen de marca de agua en Excel<\/h2>\n<ol>\n<li> Primero, abra la vista Encabezado y pie de p\u00e1gina para formatear la imagen de la marca de agua. <br \/><img loading=\"lazy\" decoding=\"async\" title=\"7 secciones de encabezado y pie de p\u00e1gina\" src=\"https:\/\/exceladvisor.org\/wp-content\/uploads\/2023\/08\/7-section-den-tete-de-pied-de-page.png\" sizes=\"auto, \" srcset=\"\" alt=\"header-footer-section\" width=\"740\" height=\"315\"><\/li>\n<li> Para formatear el tama\u00f1o y el color de la imagen de la marca de agua, haga clic en el icono \u00abFormatear imagen\u00bb debajo del grupo \u00abElementos de encabezado y pie de p\u00e1gina\u00bb en la cinta.<\/li>\n<li> Una vez que haga clic en \u00abFormatear imagen\u00bb, se abrir\u00e1 una ventana \u00abFormatear imagen\u00bb y, en la pesta\u00f1a \u00abTama\u00f1o\u00bb, podr\u00e1 ajustar el tama\u00f1o de la imagen de la marca de agua. <br \/><img loading=\"lazy\" decoding=\"async\" title=\"Tama\u00f1o de imagen de 8 formatos\" src=\"https:\/\/exceladvisor.org\/wp-content\/uploads\/2023\/08\/Taille-dimage-au-format-8.png\" sizes=\"auto, \" srcset=\"\" alt=\"format-picture-size\" width=\"392\" height=\"484\"><\/li>\n<li> En la misma ventana \u00abFormatear imagen\u00bb, puede seleccionar la pesta\u00f1a \u00abImagen\u00bb y ajustar el brillo, el contraste y el color de la imagen de la marca de agua. <br \/><img loading=\"lazy\" decoding=\"async\" title=\"formato de imagen de 9 colores\" src=\"https:\/\/exceladvisor.org\/wp-content\/uploads\/2023\/08\/Couleur-dimage-au-format-9.png\" sizes=\"auto, \" srcset=\"\" alt=\"9-format-picture-color\" width=\"386\" height=\"475\"><\/li>\n<\/ol>\n<h2 class=\"wp-block-heading\"> Girar imagen de marca de agua en Excel<\/h2>\n<p> Excel no tiene una opci\u00f3n de rotaci\u00f3n para rotar la imagen de la marca de agua.<\/p>\n<p> Si los usuarios desean rotar la imagen de la marca de agua, primero deben guardar la imagen como una imagen rotada y, para eso, tenemos pasos para rotar y guardar la imagen. imagen antes de agregarla a \u201cEncabezado y pie de p\u00e1gina\u201d como marca de agua.<\/p>\n<ol>\n<li> Primero, vaya a la pesta\u00f1a \u201cInsertar\u201d, luego haga clic en el \u00edcono \u201cIlustraciones\u201d, luego haga clic en \u201cIm\u00e1genes\u201d y seleccione la opci\u00f3n desde la cual desea agregar la imagen. <br \/><img loading=\"lazy\" decoding=\"async\" title=\"icono 10-ilustraciones\" src=\"https:\/\/exceladvisor.org\/wp-content\/uploads\/2023\/08\/icone-10-illustrations.png\" sizes=\"auto, \" srcset=\"\" alt=\"illustrations-icon\" width=\"481\" height=\"300\"><\/li>\n<li> Despu\u00e9s de eso, seleccione la imagen y haga clic en \u00abInsertar\u00bb.<\/li>\n<li> Ahora mantenga presionada la flecha de rotaci\u00f3n y gire la imagen como desee. <br \/><img loading=\"lazy\" decoding=\"async\" title=\"11-rotar-imagen\" src=\"https:\/\/exceladvisor.org\/wp-content\/uploads\/2023\/08\/11-faire-pivoter-limage.png\" sizes=\"auto, \" srcset=\"\" alt=\"rotate-image\" width=\"558\" height=\"326\"><\/li>\n<li> Una vez que haya girado la imagen, haga clic derecho en ella, seleccione \u00abGuardar como imagen\u00bb en el men\u00fa contextual y gu\u00e1rdela.<\/li>\n<li> Despu\u00e9s de guardar la imagen, haga clic en el borde de la imagen y elim\u00ednela. <br \/><img loading=\"lazy\" decoding=\"async\" title=\"12-guardar-como-imagen\" src=\"https:\/\/exceladvisor.org\/wp-content\/uploads\/2023\/08\/12-enregistrer-en-tant-quimage.png\" sizes=\"auto, \" srcset=\"\" alt=\"save-as-picture\" width=\"573\" height=\"444\"><\/li>\n<li> Ahora abra el \u00abEncabezado y pie de p\u00e1gina\u00bb y agregue la imagen guardada arriba como marca de agua y obtendr\u00e1 la imagen de marca de agua girada. <br \/><img loading=\"lazy\" decoding=\"async\" title=\"13 im\u00e1genes de marca de agua giratorias\" src=\"https:\/\/exceladvisor.org\/wp-content\/uploads\/2023\/08\/13-image-filigrane-pivotee.png\" sizes=\"auto, \" srcset=\"\" alt=\"rotated-watermark-image\" width=\"540\" height=\"371\"><\/li>\n<\/ol>\n<h2 class=\"wp-block-heading\"> Agregue texto como una imagen de marca de agua usando Word Art<\/h2>\n<p> A veces, los usuarios quieren mostrar texto como \u00abConfidencial\u00bb, \u00abBorrador\u00bb, \u00abMuestra\u00bb, \u00abNombre de dominio de la empresa\u00bb, etc. como imagen de marca de agua.<\/p>\n<p> Para ello, los usuarios pueden ingresar el texto usando la opci\u00f3n \u201cWordArt\u201d y pueden usar este texto como una imagen de marca de agua.<\/p>\n<ol>\n<li> Primero, vaya a la pesta\u00f1a \u00abInsertar\u00bb y haga clic en el icono \u00abTexto\u00bb en la cinta.<\/li>\n<li> Despu\u00e9s de eso, seleccione la opci\u00f3n \u00abWordArt\u00bb y seleccione el estilo \u00abWordArt\u00bb que desea usar para escribir texto de marca de agua. <br \/><img loading=\"lazy\" decoding=\"async\" title=\"14 palabras\" src=\"https:\/\/exceladvisor.org\/wp-content\/uploads\/2023\/08\/14-mots.png\" sizes=\"auto, \" srcset=\"\" alt=\"wordart\" width=\"632\" height=\"343\"><\/li>\n<li> Una vez que hayas seleccionado el estilo \u00abWordArt\u00bb, obtendr\u00e1s un campo de texto para agregar el texto y que tendr\u00e1 un texto de muestra como \u00abTu texto aqu\u00ed\u00bb en el estilo que hayas elegido.<\/li>\n<li> Ahora, haz clic en el campo de texto, elimina el texto de muestra \u201cTu texto aqu\u00ed\u201d e ingresa el texto que deseas como marca de agua. <br \/><img loading=\"lazy\" decoding=\"async\" title=\"cuadro de texto de 15 palabras\" src=\"https:\/\/exceladvisor.org\/wp-content\/uploads\/2023\/08\/zone-de-texte-de-15-mots.png\" sizes=\"auto, \" srcset=\"\" alt=\"wordart-text-box\" width=\"696\" height=\"368\"><\/li>\n<li> Despu\u00e9s de eso, mant\u00e9n presionado el borde del cuadro de texto y mueve el cuadro de texto donde quieras.<\/li>\n<li> Ahora mantenga presionada la flecha de rotaci\u00f3n y gire el campo de texto como desee.<\/li>\n<li> Si desea formatear el cuadro de texto, incluida la fuente y el estilo de fondo, puede hacerlo desde la pesta\u00f1a \u00abFormato de forma\u00bb.<\/li>\n<li> Una vez que haya terminado con este cuadro de texto, haga clic derecho en cualquier c\u00edrculo del borde del cuadro de texto y seleccione \u00abGuardar como imagen\u00bb.<\/li>\n<li> En este punto, su texto ahora est\u00e1 guardado como una imagen y puede usar esta imagen de texto como su imagen de marca de agua.<\/li>\n<\/ol>\n<h2 class=\"wp-block-heading\"> Agregue una marca de agua como texto editable en Excel usando encabezado y pie de p\u00e1gina<\/h2>\n<ol>\n<li> Primero, abra la vista \u00abEncabezado y pie de p\u00e1gina\u00bb e ingrese el texto que desea usar como marca de agua. (Por ejemplo, ingresamos \u201cExcelchamaps.com\u201d como texto).<\/li>\n<li> Despu\u00e9s de eso, coloque el cursor justo antes del texto (Excelchmaps.com) y presione Entrar varias veces para mover la marca de agua al centro de la p\u00e1gina.<\/li>\n<li> Ahora para formatear el texto, seleccione todo el texto y vaya a la pesta\u00f1a \u00abInicio\u00bb.<\/li>\n<li> En el grupo \u00abFuente\u00bb de la cinta, puede seleccionar el tipo, tama\u00f1o y color de fuente que desea para el texto de su marca de agua.<\/li>\n<li> En este punto, se agreg\u00f3 su marca de agua y, para verla, haga clic en cualquier lugar de la celda fuera del encabezado y el texto agregado como marca de agua deber\u00eda ser visible.<\/li>\n<\/ol>\n<h2 class=\"wp-block-heading\"> Eliminar o reemplazar la marca de agua existente<\/h2>\n<ol>\n<li> Primero, vaya a la pesta\u00f1a \u00abInsertar\u00bb, luego haga clic en el icono \u00abTexto\u00bb y seleccione la secci\u00f3n \u00abEncabezado y pie de p\u00e1gina\u00bb. <br \/><img loading=\"lazy\" decoding=\"async\" title=\"22-icono-de-texto-Copiar\" src=\"https:\/\/exceladvisor.org\/wp-content\/uploads\/2023\/08\/22-copie-dicone-de-texte.png\" sizes=\"auto, \" srcset=\"\" alt=\"text-icon-Copy\" width=\"858\" height=\"209\"><\/li>\n<li> Despu\u00e9s de eso, seleccione el c\u00f3digo &amp;[Imagen] y toque Eliminar para eliminar la marca de agua. <br \/><img loading=\"lazy\" decoding=\"async\" title=\"c\u00f3digo de imagen de 23 encabezados\" src=\"https:\/\/exceladvisor.org\/wp-content\/uploads\/2023\/08\/23-code-dimage-den-tete.png\" sizes=\"auto, \" srcset=\"\" alt=\"header-picture-code\" width=\"517\" height=\"374\"><\/li>\n<li> Una vez que haya eliminado el c\u00f3digo de la marca de agua, haga clic en cualquier lugar de la celda fuera del encabezado y se eliminar\u00e1 la marca de agua.<\/li>\n<li> Ahora, para reemplazar o agregar la nueva imagen de marca de agua, siga nuevamente los pasos \u201cAgregar una imagen de marca de agua en Excel usando \u201cEncabezado y pie de p\u00e1gina\u201d.<\/li>\n<\/ol>\n<div class=\"gb-container gb-container-4db6181c gb-container-mt\"> <a class=\"gb-button gb-button-c5897111 gb-button-text gb-button-mt-button\" href=\"https:\/\/exceladvisor.org\/es\/conceptos-basicos-de-excel\/\">Conceptos b\u00e1sicos de Microsoft Excel (componentes, piezas y notas de conocimiento)<\/a><\/p>\n<h2 class=\"gb-headline gb-headline-665e5f6b gb-headline-text gb-headline-mt-heading\"> Tutoriales relacionados <\/h2>\n<div class=\"gb-grid-wrapper gb-grid-wrapper-a20baf7c gb-grid-wrapper-mt-grid\">\n<div class=\"gb-grid-column gb-grid-column-65ddf67e\">\n<div class=\"gb-container gb-container-65ddf67e\">\n<ul>\n<li> <a href=\"https:\/\/exceladvisor.org\/es\/agregar-eliminar-hipervinculos\/\">Agregar y eliminar hiperv\u00ednculos en Excel<\/a><\/li>\n<li> <a href=\"https:\/\/exceladvisor.org\/es\/eliminar-columnas-de-filas-ocultas\/\">Eliminar filas ocultas en Excel<\/a><\/li>\n<li> <a href=\"https:\/\/exceladvisor.org\/es\/deseleccionar-celdas\/\">Deseleccionar celdas en Excel<\/a><\/li>\n<li> <a href=\"https:\/\/exceladvisor.org\/es\/agregar-una-columna\/\">Agregar una columna en Excel<\/a> <\/li>\n<\/ul>\n<\/div>\n<\/div>\n<div class=\"gb-grid-column gb-grid-column-50067b57\">\n<div class=\"gb-container gb-container-50067b57\">\n<ul>\n<li> <a href=\"https:\/\/exceladvisor.org\/es\/eliminar-lineas\/\">Eliminar una fila o varias filas en Excel<\/a><\/li>\n<li> <a href=\"https:\/\/exceladvisor.org\/es\/copiar-columna\/\">Copiar y pegar una columna en Excel<\/a><\/li>\n<li> <a href=\"https:\/\/exceladvisor.org\/es\/mover-fila-columna\/\">Mover una fila y columna en Excel<\/a><\/li>\n<li> <a href=\"https:\/\/exceladvisor.org\/es\/ancho-de-columna\/\">C\u00f3mo cambiar el ancho de las columnas en Excel<\/a><\/li>\n<\/ul>\n<\/div>\n<\/div>\n<\/div>\n<\/div>\n","protected":false},"excerpt":{"rendered":"<p>Una marca de agua es una imagen o texto transparente en el fondo del documento. Se puede utilizar para proteger el documento del uso no autorizado agregando la imagen o texto de fondo que indique que tiene derecho a usarlo o distribuirlo por adelantado o etiquetar el documento como \u201cConfidencial\u201d, \u201cBorrador\u201d, \u201cMuestra\u201d, \u201cVersiones\u201d, etc. Los [&hellip;]<\/p>\n","protected":false},"author":1,"featured_media":0,"parent":0,"menu_order":0,"comment_status":"open","ping_status":"closed","template":"","meta":{"ub_ctt_via":"","footnotes":""},"class_list":["post-22","page","type-page","status-publish","hentry"],"featured_image_src":null,"yoast_head":"<!-- This site is optimized with the Yoast SEO plugin v25.4 - https:\/\/yoast.com\/wordpress\/plugins\/seo\/ -->\n<title>\u00bfc\u00f3mo agregar una marca de agua en excel?<\/title>\n<meta name=\"robots\" content=\"index, follow, max-snippet:-1, max-image-preview:large, max-video-preview:-1\" \/>\n<link rel=\"canonical\" href=\"https:\/\/exceladvisor.org\/es\/agregar-marca-de-agua\/\" \/>\n<meta property=\"og:locale\" content=\"es_ES\" \/>\n<meta property=\"og:type\" content=\"article\" \/>\n<meta property=\"og:title\" content=\"\u00bfc\u00f3mo agregar una marca de agua en excel?\" \/>\n<meta property=\"og:description\" content=\"Una marca de agua es una imagen o texto transparente en el fondo del documento. Se puede utilizar para proteger el documento del uso no autorizado agregando la imagen o texto de fondo que indique que tiene derecho a usarlo o distribuirlo por adelantado o etiquetar el documento como \u201cConfidencial\u201d, \u201cBorrador\u201d, \u201cMuestra\u201d, \u201cVersiones\u201d, etc. Los [&hellip;]\" \/>\n<meta property=\"og:url\" content=\"https:\/\/exceladvisor.org\/es\/agregar-marca-de-agua\/\" \/>\n<meta property=\"og:site_name\" content=\"Excel Advisor\" \/>\n<meta property=\"article:modified_time\" content=\"2023-12-25T10:23:11+00:00\" \/>\n<meta property=\"og:image\" content=\"https:\/\/exceladvisor.org\/wp-content\/uploads\/2023\/08\/1-inserer-longlet-2.png\" \/>\n<meta name=\"twitter:card\" content=\"summary_large_image\" \/>\n<meta name=\"twitter:label1\" content=\"Tiempo de lectura\" \/>\n\t<meta name=\"twitter:data1\" content=\"6 minutos\" \/>\n<script type=\"application\/ld+json\" class=\"yoast-schema-graph\">{\"@context\":\"https:\/\/schema.org\",\"@graph\":[{\"@type\":\"WebPage\",\"@id\":\"https:\/\/exceladvisor.org\/es\/agregar-marca-de-agua\/\",\"url\":\"https:\/\/exceladvisor.org\/es\/agregar-marca-de-agua\/\",\"name\":\"\u00bfc\u00f3mo agregar una marca de agua en excel?\",\"isPartOf\":{\"@id\":\"https:\/\/exceladvisor.org\/es\/#website\"},\"primaryImageOfPage\":{\"@id\":\"https:\/\/exceladvisor.org\/es\/agregar-marca-de-agua\/#primaryimage\"},\"image\":{\"@id\":\"https:\/\/exceladvisor.org\/es\/agregar-marca-de-agua\/#primaryimage\"},\"thumbnailUrl\":\"https:\/\/exceladvisor.org\/wp-content\/uploads\/2023\/08\/1-inserer-longlet-2.png\",\"datePublished\":\"2023-11-20T20:49:18+00:00\",\"dateModified\":\"2023-12-25T10:23:11+00:00\",\"breadcrumb\":{\"@id\":\"https:\/\/exceladvisor.org\/es\/agregar-marca-de-agua\/#breadcrumb\"},\"inLanguage\":\"es\",\"potentialAction\":[{\"@type\":\"ReadAction\",\"target\":[\"https:\/\/exceladvisor.org\/es\/agregar-marca-de-agua\/\"]}]},{\"@type\":\"ImageObject\",\"inLanguage\":\"es\",\"@id\":\"https:\/\/exceladvisor.org\/es\/agregar-marca-de-agua\/#primaryimage\",\"url\":\"https:\/\/exceladvisor.org\/wp-content\/uploads\/2023\/08\/1-inserer-longlet-2.png\",\"contentUrl\":\"https:\/\/exceladvisor.org\/wp-content\/uploads\/2023\/08\/1-inserer-longlet-2.png\"},{\"@type\":\"BreadcrumbList\",\"@id\":\"https:\/\/exceladvisor.org\/es\/agregar-marca-de-agua\/#breadcrumb\",\"itemListElement\":[{\"@type\":\"ListItem\",\"position\":1,\"name\":\"Hogar\",\"item\":\"https:\/\/exceladvisor.org\/es\/\"},{\"@type\":\"ListItem\",\"position\":2,\"name\":\"\u00bfc\u00f3mo agregar una marca de agua en excel?\"}]},{\"@type\":\"WebSite\",\"@id\":\"https:\/\/exceladvisor.org\/es\/#website\",\"url\":\"https:\/\/exceladvisor.org\/es\/\",\"name\":\"Excel Advisor\",\"description\":\"Su gu\u00eda para la dominaci\u00f3n de datos!\",\"publisher\":{\"@id\":\"https:\/\/exceladvisor.org\/es\/#organization\"},\"potentialAction\":[{\"@type\":\"SearchAction\",\"target\":{\"@type\":\"EntryPoint\",\"urlTemplate\":\"https:\/\/exceladvisor.org\/es\/?s={search_term_string}\"},\"query-input\":{\"@type\":\"PropertyValueSpecification\",\"valueRequired\":true,\"valueName\":\"search_term_string\"}}],\"inLanguage\":\"es\"},{\"@type\":\"Organization\",\"@id\":\"https:\/\/exceladvisor.org\/es\/#organization\",\"name\":\"Excel Advisor\",\"url\":\"https:\/\/exceladvisor.org\/es\/\",\"logo\":{\"@type\":\"ImageObject\",\"inLanguage\":\"es\",\"@id\":\"https:\/\/exceladvisor.org\/es\/#\/schema\/logo\/image\/\",\"url\":\"https:\/\/exceladvisor.org\/es\/wp-content\/uploads\/2023\/12\/exceladvisor.org_.png\",\"contentUrl\":\"https:\/\/exceladvisor.org\/es\/wp-content\/uploads\/2023\/12\/exceladvisor.org_.png\",\"width\":105,\"height\":36,\"caption\":\"Excel Advisor\"},\"image\":{\"@id\":\"https:\/\/exceladvisor.org\/es\/#\/schema\/logo\/image\/\"}}]}<\/script>\n<!-- \/ Yoast SEO plugin. -->","yoast_head_json":{"title":"\u00bfc\u00f3mo agregar una marca de agua en excel?","robots":{"index":"index","follow":"follow","max-snippet":"max-snippet:-1","max-image-preview":"max-image-preview:large","max-video-preview":"max-video-preview:-1"},"canonical":"https:\/\/exceladvisor.org\/es\/agregar-marca-de-agua\/","og_locale":"es_ES","og_type":"article","og_title":"\u00bfc\u00f3mo agregar una marca de agua en excel?","og_description":"Una marca de agua es una imagen o texto transparente en el fondo del documento. Se puede utilizar para proteger el documento del uso no autorizado agregando la imagen o texto de fondo que indique que tiene derecho a usarlo o distribuirlo por adelantado o etiquetar el documento como \u201cConfidencial\u201d, \u201cBorrador\u201d, \u201cMuestra\u201d, \u201cVersiones\u201d, etc. Los [&hellip;]","og_url":"https:\/\/exceladvisor.org\/es\/agregar-marca-de-agua\/","og_site_name":"Excel Advisor","article_modified_time":"2023-12-25T10:23:11+00:00","og_image":[{"url":"https:\/\/exceladvisor.org\/wp-content\/uploads\/2023\/08\/1-inserer-longlet-2.png","type":"","width":"","height":""}],"twitter_card":"summary_large_image","twitter_misc":{"Tiempo de lectura":"6 minutos"},"schema":{"@context":"https:\/\/schema.org","@graph":[{"@type":"WebPage","@id":"https:\/\/exceladvisor.org\/es\/agregar-marca-de-agua\/","url":"https:\/\/exceladvisor.org\/es\/agregar-marca-de-agua\/","name":"\u00bfc\u00f3mo agregar una marca de agua en excel?","isPartOf":{"@id":"https:\/\/exceladvisor.org\/es\/#website"},"primaryImageOfPage":{"@id":"https:\/\/exceladvisor.org\/es\/agregar-marca-de-agua\/#primaryimage"},"image":{"@id":"https:\/\/exceladvisor.org\/es\/agregar-marca-de-agua\/#primaryimage"},"thumbnailUrl":"https:\/\/exceladvisor.org\/wp-content\/uploads\/2023\/08\/1-inserer-longlet-2.png","datePublished":"2023-11-20T20:49:18+00:00","dateModified":"2023-12-25T10:23:11+00:00","breadcrumb":{"@id":"https:\/\/exceladvisor.org\/es\/agregar-marca-de-agua\/#breadcrumb"},"inLanguage":"es","potentialAction":[{"@type":"ReadAction","target":["https:\/\/exceladvisor.org\/es\/agregar-marca-de-agua\/"]}]},{"@type":"ImageObject","inLanguage":"es","@id":"https:\/\/exceladvisor.org\/es\/agregar-marca-de-agua\/#primaryimage","url":"https:\/\/exceladvisor.org\/wp-content\/uploads\/2023\/08\/1-inserer-longlet-2.png","contentUrl":"https:\/\/exceladvisor.org\/wp-content\/uploads\/2023\/08\/1-inserer-longlet-2.png"},{"@type":"BreadcrumbList","@id":"https:\/\/exceladvisor.org\/es\/agregar-marca-de-agua\/#breadcrumb","itemListElement":[{"@type":"ListItem","position":1,"name":"Hogar","item":"https:\/\/exceladvisor.org\/es\/"},{"@type":"ListItem","position":2,"name":"\u00bfc\u00f3mo agregar una marca de agua en excel?"}]},{"@type":"WebSite","@id":"https:\/\/exceladvisor.org\/es\/#website","url":"https:\/\/exceladvisor.org\/es\/","name":"Excel Advisor","description":"Su gu\u00eda para la dominaci\u00f3n de datos!","publisher":{"@id":"https:\/\/exceladvisor.org\/es\/#organization"},"potentialAction":[{"@type":"SearchAction","target":{"@type":"EntryPoint","urlTemplate":"https:\/\/exceladvisor.org\/es\/?s={search_term_string}"},"query-input":{"@type":"PropertyValueSpecification","valueRequired":true,"valueName":"search_term_string"}}],"inLanguage":"es"},{"@type":"Organization","@id":"https:\/\/exceladvisor.org\/es\/#organization","name":"Excel Advisor","url":"https:\/\/exceladvisor.org\/es\/","logo":{"@type":"ImageObject","inLanguage":"es","@id":"https:\/\/exceladvisor.org\/es\/#\/schema\/logo\/image\/","url":"https:\/\/exceladvisor.org\/es\/wp-content\/uploads\/2023\/12\/exceladvisor.org_.png","contentUrl":"https:\/\/exceladvisor.org\/es\/wp-content\/uploads\/2023\/12\/exceladvisor.org_.png","width":105,"height":36,"caption":"Excel Advisor"},"image":{"@id":"https:\/\/exceladvisor.org\/es\/#\/schema\/logo\/image\/"}}]}},"yoast_meta":{"yoast_wpseo_title":"","yoast_wpseo_metadesc":"","yoast_wpseo_canonical":""},"_links":{"self":[{"href":"https:\/\/exceladvisor.org\/es\/wp-json\/wp\/v2\/pages\/22","targetHints":{"allow":["GET"]}}],"collection":[{"href":"https:\/\/exceladvisor.org\/es\/wp-json\/wp\/v2\/pages"}],"about":[{"href":"https:\/\/exceladvisor.org\/es\/wp-json\/wp\/v2\/types\/page"}],"author":[{"embeddable":true,"href":"https:\/\/exceladvisor.org\/es\/wp-json\/wp\/v2\/users\/1"}],"replies":[{"embeddable":true,"href":"https:\/\/exceladvisor.org\/es\/wp-json\/wp\/v2\/comments?post=22"}],"version-history":[{"count":1,"href":"https:\/\/exceladvisor.org\/es\/wp-json\/wp\/v2\/pages\/22\/revisions"}],"predecessor-version":[{"id":823,"href":"https:\/\/exceladvisor.org\/es\/wp-json\/wp\/v2\/pages\/22\/revisions\/823"}],"wp:attachment":[{"href":"https:\/\/exceladvisor.org\/es\/wp-json\/wp\/v2\/media?parent=22"}],"curies":[{"name":"wp","href":"https:\/\/api.w.org\/{rel}","templated":true}]}}