{"id":220,"date":"2023-11-11T11:17:32","date_gmt":"2023-11-11T11:17:32","guid":{"rendered":"https:\/\/exceladvisor.org\/es\/encontrar-reemplazar\/"},"modified":"2023-12-25T10:23:42","modified_gmt":"2023-12-25T10:23:42","slug":"encontrar-reemplazar","status":"publish","type":"page","link":"https:\/\/exceladvisor.org\/es\/encontrar-reemplazar\/","title":{"rendered":"\u00bfc\u00f3mo buscar y reemplazar en excel?"},"content":{"rendered":"<div class=\"excel-antes-del-contenido\" id=\"excel-547175438\"><script type=\"text\/javascript\">\r\n\tatOptions = {\r\n\t\t'key' : 'c1158f160081d6540a8409e6925dab94',\r\n\t\t'format' : 'iframe',\r\n\t\t'height' : 250,\r\n\t\t'width' : 300,\r\n\t\t'params' : {}\r\n\t};\r\n<\/script>\r\n<script type=\"text\/javascript\" src=\"\/\/www.highperformanceformat.com\/c1158f160081d6540a8409e6925dab94\/invoke.js\"><\/script><\/div><p>A veces, cuando trabajamos en muchos proyectos, resulta complicado encontrar datos concretos en una hoja de c\u00e1lculo. Escanear el documento completo, que tiene cientos de filas y columnas, es algo imposible de hacer.<\/p>\n<p> Aqu\u00ed, con esta funci\u00f3n de b\u00fasqueda y reemplazo s\u00faper poderosa y pr\u00e1ctica, podemos encontrar cualquier n\u00famero, cadena o car\u00e1cter especial si sabes c\u00f3mo usarlo. Adem\u00e1s, la funci\u00f3n de reemplazo le permite cambiar cualquier palabra o valor por otros.<\/p>\n<p> En este tutorial, aprenderemos o comprenderemos c\u00f3mo funciona la funci\u00f3n Buscar y reemplazar.<\/p>\n<h2 class=\"wp-block-heading\"> Acceso directo para abrir Buscar y reemplazar<\/h2>\n<p> Para abrir r\u00e1pidamente la opci\u00f3n Buscar y reemplazar, puede utilizar los siguientes atajos de teclado.<\/p>\n<ul>\n<li> <strong>Buscar:<\/strong> Ctrl+F<\/li>\n<li> <strong>Reemplazar:<\/strong> Ctrl+H<\/li>\n<\/ul>\n<h2 class=\"wp-block-heading\"> Utilice la opci\u00f3n Buscar en Excel<\/h2>\n<p> Tomemos un ejemplo sencillo para entender c\u00f3mo funciona la opci\u00f3n de b\u00fasqueda.<\/p>\n<ol>\n<li> Primero vaya a la pesta\u00f1a <strong>Inicio<\/strong> , luego al grupo <strong>Edici\u00f3n<\/strong> . Haga clic en el men\u00fa desplegable Buscar y seleccionar y seleccione la opci\u00f3n \u00bb <strong>Buscar<\/strong> \u00ab. <br \/><img loading=\"lazy\" decoding=\"async\" title=\"1-opci\u00f3n-de-casa-y-encontrar\" src=\"https:\/\/exceladvisor.org\/wp-content\/uploads\/2023\/08\/1-option-daccueil-et-de-recherche.png\" sizes=\"auto, \" srcset=\"\" alt=\"click-home-and-select-find-option\" width=\"813\" height=\"248\"><\/li>\n<li> Una vez que haga clic en \u00e9l, se abrir\u00e1 el cuadro de di\u00e1logo \u00bb <strong>Buscar y reemplazar<\/strong> \u00bb en la ventana.<\/li>\n<li> Ahora puede escribir el valor en el cuadro de entrada \u00bb <strong>Buscar<\/strong> \u00bb que desea buscar en su hoja de c\u00e1lculo.<\/li>\n<li> Despu\u00e9s de eso, presione el bot\u00f3n \u201cEntrar\u201d y notar\u00e1 que se resaltar\u00e1 la celda con el mismo valor. <br \/><img loading=\"lazy\" decoding=\"async\" title=\"2-busca-qu\u00e9-opci\u00f3n-e-ingresa\" src=\"https:\/\/exceladvisor.org\/wp-content\/uploads\/2023\/08\/2-trouvez-quelle-option-et-entrez.png\" sizes=\"auto, \" srcset=\"\" alt=\"fill-find-what-option-and-enter\" width=\"676\" height=\"271\"><\/li>\n<\/ol>\n<p> Cuando hace clic en el bot\u00f3n \u00bb <strong>Buscar todo<\/strong> \u00ab, le proporcionar\u00e1 una lista de celdas donde se encuentra ese valor o palabra. Cuando se utiliza el bot\u00f3n \u00abBuscar siguiente\u00bb, Excel selecciona la otra celda donde aparece el valor de b\u00fasqueda en la hoja, y as\u00ed sucesivamente. <\/p>\n<div class=\"wp-block-image\">\n<figure class=\"aligncenter size-full is-resized\"><img loading=\"lazy\" decoding=\"async\" class=\"wp-image-70737\" src=\"https:\/\/exceladvisor.org\/wp-content\/uploads\/2023\/08\/3-trouver-toutes-les-fonctions.png\" sizes=\"auto, \" srcset=\"\" alt=\"haga clic en buscar todas las funciones para todos los valores\" width=\"714\" height=\"320\"><\/figure>\n<\/div>\n<h2 class=\"wp-block-heading\"> Utilice la opci\u00f3n Reemplazar en Excel<\/h2>\n<p> Ahora veamos c\u00f3mo podemos reemplazar el valor o dato particular por otro de la hoja de trabajo. Estos son los siguientes pasos a seguir:<\/p>\n<ol>\n<li> En primer lugar, puede abrir el cuadro de di\u00e1logo \u00abReemplazar\u00bb usando las <strong>teclas de m\u00e9todo abreviado, es decir,<\/strong> <strong>Ctrl + H.<\/strong> <br \/><img loading=\"lazy\" decoding=\"async\" title=\"4-cuadro-de-di\u00e1logo-buscar-y-reemplazar\" src=\"https:\/\/exceladvisor.org\/wp-content\/uploads\/2023\/08\/4-boite-de-dialogue-Rechercher-et-remplacer.png\" sizes=\"auto, \" srcset=\"\" alt=\"find-and-replace-dialog-box\" width=\"669\" height=\"229\"><\/li>\n<li> Habr\u00e1 dos cuadros de di\u00e1logo que son \u00bb <strong>Buscar qu\u00e9<\/strong> \u00bb y \u00bb <strong>Reemplazar con<\/strong> \u00ab. En este puedes completar el valor o texto que deseas buscar y reemplazarlo.<\/li>\n<li> Ahora <strong>haz clic en el<\/strong> <strong>bot\u00f3n<\/strong> \u201c <strong>Reemplazar<\/strong> \u201d y ver\u00e1s cada valor que se reemplaza uno por uno. (Esto funciona como la opci\u00f3n \u00bb <strong>Buscar siguiente<\/strong> \u00ab). <br \/><img loading=\"lazy\" decoding=\"async\" title=\"5-usar-reemplazar-opci\u00f3n-1\" src=\"https:\/\/exceladvisor.org\/wp-content\/uploads\/2023\/08\/5-utilisez-loption-de-remplacement-1.png\" sizes=\"auto, \" srcset=\"\" alt=\"\" width=\"742\" height=\"252\"><\/li>\n<li> Adem\u00e1s, el bot\u00f3n \u201c <strong>Reemplazar todo<\/strong> \u201d te ahorrar\u00e1 tiempo y <strong>reemplazar\u00e1 todos los datos<\/strong> <strong>con solo un clic<\/strong> . <br \/><img loading=\"lazy\" decoding=\"async\" title=\"6-reemplazar-todo-opci\u00f3n\" src=\"https:\/\/exceladvisor.org\/wp-content\/uploads\/2023\/08\/6-remplacer-toutes-les-options.png\" sizes=\"auto, \" srcset=\"\" alt=\"use-replace-all-option\" width=\"669\" height=\"228\"><\/li>\n<\/ol>\n<h2 class=\"wp-block-heading\"> Buscar y reemplazar con m\u00e1s opciones<\/h2>\n<p> Hay opciones avanzadas en el cuadro de di\u00e1logo Buscar y reemplazar que le ayudar\u00e1n a personalizar los datos seg\u00fan sus necesidades en la hoja de c\u00e1lculo. Discutamoslo en detalle:<\/p>\n<ol>\n<li> Primero, use las <strong>teclas de acceso r\u00e1pido Ctrl+F<\/strong> para abrir el cuadro de di\u00e1logo de b\u00fasqueda. A continuaci\u00f3n, haga clic en el bot\u00f3n \u00bb <strong>Opciones<\/strong> \u00bb en el cuadro de di\u00e1logo.<\/li>\n<li> Una vez que hagas clic en \u00e9l, podr\u00e1s encontrar diferentes configuraciones con varias condiciones espec\u00edficas.<\/li>\n<li> El primero es \u201c <strong>Adentro<\/strong> \u201d. Cuando hace clic en el men\u00fa desplegable all\u00ed, tiene la opci\u00f3n de buscar el valor en la hoja o en todo el libro. <br \/><img loading=\"lazy\" decoding=\"async\" title=\"7-opciones-m\u00e1s-en-la-hoja\" src=\"https:\/\/exceladvisor.org\/wp-content\/uploads\/2023\/08\/7-options-supplementaires-dans-la-feuille.png\" sizes=\"auto, \" srcset=\"\" alt=\"more-options-within-sheet-find-and-replace\" width=\"703\" height=\"322\"><\/li>\n<li> Luego el \u201c <strong>cuadro de b\u00fasqueda<\/strong> \u201d te permitir\u00e1 buscar los datos por separado en filas y columnas.<\/li>\n<li> Sin embargo, en el caso de <strong>la opci\u00f3n \u00abBuscar en\u00bb,<\/strong> puede buscar directamente una celda que contenga una f\u00f3rmula, valores y comentarios espec\u00edficos. <br \/><img loading=\"lazy\" decoding=\"async\" title=\"8 opciones de b\u00fasqueda y b\u00fasqueda\" src=\"https:\/\/exceladvisor.org\/wp-content\/uploads\/2023\/08\/8-rechercher-et-regarder-dans-les-options.png\" sizes=\"auto, \" srcset=\"\" alt=\"search-and-look-in-options-find-and-replace\" width=\"692\" height=\"283\"><\/li>\n<\/ol>\n<p> <strong>Coincidir entre may\u00fasculas y min\u00fasculas:<\/strong> puede marcar esta opci\u00f3n cuando desee buscar un valor con may\u00fasculas y min\u00fasculas exactas. Por ejemplo: cuando tienes un valor en may\u00fasculas y quieres buscar valores solo en may\u00fasculas. <\/p>\n<div class=\"wp-block-image\">\n<figure class=\"aligncenter size-full is-resized\"><img loading=\"lazy\" decoding=\"async\" class=\"wp-image-70962\" src=\"https:\/\/exceladvisor.org\/wp-content\/uploads\/2023\/08\/11-ajouts-de-boitiers-dallumettes.png\" sizes=\"auto, \" srcset=\"\" alt=\"adiciones de casos coincidentes\" width=\"764\" height=\"390\"><\/figure>\n<\/div>\n<p> <strong>Coincidir con todo el contenido de la celda:<\/strong> al hacer clic en esta opci\u00f3n, le ayudar\u00e1 a resaltar exactamente la misma coincidencia que agreg\u00f3 en su b\u00fasqueda. Adem\u00e1s, en este caso, no es posible encontrar el mismo valor con ning\u00fan s\u00edmbolo o car\u00e1cter. <\/p>\n<div class=\"wp-block-image\">\n<figure class=\"aligncenter size-full is-resized\"><img loading=\"lazy\" decoding=\"async\" class=\"wp-image-70966\" src=\"https:\/\/exceladvisor.org\/wp-content\/uploads\/2023\/08\/12-correspondent-a-des-ajouts-de-contenu-de-cellule-entiers.png\" sizes=\"auto, \" srcset=\"\" alt=\"\" width=\"798\" height=\"412\"><\/figure>\n<\/div>\n<div class=\"gb-container gb-container-4db6181c gb-container-mt\"> <a class=\"gb-button gb-button-c5897111 gb-button-text gb-button-mt-button\" href=\"https:\/\/exceladvisor.org\/es\/conceptos-basicos-de-excel\/\">Conceptos b\u00e1sicos de Microsoft Excel (componentes, piezas y notas de conocimiento)<\/a><\/p>\n<h2 class=\"gb-headline gb-headline-665e5f6b gb-headline-text gb-headline-mt-heading\"> Tutoriales relacionados <\/h2>\n<div class=\"gb-grid-wrapper gb-grid-wrapper-a20baf7c gb-grid-wrapper-mt-grid\">\n<div class=\"gb-grid-column gb-grid-column-65ddf67e\">\n<div class=\"gb-container gb-container-65ddf67e\">\n<ul>\n<li> <a href=\"https:\/\/exceladvisor.org\/es\/dibuja-una-linea\/\">Dibuja una l\u00ednea en Excel<\/a><\/li>\n<li> <a href=\"https:\/\/exceladvisor.org\/es\/agregar-un-boton\/\">Agregar un bot\u00f3n en Excel<\/a><\/li>\n<li> <a href=\"https:\/\/exceladvisor.org\/es\/fusionar-celulas-disociadas\/\">Fusionar: desagrupar celdas en Excel<\/a><\/li>\n<li> <a href=\"https:\/\/exceladvisor.org\/es\/corrector-ortografico\/\">Corrector ortogr\u00e1fico en Excel<\/a><\/li>\n<li> <a href=\"https:\/\/exceladvisor.org\/es\/retiro\/\">Aumentar y disminuir sangr\u00eda en Excel<\/a> <\/li>\n<\/ul>\n<\/div>\n<\/div>\n<div class=\"gb-grid-column gb-grid-column-50067b57\">\n<div class=\"gb-container gb-container-50067b57\"><\/div>\n<\/div>\n<\/div>\n<\/div>\n","protected":false},"excerpt":{"rendered":"<p>A veces, cuando trabajamos en muchos proyectos, resulta complicado encontrar datos concretos en una hoja de c\u00e1lculo. Escanear el documento completo, que tiene cientos de filas y columnas, es algo imposible de hacer. Aqu\u00ed, con esta funci\u00f3n de b\u00fasqueda y reemplazo s\u00faper poderosa y pr\u00e1ctica, podemos encontrar cualquier n\u00famero, cadena o car\u00e1cter especial si sabes [&hellip;]<\/p>\n","protected":false},"author":1,"featured_media":0,"parent":0,"menu_order":0,"comment_status":"open","ping_status":"closed","template":"","meta":{"ub_ctt_via":"","footnotes":""},"class_list":["post-220","page","type-page","status-publish","hentry"],"featured_image_src":null,"yoast_head":"<!-- This site is optimized with the Yoast SEO plugin v25.4 - https:\/\/yoast.com\/wordpress\/plugins\/seo\/ -->\n<title>\u00bfc\u00f3mo buscar y reemplazar en excel?<\/title>\n<meta name=\"robots\" content=\"index, follow, max-snippet:-1, max-image-preview:large, max-video-preview:-1\" \/>\n<link rel=\"canonical\" href=\"https:\/\/exceladvisor.org\/es\/encontrar-reemplazar\/\" \/>\n<meta property=\"og:locale\" content=\"es_ES\" \/>\n<meta property=\"og:type\" content=\"article\" \/>\n<meta property=\"og:title\" content=\"\u00bfc\u00f3mo buscar y reemplazar en excel?\" \/>\n<meta property=\"og:description\" content=\"A veces, cuando trabajamos en muchos proyectos, resulta complicado encontrar datos concretos en una hoja de c\u00e1lculo. Escanear el documento completo, que tiene cientos de filas y columnas, es algo imposible de hacer. Aqu\u00ed, con esta funci\u00f3n de b\u00fasqueda y reemplazo s\u00faper poderosa y pr\u00e1ctica, podemos encontrar cualquier n\u00famero, cadena o car\u00e1cter especial si sabes [&hellip;]\" \/>\n<meta property=\"og:url\" content=\"https:\/\/exceladvisor.org\/es\/encontrar-reemplazar\/\" \/>\n<meta property=\"og:site_name\" content=\"Excel Advisor\" \/>\n<meta property=\"article:modified_time\" content=\"2023-12-25T10:23:42+00:00\" \/>\n<meta property=\"og:image\" content=\"https:\/\/exceladvisor.org\/wp-content\/uploads\/2023\/08\/1-option-daccueil-et-de-recherche.png\" \/>\n<meta name=\"twitter:card\" content=\"summary_large_image\" \/>\n<meta name=\"twitter:label1\" content=\"Tiempo de lectura\" \/>\n\t<meta name=\"twitter:data1\" content=\"4 minutos\" \/>\n<script type=\"application\/ld+json\" class=\"yoast-schema-graph\">{\"@context\":\"https:\/\/schema.org\",\"@graph\":[{\"@type\":\"WebPage\",\"@id\":\"https:\/\/exceladvisor.org\/es\/encontrar-reemplazar\/\",\"url\":\"https:\/\/exceladvisor.org\/es\/encontrar-reemplazar\/\",\"name\":\"\u00bfc\u00f3mo buscar y reemplazar en excel?\",\"isPartOf\":{\"@id\":\"https:\/\/exceladvisor.org\/es\/#website\"},\"primaryImageOfPage\":{\"@id\":\"https:\/\/exceladvisor.org\/es\/encontrar-reemplazar\/#primaryimage\"},\"image\":{\"@id\":\"https:\/\/exceladvisor.org\/es\/encontrar-reemplazar\/#primaryimage\"},\"thumbnailUrl\":\"https:\/\/exceladvisor.org\/wp-content\/uploads\/2023\/08\/1-option-daccueil-et-de-recherche.png\",\"datePublished\":\"2023-11-11T11:17:32+00:00\",\"dateModified\":\"2023-12-25T10:23:42+00:00\",\"breadcrumb\":{\"@id\":\"https:\/\/exceladvisor.org\/es\/encontrar-reemplazar\/#breadcrumb\"},\"inLanguage\":\"es\",\"potentialAction\":[{\"@type\":\"ReadAction\",\"target\":[\"https:\/\/exceladvisor.org\/es\/encontrar-reemplazar\/\"]}]},{\"@type\":\"ImageObject\",\"inLanguage\":\"es\",\"@id\":\"https:\/\/exceladvisor.org\/es\/encontrar-reemplazar\/#primaryimage\",\"url\":\"https:\/\/exceladvisor.org\/wp-content\/uploads\/2023\/08\/1-option-daccueil-et-de-recherche.png\",\"contentUrl\":\"https:\/\/exceladvisor.org\/wp-content\/uploads\/2023\/08\/1-option-daccueil-et-de-recherche.png\"},{\"@type\":\"BreadcrumbList\",\"@id\":\"https:\/\/exceladvisor.org\/es\/encontrar-reemplazar\/#breadcrumb\",\"itemListElement\":[{\"@type\":\"ListItem\",\"position\":1,\"name\":\"Hogar\",\"item\":\"https:\/\/exceladvisor.org\/es\/\"},{\"@type\":\"ListItem\",\"position\":2,\"name\":\"\u00bfc\u00f3mo buscar y reemplazar en excel?\"}]},{\"@type\":\"WebSite\",\"@id\":\"https:\/\/exceladvisor.org\/es\/#website\",\"url\":\"https:\/\/exceladvisor.org\/es\/\",\"name\":\"Excel Advisor\",\"description\":\"Su gu\u00eda para la dominaci\u00f3n de datos!\",\"publisher\":{\"@id\":\"https:\/\/exceladvisor.org\/es\/#organization\"},\"potentialAction\":[{\"@type\":\"SearchAction\",\"target\":{\"@type\":\"EntryPoint\",\"urlTemplate\":\"https:\/\/exceladvisor.org\/es\/?s={search_term_string}\"},\"query-input\":{\"@type\":\"PropertyValueSpecification\",\"valueRequired\":true,\"valueName\":\"search_term_string\"}}],\"inLanguage\":\"es\"},{\"@type\":\"Organization\",\"@id\":\"https:\/\/exceladvisor.org\/es\/#organization\",\"name\":\"Excel Advisor\",\"url\":\"https:\/\/exceladvisor.org\/es\/\",\"logo\":{\"@type\":\"ImageObject\",\"inLanguage\":\"es\",\"@id\":\"https:\/\/exceladvisor.org\/es\/#\/schema\/logo\/image\/\",\"url\":\"https:\/\/exceladvisor.org\/es\/wp-content\/uploads\/2023\/12\/exceladvisor.org_.png\",\"contentUrl\":\"https:\/\/exceladvisor.org\/es\/wp-content\/uploads\/2023\/12\/exceladvisor.org_.png\",\"width\":105,\"height\":36,\"caption\":\"Excel Advisor\"},\"image\":{\"@id\":\"https:\/\/exceladvisor.org\/es\/#\/schema\/logo\/image\/\"}}]}<\/script>\n<!-- \/ Yoast SEO plugin. -->","yoast_head_json":{"title":"\u00bfc\u00f3mo buscar y reemplazar en excel?","robots":{"index":"index","follow":"follow","max-snippet":"max-snippet:-1","max-image-preview":"max-image-preview:large","max-video-preview":"max-video-preview:-1"},"canonical":"https:\/\/exceladvisor.org\/es\/encontrar-reemplazar\/","og_locale":"es_ES","og_type":"article","og_title":"\u00bfc\u00f3mo buscar y reemplazar en excel?","og_description":"A veces, cuando trabajamos en muchos proyectos, resulta complicado encontrar datos concretos en una hoja de c\u00e1lculo. Escanear el documento completo, que tiene cientos de filas y columnas, es algo imposible de hacer. Aqu\u00ed, con esta funci\u00f3n de b\u00fasqueda y reemplazo s\u00faper poderosa y pr\u00e1ctica, podemos encontrar cualquier n\u00famero, cadena o car\u00e1cter especial si sabes [&hellip;]","og_url":"https:\/\/exceladvisor.org\/es\/encontrar-reemplazar\/","og_site_name":"Excel Advisor","article_modified_time":"2023-12-25T10:23:42+00:00","og_image":[{"url":"https:\/\/exceladvisor.org\/wp-content\/uploads\/2023\/08\/1-option-daccueil-et-de-recherche.png","type":"","width":"","height":""}],"twitter_card":"summary_large_image","twitter_misc":{"Tiempo de lectura":"4 minutos"},"schema":{"@context":"https:\/\/schema.org","@graph":[{"@type":"WebPage","@id":"https:\/\/exceladvisor.org\/es\/encontrar-reemplazar\/","url":"https:\/\/exceladvisor.org\/es\/encontrar-reemplazar\/","name":"\u00bfc\u00f3mo buscar y reemplazar en excel?","isPartOf":{"@id":"https:\/\/exceladvisor.org\/es\/#website"},"primaryImageOfPage":{"@id":"https:\/\/exceladvisor.org\/es\/encontrar-reemplazar\/#primaryimage"},"image":{"@id":"https:\/\/exceladvisor.org\/es\/encontrar-reemplazar\/#primaryimage"},"thumbnailUrl":"https:\/\/exceladvisor.org\/wp-content\/uploads\/2023\/08\/1-option-daccueil-et-de-recherche.png","datePublished":"2023-11-11T11:17:32+00:00","dateModified":"2023-12-25T10:23:42+00:00","breadcrumb":{"@id":"https:\/\/exceladvisor.org\/es\/encontrar-reemplazar\/#breadcrumb"},"inLanguage":"es","potentialAction":[{"@type":"ReadAction","target":["https:\/\/exceladvisor.org\/es\/encontrar-reemplazar\/"]}]},{"@type":"ImageObject","inLanguage":"es","@id":"https:\/\/exceladvisor.org\/es\/encontrar-reemplazar\/#primaryimage","url":"https:\/\/exceladvisor.org\/wp-content\/uploads\/2023\/08\/1-option-daccueil-et-de-recherche.png","contentUrl":"https:\/\/exceladvisor.org\/wp-content\/uploads\/2023\/08\/1-option-daccueil-et-de-recherche.png"},{"@type":"BreadcrumbList","@id":"https:\/\/exceladvisor.org\/es\/encontrar-reemplazar\/#breadcrumb","itemListElement":[{"@type":"ListItem","position":1,"name":"Hogar","item":"https:\/\/exceladvisor.org\/es\/"},{"@type":"ListItem","position":2,"name":"\u00bfc\u00f3mo buscar y reemplazar en excel?"}]},{"@type":"WebSite","@id":"https:\/\/exceladvisor.org\/es\/#website","url":"https:\/\/exceladvisor.org\/es\/","name":"Excel Advisor","description":"Su gu\u00eda para la dominaci\u00f3n de datos!","publisher":{"@id":"https:\/\/exceladvisor.org\/es\/#organization"},"potentialAction":[{"@type":"SearchAction","target":{"@type":"EntryPoint","urlTemplate":"https:\/\/exceladvisor.org\/es\/?s={search_term_string}"},"query-input":{"@type":"PropertyValueSpecification","valueRequired":true,"valueName":"search_term_string"}}],"inLanguage":"es"},{"@type":"Organization","@id":"https:\/\/exceladvisor.org\/es\/#organization","name":"Excel Advisor","url":"https:\/\/exceladvisor.org\/es\/","logo":{"@type":"ImageObject","inLanguage":"es","@id":"https:\/\/exceladvisor.org\/es\/#\/schema\/logo\/image\/","url":"https:\/\/exceladvisor.org\/es\/wp-content\/uploads\/2023\/12\/exceladvisor.org_.png","contentUrl":"https:\/\/exceladvisor.org\/es\/wp-content\/uploads\/2023\/12\/exceladvisor.org_.png","width":105,"height":36,"caption":"Excel Advisor"},"image":{"@id":"https:\/\/exceladvisor.org\/es\/#\/schema\/logo\/image\/"}}]}},"yoast_meta":{"yoast_wpseo_title":"","yoast_wpseo_metadesc":"","yoast_wpseo_canonical":""},"_links":{"self":[{"href":"https:\/\/exceladvisor.org\/es\/wp-json\/wp\/v2\/pages\/220","targetHints":{"allow":["GET"]}}],"collection":[{"href":"https:\/\/exceladvisor.org\/es\/wp-json\/wp\/v2\/pages"}],"about":[{"href":"https:\/\/exceladvisor.org\/es\/wp-json\/wp\/v2\/types\/page"}],"author":[{"embeddable":true,"href":"https:\/\/exceladvisor.org\/es\/wp-json\/wp\/v2\/users\/1"}],"replies":[{"embeddable":true,"href":"https:\/\/exceladvisor.org\/es\/wp-json\/wp\/v2\/comments?post=220"}],"version-history":[{"count":1,"href":"https:\/\/exceladvisor.org\/es\/wp-json\/wp\/v2\/pages\/220\/revisions"}],"predecessor-version":[{"id":866,"href":"https:\/\/exceladvisor.org\/es\/wp-json\/wp\/v2\/pages\/220\/revisions\/866"}],"wp:attachment":[{"href":"https:\/\/exceladvisor.org\/es\/wp-json\/wp\/v2\/media?parent=220"}],"curies":[{"name":"wp","href":"https:\/\/api.w.org\/{rel}","templated":true}]}}