{"id":221,"date":"2023-11-11T10:48:33","date_gmt":"2023-11-11T10:48:33","guid":{"rendered":"https:\/\/exceladvisor.org\/es\/promedio-de-celdas-no-vacias-2\/"},"modified":"2023-12-25T10:33:48","modified_gmt":"2023-12-25T10:33:48","slug":"promedio-de-celdas-no-vacias-2","status":"publish","type":"page","link":"https:\/\/exceladvisor.org\/es\/promedio-de-celdas-no-vacias-2\/","title":{"rendered":"Promedio solo de celdas que no est\u00e1n en blanco en excel"},"content":{"rendered":"<div class=\"excel-antes-del-contenido\" id=\"excel-1398863171\"><script type=\"text\/javascript\">\r\n\tatOptions = {\r\n\t\t'key' : 'c1158f160081d6540a8409e6925dab94',\r\n\t\t'format' : 'iframe',\r\n\t\t'height' : 250,\r\n\t\t'width' : 300,\r\n\t\t'params' : {}\r\n\t};\r\n<\/script>\r\n<script type=\"text\/javascript\" src=\"\/\/www.highperformanceformat.com\/c1158f160081d6540a8409e6925dab94\/invoke.js\"><\/script><\/div><p>Para calcular el promedio de celdas que no est\u00e1n en blanco en Excel, debe usar la funci\u00f3n PROMEDIOSI. Y en los criterios, debe usar el operador <a href=\"https:\/\/exceladvisor.org\/es\/no-es-igual\/\">no es igual<\/a> para referirse solo a celdas que no est\u00e1n en blanco. En este tutorial, veremos esta f\u00f3rmula en profundidad.<\/p>\n<h2 class=\"wp-block-heading\"> Promedio solo de celdas que no est\u00e1n vac\u00edas<\/h2>\n<p> Puede utilizar los siguientes pasos:<\/p>\n<ol type=\"1\">\n<li> Primero, en la celda C1, ingrese la funci\u00f3n PROMEDIOSI.<\/li>\n<li> Despu\u00e9s de eso, en el primer argumento (rango), consulte el rango A1:A9.<\/li>\n<li> Ahora, en el segundo argumento, enter no es igual al operador que usa comillas dobles.<\/li>\n<li> Al final, ingrese el par\u00e9ntesis de cierre y presione Enter para obtener el resultado. <\/li>\n<\/ol>\n<div class=\"wp-block-image\">\n<figure class=\"aligncenter size-full is-resized\"><img loading=\"lazy\" decoding=\"async\" class=\"wp-image-79245\" src=\"https:\/\/exceladvisor.org\/wp-content\/uploads\/2023\/08\/1-moyenne-si-pour-les-cellules-non-vides.png\" sizes=\"auto, \" srcset=\"\" alt=\"promedios para celdas no vac\u00edas\" width=\"484\" height=\"525\"><\/figure>\n<\/div>\n<pre class=\"wp-block-code\"> <code class=\"language-excel-formula\" lang=\"excel-formula\">=AVERAGEIF(A1:A9,\"&lt;&gt;\")<\/code><\/pre>\n<p> Cuando lo usa, AVERAGEIF solo considera las celdas que no est\u00e1n vac\u00edas y promedia solo esas celdas. Puedes ver que cuando selecciono las celdas donde tenemos un valor, se muestra el mismo promedio en la <a href=\"https:\/\/exceladvisor.org\/es\/barra-de-estado\/\">barra de estado<\/a> . <\/p>\n<div class=\"wp-block-image\">\n<figure class=\"aligncenter size-full is-resized\"><img loading=\"lazy\" decoding=\"async\" class=\"wp-image-79246\" src=\"https:\/\/exceladvisor.org\/wp-content\/uploads\/2023\/08\/2-resultat-moyen-pour-les-cellules-non-vides.png\" sizes=\"auto, \" srcset=\"\" alt=\"resultado-promedio-para-celdas-no-vac\u00edas\" width=\"589\" height=\"324\"><\/figure>\n<\/div>\n<h2 class=\"wp-block-heading\"> Un problema que podr\u00edas enfrentar<\/h2>\n<p> Puede suceder que tengas una celda vac\u00eda en el rango y esa celda vac\u00eda tenga un espacio invisible. En este caso, su f\u00f3rmula no considerar\u00e1 esta celda como un espacio en blanco y calcular\u00e1 el promedio incluy\u00e9ndola tambi\u00e9n.<\/p>\n<p> Bueno, puedes usar la siguiente f\u00f3rmula donde hemos usado PROMEDIOSI para especificar dos criterios, uno es incluir celdas que no est\u00e9n en blanco y el otro es ignorar las celdas con un espacio.<\/p>\n<pre class=\"wp-block-code\"> <code class=\"language-excel-formula\" lang=\"excel-formula\">=AVERAGEIFS(A1:A9,A1:A9,\"&lt;&gt;\",A1:A9,\"&lt;&gt;\"&amp;\" \")<\/code><\/pre>\n<div class=\"gb-container gb-container-52dfcee1 gb-container-sample-file\">\n<h2 class=\"gb-headline gb-headline-e289c143 gb-headline-text gb-headline-4f7959c2\"> Obtener el archivo Excel<\/h2>\n<p> <a class=\"gb-button gb-button-e88d6bee gb-button-text gb-button-button1\" href=\"https:\/\/exceladvisor.org\/wp-content\/uploads\/2023\/08\/moyenne-des-cellules-non-vides.xlsx\" rel=\"nofollow\">Descargar<\/a><\/p>\n<\/div>\n<div class=\"gb-container gb-container-0df56012 gb-container-mt\"> <a class=\"gb-button gb-button-f9f432f4 gb-button-text gb-button-mt-button\" href=\"https:\/\/exceladvisor.org\/es\/formulas\/\">Lista de f\u00f3rmulas de Excel<\/a><\/p>\n<h2 class=\"gb-headline gb-headline-233444e8 gb-headline-text gb-headline-mt-heading\"> F\u00f3rmulas relacionadas <\/h2>\n<div class=\"gb-grid-wrapper gb-grid-wrapper-a16fa65c gb-grid-wrapper-mt-grid\">\n<div class=\"gb-grid-column gb-grid-column-50d07e0d\">\n<div class=\"gb-container gb-container-50d07e0d\">\n<ul>\n<li> <a href=\"https:\/\/exceladvisor.org\/es\/valores-maximos-promedio\/\">Promedio de los 5 valores m\u00e1s altos en Excel<\/a><\/li>\n<li> <a href=\"https:\/\/exceladvisor.org\/es\/peso-promedio\/\">Calcular promedio ponderado en Excel<\/a><\/li>\n<li> <a href=\"https:\/\/exceladvisor.org\/es\/errores-promedio-ignorados-2\/\">Promedio pero ignorar errores (#N\/A y otros errores)<\/a><\/li>\n<li> <a href=\"https:\/\/exceladvisor.org\/es\/el-promedio-excluye-ceros-2\/\">N\u00famero promedio pero excluye ceros<\/a> <\/li>\n<\/ul>\n<\/div>\n<\/div>\n<div class=\"gb-grid-column gb-grid-column-5b4a0cf9\">\n<div class=\"gb-container gb-container-5b4a0cf9\"><\/div>\n<\/div>\n<\/div>\n<\/div>\n","protected":false},"excerpt":{"rendered":"<p>Para calcular el promedio de celdas que no est\u00e1n en blanco en Excel, debe usar la funci\u00f3n PROMEDIOSI. Y en los criterios, debe usar el operador no es igual para referirse solo a celdas que no est\u00e1n en blanco. En este tutorial, veremos esta f\u00f3rmula en profundidad. Promedio solo de celdas que no est\u00e1n vac\u00edas [&hellip;]<\/p>\n","protected":false},"author":1,"featured_media":0,"parent":0,"menu_order":0,"comment_status":"open","ping_status":"closed","template":"","meta":{"ub_ctt_via":"","footnotes":""},"class_list":["post-221","page","type-page","status-publish","hentry"],"featured_image_src":null,"yoast_head":"<!-- This site is optimized with the Yoast SEO plugin v25.4 - https:\/\/yoast.com\/wordpress\/plugins\/seo\/ -->\n<title>Promedio solo de celdas que no est\u00e1n en blanco en excel<\/title>\n<meta name=\"robots\" content=\"index, follow, max-snippet:-1, max-image-preview:large, max-video-preview:-1\" \/>\n<link rel=\"canonical\" href=\"https:\/\/exceladvisor.org\/es\/promedio-de-celdas-no-vacias-2\/\" \/>\n<meta property=\"og:locale\" content=\"es_ES\" \/>\n<meta property=\"og:type\" content=\"article\" \/>\n<meta property=\"og:title\" content=\"Promedio solo de celdas que no est\u00e1n en blanco en excel\" \/>\n<meta property=\"og:description\" content=\"Para calcular el promedio de celdas que no est\u00e1n en blanco en Excel, debe usar la funci\u00f3n PROMEDIOSI. Y en los criterios, debe usar el operador no es igual para referirse solo a celdas que no est\u00e1n en blanco. En este tutorial, veremos esta f\u00f3rmula en profundidad. Promedio solo de celdas que no est\u00e1n vac\u00edas [&hellip;]\" \/>\n<meta property=\"og:url\" content=\"https:\/\/exceladvisor.org\/es\/promedio-de-celdas-no-vacias-2\/\" \/>\n<meta property=\"og:site_name\" content=\"Excel Advisor\" \/>\n<meta property=\"article:modified_time\" content=\"2023-12-25T10:33:48+00:00\" \/>\n<meta property=\"og:image\" content=\"https:\/\/exceladvisor.org\/wp-content\/uploads\/2023\/08\/1-moyenne-si-pour-les-cellules-non-vides.png\" \/>\n<meta name=\"twitter:card\" content=\"summary_large_image\" \/>\n<meta name=\"twitter:label1\" content=\"Tiempo de lectura\" \/>\n\t<meta name=\"twitter:data1\" content=\"2 minutos\" \/>\n<script type=\"application\/ld+json\" class=\"yoast-schema-graph\">{\"@context\":\"https:\/\/schema.org\",\"@graph\":[{\"@type\":\"WebPage\",\"@id\":\"https:\/\/exceladvisor.org\/es\/promedio-de-celdas-no-vacias-2\/\",\"url\":\"https:\/\/exceladvisor.org\/es\/promedio-de-celdas-no-vacias-2\/\",\"name\":\"Promedio solo de celdas que no est\u00e1n en blanco en excel\",\"isPartOf\":{\"@id\":\"https:\/\/exceladvisor.org\/es\/#website\"},\"primaryImageOfPage\":{\"@id\":\"https:\/\/exceladvisor.org\/es\/promedio-de-celdas-no-vacias-2\/#primaryimage\"},\"image\":{\"@id\":\"https:\/\/exceladvisor.org\/es\/promedio-de-celdas-no-vacias-2\/#primaryimage\"},\"thumbnailUrl\":\"https:\/\/exceladvisor.org\/wp-content\/uploads\/2023\/08\/1-moyenne-si-pour-les-cellules-non-vides.png\",\"datePublished\":\"2023-11-11T10:48:33+00:00\",\"dateModified\":\"2023-12-25T10:33:48+00:00\",\"breadcrumb\":{\"@id\":\"https:\/\/exceladvisor.org\/es\/promedio-de-celdas-no-vacias-2\/#breadcrumb\"},\"inLanguage\":\"es\",\"potentialAction\":[{\"@type\":\"ReadAction\",\"target\":[\"https:\/\/exceladvisor.org\/es\/promedio-de-celdas-no-vacias-2\/\"]}]},{\"@type\":\"ImageObject\",\"inLanguage\":\"es\",\"@id\":\"https:\/\/exceladvisor.org\/es\/promedio-de-celdas-no-vacias-2\/#primaryimage\",\"url\":\"https:\/\/exceladvisor.org\/wp-content\/uploads\/2023\/08\/1-moyenne-si-pour-les-cellules-non-vides.png\",\"contentUrl\":\"https:\/\/exceladvisor.org\/wp-content\/uploads\/2023\/08\/1-moyenne-si-pour-les-cellules-non-vides.png\"},{\"@type\":\"BreadcrumbList\",\"@id\":\"https:\/\/exceladvisor.org\/es\/promedio-de-celdas-no-vacias-2\/#breadcrumb\",\"itemListElement\":[{\"@type\":\"ListItem\",\"position\":1,\"name\":\"Hogar\",\"item\":\"https:\/\/exceladvisor.org\/es\/\"},{\"@type\":\"ListItem\",\"position\":2,\"name\":\"Promedio solo de celdas que no est\u00e1n en blanco en excel\"}]},{\"@type\":\"WebSite\",\"@id\":\"https:\/\/exceladvisor.org\/es\/#website\",\"url\":\"https:\/\/exceladvisor.org\/es\/\",\"name\":\"Excel Advisor\",\"description\":\"Su gu\u00eda para la dominaci\u00f3n de datos!\",\"publisher\":{\"@id\":\"https:\/\/exceladvisor.org\/es\/#organization\"},\"potentialAction\":[{\"@type\":\"SearchAction\",\"target\":{\"@type\":\"EntryPoint\",\"urlTemplate\":\"https:\/\/exceladvisor.org\/es\/?s={search_term_string}\"},\"query-input\":{\"@type\":\"PropertyValueSpecification\",\"valueRequired\":true,\"valueName\":\"search_term_string\"}}],\"inLanguage\":\"es\"},{\"@type\":\"Organization\",\"@id\":\"https:\/\/exceladvisor.org\/es\/#organization\",\"name\":\"Excel Advisor\",\"url\":\"https:\/\/exceladvisor.org\/es\/\",\"logo\":{\"@type\":\"ImageObject\",\"inLanguage\":\"es\",\"@id\":\"https:\/\/exceladvisor.org\/es\/#\/schema\/logo\/image\/\",\"url\":\"https:\/\/exceladvisor.org\/es\/wp-content\/uploads\/2023\/12\/exceladvisor.org_.png\",\"contentUrl\":\"https:\/\/exceladvisor.org\/es\/wp-content\/uploads\/2023\/12\/exceladvisor.org_.png\",\"width\":105,\"height\":36,\"caption\":\"Excel Advisor\"},\"image\":{\"@id\":\"https:\/\/exceladvisor.org\/es\/#\/schema\/logo\/image\/\"}}]}<\/script>\n<!-- \/ Yoast SEO plugin. -->","yoast_head_json":{"title":"Promedio solo de celdas que no est\u00e1n en blanco en excel","robots":{"index":"index","follow":"follow","max-snippet":"max-snippet:-1","max-image-preview":"max-image-preview:large","max-video-preview":"max-video-preview:-1"},"canonical":"https:\/\/exceladvisor.org\/es\/promedio-de-celdas-no-vacias-2\/","og_locale":"es_ES","og_type":"article","og_title":"Promedio solo de celdas que no est\u00e1n en blanco en excel","og_description":"Para calcular el promedio de celdas que no est\u00e1n en blanco en Excel, debe usar la funci\u00f3n PROMEDIOSI. Y en los criterios, debe usar el operador no es igual para referirse solo a celdas que no est\u00e1n en blanco. En este tutorial, veremos esta f\u00f3rmula en profundidad. Promedio solo de celdas que no est\u00e1n vac\u00edas [&hellip;]","og_url":"https:\/\/exceladvisor.org\/es\/promedio-de-celdas-no-vacias-2\/","og_site_name":"Excel Advisor","article_modified_time":"2023-12-25T10:33:48+00:00","og_image":[{"url":"https:\/\/exceladvisor.org\/wp-content\/uploads\/2023\/08\/1-moyenne-si-pour-les-cellules-non-vides.png","type":"","width":"","height":""}],"twitter_card":"summary_large_image","twitter_misc":{"Tiempo de lectura":"2 minutos"},"schema":{"@context":"https:\/\/schema.org","@graph":[{"@type":"WebPage","@id":"https:\/\/exceladvisor.org\/es\/promedio-de-celdas-no-vacias-2\/","url":"https:\/\/exceladvisor.org\/es\/promedio-de-celdas-no-vacias-2\/","name":"Promedio solo de celdas que no est\u00e1n en blanco en excel","isPartOf":{"@id":"https:\/\/exceladvisor.org\/es\/#website"},"primaryImageOfPage":{"@id":"https:\/\/exceladvisor.org\/es\/promedio-de-celdas-no-vacias-2\/#primaryimage"},"image":{"@id":"https:\/\/exceladvisor.org\/es\/promedio-de-celdas-no-vacias-2\/#primaryimage"},"thumbnailUrl":"https:\/\/exceladvisor.org\/wp-content\/uploads\/2023\/08\/1-moyenne-si-pour-les-cellules-non-vides.png","datePublished":"2023-11-11T10:48:33+00:00","dateModified":"2023-12-25T10:33:48+00:00","breadcrumb":{"@id":"https:\/\/exceladvisor.org\/es\/promedio-de-celdas-no-vacias-2\/#breadcrumb"},"inLanguage":"es","potentialAction":[{"@type":"ReadAction","target":["https:\/\/exceladvisor.org\/es\/promedio-de-celdas-no-vacias-2\/"]}]},{"@type":"ImageObject","inLanguage":"es","@id":"https:\/\/exceladvisor.org\/es\/promedio-de-celdas-no-vacias-2\/#primaryimage","url":"https:\/\/exceladvisor.org\/wp-content\/uploads\/2023\/08\/1-moyenne-si-pour-les-cellules-non-vides.png","contentUrl":"https:\/\/exceladvisor.org\/wp-content\/uploads\/2023\/08\/1-moyenne-si-pour-les-cellules-non-vides.png"},{"@type":"BreadcrumbList","@id":"https:\/\/exceladvisor.org\/es\/promedio-de-celdas-no-vacias-2\/#breadcrumb","itemListElement":[{"@type":"ListItem","position":1,"name":"Hogar","item":"https:\/\/exceladvisor.org\/es\/"},{"@type":"ListItem","position":2,"name":"Promedio solo de celdas que no est\u00e1n en blanco en excel"}]},{"@type":"WebSite","@id":"https:\/\/exceladvisor.org\/es\/#website","url":"https:\/\/exceladvisor.org\/es\/","name":"Excel Advisor","description":"Su gu\u00eda para la dominaci\u00f3n de datos!","publisher":{"@id":"https:\/\/exceladvisor.org\/es\/#organization"},"potentialAction":[{"@type":"SearchAction","target":{"@type":"EntryPoint","urlTemplate":"https:\/\/exceladvisor.org\/es\/?s={search_term_string}"},"query-input":{"@type":"PropertyValueSpecification","valueRequired":true,"valueName":"search_term_string"}}],"inLanguage":"es"},{"@type":"Organization","@id":"https:\/\/exceladvisor.org\/es\/#organization","name":"Excel Advisor","url":"https:\/\/exceladvisor.org\/es\/","logo":{"@type":"ImageObject","inLanguage":"es","@id":"https:\/\/exceladvisor.org\/es\/#\/schema\/logo\/image\/","url":"https:\/\/exceladvisor.org\/es\/wp-content\/uploads\/2023\/12\/exceladvisor.org_.png","contentUrl":"https:\/\/exceladvisor.org\/es\/wp-content\/uploads\/2023\/12\/exceladvisor.org_.png","width":105,"height":36,"caption":"Excel Advisor"},"image":{"@id":"https:\/\/exceladvisor.org\/es\/#\/schema\/logo\/image\/"}}]}},"yoast_meta":{"yoast_wpseo_title":"","yoast_wpseo_metadesc":"","yoast_wpseo_canonical":""},"_links":{"self":[{"href":"https:\/\/exceladvisor.org\/es\/wp-json\/wp\/v2\/pages\/221","targetHints":{"allow":["GET"]}}],"collection":[{"href":"https:\/\/exceladvisor.org\/es\/wp-json\/wp\/v2\/pages"}],"about":[{"href":"https:\/\/exceladvisor.org\/es\/wp-json\/wp\/v2\/types\/page"}],"author":[{"embeddable":true,"href":"https:\/\/exceladvisor.org\/es\/wp-json\/wp\/v2\/users\/1"}],"replies":[{"embeddable":true,"href":"https:\/\/exceladvisor.org\/es\/wp-json\/wp\/v2\/comments?post=221"}],"version-history":[{"count":1,"href":"https:\/\/exceladvisor.org\/es\/wp-json\/wp\/v2\/pages\/221\/revisions"}],"predecessor-version":[{"id":1497,"href":"https:\/\/exceladvisor.org\/es\/wp-json\/wp\/v2\/pages\/221\/revisions\/1497"}],"wp:attachment":[{"href":"https:\/\/exceladvisor.org\/es\/wp-json\/wp\/v2\/media?parent=221"}],"curies":[{"name":"wp","href":"https:\/\/api.w.org\/{rel}","templated":true}]}}