{"id":223,"date":"2023-11-10T19:33:35","date_gmt":"2023-11-10T19:33:35","guid":{"rendered":"https:\/\/exceladvisor.org\/es\/grafico-de-gantt\/"},"modified":"2023-12-25T10:33:39","modified_gmt":"2023-12-25T10:33:39","slug":"grafico-de-gantt","status":"publish","type":"page","link":"https:\/\/exceladvisor.org\/es\/grafico-de-gantt\/","title":{"rendered":"Plantilla de diagrama de gantt de excel"},"content":{"rendered":"<div class=\"excel-antes-del-contenido\" id=\"excel-209516446\"><script type=\"text\/javascript\">\r\n\tatOptions = {\r\n\t\t'key' : 'c1158f160081d6540a8409e6925dab94',\r\n\t\t'format' : 'iframe',\r\n\t\t'height' : 250,\r\n\t\t'width' : 300,\r\n\t\t'params' : {}\r\n\t};\r\n<\/script>\r\n<script type=\"text\/javascript\" src=\"\/\/www.highperformanceformat.com\/c1158f160081d6540a8409e6925dab94\/invoke.js\"><\/script><\/div><p>Los directores de proyectos conocen la importancia del seguimiento y la medici\u00f3n.<\/p>\n<p> Siempre prefieren analizar constantemente el progreso de su proyecto y esta es una de las principales cosas que les ayuda a completar sus proyectos a tiempo.<\/p>\n<p> Y para un director de proyectos, la mejor herramienta para realizar el seguimiento de un proyecto es un diagrama de Gantt.<\/p>\n<p> <em>S\u00ed, un diagrama de Gantt.<\/em><\/p>\n<p> <em>Un diagrama de Gantt es uno de los diagramas m\u00e1s populares que ayuda a los directores de proyectos de todo el mundo con sus proyectos. Puedes seguir el progreso paso a paso en esta tabla: fecha de inicio y finalizaci\u00f3n de cada paso, cu\u00e1ntos d\u00edas se tomaron, d\u00edas de retraso, etc.<\/em><\/p>\n<p> Como a continuaci\u00f3n: <\/p>\n<div class=\"wp-block-image\">\n<figure class=\"aligncenter\"><img decoding=\"async\" src=\"https:\/\/exceladvisor.org\/wp-content\/uploads\/2023\/08\/modele-de-diagramme-de-gantt-excel-1.png\" sizes=\"\" srcset=\"\" alt=\"plantilla de diagrama de gantt de excel\"><\/figure>\n<\/div>\n<p> Y hoy me gustar\u00eda compartir una plantilla de diagrama de Gantt de Excel sencilla y eficaz que puedes utilizar para realizar un seguimiento de tu proyecto. Entonces, exploremos esta plantilla y puede descargarla al final de este art\u00edculo.<\/p>\n<h2 id=\"0-features\" class=\"wp-block-heading\"> Caracter\u00edsticas<\/h2>\n<p> Esta plantilla tiene caracter\u00edsticas \u00fanicas que pueden ayudarlo a realizar un seguimiento de sus proyectos de manera m\u00e1s eficiente.<\/p>\n<h3 id=\"1-1-track-any-project-up-to-31-days\" class=\"wp-block-heading\"> 1. Realice un seguimiento de cualquier proyecto durante hasta 31 d\u00edas<\/h3>\n<p> Puedes seguir un proyecto hasta por 30 d\u00edas (que es prorrogable). <\/p>\n<div class=\"wp-block-image\">\n<figure class=\"aligncenter\"><img decoding=\"async\" src=\"https:\/\/exceladvisor.org\/wp-content\/uploads\/2023\/08\/suivre-jusqua-31-jours-dans-le-modele-de-diagramme-de-Gantt-Excel-1.png\" sizes=\"\" srcset=\"\" alt=\"\"><\/figure>\n<\/div>\n<p> Y, cuando desee expandir estos d\u00edas, simplemente inserte una nueva columna al final y copie y pegue las f\u00f3rmulas y el formato de la \u00faltima columna en esta nueva columna. Tambi\u00e9n puedes utilizar un <a href=\"https:\/\/exceladvisor.org\/es\/formato-pintor\/\">pintor de formatos para copiar el formato<\/a> .<\/p>\n<h3 id=\"2-2-track-up-to-10-stages-of-a-project\" class=\"wp-block-heading\"> 2. Realice un seguimiento de hasta 10 pasos de un proyecto<\/h3>\n<p> Puedes seguir hasta 10 pasos (que es ampliable). <\/p>\n<div class=\"wp-block-image\">\n<figure class=\"aligncenter\"><img decoding=\"async\" src=\"https:\/\/exceladvisor.org\/wp-content\/uploads\/2023\/08\/suivre-jusqua-10-etapes-dans-le-modele-de-diagramme-de-Gantt-Excel-1.png\" sizes=\"\" srcset=\"\" alt=\"\"><\/figure>\n<\/div>\n<p> Cuando desee agregar nuevos pasos, simplemente inserte una nueva fila al final y copie y pegue las f\u00f3rmulas y el formato de la \u00faltima columna en esta nueva columna.<\/p>\n<h3 id=\"3-3-project-insights\" class=\"wp-block-heading\"> 3. Descripci\u00f3n general del proyecto<\/h3>\n<p> Una vez que haya ingresado sus entradas correctamente, podr\u00e1 obtener informaci\u00f3n de esas entradas. Adem\u00e1s, la informaci\u00f3n se actualizar\u00e1 instant\u00e1neamente con actualizaciones de los datos del modelo. <\/p>\n<div class=\"wp-block-image\">\n<figure class=\"aligncenter\"><img decoding=\"async\" src=\"https:\/\/exceladvisor.org\/wp-content\/uploads\/2023\/08\/idees-dans-le-modele-de-diagramme-de-gantt-excel-1.png\" sizes=\"\" srcset=\"\" alt=\"Ideas en la plantilla de diagrama de Gantt de Excel 1\"><\/figure>\n<\/div>\n<p> Si hay alg\u00fan paso en el proceso, mostrar\u00e1 el nombre del paso y si no hay ning\u00fan paso en el proceso, mostrar\u00e1 el nombre del \u00faltimo paso completado.<\/p>\n<p> Le mostrar\u00e1 la cantidad de pasos que se completan en la fecha objetivo, despu\u00e9s de la fecha objetivo y antes de la fecha objetivo. Si se completa un paso antes de la fecha objetivo, los d\u00edas que se registran se resaltar\u00e1n en verde. <\/p>\n<div class=\"wp-block-image\">\n<figure class=\"aligncenter\"><img decoding=\"async\" src=\"https:\/\/exceladvisor.org\/wp-content\/uploads\/2023\/08\/jours-verts-dans-le-modele-de-diagramme-de-gantt-excel-1.png\" sizes=\"\" srcset=\"\" alt=\"\"><\/figure>\n<\/div>\n<p> Si una etapa se completa despu\u00e9s de la fecha objetivo, los d\u00edas sobrantes se resaltar\u00e1n en rojo. <\/p>\n<div class=\"wp-block-image\">\n<figure class=\"aligncenter\"><img decoding=\"async\" src=\"https:\/\/exceladvisor.org\/wp-content\/uploads\/2023\/08\/jours-rouges-dans-le-modele-de-diagramme-de-gantt-excel-1.png\" sizes=\"\" srcset=\"\" alt=\"\"><\/figure>\n<\/div>\n<h2 id=\"4-how-to-use-it\" class=\"wp-block-heading\"> C\u00f3mo usarlo<\/h2>\n<p> Aqu\u00ed tenemos algunos puntos importantes que debe considerar al utilizar esta plantilla. En esta plantilla de diagrama de Gantt, tuve cuidado de ingresar un m\u00ednimo de detalles. Para seguir su proyecto (paso a paso), tenemos las siguientes entradas en esta plantilla.<\/p>\n<h3 id=\"5-1-stage-name-manual-entry\" class=\"wp-block-heading\"> 1. Nombre de la escena (entrada manual)<\/h3>\n<p> Puede ingresar un nombre espec\u00edfico para cada etapa de su proyecto. Y la cantidad m\u00e1xima de pasos que puede utilizar para un proyecto en esta plantilla es 10. <\/p>\n<div class=\"wp-block-image\">\n<figure class=\"aligncenter\"><img decoding=\"async\" src=\"https:\/\/exceladvisor.org\/wp-content\/uploads\/2023\/08\/etapes-du-projet-dans-le-modele-de-diagramme-de-gantt-excel-1.png\" sizes=\"\" srcset=\"\" alt=\"pasant\u00edas de proyectos en plantilla de diagrama de gantt de excel\"><\/figure>\n<\/div>\n<h3 id=\"6-2-start-date-manual-entry\" class=\"wp-block-heading\"> 2. Fecha de inicio (entrada manual):<\/h3>\n<p> Para cada etapa del proyecto, debe ingresar una fecha de inicio. Se considerar\u00e1 fecha de inicio del proyecto la fecha de inicio de la primera etapa del proyecto. Tambi\u00e9n puede especificar la fecha de inicio de una etapa anterior a la fecha de finalizaci\u00f3n de la etapa anterior. <\/p>\n<div class=\"wp-block-image\">\n<figure class=\"aligncenter\"><img decoding=\"async\" src=\"https:\/\/exceladvisor.org\/wp-content\/uploads\/2023\/08\/date-de-debut-de-letape-dans-le-modele-de-diagramme-de-gantt-excel-1.png\" sizes=\"\" srcset=\"\" alt=\"fecha de inicio del paso en la plantilla de diagrama de Gantt de Excel\"><\/figure>\n<\/div>\n<h3 id=\"7-3-target-days-manual-entry\" class=\"wp-block-heading\"> 3. D\u00edas objetivo [Entrada manual]<\/h3>\n<p> Una vez que haya especificado la fecha de inicio de la etapa, deber\u00e1 especificar los d\u00edas objetivo para completar esta etapa. Esto ayudar\u00e1 a calcular la fecha de cierre prevista para un hito en particular. <\/p>\n<div class=\"wp-block-image\">\n<figure class=\"aligncenter\"><img decoding=\"async\" src=\"https:\/\/exceladvisor.org\/wp-content\/uploads\/2023\/08\/jours-cibles-detape-dans-le-modele-de-diagramme-de-gantt-excel-1.png\" sizes=\"\" srcset=\"\" alt=\"D\u00edas objetivo de hitos en la plantilla de diagrama de Gantt de Excel\"><\/figure>\n<\/div>\n<h3 id=\"8-4-target-end-date-auto-calculation\" class=\"wp-block-heading\"> 4. Fecha de finalizaci\u00f3n prevista [C\u00e1lculo autom\u00e1tico]<\/h3>\n<p> A partir de los d\u00edas objetivo para completar un paso, la \u00abFecha de finalizaci\u00f3n objetivo\u00bb se calcular\u00e1 autom\u00e1ticamente. Esto le dar\u00e1 una fecha l\u00edmite para completar su paso. <\/p>\n<div class=\"wp-block-image\">\n<figure class=\"aligncenter\"><img decoding=\"async\" src=\"https:\/\/exceladvisor.org\/wp-content\/uploads\/2023\/08\/date-de-fin-cible-dans-le-modele-de-diagramme-de-gantt-excel-1.png\" sizes=\"\" srcset=\"\" alt=\"fecha de finalizaci\u00f3n objetivo en la plantilla de diagrama de Gantt de Excel\"><\/figure>\n<\/div>\n<h3 id=\"9-5-actual-end-date-manual-entry\" class=\"wp-block-heading\"> 5. Fecha de finalizaci\u00f3n actual [Ingreso manual]<\/h3>\n<p> Una vez que se completa un paso, puede ingresar la fecha de cierre para ese paso. <\/p>\n<div class=\"wp-block-image\">\n<figure class=\"aligncenter\"><img decoding=\"async\" src=\"https:\/\/exceladvisor.org\/wp-content\/uploads\/2023\/08\/date-de-fin-reelle-dans-le-modele-de-diagramme-de-gantt-excel-1.png\" sizes=\"\" srcset=\"\" alt=\"fecha de finalizaci\u00f3n real en la plantilla de diagrama de Gantt de Excel\"><\/figure>\n<\/div>\n<p> Ya sea que la fecha de cierre real sea anterior o posterior a la fecha objetivo, esta plantilla tendr\u00e1 en cuenta esos d\u00edas en la informaci\u00f3n para mostrar la cantidad de pasos completados en la fecha objetivo.<\/p>\n<h3 id=\"10-6-actual-days-taken-auto-calculation\" class=\"wp-block-heading\"> 6. D\u00edas reales tomados [C\u00e1lculo autom\u00e1tico]<\/h3>\n<p> A partir de la fecha de finalizaci\u00f3n real, calcular\u00e1 los d\u00edas reales necesarios para completar un paso. <\/p>\n<div class=\"wp-block-image\">\n<figure class=\"aligncenter\"><img decoding=\"async\" src=\"https:\/\/exceladvisor.org\/wp-content\/uploads\/2023\/08\/jours-reels-pris-dans-le-modele-de-diagramme-de-gantt-excel-1.png\" sizes=\"\" srcset=\"\" alt=\"d\u00edas reales tomados en la plantilla de diagrama de Gantt de Excel\"><\/figure>\n<\/div>\n<h3 id=\"11-7-project-details\" class=\"wp-block-heading\"> 7. Detalles del proyecto<\/h3>\n<p> Puede ingresar o modificar los siguientes detalles para su proyecto.<\/p>\n<ul>\n<li> Nombre del proyecto.<\/li>\n<li> Nombre del director del proyecto y descripci\u00f3n del proyecto.<\/li>\n<\/ul>\n<p> Para editar los detalles, haga clic en el bot\u00f3n \u00abEditar detalles\u00bb en la parte superior derecha de la plantilla. <\/p>\n<div class=\"wp-block-image\">\n<figure class=\"aligncenter\"><img decoding=\"async\" src=\"https:\/\/exceladvisor.org\/wp-content\/uploads\/2023\/08\/modifier-les-details-dans-le-modele-de-diagramme-de-gantt-excel-1.png\" sizes=\"\" srcset=\"\" alt=\"editar detalles en la plantilla de diagrama de Gantt de Excel\"><\/figure>\n<\/div>\n<p> Una vez que haga clic en este bot\u00f3n, lo llevar\u00e1 a la secci\u00f3n de detalles donde podr\u00e1 editar o ingresar nuevos detalles para su proyecto. <\/p>\n<div class=\"wp-block-image\">\n<figure class=\"aligncenter\"><img decoding=\"async\" src=\"https:\/\/exceladvisor.org\/wp-content\/uploads\/2023\/08\/volet-de-details-dans-le-modele-de-diagramme-de-Gantt-Excel-1.png\" sizes=\"\" srcset=\"\" alt=\"panel de detalles en la plantilla de diagrama de Gantt de Excel\"><\/figure>\n<\/div>\n<p> Y, una vez que haya terminado con los detalles de su proyecto, haga clic en el bot\u00f3n Atr\u00e1s para regresar a su plantilla de diagrama de Gantt. <\/p>\n<div class=\"wp-block-image\">\n<figure class=\"aligncenter\"><img decoding=\"async\" src=\"https:\/\/exceladvisor.org\/wp-content\/uploads\/2023\/08\/bouton-de-retour-volet-dinformations-dans-le-modele-de-diagramme-de-gantt-excel-1.png\" sizes=\"\" srcset=\"\" alt=\"Bot\u00f3n Atr\u00e1s en el panel de detalles de la plantilla de diagrama de Gantt de Excel\"><\/figure>\n<\/div>\n<p> Tan pronto como cambie los detalles en la \u00abSecci\u00f3n de Detalles\u00bb, cambiar\u00e1n en su plantilla principal. La belleza de esta plantilla es \u00abSin edici\u00f3n compleja\u00bb.<\/p>\n<h2 id=\"12-download-your-template\" class=\"wp-block-heading\"> Descarga tu modelo<\/h2>\n<p> <a href=\"https:\/\/exceladvisor.org\/wp-content\/uploads\/2023\/11\/modele-de-diagramme-de-gantt-excel-2.xlsx\" target=\"_blank\" rel=\"noreferrer noopener nofollow\"><strong>enlace para descargar<\/strong><\/a><\/p>\n<h2 id=\"13-conclusion\" class=\"wp-block-heading\"> Conclusi\u00f3n<\/h2>\n<p> Esta plantilla de diagrama de Gantt es una herramienta \u00fatil si desea realizar un seguimiento de su proyecto. Esto no s\u00f3lo le ayudar\u00e1 a realizar un seguimiento sino que tambi\u00e9n le brindar\u00e1 informaci\u00f3n \u00fatil.<\/p>\n<p> Y lo mejor es que puedes ampliar sus d\u00edas y etapas si as\u00ed lo deseas. Espero que esta plantilla te ayude a mejorar tus finanzas. No olvides compartir esta plantilla con tus amigos.<\/p>\n<div class=\"gb-container gb-container-a61970aa gb-container-mt\"> <a class=\"gb-button gb-button-b4293c6c gb-button-text gb-button-mt-button\" href=\"https:\/\/exceladvisor.org\/es\/graficos-de-excel\/\">Tipos de gr\u00e1ficos de Excel<\/a><\/p>\n<h2 class=\"gb-headline gb-headline-5bf2e581 gb-headline-text gb-headline-mt-heading\"> Tutoriales relacionados <\/h2>\n<div class=\"gb-grid-wrapper gb-grid-wrapper-9b70abf1 gb-grid-wrapper-mt-grid\">\n<div class=\"gb-grid-column gb-grid-column-97a95c29\">\n<div class=\"gb-container gb-container-97a95c29\">\n<ul>\n<li> <a href=\"https:\/\/exceladvisor.org\/es\/grafico-de-gofres\/\">TABLERO EN RELIEVE<\/a><\/li>\n<li> <a href=\"https:\/\/exceladvisor.org\/es\/grafico-de-embudo\/\">gr\u00e1fico de embudo<\/a><\/li>\n<li> <a href=\"https:\/\/exceladvisor.org\/es\/tablero-de-balas\/\">gr\u00e1fico de vi\u00f1etas<\/a><\/li>\n<li> <a href=\"https:\/\/exceladvisor.org\/es\/mapa-de-calor\/\">Mapa de calor<\/a> <\/li>\n<\/ul>\n<\/div>\n<\/div>\n<div class=\"gb-grid-column gb-grid-column-0636840f\">\n<div class=\"gb-container gb-container-0636840f\">\n<ul>\n<li> <a href=\"https:\/\/exceladvisor.org\/es\/tabla-de-tornados\/\">gr\u00e1fico de tornado<\/a><\/li>\n<li> <a href=\"https:\/\/exceladvisor.org\/es\/graficos-avanzados\/\">Gr\u00e1ficos avanzados de Excel<\/a><\/li>\n<li> <a href=\"https:\/\/exceladvisor.org\/es\/pictograma\/\">Pictograf\u00eda<\/a><\/li>\n<li> <a href=\"https:\/\/exceladvisor.org\/es\/mesa-de-termometro\/\">Cuadro de term\u00f3metro<\/a><\/li>\n<\/ul>\n<\/div>\n<\/div>\n<\/div>\n<\/div>\n","protected":false},"excerpt":{"rendered":"<p>Los directores de proyectos conocen la importancia del seguimiento y la medici\u00f3n. Siempre prefieren analizar constantemente el progreso de su proyecto y esta es una de las principales cosas que les ayuda a completar sus proyectos a tiempo. Y para un director de proyectos, la mejor herramienta para realizar el seguimiento de un proyecto es [&hellip;]<\/p>\n","protected":false},"author":1,"featured_media":0,"parent":0,"menu_order":0,"comment_status":"open","ping_status":"closed","template":"","meta":{"ub_ctt_via":"","footnotes":""},"class_list":["post-223","page","type-page","status-publish","hentry"],"featured_image_src":null,"yoast_head":"<!-- This site is optimized with the Yoast SEO plugin v25.4 - https:\/\/yoast.com\/wordpress\/plugins\/seo\/ -->\n<title>Plantilla de diagrama de gantt de excel<\/title>\n<meta name=\"robots\" content=\"index, follow, max-snippet:-1, max-image-preview:large, max-video-preview:-1\" \/>\n<link rel=\"canonical\" href=\"https:\/\/exceladvisor.org\/es\/grafico-de-gantt\/\" \/>\n<meta property=\"og:locale\" content=\"es_ES\" \/>\n<meta property=\"og:type\" content=\"article\" \/>\n<meta property=\"og:title\" content=\"Plantilla de diagrama de gantt de excel\" \/>\n<meta property=\"og:description\" content=\"Los directores de proyectos conocen la importancia del seguimiento y la medici\u00f3n. Siempre prefieren analizar constantemente el progreso de su proyecto y esta es una de las principales cosas que les ayuda a completar sus proyectos a tiempo. Y para un director de proyectos, la mejor herramienta para realizar el seguimiento de un proyecto es [&hellip;]\" \/>\n<meta property=\"og:url\" content=\"https:\/\/exceladvisor.org\/es\/grafico-de-gantt\/\" \/>\n<meta property=\"og:site_name\" content=\"Excel Advisor\" \/>\n<meta property=\"article:modified_time\" content=\"2023-12-25T10:33:39+00:00\" \/>\n<meta property=\"og:image\" content=\"https:\/\/exceladvisor.org\/wp-content\/uploads\/2023\/08\/modele-de-diagramme-de-gantt-excel-1.png\" \/>\n<meta name=\"twitter:card\" content=\"summary_large_image\" \/>\n<meta name=\"twitter:label1\" content=\"Tiempo de lectura\" \/>\n\t<meta name=\"twitter:data1\" content=\"5 minutos\" \/>\n<script type=\"application\/ld+json\" class=\"yoast-schema-graph\">{\"@context\":\"https:\/\/schema.org\",\"@graph\":[{\"@type\":\"WebPage\",\"@id\":\"https:\/\/exceladvisor.org\/es\/grafico-de-gantt\/\",\"url\":\"https:\/\/exceladvisor.org\/es\/grafico-de-gantt\/\",\"name\":\"Plantilla de diagrama de gantt de excel\",\"isPartOf\":{\"@id\":\"https:\/\/exceladvisor.org\/es\/#website\"},\"primaryImageOfPage\":{\"@id\":\"https:\/\/exceladvisor.org\/es\/grafico-de-gantt\/#primaryimage\"},\"image\":{\"@id\":\"https:\/\/exceladvisor.org\/es\/grafico-de-gantt\/#primaryimage\"},\"thumbnailUrl\":\"https:\/\/exceladvisor.org\/wp-content\/uploads\/2023\/08\/modele-de-diagramme-de-gantt-excel-1.png\",\"datePublished\":\"2023-11-10T19:33:35+00:00\",\"dateModified\":\"2023-12-25T10:33:39+00:00\",\"breadcrumb\":{\"@id\":\"https:\/\/exceladvisor.org\/es\/grafico-de-gantt\/#breadcrumb\"},\"inLanguage\":\"es\",\"potentialAction\":[{\"@type\":\"ReadAction\",\"target\":[\"https:\/\/exceladvisor.org\/es\/grafico-de-gantt\/\"]}]},{\"@type\":\"ImageObject\",\"inLanguage\":\"es\",\"@id\":\"https:\/\/exceladvisor.org\/es\/grafico-de-gantt\/#primaryimage\",\"url\":\"https:\/\/exceladvisor.org\/wp-content\/uploads\/2023\/08\/modele-de-diagramme-de-gantt-excel-1.png\",\"contentUrl\":\"https:\/\/exceladvisor.org\/wp-content\/uploads\/2023\/08\/modele-de-diagramme-de-gantt-excel-1.png\"},{\"@type\":\"BreadcrumbList\",\"@id\":\"https:\/\/exceladvisor.org\/es\/grafico-de-gantt\/#breadcrumb\",\"itemListElement\":[{\"@type\":\"ListItem\",\"position\":1,\"name\":\"Hogar\",\"item\":\"https:\/\/exceladvisor.org\/es\/\"},{\"@type\":\"ListItem\",\"position\":2,\"name\":\"Plantilla de diagrama de gantt de excel\"}]},{\"@type\":\"WebSite\",\"@id\":\"https:\/\/exceladvisor.org\/es\/#website\",\"url\":\"https:\/\/exceladvisor.org\/es\/\",\"name\":\"Excel Advisor\",\"description\":\"Su gu\u00eda para la dominaci\u00f3n de datos!\",\"publisher\":{\"@id\":\"https:\/\/exceladvisor.org\/es\/#organization\"},\"potentialAction\":[{\"@type\":\"SearchAction\",\"target\":{\"@type\":\"EntryPoint\",\"urlTemplate\":\"https:\/\/exceladvisor.org\/es\/?s={search_term_string}\"},\"query-input\":{\"@type\":\"PropertyValueSpecification\",\"valueRequired\":true,\"valueName\":\"search_term_string\"}}],\"inLanguage\":\"es\"},{\"@type\":\"Organization\",\"@id\":\"https:\/\/exceladvisor.org\/es\/#organization\",\"name\":\"Excel Advisor\",\"url\":\"https:\/\/exceladvisor.org\/es\/\",\"logo\":{\"@type\":\"ImageObject\",\"inLanguage\":\"es\",\"@id\":\"https:\/\/exceladvisor.org\/es\/#\/schema\/logo\/image\/\",\"url\":\"https:\/\/exceladvisor.org\/es\/wp-content\/uploads\/2023\/12\/exceladvisor.org_.png\",\"contentUrl\":\"https:\/\/exceladvisor.org\/es\/wp-content\/uploads\/2023\/12\/exceladvisor.org_.png\",\"width\":105,\"height\":36,\"caption\":\"Excel Advisor\"},\"image\":{\"@id\":\"https:\/\/exceladvisor.org\/es\/#\/schema\/logo\/image\/\"}}]}<\/script>\n<!-- \/ Yoast SEO plugin. -->","yoast_head_json":{"title":"Plantilla de diagrama de gantt de excel","robots":{"index":"index","follow":"follow","max-snippet":"max-snippet:-1","max-image-preview":"max-image-preview:large","max-video-preview":"max-video-preview:-1"},"canonical":"https:\/\/exceladvisor.org\/es\/grafico-de-gantt\/","og_locale":"es_ES","og_type":"article","og_title":"Plantilla de diagrama de gantt de excel","og_description":"Los directores de proyectos conocen la importancia del seguimiento y la medici\u00f3n. Siempre prefieren analizar constantemente el progreso de su proyecto y esta es una de las principales cosas que les ayuda a completar sus proyectos a tiempo. Y para un director de proyectos, la mejor herramienta para realizar el seguimiento de un proyecto es [&hellip;]","og_url":"https:\/\/exceladvisor.org\/es\/grafico-de-gantt\/","og_site_name":"Excel Advisor","article_modified_time":"2023-12-25T10:33:39+00:00","og_image":[{"url":"https:\/\/exceladvisor.org\/wp-content\/uploads\/2023\/08\/modele-de-diagramme-de-gantt-excel-1.png","type":"","width":"","height":""}],"twitter_card":"summary_large_image","twitter_misc":{"Tiempo de lectura":"5 minutos"},"schema":{"@context":"https:\/\/schema.org","@graph":[{"@type":"WebPage","@id":"https:\/\/exceladvisor.org\/es\/grafico-de-gantt\/","url":"https:\/\/exceladvisor.org\/es\/grafico-de-gantt\/","name":"Plantilla de diagrama de gantt de excel","isPartOf":{"@id":"https:\/\/exceladvisor.org\/es\/#website"},"primaryImageOfPage":{"@id":"https:\/\/exceladvisor.org\/es\/grafico-de-gantt\/#primaryimage"},"image":{"@id":"https:\/\/exceladvisor.org\/es\/grafico-de-gantt\/#primaryimage"},"thumbnailUrl":"https:\/\/exceladvisor.org\/wp-content\/uploads\/2023\/08\/modele-de-diagramme-de-gantt-excel-1.png","datePublished":"2023-11-10T19:33:35+00:00","dateModified":"2023-12-25T10:33:39+00:00","breadcrumb":{"@id":"https:\/\/exceladvisor.org\/es\/grafico-de-gantt\/#breadcrumb"},"inLanguage":"es","potentialAction":[{"@type":"ReadAction","target":["https:\/\/exceladvisor.org\/es\/grafico-de-gantt\/"]}]},{"@type":"ImageObject","inLanguage":"es","@id":"https:\/\/exceladvisor.org\/es\/grafico-de-gantt\/#primaryimage","url":"https:\/\/exceladvisor.org\/wp-content\/uploads\/2023\/08\/modele-de-diagramme-de-gantt-excel-1.png","contentUrl":"https:\/\/exceladvisor.org\/wp-content\/uploads\/2023\/08\/modele-de-diagramme-de-gantt-excel-1.png"},{"@type":"BreadcrumbList","@id":"https:\/\/exceladvisor.org\/es\/grafico-de-gantt\/#breadcrumb","itemListElement":[{"@type":"ListItem","position":1,"name":"Hogar","item":"https:\/\/exceladvisor.org\/es\/"},{"@type":"ListItem","position":2,"name":"Plantilla de diagrama de gantt de excel"}]},{"@type":"WebSite","@id":"https:\/\/exceladvisor.org\/es\/#website","url":"https:\/\/exceladvisor.org\/es\/","name":"Excel Advisor","description":"Su gu\u00eda para la dominaci\u00f3n de datos!","publisher":{"@id":"https:\/\/exceladvisor.org\/es\/#organization"},"potentialAction":[{"@type":"SearchAction","target":{"@type":"EntryPoint","urlTemplate":"https:\/\/exceladvisor.org\/es\/?s={search_term_string}"},"query-input":{"@type":"PropertyValueSpecification","valueRequired":true,"valueName":"search_term_string"}}],"inLanguage":"es"},{"@type":"Organization","@id":"https:\/\/exceladvisor.org\/es\/#organization","name":"Excel Advisor","url":"https:\/\/exceladvisor.org\/es\/","logo":{"@type":"ImageObject","inLanguage":"es","@id":"https:\/\/exceladvisor.org\/es\/#\/schema\/logo\/image\/","url":"https:\/\/exceladvisor.org\/es\/wp-content\/uploads\/2023\/12\/exceladvisor.org_.png","contentUrl":"https:\/\/exceladvisor.org\/es\/wp-content\/uploads\/2023\/12\/exceladvisor.org_.png","width":105,"height":36,"caption":"Excel Advisor"},"image":{"@id":"https:\/\/exceladvisor.org\/es\/#\/schema\/logo\/image\/"}}]}},"yoast_meta":{"yoast_wpseo_title":"","yoast_wpseo_metadesc":"","yoast_wpseo_canonical":""},"_links":{"self":[{"href":"https:\/\/exceladvisor.org\/es\/wp-json\/wp\/v2\/pages\/223","targetHints":{"allow":["GET"]}}],"collection":[{"href":"https:\/\/exceladvisor.org\/es\/wp-json\/wp\/v2\/pages"}],"about":[{"href":"https:\/\/exceladvisor.org\/es\/wp-json\/wp\/v2\/types\/page"}],"author":[{"embeddable":true,"href":"https:\/\/exceladvisor.org\/es\/wp-json\/wp\/v2\/users\/1"}],"replies":[{"embeddable":true,"href":"https:\/\/exceladvisor.org\/es\/wp-json\/wp\/v2\/comments?post=223"}],"version-history":[{"count":1,"href":"https:\/\/exceladvisor.org\/es\/wp-json\/wp\/v2\/pages\/223\/revisions"}],"predecessor-version":[{"id":1488,"href":"https:\/\/exceladvisor.org\/es\/wp-json\/wp\/v2\/pages\/223\/revisions\/1488"}],"wp:attachment":[{"href":"https:\/\/exceladvisor.org\/es\/wp-json\/wp\/v2\/media?parent=223"}],"curies":[{"name":"wp","href":"https:\/\/api.w.org\/{rel}","templated":true}]}}