{"id":224,"date":"2023-11-10T19:17:27","date_gmt":"2023-11-10T19:17:27","guid":{"rendered":"https:\/\/exceladvisor.org\/es\/grafico-de-embudo\/"},"modified":"2023-12-25T10:25:11","modified_gmt":"2023-12-25T10:25:11","slug":"grafico-de-embudo","status":"publish","type":"page","link":"https:\/\/exceladvisor.org\/es\/grafico-de-embudo\/","title":{"rendered":"\u00bfc\u00f3mo crear un gr\u00e1fico de embudo en excel?"},"content":{"rendered":"<div class=\"excel-antes-del-contenido\" id=\"excel-1553922469\"><script type=\"text\/javascript\">\r\n\tatOptions = {\r\n\t\t'key' : 'c1158f160081d6540a8409e6925dab94',\r\n\t\t'format' : 'iframe',\r\n\t\t'height' : 250,\r\n\t\t'width' : 300,\r\n\t\t'params' : {}\r\n\t};\r\n<\/script>\r\n<script type=\"text\/javascript\" src=\"\/\/www.highperformanceformat.com\/c1158f160081d6540a8409e6925dab94\/invoke.js\"><\/script><\/div><p>La mejor manera de realizar un seguimiento de sus ventas es utilizar un gr\u00e1fico de embudo. Un gr\u00e1fico de embudo de ventas no solo describe los pasos del proceso, sino que tambi\u00e9n proporciona un embudo de conversi\u00f3n para su nuevo negocio. <\/p>\n<div class=\"wp-block-image\">\n<figure class=\"aligncenter\"><img decoding=\"async\" src=\"https:\/\/exceladvisor.org\/wp-content\/uploads\/2023\/08\/graphique-dentonnoir-des-ventes-dans-un-modele-excel-1.gif\" sizes=\"\" srcset=\"\" alt=\"gr\u00e1fico de embudo de ventas en plantilla de excel\"><\/figure>\n<\/div>\n<p> Y en el art\u00edculo de hoy, le mostrar\u00e9 los pasos exactos que puede seguir para crear un gr\u00e1fico de embudo de ventas en Excel. Bueno, no solo en ventas, puedes utilizar este gr\u00e1fico de embudo en cualquier proceso.<\/p>\n<p> Y ahora comencemos.<\/p>\n<h2 class=\"wp-block-heading\"> Pasos para crear un gr\u00e1fico de embudo de ventas en Excel<\/h2>\n<p> Tiene la siguiente tabla de datos para esta plantilla de gr\u00e1fico que <a style=\"outline: none;\" href=\"https:\/\/exceladvisor.org\/wp-content\/uploads\/2023\/11\/modele-dentonnoir-de-vente.zip\" rel=\"nofollow\">puede descargar desde aqu\u00ed<\/a> para seguirla. <\/p>\n<div class=\"wp-block-image\">\n<figure class=\"aligncenter\"><img decoding=\"async\" src=\"https:\/\/exceladvisor.org\/wp-content\/uploads\/2023\/08\/1-donnees-pour-creer-un-graphique-dentonnoir-de-vente-dans-Excel-min-1.png\" sizes=\"\" srcset=\"\" alt=\"\"><\/figure>\n<\/div>\n<ol>\n<li> Primero, <strong>inserte una columna de datos ficticia<\/strong> . <br \/><img decoding=\"async\" title=\"2-inserte-una-columna-ficticia-en-los-datos-para-crear-un-gr\u00e1fico-de-embudo-de-ventas-en-excel-min\" src=\"https:\/\/exceladvisor.org\/wp-content\/uploads\/2023\/08\/2-inserez-une-colonne-factice-dans-les-donnees-pour-creer-un-graphique-en-entonnoir-des-ventes-dans-Excel-min-1.png\" sizes=\"\" srcset=\"\" alt=\"\"><\/li>\n<li> En la celda B2, <strong>inserte la siguiente f\u00f3rmula<\/strong> en la <a href=\"https:\/\/exceladvisor.org\/es\/barra-de-formulas-de-excel\/\">barra de f\u00f3rmulas<\/a> y arr\u00e1strela hacia abajo. <br \/><img decoding=\"async\" title=\"3-inserte-f\u00f3rmula-en-columna-de-datos-para-crear-gr\u00e1fico-de-embudo-de-ventas-en-excel-min\" src=\"https:\/\/exceladvisor.org\/wp-content\/uploads\/2023\/08\/3-inserez-une-formule-dans-la-colonne-des-donnees-pour-creer-un-graphique-en-entonnoir-des-ventes-dans-Excel-min-1.png\" sizes=\"\" srcset=\"\" alt=\"\"> =(MAX($I$4:$I$7)-I4)\/2<\/li>\n<li> Para configurar el embudo de ventas, simplemente seleccione los datos e <strong>inserte un gr\u00e1fico de barras apiladas<\/strong> .<\/li>\n<li> Ahora tienes una mesa como esta. <br \/><img decoding=\"async\" title=\"4-insertar-un-histograma-para-crear-un-embudo-de-ventas-en-excel-min\" src=\"https:\/\/exceladvisor.org\/wp-content\/uploads\/2023\/08\/4-inserer-un-graphique-a-barres-pour-creer-un-graphique-en-entonnoir-des-ventes-dans-Excel-min-1.png\" sizes=\"\" srcset=\"\" alt=\"\"><\/li>\n<li> A partir de aqu\u00ed, necesitamos la siguiente personalizaci\u00f3n para convertir este gr\u00e1fico en un gr\u00e1fico de embudo de ventas.<\/li>\n<li> Ahora <strong>seleccione el eje vertical y cambie la categor\u00eda en orden inverso<\/strong> . Formatear eje \u2192 Opciones de eje \u2192 Posici\u00f3n del eje. <br \/><img decoding=\"async\" title=\"7-editar-en-orden-inverso-para-crear-un-gr\u00e1fico-de-embudo-de-ventas-en-excel-min\" src=\"https:\/\/exceladvisor.org\/wp-content\/uploads\/2023\/08\/7-changer-pour-inverser-lordre-pour-creer-un-graphique-dentonnoir-des-ventes-dans-Excel-min.png\" sizes=\"\" srcset=\"\" alt=\"\"><\/li>\n<li> Despu\u00e9s de eso, seleccione la barra de datos para los datos ficticios y <strong>elimine el color de relleno y el borde<\/strong> . <br \/><img decoding=\"async\" title=\"5-aplicar-sin-relleno-para-crear-un-gr\u00e1fico-de-embudo-de-ventas-en-excel-min\" src=\"https:\/\/exceladvisor.org\/wp-content\/uploads\/2023\/08\/5-nappliquez-aucun-remplissage-pour-creer-un-graphique-dentonnoir-des-ventes-dans-Excel-min-1.png\" sizes=\"\" srcset=\"\" alt=\"\"><\/li>\n<li> Al final, seleccione las barras de datos y <strong>cambie el Ancho del espacio a 0%<\/strong> . Formatear serie de datos \u2192 Opci\u00f3n de serie \u2192 Ancho de espacio. <br \/><img decoding=\"async\" title=\"6-cambiar-el-ancho-de-la-brecha-para-crear-un-gr\u00e1fico-de-embudo-de-ventas-en-excel-min\" src=\"https:\/\/exceladvisor.org\/wp-content\/uploads\/2023\/08\/6-modifier-la-largeur-de-lecart-pour-creer-un-graphique-dentonnoir-des-ventes-dans-Excel-min-1.png\" sizes=\"\" srcset=\"\" alt=\"\"><\/li>\n<li> Y ahora tiene un gr\u00e1fico de embudo claro y n\u00edtido para utilizar como plantilla. <br \/><img decoding=\"async\" title=\"Plantilla-de-embudo-de-ventas-en-Excel-11.jpg\" src=\"https:\/\/exceladvisor.org\/wp-content\/uploads\/2023\/08\/Modele-dentonnoir-de-vente-dans-Excel-11-1.jpg\" sizes=\"\" srcset=\"\" alt=\"Create a Sales Funnel Template In Excel\"><\/li>\n<\/ol>\n<p> \u00a1Felicidades! lo hiciste.<\/p>\n<h2 class=\"wp-block-heading\"> [Consejo adicional] Gr\u00e1fico de embudo con la funci\u00f3n REPT<\/h2>\n<p> Como dije antes, soy un gran admirador del mapeo celular. D\u00e9jame mostrarte c\u00f3mo usar la funci\u00f3n rept para crear un modelo de embudo de ventas en Excel. Crear un gr\u00e1fico de embudo de ventas celular es r\u00e1pido y f\u00e1cil, estos son los pasos.<\/p>\n<ol>\n<li> Tomar datos de forma sencilla. <br \/><img decoding=\"async\" title=\"cree un gr\u00e1fico de embudo de ventas en Excel con datos de la funci\u00f3n rept\" src=\"https:\/\/exceladvisor.org\/wp-content\/uploads\/2023\/08\/creer-un-graphique-en-entonnoir-des-ventes-dans-Excel-avec-les-donnees-de-la-fonction-rept-1.png\" sizes=\"\" srcset=\"\" alt=\"\"><\/li>\n<li> En la columna vac\u00eda, ingrese la f\u00f3rmula a continuaci\u00f3n y arr\u00e1strela hacia abajo.<\/li>\n<\/ol>\n<p style=\"padding-left: 40px;\"> = <a href=\"https:\/\/exceladvisor.org\/es\/funciones-de-cadena-de-excel\/\" target=\"_blank\" rel=\"noopener noreferrer\">REPETIR<\/a> (\u201c|\u201d,D4\/2) <\/p>\n<ul id=\"block-08145b4a-bee0-465e-b451-ac957e63616e\" class=\"block-editor-rich-text__editable block-editor-block-list__block wp-block is-selected rich-text\" tabindex=\"0\" role=\"group\" contenteditable=\"true\" aria-multiline=\"true\" aria-label=\"Block: List\" data-block=\"08145b4a-bee0-465e-b451-ac957e63616e\" data-type=\"core\/list\" data-title=\"List\">\n<li> Y ahora cambia la alineaci\u00f3n del texto al centro de las barras. <br \/><img decoding=\"async\" title=\"crear un gr\u00e1fico de embudo de ventas en Excel con la funci\u00f3n rept\" src=\"https:\/\/exceladvisor.org\/wp-content\/uploads\/2023\/08\/creer-un-graphique-dentonnoir-des-ventes-dans-Excel-avec-la-fonction-rept-1.png\" sizes=\"\" srcset=\"\" alt=\"\"><\/li>\n<\/ul>\n<p> Su gr\u00e1fico de embudo en la celda est\u00e1 listo.<\/p>\n<h2 class=\"wp-block-heading\"> Descargar plantilla de embudo de ventas<\/h2>\n<p> <a href=\"https:\/\/exceladvisor.org\/wp-content\/uploads\/2023\/11\/modele-dentonnoir-de-vente.zip\" rel=\"nofollow\">Haga clic aqu\u00ed para descargar el archivo de muestra<\/a> .<\/p>\n<h2 class=\"wp-block-heading\"> Conclusi\u00f3n<\/h2>\n<p> Utilizar un gr\u00e1fico de embudo de ventas es una de las mejores formas de realizar un seguimiento de un proceso de ventas. Tambi\u00e9n puedes agregar elementos adicionales en un gr\u00e1fico, como tasa de conversi\u00f3n, porcentaje pendiente, etc.<\/p>\n<p> Todos los pasos que utiliz\u00f3 anteriormente son simples y f\u00e1ciles de seguir. Y, si no quieres hacer el esfuerzo, opta por una versi\u00f3n m\u00f3vil.<\/p>\n<p> Espero que este consejo <a href=\"https:\/\/exceladvisor.org\/es\/graficos-avanzados\/\" target=\"\" rel=\"noopener noreferrer\" data-tcb-events=\"\">te ayude a mejorar en el mapeo<\/a> .<\/p>\n<p> Ahora dime una cosa. \u00bfQu\u00e9 m\u00e9todo te gusta m\u00e1s? Y, si tiene otro m\u00e9todo para crear un gr\u00e1fico de embudo, comp\u00e1rtalo conmigo en el cuadro de comentarios. Me encantar\u00eda saber de usted. Y no olvides compartir este consejo con tus amigos.<\/p>\n<div class=\"gb-container gb-container-a61970aa gb-container-mt\"> <a class=\"gb-button gb-button-b4293c6c gb-button-text gb-button-mt-button\" href=\"https:\/\/exceladvisor.org\/es\/graficos-de-excel\/\">Tipos de gr\u00e1ficos de Excel<\/a><\/p>\n<h2 class=\"gb-headline gb-headline-5bf2e581 gb-headline-text gb-headline-mt-heading\"> Tutoriales relacionados <\/h2>\n<div class=\"gb-grid-wrapper gb-grid-wrapper-9b70abf1 gb-grid-wrapper-mt-grid\">\n<div class=\"gb-grid-column gb-grid-column-97a95c29\">\n<div class=\"gb-container gb-container-97a95c29\">\n<ul>\n<li> <a href=\"https:\/\/exceladvisor.org\/es\/grafico-de-gofres\/\">TABLERO EN RELIEVE<\/a><\/li>\n<li> <a href=\"https:\/\/exceladvisor.org\/es\/grafico-de-gantt\/\">Gr\u00e1fico de gantt<\/a><\/li>\n<li> <a href=\"https:\/\/exceladvisor.org\/es\/tablero-de-balas\/\">gr\u00e1fico de vi\u00f1etas<\/a><\/li>\n<li> <a href=\"https:\/\/exceladvisor.org\/es\/mapa-de-calor\/\">Mapa de calor<\/a> <\/li>\n<\/ul>\n<\/div>\n<\/div>\n<div class=\"gb-grid-column gb-grid-column-0636840f\">\n<div class=\"gb-container gb-container-0636840f\">\n<ul>\n<li> <a href=\"https:\/\/exceladvisor.org\/es\/tabla-de-tornados\/\">gr\u00e1fico de tornado<\/a><\/li>\n<li> <a href=\"https:\/\/exceladvisor.org\/es\/graficos-avanzados\/\">Gr\u00e1ficos avanzados de Excel<\/a><\/li>\n<li> <a href=\"https:\/\/exceladvisor.org\/es\/pictograma\/\">Pictograf\u00eda<\/a><\/li>\n<li> <a href=\"https:\/\/exceladvisor.org\/es\/mesa-de-termometro\/\">tabla de term\u00f3metro<\/a><\/li>\n<\/ul>\n<\/div>\n<\/div>\n<\/div>\n<\/div>\n","protected":false},"excerpt":{"rendered":"<p>La mejor manera de realizar un seguimiento de sus ventas es utilizar un gr\u00e1fico de embudo. Un gr\u00e1fico de embudo de ventas no solo describe los pasos del proceso, sino que tambi\u00e9n proporciona un embudo de conversi\u00f3n para su nuevo negocio. Y en el art\u00edculo de hoy, le mostrar\u00e9 los pasos exactos que puede seguir [&hellip;]<\/p>\n","protected":false},"author":1,"featured_media":0,"parent":0,"menu_order":0,"comment_status":"open","ping_status":"closed","template":"","meta":{"ub_ctt_via":"","footnotes":""},"class_list":["post-224","page","type-page","status-publish","hentry"],"featured_image_src":null,"yoast_head":"<!-- This site is optimized with the Yoast SEO plugin v25.4 - https:\/\/yoast.com\/wordpress\/plugins\/seo\/ -->\n<title>\u00bfc\u00f3mo crear un gr\u00e1fico de embudo en excel?<\/title>\n<meta name=\"robots\" content=\"index, follow, max-snippet:-1, max-image-preview:large, max-video-preview:-1\" \/>\n<link rel=\"canonical\" href=\"https:\/\/exceladvisor.org\/es\/grafico-de-embudo\/\" \/>\n<meta property=\"og:locale\" content=\"es_ES\" \/>\n<meta property=\"og:type\" content=\"article\" \/>\n<meta property=\"og:title\" content=\"\u00bfc\u00f3mo crear un gr\u00e1fico de embudo en excel?\" \/>\n<meta property=\"og:description\" content=\"La mejor manera de realizar un seguimiento de sus ventas es utilizar un gr\u00e1fico de embudo. Un gr\u00e1fico de embudo de ventas no solo describe los pasos del proceso, sino que tambi\u00e9n proporciona un embudo de conversi\u00f3n para su nuevo negocio. Y en el art\u00edculo de hoy, le mostrar\u00e9 los pasos exactos que puede seguir [&hellip;]\" \/>\n<meta property=\"og:url\" content=\"https:\/\/exceladvisor.org\/es\/grafico-de-embudo\/\" \/>\n<meta property=\"og:site_name\" content=\"Excel Advisor\" \/>\n<meta property=\"article:modified_time\" content=\"2023-12-25T10:25:11+00:00\" \/>\n<meta property=\"og:image\" content=\"https:\/\/exceladvisor.org\/wp-content\/uploads\/2023\/08\/graphique-dentonnoir-des-ventes-dans-un-modele-excel-1.gif\" \/>\n<meta name=\"twitter:card\" content=\"summary_large_image\" \/>\n<meta name=\"twitter:label1\" content=\"Tiempo de lectura\" \/>\n\t<meta name=\"twitter:data1\" content=\"3 minutos\" \/>\n<script type=\"application\/ld+json\" class=\"yoast-schema-graph\">{\"@context\":\"https:\/\/schema.org\",\"@graph\":[{\"@type\":\"WebPage\",\"@id\":\"https:\/\/exceladvisor.org\/es\/grafico-de-embudo\/\",\"url\":\"https:\/\/exceladvisor.org\/es\/grafico-de-embudo\/\",\"name\":\"\u00bfc\u00f3mo crear un gr\u00e1fico de embudo en excel?\",\"isPartOf\":{\"@id\":\"https:\/\/exceladvisor.org\/es\/#website\"},\"primaryImageOfPage\":{\"@id\":\"https:\/\/exceladvisor.org\/es\/grafico-de-embudo\/#primaryimage\"},\"image\":{\"@id\":\"https:\/\/exceladvisor.org\/es\/grafico-de-embudo\/#primaryimage\"},\"thumbnailUrl\":\"https:\/\/exceladvisor.org\/wp-content\/uploads\/2023\/08\/graphique-dentonnoir-des-ventes-dans-un-modele-excel-1.gif\",\"datePublished\":\"2023-11-10T19:17:27+00:00\",\"dateModified\":\"2023-12-25T10:25:11+00:00\",\"breadcrumb\":{\"@id\":\"https:\/\/exceladvisor.org\/es\/grafico-de-embudo\/#breadcrumb\"},\"inLanguage\":\"es\",\"potentialAction\":[{\"@type\":\"ReadAction\",\"target\":[\"https:\/\/exceladvisor.org\/es\/grafico-de-embudo\/\"]}]},{\"@type\":\"ImageObject\",\"inLanguage\":\"es\",\"@id\":\"https:\/\/exceladvisor.org\/es\/grafico-de-embudo\/#primaryimage\",\"url\":\"https:\/\/exceladvisor.org\/wp-content\/uploads\/2023\/08\/graphique-dentonnoir-des-ventes-dans-un-modele-excel-1.gif\",\"contentUrl\":\"https:\/\/exceladvisor.org\/wp-content\/uploads\/2023\/08\/graphique-dentonnoir-des-ventes-dans-un-modele-excel-1.gif\"},{\"@type\":\"BreadcrumbList\",\"@id\":\"https:\/\/exceladvisor.org\/es\/grafico-de-embudo\/#breadcrumb\",\"itemListElement\":[{\"@type\":\"ListItem\",\"position\":1,\"name\":\"Hogar\",\"item\":\"https:\/\/exceladvisor.org\/es\/\"},{\"@type\":\"ListItem\",\"position\":2,\"name\":\"\u00bfc\u00f3mo crear un gr\u00e1fico de embudo en excel?\"}]},{\"@type\":\"WebSite\",\"@id\":\"https:\/\/exceladvisor.org\/es\/#website\",\"url\":\"https:\/\/exceladvisor.org\/es\/\",\"name\":\"Excel Advisor\",\"description\":\"Su gu\u00eda para la dominaci\u00f3n de datos!\",\"publisher\":{\"@id\":\"https:\/\/exceladvisor.org\/es\/#organization\"},\"potentialAction\":[{\"@type\":\"SearchAction\",\"target\":{\"@type\":\"EntryPoint\",\"urlTemplate\":\"https:\/\/exceladvisor.org\/es\/?s={search_term_string}\"},\"query-input\":{\"@type\":\"PropertyValueSpecification\",\"valueRequired\":true,\"valueName\":\"search_term_string\"}}],\"inLanguage\":\"es\"},{\"@type\":\"Organization\",\"@id\":\"https:\/\/exceladvisor.org\/es\/#organization\",\"name\":\"Excel Advisor\",\"url\":\"https:\/\/exceladvisor.org\/es\/\",\"logo\":{\"@type\":\"ImageObject\",\"inLanguage\":\"es\",\"@id\":\"https:\/\/exceladvisor.org\/es\/#\/schema\/logo\/image\/\",\"url\":\"https:\/\/exceladvisor.org\/es\/wp-content\/uploads\/2023\/12\/exceladvisor.org_.png\",\"contentUrl\":\"https:\/\/exceladvisor.org\/es\/wp-content\/uploads\/2023\/12\/exceladvisor.org_.png\",\"width\":105,\"height\":36,\"caption\":\"Excel Advisor\"},\"image\":{\"@id\":\"https:\/\/exceladvisor.org\/es\/#\/schema\/logo\/image\/\"}}]}<\/script>\n<!-- \/ Yoast SEO plugin. -->","yoast_head_json":{"title":"\u00bfc\u00f3mo crear un gr\u00e1fico de embudo en excel?","robots":{"index":"index","follow":"follow","max-snippet":"max-snippet:-1","max-image-preview":"max-image-preview:large","max-video-preview":"max-video-preview:-1"},"canonical":"https:\/\/exceladvisor.org\/es\/grafico-de-embudo\/","og_locale":"es_ES","og_type":"article","og_title":"\u00bfc\u00f3mo crear un gr\u00e1fico de embudo en excel?","og_description":"La mejor manera de realizar un seguimiento de sus ventas es utilizar un gr\u00e1fico de embudo. Un gr\u00e1fico de embudo de ventas no solo describe los pasos del proceso, sino que tambi\u00e9n proporciona un embudo de conversi\u00f3n para su nuevo negocio. Y en el art\u00edculo de hoy, le mostrar\u00e9 los pasos exactos que puede seguir [&hellip;]","og_url":"https:\/\/exceladvisor.org\/es\/grafico-de-embudo\/","og_site_name":"Excel Advisor","article_modified_time":"2023-12-25T10:25:11+00:00","og_image":[{"url":"https:\/\/exceladvisor.org\/wp-content\/uploads\/2023\/08\/graphique-dentonnoir-des-ventes-dans-un-modele-excel-1.gif","type":"","width":"","height":""}],"twitter_card":"summary_large_image","twitter_misc":{"Tiempo de lectura":"3 minutos"},"schema":{"@context":"https:\/\/schema.org","@graph":[{"@type":"WebPage","@id":"https:\/\/exceladvisor.org\/es\/grafico-de-embudo\/","url":"https:\/\/exceladvisor.org\/es\/grafico-de-embudo\/","name":"\u00bfc\u00f3mo crear un gr\u00e1fico de embudo en excel?","isPartOf":{"@id":"https:\/\/exceladvisor.org\/es\/#website"},"primaryImageOfPage":{"@id":"https:\/\/exceladvisor.org\/es\/grafico-de-embudo\/#primaryimage"},"image":{"@id":"https:\/\/exceladvisor.org\/es\/grafico-de-embudo\/#primaryimage"},"thumbnailUrl":"https:\/\/exceladvisor.org\/wp-content\/uploads\/2023\/08\/graphique-dentonnoir-des-ventes-dans-un-modele-excel-1.gif","datePublished":"2023-11-10T19:17:27+00:00","dateModified":"2023-12-25T10:25:11+00:00","breadcrumb":{"@id":"https:\/\/exceladvisor.org\/es\/grafico-de-embudo\/#breadcrumb"},"inLanguage":"es","potentialAction":[{"@type":"ReadAction","target":["https:\/\/exceladvisor.org\/es\/grafico-de-embudo\/"]}]},{"@type":"ImageObject","inLanguage":"es","@id":"https:\/\/exceladvisor.org\/es\/grafico-de-embudo\/#primaryimage","url":"https:\/\/exceladvisor.org\/wp-content\/uploads\/2023\/08\/graphique-dentonnoir-des-ventes-dans-un-modele-excel-1.gif","contentUrl":"https:\/\/exceladvisor.org\/wp-content\/uploads\/2023\/08\/graphique-dentonnoir-des-ventes-dans-un-modele-excel-1.gif"},{"@type":"BreadcrumbList","@id":"https:\/\/exceladvisor.org\/es\/grafico-de-embudo\/#breadcrumb","itemListElement":[{"@type":"ListItem","position":1,"name":"Hogar","item":"https:\/\/exceladvisor.org\/es\/"},{"@type":"ListItem","position":2,"name":"\u00bfc\u00f3mo crear un gr\u00e1fico de embudo en excel?"}]},{"@type":"WebSite","@id":"https:\/\/exceladvisor.org\/es\/#website","url":"https:\/\/exceladvisor.org\/es\/","name":"Excel Advisor","description":"Su gu\u00eda para la dominaci\u00f3n de datos!","publisher":{"@id":"https:\/\/exceladvisor.org\/es\/#organization"},"potentialAction":[{"@type":"SearchAction","target":{"@type":"EntryPoint","urlTemplate":"https:\/\/exceladvisor.org\/es\/?s={search_term_string}"},"query-input":{"@type":"PropertyValueSpecification","valueRequired":true,"valueName":"search_term_string"}}],"inLanguage":"es"},{"@type":"Organization","@id":"https:\/\/exceladvisor.org\/es\/#organization","name":"Excel Advisor","url":"https:\/\/exceladvisor.org\/es\/","logo":{"@type":"ImageObject","inLanguage":"es","@id":"https:\/\/exceladvisor.org\/es\/#\/schema\/logo\/image\/","url":"https:\/\/exceladvisor.org\/es\/wp-content\/uploads\/2023\/12\/exceladvisor.org_.png","contentUrl":"https:\/\/exceladvisor.org\/es\/wp-content\/uploads\/2023\/12\/exceladvisor.org_.png","width":105,"height":36,"caption":"Excel Advisor"},"image":{"@id":"https:\/\/exceladvisor.org\/es\/#\/schema\/logo\/image\/"}}]}},"yoast_meta":{"yoast_wpseo_title":"","yoast_wpseo_metadesc":"","yoast_wpseo_canonical":""},"_links":{"self":[{"href":"https:\/\/exceladvisor.org\/es\/wp-json\/wp\/v2\/pages\/224","targetHints":{"allow":["GET"]}}],"collection":[{"href":"https:\/\/exceladvisor.org\/es\/wp-json\/wp\/v2\/pages"}],"about":[{"href":"https:\/\/exceladvisor.org\/es\/wp-json\/wp\/v2\/types\/page"}],"author":[{"embeddable":true,"href":"https:\/\/exceladvisor.org\/es\/wp-json\/wp\/v2\/users\/1"}],"replies":[{"embeddable":true,"href":"https:\/\/exceladvisor.org\/es\/wp-json\/wp\/v2\/comments?post=224"}],"version-history":[{"count":1,"href":"https:\/\/exceladvisor.org\/es\/wp-json\/wp\/v2\/pages\/224\/revisions"}],"predecessor-version":[{"id":1019,"href":"https:\/\/exceladvisor.org\/es\/wp-json\/wp\/v2\/pages\/224\/revisions\/1019"}],"wp:attachment":[{"href":"https:\/\/exceladvisor.org\/es\/wp-json\/wp\/v2\/media?parent=224"}],"curies":[{"name":"wp","href":"https:\/\/api.w.org\/{rel}","templated":true}]}}