{"id":225,"date":"2023-11-10T18:59:39","date_gmt":"2023-11-10T18:59:39","guid":{"rendered":"https:\/\/exceladvisor.org\/es\/tabla-de-hitos\/"},"modified":"2023-12-25T10:25:32","modified_gmt":"2023-12-25T10:25:32","slug":"tabla-de-hitos","status":"publish","type":"page","link":"https:\/\/exceladvisor.org\/es\/tabla-de-hitos\/","title":{"rendered":"\u00bfc\u00f3mo crear una tabla de pasos en excel?"},"content":{"rendered":"<div class=\"excel-antes-del-contenido\" id=\"excel-2878236061\"><script type=\"text\/javascript\">\r\n\tatOptions = {\r\n\t\t'key' : 'c1158f160081d6540a8409e6925dab94',\r\n\t\t'format' : 'iframe',\r\n\t\t'height' : 250,\r\n\t\t'width' : 300,\r\n\t\t'params' : {}\r\n\t};\r\n<\/script>\r\n<script type=\"text\/javascript\" src=\"\/\/www.highperformanceformat.com\/c1158f160081d6540a8409e6925dab94\/invoke.js\"><\/script><\/div><div class=\"wp-block-image\">\n<figure class=\"aligncenter\"><img decoding=\"async\" src=\"https:\/\/exceladvisor.org\/wp-content\/uploads\/2023\/08\/comment-creer-un-tableau-des-etapes-dans-excel-1.png\" sizes=\"\" srcset=\"\" alt=\"c\u00f3mo crear una tabla de pasos en excel\"><\/figure>\n<\/div>\n<p> Seguir todas las etapas de un proyecto es una tarea importante. Ya sabes, es tan importante como la ejecuci\u00f3n de cada paso. De hecho, el seguimiento facilita la ejecuci\u00f3n.<\/p>\n<p> En Excel, uno de los gr\u00e1ficos m\u00e1s simples pero potentes que puede utilizar para realizar un seguimiento de sus proyectos es un <strong>GR\u00c1FICO DE PASOS<\/strong> . Tambi\u00e9n lo llaman \u00abgr\u00e1fico de l\u00ednea de tiempo\u00bb.<\/p>\n<p> Es una de las herramientas de gesti\u00f3n de proyectos favoritas de los expertos. Muestra visualmente una l\u00ednea de tiempo donde puede especificar hitos clave, entregables y otros puntos de control.<\/p>\n<p> <a href=\"https:\/\/en.wikipedia.org\/wiki\/Milestone_(project_management)\" target=\"_blank\" rel=\"noopener noreferrer\"><em>Seg\u00fan Wikipedia<\/em><\/a> <em>: los hitos son herramientas que se utilizan en la gesti\u00f3n de proyectos para marcar puntos espec\u00edficos a lo largo del cronograma del proyecto.<\/em><\/p>\n<p> La idea b\u00e1sica de un gr\u00e1fico de hitos es realizar un seguimiento de cada paso de su proyecto en una l\u00ednea de tiempo con su fecha de finalizaci\u00f3n y presentarlo de una manera sencilla.<\/p>\n<p> Hoy en este art\u00edculo, me gustar\u00eda compartir con ustedes un <strong>proceso simple de 3 pasos<\/strong> para crear una tabla de pasos en Excel.<\/p>\n<p> Entonces empecemos.<\/p>\n<h2 class=\"wp-block-heading\"> Beneficios de utilizar un gr\u00e1fico de pasos<\/h2>\n<p> Antes de entrar en materia, d\u00e9jame contarte los principales beneficios de utilizar un gr\u00e1fico de pasos.<\/p>\n<ul>\n<li> Es f\u00e1cil comprobar el progreso del proyecto con un gr\u00e1fico de hitos.<\/li>\n<li> F\u00e1cil para el usuario comprender la planificaci\u00f3n del proyecto.<\/li>\n<li> Tienes toda la informaci\u00f3n importante en un solo gr\u00e1fico.<\/li>\n<\/ul>\n<h2 class=\"wp-block-heading\"> Pasos para crear una tabla de pasos en Excel<\/h2>\n<p> He dividido todo el proceso en tres pasos para que te resulte m\u00e1s f\u00e1cil de entender.<\/p>\n<h3 class=\"wp-block-heading\"> 1. Configurar datos<\/h3>\n<p> Puede configurar f\u00e1cilmente sus datos para este gr\u00e1fico. Aseg\u00farese de organizar sus datos como se muestra a continuaci\u00f3n. <\/p>\n<div class=\"wp-block-image\">\n<figure class=\"aligncenter\"><img decoding=\"async\" src=\"https:\/\/exceladvisor.org\/wp-content\/uploads\/2023\/08\/donnees-pour-creer-un-graphique-detape-dans-Excel-1.png\" sizes=\"\" srcset=\"\" alt=\"datos para crear un gr\u00e1fico de pasos en Excel\"><\/figure>\n<\/div>\n<p> En esta tabla de datos, tenemos tres columnas.<\/p>\n<ol>\n<li> La primera columna es para las fechas de finalizaci\u00f3n de los hitos del proyecto. Y aseg\u00farese de que el formato de esta columna sea en formato de texto.<\/li>\n<li> La segunda columna es para el nombre de la actividad.<\/li>\n<li> La tercera columna es s\u00f3lo para colocar actividades en la l\u00ednea de tiempo (arriba y abajo).<\/li>\n<\/ol>\n<h3 class=\"wp-block-heading\"> 2. Insertar un gr\u00e1fico<\/h3>\n<p> Ahora comienza el juego. Crear un gr\u00e1fico de pasos es un proceso un poco largo, pero vale la pena por este incre\u00edble gr\u00e1fico.<\/p>\n<p> Aqu\u00ed est\u00e1n los pasos.<\/p>\n<ol>\n<li> Seleccione una de las celdas de los datos.<\/li>\n<li> Vaya a la pesta\u00f1a Insertar \u279c Gr\u00e1ficos \u279c L\u00ednea con marcadores. <br \/><img decoding=\"async\" title=\"inserte un gr\u00e1fico de l\u00edneas con marcadores para crear un gr\u00e1fico de pasos en Excel\" src=\"https:\/\/exceladvisor.org\/wp-content\/uploads\/2023\/08\/inserer-un-graphique-lineaire-avec-des-marqueurs-pour-creer-un-graphique-detape-dans-Excel-1.png\" sizes=\"\" srcset=\"\" alt=\"insert a line chart with markers to create a milestone chart in excel\"><\/li>\n<li> Obtendremos una mesa como esta. Pero eso no es lo que queremos, tenemos que recrearlo. <br \/><img decoding=\"async\" title=\"gr\u00e1fico-sin formato-para-crear-un-gr\u00e1fico-de-hitos-en-excel\" src=\"https:\/\/exceladvisor.org\/wp-content\/uploads\/2023\/08\/graphique-brut-pour-creer-un-graphique-detape-dans-Excel-1.png\" sizes=\"\" srcset=\"\" alt=\"raw chart to create a milestone chart in excel\"><\/li>\n<li> As\u00ed que ahora haga clic derecho en el gr\u00e1fico y luego vaya a \u00abSeleccionar datos\u00bb. <br \/><img decoding=\"async\" title=\"seleccione-datos-para-crear-gr\u00e1fico-de-hitos-en-excel\" src=\"https:\/\/exceladvisor.org\/wp-content\/uploads\/2023\/08\/selectionner-des-donnees-pour-creer-un-graphique-detape-dans-Excel-1.png\" sizes=\"\" srcset=\"\" alt=\"select data to create a milestone chart in excel\"><\/li>\n<li> En la ventana de selecci\u00f3n de datos, simplemente elimine la serie de las entradas de la leyenda. <br \/><img decoding=\"async\" title=\"eliminar-series-para-crear-gr\u00e1fico-de-hitos-en-excel\" src=\"https:\/\/exceladvisor.org\/wp-content\/uploads\/2023\/08\/supprimer-des-series-pour-creer-un-graphique-detape-dans-Excel-1.png\" sizes=\"\" srcset=\"\" alt=\"remove series to create a milestone chart in excel\"><\/li>\n<li> Ahora nuestra mesa est\u00e1 completamente vac\u00eda. Entonces necesitamos reasignar las etiquetas de series y ejes.<\/li>\n<li> Haga clic en \u00abAgregar\u00bb en las entradas de los subt\u00edtulos. <br \/><img decoding=\"async\" title=\"haga clic en agregar para crear una tabla de hitos en Excel\" src=\"https:\/\/exceladvisor.org\/wp-content\/uploads\/2023\/08\/cliquez-sur-ajouter-pour-creer-un-graphique-detape-dans-Excel-1.png\" sizes=\"\" srcset=\"\" alt=\"click add to create a milestone chart in excel\"><\/li>\n<li> En la ventana de edici\u00f3n de la serie, ingrese \u00abFecha\u00bb en el nombre de la serie y seleccione la columna de actividad para los valores de la serie. <br \/><img decoding=\"async\" title=\"seleccione-series-para-crear-gr\u00e1fico-de-hitos-en-excel\" src=\"https:\/\/exceladvisor.org\/wp-content\/uploads\/2023\/08\/selectionner-une-serie-pour-creer-un-graphique-detape-dans-Excel-1.png\" sizes=\"\" srcset=\"\" alt=\"select series to create a milestone chart in excel\"><\/li>\n<li> Despu\u00e9s de eso, haga clic en editar en \u00abEtiquetas de eje horizontal\u00bb, consulte la columna de fecha y haga clic en Aceptar. <br \/><img decoding=\"async\" title=\"cambiar-etiqueta-de-eje-para-crear-gr\u00e1fico-de-hitos-en-pasos-Excel-1\" src=\"https:\/\/exceladvisor.org\/wp-content\/uploads\/2023\/08\/modifier-letiquette-de-laxe-pour-creer-un-graphique-detape-dans-les-etapes-Excel-1.png\" sizes=\"\" srcset=\"\" alt=\"edit axis label to create a milestone chart in excel steps\"><\/li>\n<li> A continuaci\u00f3n necesitamos insertar otra serie. Haga clic en \u00abAgregar\u00bb en las entradas de la leyenda, as\u00edgnele el nombre \u00abUbicaci\u00f3n\u00bb y refiera los valores de la serie a la columna de ubicaci\u00f3n. <br \/><img decoding=\"async\" title=\"agregue una nueva serie para crear un gr\u00e1fico de pasos en Excel\" src=\"https:\/\/exceladvisor.org\/wp-content\/uploads\/2023\/08\/ajouter-une-nouvelle-serie-pour-creer-un-graphique-detape-dans-Excel-1.png\" sizes=\"\" srcset=\"\" alt=\"add new series to create a milestone chart in excel\"><\/li>\n<li> Ahora simplemente haga clic en Aceptar.<\/li>\n<\/ol>\n<p> En este punto tenemos un gr\u00e1fico que parece una l\u00ednea de tiempo. Pero necesitamos un peque\u00f1o toque de formato para que sea un gr\u00e1fico de pasos perfecto. <\/p>\n<div class=\"wp-block-image\">\n<figure class=\"aligncenter\"><img decoding=\"async\" src=\"https:\/\/exceladvisor.org\/wp-content\/uploads\/2023\/08\/graphique-final-pour-creer-un-graphique-detape-dans-les-etapes-Excel-1.png\" sizes=\"\" srcset=\"\" alt=\"gr\u00e1fico final para crear un gr\u00e1fico de pasos en Excel Pasos\"><\/figure>\n<\/div>\n<p> <a href=\"https:\/\/exceladvisor.org\/wp-content\/uploads\/2023\/11\/tableau-des-etapes-finales-sans-mise-en-forme.xlsx\" rel=\"nofollow\">Descargue este archivo para obtener la tabla hasta este paso<\/a> .<\/p>\n<h3 id=\"tab-con-5\" class=\"wp-block-heading\"> 3. Formato final<\/h3>\n<p> Un peque\u00f1o toque de formato. Siga estos sencillos pasos.<\/p>\n<ol>\n<li> Haga clic en el gr\u00e1fico de l\u00edneas y abra la opci\u00f3n de formato.<\/li>\n<li> Para la l\u00ednea, utilice \u00abSin color\u00bb. <br \/><img decoding=\"async\" title=\"no hay fila para crear una tabla de pasos en Excel\" src=\"https:\/\/exceladvisor.org\/wp-content\/uploads\/2023\/08\/pas-de-ligne-pour-creer-un-tableau-detape-dans-Excel-1.png\" sizes=\"\" srcset=\"\" alt=\"no line to create a milestone chart in excel\"><\/li>\n<li> Con la misma selecci\u00f3n, vaya a la pesta\u00f1a Dise\u00f1o -&gt; Agregar elemento de gr\u00e1fico -&gt; Barras de error -&gt; M\u00e1s opciones de barras de error. <br \/><img decoding=\"async\" title=\"agregue barras de error para crear un gr\u00e1fico de pasos en Excel\" src=\"https:\/\/exceladvisor.org\/wp-content\/uploads\/2023\/08\/ajouter-des-barres-derreur-pour-creer-un-graphique-detape-dans-Excel-1.png\" sizes=\"\" srcset=\"\" alt=\"add error bars to create a milestone chart in excel\"><\/li>\n<li> Ahora, desde las opciones de formato, seleccione la direcci\u00f3n \u00abMenos\u00bb y el valor de error \u00abPorcentaje: 100%\u00bb para las barras de error. <br \/><img decoding=\"async\" title=\"formatear-barras-de-error-para-crear-un-gr\u00e1fico-de-hitos-en-excel\" src=\"https:\/\/exceladvisor.org\/wp-content\/uploads\/2023\/08\/formater-les-barres-derreur-pour-creer-un-graphique-detape-dans-Excel-1.png\" sizes=\"\" srcset=\"\" alt=\"format error bars to create a milestone chart in excel\"><\/li>\n<li> Despu\u00e9s de eso, convierta su gr\u00e1fico de l\u00edneas en un eje secundario y elimine el eje secundario al instante.<\/li>\n<\/ol>\n<p> Ahora lo \u00faltimo que debes hacer es agregar el nombre de la actividad para cada paso.<\/p>\n<ol>\n<li> Primero, agregue etiquetas de datos.<\/li>\n<li> Ahora, en las opciones de Formato de etiqueta de datos, seleccione \u00abNombre de categor\u00eda\u00bb. <br \/><img decoding=\"async\" title=\"agregue etiquetas de datos para crear un gr\u00e1fico de pasos en Excel\" src=\"https:\/\/exceladvisor.org\/wp-content\/uploads\/2023\/08\/ajouter-des-etiquettes-de-donnees-pour-creer-un-graphique-detape-dans-Excel-1.png\" sizes=\"\" srcset=\"\" alt=\"add data labels to create a milestone chart in excel\"><\/li>\n<li> Despu\u00e9s de eso, seleccione su gr\u00e1fico y haga clic en \u00abSeleccionar datos\u00bb.<\/li>\n<li> Haga clic en la serie \u00abColocaci\u00f3n\u00bb. <br \/><img decoding=\"async\" title=\"editar-serie-para-agregar-etiquetas-de-datos-para-crear-gr\u00e1fico-de-hitos-en-excel\" src=\"https:\/\/exceladvisor.org\/wp-content\/uploads\/2023\/08\/modifier-la-serie-pour-ajouter-des-etiquettes-de-donnees-pour-creer-un-graphique-detape-dans-Excel-1.png\" sizes=\"\" srcset=\"\" alt=\"edit series to add data labels to create a milestone chart in excel\"><\/li>\n<li> Desde la etiqueta del eje, haga clic en editar y consulte la columna de actividad. <br \/><img decoding=\"async\" title=\"seleccione-rango-de-etiquetas-de-datos-para-crear-un-gr\u00e1fico-de-hitos-en-excel-1\" src=\"https:\/\/exceladvisor.org\/wp-content\/uploads\/2023\/08\/selectionnez-la-plage-detiquettes-de-donnees-pour-creer-un-graphique-detape-dans-Excel-1.png\" sizes=\"\" srcset=\"\" alt=\"select data label range to create a milestone chart in excel\"><\/li>\n<li> Haga clic en Aceptar. <br \/><img decoding=\"async\" title=\"gr\u00e1fico-final-con-formato-para-crear-un-gr\u00e1fico-de-hitos-en-pasos-Excel\" src=\"https:\/\/exceladvisor.org\/wp-content\/uploads\/2023\/08\/graphique-final-avec-mise-en-forme-pour-creer-un-graphique-detape-dans-les-etapes-Excel-1.png\" sizes=\"\" srcset=\"\" alt=\"final chart with formatting to create a milestone chart in excel steps\"><\/li>\n<\/ol>\n<h2 id=\"tab-con-6\" class=\"wp-block-heading\"> Archivo de ejemplo<\/h2>\n<p> <a href=\"https:\/\/exceladvisor.org\/wp-content\/uploads\/2023\/11\/tableau-des-jalons-dans-excel.xlsx\" rel=\"nofollow\">Descargue este archivo de muestra aqu\u00ed<\/a> para obtener m\u00e1s informaci\u00f3n.<\/p>\n<h2 class=\"wp-block-heading\"> Conclusi\u00f3n<\/h2>\n<p> Como dije, el diagrama de pasos es f\u00e1cil de entender para el usuario final y puede seguir la planificaci\u00f3n de su proyecto de una manera sencilla. Parece un poco complicado cuando lo haces por primera vez, pero si eres un gerente de proyectos emergente, puedes intentarlo.<\/p>\n<p> Espero que este m\u00e9todo paso a paso te haya resultado \u00fatil, pero ahora dime una cosa.<\/p>\n<p> <strong>\u00bfHab\u00edas probado alguna vez esta placa?<\/strong><\/p>\n<p> Comparte tus pensamientos en la secci\u00f3n de comentarios, me encantar\u00eda saber de ti y no olvides compartirlos con tus amigos.<\/p>\n<div class=\"gb-container gb-container-a61970aa gb-container-mt\"> <a class=\"gb-button gb-button-b4293c6c gb-button-text gb-button-mt-button\" href=\"https:\/\/exceladvisor.org\/es\/graficos-de-excel\/\">Tipos de gr\u00e1ficos de Excel<\/a><\/p>\n<h2 class=\"gb-headline gb-headline-5bf2e581 gb-headline-text gb-headline-mt-heading\"> Tutoriales relacionados <\/h2>\n<div class=\"gb-grid-wrapper gb-grid-wrapper-9b70abf1 gb-grid-wrapper-mt-grid\">\n<div class=\"gb-grid-column gb-grid-column-97a95c29\">\n<div class=\"gb-container gb-container-97a95c29\">\n<ul>\n<li> <a href=\"https:\/\/exceladvisor.org\/es\/grafico-de-gofres\/\">TABLERO EN RELIEVE<\/a><\/li>\n<li> <a href=\"https:\/\/exceladvisor.org\/es\/grafico-de-embudo\/\">gr\u00e1fico de embudo<\/a><\/li>\n<li> <a href=\"https:\/\/exceladvisor.org\/es\/grafico-de-gantt\/\">Gr\u00e1fico de gantt<\/a><\/li>\n<li> <a href=\"https:\/\/exceladvisor.org\/es\/tablero-de-balas\/\">gr\u00e1fico de vi\u00f1etas<\/a><\/li>\n<\/ul>\n<\/div>\n<\/div>\n<\/div>\n<\/div>\n","protected":false},"excerpt":{"rendered":"<p>Seguir todas las etapas de un proyecto es una tarea importante. Ya sabes, es tan importante como la ejecuci\u00f3n de cada paso. De hecho, el seguimiento facilita la ejecuci\u00f3n. En Excel, uno de los gr\u00e1ficos m\u00e1s simples pero potentes que puede utilizar para realizar un seguimiento de sus proyectos es un GR\u00c1FICO DE PASOS . [&hellip;]<\/p>\n","protected":false},"author":1,"featured_media":0,"parent":0,"menu_order":0,"comment_status":"open","ping_status":"closed","template":"","meta":{"ub_ctt_via":"","footnotes":""},"class_list":["post-225","page","type-page","status-publish","hentry"],"featured_image_src":null,"yoast_head":"<!-- This site is optimized with the Yoast SEO plugin v25.4 - https:\/\/yoast.com\/wordpress\/plugins\/seo\/ -->\n<title>\u00bfc\u00f3mo crear una tabla de pasos en excel?<\/title>\n<meta name=\"robots\" content=\"index, follow, max-snippet:-1, max-image-preview:large, max-video-preview:-1\" \/>\n<link rel=\"canonical\" href=\"https:\/\/exceladvisor.org\/es\/tabla-de-hitos\/\" \/>\n<meta property=\"og:locale\" content=\"es_ES\" \/>\n<meta property=\"og:type\" content=\"article\" \/>\n<meta property=\"og:title\" content=\"\u00bfc\u00f3mo crear una tabla de pasos en excel?\" \/>\n<meta property=\"og:description\" content=\"Seguir todas las etapas de un proyecto es una tarea importante. Ya sabes, es tan importante como la ejecuci\u00f3n de cada paso. De hecho, el seguimiento facilita la ejecuci\u00f3n. En Excel, uno de los gr\u00e1ficos m\u00e1s simples pero potentes que puede utilizar para realizar un seguimiento de sus proyectos es un GR\u00c1FICO DE PASOS . [&hellip;]\" \/>\n<meta property=\"og:url\" content=\"https:\/\/exceladvisor.org\/es\/tabla-de-hitos\/\" \/>\n<meta property=\"og:site_name\" content=\"Excel Advisor\" \/>\n<meta property=\"article:modified_time\" content=\"2023-12-25T10:25:32+00:00\" \/>\n<meta property=\"og:image\" content=\"https:\/\/exceladvisor.org\/wp-content\/uploads\/2023\/08\/comment-creer-un-tableau-des-etapes-dans-excel-1.png\" \/>\n<meta name=\"twitter:card\" content=\"summary_large_image\" \/>\n<meta name=\"twitter:label1\" content=\"Tiempo de lectura\" \/>\n\t<meta name=\"twitter:data1\" content=\"5 minutos\" \/>\n<script type=\"application\/ld+json\" class=\"yoast-schema-graph\">{\"@context\":\"https:\/\/schema.org\",\"@graph\":[{\"@type\":\"WebPage\",\"@id\":\"https:\/\/exceladvisor.org\/es\/tabla-de-hitos\/\",\"url\":\"https:\/\/exceladvisor.org\/es\/tabla-de-hitos\/\",\"name\":\"\u00bfc\u00f3mo crear una tabla de pasos en excel?\",\"isPartOf\":{\"@id\":\"https:\/\/exceladvisor.org\/es\/#website\"},\"primaryImageOfPage\":{\"@id\":\"https:\/\/exceladvisor.org\/es\/tabla-de-hitos\/#primaryimage\"},\"image\":{\"@id\":\"https:\/\/exceladvisor.org\/es\/tabla-de-hitos\/#primaryimage\"},\"thumbnailUrl\":\"https:\/\/exceladvisor.org\/wp-content\/uploads\/2023\/08\/comment-creer-un-tableau-des-etapes-dans-excel-1.png\",\"datePublished\":\"2023-11-10T18:59:39+00:00\",\"dateModified\":\"2023-12-25T10:25:32+00:00\",\"breadcrumb\":{\"@id\":\"https:\/\/exceladvisor.org\/es\/tabla-de-hitos\/#breadcrumb\"},\"inLanguage\":\"es\",\"potentialAction\":[{\"@type\":\"ReadAction\",\"target\":[\"https:\/\/exceladvisor.org\/es\/tabla-de-hitos\/\"]}]},{\"@type\":\"ImageObject\",\"inLanguage\":\"es\",\"@id\":\"https:\/\/exceladvisor.org\/es\/tabla-de-hitos\/#primaryimage\",\"url\":\"https:\/\/exceladvisor.org\/wp-content\/uploads\/2023\/08\/comment-creer-un-tableau-des-etapes-dans-excel-1.png\",\"contentUrl\":\"https:\/\/exceladvisor.org\/wp-content\/uploads\/2023\/08\/comment-creer-un-tableau-des-etapes-dans-excel-1.png\"},{\"@type\":\"BreadcrumbList\",\"@id\":\"https:\/\/exceladvisor.org\/es\/tabla-de-hitos\/#breadcrumb\",\"itemListElement\":[{\"@type\":\"ListItem\",\"position\":1,\"name\":\"Hogar\",\"item\":\"https:\/\/exceladvisor.org\/es\/\"},{\"@type\":\"ListItem\",\"position\":2,\"name\":\"\u00bfc\u00f3mo crear una tabla de pasos en excel?\"}]},{\"@type\":\"WebSite\",\"@id\":\"https:\/\/exceladvisor.org\/es\/#website\",\"url\":\"https:\/\/exceladvisor.org\/es\/\",\"name\":\"Excel Advisor\",\"description\":\"Su gu\u00eda para la dominaci\u00f3n de datos!\",\"publisher\":{\"@id\":\"https:\/\/exceladvisor.org\/es\/#organization\"},\"potentialAction\":[{\"@type\":\"SearchAction\",\"target\":{\"@type\":\"EntryPoint\",\"urlTemplate\":\"https:\/\/exceladvisor.org\/es\/?s={search_term_string}\"},\"query-input\":{\"@type\":\"PropertyValueSpecification\",\"valueRequired\":true,\"valueName\":\"search_term_string\"}}],\"inLanguage\":\"es\"},{\"@type\":\"Organization\",\"@id\":\"https:\/\/exceladvisor.org\/es\/#organization\",\"name\":\"Excel Advisor\",\"url\":\"https:\/\/exceladvisor.org\/es\/\",\"logo\":{\"@type\":\"ImageObject\",\"inLanguage\":\"es\",\"@id\":\"https:\/\/exceladvisor.org\/es\/#\/schema\/logo\/image\/\",\"url\":\"https:\/\/exceladvisor.org\/es\/wp-content\/uploads\/2023\/12\/exceladvisor.org_.png\",\"contentUrl\":\"https:\/\/exceladvisor.org\/es\/wp-content\/uploads\/2023\/12\/exceladvisor.org_.png\",\"width\":105,\"height\":36,\"caption\":\"Excel Advisor\"},\"image\":{\"@id\":\"https:\/\/exceladvisor.org\/es\/#\/schema\/logo\/image\/\"}}]}<\/script>\n<!-- \/ Yoast SEO plugin. -->","yoast_head_json":{"title":"\u00bfc\u00f3mo crear una tabla de pasos en excel?","robots":{"index":"index","follow":"follow","max-snippet":"max-snippet:-1","max-image-preview":"max-image-preview:large","max-video-preview":"max-video-preview:-1"},"canonical":"https:\/\/exceladvisor.org\/es\/tabla-de-hitos\/","og_locale":"es_ES","og_type":"article","og_title":"\u00bfc\u00f3mo crear una tabla de pasos en excel?","og_description":"Seguir todas las etapas de un proyecto es una tarea importante. Ya sabes, es tan importante como la ejecuci\u00f3n de cada paso. De hecho, el seguimiento facilita la ejecuci\u00f3n. En Excel, uno de los gr\u00e1ficos m\u00e1s simples pero potentes que puede utilizar para realizar un seguimiento de sus proyectos es un GR\u00c1FICO DE PASOS . [&hellip;]","og_url":"https:\/\/exceladvisor.org\/es\/tabla-de-hitos\/","og_site_name":"Excel Advisor","article_modified_time":"2023-12-25T10:25:32+00:00","og_image":[{"url":"https:\/\/exceladvisor.org\/wp-content\/uploads\/2023\/08\/comment-creer-un-tableau-des-etapes-dans-excel-1.png","type":"","width":"","height":""}],"twitter_card":"summary_large_image","twitter_misc":{"Tiempo de lectura":"5 minutos"},"schema":{"@context":"https:\/\/schema.org","@graph":[{"@type":"WebPage","@id":"https:\/\/exceladvisor.org\/es\/tabla-de-hitos\/","url":"https:\/\/exceladvisor.org\/es\/tabla-de-hitos\/","name":"\u00bfc\u00f3mo crear una tabla de pasos en excel?","isPartOf":{"@id":"https:\/\/exceladvisor.org\/es\/#website"},"primaryImageOfPage":{"@id":"https:\/\/exceladvisor.org\/es\/tabla-de-hitos\/#primaryimage"},"image":{"@id":"https:\/\/exceladvisor.org\/es\/tabla-de-hitos\/#primaryimage"},"thumbnailUrl":"https:\/\/exceladvisor.org\/wp-content\/uploads\/2023\/08\/comment-creer-un-tableau-des-etapes-dans-excel-1.png","datePublished":"2023-11-10T18:59:39+00:00","dateModified":"2023-12-25T10:25:32+00:00","breadcrumb":{"@id":"https:\/\/exceladvisor.org\/es\/tabla-de-hitos\/#breadcrumb"},"inLanguage":"es","potentialAction":[{"@type":"ReadAction","target":["https:\/\/exceladvisor.org\/es\/tabla-de-hitos\/"]}]},{"@type":"ImageObject","inLanguage":"es","@id":"https:\/\/exceladvisor.org\/es\/tabla-de-hitos\/#primaryimage","url":"https:\/\/exceladvisor.org\/wp-content\/uploads\/2023\/08\/comment-creer-un-tableau-des-etapes-dans-excel-1.png","contentUrl":"https:\/\/exceladvisor.org\/wp-content\/uploads\/2023\/08\/comment-creer-un-tableau-des-etapes-dans-excel-1.png"},{"@type":"BreadcrumbList","@id":"https:\/\/exceladvisor.org\/es\/tabla-de-hitos\/#breadcrumb","itemListElement":[{"@type":"ListItem","position":1,"name":"Hogar","item":"https:\/\/exceladvisor.org\/es\/"},{"@type":"ListItem","position":2,"name":"\u00bfc\u00f3mo crear una tabla de pasos en excel?"}]},{"@type":"WebSite","@id":"https:\/\/exceladvisor.org\/es\/#website","url":"https:\/\/exceladvisor.org\/es\/","name":"Excel Advisor","description":"Su gu\u00eda para la dominaci\u00f3n de datos!","publisher":{"@id":"https:\/\/exceladvisor.org\/es\/#organization"},"potentialAction":[{"@type":"SearchAction","target":{"@type":"EntryPoint","urlTemplate":"https:\/\/exceladvisor.org\/es\/?s={search_term_string}"},"query-input":{"@type":"PropertyValueSpecification","valueRequired":true,"valueName":"search_term_string"}}],"inLanguage":"es"},{"@type":"Organization","@id":"https:\/\/exceladvisor.org\/es\/#organization","name":"Excel Advisor","url":"https:\/\/exceladvisor.org\/es\/","logo":{"@type":"ImageObject","inLanguage":"es","@id":"https:\/\/exceladvisor.org\/es\/#\/schema\/logo\/image\/","url":"https:\/\/exceladvisor.org\/es\/wp-content\/uploads\/2023\/12\/exceladvisor.org_.png","contentUrl":"https:\/\/exceladvisor.org\/es\/wp-content\/uploads\/2023\/12\/exceladvisor.org_.png","width":105,"height":36,"caption":"Excel Advisor"},"image":{"@id":"https:\/\/exceladvisor.org\/es\/#\/schema\/logo\/image\/"}}]}},"yoast_meta":{"yoast_wpseo_title":"","yoast_wpseo_metadesc":"","yoast_wpseo_canonical":""},"_links":{"self":[{"href":"https:\/\/exceladvisor.org\/es\/wp-json\/wp\/v2\/pages\/225","targetHints":{"allow":["GET"]}}],"collection":[{"href":"https:\/\/exceladvisor.org\/es\/wp-json\/wp\/v2\/pages"}],"about":[{"href":"https:\/\/exceladvisor.org\/es\/wp-json\/wp\/v2\/types\/page"}],"author":[{"embeddable":true,"href":"https:\/\/exceladvisor.org\/es\/wp-json\/wp\/v2\/users\/1"}],"replies":[{"embeddable":true,"href":"https:\/\/exceladvisor.org\/es\/wp-json\/wp\/v2\/comments?post=225"}],"version-history":[{"count":1,"href":"https:\/\/exceladvisor.org\/es\/wp-json\/wp\/v2\/pages\/225\/revisions"}],"predecessor-version":[{"id":1075,"href":"https:\/\/exceladvisor.org\/es\/wp-json\/wp\/v2\/pages\/225\/revisions\/1075"}],"wp:attachment":[{"href":"https:\/\/exceladvisor.org\/es\/wp-json\/wp\/v2\/media?parent=225"}],"curies":[{"name":"wp","href":"https:\/\/api.w.org\/{rel}","templated":true}]}}