{"id":226,"date":"2023-11-10T18:42:50","date_gmt":"2023-11-10T18:42:50","guid":{"rendered":"https:\/\/exceladvisor.org\/es\/agregar-una-linea-horizontal\/"},"modified":"2023-12-25T10:23:09","modified_gmt":"2023-12-25T10:23:09","slug":"agregar-una-linea-horizontal","status":"publish","type":"page","link":"https:\/\/exceladvisor.org\/es\/agregar-una-linea-horizontal\/","title":{"rendered":"\u00bfc\u00f3mo agregar una l\u00ednea horizontal a un gr\u00e1fico?"},"content":{"rendered":"<div class=\"excel-antes-del-contenido\" id=\"excel-3612578832\"><script type=\"text\/javascript\">\r\n\tatOptions = {\r\n\t\t'key' : 'c1158f160081d6540a8409e6925dab94',\r\n\t\t'format' : 'iframe',\r\n\t\t'height' : 250,\r\n\t\t'width' : 300,\r\n\t\t'params' : {}\r\n\t};\r\n<\/script>\r\n<script type=\"text\/javascript\" src=\"\/\/www.highperformanceformat.com\/c1158f160081d6540a8409e6925dab94\/invoke.js\"><\/script><\/div><p>Al crear un gr\u00e1fico en Excel, puede utilizar una l\u00ednea horizontal como l\u00ednea objetivo o l\u00ednea promedio. Esto puede ayudarle a comparar el logro con la meta. Basta con mirar la tabla a continuaci\u00f3n. <\/p>\n<div class=\"wp-block-image\">\n<figure class=\"aligncenter\"><img decoding=\"async\" src=\"https:\/\/exceladvisor.org\/wp-content\/uploads\/2023\/08\/comment-ajouter-une-ligne-horizontale-au-graphique-Excel-en-utilisant-les-meilleures-pratiques-1.gif\" sizes=\"\" srcset=\"\" alt=\"c\u00f3mo agregar una l\u00ednea horizontal a un gr\u00e1fico de Excel usando las mejores pr\u00e1cticas\"><\/figure>\n<\/div>\n<p> Te gusta, \u00bfverdad? Di \u00abS\u00ed\u00bb en la secci\u00f3n de comentarios si te gusta. Bien, escuche: digamos que tiene un valor promedio que desea mantener en sus ventas durante todo el a\u00f1o. O bien, un objetivo constante que desee mostrar en un gr\u00e1fico para todos los meses.<\/p>\n<p> En este caso, puede insertar una l\u00ednea horizontal recta para presentar este valor. Aqu\u00ed est\u00e1 el problema: esta l\u00ednea horizontal puede ser una l\u00ednea din\u00e1mica que cambiar\u00e1 de valor o una l\u00ednea con un valor fijo. Y en la publicaci\u00f3n de hoy, les mostrar\u00e9 exactamente c\u00f3mo hacerlo.<\/p>\n<p> Compartir\u00e9 contigo c\u00f3mo puedes insertar una l\u00ednea horizontal fija y din\u00e1mica en un gr\u00e1fico.<\/p>\n<h2 class=\"wp-block-heading\"> Agregar una l\u00ednea [horizontal] promedio a un gr\u00e1fico<\/h2>\n<p> Una l\u00ednea promedio juega un papel importante siempre que necesite <a href=\"http:\/\/www.investopedia.com\/articles\/technical\/052201.asp\" target=\"_blank\" rel=\"noreferrer noopener nofollow\">estudiar ciertas l\u00edneas de tendencia<\/a> y el impacto de diferentes factores en la tendencia. Y antes de crear un gr\u00e1fico con una l\u00ednea horizontal, es necesario preparar los datos.<\/p>\n<p> Antes de contarte estos pasos, d\u00e9jame mostrarte c\u00f3mo configuro los datos. Aqu\u00ed utilizo un gr\u00e1fico din\u00e1mico para mostrarte c\u00f3mo te ayudar\u00e1 a hacer que tu presentaci\u00f3n sea genial. <a style=\"outline: none;\" href=\"https:\/\/exceladvisor.org\/wp-content\/uploads\/2023\/11\/donnees-dynamiques-pour-ajouter-une-ligne-dans-un-graphique.xlsx\" rel=\"nofollow\">(descargue esta tabla de datos din\u00e1micos desde aqu\u00ed)<\/a> para seguirla. <\/p>\n<div class=\"wp-block-image\">\n<figure class=\"aligncenter\"><img decoding=\"async\" src=\"https:\/\/exceladvisor.org\/wp-content\/uploads\/2023\/08\/Utiliser-le-tableau-de-donnees-pour-ajouter-une-ligne-horizontale-au-graphique-Excel-1.png\" sizes=\"\" srcset=\"\" alt=\"Utilice la tabla de datos para agregar una l\u00ednea horizontal al gr\u00e1fico de Excel\"><\/figure>\n<\/div>\n<p> En las tablas de datos anteriores, obtengo datos de una tabla sin formato a una tabla din\u00e1mica usando <a href=\"https:\/\/exceladvisor.org\/es\/coincidencia-de-vsearch\/\">VLOOKUP MATCH<\/a> . Cada vez que cambio el a\u00f1o en la tabla din\u00e1mica, los valores de ventas cambian autom\u00e1ticamente y se calcula el promedio sobre estas cifras de ventas.<\/p>\n<p> A continuaci\u00f3n se detallan los pasos para crear un gr\u00e1fico con una l\u00ednea horizontal.<\/p>\n<ol>\n<li> Primero, seleccione la tabla de datos e inserte un histograma.<\/li>\n<li> Vaya a Insertar \u279c Gr\u00e1ficos \u279c Histogramas \u279c Histograma agrupado 2D. o tambi\u00e9n puedes usar Alt + F1 para insertar un gr\u00e1fico.<\/li>\n<li> Ahora tienes un histograma en tu hoja de c\u00e1lculo como el que se muestra a continuaci\u00f3n. <br \/><img loading=\"lazy\" decoding=\"async\" title=\"Insertar-A-para-Agregar-una-l\u00ednea-horizontal-al-gr\u00e1fico-de-Excel\" src=\"https:\/\/exceladvisor.org\/wp-content\/uploads\/2023\/08\/Inserer-A-pour-ajouter-une-ligne-horizontale-au-graphique-Excel.png\" sizes=\"auto, \" srcset=\"\" alt=\"Insert A To Add Horizontal Line To Excel Chart\" width=\"454\" height=\"272\"><\/li>\n<li> El siguiente paso es convertir estas barras promedio en una l\u00ednea horizontal.<\/li>\n<li> Para hacer esto, seleccione la barra de la columna del medio y vaya a \u2192 Dise\u00f1o \u2192 Tipo \u2192 Cambiar tipo de gr\u00e1fico. <br \/><img loading=\"lazy\" decoding=\"async\" title=\"Ir a la pesta\u00f1a Dise\u00f1o-Agregar l\u00ednea horizontal al gr\u00e1fico de Excel\" src=\"https:\/\/exceladvisor.org\/wp-content\/uploads\/2023\/08\/Aller-a-longlet-Conception-Ajouter-une-ligne-horizontale-au-graphique-Excel-1.png\" sizes=\"auto, \" srcset=\"\" alt=\"Go To Design Tab Add Horizontal Line To Excel Chart\" width=\"280\" height=\"131\"><\/li>\n<li> Una vez que haga clic en la opci\u00f3n cambiar tipo de gr\u00e1fico, obtendr\u00e1 un cuadro de di\u00e1logo para formatear.<\/li>\n<li> Cambie el tipo de gr\u00e1fico promedio de \u00abGr\u00e1fico de columnas\u00bb a \u00abGr\u00e1fico de l\u00edneas con marcador\u00bb. <br \/><img loading=\"lazy\" decoding=\"async\" title=\"Cambiar-tipo-de-gr\u00e1fico-para-agregar-l\u00ednea-horizontal-al-gr\u00e1fico-de-Excel-1\" src=\"https:\/\/exceladvisor.org\/wp-content\/uploads\/2023\/08\/Modifier-le-type-de-graphique-pour-ajouter-une-ligne-horizontale-au-graphique-Excel-1.png\" sizes=\"auto, \" srcset=\"\" alt=\"Change Chart Type To Add Horizontal Line To Excel Chart\" width=\"560\" height=\"530\"><\/li>\n<li> Haga clic en Aceptar.<\/li>\n<\/ol>\n<p> Aqu\u00ed est\u00e1 su histograma listo para funcionar con una l\u00ednea promedio y aseg\u00farese de <a href=\"https:\/\/exceladvisor.org\/wp-content\/uploads\/2023\/11\/ajouter-une-ligne-horizontale-au-graphique-excel.xlsx\" rel=\"nofollow\">descargar este archivo de muestra aqu\u00ed<\/a> . <\/p>\n<div class=\"wp-block-image\">\n<figure class=\"aligncenter\"><img decoding=\"async\" src=\"https:\/\/exceladvisor.org\/wp-content\/uploads\/2023\/08\/Comment-ajouter-une-ligne-horizontale-au-graphique-Excel-en-utilisant-les-meilleures-pratiques-3.gif\" sizes=\"\" srcset=\"\" alt=\"C\u00f3mo agregar una l\u00ednea horizontal a un gr\u00e1fico de Excel utilizando las mejores pr\u00e1cticas\"><\/figure>\n<\/div>\n<p> Un colega m\u00edo usa este mismo m\u00e9todo para agregar una l\u00ednea central. Tambi\u00e9n puede utilizar este m\u00e9todo para agregar una l\u00ednea promedio a un gr\u00e1fico de l\u00edneas. Los pasos son totalmente iguales, s\u00f3lo necesitas insertar un gr\u00e1fico de l\u00edneas en lugar de un gr\u00e1fico de columnas. Y obtendr\u00e1s algo como esto. <\/p>\n<div class=\"wp-block-image\">\n<figure class=\"aligncenter\"><img decoding=\"async\" src=\"https:\/\/exceladvisor.org\/wp-content\/uploads\/2023\/08\/Ajouter-une-ligne-horizontale-au-graphique-Excel-dans-un-graphique-lineaire-2.gif\" sizes=\"\" srcset=\"\" alt=\"Agregue una l\u00ednea horizontal al gr\u00e1fico de Excel en el gr\u00e1fico de l\u00edneas\"><\/figure>\n<\/div>\n<h2 class=\"wp-block-heading\"> Agregue una l\u00ednea de destino horizontal en el histograma<\/h2>\n<p> Este es otro m\u00e9todo que uso a menudo en mis gr\u00e1ficos agregando una l\u00ednea de objetivo. Hay varias otras formas de crear un gr\u00e1fico de objetivos versus logros, pero el m\u00e9todo de la l\u00ednea de objetivos es simple y efectivo. Primero, d\u00e9jame mostrarte los datos que utilizo para crear una l\u00ednea objetivo en el gr\u00e1fico. <\/p>\n<div class=\"wp-block-image\">\n<figure class=\"aligncenter\"><img decoding=\"async\" src=\"https:\/\/exceladvisor.org\/wp-content\/uploads\/2023\/08\/Ajouter-une-ligne-horizontale-au-graphique-Excel-pour-presenter-une-ligne-horizontale-1.png\" sizes=\"\" srcset=\"\" alt=\"agregue una l\u00ednea horizontal al gr\u00e1fico de Excel para presentar una l\u00ednea horizontal\"><\/figure>\n<\/div>\n<p> Utilic\u00e9 la tabla anterior para obtener los n\u00fameros objetivo y reales de las tablas mensuales y aseg\u00farese de descargar el <a href=\"https:\/\/exceladvisor.org\/wp-content\/uploads\/2023\/11\/tableau-de-donnees-dynamique-pour-ajouter-une-ligne-horizontale-comme-ligne-cible.xlsx\" rel=\"nofollow\">archivo de muestra aqu\u00ed<\/a> . Ahora comencemos con los pasos.<\/p>\n<ol>\n<li> Seleccione la tabla din\u00e1mica que mencion\u00e9 anteriormente.<\/li>\n<li> Inserte un histograma. Vaya a Insertar \u2192 Gr\u00e1ficos \u2192 Gr\u00e1ficos de columnas \u2192 Gr\u00e1fico de columnas agrupadas 2D.<\/li>\n<li> Obtendr\u00e1 una tabla como la siguiente. <br \/><img loading=\"lazy\" decoding=\"async\" title=\"Agregue una l\u00ednea horizontal a un gr\u00e1fico de Excel para insertar una l\u00ednea de destino\" src=\"https:\/\/exceladvisor.org\/wp-content\/uploads\/2023\/08\/Ajouter-une-ligne-horizontale-au-graphique-Excel-pour-inserer-une-ligne-cible-1.png\" sizes=\"auto, \" srcset=\"\" alt=\"Add Horizontal Line To Excel Chart To Insert A Target Line\" width=\"444\" height=\"264\"><\/li>\n<li> Ahora necesita cambiar el tipo de gr\u00e1fico de barras de destino de Gr\u00e1fico <span data-id=\"0\" data-type=\"true\">de columnas<\/span> a Gr\u00e1fico de l\u00edneas con marcadores <span data-id=\"0\" data-type=\"false\">.<\/span> Para cambiar el tipo de gr\u00e1fico, siga los mismos pasos que utilic\u00e9 en el m\u00e9todo anterior.<\/li>\n<li> Despu\u00e9s de cambiar el tipo de gr\u00e1fico, su gr\u00e1fico se ver\u00e1 as\u00ed. <br \/><img loading=\"lazy\" decoding=\"async\" title=\"Agregar l\u00ednea horizontal a un gr\u00e1fico de Excel en un gr\u00e1fico de l\u00ednea en l\u00ednea de destino\" src=\"https:\/\/exceladvisor.org\/wp-content\/uploads\/2023\/08\/Ajouter-une-ligne-horizontale-au-graphique-Excel-dans-TargetLine-dans-le-graphique-lineaire.png\" sizes=\"auto, \" srcset=\"\" alt=\"Add Horizontal Line To Excel Chart In Target Line In Line Chart\" width=\"443\" height=\"266\"><\/li>\n<li> Ahora necesitamos hacer algunos cambios en este gr\u00e1fico lineal.<\/li>\n<li> Despu\u00e9s de eso, <a href=\"https:\/\/exceladvisor.org\/es\/consejo\/\" data-wpil=\"url\">haga doble clic<\/a> en la l\u00ednea para abrir la opci\u00f3n de formato. Una vez hecho esto, aparecer\u00e1 un cuadro de di\u00e1logo de opciones de formato.<\/li>\n<li> Realice los siguientes cambios en el formato.\n<ol>\n<li> Vaya a \u2192 Rellenar y l\u00ednea \u2192 L\u00ednea.<\/li>\n<li> Cambie el estilo de l\u00ednea a \u00abSin l\u00ednea\u00bb. <\/li>\n<\/ol>\n<p><img loading=\"lazy\" decoding=\"async\" title=\"Cambiar-tipo-de-l\u00ednea-en-gr\u00e1fico-de-l\u00edneas-para-agregar-l\u00ednea-horizontal-a-gr\u00e1fico-de-Excel\" src=\"https:\/\/exceladvisor.org\/wp-content\/uploads\/2023\/08\/Modifier-le-type-de-ligne-dans-le-graphique-lineaire-pour-ajouter-une-ligne-horizontale-au-graphique-Excel.png\" sizes=\"auto, \" srcset=\"\" alt=\"Change Line Type In Line Chart To Add Horizontal Line To Excel Chart\" width=\"261\" height=\"271\"><\/li>\n<li> Ahora ve a la secci\u00f3n de marcadores y haz los siguientes cambios.\n<ol>\n<li> Cambie el tipo de marcador a Integrado, una barra horizontal y tama\u00f1o 25.<\/li>\n<li> Relleno de marcador de relleno s\u00f3lido.<\/li>\n<li> Utilice el color blanco como color de relleno.<\/li>\n<li> Crea un estilo de borde con un color s\u00f3lido.<\/li>\n<li> Y color negro para los bordes. <\/li>\n<\/ol>\n<p><img loading=\"lazy\" decoding=\"async\" title=\"Hacer-cambios-agregar-una-l\u00ednea-horizontal-al-gr\u00e1fico-de-Excel\" src=\"https:\/\/exceladvisor.org\/wp-content\/uploads\/2023\/08\/Apporter-des-modifications-Ajouter-une-ligne-horizontale-au-graphique-Excel-1.png\" sizes=\"auto, \" srcset=\"\" alt=\"Make Changes Add Horizontal Line To Excel Chart\" width=\"288\" height=\"633\"><\/li>\n<li> Una vez que hayas realizado todos los cambios en la fila, obtendr\u00e1s una tabla como la que tengo a continuaci\u00f3n. <br \/><img loading=\"lazy\" decoding=\"async\" title=\"Agregar-l\u00ednea-horizontal-a-gr\u00e1fico-de-Excel-con-l\u00ednea-objetivo.gif\" src=\"https:\/\/exceladvisor.org\/wp-content\/uploads\/2023\/08\/Ajouter-une-ligne-horizontale-au-graphique-Excel-avec-une-ligne-cible-1.gif\" sizes=\"auto, \" srcset=\"\" alt=\"Add Horizontal Line To Excel Chart With Target Line\" width=\"454\" height=\"258\"><\/li>\n<\/ol>\n<p> \u00a1Felicidades! Tu tarjeta est\u00e1 lista.<\/p>\n<h2 id=\"tab-con-5\" class=\"wp-block-heading\"> Archivo de ejemplo<\/h2>\n<p> <a href=\"https:\/\/exceladvisor.org\/wp-content\/uploads\/2023\/11\/ajouter-une-ligne-horizontale-au-tableau-excel-1.xlsx\" rel=\"nofollow\">Descargue este archivo de muestra aqu\u00ed<\/a> para seguirlo <\/p>\n<div id=\"ub-content-toggle-a1a9fc47-96f9-47b5-a85f-4b5f770b9c6a\" class=\"wp-block-ub-content-toggle\" data-mobilecollapse=\"false\" data-desktopcollapse=\"true\">\n<div class=\"wp-block-ub-content-toggle-accordion\">\n<div class=\"wp-block-ub-content-toggle-accordion-title-wrap\" tabindex=\"0\" aria-expanded=\"false\" aria-controls=\"ub-content-toggle-panel-0-a1a9fc47-96f9-47b5-a85f-4b5f770b9c6a\">\n<h2 class=\"wp-block-ub-content-toggle-accordion-title ub-content-toggle-title-a1a9fc47-96f9-47b5-a85f-4b5f770b9c6a\"> M\u00e1s tutoriales de gr\u00e1ficos <\/h2>\n<\/div>\n<div id=\"ub-content-toggle-panel-0-a1a9fc47-96f9-47b5-a85f-4b5f770b9c6a\" class=\"wp-block-ub-content-toggle-accordion-content-wrap ub-hide\" role=\"region\">\n<ol>\n<li> <a href=\"https:\/\/exceladvisor.org\/es\/agregar-una-linea-vertical\/\">C\u00f3mo agregar una l\u00ednea vertical a un gr\u00e1fico en Excel<\/a><\/li>\n<li> <a href=\"https:\/\/exceladvisor.org\/es\/tablero-de-balas\/\">C\u00f3mo crear un gr\u00e1fico de vi\u00f1etas en Excel<\/a><\/li>\n<li> <a href=\"https:\/\/exceladvisor.org\/es\/rango-de-grafico-dinamico\/\">C\u00f3mo crear un rango de gr\u00e1fico din\u00e1mico en Excel<\/a><\/li>\n<li> <a href=\"https:\/\/exceladvisor.org\/es\/titulo-del-grafico-dinamico\/\">C\u00f3mo crear un t\u00edtulo de gr\u00e1fico din\u00e1mico en Excel<\/a><\/li>\n<li> <a href=\"https:\/\/exceladvisor.org\/es\/graficos-interactivos\/\">C\u00f3mo crear gr\u00e1ficos interactivos en Excel<\/a><\/li>\n<\/ol>\n<\/div>\n<\/div>\n<\/div>\n","protected":false},"excerpt":{"rendered":"<p>Al crear un gr\u00e1fico en Excel, puede utilizar una l\u00ednea horizontal como l\u00ednea objetivo o l\u00ednea promedio. Esto puede ayudarle a comparar el logro con la meta. Basta con mirar la tabla a continuaci\u00f3n. Te gusta, \u00bfverdad? Di \u00abS\u00ed\u00bb en la secci\u00f3n de comentarios si te gusta. Bien, escuche: digamos que tiene un valor promedio [&hellip;]<\/p>\n","protected":false},"author":1,"featured_media":0,"parent":0,"menu_order":0,"comment_status":"open","ping_status":"closed","template":"","meta":{"ub_ctt_via":"","footnotes":""},"class_list":["post-226","page","type-page","status-publish","hentry"],"featured_image_src":null,"yoast_head":"<!-- This site is optimized with the Yoast SEO plugin v25.4 - https:\/\/yoast.com\/wordpress\/plugins\/seo\/ -->\n<title>\u00bfc\u00f3mo agregar una l\u00ednea horizontal a un gr\u00e1fico?<\/title>\n<meta name=\"robots\" content=\"index, follow, max-snippet:-1, max-image-preview:large, max-video-preview:-1\" \/>\n<link rel=\"canonical\" href=\"https:\/\/exceladvisor.org\/es\/agregar-una-linea-horizontal\/\" \/>\n<meta property=\"og:locale\" content=\"es_ES\" \/>\n<meta property=\"og:type\" content=\"article\" \/>\n<meta property=\"og:title\" content=\"\u00bfc\u00f3mo agregar una l\u00ednea horizontal a un gr\u00e1fico?\" \/>\n<meta property=\"og:description\" content=\"Al crear un gr\u00e1fico en Excel, puede utilizar una l\u00ednea horizontal como l\u00ednea objetivo o l\u00ednea promedio. Esto puede ayudarle a comparar el logro con la meta. Basta con mirar la tabla a continuaci\u00f3n. Te gusta, \u00bfverdad? Di \u00abS\u00ed\u00bb en la secci\u00f3n de comentarios si te gusta. Bien, escuche: digamos que tiene un valor promedio [&hellip;]\" \/>\n<meta property=\"og:url\" content=\"https:\/\/exceladvisor.org\/es\/agregar-una-linea-horizontal\/\" \/>\n<meta property=\"og:site_name\" content=\"Excel Advisor\" \/>\n<meta property=\"article:modified_time\" content=\"2023-12-25T10:23:09+00:00\" \/>\n<meta property=\"og:image\" content=\"https:\/\/exceladvisor.org\/wp-content\/uploads\/2023\/08\/comment-ajouter-une-ligne-horizontale-au-graphique-Excel-en-utilisant-les-meilleures-pratiques-1.gif\" \/>\n<meta name=\"twitter:card\" content=\"summary_large_image\" \/>\n<meta name=\"twitter:label1\" content=\"Tiempo de lectura\" \/>\n\t<meta name=\"twitter:data1\" content=\"5 minutos\" \/>\n<script type=\"application\/ld+json\" class=\"yoast-schema-graph\">{\"@context\":\"https:\/\/schema.org\",\"@graph\":[{\"@type\":\"WebPage\",\"@id\":\"https:\/\/exceladvisor.org\/es\/agregar-una-linea-horizontal\/\",\"url\":\"https:\/\/exceladvisor.org\/es\/agregar-una-linea-horizontal\/\",\"name\":\"\u00bfc\u00f3mo agregar una l\u00ednea horizontal a un gr\u00e1fico?\",\"isPartOf\":{\"@id\":\"https:\/\/exceladvisor.org\/es\/#website\"},\"primaryImageOfPage\":{\"@id\":\"https:\/\/exceladvisor.org\/es\/agregar-una-linea-horizontal\/#primaryimage\"},\"image\":{\"@id\":\"https:\/\/exceladvisor.org\/es\/agregar-una-linea-horizontal\/#primaryimage\"},\"thumbnailUrl\":\"https:\/\/exceladvisor.org\/wp-content\/uploads\/2023\/08\/comment-ajouter-une-ligne-horizontale-au-graphique-Excel-en-utilisant-les-meilleures-pratiques-1.gif\",\"datePublished\":\"2023-11-10T18:42:50+00:00\",\"dateModified\":\"2023-12-25T10:23:09+00:00\",\"breadcrumb\":{\"@id\":\"https:\/\/exceladvisor.org\/es\/agregar-una-linea-horizontal\/#breadcrumb\"},\"inLanguage\":\"es\",\"potentialAction\":[{\"@type\":\"ReadAction\",\"target\":[\"https:\/\/exceladvisor.org\/es\/agregar-una-linea-horizontal\/\"]}]},{\"@type\":\"ImageObject\",\"inLanguage\":\"es\",\"@id\":\"https:\/\/exceladvisor.org\/es\/agregar-una-linea-horizontal\/#primaryimage\",\"url\":\"https:\/\/exceladvisor.org\/wp-content\/uploads\/2023\/08\/comment-ajouter-une-ligne-horizontale-au-graphique-Excel-en-utilisant-les-meilleures-pratiques-1.gif\",\"contentUrl\":\"https:\/\/exceladvisor.org\/wp-content\/uploads\/2023\/08\/comment-ajouter-une-ligne-horizontale-au-graphique-Excel-en-utilisant-les-meilleures-pratiques-1.gif\"},{\"@type\":\"BreadcrumbList\",\"@id\":\"https:\/\/exceladvisor.org\/es\/agregar-una-linea-horizontal\/#breadcrumb\",\"itemListElement\":[{\"@type\":\"ListItem\",\"position\":1,\"name\":\"Hogar\",\"item\":\"https:\/\/exceladvisor.org\/es\/\"},{\"@type\":\"ListItem\",\"position\":2,\"name\":\"\u00bfc\u00f3mo agregar una l\u00ednea horizontal a un gr\u00e1fico?\"}]},{\"@type\":\"WebSite\",\"@id\":\"https:\/\/exceladvisor.org\/es\/#website\",\"url\":\"https:\/\/exceladvisor.org\/es\/\",\"name\":\"Excel Advisor\",\"description\":\"Su gu\u00eda para la dominaci\u00f3n de datos!\",\"publisher\":{\"@id\":\"https:\/\/exceladvisor.org\/es\/#organization\"},\"potentialAction\":[{\"@type\":\"SearchAction\",\"target\":{\"@type\":\"EntryPoint\",\"urlTemplate\":\"https:\/\/exceladvisor.org\/es\/?s={search_term_string}\"},\"query-input\":{\"@type\":\"PropertyValueSpecification\",\"valueRequired\":true,\"valueName\":\"search_term_string\"}}],\"inLanguage\":\"es\"},{\"@type\":\"Organization\",\"@id\":\"https:\/\/exceladvisor.org\/es\/#organization\",\"name\":\"Excel Advisor\",\"url\":\"https:\/\/exceladvisor.org\/es\/\",\"logo\":{\"@type\":\"ImageObject\",\"inLanguage\":\"es\",\"@id\":\"https:\/\/exceladvisor.org\/es\/#\/schema\/logo\/image\/\",\"url\":\"https:\/\/exceladvisor.org\/es\/wp-content\/uploads\/2023\/12\/exceladvisor.org_.png\",\"contentUrl\":\"https:\/\/exceladvisor.org\/es\/wp-content\/uploads\/2023\/12\/exceladvisor.org_.png\",\"width\":105,\"height\":36,\"caption\":\"Excel Advisor\"},\"image\":{\"@id\":\"https:\/\/exceladvisor.org\/es\/#\/schema\/logo\/image\/\"}}]}<\/script>\n<!-- \/ Yoast SEO plugin. -->","yoast_head_json":{"title":"\u00bfc\u00f3mo agregar una l\u00ednea horizontal a un gr\u00e1fico?","robots":{"index":"index","follow":"follow","max-snippet":"max-snippet:-1","max-image-preview":"max-image-preview:large","max-video-preview":"max-video-preview:-1"},"canonical":"https:\/\/exceladvisor.org\/es\/agregar-una-linea-horizontal\/","og_locale":"es_ES","og_type":"article","og_title":"\u00bfc\u00f3mo agregar una l\u00ednea horizontal a un gr\u00e1fico?","og_description":"Al crear un gr\u00e1fico en Excel, puede utilizar una l\u00ednea horizontal como l\u00ednea objetivo o l\u00ednea promedio. Esto puede ayudarle a comparar el logro con la meta. Basta con mirar la tabla a continuaci\u00f3n. Te gusta, \u00bfverdad? Di \u00abS\u00ed\u00bb en la secci\u00f3n de comentarios si te gusta. Bien, escuche: digamos que tiene un valor promedio [&hellip;]","og_url":"https:\/\/exceladvisor.org\/es\/agregar-una-linea-horizontal\/","og_site_name":"Excel Advisor","article_modified_time":"2023-12-25T10:23:09+00:00","og_image":[{"url":"https:\/\/exceladvisor.org\/wp-content\/uploads\/2023\/08\/comment-ajouter-une-ligne-horizontale-au-graphique-Excel-en-utilisant-les-meilleures-pratiques-1.gif","type":"","width":"","height":""}],"twitter_card":"summary_large_image","twitter_misc":{"Tiempo de lectura":"5 minutos"},"schema":{"@context":"https:\/\/schema.org","@graph":[{"@type":"WebPage","@id":"https:\/\/exceladvisor.org\/es\/agregar-una-linea-horizontal\/","url":"https:\/\/exceladvisor.org\/es\/agregar-una-linea-horizontal\/","name":"\u00bfc\u00f3mo agregar una l\u00ednea horizontal a un gr\u00e1fico?","isPartOf":{"@id":"https:\/\/exceladvisor.org\/es\/#website"},"primaryImageOfPage":{"@id":"https:\/\/exceladvisor.org\/es\/agregar-una-linea-horizontal\/#primaryimage"},"image":{"@id":"https:\/\/exceladvisor.org\/es\/agregar-una-linea-horizontal\/#primaryimage"},"thumbnailUrl":"https:\/\/exceladvisor.org\/wp-content\/uploads\/2023\/08\/comment-ajouter-une-ligne-horizontale-au-graphique-Excel-en-utilisant-les-meilleures-pratiques-1.gif","datePublished":"2023-11-10T18:42:50+00:00","dateModified":"2023-12-25T10:23:09+00:00","breadcrumb":{"@id":"https:\/\/exceladvisor.org\/es\/agregar-una-linea-horizontal\/#breadcrumb"},"inLanguage":"es","potentialAction":[{"@type":"ReadAction","target":["https:\/\/exceladvisor.org\/es\/agregar-una-linea-horizontal\/"]}]},{"@type":"ImageObject","inLanguage":"es","@id":"https:\/\/exceladvisor.org\/es\/agregar-una-linea-horizontal\/#primaryimage","url":"https:\/\/exceladvisor.org\/wp-content\/uploads\/2023\/08\/comment-ajouter-une-ligne-horizontale-au-graphique-Excel-en-utilisant-les-meilleures-pratiques-1.gif","contentUrl":"https:\/\/exceladvisor.org\/wp-content\/uploads\/2023\/08\/comment-ajouter-une-ligne-horizontale-au-graphique-Excel-en-utilisant-les-meilleures-pratiques-1.gif"},{"@type":"BreadcrumbList","@id":"https:\/\/exceladvisor.org\/es\/agregar-una-linea-horizontal\/#breadcrumb","itemListElement":[{"@type":"ListItem","position":1,"name":"Hogar","item":"https:\/\/exceladvisor.org\/es\/"},{"@type":"ListItem","position":2,"name":"\u00bfc\u00f3mo agregar una l\u00ednea horizontal a un gr\u00e1fico?"}]},{"@type":"WebSite","@id":"https:\/\/exceladvisor.org\/es\/#website","url":"https:\/\/exceladvisor.org\/es\/","name":"Excel Advisor","description":"Su gu\u00eda para la dominaci\u00f3n de datos!","publisher":{"@id":"https:\/\/exceladvisor.org\/es\/#organization"},"potentialAction":[{"@type":"SearchAction","target":{"@type":"EntryPoint","urlTemplate":"https:\/\/exceladvisor.org\/es\/?s={search_term_string}"},"query-input":{"@type":"PropertyValueSpecification","valueRequired":true,"valueName":"search_term_string"}}],"inLanguage":"es"},{"@type":"Organization","@id":"https:\/\/exceladvisor.org\/es\/#organization","name":"Excel Advisor","url":"https:\/\/exceladvisor.org\/es\/","logo":{"@type":"ImageObject","inLanguage":"es","@id":"https:\/\/exceladvisor.org\/es\/#\/schema\/logo\/image\/","url":"https:\/\/exceladvisor.org\/es\/wp-content\/uploads\/2023\/12\/exceladvisor.org_.png","contentUrl":"https:\/\/exceladvisor.org\/es\/wp-content\/uploads\/2023\/12\/exceladvisor.org_.png","width":105,"height":36,"caption":"Excel Advisor"},"image":{"@id":"https:\/\/exceladvisor.org\/es\/#\/schema\/logo\/image\/"}}]}},"yoast_meta":{"yoast_wpseo_title":"","yoast_wpseo_metadesc":"","yoast_wpseo_canonical":""},"_links":{"self":[{"href":"https:\/\/exceladvisor.org\/es\/wp-json\/wp\/v2\/pages\/226","targetHints":{"allow":["GET"]}}],"collection":[{"href":"https:\/\/exceladvisor.org\/es\/wp-json\/wp\/v2\/pages"}],"about":[{"href":"https:\/\/exceladvisor.org\/es\/wp-json\/wp\/v2\/types\/page"}],"author":[{"embeddable":true,"href":"https:\/\/exceladvisor.org\/es\/wp-json\/wp\/v2\/users\/1"}],"replies":[{"embeddable":true,"href":"https:\/\/exceladvisor.org\/es\/wp-json\/wp\/v2\/comments?post=226"}],"version-history":[{"count":1,"href":"https:\/\/exceladvisor.org\/es\/wp-json\/wp\/v2\/pages\/226\/revisions"}],"predecessor-version":[{"id":821,"href":"https:\/\/exceladvisor.org\/es\/wp-json\/wp\/v2\/pages\/226\/revisions\/821"}],"wp:attachment":[{"href":"https:\/\/exceladvisor.org\/es\/wp-json\/wp\/v2\/media?parent=226"}],"curies":[{"name":"wp","href":"https:\/\/api.w.org\/{rel}","templated":true}]}}