{"id":227,"date":"2023-11-10T18:31:38","date_gmt":"2023-11-10T18:31:38","guid":{"rendered":"https:\/\/exceladvisor.org\/es\/interes-compuesto\/"},"modified":"2023-12-25T10:23:44","modified_gmt":"2023-12-25T10:23:44","slug":"interes-compuesto","status":"publish","type":"page","link":"https:\/\/exceladvisor.org\/es\/interes-compuesto\/","title":{"rendered":"\u00bfc\u00f3mo calcular el inter\u00e9s compuesto en excel?"},"content":{"rendered":"<div class=\"excel-antes-del-contenido\" id=\"excel-1897849459\"><script type=\"text\/javascript\">\r\n\tatOptions = {\r\n\t\t'key' : 'c1158f160081d6540a8409e6925dab94',\r\n\t\t'format' : 'iframe',\r\n\t\t'height' : 250,\r\n\t\t'width' : 300,\r\n\t\t'params' : {}\r\n\t};\r\n<\/script>\r\n<script type=\"text\/javascript\" src=\"\/\/www.highperformanceformat.com\/c1158f160081d6540a8409e6925dab94\/invoke.js\"><\/script><\/div><p>El inter\u00e9s compuesto es uno de los c\u00e1lculos financieros m\u00e1s importantes que la mayor\u00eda de nosotros utilizamos con frecuencia, y es imprescindible aprender a calcularlo en Excel.<\/p>\n<p> Pero antes de hacerlo, es necesario comprender qu\u00e9 es realmente el inter\u00e9s compuesto.<\/p>\n<blockquote class=\"wp-block-quote\">\n<p> El inter\u00e9s compuesto es el inter\u00e9s calculado sobre el capital inicial y tambi\u00e9n sobre el inter\u00e9s incrementado de per\u00edodos anteriores de un dep\u00f3sito o pr\u00e9stamo.<\/p>\n<p> <cite><em><a href=\"http:\/\/www.investopedia.com\/terms\/c\/compoundinterest.asp\" target=\"_blank\" rel=\"noreferrer noopener nofollow\">investopedia<\/a><\/em><\/cite><\/p>\n<\/blockquote>\n<p> En Excel, el m\u00e9todo para calcular el inter\u00e9s compuesto es sencillo.<\/p>\n<p> Ahora la cosa es. Simplemente utilice un m\u00e9todo de c\u00e1lculo y especifique el per\u00edodo de tiempo para el que desea calcular. <\/p>\n<div class=\"wp-block-image\">\n<figure class=\"aligncenter\"><img decoding=\"async\" src=\"https:\/\/exceladvisor.org\/wp-content\/uploads\/2023\/08\/un-modele-simple-pour-calculer-les-interets-composes-dans-excel.gif\" sizes=\"\" srcset=\"\" alt=\"un modelo simple para calcular el inter\u00e9s compuesto en excel\"><\/figure>\n<\/div>\n<p> Por eso, hoy en este art\u00edculo me gustar\u00eda mostrarte c\u00f3mo calcular el inter\u00e9s compuesto en Excel utilizando diferentes per\u00edodos de tiempo. Entonces empecemos.<\/p>\n<h2 id=\"tab-con-1\" class=\"wp-block-heading\"> F\u00f3rmula de inter\u00e9s compuesto anual<\/h2>\n<p> Para calcular el inter\u00e9s compuesto anual, simplemente agregue el inter\u00e9s de un a\u00f1o al monto principal del a\u00f1o siguiente para calcular el inter\u00e9s del a\u00f1o siguiente.<\/p>\n<p> Y la f\u00f3rmula en Excel para el inter\u00e9s compuesto anual ser\u00e1.<\/p>\n<pre class=\"wp-block-code\"> <code class=\"language-excel-formula\" lang=\"excel-formula\">=Principal Amount*((1+Annual Interest Rate\/1)^(Total Years of Investment*1)))<\/code><\/pre>\n<p> Dejame mostrarte un ejemplo. <\/p>\n<div class=\"wp-block-image\">\n<figure class=\"aligncenter\"><img decoding=\"async\" src=\"https:\/\/exceladvisor.org\/wp-content\/uploads\/2023\/08\/calculer-linteret-compose-dans-excel-chaque-annee.png\" sizes=\"\" srcset=\"\" alt=\"calcular el inter\u00e9s compuesto en excel cada a\u00f1o\"><\/figure>\n<\/div>\n<p> En el ejemplo anterior, con $10,000 de capital y 10% de inter\u00e9s durante 5 a\u00f1os, obtendr\u00edas $16,105.<\/p>\n<p> En el primer a\u00f1o, obtendr\u00e1s $10,000 * 10%, que es $1,000, y en el segundo a\u00f1o, ($10,000 + $1,000) * 10% = $1,100, y as\u00ed sucesivamente.<\/p>\n<h2 id=\"tab-con-2\" class=\"wp-block-heading\"> F\u00f3rmula de inter\u00e9s compuesto trimestral<\/h2>\n<p> Calcular el inter\u00e9s compuesto trimestral es similar a calcular el inter\u00e9s compuesto anual.<\/p>\n<p> Pero aqu\u00ed hay que calcular el inter\u00e9s cuatro veces al a\u00f1o. El monto de los intereses de cada trimestre se sumar\u00e1 al monto del capital del trimestre siguiente. Para calcular el inter\u00e9s compuesto trimestral, puede utilizar la siguiente f\u00f3rmula.<\/p>\n<pre class=\"wp-block-code\"> <code class=\"language-excel-formula\" lang=\"excel-formula\">=Principal Amount*((1+Annual Interest Rate\/4)^(Total Years of Investment*4)))<\/code><\/pre>\n<p> Aqu\u00ed hay un ejemplo. <\/p>\n<div class=\"wp-block-image\">\n<figure class=\"aligncenter\"><img decoding=\"async\" src=\"https:\/\/exceladvisor.org\/wp-content\/uploads\/2023\/08\/calculer-les-interets-composes-dans-excel-trimestriel.png\" sizes=\"\" srcset=\"\" alt=\"calcular el inter\u00e9s compuesto en excel trimestralmente\"><\/figure>\n<\/div>\n<p> En el ejemplo anterior, con $10 000 de capital y 10% de inter\u00e9s durante 5 a\u00f1os, obtendr\u00edamos $16 386.<\/p>\n<p> En el primer trimestre obtenemos 10000*(10%\/4) o 250$, y en el segundo trimestre, (10000$+250$)*(10%\/4) = 256$, y el mismo m\u00e9todo de c\u00e1lculo para 20 Trimestres (5 a\u00f1os).<\/p>\n<h2 id=\"tab-con-3\" class=\"wp-block-heading\"> F\u00f3rmula de inter\u00e9s compuesto mensual<\/h2>\n<p> Al calcular el inter\u00e9s compuesto mensual, debes utilizar la base que utilizaste en otros per\u00edodos.<\/p>\n<p> Debes calcular el inter\u00e9s al final de cada mes. Y, en este m\u00e9todo, la tasa de inter\u00e9s se dividir\u00e1 por 12 para obtener una tasa de inter\u00e9s mensual. Para calcular el inter\u00e9s compuesto mensual en Excel, puede utilizar la siguiente f\u00f3rmula. <\/p>\n<pre class=\"wp-block-code\"> <code class=\"language-excel-formula\" lang=\"excel-formula\">=Principal Amount*((1+Annual Interest Rate\/12)^(Total Years of Investment*12)))<\/code><\/pre>\n<div class=\"wp-block-image\">\n<figure class=\"aligncenter\"><img decoding=\"async\" src=\"https:\/\/exceladvisor.org\/wp-content\/uploads\/2023\/08\/calculer-mensuellement-les-interets-composes-dans-excel.png\" sizes=\"\" srcset=\"\" alt=\"calcular el inter\u00e9s compuesto en excel mensualmente\"><\/figure>\n<\/div>\n<p> En el ejemplo anterior, con $10 000 de capital y 10% de inter\u00e9s durante 5 a\u00f1os, obtendr\u00edamos $16 453.<\/p>\n<p> En el primer mes, obtenemos 10.000 * (10%\/12), que es $83,33 y el segundo mes, ($10.000 + $83,33) * (10%\/12) = $84,02 y lo mismo ocurre durante 60 meses (5 a\u00f1os).<\/p>\n<h2 id=\"tab-con-4\" class=\"wp-block-heading\"> F\u00f3rmula de inter\u00e9s compuesto diario<\/h2>\n<p> Al calcular el inter\u00e9s compuesto diario, debemos utilizar el mismo m\u00e9todo con la f\u00f3rmula de c\u00e1lculo siguiente. Necesitamos dividir la tasa de inter\u00e9s entre 365 para obtener una tasa de inter\u00e9s diaria.<\/p>\n<p> Por lo tanto, puede utilizar la siguiente f\u00f3rmula para calcular el inter\u00e9s compuesto diario. <\/p>\n<pre class=\"wp-block-code\"> <code class=\"language-excel-formula\" lang=\"excel-formula\">=Principal Amount*((1+Annual Interest Rate\/365)^(Total Years of Investment*365)))<\/code><\/pre>\n<div class=\"wp-block-image\">\n<figure class=\"aligncenter\"><img decoding=\"async\" src=\"https:\/\/exceladvisor.org\/wp-content\/uploads\/2023\/08\/calculer-linteret-compose-sur-excel-day.png\" sizes=\"\" srcset=\"\" alt=\"calcular el inter\u00e9s compuesto en el d\u00eda de excel\"><\/figure>\n<\/div>\n<p> En el ejemplo anterior, con $10 000 de capital y 10% de inter\u00e9s durante 5 a\u00f1os, obtendr\u00edamos $16 486.<\/p>\n<p> El primer d\u00eda obtenemos 10000*(10%\/365) = 4$, y el segundo d\u00eda, (10000$+4$)*(10%\/365) = 4$, y lo mismo ocurre con todos los d\u00edas. por 5 a\u00f1os.<\/p>\n<h2 id=\"tab-con-5\" class=\"wp-block-heading\"> Archivo de ejemplo<\/h2>\n<p> Utilizando los m\u00e9todos anteriores, cre\u00e9 una Calculadora de intereses acumulados [Plantilla] para calcular todos los c\u00e1lculos de intereses anteriores en una sola hoja de c\u00e1lculo. <\/p>\n<div class=\"gb-container gb-container-bafb25cc gb-container-download-2\">\n<div class=\"gb-grid-wrapper gb-grid-wrapper-91201309\">\n<div class=\"gb-grid-column gb-grid-column-15a917ef\">\n<div class=\"gb-container gb-container-15a917ef\">\n<h2 class=\"gb-headline gb-headline-f2deb261 gb-headline-text gb-headline-download-2\"> Obtener el archivo Excel <\/h2>\n<\/div>\n<\/div>\n<div class=\"gb-grid-column gb-grid-column-18357188\">\n<div class=\"gb-container gb-container-18357188\">\n<div class=\"gb-container gb-container-76cbe15e\"> <a class=\"gb-button gb-button-cb63d00a gb-button-text gb-button-download-2\" href=\"https:\/\/exceladvisor.org\/wp-content\/uploads\/2023\/11\/excel-interet-compose.xlsx\" rel=\"nofollow\">Descargar<\/a><\/div>\n<\/div>\n<\/div>\n<\/div>\n<\/div>\n<div class=\"gb-container gb-container-0df56012 gb-container-mt\"> <a class=\"gb-button gb-button-f9f432f4 gb-button-text gb-button-mt-button\" href=\"https:\/\/exceladvisor.org\/es\/formulas\/\">Lista de f\u00f3rmulas de Excel<\/a><\/p>\n<h2 class=\"gb-headline gb-headline-233444e8 gb-headline-text gb-headline-mt-heading\"> F\u00f3rmulas relacionadas <\/h2>\n<div class=\"gb-grid-wrapper gb-grid-wrapper-a16fa65c gb-grid-wrapper-mt-grid\">\n<div class=\"gb-grid-column gb-grid-column-50d07e0d\">\n<div class=\"gb-container gb-container-50d07e0d\">\n<ul>\n<li> <a href=\"https:\/\/exceladvisor.org\/es\/interes-simple\/\">Calcular el inter\u00e9s simple en Excel<\/a><\/li>\n<li> <a href=\"https:\/\/exceladvisor.org\/es\/margen-de-beneficio\/\">Beneficio bruto (margen y ratio)<\/a><\/li>\n<li> <a href=\"https:\/\/exceladvisor.org\/es\/iva\/\">Calcular el IVA<\/a> <\/li>\n<\/ul>\n<\/div>\n<\/div>\n<div class=\"gb-grid-column gb-grid-column-5b4a0cf9\">\n<div class=\"gb-container gb-container-5b4a0cf9\"><\/div>\n<\/div>\n<\/div>\n<\/div>\n","protected":false},"excerpt":{"rendered":"<p>El inter\u00e9s compuesto es uno de los c\u00e1lculos financieros m\u00e1s importantes que la mayor\u00eda de nosotros utilizamos con frecuencia, y es imprescindible aprender a calcularlo en Excel. Pero antes de hacerlo, es necesario comprender qu\u00e9 es realmente el inter\u00e9s compuesto. El inter\u00e9s compuesto es el inter\u00e9s calculado sobre el capital inicial y tambi\u00e9n sobre el [&hellip;]<\/p>\n","protected":false},"author":1,"featured_media":0,"parent":0,"menu_order":0,"comment_status":"open","ping_status":"closed","template":"","meta":{"ub_ctt_via":"","footnotes":""},"class_list":["post-227","page","type-page","status-publish","hentry"],"featured_image_src":null,"yoast_head":"<!-- This site is optimized with the Yoast SEO plugin v25.4 - https:\/\/yoast.com\/wordpress\/plugins\/seo\/ -->\n<title>\u00bfc\u00f3mo calcular el inter\u00e9s compuesto en excel?<\/title>\n<meta name=\"robots\" content=\"index, follow, max-snippet:-1, max-image-preview:large, max-video-preview:-1\" \/>\n<link rel=\"canonical\" href=\"https:\/\/exceladvisor.org\/es\/interes-compuesto\/\" \/>\n<meta property=\"og:locale\" content=\"es_ES\" \/>\n<meta property=\"og:type\" content=\"article\" \/>\n<meta property=\"og:title\" content=\"\u00bfc\u00f3mo calcular el inter\u00e9s compuesto en excel?\" \/>\n<meta property=\"og:description\" content=\"El inter\u00e9s compuesto es uno de los c\u00e1lculos financieros m\u00e1s importantes que la mayor\u00eda de nosotros utilizamos con frecuencia, y es imprescindible aprender a calcularlo en Excel. Pero antes de hacerlo, es necesario comprender qu\u00e9 es realmente el inter\u00e9s compuesto. El inter\u00e9s compuesto es el inter\u00e9s calculado sobre el capital inicial y tambi\u00e9n sobre el [&hellip;]\" \/>\n<meta property=\"og:url\" content=\"https:\/\/exceladvisor.org\/es\/interes-compuesto\/\" \/>\n<meta property=\"og:site_name\" content=\"Excel Advisor\" \/>\n<meta property=\"article:modified_time\" content=\"2023-12-25T10:23:44+00:00\" \/>\n<meta property=\"og:image\" content=\"https:\/\/exceladvisor.org\/wp-content\/uploads\/2023\/08\/un-modele-simple-pour-calculer-les-interets-composes-dans-excel.gif\" \/>\n<meta name=\"twitter:card\" content=\"summary_large_image\" \/>\n<meta name=\"twitter:label1\" content=\"Tiempo de lectura\" \/>\n\t<meta name=\"twitter:data1\" content=\"3 minutos\" \/>\n<script type=\"application\/ld+json\" class=\"yoast-schema-graph\">{\"@context\":\"https:\/\/schema.org\",\"@graph\":[{\"@type\":\"WebPage\",\"@id\":\"https:\/\/exceladvisor.org\/es\/interes-compuesto\/\",\"url\":\"https:\/\/exceladvisor.org\/es\/interes-compuesto\/\",\"name\":\"\u00bfc\u00f3mo calcular el inter\u00e9s compuesto en excel?\",\"isPartOf\":{\"@id\":\"https:\/\/exceladvisor.org\/es\/#website\"},\"primaryImageOfPage\":{\"@id\":\"https:\/\/exceladvisor.org\/es\/interes-compuesto\/#primaryimage\"},\"image\":{\"@id\":\"https:\/\/exceladvisor.org\/es\/interes-compuesto\/#primaryimage\"},\"thumbnailUrl\":\"https:\/\/exceladvisor.org\/wp-content\/uploads\/2023\/08\/un-modele-simple-pour-calculer-les-interets-composes-dans-excel.gif\",\"datePublished\":\"2023-11-10T18:31:38+00:00\",\"dateModified\":\"2023-12-25T10:23:44+00:00\",\"breadcrumb\":{\"@id\":\"https:\/\/exceladvisor.org\/es\/interes-compuesto\/#breadcrumb\"},\"inLanguage\":\"es\",\"potentialAction\":[{\"@type\":\"ReadAction\",\"target\":[\"https:\/\/exceladvisor.org\/es\/interes-compuesto\/\"]}]},{\"@type\":\"ImageObject\",\"inLanguage\":\"es\",\"@id\":\"https:\/\/exceladvisor.org\/es\/interes-compuesto\/#primaryimage\",\"url\":\"https:\/\/exceladvisor.org\/wp-content\/uploads\/2023\/08\/un-modele-simple-pour-calculer-les-interets-composes-dans-excel.gif\",\"contentUrl\":\"https:\/\/exceladvisor.org\/wp-content\/uploads\/2023\/08\/un-modele-simple-pour-calculer-les-interets-composes-dans-excel.gif\"},{\"@type\":\"BreadcrumbList\",\"@id\":\"https:\/\/exceladvisor.org\/es\/interes-compuesto\/#breadcrumb\",\"itemListElement\":[{\"@type\":\"ListItem\",\"position\":1,\"name\":\"Hogar\",\"item\":\"https:\/\/exceladvisor.org\/es\/\"},{\"@type\":\"ListItem\",\"position\":2,\"name\":\"\u00bfc\u00f3mo calcular el inter\u00e9s compuesto en excel?\"}]},{\"@type\":\"WebSite\",\"@id\":\"https:\/\/exceladvisor.org\/es\/#website\",\"url\":\"https:\/\/exceladvisor.org\/es\/\",\"name\":\"Excel Advisor\",\"description\":\"Su gu\u00eda para la dominaci\u00f3n de datos!\",\"publisher\":{\"@id\":\"https:\/\/exceladvisor.org\/es\/#organization\"},\"potentialAction\":[{\"@type\":\"SearchAction\",\"target\":{\"@type\":\"EntryPoint\",\"urlTemplate\":\"https:\/\/exceladvisor.org\/es\/?s={search_term_string}\"},\"query-input\":{\"@type\":\"PropertyValueSpecification\",\"valueRequired\":true,\"valueName\":\"search_term_string\"}}],\"inLanguage\":\"es\"},{\"@type\":\"Organization\",\"@id\":\"https:\/\/exceladvisor.org\/es\/#organization\",\"name\":\"Excel Advisor\",\"url\":\"https:\/\/exceladvisor.org\/es\/\",\"logo\":{\"@type\":\"ImageObject\",\"inLanguage\":\"es\",\"@id\":\"https:\/\/exceladvisor.org\/es\/#\/schema\/logo\/image\/\",\"url\":\"https:\/\/exceladvisor.org\/es\/wp-content\/uploads\/2023\/12\/exceladvisor.org_.png\",\"contentUrl\":\"https:\/\/exceladvisor.org\/es\/wp-content\/uploads\/2023\/12\/exceladvisor.org_.png\",\"width\":105,\"height\":36,\"caption\":\"Excel Advisor\"},\"image\":{\"@id\":\"https:\/\/exceladvisor.org\/es\/#\/schema\/logo\/image\/\"}}]}<\/script>\n<!-- \/ Yoast SEO plugin. -->","yoast_head_json":{"title":"\u00bfc\u00f3mo calcular el inter\u00e9s compuesto en excel?","robots":{"index":"index","follow":"follow","max-snippet":"max-snippet:-1","max-image-preview":"max-image-preview:large","max-video-preview":"max-video-preview:-1"},"canonical":"https:\/\/exceladvisor.org\/es\/interes-compuesto\/","og_locale":"es_ES","og_type":"article","og_title":"\u00bfc\u00f3mo calcular el inter\u00e9s compuesto en excel?","og_description":"El inter\u00e9s compuesto es uno de los c\u00e1lculos financieros m\u00e1s importantes que la mayor\u00eda de nosotros utilizamos con frecuencia, y es imprescindible aprender a calcularlo en Excel. Pero antes de hacerlo, es necesario comprender qu\u00e9 es realmente el inter\u00e9s compuesto. El inter\u00e9s compuesto es el inter\u00e9s calculado sobre el capital inicial y tambi\u00e9n sobre el [&hellip;]","og_url":"https:\/\/exceladvisor.org\/es\/interes-compuesto\/","og_site_name":"Excel Advisor","article_modified_time":"2023-12-25T10:23:44+00:00","og_image":[{"url":"https:\/\/exceladvisor.org\/wp-content\/uploads\/2023\/08\/un-modele-simple-pour-calculer-les-interets-composes-dans-excel.gif","type":"","width":"","height":""}],"twitter_card":"summary_large_image","twitter_misc":{"Tiempo de lectura":"3 minutos"},"schema":{"@context":"https:\/\/schema.org","@graph":[{"@type":"WebPage","@id":"https:\/\/exceladvisor.org\/es\/interes-compuesto\/","url":"https:\/\/exceladvisor.org\/es\/interes-compuesto\/","name":"\u00bfc\u00f3mo calcular el inter\u00e9s compuesto en excel?","isPartOf":{"@id":"https:\/\/exceladvisor.org\/es\/#website"},"primaryImageOfPage":{"@id":"https:\/\/exceladvisor.org\/es\/interes-compuesto\/#primaryimage"},"image":{"@id":"https:\/\/exceladvisor.org\/es\/interes-compuesto\/#primaryimage"},"thumbnailUrl":"https:\/\/exceladvisor.org\/wp-content\/uploads\/2023\/08\/un-modele-simple-pour-calculer-les-interets-composes-dans-excel.gif","datePublished":"2023-11-10T18:31:38+00:00","dateModified":"2023-12-25T10:23:44+00:00","breadcrumb":{"@id":"https:\/\/exceladvisor.org\/es\/interes-compuesto\/#breadcrumb"},"inLanguage":"es","potentialAction":[{"@type":"ReadAction","target":["https:\/\/exceladvisor.org\/es\/interes-compuesto\/"]}]},{"@type":"ImageObject","inLanguage":"es","@id":"https:\/\/exceladvisor.org\/es\/interes-compuesto\/#primaryimage","url":"https:\/\/exceladvisor.org\/wp-content\/uploads\/2023\/08\/un-modele-simple-pour-calculer-les-interets-composes-dans-excel.gif","contentUrl":"https:\/\/exceladvisor.org\/wp-content\/uploads\/2023\/08\/un-modele-simple-pour-calculer-les-interets-composes-dans-excel.gif"},{"@type":"BreadcrumbList","@id":"https:\/\/exceladvisor.org\/es\/interes-compuesto\/#breadcrumb","itemListElement":[{"@type":"ListItem","position":1,"name":"Hogar","item":"https:\/\/exceladvisor.org\/es\/"},{"@type":"ListItem","position":2,"name":"\u00bfc\u00f3mo calcular el inter\u00e9s compuesto en excel?"}]},{"@type":"WebSite","@id":"https:\/\/exceladvisor.org\/es\/#website","url":"https:\/\/exceladvisor.org\/es\/","name":"Excel Advisor","description":"Su gu\u00eda para la dominaci\u00f3n de datos!","publisher":{"@id":"https:\/\/exceladvisor.org\/es\/#organization"},"potentialAction":[{"@type":"SearchAction","target":{"@type":"EntryPoint","urlTemplate":"https:\/\/exceladvisor.org\/es\/?s={search_term_string}"},"query-input":{"@type":"PropertyValueSpecification","valueRequired":true,"valueName":"search_term_string"}}],"inLanguage":"es"},{"@type":"Organization","@id":"https:\/\/exceladvisor.org\/es\/#organization","name":"Excel Advisor","url":"https:\/\/exceladvisor.org\/es\/","logo":{"@type":"ImageObject","inLanguage":"es","@id":"https:\/\/exceladvisor.org\/es\/#\/schema\/logo\/image\/","url":"https:\/\/exceladvisor.org\/es\/wp-content\/uploads\/2023\/12\/exceladvisor.org_.png","contentUrl":"https:\/\/exceladvisor.org\/es\/wp-content\/uploads\/2023\/12\/exceladvisor.org_.png","width":105,"height":36,"caption":"Excel Advisor"},"image":{"@id":"https:\/\/exceladvisor.org\/es\/#\/schema\/logo\/image\/"}}]}},"yoast_meta":{"yoast_wpseo_title":"","yoast_wpseo_metadesc":"","yoast_wpseo_canonical":""},"_links":{"self":[{"href":"https:\/\/exceladvisor.org\/es\/wp-json\/wp\/v2\/pages\/227","targetHints":{"allow":["GET"]}}],"collection":[{"href":"https:\/\/exceladvisor.org\/es\/wp-json\/wp\/v2\/pages"}],"about":[{"href":"https:\/\/exceladvisor.org\/es\/wp-json\/wp\/v2\/types\/page"}],"author":[{"embeddable":true,"href":"https:\/\/exceladvisor.org\/es\/wp-json\/wp\/v2\/users\/1"}],"replies":[{"embeddable":true,"href":"https:\/\/exceladvisor.org\/es\/wp-json\/wp\/v2\/comments?post=227"}],"version-history":[{"count":1,"href":"https:\/\/exceladvisor.org\/es\/wp-json\/wp\/v2\/pages\/227\/revisions"}],"predecessor-version":[{"id":869,"href":"https:\/\/exceladvisor.org\/es\/wp-json\/wp\/v2\/pages\/227\/revisions\/869"}],"wp:attachment":[{"href":"https:\/\/exceladvisor.org\/es\/wp-json\/wp\/v2\/media?parent=227"}],"curies":[{"name":"wp","href":"https:\/\/api.w.org\/{rel}","templated":true}]}}