{"id":228,"date":"2023-11-10T18:13:57","date_gmt":"2023-11-10T18:13:57","guid":{"rendered":"https:\/\/exceladvisor.org\/es\/maximo-si\/"},"modified":"2023-12-25T10:31:38","modified_gmt":"2023-12-25T10:31:38","slug":"maximo-si","status":"publish","type":"page","link":"https:\/\/exceladvisor.org\/es\/maximo-si\/","title":{"rendered":"\u00bfc\u00f3mo utilizar max if en excel?"},"content":{"rendered":"<div class=\"excel-antes-del-contenido\" id=\"excel-382822947\"><script type=\"text\/javascript\">\r\n\tatOptions = {\r\n\t\t'key' : 'c1158f160081d6540a8409e6925dab94',\r\n\t\t'format' : 'iframe',\r\n\t\t'height' : 250,\r\n\t\t'width' : 300,\r\n\t\t'params' : {}\r\n\t};\r\n<\/script>\r\n<script type=\"text\/javascript\" src=\"\/\/www.highperformanceformat.com\/c1158f160081d6540a8409e6925dab94\/invoke.js\"><\/script><\/div><p>En Excel, no podemos usar simplemente la funci\u00f3n MAX predeterminada con una condici\u00f3n (a menos que est\u00e9 usando Microsoft Office 365).<\/p>\n<p> Pero la cuesti\u00f3n es que si desea obtener el valor m\u00e1ximo de un rango utilizando una condici\u00f3n espec\u00edfica, necesita una f\u00f3rmula MAX IF.<\/p>\n<p> \u00bfEntonces cu\u00e1l es el punto?<\/p>\n<p> Puede combinar MAX e IF para crear una f\u00f3rmula que le ayude a obtener el valor m\u00e1ximo de un rango utilizando criterios espec\u00edficos.<\/p>\n<p> En resumen: MAXIF es una f\u00f3rmula matricial que puede utilizar para encontrar el valor m\u00e1ximo de un rango utilizando criterios. Pero aqu\u00ed est\u00e1 el truco: en este art\u00edculo, voy a compartir contigo diferentes formas de usar la f\u00f3rmula MAXIF.<\/p>\n<h2 id=\"tab-con-1\" class=\"wp-block-heading\"> Aplicar la f\u00f3rmula MAX IF<\/h2>\n<p> Tomemos un ejemplo de los datos a continuaci\u00f3n donde tiene la cantidad de ventas por mes, por semana y por fecha. <\/p>\n<div class=\"wp-block-image\">\n<figure class=\"aligncenter\"><img decoding=\"async\" src=\"https:\/\/exceladvisor.org\/wp-content\/uploads\/2023\/08\/donnees-de-quantite-de-ventes-a-utiliser-max-si-formule-min-1.png\" sizes=\"\" srcset=\"\" alt=\"datos de cantidad de ventas para usar la f\u00f3rmula max if\"><\/figure>\n<\/div>\n<p> Ahora, a partir de estos datos necesitas obtener la cantidad m\u00e1xima de ventas para un mes determinado. Por ejemplo \u201cEne\u201d y para esto la f\u00f3rmula ser\u00e1:<\/p>\n<pre class=\"wp-block-code\"> <code class=\"language-excel-formula\" lang=\"excel-formula\">=MAX(IF(A2:A367=\"Jan\",D2:D367))<\/code><\/pre>\n<p> Y debe ingresarlo como una f\u00f3rmula matricial usando Ctrl + Shift + Enter. <\/p>\n<pre class=\"wp-block-code\"> <code class=\"language-excel-formula\" lang=\"excel-formula\">{=MAX(IF(A2:A367=\"Jan\",D2:D367))}<\/code><\/pre>\n<div class=\"wp-block-image\">\n<figure class=\"aligncenter\"><img decoding=\"async\" src=\"https:\/\/exceladvisor.org\/wp-content\/uploads\/2023\/08\/max-si-formule-appliquee-min-1.png\" sizes=\"\" srcset=\"\" alt=\"m\u00e1ximo si se aplica la f\u00f3rmula\"><\/figure>\n<\/div>\n<p> Cuando lo ingrese, devolver\u00e1 200, que es el valor de ventas m\u00e1s alto del mes de enero el 7 de enero de 2016.<\/p>\n<h3 class=\"wp-block-heading\"> C\u00f3mo funciona esto<\/h3>\n<p id=\"tab-con-2\"> Para entender c\u00f3mo funciona max, es necesario dividirlo en tres partes. <\/p>\n<div class=\"wp-block-image\">\n<figure class=\"aligncenter\"><img decoding=\"async\" src=\"https:\/\/exceladvisor.org\/wp-content\/uploads\/2023\/08\/comprendre-max-si-la-formule-dans-excel-1.png\" sizes=\"\" srcset=\"\" alt=\"entender la f\u00f3rmula max i en excel\"><\/figure>\n<\/div>\n<p> Tenga en cuenta que <strong><span style=\"color: #000000;\">ingres\u00f3 esto como una f\u00f3rmula matricial<\/span><\/strong> .<\/p>\n<p> <span style=\"color: #000000;\">Primero<\/span> , cre\u00f3 una prueba l\u00f3gica en la funci\u00f3n SI para hacer coincidir toda la columna del mes con los criterios. Y devolvi\u00f3 una matriz donde los valores coincidentes son VERDADEROS y todos los dem\u00e1s son FALDOS. <\/p>\n<div class=\"wp-block-image\">\n<figure class=\"aligncenter\"><img decoding=\"async\" src=\"https:\/\/exceladvisor.org\/wp-content\/uploads\/2023\/08\/premier-tableau-avec-max-si-formule-avec-tableau-min-1.png\" sizes=\"\" srcset=\"\" alt=\"primera matriz con f\u00f3rmula max if con matriz\"><\/figure>\n<\/div>\n<p> <span style=\"color: #000000;\">En segundo lugar<\/span> , en la funci\u00f3n SI, especific\u00f3 la columna de cantidad de ventas para valores VERDADEROS y es por eso que devolvi\u00f3 la cantidad de ventas solo para VERDADERO. <\/p>\n<div class=\"wp-block-image\">\n<figure class=\"aligncenter\"><img decoding=\"async\" src=\"https:\/\/exceladvisor.org\/wp-content\/uploads\/2023\/08\/deuxieme-tableau-de-max-si-formule-avec-tableau-min-1.png\" sizes=\"\" srcset=\"\" alt=\"segunda matriz de f\u00f3rmula max if con matriz\"><\/figure>\n<\/div>\n<p> <span style=\"color: #000000;\">En tercer lugar<\/span> , la funci\u00f3n MAX simplemente devolver\u00e1 el n\u00famero m\u00e1s alto de esta matriz, que corresponde a la cantidad de ventas m\u00e1s alta para el mes de enero. Al igual que este truco de f\u00f3rmula aqu\u00ed, he enumerado algunos de los otros que debes leer y aprender.<\/p>\n<ol>\n<li> <a href=\"https:\/\/exceladvisor.org\/es\/sumif-sumifs-o-logica\/\">SUMIFOR en Excel<\/a><\/li>\n<li> <a href=\"https:\/\/exceladvisor.org\/es\/clasificacion-condicional-clasificacion-sumaproducto-si\/\">CLASIFICAR EN Excel<\/a><\/li>\n<\/ol>\n<h2 id=\"tab-con-3\" class=\"wp-block-heading\"> MAX IF con m\u00faltiples criterios<\/h2>\n<p> Estoy seguro de que en este punto est\u00e1s pensando en c\u00f3mo podemos usar m\u00e1s de una condici\u00f3n en max if. Y eso es pensar inteligentemente.<\/p>\n<p> En el mundo real de los datos, es muy probable que necesitemos utilizar m\u00faltiples criterios para obtener el valor m\u00e1s alto. Sigamos con el ejemplo anterior.<\/p>\n<p> Digamos que en lugar del valor de ventas m\u00e1s alto de enero, necesita obtener las ventas m\u00e1s altas de la semana 2 de enero.<\/p>\n<p> Entonces aqu\u00ed tienes dos condiciones diferentes, el mes es enero y la semana es la 2. Y la f\u00f3rmula ser\u00e1:<\/p>\n<pre class=\"wp-block-code\"> <code class=\"language-excel-formula\" lang=\"excel-formula\">=MAX(IF(A2:A367=F5,IF(B2:B367=G5,D2:D367),))<\/code><\/pre>\n<p> Y, cuando lo ingresas como una tabla: <\/p>\n<pre class=\"wp-block-code\"> <code class=\"language-excel-formula\" lang=\"excel-formula\">{=MAX(IF(A2:A367=F5,IF(B2:B367=G5,D2:D367),))}<\/code><\/pre>\n<div class=\"wp-block-image\">\n<figure class=\"aligncenter\"><img decoding=\"async\" src=\"https:\/\/exceladvisor.org\/wp-content\/uploads\/2023\/08\/plusieurs-criteres-avec-max-si-formule-min-1.png\" sizes=\"\" srcset=\"\" alt=\"m\u00faltiples criterios con f\u00f3rmula max if\"><\/figure>\n<\/div>\n<h3 id=\"tab-con-4\" class=\"wp-block-heading\"> C\u00f3mo funciona esto<\/h3>\n<p> Aqu\u00ed hemos utilizado IF anidado para probar m\u00e1s de una l\u00f3gica. Uno es para el mes y el segundo es para la semana.<\/p>\n<p> Entonces devuelve una tabla donde tienes la cantidad de ventas solo cuando el mes es enero y la semana es el 2. <\/p>\n<div class=\"wp-block-image\">\n<figure class=\"aligncenter\"><img decoding=\"async\" src=\"https:\/\/exceladvisor.org\/wp-content\/uploads\/2023\/08\/criteres-multiples-avec-max-si-formule-premier-tableau-min-1.png\" sizes=\"\" srcset=\"\" alt=\"varios criterios con la primera tabla de f\u00f3rmula max if\"><\/figure>\n<\/div>\n<p> Y al final, max devuelve el valor m\u00e1ximo de esta matriz.<\/p>\n<h2 id=\"tab-con-5\" class=\"wp-block-heading\"> MAX SI sin mesa<\/h2>\n<p> Las tablas son poderosas pero no todos quieren usarlas. Y tiene la opci\u00f3n de no utilizar una matriz en max if.<\/p>\n<p> Entonces, para esto puede usar la funci\u00f3n SUMPRODUCT, ya que puede ayudarlo a usar una matriz sin aplicar la f\u00f3rmula matricial real. Y la f\u00f3rmula ser\u00e1:<\/p>\n<pre class=\"wp-block-code\"> <code class=\"language-excel-formula\" lang=\"excel-formula\">=SUMPRODUCT(MAX((A2:A367=\"Jan\")*D2:D367))<\/code><\/pre>\n<p> Entonces, cuando insertes esta f\u00f3rmula, no necesitas usar Ctrl + Shift + Enter. <\/p>\n<div class=\"wp-block-image\">\n<figure class=\"aligncenter\"><img decoding=\"async\" src=\"https:\/\/exceladvisor.org\/wp-content\/uploads\/2023\/08\/max-si-formule-sans-tableaux-utilisant-sumproduct-min-1.png\" sizes=\"\" srcset=\"\" alt=\"f\u00f3rmula max if sin matrices usando sumproduct\"><\/figure>\n<\/div>\n<h3 id=\"tab-con-6\" class=\"wp-block-heading\"> C\u00f3mo funciona esto<\/h3>\n<p> Nuevamente, necesitamos dividir esta f\u00f3rmula en tres partes diferentes para entenderla. En la primera parte, compar\u00f3 la columna del mes con los criterios y devolvi\u00f3 una matriz con VERDADERO donde coincid\u00edan los criterios; de lo contrario, FALSO. <\/p>\n<div class=\"wp-block-image\">\n<figure class=\"aligncenter\"><img decoding=\"async\" src=\"https:\/\/exceladvisor.org\/wp-content\/uploads\/2023\/08\/comparer-mois-max-si-formule-avec-sumproduct-min-1.png\" sizes=\"\" srcset=\"\" alt=\"comparar el mes m\u00e1ximo si la f\u00f3rmula con el producto suma\"><\/figure>\n<\/div>\n<p> Despu\u00e9s de eso, multiplica esta tabla con la columna de cantidad de ventas que devuelve una tabla donde tiene la cantidad de ventas en lugar de VERDADERO. Al final, la funci\u00f3n MAX devolvi\u00f3 el valor m\u00e1s alto en esta matriz, que corresponde a su cantidad de ventas m\u00e1s alta.<\/p>\n<p> Toda esta f\u00f3rmula, la funci\u00f3n principal de sumproduct es permitirle usar una matriz sin ingresar una f\u00f3rmula matricial real.<\/p>\n<h2 class=\"wp-block-heading\"> Conclusi\u00f3n<\/h2>\n<p> Obtener el valor m\u00e1ximo seg\u00fan criterios es lo que a menudo debemos hacer. Y usando esta t\u00e9cnica de f\u00f3rmula max if podr\u00e1s hacerlo sin esfuerzo.<\/p>\n<p> Todos los m\u00e9todos que aprendi\u00f3 anteriormente tienen diferentes aplicaciones seg\u00fan la situaci\u00f3n. Espero que este consejo de f\u00f3rmula te ayude a mejorar en Excel. Pero ahora dime una cosa.<\/p>\n<p> \u00bfQu\u00e9 te gusta realmente, con cuadro o sin cuadro?<\/p>\n<p> Por favor comparta sus puntos de vista conmigo en la secci\u00f3n de comentarios. Me encantar\u00eda saber de ti y no olvides compartir esta publicaci\u00f3n con tus amigos, estoy seguro de que lo apreciar\u00e1n. <\/p>\n<div class=\"gb-container gb-container-52dfcee1 gb-container-sample-file\">\n<h2 class=\"gb-headline gb-headline-e289c143 gb-headline-text gb-headline-4f7959c2\"> Obtener el archivo Excel<\/h2>\n<p> <a class=\"gb-button gb-button-e88d6bee gb-button-text gb-button-button1\" href=\"https:\/\/exceladvisor.org\/wp-content\/uploads\/2023\/08\/max-si-3.xlsx\" rel=\"nofollow\">Descargar<\/a><\/p>\n<\/div>\n<div class=\"gb-container gb-container-0df56012 gb-container-mt\"> <a class=\"gb-button gb-button-f9f432f4 gb-button-text gb-button-mt-button\" href=\"https:\/\/exceladvisor.org\/es\/formulas\/\">Lista de f\u00f3rmulas de Excel<\/a><\/p>\n<h2 class=\"gb-headline gb-headline-233444e8 gb-headline-text gb-headline-mt-heading\"> F\u00f3rmulas relacionadas <\/h2>\n<div class=\"gb-grid-wrapper gb-grid-wrapper-a16fa65c gb-grid-wrapper-mt-grid\">\n<div class=\"gb-grid-column gb-grid-column-50d07e0d\">\n<div class=\"gb-container gb-container-50d07e0d\">\n<ul>\n<li> <a href=\"https:\/\/exceladvisor.org\/es\/coeficiente-de-variacion\/\">Calcular el coeficiente de variaci\u00f3n (CV) en Excel<\/a><\/li>\n<li> <a href=\"https:\/\/exceladvisor.org\/es\/informe\/\">Calcule r\u00e1pidamente la proporci\u00f3n en Excel<\/a><\/li>\n<li> <a href=\"https:\/\/exceladvisor.org\/es\/valor-mas-bajo\/\">Encuentre el valor m\u00e1s bajo de una lista de n\u00fameros (N)<\/a><\/li>\n<li> <a href=\"https:\/\/exceladvisor.org\/es\/valor-mas-pequeno-2\/\">Encuentre el valor m\u00e1s peque\u00f1o en un rango de celdas (n\u00famero m\u00e1s peque\u00f1o)<\/a><\/li>\n<li> <a href=\"https:\/\/exceladvisor.org\/es\/enesima-raiz-2\/\">Calcular la ra\u00edz en\u00e9sima<\/a> <\/li>\n<\/ul>\n<\/div>\n<\/div>\n<div class=\"gb-grid-column gb-grid-column-5b4a0cf9\">\n<div class=\"gb-container gb-container-5b4a0cf9\"><\/div>\n<\/div>\n<\/div>\n<\/div>\n","protected":false},"excerpt":{"rendered":"<p>En Excel, no podemos usar simplemente la funci\u00f3n MAX predeterminada con una condici\u00f3n (a menos que est\u00e9 usando Microsoft Office 365). Pero la cuesti\u00f3n es que si desea obtener el valor m\u00e1ximo de un rango utilizando una condici\u00f3n espec\u00edfica, necesita una f\u00f3rmula MAX IF. \u00bfEntonces cu\u00e1l es el punto? Puede combinar MAX e IF para [&hellip;]<\/p>\n","protected":false},"author":1,"featured_media":0,"parent":0,"menu_order":0,"comment_status":"open","ping_status":"closed","template":"","meta":{"ub_ctt_via":"","footnotes":""},"class_list":["post-228","page","type-page","status-publish","hentry"],"featured_image_src":null,"yoast_head":"<!-- This site is optimized with the Yoast SEO plugin v25.4 - https:\/\/yoast.com\/wordpress\/plugins\/seo\/ -->\n<title>\u00bfc\u00f3mo utilizar max if en excel?<\/title>\n<meta name=\"robots\" content=\"index, follow, max-snippet:-1, max-image-preview:large, max-video-preview:-1\" \/>\n<link rel=\"canonical\" href=\"https:\/\/exceladvisor.org\/es\/maximo-si\/\" \/>\n<meta property=\"og:locale\" content=\"es_ES\" \/>\n<meta property=\"og:type\" content=\"article\" \/>\n<meta property=\"og:title\" content=\"\u00bfc\u00f3mo utilizar max if en excel?\" \/>\n<meta property=\"og:description\" content=\"En Excel, no podemos usar simplemente la funci\u00f3n MAX predeterminada con una condici\u00f3n (a menos que est\u00e9 usando Microsoft Office 365). Pero la cuesti\u00f3n es que si desea obtener el valor m\u00e1ximo de un rango utilizando una condici\u00f3n espec\u00edfica, necesita una f\u00f3rmula MAX IF. \u00bfEntonces cu\u00e1l es el punto? Puede combinar MAX e IF para [&hellip;]\" \/>\n<meta property=\"og:url\" content=\"https:\/\/exceladvisor.org\/es\/maximo-si\/\" \/>\n<meta property=\"og:site_name\" content=\"Excel Advisor\" \/>\n<meta property=\"article:modified_time\" content=\"2023-12-25T10:31:38+00:00\" \/>\n<meta property=\"og:image\" content=\"https:\/\/exceladvisor.org\/wp-content\/uploads\/2023\/08\/donnees-de-quantite-de-ventes-a-utiliser-max-si-formule-min-1.png\" \/>\n<meta name=\"twitter:card\" content=\"summary_large_image\" \/>\n<meta name=\"twitter:label1\" content=\"Tiempo de lectura\" \/>\n\t<meta name=\"twitter:data1\" content=\"5 minutos\" \/>\n<script type=\"application\/ld+json\" class=\"yoast-schema-graph\">{\"@context\":\"https:\/\/schema.org\",\"@graph\":[{\"@type\":\"WebPage\",\"@id\":\"https:\/\/exceladvisor.org\/es\/maximo-si\/\",\"url\":\"https:\/\/exceladvisor.org\/es\/maximo-si\/\",\"name\":\"\u00bfc\u00f3mo utilizar max if en excel?\",\"isPartOf\":{\"@id\":\"https:\/\/exceladvisor.org\/es\/#website\"},\"primaryImageOfPage\":{\"@id\":\"https:\/\/exceladvisor.org\/es\/maximo-si\/#primaryimage\"},\"image\":{\"@id\":\"https:\/\/exceladvisor.org\/es\/maximo-si\/#primaryimage\"},\"thumbnailUrl\":\"https:\/\/exceladvisor.org\/wp-content\/uploads\/2023\/08\/donnees-de-quantite-de-ventes-a-utiliser-max-si-formule-min-1.png\",\"datePublished\":\"2023-11-10T18:13:57+00:00\",\"dateModified\":\"2023-12-25T10:31:38+00:00\",\"breadcrumb\":{\"@id\":\"https:\/\/exceladvisor.org\/es\/maximo-si\/#breadcrumb\"},\"inLanguage\":\"es\",\"potentialAction\":[{\"@type\":\"ReadAction\",\"target\":[\"https:\/\/exceladvisor.org\/es\/maximo-si\/\"]}]},{\"@type\":\"ImageObject\",\"inLanguage\":\"es\",\"@id\":\"https:\/\/exceladvisor.org\/es\/maximo-si\/#primaryimage\",\"url\":\"https:\/\/exceladvisor.org\/wp-content\/uploads\/2023\/08\/donnees-de-quantite-de-ventes-a-utiliser-max-si-formule-min-1.png\",\"contentUrl\":\"https:\/\/exceladvisor.org\/wp-content\/uploads\/2023\/08\/donnees-de-quantite-de-ventes-a-utiliser-max-si-formule-min-1.png\"},{\"@type\":\"BreadcrumbList\",\"@id\":\"https:\/\/exceladvisor.org\/es\/maximo-si\/#breadcrumb\",\"itemListElement\":[{\"@type\":\"ListItem\",\"position\":1,\"name\":\"Hogar\",\"item\":\"https:\/\/exceladvisor.org\/es\/\"},{\"@type\":\"ListItem\",\"position\":2,\"name\":\"\u00bfc\u00f3mo utilizar max if en excel?\"}]},{\"@type\":\"WebSite\",\"@id\":\"https:\/\/exceladvisor.org\/es\/#website\",\"url\":\"https:\/\/exceladvisor.org\/es\/\",\"name\":\"Excel Advisor\",\"description\":\"Su gu\u00eda para la dominaci\u00f3n de datos!\",\"publisher\":{\"@id\":\"https:\/\/exceladvisor.org\/es\/#organization\"},\"potentialAction\":[{\"@type\":\"SearchAction\",\"target\":{\"@type\":\"EntryPoint\",\"urlTemplate\":\"https:\/\/exceladvisor.org\/es\/?s={search_term_string}\"},\"query-input\":{\"@type\":\"PropertyValueSpecification\",\"valueRequired\":true,\"valueName\":\"search_term_string\"}}],\"inLanguage\":\"es\"},{\"@type\":\"Organization\",\"@id\":\"https:\/\/exceladvisor.org\/es\/#organization\",\"name\":\"Excel Advisor\",\"url\":\"https:\/\/exceladvisor.org\/es\/\",\"logo\":{\"@type\":\"ImageObject\",\"inLanguage\":\"es\",\"@id\":\"https:\/\/exceladvisor.org\/es\/#\/schema\/logo\/image\/\",\"url\":\"https:\/\/exceladvisor.org\/es\/wp-content\/uploads\/2023\/12\/exceladvisor.org_.png\",\"contentUrl\":\"https:\/\/exceladvisor.org\/es\/wp-content\/uploads\/2023\/12\/exceladvisor.org_.png\",\"width\":105,\"height\":36,\"caption\":\"Excel Advisor\"},\"image\":{\"@id\":\"https:\/\/exceladvisor.org\/es\/#\/schema\/logo\/image\/\"}}]}<\/script>\n<!-- \/ Yoast SEO plugin. -->","yoast_head_json":{"title":"\u00bfc\u00f3mo utilizar max if en excel?","robots":{"index":"index","follow":"follow","max-snippet":"max-snippet:-1","max-image-preview":"max-image-preview:large","max-video-preview":"max-video-preview:-1"},"canonical":"https:\/\/exceladvisor.org\/es\/maximo-si\/","og_locale":"es_ES","og_type":"article","og_title":"\u00bfc\u00f3mo utilizar max if en excel?","og_description":"En Excel, no podemos usar simplemente la funci\u00f3n MAX predeterminada con una condici\u00f3n (a menos que est\u00e9 usando Microsoft Office 365). Pero la cuesti\u00f3n es que si desea obtener el valor m\u00e1ximo de un rango utilizando una condici\u00f3n espec\u00edfica, necesita una f\u00f3rmula MAX IF. \u00bfEntonces cu\u00e1l es el punto? Puede combinar MAX e IF para [&hellip;]","og_url":"https:\/\/exceladvisor.org\/es\/maximo-si\/","og_site_name":"Excel Advisor","article_modified_time":"2023-12-25T10:31:38+00:00","og_image":[{"url":"https:\/\/exceladvisor.org\/wp-content\/uploads\/2023\/08\/donnees-de-quantite-de-ventes-a-utiliser-max-si-formule-min-1.png","type":"","width":"","height":""}],"twitter_card":"summary_large_image","twitter_misc":{"Tiempo de lectura":"5 minutos"},"schema":{"@context":"https:\/\/schema.org","@graph":[{"@type":"WebPage","@id":"https:\/\/exceladvisor.org\/es\/maximo-si\/","url":"https:\/\/exceladvisor.org\/es\/maximo-si\/","name":"\u00bfc\u00f3mo utilizar max if en excel?","isPartOf":{"@id":"https:\/\/exceladvisor.org\/es\/#website"},"primaryImageOfPage":{"@id":"https:\/\/exceladvisor.org\/es\/maximo-si\/#primaryimage"},"image":{"@id":"https:\/\/exceladvisor.org\/es\/maximo-si\/#primaryimage"},"thumbnailUrl":"https:\/\/exceladvisor.org\/wp-content\/uploads\/2023\/08\/donnees-de-quantite-de-ventes-a-utiliser-max-si-formule-min-1.png","datePublished":"2023-11-10T18:13:57+00:00","dateModified":"2023-12-25T10:31:38+00:00","breadcrumb":{"@id":"https:\/\/exceladvisor.org\/es\/maximo-si\/#breadcrumb"},"inLanguage":"es","potentialAction":[{"@type":"ReadAction","target":["https:\/\/exceladvisor.org\/es\/maximo-si\/"]}]},{"@type":"ImageObject","inLanguage":"es","@id":"https:\/\/exceladvisor.org\/es\/maximo-si\/#primaryimage","url":"https:\/\/exceladvisor.org\/wp-content\/uploads\/2023\/08\/donnees-de-quantite-de-ventes-a-utiliser-max-si-formule-min-1.png","contentUrl":"https:\/\/exceladvisor.org\/wp-content\/uploads\/2023\/08\/donnees-de-quantite-de-ventes-a-utiliser-max-si-formule-min-1.png"},{"@type":"BreadcrumbList","@id":"https:\/\/exceladvisor.org\/es\/maximo-si\/#breadcrumb","itemListElement":[{"@type":"ListItem","position":1,"name":"Hogar","item":"https:\/\/exceladvisor.org\/es\/"},{"@type":"ListItem","position":2,"name":"\u00bfc\u00f3mo utilizar max if en excel?"}]},{"@type":"WebSite","@id":"https:\/\/exceladvisor.org\/es\/#website","url":"https:\/\/exceladvisor.org\/es\/","name":"Excel Advisor","description":"Su gu\u00eda para la dominaci\u00f3n de datos!","publisher":{"@id":"https:\/\/exceladvisor.org\/es\/#organization"},"potentialAction":[{"@type":"SearchAction","target":{"@type":"EntryPoint","urlTemplate":"https:\/\/exceladvisor.org\/es\/?s={search_term_string}"},"query-input":{"@type":"PropertyValueSpecification","valueRequired":true,"valueName":"search_term_string"}}],"inLanguage":"es"},{"@type":"Organization","@id":"https:\/\/exceladvisor.org\/es\/#organization","name":"Excel Advisor","url":"https:\/\/exceladvisor.org\/es\/","logo":{"@type":"ImageObject","inLanguage":"es","@id":"https:\/\/exceladvisor.org\/es\/#\/schema\/logo\/image\/","url":"https:\/\/exceladvisor.org\/es\/wp-content\/uploads\/2023\/12\/exceladvisor.org_.png","contentUrl":"https:\/\/exceladvisor.org\/es\/wp-content\/uploads\/2023\/12\/exceladvisor.org_.png","width":105,"height":36,"caption":"Excel Advisor"},"image":{"@id":"https:\/\/exceladvisor.org\/es\/#\/schema\/logo\/image\/"}}]}},"yoast_meta":{"yoast_wpseo_title":"","yoast_wpseo_metadesc":"","yoast_wpseo_canonical":""},"_links":{"self":[{"href":"https:\/\/exceladvisor.org\/es\/wp-json\/wp\/v2\/pages\/228","targetHints":{"allow":["GET"]}}],"collection":[{"href":"https:\/\/exceladvisor.org\/es\/wp-json\/wp\/v2\/pages"}],"about":[{"href":"https:\/\/exceladvisor.org\/es\/wp-json\/wp\/v2\/types\/page"}],"author":[{"embeddable":true,"href":"https:\/\/exceladvisor.org\/es\/wp-json\/wp\/v2\/users\/1"}],"replies":[{"embeddable":true,"href":"https:\/\/exceladvisor.org\/es\/wp-json\/wp\/v2\/comments?post=228"}],"version-history":[{"count":1,"href":"https:\/\/exceladvisor.org\/es\/wp-json\/wp\/v2\/pages\/228\/revisions"}],"predecessor-version":[{"id":1372,"href":"https:\/\/exceladvisor.org\/es\/wp-json\/wp\/v2\/pages\/228\/revisions\/1372"}],"wp:attachment":[{"href":"https:\/\/exceladvisor.org\/es\/wp-json\/wp\/v2\/media?parent=228"}],"curies":[{"name":"wp","href":"https:\/\/api.w.org\/{rel}","templated":true}]}}