{"id":229,"date":"2023-11-10T17:43:55","date_gmt":"2023-11-10T17:43:55","guid":{"rendered":"https:\/\/exceladvisor.org\/es\/errores-promedio-ignorados-2\/"},"modified":"2023-12-25T10:25:04","modified_gmt":"2023-12-25T10:25:04","slug":"errores-promedio-ignorados-2","status":"publish","type":"page","link":"https:\/\/exceladvisor.org\/es\/errores-promedio-ignorados-2\/","title":{"rendered":"\u00bfc\u00f3mo corregir errores promedio en excel?"},"content":{"rendered":"<div class=\"excel-antes-del-contenido\" id=\"excel-3442393231\"><script type=\"text\/javascript\">\r\n\tatOptions = {\r\n\t\t'key' : 'c1158f160081d6540a8409e6925dab94',\r\n\t\t'format' : 'iframe',\r\n\t\t'height' : 250,\r\n\t\t'width' : 300,\r\n\t\t'params' : {}\r\n\t};\r\n<\/script>\r\n<script type=\"text\/javascript\" src=\"\/\/www.highperformanceformat.com\/c1158f160081d6540a8409e6925dab94\/invoke.js\"><\/script><\/div><p>En Excel, cuando intentas promediar los valores en un rango, pero tienes un error en una o m\u00e1s celdas, tu f\u00f3rmula devolver\u00e1 un error en el resultado. En este tutorial, aprenderemos c\u00f3mo calcular el promedio de valores en un rango ignorando los valores de error.<\/p>\n<h2 class=\"wp-block-heading\"> Ignorar error #N\/A<\/h2>\n<p> En el siguiente ejemplo, tenemos un error #N\/A en el rango de celdas y cuando usa la funci\u00f3n PROMEDIO, tambi\u00e9n devuelve errores #N\/A en el resultado. <\/p>\n<div class=\"wp-block-image\">\n<figure class=\"aligncenter size-full is-resized\"><img loading=\"lazy\" decoding=\"async\" class=\"wp-image-79256\" src=\"https:\/\/exceladvisor.org\/wp-content\/uploads\/2023\/08\/1-na-erreur-dans-la-cellule.png\" sizes=\"auto, \" srcset=\"\" alt=\"#na-error-en-la-celda\" width=\"616\" height=\"417\"><\/figure>\n<\/div>\n<p> Para hacer frente a esta situaci\u00f3n, puede utilizar la funci\u00f3n PROMEDIOSI de la siguiente manera. <\/p>\n<div class=\"wp-block-image\">\n<figure class=\"aligncenter size-full is-resized\"><img loading=\"lazy\" decoding=\"async\" class=\"wp-image-79257\" src=\"https:\/\/exceladvisor.org\/wp-content\/uploads\/2023\/08\/2-fonction-moyenne-si.png\" sizes=\"auto, \" srcset=\"\" alt=\"funci\u00f3n promedio\" width=\"514\" height=\"417\"><\/figure>\n<\/div>\n<pre class=\"wp-block-code\"> <code class=\"language-excel-formula line-numbers\" lang=\"excel-formula\">=AVERAGEIF(A1:A10,\"&lt;&gt;#N\/A\")<\/code><\/pre>\n<p> AVERAGEIF le permite crear una condici\u00f3n para promediar valores en un rango. Y en esta f\u00f3rmula nos hemos referido al rango A1:A10, y luego hemos usado una condici\u00f3n que promedia los valores que no son iguales a #N\/A.<\/p>\n<h2 class=\"wp-block-heading\"> Utilice AVERAGEIF para ignorar todos los errores<\/h2>\n<p> Si desea ignorar todos los errores, siempre puede utilizar AVERAGEIF. Solo necesitas modificar los criterios en la funci\u00f3n. <\/p>\n<div class=\"wp-block-image\">\n<figure class=\"aligncenter size-full is-resized\"><img loading=\"lazy\" decoding=\"async\" class=\"wp-image-79258\" src=\"https:\/\/exceladvisor.org\/wp-content\/uploads\/2023\/08\/3-moyensi-pour-ignorer-les-erreurs.png\" sizes=\"auto, \" srcset=\"\" alt=\"promediosi-para-ignorar-errores\" width=\"576\" height=\"413\"><\/figure>\n<\/div>\n<p> En esta f\u00f3rmula, utilizamos mayor que 0 en los criterios. Cuando haces esto, Excel solo hace referencia a los n\u00fameros en el rango y promedia solo las celdas con n\u00fameros.<\/p>\n<h2 class=\"wp-block-heading\"> Utilice AGGREGATE para ignorar errores al promediar valores<\/h2>\n<p> AGREGAR es una nueva funci\u00f3n que puede ayudarle a promediar valores, pero con esta funci\u00f3n tiene la capacidad de ignorar errores de rango. <\/p>\n<div class=\"wp-block-image\">\n<figure class=\"aligncenter size-full is-resized\"><img loading=\"lazy\" decoding=\"async\" class=\"wp-image-79259\" src=\"https:\/\/exceladvisor.org\/wp-content\/uploads\/2023\/08\/4-agregat-pour-ignorer-les-erreurs.png\" sizes=\"auto, \" srcset=\"\" alt=\"agregar para ignorar errores\" width=\"459\" height=\"433\"><\/figure>\n<\/div>\n<p> En el primer argumento de la funci\u00f3n, debes usar el n\u00famero de funci\u00f3n. Esto significa que si desea promediar los valores, seleccione la funci\u00f3n de la lista. <\/p>\n<div class=\"wp-block-image\">\n<figure class=\"aligncenter size-full is-resized\"><img loading=\"lazy\" decoding=\"async\" class=\"wp-image-79260\" src=\"https:\/\/exceladvisor.org\/wp-content\/uploads\/2023\/08\/5-premier-argument-de-la-fonction-dagregation.png\" sizes=\"auto, \" srcset=\"\" alt=\"primer argumento de la funci\u00f3n agregada\" width=\"597\" height=\"370\"><\/figure>\n<\/div>\n<p> Despu\u00e9s de eso, en el segundo argumento, seleccione la opci\u00f3n para ignorar errores, o simplemente ingrese 6. <\/p>\n<div class=\"wp-block-image\">\n<figure class=\"aligncenter size-full is-resized\"><img loading=\"lazy\" decoding=\"async\" class=\"wp-image-79261\" src=\"https:\/\/exceladvisor.org\/wp-content\/uploads\/2023\/08\/6-options-de-selection-pour-ignorer-les-erreurs.png\" sizes=\"auto, \" srcset=\"\" alt=\"seleccionar-opciones-para-ignorar-errores\" width=\"739\" height=\"295\"><\/figure>\n<\/div>\n<p> Ahora en el tercer argumento haz referencia al rango donde tienes valores para promediar. <\/p>\n<div class=\"wp-block-image\">\n<figure class=\"aligncenter size-full is-resized\"><img loading=\"lazy\" decoding=\"async\" class=\"wp-image-79262\" src=\"https:\/\/exceladvisor.org\/wp-content\/uploads\/2023\/08\/7-se-referer-a-la-gamme.png\" sizes=\"auto, \" srcset=\"\" alt=\"referirse al rango\" width=\"579\" height=\"387\"><\/figure>\n<\/div>\n<p> Al final, presione Enter para obtener el resultado en la celda. <\/p>\n<div class=\"gb-container gb-container-52dfcee1 gb-container-sample-file\">\n<h2 class=\"gb-headline gb-headline-e289c143 gb-headline-text gb-headline-4f7959c2\"> Obtener el archivo Excel<\/h2>\n<p> <a class=\"gb-button gb-button-e88d6bee gb-button-text gb-button-button1\" href=\"https:\/\/exceladvisor.org\/wp-content\/uploads\/2023\/08\/moyenne-des-erreurs-ignorees.xlsx\" rel=\"nofollow\">Descargar<\/a><\/p>\n<\/div>\n<div class=\"gb-container gb-container-0df56012 gb-container-mt\"> <a class=\"gb-button gb-button-f9f432f4 gb-button-text gb-button-mt-button\" href=\"https:\/\/exceladvisor.org\/es\/formulas\/\">Lista de f\u00f3rmulas de Excel<\/a><\/p>\n<h2 class=\"gb-headline gb-headline-233444e8 gb-headline-text gb-headline-mt-heading\"> F\u00f3rmulas relacionadas <\/h2>\n<div class=\"gb-grid-wrapper gb-grid-wrapper-a16fa65c gb-grid-wrapper-mt-grid\">\n<div class=\"gb-grid-column gb-grid-column-50d07e0d\">\n<div class=\"gb-container gb-container-50d07e0d\">\n<ul>\n<li> <a href=\"https:\/\/exceladvisor.org\/es\/valores-maximos-promedio\/\">Promedio de los 5 valores m\u00e1s altos en Excel<\/a><\/li>\n<li> <a href=\"https:\/\/exceladvisor.org\/es\/peso-promedio\/\">Calcular promedio ponderado en Excel<\/a><\/li>\n<li> <a href=\"https:\/\/exceladvisor.org\/es\/el-promedio-excluye-ceros-2\/\">N\u00famero promedio pero excluye ceros<\/a><\/li>\n<li> <a href=\"https:\/\/exceladvisor.org\/es\/promedio-de-celdas-no-vacias-2\/\">Promedio solo de celdas que no est\u00e1n en blanco<\/a><\/li>\n<li> <a href=\"https:\/\/exceladvisor.org\/es\/porcentaje-promedio-2\/\">Calcular el promedio de valores porcentuales.<\/a> <\/li>\n<\/ul>\n<\/div>\n<\/div>\n<div class=\"gb-grid-column gb-grid-column-5b4a0cf9\">\n<div class=\"gb-container gb-container-5b4a0cf9\"><\/div>\n<\/div>\n<\/div>\n<\/div>\n","protected":false},"excerpt":{"rendered":"<p>En Excel, cuando intentas promediar los valores en un rango, pero tienes un error en una o m\u00e1s celdas, tu f\u00f3rmula devolver\u00e1 un error en el resultado. En este tutorial, aprenderemos c\u00f3mo calcular el promedio de valores en un rango ignorando los valores de error. Ignorar error #N\/A En el siguiente ejemplo, tenemos un error [&hellip;]<\/p>\n","protected":false},"author":1,"featured_media":0,"parent":0,"menu_order":0,"comment_status":"open","ping_status":"closed","template":"","meta":{"ub_ctt_via":"","footnotes":""},"class_list":["post-229","page","type-page","status-publish","hentry"],"featured_image_src":null,"yoast_head":"<!-- This site is optimized with the Yoast SEO plugin v25.4 - https:\/\/yoast.com\/wordpress\/plugins\/seo\/ -->\n<title>\u00bfc\u00f3mo corregir errores promedio en excel?<\/title>\n<meta name=\"robots\" content=\"index, follow, max-snippet:-1, max-image-preview:large, max-video-preview:-1\" \/>\n<link rel=\"canonical\" href=\"https:\/\/exceladvisor.org\/es\/errores-promedio-ignorados-2\/\" \/>\n<meta property=\"og:locale\" content=\"es_ES\" \/>\n<meta property=\"og:type\" content=\"article\" \/>\n<meta property=\"og:title\" content=\"\u00bfc\u00f3mo corregir errores promedio en excel?\" \/>\n<meta property=\"og:description\" content=\"En Excel, cuando intentas promediar los valores en un rango, pero tienes un error en una o m\u00e1s celdas, tu f\u00f3rmula devolver\u00e1 un error en el resultado. En este tutorial, aprenderemos c\u00f3mo calcular el promedio de valores en un rango ignorando los valores de error. Ignorar error #N\/A En el siguiente ejemplo, tenemos un error [&hellip;]\" \/>\n<meta property=\"og:url\" content=\"https:\/\/exceladvisor.org\/es\/errores-promedio-ignorados-2\/\" \/>\n<meta property=\"og:site_name\" content=\"Excel Advisor\" \/>\n<meta property=\"article:modified_time\" content=\"2023-12-25T10:25:04+00:00\" \/>\n<meta property=\"og:image\" content=\"https:\/\/exceladvisor.org\/wp-content\/uploads\/2023\/08\/1-na-erreur-dans-la-cellule.png\" \/>\n<meta name=\"twitter:card\" content=\"summary_large_image\" \/>\n<meta name=\"twitter:label1\" content=\"Tiempo de lectura\" \/>\n\t<meta name=\"twitter:data1\" content=\"2 minutos\" \/>\n<script type=\"application\/ld+json\" class=\"yoast-schema-graph\">{\"@context\":\"https:\/\/schema.org\",\"@graph\":[{\"@type\":\"WebPage\",\"@id\":\"https:\/\/exceladvisor.org\/es\/errores-promedio-ignorados-2\/\",\"url\":\"https:\/\/exceladvisor.org\/es\/errores-promedio-ignorados-2\/\",\"name\":\"\u00bfc\u00f3mo corregir errores promedio en excel?\",\"isPartOf\":{\"@id\":\"https:\/\/exceladvisor.org\/es\/#website\"},\"primaryImageOfPage\":{\"@id\":\"https:\/\/exceladvisor.org\/es\/errores-promedio-ignorados-2\/#primaryimage\"},\"image\":{\"@id\":\"https:\/\/exceladvisor.org\/es\/errores-promedio-ignorados-2\/#primaryimage\"},\"thumbnailUrl\":\"https:\/\/exceladvisor.org\/wp-content\/uploads\/2023\/08\/1-na-erreur-dans-la-cellule.png\",\"datePublished\":\"2023-11-10T17:43:55+00:00\",\"dateModified\":\"2023-12-25T10:25:04+00:00\",\"breadcrumb\":{\"@id\":\"https:\/\/exceladvisor.org\/es\/errores-promedio-ignorados-2\/#breadcrumb\"},\"inLanguage\":\"es\",\"potentialAction\":[{\"@type\":\"ReadAction\",\"target\":[\"https:\/\/exceladvisor.org\/es\/errores-promedio-ignorados-2\/\"]}]},{\"@type\":\"ImageObject\",\"inLanguage\":\"es\",\"@id\":\"https:\/\/exceladvisor.org\/es\/errores-promedio-ignorados-2\/#primaryimage\",\"url\":\"https:\/\/exceladvisor.org\/wp-content\/uploads\/2023\/08\/1-na-erreur-dans-la-cellule.png\",\"contentUrl\":\"https:\/\/exceladvisor.org\/wp-content\/uploads\/2023\/08\/1-na-erreur-dans-la-cellule.png\"},{\"@type\":\"BreadcrumbList\",\"@id\":\"https:\/\/exceladvisor.org\/es\/errores-promedio-ignorados-2\/#breadcrumb\",\"itemListElement\":[{\"@type\":\"ListItem\",\"position\":1,\"name\":\"Hogar\",\"item\":\"https:\/\/exceladvisor.org\/es\/\"},{\"@type\":\"ListItem\",\"position\":2,\"name\":\"\u00bfc\u00f3mo corregir errores promedio en excel?\"}]},{\"@type\":\"WebSite\",\"@id\":\"https:\/\/exceladvisor.org\/es\/#website\",\"url\":\"https:\/\/exceladvisor.org\/es\/\",\"name\":\"Excel Advisor\",\"description\":\"Su gu\u00eda para la dominaci\u00f3n de datos!\",\"publisher\":{\"@id\":\"https:\/\/exceladvisor.org\/es\/#organization\"},\"potentialAction\":[{\"@type\":\"SearchAction\",\"target\":{\"@type\":\"EntryPoint\",\"urlTemplate\":\"https:\/\/exceladvisor.org\/es\/?s={search_term_string}\"},\"query-input\":{\"@type\":\"PropertyValueSpecification\",\"valueRequired\":true,\"valueName\":\"search_term_string\"}}],\"inLanguage\":\"es\"},{\"@type\":\"Organization\",\"@id\":\"https:\/\/exceladvisor.org\/es\/#organization\",\"name\":\"Excel Advisor\",\"url\":\"https:\/\/exceladvisor.org\/es\/\",\"logo\":{\"@type\":\"ImageObject\",\"inLanguage\":\"es\",\"@id\":\"https:\/\/exceladvisor.org\/es\/#\/schema\/logo\/image\/\",\"url\":\"https:\/\/exceladvisor.org\/es\/wp-content\/uploads\/2023\/12\/exceladvisor.org_.png\",\"contentUrl\":\"https:\/\/exceladvisor.org\/es\/wp-content\/uploads\/2023\/12\/exceladvisor.org_.png\",\"width\":105,\"height\":36,\"caption\":\"Excel Advisor\"},\"image\":{\"@id\":\"https:\/\/exceladvisor.org\/es\/#\/schema\/logo\/image\/\"}}]}<\/script>\n<!-- \/ Yoast SEO plugin. -->","yoast_head_json":{"title":"\u00bfc\u00f3mo corregir errores promedio en excel?","robots":{"index":"index","follow":"follow","max-snippet":"max-snippet:-1","max-image-preview":"max-image-preview:large","max-video-preview":"max-video-preview:-1"},"canonical":"https:\/\/exceladvisor.org\/es\/errores-promedio-ignorados-2\/","og_locale":"es_ES","og_type":"article","og_title":"\u00bfc\u00f3mo corregir errores promedio en excel?","og_description":"En Excel, cuando intentas promediar los valores en un rango, pero tienes un error en una o m\u00e1s celdas, tu f\u00f3rmula devolver\u00e1 un error en el resultado. En este tutorial, aprenderemos c\u00f3mo calcular el promedio de valores en un rango ignorando los valores de error. Ignorar error #N\/A En el siguiente ejemplo, tenemos un error [&hellip;]","og_url":"https:\/\/exceladvisor.org\/es\/errores-promedio-ignorados-2\/","og_site_name":"Excel Advisor","article_modified_time":"2023-12-25T10:25:04+00:00","og_image":[{"url":"https:\/\/exceladvisor.org\/wp-content\/uploads\/2023\/08\/1-na-erreur-dans-la-cellule.png","type":"","width":"","height":""}],"twitter_card":"summary_large_image","twitter_misc":{"Tiempo de lectura":"2 minutos"},"schema":{"@context":"https:\/\/schema.org","@graph":[{"@type":"WebPage","@id":"https:\/\/exceladvisor.org\/es\/errores-promedio-ignorados-2\/","url":"https:\/\/exceladvisor.org\/es\/errores-promedio-ignorados-2\/","name":"\u00bfc\u00f3mo corregir errores promedio en excel?","isPartOf":{"@id":"https:\/\/exceladvisor.org\/es\/#website"},"primaryImageOfPage":{"@id":"https:\/\/exceladvisor.org\/es\/errores-promedio-ignorados-2\/#primaryimage"},"image":{"@id":"https:\/\/exceladvisor.org\/es\/errores-promedio-ignorados-2\/#primaryimage"},"thumbnailUrl":"https:\/\/exceladvisor.org\/wp-content\/uploads\/2023\/08\/1-na-erreur-dans-la-cellule.png","datePublished":"2023-11-10T17:43:55+00:00","dateModified":"2023-12-25T10:25:04+00:00","breadcrumb":{"@id":"https:\/\/exceladvisor.org\/es\/errores-promedio-ignorados-2\/#breadcrumb"},"inLanguage":"es","potentialAction":[{"@type":"ReadAction","target":["https:\/\/exceladvisor.org\/es\/errores-promedio-ignorados-2\/"]}]},{"@type":"ImageObject","inLanguage":"es","@id":"https:\/\/exceladvisor.org\/es\/errores-promedio-ignorados-2\/#primaryimage","url":"https:\/\/exceladvisor.org\/wp-content\/uploads\/2023\/08\/1-na-erreur-dans-la-cellule.png","contentUrl":"https:\/\/exceladvisor.org\/wp-content\/uploads\/2023\/08\/1-na-erreur-dans-la-cellule.png"},{"@type":"BreadcrumbList","@id":"https:\/\/exceladvisor.org\/es\/errores-promedio-ignorados-2\/#breadcrumb","itemListElement":[{"@type":"ListItem","position":1,"name":"Hogar","item":"https:\/\/exceladvisor.org\/es\/"},{"@type":"ListItem","position":2,"name":"\u00bfc\u00f3mo corregir errores promedio en excel?"}]},{"@type":"WebSite","@id":"https:\/\/exceladvisor.org\/es\/#website","url":"https:\/\/exceladvisor.org\/es\/","name":"Excel Advisor","description":"Su gu\u00eda para la dominaci\u00f3n de datos!","publisher":{"@id":"https:\/\/exceladvisor.org\/es\/#organization"},"potentialAction":[{"@type":"SearchAction","target":{"@type":"EntryPoint","urlTemplate":"https:\/\/exceladvisor.org\/es\/?s={search_term_string}"},"query-input":{"@type":"PropertyValueSpecification","valueRequired":true,"valueName":"search_term_string"}}],"inLanguage":"es"},{"@type":"Organization","@id":"https:\/\/exceladvisor.org\/es\/#organization","name":"Excel Advisor","url":"https:\/\/exceladvisor.org\/es\/","logo":{"@type":"ImageObject","inLanguage":"es","@id":"https:\/\/exceladvisor.org\/es\/#\/schema\/logo\/image\/","url":"https:\/\/exceladvisor.org\/es\/wp-content\/uploads\/2023\/12\/exceladvisor.org_.png","contentUrl":"https:\/\/exceladvisor.org\/es\/wp-content\/uploads\/2023\/12\/exceladvisor.org_.png","width":105,"height":36,"caption":"Excel Advisor"},"image":{"@id":"https:\/\/exceladvisor.org\/es\/#\/schema\/logo\/image\/"}}]}},"yoast_meta":{"yoast_wpseo_title":"","yoast_wpseo_metadesc":"","yoast_wpseo_canonical":""},"_links":{"self":[{"href":"https:\/\/exceladvisor.org\/es\/wp-json\/wp\/v2\/pages\/229","targetHints":{"allow":["GET"]}}],"collection":[{"href":"https:\/\/exceladvisor.org\/es\/wp-json\/wp\/v2\/pages"}],"about":[{"href":"https:\/\/exceladvisor.org\/es\/wp-json\/wp\/v2\/types\/page"}],"author":[{"embeddable":true,"href":"https:\/\/exceladvisor.org\/es\/wp-json\/wp\/v2\/users\/1"}],"replies":[{"embeddable":true,"href":"https:\/\/exceladvisor.org\/es\/wp-json\/wp\/v2\/comments?post=229"}],"version-history":[{"count":1,"href":"https:\/\/exceladvisor.org\/es\/wp-json\/wp\/v2\/pages\/229\/revisions"}],"predecessor-version":[{"id":1001,"href":"https:\/\/exceladvisor.org\/es\/wp-json\/wp\/v2\/pages\/229\/revisions\/1001"}],"wp:attachment":[{"href":"https:\/\/exceladvisor.org\/es\/wp-json\/wp\/v2\/media?parent=229"}],"curies":[{"name":"wp","href":"https:\/\/api.w.org\/{rel}","templated":true}]}}