{"id":23,"date":"2023-11-20T20:17:34","date_gmt":"2023-11-20T20:17:34","guid":{"rendered":"https:\/\/exceladvisor.org\/es\/abierto\/"},"modified":"2023-12-25T10:25:41","modified_gmt":"2023-12-25T10:25:41","slug":"abierto","status":"publish","type":"page","link":"https:\/\/exceladvisor.org\/es\/abierto\/","title":{"rendered":"\u00bfc\u00f3mo desbloquear una hoja sin contrase\u00f1a?"},"content":{"rendered":"<div class=\"excel-antes-del-contenido\" id=\"excel-4282533016\"><script type=\"text\/javascript\">\r\n\tatOptions = {\r\n\t\t'key' : 'c1158f160081d6540a8409e6925dab94',\r\n\t\t'format' : 'iframe',\r\n\t\t'height' : 250,\r\n\t\t'width' : 300,\r\n\t\t'params' : {}\r\n\t};\r\n<\/script>\r\n<script type=\"text\/javascript\" src=\"\/\/www.highperformanceformat.com\/c1158f160081d6540a8409e6925dab94\/invoke.js\"><\/script><\/div><p>Si una hoja u hoja de c\u00e1lculo est\u00e1 protegida, puede desprotegerla con la contrase\u00f1a que se le ha aplicado. En este tutorial, aprenderemos c\u00f3mo desproteger la hoja y tambi\u00e9n aprenderemos c\u00f3mo usar un VBA cuando no recuerdas la contrase\u00f1a para desbloquear la hoja.<\/p>\n<h2 id=\"h-unprotect-or-unlock-a-sheet-with-a-password\" class=\"wp-block-heading\"> Desproteger o desbloquear una hoja con contrase\u00f1a<\/h2>\n<ol>\n<li> Primero, haga clic derecho en la pesta\u00f1a Hoja. <br \/><img loading=\"lazy\" decoding=\"async\" title=\"1-desproteger-una-hoja\" src=\"https:\/\/exceladvisor.org\/wp-content\/uploads\/2023\/08\/1-deproteger-une-feuille.png\" sizes=\"auto, \" srcset=\"\" alt=\"1-unprotect-a-sheet\" width=\"438\" height=\"177\"><\/li>\n<li> Despu\u00e9s de eso, haga clic en la opci\u00f3n \u00abDesproteger hoja\u00bb. <br \/><img loading=\"lazy\" decoding=\"async\" title=\"Opci\u00f3n de 2 clics en desproteger hoja\" src=\"https:\/\/exceladvisor.org\/wp-content\/uploads\/2023\/08\/2-cliquez-sur-loption-deproteger-la-feuille.png\" sizes=\"auto, \" srcset=\"\" alt=\"2-click-on-unprotect-sheet-option\" width=\"316\" height=\"340\"><\/li>\n<li> Ahora ingrese la contrase\u00f1a en la barra de entrada. <br \/><img loading=\"lazy\" decoding=\"async\" title=\"3-ingrese-la-contrase\u00f1a-para-desproteger\" src=\"https:\/\/exceladvisor.org\/wp-content\/uploads\/2023\/08\/3-entrez-le-mot-de-passe-pour-deproteger.png\" sizes=\"auto, \" srcset=\"\" alt=\"3-enter-password-to-unprotect\" width=\"359\" height=\"192\"><\/li>\n<li> Al final, haga clic en Aceptar para desproteger la hoja. <br \/><img loading=\"lazy\" decoding=\"async\" title=\"4 clics en Aceptar para desproteger\" src=\"https:\/\/exceladvisor.org\/wp-content\/uploads\/2023\/08\/4-cliquez-sur-ok-pour-deproteger.png\" sizes=\"auto, \" srcset=\"\" alt=\"4-click-ok-to-unprotect\" width=\"326\" height=\"119\"><\/li>\n<\/ol>\n<p> Debes seguir estos sencillos pasos para desproteger una hoja u hoja de c\u00e1lculo. Pero si no tienes la contrase\u00f1a, la olvidas. En este caso, deber\u00e1 utilizar un m\u00e9todo diferente.<\/p>\n<h2 id=\"h-unlock-a-sheet-without-a-password\" class=\"wp-block-heading\"> Desbloquear una hoja sin contrase\u00f1a<\/h2>\n<p> Como dije, necesitas usar c\u00f3digo VBA para esto. Y a continuaci\u00f3n se muestra el c\u00f3digo que debe utilizar.<\/p>\n<pre class=\"wp-block-code\"> <code class=\"language-visual-basic\" lang=\"visual-basic\"><strong>Sub<\/strong> unlock_sheet_without_password() 'Add the code Visual Basic Editor and Run it. <strong>Dim<\/strong> i <strong>As<\/strong> Integer, j <strong>As<\/strong> Integer, k <strong>As<\/strong> Integer <strong>Dim<\/strong> l <strong>As<\/strong> Integer, m <strong>As<\/strong> Integer, n <strong>As<\/strong> Integer <strong>Dim<\/strong> i1 <strong>As<\/strong> Integer, i2 <strong>As<\/strong> Integer, i3 <strong>As<\/strong> Integer <strong>Dim<\/strong> i4 <strong>As<\/strong> Integer, i5 <strong>As<\/strong> Integer, i6 <strong>As<\/strong> Integer <strong>On<\/strong> <strong>Error<\/strong> <strong>Resume<\/strong> <strong>Next<\/strong> <strong>For<\/strong> i = 65 <strong>To<\/strong> 66: <strong>For<\/strong> j = 65 <strong>To<\/strong> 66: <strong>For<\/strong> k = 65 <strong>To<\/strong> 66 <strong>For<\/strong> l = 65 <strong>To<\/strong> 66: <strong>For<\/strong> m = 65 <strong>To<\/strong> 66: <strong>For<\/strong> i1 = 65 <strong>To<\/strong> 66 <strong>For<\/strong> i2 = 65 <strong>To<\/strong> 66: <strong>For<\/strong> i3 = 65 <strong>To<\/strong> 66: <strong>For<\/strong> i4 = 65 <strong>To<\/strong> 66 <strong>For<\/strong> i5 = 65 <strong>To<\/strong> 66: <strong>For<\/strong> i6 = 65 <strong>To<\/strong> 66: <strong>For<\/strong> n = 32 <strong>To<\/strong> 126 ActiveSheet.Unprotect Chr(i) &amp; Chr(j) &amp; Chr(k) &amp; _ Chr(l) &amp; Chr(m) &amp; Chr(i1) &amp; Chr(i2) &amp; Chr(i3) &amp; _ Chr(i4) &amp; Chr(i5) &amp; Chr(i6) &amp; Chr(n) <strong>If<\/strong> ActiveSheet.ProtectContents = False <strong>Then<\/strong> MsgBox \"One usable password is \" &amp; Chr(i) &amp; Chr(j) &amp; _ Chr(k) &amp; Chr(l) &amp; Chr(m) &amp; Chr(i1) &amp; Chr(i2) &amp; _ Chr(i3) &amp; Chr(i4) &amp; Chr(i5) &amp; Chr(i6) &amp; Chr(n) <strong>Exit<\/strong> <strong>Sub<\/strong> <strong>End<\/strong> <strong>If<\/strong> <strong>Next<\/strong> : <strong>Next<\/strong> : <strong>Next<\/strong> : <strong>Next<\/strong> : <strong>Next<\/strong> : <strong>Next<\/strong> <strong>Next<\/strong> : <strong>Next<\/strong> : <strong>Next<\/strong> : <strong>Next<\/strong> : <strong>Next<\/strong> : <strong>Next<\/strong> <strong>End<\/strong> <strong>Sub<\/strong><\/code><\/pre>\n<p class=\"qt-tip\"> <strong>Nota<\/strong> : antes de usar este c\u00f3digo, guarde una copia de seguridad del archivo. A veces lleva tiempo ejecutarlo y descifrar la contrase\u00f1a.<\/p>\n<ol>\n<li> Vaya a la pesta\u00f1a de desarrollador y <a href=\"https:\/\/exceladvisor.org\/es\/agregar-una-pestana-de-desarrollador\/\">haga clic en Visual Basic<\/a> . Y si no tienes la pesta\u00f1a de desarrollador, <a href=\"https:\/\/exceladvisor.org\/es\/agregar-una-pestana-de-desarrollador\/\">primero debes habilitarla<\/a> . <br \/><img loading=\"lazy\" decoding=\"async\" title=\"5-click-en-visual-basico\" src=\"https:\/\/exceladvisor.org\/wp-content\/uploads\/2023\/08\/5-clic-sur-visual-basic.png\" sizes=\"auto, \" srcset=\"\" alt=\"5-click-on-visual-basic\" width=\"557\" height=\"160\"><\/li>\n<li> En el lado derecho de la ventana, haga clic en el nombre de la hoja e inserte un nuevo <a href=\"https:\/\/exceladvisor.org\/es\/modulo\/\">m\u00f3dulo<\/a> desde all\u00ed. <br \/><img loading=\"lazy\" decoding=\"async\" title=\"6-haga clic en el nombre de la hoja e inserte un nuevo m\u00f3dulo\" src=\"https:\/\/exceladvisor.org\/wp-content\/uploads\/2023\/08\/6-cliquez-sur-le-nom-de-la-feuille-et-inserez-un-nouveau-module.png\" sizes=\"auto, \" srcset=\"\" alt=\"6-click-on-sheet-name-and-insert-new-module\" width=\"421\" height=\"387\"><\/li>\n<li> Tienes la ventana de c\u00f3digo en el lado derecho de tu ventana. Pega el c\u00f3digo all\u00ed. <br \/><img loading=\"lazy\" decoding=\"async\" title=\"7-pega-el-c\u00f3digo-aqu\u00ed\" src=\"https:\/\/exceladvisor.org\/wp-content\/uploads\/2023\/08\/7-collez-le-code-ici.png\" sizes=\"auto, \" srcset=\"\" alt=\"7-paste-the-code-here\" width=\"658\" height=\"450\"><\/li>\n<li> Despu\u00e9s de eso, haga clic en el bot\u00f3n Ejecutar para ejecutar el c\u00f3digo. <br \/><img loading=\"lazy\" decoding=\"async\" title=\"8-ejecutar el c\u00f3digo\" src=\"https:\/\/exceladvisor.org\/wp-content\/uploads\/2023\/08\/8-executer-le-code.png\" sizes=\"auto, \" srcset=\"\" alt=\"8-run-the-code\" width=\"444\" height=\"194\"><\/li>\n<li> En \u00faltima instancia, cuando ejecuta el c\u00f3digo, le muestra una contrase\u00f1a descifrada en el cuadro de mensaje que puede usar para desproteger la hoja.<\/li>\n<\/ol>\n<h2 id=\"h-points-to-remember\" class=\"wp-block-heading\"> Comidas para llevar<\/h2>\n<ul>\n<li> Antes de usar este c\u00f3digo, guarde una copia de seguridad del archivo. Es posible que Excel falle si ejecuta este c\u00f3digo.<\/li>\n<li> Si est\u00e1 utilizando Excel 365, o cualquier versi\u00f3n entre 2013 y 2021, primero debe guardar el archivo en formato XLS y, una vez que rompa el<\/li>\n<li> Esto funciona s\u00f3lo para una hoja a la vez. Si tiene varias hojas, debe ejecutar el c\u00f3digo tantas veces. <\/li>\n<\/ul>\n<div class=\"gb-container gb-container-3044ba66 gb-container-mt\">\n<p class=\"gb-headline gb-headline-b5bb6270 gb-headline-text\"> <strong><a href=\"https:\/\/exceladvisor.org\/es\/conceptos-basicos-de-excel\/\">Conceptos b\u00e1sicos de Excel<\/a><\/strong> \/ <strong><a href=\"https:\/\/exceladvisor.org\/es\/hoja-de-calculo\/\" data-wpil=\"url\">Hoja de c\u00e1lculo de Excel<\/a><\/strong><\/p>\n<h2 class=\"gb-headline gb-headline-819d540d gb-headline-text gb-headline-mt-heading\"> M\u00e1s tutoriales <\/h2>\n<div class=\"gb-grid-wrapper gb-grid-wrapper-7f3d805a gb-grid-wrapper-mt-grid\">\n<div class=\"gb-grid-column gb-grid-column-7495e031\">\n<div class=\"gb-container gb-container-7495e031\">\n<ul>\n<li> <a href=\"https:\/\/exceladvisor.org\/es\/agregar\/\">Agregar una hoja de c\u00e1lculo en Excel<\/a><\/li>\n<li> <a href=\"https:\/\/exceladvisor.org\/es\/cambiar-color-de-pestana\/\">Cambiar color de pesta\u00f1a en Excel (pesta\u00f1a Hoja de trabajo)<\/a><\/li>\n<li> <a href=\"https:\/\/exceladvisor.org\/es\/anade-un-titulo\/\">Agregar un t\u00edtulo a una hoja de trabajo en Excel<\/a><\/li>\n<li> <a href=\"https:\/\/exceladvisor.org\/es\/copia-1\/\">Copiar o mover una hoja (hoja de c\u00e1lculo)<\/a><\/li>\n<li> <a href=\"https:\/\/exceladvisor.org\/es\/seleccionar-todo-1\/\">Seleccionar todas las hojas de trabajo (hojas)<\/a> <\/li>\n<\/ul>\n<\/div>\n<\/div>\n<div class=\"gb-grid-column gb-grid-column-530ab33a\">\n<div class=\"gb-container gb-container-530ab33a\"><\/div>\n<\/div>\n<\/div>\n<\/div>\n","protected":false},"excerpt":{"rendered":"<p>Si una hoja u hoja de c\u00e1lculo est\u00e1 protegida, puede desprotegerla con la contrase\u00f1a que se le ha aplicado. En este tutorial, aprenderemos c\u00f3mo desproteger la hoja y tambi\u00e9n aprenderemos c\u00f3mo usar un VBA cuando no recuerdas la contrase\u00f1a para desbloquear la hoja. Desproteger o desbloquear una hoja con contrase\u00f1a Primero, haga clic derecho en [&hellip;]<\/p>\n","protected":false},"author":1,"featured_media":0,"parent":0,"menu_order":0,"comment_status":"open","ping_status":"closed","template":"","meta":{"ub_ctt_via":"","footnotes":""},"class_list":["post-23","page","type-page","status-publish","hentry"],"featured_image_src":null,"yoast_head":"<!-- This site is optimized with the Yoast SEO plugin v25.4 - https:\/\/yoast.com\/wordpress\/plugins\/seo\/ -->\n<title>\u00bfc\u00f3mo desbloquear una hoja sin contrase\u00f1a?<\/title>\n<meta name=\"robots\" content=\"index, follow, max-snippet:-1, max-image-preview:large, max-video-preview:-1\" \/>\n<link rel=\"canonical\" href=\"https:\/\/exceladvisor.org\/es\/abierto\/\" \/>\n<meta property=\"og:locale\" content=\"es_ES\" \/>\n<meta property=\"og:type\" content=\"article\" \/>\n<meta property=\"og:title\" content=\"\u00bfc\u00f3mo desbloquear una hoja sin contrase\u00f1a?\" \/>\n<meta property=\"og:description\" content=\"Si una hoja u hoja de c\u00e1lculo est\u00e1 protegida, puede desprotegerla con la contrase\u00f1a que se le ha aplicado. En este tutorial, aprenderemos c\u00f3mo desproteger la hoja y tambi\u00e9n aprenderemos c\u00f3mo usar un VBA cuando no recuerdas la contrase\u00f1a para desbloquear la hoja. Desproteger o desbloquear una hoja con contrase\u00f1a Primero, haga clic derecho en [&hellip;]\" \/>\n<meta property=\"og:url\" content=\"https:\/\/exceladvisor.org\/es\/abierto\/\" \/>\n<meta property=\"og:site_name\" content=\"Excel Advisor\" \/>\n<meta property=\"article:modified_time\" content=\"2023-12-25T10:25:41+00:00\" \/>\n<meta property=\"og:image\" content=\"https:\/\/exceladvisor.org\/wp-content\/uploads\/2023\/08\/1-deproteger-une-feuille.png\" \/>\n<meta name=\"twitter:card\" content=\"summary_large_image\" \/>\n<meta name=\"twitter:label1\" content=\"Tiempo de lectura\" \/>\n\t<meta name=\"twitter:data1\" content=\"3 minutos\" \/>\n<script type=\"application\/ld+json\" class=\"yoast-schema-graph\">{\"@context\":\"https:\/\/schema.org\",\"@graph\":[{\"@type\":\"WebPage\",\"@id\":\"https:\/\/exceladvisor.org\/es\/abierto\/\",\"url\":\"https:\/\/exceladvisor.org\/es\/abierto\/\",\"name\":\"\u00bfc\u00f3mo desbloquear una hoja sin contrase\u00f1a?\",\"isPartOf\":{\"@id\":\"https:\/\/exceladvisor.org\/es\/#website\"},\"primaryImageOfPage\":{\"@id\":\"https:\/\/exceladvisor.org\/es\/abierto\/#primaryimage\"},\"image\":{\"@id\":\"https:\/\/exceladvisor.org\/es\/abierto\/#primaryimage\"},\"thumbnailUrl\":\"https:\/\/exceladvisor.org\/wp-content\/uploads\/2023\/08\/1-deproteger-une-feuille.png\",\"datePublished\":\"2023-11-20T20:17:34+00:00\",\"dateModified\":\"2023-12-25T10:25:41+00:00\",\"breadcrumb\":{\"@id\":\"https:\/\/exceladvisor.org\/es\/abierto\/#breadcrumb\"},\"inLanguage\":\"es\",\"potentialAction\":[{\"@type\":\"ReadAction\",\"target\":[\"https:\/\/exceladvisor.org\/es\/abierto\/\"]}]},{\"@type\":\"ImageObject\",\"inLanguage\":\"es\",\"@id\":\"https:\/\/exceladvisor.org\/es\/abierto\/#primaryimage\",\"url\":\"https:\/\/exceladvisor.org\/wp-content\/uploads\/2023\/08\/1-deproteger-une-feuille.png\",\"contentUrl\":\"https:\/\/exceladvisor.org\/wp-content\/uploads\/2023\/08\/1-deproteger-une-feuille.png\"},{\"@type\":\"BreadcrumbList\",\"@id\":\"https:\/\/exceladvisor.org\/es\/abierto\/#breadcrumb\",\"itemListElement\":[{\"@type\":\"ListItem\",\"position\":1,\"name\":\"Hogar\",\"item\":\"https:\/\/exceladvisor.org\/es\/\"},{\"@type\":\"ListItem\",\"position\":2,\"name\":\"\u00bfc\u00f3mo desbloquear una hoja sin contrase\u00f1a?\"}]},{\"@type\":\"WebSite\",\"@id\":\"https:\/\/exceladvisor.org\/es\/#website\",\"url\":\"https:\/\/exceladvisor.org\/es\/\",\"name\":\"Excel Advisor\",\"description\":\"Su gu\u00eda para la dominaci\u00f3n de datos!\",\"publisher\":{\"@id\":\"https:\/\/exceladvisor.org\/es\/#organization\"},\"potentialAction\":[{\"@type\":\"SearchAction\",\"target\":{\"@type\":\"EntryPoint\",\"urlTemplate\":\"https:\/\/exceladvisor.org\/es\/?s={search_term_string}\"},\"query-input\":{\"@type\":\"PropertyValueSpecification\",\"valueRequired\":true,\"valueName\":\"search_term_string\"}}],\"inLanguage\":\"es\"},{\"@type\":\"Organization\",\"@id\":\"https:\/\/exceladvisor.org\/es\/#organization\",\"name\":\"Excel Advisor\",\"url\":\"https:\/\/exceladvisor.org\/es\/\",\"logo\":{\"@type\":\"ImageObject\",\"inLanguage\":\"es\",\"@id\":\"https:\/\/exceladvisor.org\/es\/#\/schema\/logo\/image\/\",\"url\":\"https:\/\/exceladvisor.org\/es\/wp-content\/uploads\/2023\/12\/exceladvisor.org_.png\",\"contentUrl\":\"https:\/\/exceladvisor.org\/es\/wp-content\/uploads\/2023\/12\/exceladvisor.org_.png\",\"width\":105,\"height\":36,\"caption\":\"Excel Advisor\"},\"image\":{\"@id\":\"https:\/\/exceladvisor.org\/es\/#\/schema\/logo\/image\/\"}}]}<\/script>\n<!-- \/ Yoast SEO plugin. -->","yoast_head_json":{"title":"\u00bfc\u00f3mo desbloquear una hoja sin contrase\u00f1a?","robots":{"index":"index","follow":"follow","max-snippet":"max-snippet:-1","max-image-preview":"max-image-preview:large","max-video-preview":"max-video-preview:-1"},"canonical":"https:\/\/exceladvisor.org\/es\/abierto\/","og_locale":"es_ES","og_type":"article","og_title":"\u00bfc\u00f3mo desbloquear una hoja sin contrase\u00f1a?","og_description":"Si una hoja u hoja de c\u00e1lculo est\u00e1 protegida, puede desprotegerla con la contrase\u00f1a que se le ha aplicado. En este tutorial, aprenderemos c\u00f3mo desproteger la hoja y tambi\u00e9n aprenderemos c\u00f3mo usar un VBA cuando no recuerdas la contrase\u00f1a para desbloquear la hoja. Desproteger o desbloquear una hoja con contrase\u00f1a Primero, haga clic derecho en [&hellip;]","og_url":"https:\/\/exceladvisor.org\/es\/abierto\/","og_site_name":"Excel Advisor","article_modified_time":"2023-12-25T10:25:41+00:00","og_image":[{"url":"https:\/\/exceladvisor.org\/wp-content\/uploads\/2023\/08\/1-deproteger-une-feuille.png","type":"","width":"","height":""}],"twitter_card":"summary_large_image","twitter_misc":{"Tiempo de lectura":"3 minutos"},"schema":{"@context":"https:\/\/schema.org","@graph":[{"@type":"WebPage","@id":"https:\/\/exceladvisor.org\/es\/abierto\/","url":"https:\/\/exceladvisor.org\/es\/abierto\/","name":"\u00bfc\u00f3mo desbloquear una hoja sin contrase\u00f1a?","isPartOf":{"@id":"https:\/\/exceladvisor.org\/es\/#website"},"primaryImageOfPage":{"@id":"https:\/\/exceladvisor.org\/es\/abierto\/#primaryimage"},"image":{"@id":"https:\/\/exceladvisor.org\/es\/abierto\/#primaryimage"},"thumbnailUrl":"https:\/\/exceladvisor.org\/wp-content\/uploads\/2023\/08\/1-deproteger-une-feuille.png","datePublished":"2023-11-20T20:17:34+00:00","dateModified":"2023-12-25T10:25:41+00:00","breadcrumb":{"@id":"https:\/\/exceladvisor.org\/es\/abierto\/#breadcrumb"},"inLanguage":"es","potentialAction":[{"@type":"ReadAction","target":["https:\/\/exceladvisor.org\/es\/abierto\/"]}]},{"@type":"ImageObject","inLanguage":"es","@id":"https:\/\/exceladvisor.org\/es\/abierto\/#primaryimage","url":"https:\/\/exceladvisor.org\/wp-content\/uploads\/2023\/08\/1-deproteger-une-feuille.png","contentUrl":"https:\/\/exceladvisor.org\/wp-content\/uploads\/2023\/08\/1-deproteger-une-feuille.png"},{"@type":"BreadcrumbList","@id":"https:\/\/exceladvisor.org\/es\/abierto\/#breadcrumb","itemListElement":[{"@type":"ListItem","position":1,"name":"Hogar","item":"https:\/\/exceladvisor.org\/es\/"},{"@type":"ListItem","position":2,"name":"\u00bfc\u00f3mo desbloquear una hoja sin contrase\u00f1a?"}]},{"@type":"WebSite","@id":"https:\/\/exceladvisor.org\/es\/#website","url":"https:\/\/exceladvisor.org\/es\/","name":"Excel Advisor","description":"Su gu\u00eda para la dominaci\u00f3n de datos!","publisher":{"@id":"https:\/\/exceladvisor.org\/es\/#organization"},"potentialAction":[{"@type":"SearchAction","target":{"@type":"EntryPoint","urlTemplate":"https:\/\/exceladvisor.org\/es\/?s={search_term_string}"},"query-input":{"@type":"PropertyValueSpecification","valueRequired":true,"valueName":"search_term_string"}}],"inLanguage":"es"},{"@type":"Organization","@id":"https:\/\/exceladvisor.org\/es\/#organization","name":"Excel Advisor","url":"https:\/\/exceladvisor.org\/es\/","logo":{"@type":"ImageObject","inLanguage":"es","@id":"https:\/\/exceladvisor.org\/es\/#\/schema\/logo\/image\/","url":"https:\/\/exceladvisor.org\/es\/wp-content\/uploads\/2023\/12\/exceladvisor.org_.png","contentUrl":"https:\/\/exceladvisor.org\/es\/wp-content\/uploads\/2023\/12\/exceladvisor.org_.png","width":105,"height":36,"caption":"Excel Advisor"},"image":{"@id":"https:\/\/exceladvisor.org\/es\/#\/schema\/logo\/image\/"}}]}},"yoast_meta":{"yoast_wpseo_title":"","yoast_wpseo_metadesc":"","yoast_wpseo_canonical":""},"_links":{"self":[{"href":"https:\/\/exceladvisor.org\/es\/wp-json\/wp\/v2\/pages\/23","targetHints":{"allow":["GET"]}}],"collection":[{"href":"https:\/\/exceladvisor.org\/es\/wp-json\/wp\/v2\/pages"}],"about":[{"href":"https:\/\/exceladvisor.org\/es\/wp-json\/wp\/v2\/types\/page"}],"author":[{"embeddable":true,"href":"https:\/\/exceladvisor.org\/es\/wp-json\/wp\/v2\/users\/1"}],"replies":[{"embeddable":true,"href":"https:\/\/exceladvisor.org\/es\/wp-json\/wp\/v2\/comments?post=23"}],"version-history":[{"count":1,"href":"https:\/\/exceladvisor.org\/es\/wp-json\/wp\/v2\/pages\/23\/revisions"}],"predecessor-version":[{"id":1094,"href":"https:\/\/exceladvisor.org\/es\/wp-json\/wp\/v2\/pages\/23\/revisions\/1094"}],"wp:attachment":[{"href":"https:\/\/exceladvisor.org\/es\/wp-json\/wp\/v2\/media?parent=23"}],"curies":[{"name":"wp","href":"https:\/\/api.w.org\/{rel}","templated":true}]}}