{"id":230,"date":"2023-11-10T17:26:12","date_gmt":"2023-11-10T17:26:12","guid":{"rendered":"https:\/\/exceladvisor.org\/es\/buscar-fechas-v\/"},"modified":"2023-12-25T10:25:12","modified_gmt":"2023-12-25T10:25:12","slug":"buscar-fechas-v","status":"publish","type":"page","link":"https:\/\/exceladvisor.org\/es\/buscar-fechas-v\/","title":{"rendered":"\u00bfc\u00f3mo encontrar una fecha a partir de datos?"},"content":{"rendered":"<div class=\"excel-antes-del-contenido\" id=\"excel-2789538733\"><script type=\"text\/javascript\">\r\n\tatOptions = {\r\n\t\t'key' : 'c1158f160081d6540a8409e6925dab94',\r\n\t\t'format' : 'iframe',\r\n\t\t'height' : 250,\r\n\t\t'width' : 300,\r\n\t\t'params' : {}\r\n\t};\r\n<\/script>\r\n<script type=\"text\/javascript\" src=\"\/\/www.highperformanceformat.com\/c1158f160081d6540a8409e6925dab94\/invoke.js\"><\/script><\/div><p>Tambi\u00e9n puede usar BUSCARV para buscar una fecha a partir de la fecha y luego obtener un valor de la misma fila en la columna correspondiente. Para hacer esto, debe especificar una fecha en BUSCARV, o tambi\u00e9n puede especificarla directamente en ella. <\/p>\n<div class=\"wp-block-image\">\n<figure class=\"aligncenter size-full is-resized\"><img loading=\"lazy\" decoding=\"async\" class=\"wp-image-79555\" src=\"https:\/\/exceladvisor.org\/wp-content\/uploads\/2023\/08\/1-vlookup-pour-une-date.png\" sizes=\"auto, \" srcset=\"\" alt=\"vbuscar-una-cita\" width=\"625\" height=\"401\"><\/figure>\n<\/div>\n<h2 class=\"wp-block-heading\"> Usando BUSCARV con fechas<\/h2>\n<p> Puede utilizar los pasos a continuaci\u00f3n:<\/p>\n<ol type=\"1\">\n<li> Primero ingrese la funci\u00f3n BUSCARV en una celda.<\/li>\n<li> Despu\u00e9s de eso, en el primer argumento, consulte la celda D2 donde tiene la fecha a buscar.<\/li>\n<li> Ahora, en el segundo argumento, especifique el rango A1:B13.<\/li>\n<li> Luego, en el tercer argumento ingresa 2 porque deseas obtener los valores de la segunda columna.<\/li>\n<li> Al final, en el cuarto argumento, ingrese 0 para realizar el argumento exacto. <\/li>\n<\/ol>\n<div class=\"wp-block-image\">\n<figure class=\"aligncenter size-full is-resized\"><img loading=\"lazy\" decoding=\"async\" class=\"wp-image-79556\" src=\"https:\/\/exceladvisor.org\/wp-content\/uploads\/2023\/08\/2-utiliser-vlookup-avec-des-dates.png\" sizes=\"auto, \" srcset=\"\" alt=\"usar-vlookup-con-fechas\" width=\"713\" height=\"384\"><\/figure>\n<\/div>\n<pre class=\"wp-block-code\"> <code class=\"language-excel-formula\" lang=\"excel-formula\">=VLOOKUP(VALUE(D2),A1:B13,2,0)<\/code><\/pre>\n<h2 class=\"wp-block-heading\"> Ingresando la fecha directamente en BUSCARV<\/h2>\n<p> Tambi\u00e9n puede insertar una fecha directamente en la funci\u00f3n. Vea el ejemplo a continuaci\u00f3n: <\/p>\n<pre class=\"wp-block-code\"> <code class=\"language-excel-formula\" lang=\"excel-formula\">=VLOOKUP(DATEVALUE(\"02-Dec-2022\"),A1:B13,2,0)<\/code><\/pre>\n<div class=\"wp-block-image\">\n<figure class=\"aligncenter size-full is-resized\"><img loading=\"lazy\" decoding=\"async\" class=\"wp-image-79557\" src=\"https:\/\/exceladvisor.org\/wp-content\/uploads\/2023\/08\/3-entrer-la-date-dans-la-fonction-vlookup.png\" sizes=\"auto, \" srcset=\"\" alt=\"ingresar-fecha-en-vlookup-funci\u00f3n\" width=\"697\" height=\"410\"><\/figure>\n<\/div>\n<h2 class=\"wp-block-heading\"> Puntos a tener en cuenta<\/h2>\n<ol type=\"1\">\n<li> Excel almacena la fecha como un n\u00famero, y la fecha que est\u00e1 buscando y las fechas en los datos deben ser v\u00e1lidas de acuerdo con el c\u00f3digo de fecha y hora de Excel.<\/li>\n<li> Si desea insertar una fecha en la funci\u00f3n, debe usar la funci\u00f3n DATEVALUE para convertir la fecha insertada en una fecha v\u00e1lida de Excel. <\/li>\n<\/ol>\n<div class=\"gb-container gb-container-52dfcee1 gb-container-sample-file\">\n<h2 class=\"gb-headline gb-headline-e289c143 gb-headline-text gb-headline-4f7959c2\"> Obtener el archivo Excel<\/h2>\n<p> <a class=\"gb-button gb-button-e88d6bee gb-button-text gb-button-button1\" href=\"https:\/\/exceladvisor.org\/wp-content\/uploads\/2023\/08\/date-de-recherche-v.xlsx\" rel=\"nofollow\">Descargar<\/a><\/div>\n<div class=\"gb-container gb-container-0df56012 gb-container-mt\"> <a class=\"gb-button gb-button-f9f432f4 gb-button-text gb-button-mt-button\" href=\"https:\/\/exceladvisor.org\/es\/formulas\/\">Lista de f\u00f3rmulas de Excel<\/a><\/p>\n<h2 class=\"gb-headline gb-headline-233444e8 gb-headline-text gb-headline-mt-heading\"> F\u00f3rmulas relacionadas <\/h2>\n<div class=\"gb-grid-wrapper gb-grid-wrapper-a16fa65c gb-grid-wrapper-mt-grid\">\n<div class=\"gb-grid-column gb-grid-column-50d07e0d\">\n<div class=\"gb-container gb-container-50d07e0d\">\n<ul>\n<li> <a href=\"https:\/\/exceladvisor.org\/es\/si-error-busqueda-virtual\/\">IFERROR con BUSCARV en Excel para reemplazar #N\/A en Excel<\/a><\/li>\n<li> <a href=\"https:\/\/exceladvisor.org\/es\/busqueda-bidireccional\/\">Realizar una b\u00fasqueda bidireccional en Excel<\/a><\/li>\n<li> <a href=\"https:\/\/exceladvisor.org\/es\/busqueda-inversa\/\">BUSCARV inversa (hacia atr\u00e1s: de derecha a izquierda) en Excel<\/a><\/li>\n<li> <a href=\"https:\/\/exceladvisor.org\/es\/coincidencia-de-vsearch\/\">Combinando BUSCARV COINCIDIR en Excel<\/a><\/li>\n<li> <a href=\"https:\/\/exceladvisor.org\/es\/vlookup-varios-criterios\/\">BUSCARV con m\u00faltiples criterios en Excel<\/a><\/li>\n<li> <a href=\"https:\/\/exceladvisor.org\/es\/comodines-con-vlookup\/\">Comodines con BUSCARV en Excel<\/a> <\/li>\n<\/ul>\n<\/div>\n<\/div>\n<div class=\"gb-grid-column gb-grid-column-5b4a0cf9\">\n<div class=\"gb-container gb-container-5b4a0cf9\"><\/div>\n<\/div>\n<\/div>\n<\/div>\n","protected":false},"excerpt":{"rendered":"<p>Tambi\u00e9n puede usar BUSCARV para buscar una fecha a partir de la fecha y luego obtener un valor de la misma fila en la columna correspondiente. Para hacer esto, debe especificar una fecha en BUSCARV, o tambi\u00e9n puede especificarla directamente en ella. Usando BUSCARV con fechas Puede utilizar los pasos a continuaci\u00f3n: Primero ingrese la [&hellip;]<\/p>\n","protected":false},"author":1,"featured_media":0,"parent":0,"menu_order":0,"comment_status":"open","ping_status":"closed","template":"","meta":{"ub_ctt_via":"","footnotes":""},"class_list":["post-230","page","type-page","status-publish","hentry"],"featured_image_src":null,"yoast_head":"<!-- This site is optimized with the Yoast SEO plugin v25.4 - https:\/\/yoast.com\/wordpress\/plugins\/seo\/ -->\n<title>\u00bfc\u00f3mo encontrar una fecha a partir de datos?<\/title>\n<meta name=\"robots\" content=\"index, follow, max-snippet:-1, max-image-preview:large, max-video-preview:-1\" \/>\n<link rel=\"canonical\" href=\"https:\/\/exceladvisor.org\/es\/buscar-fechas-v\/\" \/>\n<meta property=\"og:locale\" content=\"es_ES\" \/>\n<meta property=\"og:type\" content=\"article\" \/>\n<meta property=\"og:title\" content=\"\u00bfc\u00f3mo encontrar una fecha a partir de datos?\" \/>\n<meta property=\"og:description\" content=\"Tambi\u00e9n puede usar BUSCARV para buscar una fecha a partir de la fecha y luego obtener un valor de la misma fila en la columna correspondiente. Para hacer esto, debe especificar una fecha en BUSCARV, o tambi\u00e9n puede especificarla directamente en ella. Usando BUSCARV con fechas Puede utilizar los pasos a continuaci\u00f3n: Primero ingrese la [&hellip;]\" \/>\n<meta property=\"og:url\" content=\"https:\/\/exceladvisor.org\/es\/buscar-fechas-v\/\" \/>\n<meta property=\"og:site_name\" content=\"Excel Advisor\" \/>\n<meta property=\"article:modified_time\" content=\"2023-12-25T10:25:12+00:00\" \/>\n<meta property=\"og:image\" content=\"https:\/\/exceladvisor.org\/wp-content\/uploads\/2023\/08\/1-vlookup-pour-une-date.png\" \/>\n<meta name=\"twitter:card\" content=\"summary_large_image\" \/>\n<meta name=\"twitter:label1\" content=\"Tiempo de lectura\" \/>\n\t<meta name=\"twitter:data1\" content=\"1 minuto\" \/>\n<script type=\"application\/ld+json\" class=\"yoast-schema-graph\">{\"@context\":\"https:\/\/schema.org\",\"@graph\":[{\"@type\":\"WebPage\",\"@id\":\"https:\/\/exceladvisor.org\/es\/buscar-fechas-v\/\",\"url\":\"https:\/\/exceladvisor.org\/es\/buscar-fechas-v\/\",\"name\":\"\u00bfc\u00f3mo encontrar una fecha a partir de datos?\",\"isPartOf\":{\"@id\":\"https:\/\/exceladvisor.org\/es\/#website\"},\"primaryImageOfPage\":{\"@id\":\"https:\/\/exceladvisor.org\/es\/buscar-fechas-v\/#primaryimage\"},\"image\":{\"@id\":\"https:\/\/exceladvisor.org\/es\/buscar-fechas-v\/#primaryimage\"},\"thumbnailUrl\":\"https:\/\/exceladvisor.org\/wp-content\/uploads\/2023\/08\/1-vlookup-pour-une-date.png\",\"datePublished\":\"2023-11-10T17:26:12+00:00\",\"dateModified\":\"2023-12-25T10:25:12+00:00\",\"breadcrumb\":{\"@id\":\"https:\/\/exceladvisor.org\/es\/buscar-fechas-v\/#breadcrumb\"},\"inLanguage\":\"es\",\"potentialAction\":[{\"@type\":\"ReadAction\",\"target\":[\"https:\/\/exceladvisor.org\/es\/buscar-fechas-v\/\"]}]},{\"@type\":\"ImageObject\",\"inLanguage\":\"es\",\"@id\":\"https:\/\/exceladvisor.org\/es\/buscar-fechas-v\/#primaryimage\",\"url\":\"https:\/\/exceladvisor.org\/wp-content\/uploads\/2023\/08\/1-vlookup-pour-une-date.png\",\"contentUrl\":\"https:\/\/exceladvisor.org\/wp-content\/uploads\/2023\/08\/1-vlookup-pour-une-date.png\"},{\"@type\":\"BreadcrumbList\",\"@id\":\"https:\/\/exceladvisor.org\/es\/buscar-fechas-v\/#breadcrumb\",\"itemListElement\":[{\"@type\":\"ListItem\",\"position\":1,\"name\":\"Hogar\",\"item\":\"https:\/\/exceladvisor.org\/es\/\"},{\"@type\":\"ListItem\",\"position\":2,\"name\":\"\u00bfc\u00f3mo encontrar una fecha a partir de datos?\"}]},{\"@type\":\"WebSite\",\"@id\":\"https:\/\/exceladvisor.org\/es\/#website\",\"url\":\"https:\/\/exceladvisor.org\/es\/\",\"name\":\"Excel Advisor\",\"description\":\"Su gu\u00eda para la dominaci\u00f3n de datos!\",\"publisher\":{\"@id\":\"https:\/\/exceladvisor.org\/es\/#organization\"},\"potentialAction\":[{\"@type\":\"SearchAction\",\"target\":{\"@type\":\"EntryPoint\",\"urlTemplate\":\"https:\/\/exceladvisor.org\/es\/?s={search_term_string}\"},\"query-input\":{\"@type\":\"PropertyValueSpecification\",\"valueRequired\":true,\"valueName\":\"search_term_string\"}}],\"inLanguage\":\"es\"},{\"@type\":\"Organization\",\"@id\":\"https:\/\/exceladvisor.org\/es\/#organization\",\"name\":\"Excel Advisor\",\"url\":\"https:\/\/exceladvisor.org\/es\/\",\"logo\":{\"@type\":\"ImageObject\",\"inLanguage\":\"es\",\"@id\":\"https:\/\/exceladvisor.org\/es\/#\/schema\/logo\/image\/\",\"url\":\"https:\/\/exceladvisor.org\/es\/wp-content\/uploads\/2023\/12\/exceladvisor.org_.png\",\"contentUrl\":\"https:\/\/exceladvisor.org\/es\/wp-content\/uploads\/2023\/12\/exceladvisor.org_.png\",\"width\":105,\"height\":36,\"caption\":\"Excel Advisor\"},\"image\":{\"@id\":\"https:\/\/exceladvisor.org\/es\/#\/schema\/logo\/image\/\"}}]}<\/script>\n<!-- \/ Yoast SEO plugin. -->","yoast_head_json":{"title":"\u00bfc\u00f3mo encontrar una fecha a partir de datos?","robots":{"index":"index","follow":"follow","max-snippet":"max-snippet:-1","max-image-preview":"max-image-preview:large","max-video-preview":"max-video-preview:-1"},"canonical":"https:\/\/exceladvisor.org\/es\/buscar-fechas-v\/","og_locale":"es_ES","og_type":"article","og_title":"\u00bfc\u00f3mo encontrar una fecha a partir de datos?","og_description":"Tambi\u00e9n puede usar BUSCARV para buscar una fecha a partir de la fecha y luego obtener un valor de la misma fila en la columna correspondiente. Para hacer esto, debe especificar una fecha en BUSCARV, o tambi\u00e9n puede especificarla directamente en ella. Usando BUSCARV con fechas Puede utilizar los pasos a continuaci\u00f3n: Primero ingrese la [&hellip;]","og_url":"https:\/\/exceladvisor.org\/es\/buscar-fechas-v\/","og_site_name":"Excel Advisor","article_modified_time":"2023-12-25T10:25:12+00:00","og_image":[{"url":"https:\/\/exceladvisor.org\/wp-content\/uploads\/2023\/08\/1-vlookup-pour-une-date.png","type":"","width":"","height":""}],"twitter_card":"summary_large_image","twitter_misc":{"Tiempo de lectura":"1 minuto"},"schema":{"@context":"https:\/\/schema.org","@graph":[{"@type":"WebPage","@id":"https:\/\/exceladvisor.org\/es\/buscar-fechas-v\/","url":"https:\/\/exceladvisor.org\/es\/buscar-fechas-v\/","name":"\u00bfc\u00f3mo encontrar una fecha a partir de datos?","isPartOf":{"@id":"https:\/\/exceladvisor.org\/es\/#website"},"primaryImageOfPage":{"@id":"https:\/\/exceladvisor.org\/es\/buscar-fechas-v\/#primaryimage"},"image":{"@id":"https:\/\/exceladvisor.org\/es\/buscar-fechas-v\/#primaryimage"},"thumbnailUrl":"https:\/\/exceladvisor.org\/wp-content\/uploads\/2023\/08\/1-vlookup-pour-une-date.png","datePublished":"2023-11-10T17:26:12+00:00","dateModified":"2023-12-25T10:25:12+00:00","breadcrumb":{"@id":"https:\/\/exceladvisor.org\/es\/buscar-fechas-v\/#breadcrumb"},"inLanguage":"es","potentialAction":[{"@type":"ReadAction","target":["https:\/\/exceladvisor.org\/es\/buscar-fechas-v\/"]}]},{"@type":"ImageObject","inLanguage":"es","@id":"https:\/\/exceladvisor.org\/es\/buscar-fechas-v\/#primaryimage","url":"https:\/\/exceladvisor.org\/wp-content\/uploads\/2023\/08\/1-vlookup-pour-une-date.png","contentUrl":"https:\/\/exceladvisor.org\/wp-content\/uploads\/2023\/08\/1-vlookup-pour-une-date.png"},{"@type":"BreadcrumbList","@id":"https:\/\/exceladvisor.org\/es\/buscar-fechas-v\/#breadcrumb","itemListElement":[{"@type":"ListItem","position":1,"name":"Hogar","item":"https:\/\/exceladvisor.org\/es\/"},{"@type":"ListItem","position":2,"name":"\u00bfc\u00f3mo encontrar una fecha a partir de datos?"}]},{"@type":"WebSite","@id":"https:\/\/exceladvisor.org\/es\/#website","url":"https:\/\/exceladvisor.org\/es\/","name":"Excel Advisor","description":"Su gu\u00eda para la dominaci\u00f3n de datos!","publisher":{"@id":"https:\/\/exceladvisor.org\/es\/#organization"},"potentialAction":[{"@type":"SearchAction","target":{"@type":"EntryPoint","urlTemplate":"https:\/\/exceladvisor.org\/es\/?s={search_term_string}"},"query-input":{"@type":"PropertyValueSpecification","valueRequired":true,"valueName":"search_term_string"}}],"inLanguage":"es"},{"@type":"Organization","@id":"https:\/\/exceladvisor.org\/es\/#organization","name":"Excel Advisor","url":"https:\/\/exceladvisor.org\/es\/","logo":{"@type":"ImageObject","inLanguage":"es","@id":"https:\/\/exceladvisor.org\/es\/#\/schema\/logo\/image\/","url":"https:\/\/exceladvisor.org\/es\/wp-content\/uploads\/2023\/12\/exceladvisor.org_.png","contentUrl":"https:\/\/exceladvisor.org\/es\/wp-content\/uploads\/2023\/12\/exceladvisor.org_.png","width":105,"height":36,"caption":"Excel Advisor"},"image":{"@id":"https:\/\/exceladvisor.org\/es\/#\/schema\/logo\/image\/"}}]}},"yoast_meta":{"yoast_wpseo_title":"","yoast_wpseo_metadesc":"","yoast_wpseo_canonical":""},"_links":{"self":[{"href":"https:\/\/exceladvisor.org\/es\/wp-json\/wp\/v2\/pages\/230","targetHints":{"allow":["GET"]}}],"collection":[{"href":"https:\/\/exceladvisor.org\/es\/wp-json\/wp\/v2\/pages"}],"about":[{"href":"https:\/\/exceladvisor.org\/es\/wp-json\/wp\/v2\/types\/page"}],"author":[{"embeddable":true,"href":"https:\/\/exceladvisor.org\/es\/wp-json\/wp\/v2\/users\/1"}],"replies":[{"embeddable":true,"href":"https:\/\/exceladvisor.org\/es\/wp-json\/wp\/v2\/comments?post=230"}],"version-history":[{"count":1,"href":"https:\/\/exceladvisor.org\/es\/wp-json\/wp\/v2\/pages\/230\/revisions"}],"predecessor-version":[{"id":1020,"href":"https:\/\/exceladvisor.org\/es\/wp-json\/wp\/v2\/pages\/230\/revisions\/1020"}],"wp:attachment":[{"href":"https:\/\/exceladvisor.org\/es\/wp-json\/wp\/v2\/media?parent=230"}],"curies":[{"name":"wp","href":"https:\/\/api.w.org\/{rel}","templated":true}]}}