{"id":235,"date":"2023-11-10T10:05:13","date_gmt":"2023-11-10T10:05:13","guid":{"rendered":"https:\/\/exceladvisor.org\/es\/fecha-al-texto-2\/"},"modified":"2023-12-25T10:24:50","modified_gmt":"2023-12-25T10:24:50","slug":"fecha-al-texto-2","status":"publish","type":"page","link":"https:\/\/exceladvisor.org\/es\/fecha-al-texto-2\/","title":{"rendered":"\u00bfc\u00f3mo convertir fecha a texto en excel?"},"content":{"rendered":"<div class=\"excel-antes-del-contenido\" id=\"excel-1956765820\"><script type=\"text\/javascript\">\r\n\tatOptions = {\r\n\t\t'key' : 'c1158f160081d6540a8409e6925dab94',\r\n\t\t'format' : 'iframe',\r\n\t\t'height' : 250,\r\n\t\t'width' : 300,\r\n\t\t'params' : {}\r\n\t};\r\n<\/script>\r\n<script type=\"text\/javascript\" src=\"\/\/www.highperformanceformat.com\/c1158f160081d6540a8409e6925dab94\/invoke.js\"><\/script><\/div><p>Como sabes, Excel almacena una fecha como un n\u00famero y tienes el formato de fecha en la celda para mostrarla como una fecha. Al convertir la fecha en texto, puede obtener el nombre del d\u00eda, el n\u00famero del d\u00eda, el nombre del mes y el n\u00famero del a\u00f1o. <\/p>\n<div class=\"wp-block-image\">\n<figure class=\"aligncenter size-full is-resized\"><img loading=\"lazy\" decoding=\"async\" class=\"wp-image-79828\" src=\"https:\/\/exceladvisor.org\/wp-content\/uploads\/2023\/08\/1-convertir-la-date-en-texte.png\" sizes=\"auto, \" srcset=\"\" alt=\"convertir fecha en texto\" width=\"799\" height=\"218\"><\/figure>\n<\/div>\n<p> Para hacer esto, lo mejor es utilizar la funci\u00f3n TEXTO. Esta funci\u00f3n le permite extraer parte (d\u00eda, mes y a\u00f1o) de una fecha en forma de texto. En este tutorial, veremos algunos ejemplos para comprender c\u00f3mo utilizar este m\u00e9todo.<\/p>\n<h2 class=\"wp-block-heading\"> Convierta una fecha en texto usando la funci\u00f3n TEXTO<\/h2>\n<p> Puede utilizar los pasos a continuaci\u00f3n:<\/p>\n<ol type=\"1\">\n<li> Primero ingrese la funci\u00f3n TEXTO en una celda.<\/li>\n<li> Despu\u00e9s de eso, en el primer argumento, haga referencia a la fecha original.<\/li>\n<li> Luego, en el tercer argumento, ingrese el formato de la fecha que desea obtener en el resultado.<\/li>\n<li> Al final, ingrese los par\u00e9ntesis de cierre y presione Enter para obtener el resultado. <\/li>\n<\/ol>\n<div class=\"wp-block-image\">\n<figure class=\"aligncenter size-full is-resized\"><img loading=\"lazy\" decoding=\"async\" class=\"wp-image-79829\" src=\"https:\/\/exceladvisor.org\/wp-content\/uploads\/2023\/08\/2-convertir-la-date-en-utilisant-la-fonction-de-texte.png\" sizes=\"auto, \" srcset=\"\" alt=\"convertir-fecha-usando-funci\u00f3n-de-texto\" width=\"482\" height=\"269\"><\/figure>\n<\/div>\n<pre class=\"wp-block-code\"> <code class=\"language-excel-formula\" lang=\"excel-formula\">=TEXT(A1,\"dd-mmm-yy\")<\/code><\/pre>\n<h2 class=\"wp-block-heading\"> Obtener el nombre del mes como texto de una fecha<\/h2>\n<p> En la funci\u00f3n TEXTO, debe hacer referencia a la fecha real en el primer argumento, luego, en el segundo argumento, debe especificar el formato de la fecha que desea obtener en el resultado. <\/p>\n<div class=\"wp-block-image\">\n<figure class=\"aligncenter size-full is-resized\"><img loading=\"lazy\" decoding=\"async\" class=\"wp-image-79830\" src=\"https:\/\/exceladvisor.org\/wp-content\/uploads\/2023\/08\/3-obtenir-le-nom-du-mois-sous-forme-de-texte.png\" sizes=\"auto, \" srcset=\"\" alt=\"obtener-nombre-del-mes-como-texto\" width=\"487\" height=\"228\"><\/figure>\n<\/div>\n<p> En esta f\u00f3rmula hemos utilizado el formato \u201cMMMM\u201d. Este formato le dice a la funci\u00f3n TEXTO que solo obtenga el nombre completo del mes a partir de la fecha como texto.<\/p>\n<pre class=\"wp-block-code\"> <code class=\"language-excel-formula\" lang=\"excel-formula\">=TEXT(A1,\"MMMM\")<\/code><\/pre>\n<p> Y si quieres obtener el nombre corto del mes, s\u00f3lo necesitas cambiar el formato de \u201cMMMM\u201d a \u201cMMM\u201d. <\/p>\n<div class=\"wp-block-image\">\n<figure class=\"aligncenter size-full is-resized\"><img loading=\"lazy\" decoding=\"async\" class=\"wp-image-79831\" src=\"https:\/\/exceladvisor.org\/wp-content\/uploads\/2023\/08\/4-obtenir-le-nom-court-du-mois-sous-forme-de-texte.png\" sizes=\"auto, \" srcset=\"\" alt=\"obtener-nombre-del-mes-corto-como-texto\" width=\"494\" height=\"259\"><\/figure>\n<\/div>\n<pre class=\"wp-block-code\"> <code class=\"language-excel-formula\" lang=\"excel-formula\">=TEXT(A1,\"MMM\")<\/code><\/pre>\n<h2 class=\"wp-block-heading\"> Obtener el nombre del d\u00eda como texto de una fecha<\/h2>\n<p> Y si desea obtener el nombre del d\u00eda como texto a partir de la fecha, deber\u00e1 utilizar la misma funci\u00f3n, es decir, TEXTO. <\/p>\n<div class=\"wp-block-image\">\n<figure class=\"aligncenter size-full is-resized\"><img loading=\"lazy\" decoding=\"async\" class=\"wp-image-79832\" src=\"https:\/\/exceladvisor.org\/wp-content\/uploads\/2023\/08\/5-obtenir-le-nom-du-jour-sous-forme-de-texte.png\" sizes=\"auto, \" srcset=\"\" alt=\"obtener-nombre-del-d\u00eda-como-texto\" width=\"509\" height=\"276\"><\/figure>\n<\/div>\n<p> Aqu\u00ed ha utilizado la misma funci\u00f3n con formato para obtener el nombre completo del d\u00eda.<\/p>\n<pre class=\"wp-block-code\"> <code class=\"language-excel-formula\" lang=\"excel-formula\">=TEXT(A1,\"DDDD\")<\/code><\/pre>\n<p> Para obtener el nombre corto del d\u00eda, puede utilizar la siguiente f\u00f3rmula. <\/p>\n<pre class=\"wp-block-code\"> <code class=\"language-excel-formula\" lang=\"excel-formula\">=TEXT(A1,\"DDD\")<\/code><\/pre>\n<div class=\"wp-block-image\">\n<figure class=\"aligncenter size-full is-resized\"><img loading=\"lazy\" decoding=\"async\" class=\"wp-image-79833\" src=\"https:\/\/exceladvisor.org\/wp-content\/uploads\/2023\/08\/6-obtenir-le-nom-du-jour-court-sous-forme-de-texte.png\" sizes=\"auto, \" srcset=\"\" alt=\"obtener-nombre-de-d\u00eda-corto-como-texto\" width=\"513\" height=\"279\"><\/figure>\n<\/div>\n<h2 class=\"wp-block-heading\"> Obtener una fecha en una oraci\u00f3n de texto completo<\/h2>\n<p> En la siguiente f\u00f3rmula, hemos utilizado la funci\u00f3n TEXTO para crear una oraci\u00f3n de texto para definir el nombre de la fecha y el d\u00eda como una oraci\u00f3n larga. <\/p>\n<pre class=\"wp-block-code\"> <code class=\"language-excel-formula\" lang=\"excel-formula\">=\"The date is \"&amp;TEXT(A1,\"DD, MMMM'YY\")&amp;\" and day is \"&amp;TEXT(A1,\"DDDD\")&amp;\".\"<\/code><\/pre>\n<div class=\"wp-block-image\">\n<figure class=\"aligncenter size-full is-resized\"><img loading=\"lazy\" decoding=\"async\" class=\"wp-image-79834\" src=\"https:\/\/exceladvisor.org\/wp-content\/uploads\/2023\/08\/7-obtenir-la-date-en-texte-complet.png\" sizes=\"auto, \" srcset=\"\" alt=\"obtener-fecha-en-texto-completo\" width=\"793\" height=\"216\"><\/figure>\n<\/div>\n<div class=\"gb-container gb-container-52dfcee1 gb-container-sample-file\">\n<h2 class=\"gb-headline gb-headline-e289c143 gb-headline-text gb-headline-4f7959c2\"> Obtener el archivo Excel<\/h2>\n<p> <a class=\"gb-button gb-button-e88d6bee gb-button-text gb-button-button1\" href=\"https:\/\/exceladvisor.org\/wp-content\/uploads\/2023\/08\/date-au-texte.xlsx\" rel=\"nofollow\">Descargar<\/a><\/p>\n<\/div>\n<div class=\"gb-container gb-container-0df56012 gb-container-mt\"> <a class=\"gb-button gb-button-f9f432f4 gb-button-text gb-button-mt-button\" href=\"https:\/\/exceladvisor.org\/es\/formulas\/\">Lista de f\u00f3rmulas de Excel<\/a><\/p>\n<h2 class=\"gb-headline gb-headline-233444e8 gb-headline-text gb-headline-mt-heading\"> F\u00f3rmulas relacionadas <\/h2>\n<div class=\"gb-grid-wrapper gb-grid-wrapper-a16fa65c gb-grid-wrapper-mt-grid\">\n<div class=\"gb-grid-column gb-grid-column-50d07e0d\">\n<div class=\"gb-container gb-container-50d07e0d\">\n<ul>\n<li> <a href=\"https:\/\/exceladvisor.org\/es\/meses-dias-laborables\/\">D\u00edas laborables en un mes.<\/a><\/li>\n<li> <a href=\"https:\/\/exceladvisor.org\/es\/dias-de-cuenta-regresiva\/\">D\u00edas de cuenta regresiva<\/a><\/li>\n<li> <a href=\"https:\/\/exceladvisor.org\/es\/dias-entre-dos-fechas\/\">Cuente los d\u00edas entre dos fechas.<\/a><\/li>\n<li> <a href=\"https:\/\/exceladvisor.org\/es\/cita-en-juliana-2\/\">Convertir a fecha juliana<\/a><\/li>\n<li> <a href=\"https:\/\/exceladvisor.org\/es\/domingo-anterior-2\/\">Obtener el domingo anterior<\/a> <\/li>\n<\/ul>\n<\/div>\n<\/div>\n<div class=\"gb-grid-column gb-grid-column-5b4a0cf9\">\n<div class=\"gb-container gb-container-5b4a0cf9\"><\/div>\n<\/div>\n<\/div>\n<\/div>\n","protected":false},"excerpt":{"rendered":"<p>Como sabes, Excel almacena una fecha como un n\u00famero y tienes el formato de fecha en la celda para mostrarla como una fecha. Al convertir la fecha en texto, puede obtener el nombre del d\u00eda, el n\u00famero del d\u00eda, el nombre del mes y el n\u00famero del a\u00f1o. Para hacer esto, lo mejor es utilizar [&hellip;]<\/p>\n","protected":false},"author":1,"featured_media":0,"parent":0,"menu_order":0,"comment_status":"open","ping_status":"closed","template":"","meta":{"ub_ctt_via":"","footnotes":""},"class_list":["post-235","page","type-page","status-publish","hentry"],"featured_image_src":null,"yoast_head":"<!-- This site is optimized with the Yoast SEO plugin v25.4 - https:\/\/yoast.com\/wordpress\/plugins\/seo\/ -->\n<title>\u00bfc\u00f3mo convertir fecha a texto en excel?<\/title>\n<meta name=\"robots\" content=\"index, follow, max-snippet:-1, max-image-preview:large, max-video-preview:-1\" \/>\n<link rel=\"canonical\" href=\"https:\/\/exceladvisor.org\/es\/fecha-al-texto-2\/\" \/>\n<meta property=\"og:locale\" content=\"es_ES\" \/>\n<meta property=\"og:type\" content=\"article\" \/>\n<meta property=\"og:title\" content=\"\u00bfc\u00f3mo convertir fecha a texto en excel?\" \/>\n<meta property=\"og:description\" content=\"Como sabes, Excel almacena una fecha como un n\u00famero y tienes el formato de fecha en la celda para mostrarla como una fecha. Al convertir la fecha en texto, puede obtener el nombre del d\u00eda, el n\u00famero del d\u00eda, el nombre del mes y el n\u00famero del a\u00f1o. Para hacer esto, lo mejor es utilizar [&hellip;]\" \/>\n<meta property=\"og:url\" content=\"https:\/\/exceladvisor.org\/es\/fecha-al-texto-2\/\" \/>\n<meta property=\"og:site_name\" content=\"Excel Advisor\" \/>\n<meta property=\"article:modified_time\" content=\"2023-12-25T10:24:50+00:00\" \/>\n<meta property=\"og:image\" content=\"https:\/\/exceladvisor.org\/wp-content\/uploads\/2023\/08\/1-convertir-la-date-en-texte.png\" \/>\n<meta name=\"twitter:card\" content=\"summary_large_image\" \/>\n<meta name=\"twitter:label1\" content=\"Tiempo de lectura\" \/>\n\t<meta name=\"twitter:data1\" content=\"2 minutos\" \/>\n<script type=\"application\/ld+json\" class=\"yoast-schema-graph\">{\"@context\":\"https:\/\/schema.org\",\"@graph\":[{\"@type\":\"WebPage\",\"@id\":\"https:\/\/exceladvisor.org\/es\/fecha-al-texto-2\/\",\"url\":\"https:\/\/exceladvisor.org\/es\/fecha-al-texto-2\/\",\"name\":\"\u00bfc\u00f3mo convertir fecha a texto en excel?\",\"isPartOf\":{\"@id\":\"https:\/\/exceladvisor.org\/es\/#website\"},\"primaryImageOfPage\":{\"@id\":\"https:\/\/exceladvisor.org\/es\/fecha-al-texto-2\/#primaryimage\"},\"image\":{\"@id\":\"https:\/\/exceladvisor.org\/es\/fecha-al-texto-2\/#primaryimage\"},\"thumbnailUrl\":\"https:\/\/exceladvisor.org\/wp-content\/uploads\/2023\/08\/1-convertir-la-date-en-texte.png\",\"datePublished\":\"2023-11-10T10:05:13+00:00\",\"dateModified\":\"2023-12-25T10:24:50+00:00\",\"breadcrumb\":{\"@id\":\"https:\/\/exceladvisor.org\/es\/fecha-al-texto-2\/#breadcrumb\"},\"inLanguage\":\"es\",\"potentialAction\":[{\"@type\":\"ReadAction\",\"target\":[\"https:\/\/exceladvisor.org\/es\/fecha-al-texto-2\/\"]}]},{\"@type\":\"ImageObject\",\"inLanguage\":\"es\",\"@id\":\"https:\/\/exceladvisor.org\/es\/fecha-al-texto-2\/#primaryimage\",\"url\":\"https:\/\/exceladvisor.org\/wp-content\/uploads\/2023\/08\/1-convertir-la-date-en-texte.png\",\"contentUrl\":\"https:\/\/exceladvisor.org\/wp-content\/uploads\/2023\/08\/1-convertir-la-date-en-texte.png\"},{\"@type\":\"BreadcrumbList\",\"@id\":\"https:\/\/exceladvisor.org\/es\/fecha-al-texto-2\/#breadcrumb\",\"itemListElement\":[{\"@type\":\"ListItem\",\"position\":1,\"name\":\"Hogar\",\"item\":\"https:\/\/exceladvisor.org\/es\/\"},{\"@type\":\"ListItem\",\"position\":2,\"name\":\"\u00bfc\u00f3mo convertir fecha a texto en excel?\"}]},{\"@type\":\"WebSite\",\"@id\":\"https:\/\/exceladvisor.org\/es\/#website\",\"url\":\"https:\/\/exceladvisor.org\/es\/\",\"name\":\"Excel Advisor\",\"description\":\"Su gu\u00eda para la dominaci\u00f3n de datos!\",\"publisher\":{\"@id\":\"https:\/\/exceladvisor.org\/es\/#organization\"},\"potentialAction\":[{\"@type\":\"SearchAction\",\"target\":{\"@type\":\"EntryPoint\",\"urlTemplate\":\"https:\/\/exceladvisor.org\/es\/?s={search_term_string}\"},\"query-input\":{\"@type\":\"PropertyValueSpecification\",\"valueRequired\":true,\"valueName\":\"search_term_string\"}}],\"inLanguage\":\"es\"},{\"@type\":\"Organization\",\"@id\":\"https:\/\/exceladvisor.org\/es\/#organization\",\"name\":\"Excel Advisor\",\"url\":\"https:\/\/exceladvisor.org\/es\/\",\"logo\":{\"@type\":\"ImageObject\",\"inLanguage\":\"es\",\"@id\":\"https:\/\/exceladvisor.org\/es\/#\/schema\/logo\/image\/\",\"url\":\"https:\/\/exceladvisor.org\/es\/wp-content\/uploads\/2023\/12\/exceladvisor.org_.png\",\"contentUrl\":\"https:\/\/exceladvisor.org\/es\/wp-content\/uploads\/2023\/12\/exceladvisor.org_.png\",\"width\":105,\"height\":36,\"caption\":\"Excel Advisor\"},\"image\":{\"@id\":\"https:\/\/exceladvisor.org\/es\/#\/schema\/logo\/image\/\"}}]}<\/script>\n<!-- \/ Yoast SEO plugin. -->","yoast_head_json":{"title":"\u00bfc\u00f3mo convertir fecha a texto en excel?","robots":{"index":"index","follow":"follow","max-snippet":"max-snippet:-1","max-image-preview":"max-image-preview:large","max-video-preview":"max-video-preview:-1"},"canonical":"https:\/\/exceladvisor.org\/es\/fecha-al-texto-2\/","og_locale":"es_ES","og_type":"article","og_title":"\u00bfc\u00f3mo convertir fecha a texto en excel?","og_description":"Como sabes, Excel almacena una fecha como un n\u00famero y tienes el formato de fecha en la celda para mostrarla como una fecha. Al convertir la fecha en texto, puede obtener el nombre del d\u00eda, el n\u00famero del d\u00eda, el nombre del mes y el n\u00famero del a\u00f1o. Para hacer esto, lo mejor es utilizar [&hellip;]","og_url":"https:\/\/exceladvisor.org\/es\/fecha-al-texto-2\/","og_site_name":"Excel Advisor","article_modified_time":"2023-12-25T10:24:50+00:00","og_image":[{"url":"https:\/\/exceladvisor.org\/wp-content\/uploads\/2023\/08\/1-convertir-la-date-en-texte.png","type":"","width":"","height":""}],"twitter_card":"summary_large_image","twitter_misc":{"Tiempo de lectura":"2 minutos"},"schema":{"@context":"https:\/\/schema.org","@graph":[{"@type":"WebPage","@id":"https:\/\/exceladvisor.org\/es\/fecha-al-texto-2\/","url":"https:\/\/exceladvisor.org\/es\/fecha-al-texto-2\/","name":"\u00bfc\u00f3mo convertir fecha a texto en excel?","isPartOf":{"@id":"https:\/\/exceladvisor.org\/es\/#website"},"primaryImageOfPage":{"@id":"https:\/\/exceladvisor.org\/es\/fecha-al-texto-2\/#primaryimage"},"image":{"@id":"https:\/\/exceladvisor.org\/es\/fecha-al-texto-2\/#primaryimage"},"thumbnailUrl":"https:\/\/exceladvisor.org\/wp-content\/uploads\/2023\/08\/1-convertir-la-date-en-texte.png","datePublished":"2023-11-10T10:05:13+00:00","dateModified":"2023-12-25T10:24:50+00:00","breadcrumb":{"@id":"https:\/\/exceladvisor.org\/es\/fecha-al-texto-2\/#breadcrumb"},"inLanguage":"es","potentialAction":[{"@type":"ReadAction","target":["https:\/\/exceladvisor.org\/es\/fecha-al-texto-2\/"]}]},{"@type":"ImageObject","inLanguage":"es","@id":"https:\/\/exceladvisor.org\/es\/fecha-al-texto-2\/#primaryimage","url":"https:\/\/exceladvisor.org\/wp-content\/uploads\/2023\/08\/1-convertir-la-date-en-texte.png","contentUrl":"https:\/\/exceladvisor.org\/wp-content\/uploads\/2023\/08\/1-convertir-la-date-en-texte.png"},{"@type":"BreadcrumbList","@id":"https:\/\/exceladvisor.org\/es\/fecha-al-texto-2\/#breadcrumb","itemListElement":[{"@type":"ListItem","position":1,"name":"Hogar","item":"https:\/\/exceladvisor.org\/es\/"},{"@type":"ListItem","position":2,"name":"\u00bfc\u00f3mo convertir fecha a texto en excel?"}]},{"@type":"WebSite","@id":"https:\/\/exceladvisor.org\/es\/#website","url":"https:\/\/exceladvisor.org\/es\/","name":"Excel Advisor","description":"Su gu\u00eda para la dominaci\u00f3n de datos!","publisher":{"@id":"https:\/\/exceladvisor.org\/es\/#organization"},"potentialAction":[{"@type":"SearchAction","target":{"@type":"EntryPoint","urlTemplate":"https:\/\/exceladvisor.org\/es\/?s={search_term_string}"},"query-input":{"@type":"PropertyValueSpecification","valueRequired":true,"valueName":"search_term_string"}}],"inLanguage":"es"},{"@type":"Organization","@id":"https:\/\/exceladvisor.org\/es\/#organization","name":"Excel Advisor","url":"https:\/\/exceladvisor.org\/es\/","logo":{"@type":"ImageObject","inLanguage":"es","@id":"https:\/\/exceladvisor.org\/es\/#\/schema\/logo\/image\/","url":"https:\/\/exceladvisor.org\/es\/wp-content\/uploads\/2023\/12\/exceladvisor.org_.png","contentUrl":"https:\/\/exceladvisor.org\/es\/wp-content\/uploads\/2023\/12\/exceladvisor.org_.png","width":105,"height":36,"caption":"Excel Advisor"},"image":{"@id":"https:\/\/exceladvisor.org\/es\/#\/schema\/logo\/image\/"}}]}},"yoast_meta":{"yoast_wpseo_title":"","yoast_wpseo_metadesc":"","yoast_wpseo_canonical":""},"_links":{"self":[{"href":"https:\/\/exceladvisor.org\/es\/wp-json\/wp\/v2\/pages\/235","targetHints":{"allow":["GET"]}}],"collection":[{"href":"https:\/\/exceladvisor.org\/es\/wp-json\/wp\/v2\/pages"}],"about":[{"href":"https:\/\/exceladvisor.org\/es\/wp-json\/wp\/v2\/types\/page"}],"author":[{"embeddable":true,"href":"https:\/\/exceladvisor.org\/es\/wp-json\/wp\/v2\/users\/1"}],"replies":[{"embeddable":true,"href":"https:\/\/exceladvisor.org\/es\/wp-json\/wp\/v2\/comments?post=235"}],"version-history":[{"count":1,"href":"https:\/\/exceladvisor.org\/es\/wp-json\/wp\/v2\/pages\/235\/revisions"}],"predecessor-version":[{"id":963,"href":"https:\/\/exceladvisor.org\/es\/wp-json\/wp\/v2\/pages\/235\/revisions\/963"}],"wp:attachment":[{"href":"https:\/\/exceladvisor.org\/es\/wp-json\/wp\/v2\/media?parent=235"}],"curies":[{"name":"wp","href":"https:\/\/api.w.org\/{rel}","templated":true}]}}