{"id":236,"date":"2023-11-10T10:02:59","date_gmt":"2023-11-10T10:02:59","guid":{"rendered":"https:\/\/exceladvisor.org\/es\/el-promedio-excluye-ceros-2\/"},"modified":"2023-12-25T10:33:34","modified_gmt":"2023-12-25T10:33:34","slug":"el-promedio-excluye-ceros-2","status":"publish","type":"page","link":"https:\/\/exceladvisor.org\/es\/el-promedio-excluye-ceros-2\/","title":{"rendered":"N\u00famero promedio pero excluye ceros (0) en excel"},"content":{"rendered":"<div class=\"excel-antes-del-contenido\" id=\"excel-2753559705\"><script type=\"text\/javascript\">\r\n\tatOptions = {\r\n\t\t'key' : 'c1158f160081d6540a8409e6925dab94',\r\n\t\t'format' : 'iframe',\r\n\t\t'height' : 250,\r\n\t\t'width' : 300,\r\n\t\t'params' : {}\r\n\t};\r\n<\/script>\r\n<script type=\"text\/javascript\" src=\"\/\/www.highperformanceformat.com\/c1158f160081d6540a8409e6925dab94\/invoke.js\"><\/script><\/div><p>Al promediar valores en Excel, puede escribir una f\u00f3rmula para excluir o ignorar celdas con cero. En este tutorial, veremos c\u00f3mo escribir esta f\u00f3rmula promedio. <\/p>\n<div class=\"wp-block-image\">\n<figure class=\"aligncenter size-full is-resized\"><img loading=\"lazy\" decoding=\"async\" class=\"wp-image-79247\" src=\"https:\/\/exceladvisor.org\/wp-content\/uploads\/2023\/08\/1-valeur-moyenne-dans-les-cellules.png\" sizes=\"auto, \" srcset=\"\" alt=\"valor promedio en celdas\" width=\"557\" height=\"375\"><\/figure>\n<\/div>\n<h2 id=\"h-ignore-zero-while-averaging-values-in-excel\" class=\"wp-block-heading\"> Ignore el cero al promediar valores en Excel<\/h2>\n<p> Puede utilizar los pasos a continuaci\u00f3n:<\/p>\n<ol type=\"1\">\n<li> Primero ingrese la funci\u00f3n PROMEDIOSI en una celda.<\/li>\n<li> Despu\u00e9s de eso, en el primer argumento, consulte el rango donde tiene valores.<\/li>\n<li> Ahora, en el segundo argumento, ingrese \u00ab&gt;0\u00bb. Esto le indica a Excel que <a href=\"https:\/\/exceladvisor.org\/es\/mayor-que-igual-a\/\">solo incluya valores mayores que<\/a> cero.<\/li>\n<li> Al final, ingrese los par\u00e9ntesis de cierre y presione Enter para obtener el resultado. <\/li>\n<\/ol>\n<div class=\"wp-block-image\">\n<figure class=\"aligncenter size-full is-resized\"><img loading=\"lazy\" decoding=\"async\" class=\"wp-image-79248\" src=\"https:\/\/exceladvisor.org\/wp-content\/uploads\/2023\/08\/2-moyennesi-pour-ignorer-les-zeros.png\" sizes=\"auto, \" srcset=\"\" alt=\"medios-para-ignorar-ceros\" width=\"599\" height=\"401\"><\/figure>\n<\/div>\n<p class=\"grey-note\"> No es necesario especificar rango_promedio, que es un argumento opcional. Cuando no lo especifica, AVERAGEIF promedia los valores en el rango que especifica en los criterios de rango.<\/p>\n<p> A continuaci\u00f3n puede ver la diferencia entre el resultado promedio cuando excluye ceros y cuando incluye ceros. <\/p>\n<div class=\"wp-block-image\">\n<figure class=\"aligncenter size-full is-resized\"><img loading=\"lazy\" decoding=\"async\" class=\"wp-image-79249\" src=\"https:\/\/exceladvisor.org\/wp-content\/uploads\/2023\/08\/3-resultat-moyen-quand-exclure-zero.png\" sizes=\"auto, \" srcset=\"\" alt=\"resultado-promedio-al-excluir-cero\" width=\"526\" height=\"354\"><\/figure>\n<\/div>\n<div class=\"gb-container gb-container-52dfcee1 gb-container-sample-file\">\n<h2 class=\"gb-headline gb-headline-e289c143 gb-headline-text gb-headline-4f7959c2\"> Obtener el archivo Excel<\/h2>\n<p> <a class=\"gb-button gb-button-e88d6bee gb-button-text gb-button-button1\" href=\"https:\/\/exceladvisor.org\/wp-content\/uploads\/2023\/08\/la-moyenne-exclut-les-zeros.xlsx\" rel=\"nofollow\">Descargar<\/a><\/p>\n<\/div>\n<div class=\"gb-container gb-container-0df56012 gb-container-mt\"> <a class=\"gb-button gb-button-f9f432f4 gb-button-text gb-button-mt-button\" href=\"https:\/\/exceladvisor.org\/es\/formulas\/\">Lista de f\u00f3rmulas de Excel<\/a><\/p>\n<h2 class=\"gb-headline gb-headline-233444e8 gb-headline-text gb-headline-mt-heading\"> F\u00f3rmulas relacionadas <\/h2>\n<div class=\"gb-grid-wrapper gb-grid-wrapper-a16fa65c gb-grid-wrapper-mt-grid\">\n<div class=\"gb-grid-column gb-grid-column-50d07e0d\">\n<div class=\"gb-container gb-container-50d07e0d\">\n<ul>\n<li> <a href=\"https:\/\/exceladvisor.org\/es\/valores-maximos-promedio\/\">Promedio de los 5 valores m\u00e1s altos en Excel<\/a><\/li>\n<li> <a href=\"https:\/\/exceladvisor.org\/es\/peso-promedio\/\">Calcular promedio ponderado en Excel<\/a><\/li>\n<li> <a href=\"https:\/\/exceladvisor.org\/es\/errores-promedio-ignorados-2\/\">Promedio pero ignorar errores (#N\/A y otros errores)<\/a><\/li>\n<li> <a href=\"https:\/\/exceladvisor.org\/es\/promedio-de-celdas-no-vacias-2\/\">Promedio solo de celdas que no est\u00e1n en blanco<\/a><\/li>\n<li> <a href=\"https:\/\/exceladvisor.org\/es\/porcentaje-promedio-2\/\">Calcular el promedio de valores porcentuales.<\/a> <\/li>\n<\/ul>\n<\/div>\n<\/div>\n<div class=\"gb-grid-column gb-grid-column-5b4a0cf9\">\n<div class=\"gb-container gb-container-5b4a0cf9\"><\/div>\n<\/div>\n<\/div>\n<\/div>\n","protected":false},"excerpt":{"rendered":"<p>Al promediar valores en Excel, puede escribir una f\u00f3rmula para excluir o ignorar celdas con cero. En este tutorial, veremos c\u00f3mo escribir esta f\u00f3rmula promedio. Ignore el cero al promediar valores en Excel Puede utilizar los pasos a continuaci\u00f3n: Primero ingrese la funci\u00f3n PROMEDIOSI en una celda. Despu\u00e9s de eso, en el primer argumento, consulte [&hellip;]<\/p>\n","protected":false},"author":1,"featured_media":0,"parent":0,"menu_order":0,"comment_status":"open","ping_status":"closed","template":"","meta":{"ub_ctt_via":"","footnotes":""},"class_list":["post-236","page","type-page","status-publish","hentry"],"featured_image_src":null,"yoast_head":"<!-- This site is optimized with the Yoast SEO plugin v25.4 - https:\/\/yoast.com\/wordpress\/plugins\/seo\/ -->\n<title>N\u00famero promedio pero excluye ceros (0) en excel<\/title>\n<meta name=\"robots\" content=\"index, follow, max-snippet:-1, max-image-preview:large, max-video-preview:-1\" \/>\n<link rel=\"canonical\" href=\"https:\/\/exceladvisor.org\/es\/el-promedio-excluye-ceros-2\/\" \/>\n<meta property=\"og:locale\" content=\"es_ES\" \/>\n<meta property=\"og:type\" content=\"article\" \/>\n<meta property=\"og:title\" content=\"N\u00famero promedio pero excluye ceros (0) en excel\" \/>\n<meta property=\"og:description\" content=\"Al promediar valores en Excel, puede escribir una f\u00f3rmula para excluir o ignorar celdas con cero. En este tutorial, veremos c\u00f3mo escribir esta f\u00f3rmula promedio. Ignore el cero al promediar valores en Excel Puede utilizar los pasos a continuaci\u00f3n: Primero ingrese la funci\u00f3n PROMEDIOSI en una celda. Despu\u00e9s de eso, en el primer argumento, consulte [&hellip;]\" \/>\n<meta property=\"og:url\" content=\"https:\/\/exceladvisor.org\/es\/el-promedio-excluye-ceros-2\/\" \/>\n<meta property=\"og:site_name\" content=\"Excel Advisor\" \/>\n<meta property=\"article:modified_time\" content=\"2023-12-25T10:33:34+00:00\" \/>\n<meta property=\"og:image\" content=\"https:\/\/exceladvisor.org\/wp-content\/uploads\/2023\/08\/1-valeur-moyenne-dans-les-cellules.png\" \/>\n<meta name=\"twitter:card\" content=\"summary_large_image\" \/>\n<meta name=\"twitter:label1\" content=\"Tiempo de lectura\" \/>\n\t<meta name=\"twitter:data1\" content=\"1 minuto\" \/>\n<script type=\"application\/ld+json\" class=\"yoast-schema-graph\">{\"@context\":\"https:\/\/schema.org\",\"@graph\":[{\"@type\":\"WebPage\",\"@id\":\"https:\/\/exceladvisor.org\/es\/el-promedio-excluye-ceros-2\/\",\"url\":\"https:\/\/exceladvisor.org\/es\/el-promedio-excluye-ceros-2\/\",\"name\":\"N\u00famero promedio pero excluye ceros (0) en excel\",\"isPartOf\":{\"@id\":\"https:\/\/exceladvisor.org\/es\/#website\"},\"primaryImageOfPage\":{\"@id\":\"https:\/\/exceladvisor.org\/es\/el-promedio-excluye-ceros-2\/#primaryimage\"},\"image\":{\"@id\":\"https:\/\/exceladvisor.org\/es\/el-promedio-excluye-ceros-2\/#primaryimage\"},\"thumbnailUrl\":\"https:\/\/exceladvisor.org\/wp-content\/uploads\/2023\/08\/1-valeur-moyenne-dans-les-cellules.png\",\"datePublished\":\"2023-11-10T10:02:59+00:00\",\"dateModified\":\"2023-12-25T10:33:34+00:00\",\"breadcrumb\":{\"@id\":\"https:\/\/exceladvisor.org\/es\/el-promedio-excluye-ceros-2\/#breadcrumb\"},\"inLanguage\":\"es\",\"potentialAction\":[{\"@type\":\"ReadAction\",\"target\":[\"https:\/\/exceladvisor.org\/es\/el-promedio-excluye-ceros-2\/\"]}]},{\"@type\":\"ImageObject\",\"inLanguage\":\"es\",\"@id\":\"https:\/\/exceladvisor.org\/es\/el-promedio-excluye-ceros-2\/#primaryimage\",\"url\":\"https:\/\/exceladvisor.org\/wp-content\/uploads\/2023\/08\/1-valeur-moyenne-dans-les-cellules.png\",\"contentUrl\":\"https:\/\/exceladvisor.org\/wp-content\/uploads\/2023\/08\/1-valeur-moyenne-dans-les-cellules.png\"},{\"@type\":\"BreadcrumbList\",\"@id\":\"https:\/\/exceladvisor.org\/es\/el-promedio-excluye-ceros-2\/#breadcrumb\",\"itemListElement\":[{\"@type\":\"ListItem\",\"position\":1,\"name\":\"Hogar\",\"item\":\"https:\/\/exceladvisor.org\/es\/\"},{\"@type\":\"ListItem\",\"position\":2,\"name\":\"N\u00famero promedio pero excluye ceros (0) en excel\"}]},{\"@type\":\"WebSite\",\"@id\":\"https:\/\/exceladvisor.org\/es\/#website\",\"url\":\"https:\/\/exceladvisor.org\/es\/\",\"name\":\"Excel Advisor\",\"description\":\"Su gu\u00eda para la dominaci\u00f3n de datos!\",\"publisher\":{\"@id\":\"https:\/\/exceladvisor.org\/es\/#organization\"},\"potentialAction\":[{\"@type\":\"SearchAction\",\"target\":{\"@type\":\"EntryPoint\",\"urlTemplate\":\"https:\/\/exceladvisor.org\/es\/?s={search_term_string}\"},\"query-input\":{\"@type\":\"PropertyValueSpecification\",\"valueRequired\":true,\"valueName\":\"search_term_string\"}}],\"inLanguage\":\"es\"},{\"@type\":\"Organization\",\"@id\":\"https:\/\/exceladvisor.org\/es\/#organization\",\"name\":\"Excel Advisor\",\"url\":\"https:\/\/exceladvisor.org\/es\/\",\"logo\":{\"@type\":\"ImageObject\",\"inLanguage\":\"es\",\"@id\":\"https:\/\/exceladvisor.org\/es\/#\/schema\/logo\/image\/\",\"url\":\"https:\/\/exceladvisor.org\/es\/wp-content\/uploads\/2023\/12\/exceladvisor.org_.png\",\"contentUrl\":\"https:\/\/exceladvisor.org\/es\/wp-content\/uploads\/2023\/12\/exceladvisor.org_.png\",\"width\":105,\"height\":36,\"caption\":\"Excel Advisor\"},\"image\":{\"@id\":\"https:\/\/exceladvisor.org\/es\/#\/schema\/logo\/image\/\"}}]}<\/script>\n<!-- \/ Yoast SEO plugin. -->","yoast_head_json":{"title":"N\u00famero promedio pero excluye ceros (0) en excel","robots":{"index":"index","follow":"follow","max-snippet":"max-snippet:-1","max-image-preview":"max-image-preview:large","max-video-preview":"max-video-preview:-1"},"canonical":"https:\/\/exceladvisor.org\/es\/el-promedio-excluye-ceros-2\/","og_locale":"es_ES","og_type":"article","og_title":"N\u00famero promedio pero excluye ceros (0) en excel","og_description":"Al promediar valores en Excel, puede escribir una f\u00f3rmula para excluir o ignorar celdas con cero. En este tutorial, veremos c\u00f3mo escribir esta f\u00f3rmula promedio. Ignore el cero al promediar valores en Excel Puede utilizar los pasos a continuaci\u00f3n: Primero ingrese la funci\u00f3n PROMEDIOSI en una celda. Despu\u00e9s de eso, en el primer argumento, consulte [&hellip;]","og_url":"https:\/\/exceladvisor.org\/es\/el-promedio-excluye-ceros-2\/","og_site_name":"Excel Advisor","article_modified_time":"2023-12-25T10:33:34+00:00","og_image":[{"url":"https:\/\/exceladvisor.org\/wp-content\/uploads\/2023\/08\/1-valeur-moyenne-dans-les-cellules.png","type":"","width":"","height":""}],"twitter_card":"summary_large_image","twitter_misc":{"Tiempo de lectura":"1 minuto"},"schema":{"@context":"https:\/\/schema.org","@graph":[{"@type":"WebPage","@id":"https:\/\/exceladvisor.org\/es\/el-promedio-excluye-ceros-2\/","url":"https:\/\/exceladvisor.org\/es\/el-promedio-excluye-ceros-2\/","name":"N\u00famero promedio pero excluye ceros (0) en excel","isPartOf":{"@id":"https:\/\/exceladvisor.org\/es\/#website"},"primaryImageOfPage":{"@id":"https:\/\/exceladvisor.org\/es\/el-promedio-excluye-ceros-2\/#primaryimage"},"image":{"@id":"https:\/\/exceladvisor.org\/es\/el-promedio-excluye-ceros-2\/#primaryimage"},"thumbnailUrl":"https:\/\/exceladvisor.org\/wp-content\/uploads\/2023\/08\/1-valeur-moyenne-dans-les-cellules.png","datePublished":"2023-11-10T10:02:59+00:00","dateModified":"2023-12-25T10:33:34+00:00","breadcrumb":{"@id":"https:\/\/exceladvisor.org\/es\/el-promedio-excluye-ceros-2\/#breadcrumb"},"inLanguage":"es","potentialAction":[{"@type":"ReadAction","target":["https:\/\/exceladvisor.org\/es\/el-promedio-excluye-ceros-2\/"]}]},{"@type":"ImageObject","inLanguage":"es","@id":"https:\/\/exceladvisor.org\/es\/el-promedio-excluye-ceros-2\/#primaryimage","url":"https:\/\/exceladvisor.org\/wp-content\/uploads\/2023\/08\/1-valeur-moyenne-dans-les-cellules.png","contentUrl":"https:\/\/exceladvisor.org\/wp-content\/uploads\/2023\/08\/1-valeur-moyenne-dans-les-cellules.png"},{"@type":"BreadcrumbList","@id":"https:\/\/exceladvisor.org\/es\/el-promedio-excluye-ceros-2\/#breadcrumb","itemListElement":[{"@type":"ListItem","position":1,"name":"Hogar","item":"https:\/\/exceladvisor.org\/es\/"},{"@type":"ListItem","position":2,"name":"N\u00famero promedio pero excluye ceros (0) en excel"}]},{"@type":"WebSite","@id":"https:\/\/exceladvisor.org\/es\/#website","url":"https:\/\/exceladvisor.org\/es\/","name":"Excel Advisor","description":"Su gu\u00eda para la dominaci\u00f3n de datos!","publisher":{"@id":"https:\/\/exceladvisor.org\/es\/#organization"},"potentialAction":[{"@type":"SearchAction","target":{"@type":"EntryPoint","urlTemplate":"https:\/\/exceladvisor.org\/es\/?s={search_term_string}"},"query-input":{"@type":"PropertyValueSpecification","valueRequired":true,"valueName":"search_term_string"}}],"inLanguage":"es"},{"@type":"Organization","@id":"https:\/\/exceladvisor.org\/es\/#organization","name":"Excel Advisor","url":"https:\/\/exceladvisor.org\/es\/","logo":{"@type":"ImageObject","inLanguage":"es","@id":"https:\/\/exceladvisor.org\/es\/#\/schema\/logo\/image\/","url":"https:\/\/exceladvisor.org\/es\/wp-content\/uploads\/2023\/12\/exceladvisor.org_.png","contentUrl":"https:\/\/exceladvisor.org\/es\/wp-content\/uploads\/2023\/12\/exceladvisor.org_.png","width":105,"height":36,"caption":"Excel Advisor"},"image":{"@id":"https:\/\/exceladvisor.org\/es\/#\/schema\/logo\/image\/"}}]}},"yoast_meta":{"yoast_wpseo_title":"","yoast_wpseo_metadesc":"","yoast_wpseo_canonical":""},"_links":{"self":[{"href":"https:\/\/exceladvisor.org\/es\/wp-json\/wp\/v2\/pages\/236","targetHints":{"allow":["GET"]}}],"collection":[{"href":"https:\/\/exceladvisor.org\/es\/wp-json\/wp\/v2\/pages"}],"about":[{"href":"https:\/\/exceladvisor.org\/es\/wp-json\/wp\/v2\/types\/page"}],"author":[{"embeddable":true,"href":"https:\/\/exceladvisor.org\/es\/wp-json\/wp\/v2\/users\/1"}],"replies":[{"embeddable":true,"href":"https:\/\/exceladvisor.org\/es\/wp-json\/wp\/v2\/comments?post=236"}],"version-history":[{"count":1,"href":"https:\/\/exceladvisor.org\/es\/wp-json\/wp\/v2\/pages\/236\/revisions"}],"predecessor-version":[{"id":1483,"href":"https:\/\/exceladvisor.org\/es\/wp-json\/wp\/v2\/pages\/236\/revisions\/1483"}],"wp:attachment":[{"href":"https:\/\/exceladvisor.org\/es\/wp-json\/wp\/v2\/media?parent=236"}],"curies":[{"name":"wp","href":"https:\/\/api.w.org\/{rel}","templated":true}]}}