{"id":240,"date":"2023-11-10T09:01:18","date_gmt":"2023-11-10T09:01:18","guid":{"rendered":"https:\/\/exceladvisor.org\/es\/dias-entre-dos-fechas\/"},"modified":"2023-12-25T10:24:44","modified_gmt":"2023-12-25T10:24:44","slug":"dias-entre-dos-fechas","status":"publish","type":"page","link":"https:\/\/exceladvisor.org\/es\/dias-entre-dos-fechas\/","title":{"rendered":"\u00bfc\u00f3mo contar los d\u00edas entre dos fechas?"},"content":{"rendered":"<div class=\"excel-antes-del-contenido\" id=\"excel-2609957443\"><script type=\"text\/javascript\">\r\n\tatOptions = {\r\n\t\t'key' : 'c1158f160081d6540a8409e6925dab94',\r\n\t\t'format' : 'iframe',\r\n\t\t'height' : 250,\r\n\t\t'width' : 300,\r\n\t\t'params' : {}\r\n\t};\r\n<\/script>\r\n<script type=\"text\/javascript\" src=\"\/\/www.highperformanceformat.com\/c1158f160081d6540a8409e6925dab94\/invoke.js\"><\/script><\/div><p>Para contar los d\u00edas entre dos fechas (un rango de fechas), debe usar la funci\u00f3n CONTAR.SI en lugar de CONTAR.SI. Para crear un rango de fechas, debe especificar una fecha inferior y una fecha superior. Esto le indica a Excel que solo cuente los d\u00edas entre el rango de d\u00edas. <\/p>\n<div class=\"wp-block-image\">\n<figure class=\"aligncenter size-full is-resized\"><img loading=\"lazy\" decoding=\"async\" class=\"wp-image-79385\" src=\"https:\/\/exceladvisor.org\/wp-content\/uploads\/2023\/08\/1-jours-entre-deux-dates.png\" sizes=\"auto, \" srcset=\"\" alt=\"d\u00edas-entre-dos-fechas\" width=\"664\" height=\"506\"><\/figure>\n<\/div>\n<h2 id=\"h-formula-to-count-days-between-two-dates\" class=\"wp-block-heading\"> F\u00f3rmula para contar d\u00edas entre dos fechas.<\/h2>\n<p> Puede utilizar los siguientes pasos:<\/p>\n<ol type=\"1\">\n<li> Primero ingrese la funci\u00f3n CONTAR.SI en una celda.<\/li>\n<li> Despu\u00e9s de eso, en el argumento rango_criterios1, consulte el rango donde tiene fechas.<\/li>\n<li> Luego, en el argumento criteriol1, ingrese el signo mayor que (&gt;) e igual (=) y enci\u00e9rrelo entre comillas dobles. Y luego, consulte la celda donde tiene la fecha m\u00e1s baja.<\/li>\n<li> Ahora, en el rango de criterios 2, consulte nuevamente el rango de fechas.<\/li>\n<li> Despu\u00e9s de eso, en el criterio2, ingrese el signo menor que (&lt;) e igual (=) y enci\u00e9rrelo entre comillas dobles. Y luego, consulta la celda donde tienes la fecha superior.<\/li>\n<li> Al final, cierre la funci\u00f3n y presione Enter para obtener el resultado. <\/li>\n<\/ol>\n<div class=\"wp-block-image\">\n<figure class=\"aligncenter size-full is-resized\"><img loading=\"lazy\" decoding=\"async\" class=\"wp-image-79386\" src=\"https:\/\/exceladvisor.org\/wp-content\/uploads\/2023\/08\/2-countif-pour-compter-les-jours-entre-les-dates.png\" sizes=\"auto, \" srcset=\"\" alt=\"contar-para-contar-d\u00edas-entre-las-fechas\" width=\"751\" height=\"494\"><\/figure>\n<\/div>\n<pre class=\"wp-block-code\"> <code class=\"language-excel-formula\" lang=\"excel-formula\">=COUNTIFS(A2:A17,\"&gt;=\"&amp;E2,A2:A17,\"&lt;=\"&amp;F2)<\/code><\/pre>\n<h2 id=\"h-how-this-formula-works\" class=\"wp-block-heading\"> \u00bfC\u00f3mo funciona esta f\u00f3rmula?<\/h2>\n<p> Para entender esta f\u00f3rmula, puedes dividirla en dos partes. <\/p>\n<div class=\"wp-block-image\">\n<figure class=\"aligncenter size-full is-resized\"><img loading=\"lazy\" decoding=\"async\" class=\"wp-image-79387\" src=\"https:\/\/exceladvisor.org\/wp-content\/uploads\/2023\/08\/3-comment-fonctionne-la-formule-countif.png\" sizes=\"auto, \" srcset=\"\" alt=\"\u00bfC\u00f3mo funciona la f\u00f3rmula de conteo?\" width=\"524\" height=\"158\"><\/figure>\n<\/div>\n<ul>\n<li> En la primera parte, tienes la condici\u00f3n de probar celdas mayores e iguales a la fecha que tienes en la celda E2. es decir, el 4 de noviembre de 2022.<\/li>\n<li> En la segunda parte, tienes la condici\u00f3n de probar celdas que sean menores e iguales a la fecha que tienes en la celda F2. es decir, el 4 de diciembre de 2022.<\/li>\n<\/ul>\n<p> As\u00ed, 15 celdas tienen fechas entre el 4 de noviembre de 2022 y el 4 de diciembre de 2022.<\/p>\n<p class=\"qt-tip\"> <strong>Nota:<\/strong> Aseg\u00farese de ingresar los operadores mayor que (&gt;), menor que (&lt;) e igual (=) como texto y entre comillas dobles.<\/p>\n<h2 id=\"h-use-sumproduct-to-count-between-dates\" class=\"wp-block-heading\"> Utilice SUMPRODUCT para contar entre fechas<\/h2>\n<p> Tambi\u00e9n puedes usar SUMPRODUCT para contar fechas entre dos fechas, como en el siguiente ejemplo: <\/p>\n<div class=\"wp-block-image\">\n<figure class=\"aligncenter size-full is-resized\"><img loading=\"lazy\" decoding=\"async\" class=\"wp-image-79388\" src=\"https:\/\/exceladvisor.org\/wp-content\/uploads\/2023\/08\/4-sumproduct-pour-compter-les-jours.png\" sizes=\"auto, \" srcset=\"\" alt=\"sumaproducto-recuento-d\u00edas\" width=\"567\" height=\"568\"><\/figure>\n<\/div>\n<pre class=\"wp-block-code\"> <code class=\"language-excel-formula\" lang=\"excel-formula\">=SUMPRODUCT(--(A2:A17&lt;=F2),--(A2:A17&gt;=E2))<\/code><\/pre>\n<p> Ahora comprendamos esta f\u00f3rmula paso a paso. Pero antes de eso necesitas saber que SUMPRODUCT puede tomar una matriz en una sola celda.<\/p>\n<p> En la primera parte de la f\u00f3rmula tienes una condici\u00f3n para verificar todas las fechas del rango. Comprobar\u00e1 cu\u00e1l es menor e igual a la fecha especificada. Puedes ver que devuelve VERDADERO y FALSO. <\/p>\n<div class=\"wp-block-image\">\n<figure class=\"aligncenter size-full is-resized\"><img loading=\"lazy\" decoding=\"async\" class=\"wp-image-79389\" src=\"https:\/\/exceladvisor.org\/wp-content\/uploads\/2023\/08\/5-comprendre-sumproduct-pour-compter-les-jours.png\" sizes=\"auto, \" srcset=\"\" alt=\"entender-suma-producida-para-contar-d\u00edas\" width=\"390\" height=\"169\"><\/figure>\n<\/div>\n<p> Despu\u00e9s de eso, tienes un doble signo menos que convierte estos VERDADEROS y FALDOS en 1 y 0. <\/p>\n<div class=\"wp-block-image\">\n<figure class=\"aligncenter size-full is-resized\"><img loading=\"lazy\" decoding=\"async\" class=\"wp-image-79390\" src=\"https:\/\/exceladvisor.org\/wp-content\/uploads\/2023\/08\/6-double-signe-moins-convertira-vrai-ou-faux.png\" sizes=\"auto, \" srcset=\"\" alt=\"doble-signo-menos-convertir\u00e1-verdadero-o-falso\" width=\"422\" height=\"139\"><\/figure>\n<\/div>\n<p> En la segunda parte de la f\u00f3rmula, nuevamente tienes la condici\u00f3n a probar. Y devuelve VERDADERO si se cumple esta condici\u00f3n, en caso contrario FALSO. <\/p>\n<div class=\"wp-block-image\">\n<figure class=\"aligncenter size-full is-resized\"><img loading=\"lazy\" decoding=\"async\" class=\"wp-image-79391\" src=\"https:\/\/exceladvisor.org\/wp-content\/uploads\/2023\/08\/7-renvoie-vrai-si-la-condition-est-remplie.png\" sizes=\"auto, \" srcset=\"\" alt=\"devuelve verdadero si se cumple la condici\u00f3n\" width=\"423\" height=\"152\"><\/figure>\n<\/div>\n<p> Despu\u00e9s de eso, el doble signo menos convierte VERDADERO y FALSO en 1 y 0. <\/p>\n<div class=\"wp-block-image\">\n<figure class=\"aligncenter size-full is-resized\"><img loading=\"lazy\" decoding=\"async\" class=\"wp-image-79392\" src=\"https:\/\/exceladvisor.org\/wp-content\/uploads\/2023\/08\/8-vrai-et-faux-en-zero-et-un.png\" sizes=\"auto, \" srcset=\"\" alt=\"verdadero y falso en cero y uno\" width=\"435\" height=\"125\"><\/figure>\n<\/div>\n<p> En este punto tienes dos mesas. 1 significa que la fecha en el rango est\u00e1 dentro del rango de fechas especificado.<\/p>\n<p> SUMPRODUCT crea un producto de estas matrices y devuelve una \u00fanica matriz, luego suma los valores de esa matriz que es el n\u00famero de fechas entre el rango. <\/p>\n<div class=\"gb-container gb-container-52dfcee1 gb-container-sample-file\">\n<h2 class=\"gb-headline gb-headline-e289c143 gb-headline-text gb-headline-4f7959c2\"> Obtener el archivo Excel<\/h2>\n<p> <a class=\"gb-button gb-button-e88d6bee gb-button-text gb-button-button1\" href=\"https:\/\/exceladvisor.org\/wp-content\/uploads\/2023\/08\/jours-entre-les-dates.xlsx\" rel=\"nofollow\">Descargar<\/a><\/p>\n<\/div>\n<div class=\"gb-container gb-container-0df56012 gb-container-mt\"> <a class=\"gb-button gb-button-f9f432f4 gb-button-text gb-button-mt-button\" href=\"https:\/\/exceladvisor.org\/es\/formulas\/\">Lista de f\u00f3rmulas de Excel<\/a><\/p>\n<h2 class=\"gb-headline gb-headline-233444e8 gb-headline-text gb-headline-mt-heading\"> F\u00f3rmulas relacionadas <\/h2>\n<div class=\"gb-grid-wrapper gb-grid-wrapper-a16fa65c gb-grid-wrapper-mt-grid\">\n<div class=\"gb-grid-column gb-grid-column-50d07e0d\">\n<div class=\"gb-container gb-container-50d07e0d\">\n<ul>\n<li> <a href=\"https:\/\/exceladvisor.org\/es\/agregar-la-fecha-de-la-semana\/\">Semana de suma y resta de una fecha en Excel<\/a><\/li>\n<li> <a href=\"https:\/\/exceladvisor.org\/es\/obtener-el-nombre-del-dia\/\">Obtener el nombre del d\u00eda a partir de una fecha en Excel<\/a><\/li>\n<li> <a href=\"https:\/\/exceladvisor.org\/es\/dias-del-mes\/\">Obtener el n\u00famero total de d\u00edas de meses en Excel<\/a><\/li>\n<li> <a href=\"https:\/\/exceladvisor.org\/es\/meses-dias-laborables\/\">D\u00edas laborables en un mes.<\/a><\/li>\n<li> <a href=\"https:\/\/exceladvisor.org\/es\/fecha-al-texto-2\/\">Convertir fecha a texto<\/a> <\/li>\n<\/ul>\n<\/div>\n<\/div>\n<div class=\"gb-grid-column gb-grid-column-5b4a0cf9\">\n<div class=\"gb-container gb-container-5b4a0cf9\"><\/div>\n<\/div>\n<\/div>\n<\/div>\n","protected":false},"excerpt":{"rendered":"<p>Para contar los d\u00edas entre dos fechas (un rango de fechas), debe usar la funci\u00f3n CONTAR.SI en lugar de CONTAR.SI. Para crear un rango de fechas, debe especificar una fecha inferior y una fecha superior. Esto le indica a Excel que solo cuente los d\u00edas entre el rango de d\u00edas. F\u00f3rmula para contar d\u00edas entre [&hellip;]<\/p>\n","protected":false},"author":1,"featured_media":0,"parent":0,"menu_order":0,"comment_status":"open","ping_status":"closed","template":"","meta":{"ub_ctt_via":"","footnotes":""},"class_list":["post-240","page","type-page","status-publish","hentry"],"featured_image_src":null,"yoast_head":"<!-- This site is optimized with the Yoast SEO plugin v25.4 - https:\/\/yoast.com\/wordpress\/plugins\/seo\/ -->\n<title>\u00bfc\u00f3mo contar los d\u00edas entre dos fechas?<\/title>\n<meta name=\"robots\" content=\"index, follow, max-snippet:-1, max-image-preview:large, max-video-preview:-1\" \/>\n<link rel=\"canonical\" href=\"https:\/\/exceladvisor.org\/es\/dias-entre-dos-fechas\/\" \/>\n<meta property=\"og:locale\" content=\"es_ES\" \/>\n<meta property=\"og:type\" content=\"article\" \/>\n<meta property=\"og:title\" content=\"\u00bfc\u00f3mo contar los d\u00edas entre dos fechas?\" \/>\n<meta property=\"og:description\" content=\"Para contar los d\u00edas entre dos fechas (un rango de fechas), debe usar la funci\u00f3n CONTAR.SI en lugar de CONTAR.SI. Para crear un rango de fechas, debe especificar una fecha inferior y una fecha superior. Esto le indica a Excel que solo cuente los d\u00edas entre el rango de d\u00edas. F\u00f3rmula para contar d\u00edas entre [&hellip;]\" \/>\n<meta property=\"og:url\" content=\"https:\/\/exceladvisor.org\/es\/dias-entre-dos-fechas\/\" \/>\n<meta property=\"og:site_name\" content=\"Excel Advisor\" \/>\n<meta property=\"article:modified_time\" content=\"2023-12-25T10:24:44+00:00\" \/>\n<meta property=\"og:image\" content=\"https:\/\/exceladvisor.org\/wp-content\/uploads\/2023\/08\/1-jours-entre-deux-dates.png\" \/>\n<meta name=\"twitter:card\" content=\"summary_large_image\" \/>\n<meta name=\"twitter:label1\" content=\"Tiempo de lectura\" \/>\n\t<meta name=\"twitter:data1\" content=\"3 minutos\" \/>\n<script type=\"application\/ld+json\" class=\"yoast-schema-graph\">{\"@context\":\"https:\/\/schema.org\",\"@graph\":[{\"@type\":\"WebPage\",\"@id\":\"https:\/\/exceladvisor.org\/es\/dias-entre-dos-fechas\/\",\"url\":\"https:\/\/exceladvisor.org\/es\/dias-entre-dos-fechas\/\",\"name\":\"\u00bfc\u00f3mo contar los d\u00edas entre dos fechas?\",\"isPartOf\":{\"@id\":\"https:\/\/exceladvisor.org\/es\/#website\"},\"primaryImageOfPage\":{\"@id\":\"https:\/\/exceladvisor.org\/es\/dias-entre-dos-fechas\/#primaryimage\"},\"image\":{\"@id\":\"https:\/\/exceladvisor.org\/es\/dias-entre-dos-fechas\/#primaryimage\"},\"thumbnailUrl\":\"https:\/\/exceladvisor.org\/wp-content\/uploads\/2023\/08\/1-jours-entre-deux-dates.png\",\"datePublished\":\"2023-11-10T09:01:18+00:00\",\"dateModified\":\"2023-12-25T10:24:44+00:00\",\"breadcrumb\":{\"@id\":\"https:\/\/exceladvisor.org\/es\/dias-entre-dos-fechas\/#breadcrumb\"},\"inLanguage\":\"es\",\"potentialAction\":[{\"@type\":\"ReadAction\",\"target\":[\"https:\/\/exceladvisor.org\/es\/dias-entre-dos-fechas\/\"]}]},{\"@type\":\"ImageObject\",\"inLanguage\":\"es\",\"@id\":\"https:\/\/exceladvisor.org\/es\/dias-entre-dos-fechas\/#primaryimage\",\"url\":\"https:\/\/exceladvisor.org\/wp-content\/uploads\/2023\/08\/1-jours-entre-deux-dates.png\",\"contentUrl\":\"https:\/\/exceladvisor.org\/wp-content\/uploads\/2023\/08\/1-jours-entre-deux-dates.png\"},{\"@type\":\"BreadcrumbList\",\"@id\":\"https:\/\/exceladvisor.org\/es\/dias-entre-dos-fechas\/#breadcrumb\",\"itemListElement\":[{\"@type\":\"ListItem\",\"position\":1,\"name\":\"Hogar\",\"item\":\"https:\/\/exceladvisor.org\/es\/\"},{\"@type\":\"ListItem\",\"position\":2,\"name\":\"\u00bfc\u00f3mo contar los d\u00edas entre dos fechas?\"}]},{\"@type\":\"WebSite\",\"@id\":\"https:\/\/exceladvisor.org\/es\/#website\",\"url\":\"https:\/\/exceladvisor.org\/es\/\",\"name\":\"Excel Advisor\",\"description\":\"Su gu\u00eda para la dominaci\u00f3n de datos!\",\"publisher\":{\"@id\":\"https:\/\/exceladvisor.org\/es\/#organization\"},\"potentialAction\":[{\"@type\":\"SearchAction\",\"target\":{\"@type\":\"EntryPoint\",\"urlTemplate\":\"https:\/\/exceladvisor.org\/es\/?s={search_term_string}\"},\"query-input\":{\"@type\":\"PropertyValueSpecification\",\"valueRequired\":true,\"valueName\":\"search_term_string\"}}],\"inLanguage\":\"es\"},{\"@type\":\"Organization\",\"@id\":\"https:\/\/exceladvisor.org\/es\/#organization\",\"name\":\"Excel Advisor\",\"url\":\"https:\/\/exceladvisor.org\/es\/\",\"logo\":{\"@type\":\"ImageObject\",\"inLanguage\":\"es\",\"@id\":\"https:\/\/exceladvisor.org\/es\/#\/schema\/logo\/image\/\",\"url\":\"https:\/\/exceladvisor.org\/es\/wp-content\/uploads\/2023\/12\/exceladvisor.org_.png\",\"contentUrl\":\"https:\/\/exceladvisor.org\/es\/wp-content\/uploads\/2023\/12\/exceladvisor.org_.png\",\"width\":105,\"height\":36,\"caption\":\"Excel Advisor\"},\"image\":{\"@id\":\"https:\/\/exceladvisor.org\/es\/#\/schema\/logo\/image\/\"}}]}<\/script>\n<!-- \/ Yoast SEO plugin. -->","yoast_head_json":{"title":"\u00bfc\u00f3mo contar los d\u00edas entre dos fechas?","robots":{"index":"index","follow":"follow","max-snippet":"max-snippet:-1","max-image-preview":"max-image-preview:large","max-video-preview":"max-video-preview:-1"},"canonical":"https:\/\/exceladvisor.org\/es\/dias-entre-dos-fechas\/","og_locale":"es_ES","og_type":"article","og_title":"\u00bfc\u00f3mo contar los d\u00edas entre dos fechas?","og_description":"Para contar los d\u00edas entre dos fechas (un rango de fechas), debe usar la funci\u00f3n CONTAR.SI en lugar de CONTAR.SI. Para crear un rango de fechas, debe especificar una fecha inferior y una fecha superior. Esto le indica a Excel que solo cuente los d\u00edas entre el rango de d\u00edas. F\u00f3rmula para contar d\u00edas entre [&hellip;]","og_url":"https:\/\/exceladvisor.org\/es\/dias-entre-dos-fechas\/","og_site_name":"Excel Advisor","article_modified_time":"2023-12-25T10:24:44+00:00","og_image":[{"url":"https:\/\/exceladvisor.org\/wp-content\/uploads\/2023\/08\/1-jours-entre-deux-dates.png","type":"","width":"","height":""}],"twitter_card":"summary_large_image","twitter_misc":{"Tiempo de lectura":"3 minutos"},"schema":{"@context":"https:\/\/schema.org","@graph":[{"@type":"WebPage","@id":"https:\/\/exceladvisor.org\/es\/dias-entre-dos-fechas\/","url":"https:\/\/exceladvisor.org\/es\/dias-entre-dos-fechas\/","name":"\u00bfc\u00f3mo contar los d\u00edas entre dos fechas?","isPartOf":{"@id":"https:\/\/exceladvisor.org\/es\/#website"},"primaryImageOfPage":{"@id":"https:\/\/exceladvisor.org\/es\/dias-entre-dos-fechas\/#primaryimage"},"image":{"@id":"https:\/\/exceladvisor.org\/es\/dias-entre-dos-fechas\/#primaryimage"},"thumbnailUrl":"https:\/\/exceladvisor.org\/wp-content\/uploads\/2023\/08\/1-jours-entre-deux-dates.png","datePublished":"2023-11-10T09:01:18+00:00","dateModified":"2023-12-25T10:24:44+00:00","breadcrumb":{"@id":"https:\/\/exceladvisor.org\/es\/dias-entre-dos-fechas\/#breadcrumb"},"inLanguage":"es","potentialAction":[{"@type":"ReadAction","target":["https:\/\/exceladvisor.org\/es\/dias-entre-dos-fechas\/"]}]},{"@type":"ImageObject","inLanguage":"es","@id":"https:\/\/exceladvisor.org\/es\/dias-entre-dos-fechas\/#primaryimage","url":"https:\/\/exceladvisor.org\/wp-content\/uploads\/2023\/08\/1-jours-entre-deux-dates.png","contentUrl":"https:\/\/exceladvisor.org\/wp-content\/uploads\/2023\/08\/1-jours-entre-deux-dates.png"},{"@type":"BreadcrumbList","@id":"https:\/\/exceladvisor.org\/es\/dias-entre-dos-fechas\/#breadcrumb","itemListElement":[{"@type":"ListItem","position":1,"name":"Hogar","item":"https:\/\/exceladvisor.org\/es\/"},{"@type":"ListItem","position":2,"name":"\u00bfc\u00f3mo contar los d\u00edas entre dos fechas?"}]},{"@type":"WebSite","@id":"https:\/\/exceladvisor.org\/es\/#website","url":"https:\/\/exceladvisor.org\/es\/","name":"Excel Advisor","description":"Su gu\u00eda para la dominaci\u00f3n de datos!","publisher":{"@id":"https:\/\/exceladvisor.org\/es\/#organization"},"potentialAction":[{"@type":"SearchAction","target":{"@type":"EntryPoint","urlTemplate":"https:\/\/exceladvisor.org\/es\/?s={search_term_string}"},"query-input":{"@type":"PropertyValueSpecification","valueRequired":true,"valueName":"search_term_string"}}],"inLanguage":"es"},{"@type":"Organization","@id":"https:\/\/exceladvisor.org\/es\/#organization","name":"Excel Advisor","url":"https:\/\/exceladvisor.org\/es\/","logo":{"@type":"ImageObject","inLanguage":"es","@id":"https:\/\/exceladvisor.org\/es\/#\/schema\/logo\/image\/","url":"https:\/\/exceladvisor.org\/es\/wp-content\/uploads\/2023\/12\/exceladvisor.org_.png","contentUrl":"https:\/\/exceladvisor.org\/es\/wp-content\/uploads\/2023\/12\/exceladvisor.org_.png","width":105,"height":36,"caption":"Excel Advisor"},"image":{"@id":"https:\/\/exceladvisor.org\/es\/#\/schema\/logo\/image\/"}}]}},"yoast_meta":{"yoast_wpseo_title":"","yoast_wpseo_metadesc":"","yoast_wpseo_canonical":""},"_links":{"self":[{"href":"https:\/\/exceladvisor.org\/es\/wp-json\/wp\/v2\/pages\/240","targetHints":{"allow":["GET"]}}],"collection":[{"href":"https:\/\/exceladvisor.org\/es\/wp-json\/wp\/v2\/pages"}],"about":[{"href":"https:\/\/exceladvisor.org\/es\/wp-json\/wp\/v2\/types\/page"}],"author":[{"embeddable":true,"href":"https:\/\/exceladvisor.org\/es\/wp-json\/wp\/v2\/users\/1"}],"replies":[{"embeddable":true,"href":"https:\/\/exceladvisor.org\/es\/wp-json\/wp\/v2\/comments?post=240"}],"version-history":[{"count":1,"href":"https:\/\/exceladvisor.org\/es\/wp-json\/wp\/v2\/pages\/240\/revisions"}],"predecessor-version":[{"id":950,"href":"https:\/\/exceladvisor.org\/es\/wp-json\/wp\/v2\/pages\/240\/revisions\/950"}],"wp:attachment":[{"href":"https:\/\/exceladvisor.org\/es\/wp-json\/wp\/v2\/media?parent=240"}],"curies":[{"name":"wp","href":"https:\/\/api.w.org\/{rel}","templated":true}]}}