{"id":242,"date":"2023-11-10T08:06:59","date_gmt":"2023-11-10T08:06:59","guid":{"rendered":"https:\/\/exceladvisor.org\/es\/nombre-del-mes-en-el-numero-2\/"},"modified":"2023-12-25T10:32:39","modified_gmt":"2023-12-25T10:32:39","slug":"nombre-del-mes-en-el-numero-2","status":"publish","type":"page","link":"https:\/\/exceladvisor.org\/es\/nombre-del-mes-en-el-numero-2\/","title":{"rendered":"C\u00f3mo convertir el nombre del mes a n\u00famero en excel"},"content":{"rendered":"<div class=\"excel-antes-del-contenido\" id=\"excel-4286138164\"><script type=\"text\/javascript\">\r\n\tatOptions = {\r\n\t\t'key' : 'c1158f160081d6540a8409e6925dab94',\r\n\t\t'format' : 'iframe',\r\n\t\t'height' : 250,\r\n\t\t'width' : 300,\r\n\t\t'params' : {}\r\n\t};\r\n<\/script>\r\n<script type=\"text\/javascript\" src=\"\/\/www.highperformanceformat.com\/c1158f160081d6540a8409e6925dab94\/invoke.js\"><\/script><\/div><p>Para convertir el nombre de un mes en un n\u00famero de mes, necesita crear una fecha con el nombre de ese mes usando una funci\u00f3n DATEVALUE, luego use la funci\u00f3n MES para obtener el n\u00famero de mes. Puedes ver en el siguiente ejemplo la f\u00f3rmula que utilizamos.<\/p>\n<h2 class=\"wp-block-heading\"> F\u00f3rmula para obtener el n\u00famero del mes a partir del nombre del mes<\/h2>\n<p> Puede utilizar los siguientes pasos:<\/p>\n<ol type=\"1\">\n<li> Primero ingrese la funci\u00f3n FECHAVALOR en una celda.<\/li>\n<li> Despu\u00e9s de eso necesitas ingresar \u00ab01\u00bb.<\/li>\n<li> A continuaci\u00f3n, utilice un signo y consulte la celda donde tiene el nombre del mes.<\/li>\n<li> Ahora use un signo comercial nuevamente e ingrese \u00ab1900\u00bb.<\/li>\n<li> Al final, ajuste la funci\u00f3n MES alrededor de DATEVALUE y presione Enter para obtener el resultado. <\/li>\n<\/ol>\n<div class=\"wp-block-image\">\n<figure class=\"aligncenter size-full is-resized\"><img loading=\"lazy\" decoding=\"async\" class=\"wp-image-79425\" src=\"https:\/\/exceladvisor.org\/wp-content\/uploads\/2023\/08\/1-convertir-le-nom-du-mois-en-nombre.png\" sizes=\"auto, \" srcset=\"\" alt=\"convertir-mes-nombre-a-n\u00famero\" width=\"615\" height=\"275\"><\/figure>\n<\/div>\n<p> Para entender esta f\u00f3rmula, puedes dividirla en dos partes.<\/p>\n<p> <strong>En la primera parte<\/strong> , tienes DATEVALUE, que te ayuda a crear una fecha v\u00e1lida usando el nombre del mes. Tienes 01, enero y 1900 y DATEVALUE crea la fecha 01-enero-1900. <\/p>\n<div class=\"wp-block-image\">\n<figure class=\"aligncenter size-full is-resized\"><img loading=\"lazy\" decoding=\"async\" class=\"wp-image-79426\" src=\"https:\/\/exceladvisor.org\/wp-content\/uploads\/2023\/08\/2-premiere-partie-a-datevalue.png\" sizes=\"auto, \" srcset=\"\" alt=\"2 la primera parte tiene valor de fecha\" width=\"581\" height=\"325\"><\/figure>\n<\/div>\n<p> En la segunda parte, la funci\u00f3n MES devuelve el n\u00famero de mes a partir de la fecha devuelta por DATEVALUE. <\/p>\n<div class=\"wp-block-image\">\n<figure class=\"aligncenter size-full is-resized\"><img loading=\"lazy\" decoding=\"async\" class=\"wp-image-79427\" src=\"https:\/\/exceladvisor.org\/wp-content\/uploads\/2023\/08\/3-deuxieme-partie-a-la-fonction-mois.png\" sizes=\"auto, \" srcset=\"\" alt=\"funci\u00f3n de segunda parte del mes\" width=\"520\" height=\"311\"><\/figure>\n<\/div>\n<p> La ventaja de utilizar esta f\u00f3rmula es que tienes el mes en su forma completa, como \u00abenero\u00bb en lugar de \u00abenero\u00bb. Esta f\u00f3rmula siempre funcionar\u00e1. <\/p>\n<div class=\"wp-block-image\">\n<figure class=\"aligncenter size-full is-resized\"><img loading=\"lazy\" decoding=\"async\" class=\"wp-image-79428\" src=\"https:\/\/exceladvisor.org\/wp-content\/uploads\/2023\/08\/4-avantages-de-la-valeur-du-mois-et-de-la-date.png\" sizes=\"auto, \" srcset=\"\" alt=\"beneficios del valor-mes-y-fecha\" width=\"394\" height=\"226\"><\/figure>\n<\/div>\n<div class=\"gb-container gb-container-52dfcee1 gb-container-sample-file\">\n<h2 class=\"gb-headline gb-headline-e289c143 gb-headline-text gb-headline-4f7959c2\"> Obtener el archivo Excel<\/h2>\n<p> <a class=\"gb-button gb-button-e88d6bee gb-button-text gb-button-button1\" href=\"https:\/\/exceladvisor.org\/wp-content\/uploads\/2023\/08\/nom-du-mois-au-numero.xlsx\" rel=\"nofollow\">Descargar<\/a><\/p>\n<\/div>\n<div class=\"gb-container gb-container-0df56012 gb-container-mt\"> <a class=\"gb-button gb-button-f9f432f4 gb-button-text gb-button-mt-button\" href=\"https:\/\/exceladvisor.org\/es\/formulas\/\">Lista de f\u00f3rmulas de Excel<\/a><\/p>\n<h2 class=\"gb-headline gb-headline-233444e8 gb-headline-text gb-headline-mt-heading\"> F\u00f3rmulas relacionadas <\/h2>\n<div class=\"gb-grid-wrapper gb-grid-wrapper-a16fa65c gb-grid-wrapper-mt-grid\">\n<div class=\"gb-grid-column gb-grid-column-50d07e0d\">\n<div class=\"gb-container gb-container-50d07e0d\">\n<ul>\n<li> <a href=\"https:\/\/exceladvisor.org\/es\/agregar-un-mes-a-una-fecha-2\/\">Agregar un mes a una fecha en Excel<\/a><\/li>\n<li> <a href=\"https:\/\/exceladvisor.org\/es\/final-de-mes\/\">Obtener fecha de fin de mes en Excel<\/a><\/li>\n<li> <a href=\"https:\/\/exceladvisor.org\/es\/primer-dia-del-mes-2\/\">Obtener el primer d\u00eda del mes en Excel (inicio de mes)<\/a><\/li>\n<li> <a href=\"https:\/\/exceladvisor.org\/es\/nombre-del-mes\/\">Obtener mes a partir de una fecha en Excel (extracto)<\/a><\/li>\n<li> <a href=\"https:\/\/exceladvisor.org\/es\/cuarto\/\">Obtener un trimestre a partir de una fecha [Fiscal + Calendario] en Excel<\/a> <\/li>\n<\/ul>\n<\/div>\n<\/div>\n<div class=\"gb-grid-column gb-grid-column-5b4a0cf9\">\n<div class=\"gb-container gb-container-5b4a0cf9\"><\/div>\n<\/div>\n<\/div>\n<\/div>\n","protected":false},"excerpt":{"rendered":"<p>Para convertir el nombre de un mes en un n\u00famero de mes, necesita crear una fecha con el nombre de ese mes usando una funci\u00f3n DATEVALUE, luego use la funci\u00f3n MES para obtener el n\u00famero de mes. Puedes ver en el siguiente ejemplo la f\u00f3rmula que utilizamos. F\u00f3rmula para obtener el n\u00famero del mes a [&hellip;]<\/p>\n","protected":false},"author":1,"featured_media":0,"parent":0,"menu_order":0,"comment_status":"open","ping_status":"closed","template":"","meta":{"ub_ctt_via":"","footnotes":""},"class_list":["post-242","page","type-page","status-publish","hentry"],"featured_image_src":null,"yoast_head":"<!-- This site is optimized with the Yoast SEO plugin v25.4 - https:\/\/yoast.com\/wordpress\/plugins\/seo\/ -->\n<title>C\u00f3mo convertir el nombre del mes a n\u00famero en excel<\/title>\n<meta name=\"robots\" content=\"index, follow, max-snippet:-1, max-image-preview:large, max-video-preview:-1\" \/>\n<link rel=\"canonical\" href=\"https:\/\/exceladvisor.org\/es\/nombre-del-mes-en-el-numero-2\/\" \/>\n<meta property=\"og:locale\" content=\"es_ES\" \/>\n<meta property=\"og:type\" content=\"article\" \/>\n<meta property=\"og:title\" content=\"C\u00f3mo convertir el nombre del mes a n\u00famero en excel\" \/>\n<meta property=\"og:description\" content=\"Para convertir el nombre de un mes en un n\u00famero de mes, necesita crear una fecha con el nombre de ese mes usando una funci\u00f3n DATEVALUE, luego use la funci\u00f3n MES para obtener el n\u00famero de mes. Puedes ver en el siguiente ejemplo la f\u00f3rmula que utilizamos. F\u00f3rmula para obtener el n\u00famero del mes a [&hellip;]\" \/>\n<meta property=\"og:url\" content=\"https:\/\/exceladvisor.org\/es\/nombre-del-mes-en-el-numero-2\/\" \/>\n<meta property=\"og:site_name\" content=\"Excel Advisor\" \/>\n<meta property=\"article:modified_time\" content=\"2023-12-25T10:32:39+00:00\" \/>\n<meta property=\"og:image\" content=\"https:\/\/exceladvisor.org\/wp-content\/uploads\/2023\/08\/1-convertir-le-nom-du-mois-en-nombre.png\" \/>\n<meta name=\"twitter:card\" content=\"summary_large_image\" \/>\n<meta name=\"twitter:label1\" content=\"Tiempo de lectura\" \/>\n\t<meta name=\"twitter:data1\" content=\"1 minuto\" \/>\n<script type=\"application\/ld+json\" class=\"yoast-schema-graph\">{\"@context\":\"https:\/\/schema.org\",\"@graph\":[{\"@type\":\"WebPage\",\"@id\":\"https:\/\/exceladvisor.org\/es\/nombre-del-mes-en-el-numero-2\/\",\"url\":\"https:\/\/exceladvisor.org\/es\/nombre-del-mes-en-el-numero-2\/\",\"name\":\"C\u00f3mo convertir el nombre del mes a n\u00famero en excel\",\"isPartOf\":{\"@id\":\"https:\/\/exceladvisor.org\/es\/#website\"},\"primaryImageOfPage\":{\"@id\":\"https:\/\/exceladvisor.org\/es\/nombre-del-mes-en-el-numero-2\/#primaryimage\"},\"image\":{\"@id\":\"https:\/\/exceladvisor.org\/es\/nombre-del-mes-en-el-numero-2\/#primaryimage\"},\"thumbnailUrl\":\"https:\/\/exceladvisor.org\/wp-content\/uploads\/2023\/08\/1-convertir-le-nom-du-mois-en-nombre.png\",\"datePublished\":\"2023-11-10T08:06:59+00:00\",\"dateModified\":\"2023-12-25T10:32:39+00:00\",\"breadcrumb\":{\"@id\":\"https:\/\/exceladvisor.org\/es\/nombre-del-mes-en-el-numero-2\/#breadcrumb\"},\"inLanguage\":\"es\",\"potentialAction\":[{\"@type\":\"ReadAction\",\"target\":[\"https:\/\/exceladvisor.org\/es\/nombre-del-mes-en-el-numero-2\/\"]}]},{\"@type\":\"ImageObject\",\"inLanguage\":\"es\",\"@id\":\"https:\/\/exceladvisor.org\/es\/nombre-del-mes-en-el-numero-2\/#primaryimage\",\"url\":\"https:\/\/exceladvisor.org\/wp-content\/uploads\/2023\/08\/1-convertir-le-nom-du-mois-en-nombre.png\",\"contentUrl\":\"https:\/\/exceladvisor.org\/wp-content\/uploads\/2023\/08\/1-convertir-le-nom-du-mois-en-nombre.png\"},{\"@type\":\"BreadcrumbList\",\"@id\":\"https:\/\/exceladvisor.org\/es\/nombre-del-mes-en-el-numero-2\/#breadcrumb\",\"itemListElement\":[{\"@type\":\"ListItem\",\"position\":1,\"name\":\"Hogar\",\"item\":\"https:\/\/exceladvisor.org\/es\/\"},{\"@type\":\"ListItem\",\"position\":2,\"name\":\"C\u00f3mo convertir el nombre del mes a n\u00famero en excel\"}]},{\"@type\":\"WebSite\",\"@id\":\"https:\/\/exceladvisor.org\/es\/#website\",\"url\":\"https:\/\/exceladvisor.org\/es\/\",\"name\":\"Excel Advisor\",\"description\":\"Su gu\u00eda para la dominaci\u00f3n de datos!\",\"publisher\":{\"@id\":\"https:\/\/exceladvisor.org\/es\/#organization\"},\"potentialAction\":[{\"@type\":\"SearchAction\",\"target\":{\"@type\":\"EntryPoint\",\"urlTemplate\":\"https:\/\/exceladvisor.org\/es\/?s={search_term_string}\"},\"query-input\":{\"@type\":\"PropertyValueSpecification\",\"valueRequired\":true,\"valueName\":\"search_term_string\"}}],\"inLanguage\":\"es\"},{\"@type\":\"Organization\",\"@id\":\"https:\/\/exceladvisor.org\/es\/#organization\",\"name\":\"Excel Advisor\",\"url\":\"https:\/\/exceladvisor.org\/es\/\",\"logo\":{\"@type\":\"ImageObject\",\"inLanguage\":\"es\",\"@id\":\"https:\/\/exceladvisor.org\/es\/#\/schema\/logo\/image\/\",\"url\":\"https:\/\/exceladvisor.org\/es\/wp-content\/uploads\/2023\/12\/exceladvisor.org_.png\",\"contentUrl\":\"https:\/\/exceladvisor.org\/es\/wp-content\/uploads\/2023\/12\/exceladvisor.org_.png\",\"width\":105,\"height\":36,\"caption\":\"Excel Advisor\"},\"image\":{\"@id\":\"https:\/\/exceladvisor.org\/es\/#\/schema\/logo\/image\/\"}}]}<\/script>\n<!-- \/ Yoast SEO plugin. -->","yoast_head_json":{"title":"C\u00f3mo convertir el nombre del mes a n\u00famero en excel","robots":{"index":"index","follow":"follow","max-snippet":"max-snippet:-1","max-image-preview":"max-image-preview:large","max-video-preview":"max-video-preview:-1"},"canonical":"https:\/\/exceladvisor.org\/es\/nombre-del-mes-en-el-numero-2\/","og_locale":"es_ES","og_type":"article","og_title":"C\u00f3mo convertir el nombre del mes a n\u00famero en excel","og_description":"Para convertir el nombre de un mes en un n\u00famero de mes, necesita crear una fecha con el nombre de ese mes usando una funci\u00f3n DATEVALUE, luego use la funci\u00f3n MES para obtener el n\u00famero de mes. Puedes ver en el siguiente ejemplo la f\u00f3rmula que utilizamos. F\u00f3rmula para obtener el n\u00famero del mes a [&hellip;]","og_url":"https:\/\/exceladvisor.org\/es\/nombre-del-mes-en-el-numero-2\/","og_site_name":"Excel Advisor","article_modified_time":"2023-12-25T10:32:39+00:00","og_image":[{"url":"https:\/\/exceladvisor.org\/wp-content\/uploads\/2023\/08\/1-convertir-le-nom-du-mois-en-nombre.png","type":"","width":"","height":""}],"twitter_card":"summary_large_image","twitter_misc":{"Tiempo de lectura":"1 minuto"},"schema":{"@context":"https:\/\/schema.org","@graph":[{"@type":"WebPage","@id":"https:\/\/exceladvisor.org\/es\/nombre-del-mes-en-el-numero-2\/","url":"https:\/\/exceladvisor.org\/es\/nombre-del-mes-en-el-numero-2\/","name":"C\u00f3mo convertir el nombre del mes a n\u00famero en excel","isPartOf":{"@id":"https:\/\/exceladvisor.org\/es\/#website"},"primaryImageOfPage":{"@id":"https:\/\/exceladvisor.org\/es\/nombre-del-mes-en-el-numero-2\/#primaryimage"},"image":{"@id":"https:\/\/exceladvisor.org\/es\/nombre-del-mes-en-el-numero-2\/#primaryimage"},"thumbnailUrl":"https:\/\/exceladvisor.org\/wp-content\/uploads\/2023\/08\/1-convertir-le-nom-du-mois-en-nombre.png","datePublished":"2023-11-10T08:06:59+00:00","dateModified":"2023-12-25T10:32:39+00:00","breadcrumb":{"@id":"https:\/\/exceladvisor.org\/es\/nombre-del-mes-en-el-numero-2\/#breadcrumb"},"inLanguage":"es","potentialAction":[{"@type":"ReadAction","target":["https:\/\/exceladvisor.org\/es\/nombre-del-mes-en-el-numero-2\/"]}]},{"@type":"ImageObject","inLanguage":"es","@id":"https:\/\/exceladvisor.org\/es\/nombre-del-mes-en-el-numero-2\/#primaryimage","url":"https:\/\/exceladvisor.org\/wp-content\/uploads\/2023\/08\/1-convertir-le-nom-du-mois-en-nombre.png","contentUrl":"https:\/\/exceladvisor.org\/wp-content\/uploads\/2023\/08\/1-convertir-le-nom-du-mois-en-nombre.png"},{"@type":"BreadcrumbList","@id":"https:\/\/exceladvisor.org\/es\/nombre-del-mes-en-el-numero-2\/#breadcrumb","itemListElement":[{"@type":"ListItem","position":1,"name":"Hogar","item":"https:\/\/exceladvisor.org\/es\/"},{"@type":"ListItem","position":2,"name":"C\u00f3mo convertir el nombre del mes a n\u00famero en excel"}]},{"@type":"WebSite","@id":"https:\/\/exceladvisor.org\/es\/#website","url":"https:\/\/exceladvisor.org\/es\/","name":"Excel Advisor","description":"Su gu\u00eda para la dominaci\u00f3n de datos!","publisher":{"@id":"https:\/\/exceladvisor.org\/es\/#organization"},"potentialAction":[{"@type":"SearchAction","target":{"@type":"EntryPoint","urlTemplate":"https:\/\/exceladvisor.org\/es\/?s={search_term_string}"},"query-input":{"@type":"PropertyValueSpecification","valueRequired":true,"valueName":"search_term_string"}}],"inLanguage":"es"},{"@type":"Organization","@id":"https:\/\/exceladvisor.org\/es\/#organization","name":"Excel Advisor","url":"https:\/\/exceladvisor.org\/es\/","logo":{"@type":"ImageObject","inLanguage":"es","@id":"https:\/\/exceladvisor.org\/es\/#\/schema\/logo\/image\/","url":"https:\/\/exceladvisor.org\/es\/wp-content\/uploads\/2023\/12\/exceladvisor.org_.png","contentUrl":"https:\/\/exceladvisor.org\/es\/wp-content\/uploads\/2023\/12\/exceladvisor.org_.png","width":105,"height":36,"caption":"Excel Advisor"},"image":{"@id":"https:\/\/exceladvisor.org\/es\/#\/schema\/logo\/image\/"}}]}},"yoast_meta":{"yoast_wpseo_title":"","yoast_wpseo_metadesc":"","yoast_wpseo_canonical":""},"_links":{"self":[{"href":"https:\/\/exceladvisor.org\/es\/wp-json\/wp\/v2\/pages\/242","targetHints":{"allow":["GET"]}}],"collection":[{"href":"https:\/\/exceladvisor.org\/es\/wp-json\/wp\/v2\/pages"}],"about":[{"href":"https:\/\/exceladvisor.org\/es\/wp-json\/wp\/v2\/types\/page"}],"author":[{"embeddable":true,"href":"https:\/\/exceladvisor.org\/es\/wp-json\/wp\/v2\/users\/1"}],"replies":[{"embeddable":true,"href":"https:\/\/exceladvisor.org\/es\/wp-json\/wp\/v2\/comments?post=242"}],"version-history":[{"count":1,"href":"https:\/\/exceladvisor.org\/es\/wp-json\/wp\/v2\/pages\/242\/revisions"}],"predecessor-version":[{"id":1430,"href":"https:\/\/exceladvisor.org\/es\/wp-json\/wp\/v2\/pages\/242\/revisions\/1430"}],"wp:attachment":[{"href":"https:\/\/exceladvisor.org\/es\/wp-json\/wp\/v2\/media?parent=242"}],"curies":[{"name":"wp","href":"https:\/\/api.w.org\/{rel}","templated":true}]}}