{"id":243,"date":"2023-11-09T23:32:00","date_gmt":"2023-11-09T23:32:00","guid":{"rendered":"https:\/\/exceladvisor.org\/es\/insertar-archivo\/"},"modified":"2023-12-25T10:25:43","modified_gmt":"2023-12-25T10:25:43","slug":"insertar-archivo","status":"publish","type":"page","link":"https:\/\/exceladvisor.org\/es\/insertar-archivo\/","title":{"rendered":"\u00bfc\u00f3mo incrustar un archivo en excel?"},"content":{"rendered":"<div class=\"excel-antes-del-contenido\" id=\"excel-1595787837\"><script type=\"text\/javascript\">\r\n\tatOptions = {\r\n\t\t'key' : 'c1158f160081d6540a8409e6925dab94',\r\n\t\t'format' : 'iframe',\r\n\t\t'height' : 250,\r\n\t\t'width' : 300,\r\n\t\t'params' : {}\r\n\t};\r\n<\/script>\r\n<script type=\"text\/javascript\" src=\"\/\/www.highperformanceformat.com\/c1158f160081d6540a8409e6925dab94\/invoke.js\"><\/script><\/div><p>En t\u00e9rminos generales, incrustar significa insertar cualquier objeto en el documento actual. Excel tiene la funcionalidad incorporada para incrustar los archivos en la hoja de c\u00e1lculo como un archivo adjunto.<\/p>\n<p> Con esta funci\u00f3n, puede incrustar documentos nuevos y externos como .xlsx, doc, ppt, pdf, etc. para devolverlos a la hoja de trabajo actual sin afectar el conjunto de datos.<\/p>\n<p> En este tutorial, le mostraremos c\u00f3mo incrustar archivos en la hoja de c\u00e1lculo.<\/p>\n<h2 id=\"h-steps-to-embed-a-new-file-in-excel\" class=\"wp-block-heading\"> Pasos para incrustar un nuevo archivo en Excel<\/h2>\n<p> A veces, los usuarios necesitan incrustar un nuevo archivo en blanco en lugar de cualquier archivo existente en la hoja de c\u00e1lculo y, para ello, siguen los pasos a continuaci\u00f3n:<\/p>\n<ol>\n<li> Primero, vaya a la pesta\u00f1a \u00abInsertar\u00bb y haga clic en el icono \u00abTexto\u00bb y luego haga clic en la opci\u00f3n \u00abObjeto\u00bb. <br \/><img loading=\"lazy\" decoding=\"async\" title=\"-opciones-de-icono-de-texto\" src=\"https:\/\/exceladvisor.org\/wp-content\/uploads\/2023\/08\/1-options-dicone-de-texte.png\" sizes=\"auto, \" srcset=\"\" alt=\"text-icon-options\" width=\"639\" height=\"178\"><\/li>\n<li> Despu\u00e9s de eso, en el cuadro de di\u00e1logo \u00abObjeto\u00bb, haga clic en la pesta\u00f1a \u00abCrear nuevo\u00bb y luego en el campo \u00abTipo de objeto\u00bb, seleccione el tipo de documento que desea incrustar.<\/li>\n<li> Una vez seleccionado, marque la opci\u00f3n \u00abMostrar como icono\u00bb y luego haga clic en Aceptar. <br \/><img loading=\"lazy\" decoding=\"async\" title=\"-objeto-di\u00e1logo\" src=\"https:\/\/exceladvisor.org\/wp-content\/uploads\/2023\/08\/Boite-de-dialogue-2-objets.png\" sizes=\"auto, \" srcset=\"\" alt=\"object-dialog-box\" width=\"501\" height=\"386\"><\/li>\n<\/ol>\n<p class=\"qt-tip\"> <strong>Nota:<\/strong> Solo puede registrar nuevos tipos de archivos que formen parte de los tipos de objetos dados.<\/p>\n<h2 id=\"h-embed-external-files-in-excel\" class=\"wp-block-heading\"> Incrustar archivos externos en Excel<\/h2>\n<ol>\n<li> Primero, vaya a la pesta\u00f1a \u00abInsertar\u00bb y haga clic en el icono \u00abTexto\u00bb y luego haga clic en la opci\u00f3n \u00abObjeto\u00bb. <br \/><img loading=\"lazy\" decoding=\"async\" title=\"-insertar-pesta\u00f1a-y-texto-icono\" src=\"https:\/\/exceladvisor.org\/wp-content\/uploads\/2023\/08\/3-inserer-un-onglet-et-une-icone-de-texte.png\" sizes=\"auto, \" srcset=\"\" alt=\"insert-tab-and-text-icon\" width=\"610\" height=\"170\"><\/li>\n<li> Despu\u00e9s de eso, en el cuadro de di\u00e1logo \u00abObjeto\u00bb y haga clic en la pesta\u00f1a \u00abCrear desde archivo\u00bb y luego en el bot\u00f3n \u00abExaminar\u00bb para elegir el archivo de su sistema local. <br \/><img loading=\"lazy\" decoding=\"async\" title=\"-crear-desde-ficha-archivo\" src=\"https:\/\/exceladvisor.org\/wp-content\/uploads\/2023\/08\/4-creer-a-partir-de-longlet-fichier.png\" sizes=\"auto, \" srcset=\"\" alt=\"create-from-file-tab\" width=\"472\" height=\"410\"><\/li>\n<li> Despu\u00e9s de seleccionar el archivo, marque la opci\u00f3n \u00abMostrar como icono\u00bb para que el archivo quede incrustado como un objeto y haga clic en Aceptar. <br \/><img loading=\"lazy\" decoding=\"async\" title=\"-seleccione-mostrar-como-icono\" src=\"https:\/\/exceladvisor.org\/wp-content\/uploads\/2023\/08\/5-selectionner-laffichage-sous-forme-dicone.png\" sizes=\"auto, \" srcset=\"\" alt=\"select-display-as-icon\" width=\"473\" height=\"365\"><\/li>\n<li> Una vez que el archivo seleccionado est\u00e9 incrustado en la hoja de c\u00e1lculo, puede cambiar su tama\u00f1o colocando el cursor del mouse sobre uno de los bordes redondos y luego arrastr\u00e1ndolo y encogi\u00e9ndolo para que se ajuste a una celda. <br \/><img loading=\"lazy\" decoding=\"async\" title=\"-redimensionar-archivo-incrustado\" src=\"https:\/\/exceladvisor.org\/wp-content\/uploads\/2023\/08\/6-redimensionner-le-fichier-integre.png\" sizes=\"auto, \" srcset=\"\" alt=\"resize-the-embedded-file\" width=\"281\" height=\"174\"><\/li>\n<li> Ahora, para bloquear el \u00edcono del archivo incrustado en la celda, haga clic derecho sobre \u00e9l y haga clic en la opci\u00f3n \u00abFormatear objeto\u00bb. <br \/><img loading=\"lazy\" decoding=\"async\" title=\"-bloquear-archivo-incrustado\" src=\"https:\/\/exceladvisor.org\/wp-content\/uploads\/2023\/08\/7-verrouiller-le-fichier-integre.png\" sizes=\"auto, \" srcset=\"\" alt=\"lock-the-embedded-file\" width=\"306\" height=\"262\"><\/li>\n<li> Al final, en el cuadro de di\u00e1logo \u00abFormatear objeto\u00bb, vaya a la pesta\u00f1a \u00abPropiedades\u00bb, luego seleccione la opci\u00f3n \u00abMover y dimensionar con celdas\u00bb para que el icono quede bloqueado y solo se mueva dentro de la celda, luego haga clic en Aceptar. <img loading=\"lazy\" decoding=\"async\" title=\"-formato-objeto-de-di\u00e1logo\" src=\"https:\/\/exceladvisor.org\/wp-content\/uploads\/2023\/08\/Boite-de-dialogue-dobjet-au-format-8.png\" sizes=\"auto, \" srcset=\"\" alt=\"format-object-dialog-box\" width=\"448\" height=\"429\"><\/li>\n<\/ol>\n<h2 id=\"h-points-to-remember\" class=\"wp-block-heading\"> Comidas para llevar<\/h2>\n<ul>\n<li> Cuando incrusta el archivo marcando \u00fanicamente la opci\u00f3n \u00abMostrar como icono\u00bb, este archivo incrustado ser\u00e1 parte del libro de trabajo actual y estar\u00e1 separado del archivo fuente. Esto significa que si actualiza algo en el archivo fuente, esa actualizaci\u00f3n no se actualizar\u00e1 en el archivo incrustado. Para editar o actualizar algo en el archivo incrustado, abra siempre el archivo incrustado desde la hoja de c\u00e1lculo donde estaba incrustado haciendo doble clic en \u00e9l.<\/li>\n<li> Si tambi\u00e9n marca la opci\u00f3n \u00abVincular al archivo\u00bb, el archivo incrustado solo se vincular\u00e1 y no se convertir\u00e1 en un archivo separado del archivo fuente. Esto significa que en este caso, si actualiza algo en el archivo original, la actualizaci\u00f3n tambi\u00e9n se actualizar\u00e1 en el archivo incrustado y viceversa.<\/li>\n<li> Si ha incrustado el archivo marcando la opci\u00f3n \u00abVincular al archivo\u00bb, otras personas no podr\u00e1n acceder a este archivo vinculado y obtendr\u00e1n el siguiente error al acceder a este archivo vinculado. <\/li>\n<\/ul>\n<div class=\"wp-block-image\">\n<figure class=\"aligncenter size-full is-resized\"><img loading=\"lazy\" decoding=\"async\" class=\"wp-image-82901\" src=\"https:\/\/exceladvisor.org\/wp-content\/uploads\/2023\/08\/9-erreur-dacces-au-fichier-lie.png\" sizes=\"auto, \" srcset=\"\" alt=\"error al acceder al archivo vinculado\" width=\"523\" height=\"160\"><\/figure>\n<\/div>\n<div class=\"gb-container gb-container-4db6181c gb-container-mt\"> <a class=\"gb-button gb-button-c5897111 gb-button-text gb-button-mt-button\" href=\"https:\/\/exceladvisor.org\/es\/avance-de-excel\/\">Tutoriales avanzados de Excel<\/a><\/p>\n<h2 class=\"gb-headline gb-headline-665e5f6b gb-headline-text gb-headline-mt-heading\"> Tutoriales relacionados <\/h2>\n<div class=\"gb-grid-wrapper gb-grid-wrapper-a20baf7c gb-grid-wrapper-mt-grid\">\n<div class=\"gb-grid-column gb-grid-column-65ddf67e\">\n<div class=\"gb-container gb-container-65ddf67e\">\n<ul>\n<li> <a href=\"https:\/\/exceladvisor.org\/es\/herramienta-de-camara\/\">Herramienta de c\u00e1mara de Excel<\/a><\/li>\n<li> <a href=\"https:\/\/exceladvisor.org\/es\/buscar-objetivo\/\">Buscador de objetivos en Excel<\/a><\/li>\n<li> <a href=\"https:\/\/exceladvisor.org\/es\/ver-ventana\/\">Ventana de observaci\u00f3n en Excel<\/a><\/li>\n<li> <a href=\"https:\/\/exceladvisor.org\/es\/rebanador-de-excel\/\">Cortadora de Excel (gu\u00eda completa)<\/a> <\/li>\n<\/ul>\n<\/div>\n<\/div>\n<div class=\"gb-grid-column gb-grid-column-50067b57\">\n<div class=\"gb-container gb-container-50067b57\">\n<ul>\n<li> <a href=\"https:\/\/exceladvisor.org\/es\/listas-personalizadas\/\">Lista personalizada en Excel<\/a><\/li>\n<li> <a href=\"https:\/\/exceladvisor.org\/es\/pdf-en-excel\/\">Insertar un PDF en Excel<\/a><\/li>\n<li> <a href=\"https:\/\/exceladvisor.org\/es\/autocorreccion\/\">Autocorrecci\u00f3n en Excel<\/a><\/li>\n<li> <a href=\"https:\/\/exceladvisor.org\/es\/insertar-una-imagen\/\">Insertar una imagen en una celda en Excel<\/a><\/li>\n<\/ul>\n<\/div>\n<\/div>\n<\/div>\n<\/div>\n","protected":false},"excerpt":{"rendered":"<p>En t\u00e9rminos generales, incrustar significa insertar cualquier objeto en el documento actual. Excel tiene la funcionalidad incorporada para incrustar los archivos en la hoja de c\u00e1lculo como un archivo adjunto. Con esta funci\u00f3n, puede incrustar documentos nuevos y externos como .xlsx, doc, ppt, pdf, etc. para devolverlos a la hoja de trabajo actual sin afectar [&hellip;]<\/p>\n","protected":false},"author":1,"featured_media":0,"parent":0,"menu_order":0,"comment_status":"open","ping_status":"closed","template":"","meta":{"ub_ctt_via":"","footnotes":""},"class_list":["post-243","page","type-page","status-publish","hentry"],"featured_image_src":null,"yoast_head":"<!-- This site is optimized with the Yoast SEO plugin v25.4 - https:\/\/yoast.com\/wordpress\/plugins\/seo\/ -->\n<title>\u00bfc\u00f3mo incrustar un archivo en excel?<\/title>\n<meta name=\"robots\" content=\"index, follow, max-snippet:-1, max-image-preview:large, max-video-preview:-1\" \/>\n<link rel=\"canonical\" href=\"https:\/\/exceladvisor.org\/es\/insertar-archivo\/\" \/>\n<meta property=\"og:locale\" content=\"es_ES\" \/>\n<meta property=\"og:type\" content=\"article\" \/>\n<meta property=\"og:title\" content=\"\u00bfc\u00f3mo incrustar un archivo en excel?\" \/>\n<meta property=\"og:description\" content=\"En t\u00e9rminos generales, incrustar significa insertar cualquier objeto en el documento actual. Excel tiene la funcionalidad incorporada para incrustar los archivos en la hoja de c\u00e1lculo como un archivo adjunto. Con esta funci\u00f3n, puede incrustar documentos nuevos y externos como .xlsx, doc, ppt, pdf, etc. para devolverlos a la hoja de trabajo actual sin afectar [&hellip;]\" \/>\n<meta property=\"og:url\" content=\"https:\/\/exceladvisor.org\/es\/insertar-archivo\/\" \/>\n<meta property=\"og:site_name\" content=\"Excel Advisor\" \/>\n<meta property=\"article:modified_time\" content=\"2023-12-25T10:25:43+00:00\" \/>\n<meta property=\"og:image\" content=\"https:\/\/exceladvisor.org\/wp-content\/uploads\/2023\/08\/1-options-dicone-de-texte.png\" \/>\n<meta name=\"twitter:card\" content=\"summary_large_image\" \/>\n<meta name=\"twitter:label1\" content=\"Tiempo de lectura\" \/>\n\t<meta name=\"twitter:data1\" content=\"3 minutos\" \/>\n<script type=\"application\/ld+json\" class=\"yoast-schema-graph\">{\"@context\":\"https:\/\/schema.org\",\"@graph\":[{\"@type\":\"WebPage\",\"@id\":\"https:\/\/exceladvisor.org\/es\/insertar-archivo\/\",\"url\":\"https:\/\/exceladvisor.org\/es\/insertar-archivo\/\",\"name\":\"\u00bfc\u00f3mo incrustar un archivo en excel?\",\"isPartOf\":{\"@id\":\"https:\/\/exceladvisor.org\/es\/#website\"},\"primaryImageOfPage\":{\"@id\":\"https:\/\/exceladvisor.org\/es\/insertar-archivo\/#primaryimage\"},\"image\":{\"@id\":\"https:\/\/exceladvisor.org\/es\/insertar-archivo\/#primaryimage\"},\"thumbnailUrl\":\"https:\/\/exceladvisor.org\/wp-content\/uploads\/2023\/08\/1-options-dicone-de-texte.png\",\"datePublished\":\"2023-11-09T23:32:00+00:00\",\"dateModified\":\"2023-12-25T10:25:43+00:00\",\"breadcrumb\":{\"@id\":\"https:\/\/exceladvisor.org\/es\/insertar-archivo\/#breadcrumb\"},\"inLanguage\":\"es\",\"potentialAction\":[{\"@type\":\"ReadAction\",\"target\":[\"https:\/\/exceladvisor.org\/es\/insertar-archivo\/\"]}]},{\"@type\":\"ImageObject\",\"inLanguage\":\"es\",\"@id\":\"https:\/\/exceladvisor.org\/es\/insertar-archivo\/#primaryimage\",\"url\":\"https:\/\/exceladvisor.org\/wp-content\/uploads\/2023\/08\/1-options-dicone-de-texte.png\",\"contentUrl\":\"https:\/\/exceladvisor.org\/wp-content\/uploads\/2023\/08\/1-options-dicone-de-texte.png\"},{\"@type\":\"BreadcrumbList\",\"@id\":\"https:\/\/exceladvisor.org\/es\/insertar-archivo\/#breadcrumb\",\"itemListElement\":[{\"@type\":\"ListItem\",\"position\":1,\"name\":\"Hogar\",\"item\":\"https:\/\/exceladvisor.org\/es\/\"},{\"@type\":\"ListItem\",\"position\":2,\"name\":\"\u00bfc\u00f3mo incrustar un archivo en excel?\"}]},{\"@type\":\"WebSite\",\"@id\":\"https:\/\/exceladvisor.org\/es\/#website\",\"url\":\"https:\/\/exceladvisor.org\/es\/\",\"name\":\"Excel Advisor\",\"description\":\"Su gu\u00eda para la dominaci\u00f3n de datos!\",\"publisher\":{\"@id\":\"https:\/\/exceladvisor.org\/es\/#organization\"},\"potentialAction\":[{\"@type\":\"SearchAction\",\"target\":{\"@type\":\"EntryPoint\",\"urlTemplate\":\"https:\/\/exceladvisor.org\/es\/?s={search_term_string}\"},\"query-input\":{\"@type\":\"PropertyValueSpecification\",\"valueRequired\":true,\"valueName\":\"search_term_string\"}}],\"inLanguage\":\"es\"},{\"@type\":\"Organization\",\"@id\":\"https:\/\/exceladvisor.org\/es\/#organization\",\"name\":\"Excel Advisor\",\"url\":\"https:\/\/exceladvisor.org\/es\/\",\"logo\":{\"@type\":\"ImageObject\",\"inLanguage\":\"es\",\"@id\":\"https:\/\/exceladvisor.org\/es\/#\/schema\/logo\/image\/\",\"url\":\"https:\/\/exceladvisor.org\/es\/wp-content\/uploads\/2023\/12\/exceladvisor.org_.png\",\"contentUrl\":\"https:\/\/exceladvisor.org\/es\/wp-content\/uploads\/2023\/12\/exceladvisor.org_.png\",\"width\":105,\"height\":36,\"caption\":\"Excel Advisor\"},\"image\":{\"@id\":\"https:\/\/exceladvisor.org\/es\/#\/schema\/logo\/image\/\"}}]}<\/script>\n<!-- \/ Yoast SEO plugin. -->","yoast_head_json":{"title":"\u00bfc\u00f3mo incrustar un archivo en excel?","robots":{"index":"index","follow":"follow","max-snippet":"max-snippet:-1","max-image-preview":"max-image-preview:large","max-video-preview":"max-video-preview:-1"},"canonical":"https:\/\/exceladvisor.org\/es\/insertar-archivo\/","og_locale":"es_ES","og_type":"article","og_title":"\u00bfc\u00f3mo incrustar un archivo en excel?","og_description":"En t\u00e9rminos generales, incrustar significa insertar cualquier objeto en el documento actual. Excel tiene la funcionalidad incorporada para incrustar los archivos en la hoja de c\u00e1lculo como un archivo adjunto. Con esta funci\u00f3n, puede incrustar documentos nuevos y externos como .xlsx, doc, ppt, pdf, etc. para devolverlos a la hoja de trabajo actual sin afectar [&hellip;]","og_url":"https:\/\/exceladvisor.org\/es\/insertar-archivo\/","og_site_name":"Excel Advisor","article_modified_time":"2023-12-25T10:25:43+00:00","og_image":[{"url":"https:\/\/exceladvisor.org\/wp-content\/uploads\/2023\/08\/1-options-dicone-de-texte.png","type":"","width":"","height":""}],"twitter_card":"summary_large_image","twitter_misc":{"Tiempo de lectura":"3 minutos"},"schema":{"@context":"https:\/\/schema.org","@graph":[{"@type":"WebPage","@id":"https:\/\/exceladvisor.org\/es\/insertar-archivo\/","url":"https:\/\/exceladvisor.org\/es\/insertar-archivo\/","name":"\u00bfc\u00f3mo incrustar un archivo en excel?","isPartOf":{"@id":"https:\/\/exceladvisor.org\/es\/#website"},"primaryImageOfPage":{"@id":"https:\/\/exceladvisor.org\/es\/insertar-archivo\/#primaryimage"},"image":{"@id":"https:\/\/exceladvisor.org\/es\/insertar-archivo\/#primaryimage"},"thumbnailUrl":"https:\/\/exceladvisor.org\/wp-content\/uploads\/2023\/08\/1-options-dicone-de-texte.png","datePublished":"2023-11-09T23:32:00+00:00","dateModified":"2023-12-25T10:25:43+00:00","breadcrumb":{"@id":"https:\/\/exceladvisor.org\/es\/insertar-archivo\/#breadcrumb"},"inLanguage":"es","potentialAction":[{"@type":"ReadAction","target":["https:\/\/exceladvisor.org\/es\/insertar-archivo\/"]}]},{"@type":"ImageObject","inLanguage":"es","@id":"https:\/\/exceladvisor.org\/es\/insertar-archivo\/#primaryimage","url":"https:\/\/exceladvisor.org\/wp-content\/uploads\/2023\/08\/1-options-dicone-de-texte.png","contentUrl":"https:\/\/exceladvisor.org\/wp-content\/uploads\/2023\/08\/1-options-dicone-de-texte.png"},{"@type":"BreadcrumbList","@id":"https:\/\/exceladvisor.org\/es\/insertar-archivo\/#breadcrumb","itemListElement":[{"@type":"ListItem","position":1,"name":"Hogar","item":"https:\/\/exceladvisor.org\/es\/"},{"@type":"ListItem","position":2,"name":"\u00bfc\u00f3mo incrustar un archivo en excel?"}]},{"@type":"WebSite","@id":"https:\/\/exceladvisor.org\/es\/#website","url":"https:\/\/exceladvisor.org\/es\/","name":"Excel Advisor","description":"Su gu\u00eda para la dominaci\u00f3n de datos!","publisher":{"@id":"https:\/\/exceladvisor.org\/es\/#organization"},"potentialAction":[{"@type":"SearchAction","target":{"@type":"EntryPoint","urlTemplate":"https:\/\/exceladvisor.org\/es\/?s={search_term_string}"},"query-input":{"@type":"PropertyValueSpecification","valueRequired":true,"valueName":"search_term_string"}}],"inLanguage":"es"},{"@type":"Organization","@id":"https:\/\/exceladvisor.org\/es\/#organization","name":"Excel Advisor","url":"https:\/\/exceladvisor.org\/es\/","logo":{"@type":"ImageObject","inLanguage":"es","@id":"https:\/\/exceladvisor.org\/es\/#\/schema\/logo\/image\/","url":"https:\/\/exceladvisor.org\/es\/wp-content\/uploads\/2023\/12\/exceladvisor.org_.png","contentUrl":"https:\/\/exceladvisor.org\/es\/wp-content\/uploads\/2023\/12\/exceladvisor.org_.png","width":105,"height":36,"caption":"Excel Advisor"},"image":{"@id":"https:\/\/exceladvisor.org\/es\/#\/schema\/logo\/image\/"}}]}},"yoast_meta":{"yoast_wpseo_title":"","yoast_wpseo_metadesc":"","yoast_wpseo_canonical":""},"_links":{"self":[{"href":"https:\/\/exceladvisor.org\/es\/wp-json\/wp\/v2\/pages\/243","targetHints":{"allow":["GET"]}}],"collection":[{"href":"https:\/\/exceladvisor.org\/es\/wp-json\/wp\/v2\/pages"}],"about":[{"href":"https:\/\/exceladvisor.org\/es\/wp-json\/wp\/v2\/types\/page"}],"author":[{"embeddable":true,"href":"https:\/\/exceladvisor.org\/es\/wp-json\/wp\/v2\/users\/1"}],"replies":[{"embeddable":true,"href":"https:\/\/exceladvisor.org\/es\/wp-json\/wp\/v2\/comments?post=243"}],"version-history":[{"count":1,"href":"https:\/\/exceladvisor.org\/es\/wp-json\/wp\/v2\/pages\/243\/revisions"}],"predecessor-version":[{"id":1097,"href":"https:\/\/exceladvisor.org\/es\/wp-json\/wp\/v2\/pages\/243\/revisions\/1097"}],"wp:attachment":[{"href":"https:\/\/exceladvisor.org\/es\/wp-json\/wp\/v2\/media?parent=243"}],"curies":[{"name":"wp","href":"https:\/\/api.w.org\/{rel}","templated":true}]}}