{"id":244,"date":"2023-11-09T23:20:25","date_gmt":"2023-11-09T23:20:25","guid":{"rendered":"https:\/\/exceladvisor.org\/es\/eliminar-comas-2\/"},"modified":"2023-12-25T10:24:52","modified_gmt":"2023-12-25T10:24:52","slug":"eliminar-comas-2","status":"publish","type":"page","link":"https:\/\/exceladvisor.org\/es\/eliminar-comas-2\/","title":{"rendered":"\u00bfc\u00f3mo eliminar comas en excel?"},"content":{"rendered":"<div class=\"excel-antes-del-contenido\" id=\"excel-2226288542\"><script type=\"text\/javascript\">\r\n\tatOptions = {\r\n\t\t'key' : 'c1158f160081d6540a8409e6925dab94',\r\n\t\t'format' : 'iframe',\r\n\t\t'height' : 250,\r\n\t\t'width' : 300,\r\n\t\t'params' : {}\r\n\t};\r\n<\/script>\r\n<script type=\"text\/javascript\" src=\"\/\/www.highperformanceformat.com\/c1158f160081d6540a8409e6925dab94\/invoke.js\"><\/script><\/div><p>En Excel, una forma sencilla y eficaz de eliminar una o m\u00e1s comas de un valor es utilizar SUSTITUTO\/VALORN\u00daMERO. Con estas funciones, puedes escribir f\u00f3rmulas para eliminar las comas. <\/p>\n<div class=\"wp-block-image\">\n<figure class=\"aligncenter size-full is-resized\"><img loading=\"lazy\" decoding=\"async\" class=\"wp-image-85914\" src=\"https:\/\/exceladvisor.org\/wp-content\/uploads\/2023\/08\/1-supprimer-les-virgules.png\" sizes=\"auto, \" srcset=\"\" alt=\"eliminar comas\" width=\"580\" height=\"123\"><\/figure>\n<\/div>\n<h2 class=\"wp-block-heading\"> F\u00f3rmulas para eliminar comas de un valor.<\/h2>\n<p> Puede utilizar los pasos a continuaci\u00f3n para escribir esta f\u00f3rmula:<\/p>\n<ol type=\"1\">\n<li> Ingrese SUSTITUIR en una celda.<\/li>\n<li> Consulte la celda con el valor del que desea eliminar las comas.<\/li>\n<li> Especifique un comando usando comillas dobles.<\/li>\n<li> Nuevamente, especifique un espacio en blanco usando comillas dobles.<\/li>\n<li> Al final, presione Enter para obtener el resultado. <\/li>\n<\/ol>\n<div class=\"wp-block-image\">\n<figure class=\"aligncenter size-full is-resized\"><img loading=\"lazy\" decoding=\"async\" class=\"wp-image-85915\" src=\"https:\/\/exceladvisor.org\/wp-content\/uploads\/2023\/08\/2-substitut-pour-supprimer-les-virgules.png\" sizes=\"auto, \" srcset=\"\" alt=\"reemplazar-para-eliminar-comas\" width=\"518\" height=\"266\"><\/figure>\n<\/div>\n<p> Como puede ver en el ejemplo anterior, ten\u00eda una coma despu\u00e9s de cada n\u00famero en la celda A1. Pero con el sustituto, el resultado que obtuviste solo tiene d\u00edgitos sin comas.<\/p>\n<pre class=\"wp-block-code\"> <code class=\"language-excel-formula\" lang=\"excel-formula\">=SUBSTITUTE(A1,\",\",\"\")<\/code><\/pre>\n<p> Este m\u00e9todo es perfecto cuando se trata de n\u00fameros y cadenas. Y si solo tienes un n\u00famero, en ese caso puedes usar la funci\u00f3n VALOR NUM\u00c9RICO.<\/p>\n<ol type=\"1\">\n<li> Ingrese la funci\u00f3n.<\/li>\n<li> Consulte la celda con el valor.<\/li>\n<li> Presione Enter para obtener el resultado. <\/li>\n<\/ol>\n<div class=\"wp-block-image\">\n<figure class=\"aligncenter size-full is-resized\"><img loading=\"lazy\" decoding=\"async\" class=\"wp-image-85916\" src=\"https:\/\/exceladvisor.org\/wp-content\/uploads\/2023\/08\/3-valeurs-numeriques-pour-supprimer-les-virgules.png\" sizes=\"auto, \" srcset=\"\" alt=\"numerovalor-para-eliminar-comas\" width=\"536\" height=\"277\"><\/figure>\n<\/div>\n<pre class=\"wp-block-code\"> <code class=\"language-excel-formula\" lang=\"excel-formula\">=NUMBERVALUE(A1)<\/code><\/pre>\n<p> Esta funci\u00f3n convierte el valor en un n\u00famero y elimina comas y otros caracteres no deseados.<\/p>\n<h2 class=\"wp-block-heading\"> Eliminar comas sin f\u00f3rmula<\/h2>\n<p> Y si no desea utilizar una f\u00f3rmula, puede utilizar la opci\u00f3n Buscar y reemplazar. <\/p>\n<div class=\"wp-block-image\">\n<figure class=\"aligncenter size-full is-resized\"><img loading=\"lazy\" decoding=\"async\" class=\"wp-image-85917\" src=\"https:\/\/exceladvisor.org\/wp-content\/uploads\/2023\/08\/4-rechercher-et-remplacer-pour-supprimer-les-virgules.png\" sizes=\"auto, \" srcset=\"\" alt=\"buscar-y-reemplazar-para-eliminar-comas\" width=\"628\" height=\"265\"><\/figure>\n<\/div>\n<ol type=\"1\">\n<li> Selecciona el rango de celdas donde tienes los valores con comas y abre Buscar y Reemplazar usando Ctrl + H.<\/li>\n<li> En \u00abBuscar qu\u00e9\u00bb, ingrese un comando.<\/li>\n<li> Pero deje vac\u00edo el campo \u00abReemplazar con\u00bb.<\/li>\n<li> Al final, haga clic en \u00abReemplazar todo\u00bb. <\/li>\n<\/ol>\n<div class=\"wp-block-image\">\n<figure class=\"aligncenter size-full is-resized\"><img loading=\"lazy\" decoding=\"async\" class=\"wp-image-85918\" src=\"https:\/\/exceladvisor.org\/wp-content\/uploads\/2023\/08\/5-remplacer-les-virgules-par-un-blanc.png\" sizes=\"auto, \" srcset=\"\" alt=\"reemplazar-comas-con-un-espacio\" width=\"652\" height=\"249\"><\/figure>\n<\/div>\n<p> En el momento en que hace clic en \u00abReemplazar todo\u00bb, reemplaza todas las comas en las celdas seleccionadas con un valor vac\u00edo (es decir, nada) y elimina todas las comas. Este m\u00e9todo es \u00fatil cuando no necesitas hacerlo solo una vez. <\/p>\n<div class=\"gb-container gb-container-52dfcee1 gb-container-sample-file\">\n<h2 class=\"gb-headline gb-headline-e289c143 gb-headline-text gb-headline-4f7959c2\"> Obtener el archivo Excel<\/h2>\n<p> <a class=\"gb-button gb-button-e88d6bee gb-button-text gb-button-button1\" href=\"https:\/\/exceladvisor.org\/wp-content\/uploads\/2023\/08\/supprimer-les-virgules.xlsx\" rel=\"nofollow\">Descargar<\/a><\/p>\n<\/div>\n<div class=\"gb-container gb-container-4db6181c gb-container-mt\"> <a class=\"gb-button gb-button-c5897111 gb-button-text gb-button-mt-button\" href=\"https:\/\/exceladvisor.org\/es\/vba\/\">\u00bfQu\u00e9 es VBA?<\/a><\/p>\n<h2 class=\"gb-headline gb-headline-665e5f6b gb-headline-text gb-headline-mt-heading\"> Tutoriales relacionados <\/h2>\n<div class=\"gb-grid-wrapper gb-grid-wrapper-a20baf7c gb-grid-wrapper-mt-grid\">\n<div class=\"gb-grid-column gb-grid-column-65ddf67e\">\n<div class=\"gb-container gb-container-65ddf67e\">\n<ul>\n<li> Eliminar el primer car\u00e1cter de una celda en Excel<\/li>\n<li> <a href=\"https:\/\/exceladvisor.org\/es\/eliminar-espacios-adicionales\/\">Eliminar espacios adicionales en Excel<\/a><\/li>\n<li> <a href=\"https:\/\/exceladvisor.org\/es\/obtener-la-primera-ultima-palabra\/\">Separar nombres en Excel \u2013 (Nombre y apellido)<\/a><\/li>\n<li> <a href=\"https:\/\/exceladvisor.org\/es\/extraer-la-ultima-palabra-2\/\">Extraer la \u00faltima palabra de una celda.<\/a><\/li>\n<li> <a href=\"https:\/\/exceladvisor.org\/es\/eliminar-salto-de-linea-2\/\">Eliminar salto de l\u00ednea de una celda<\/a><\/li>\n<\/ul>\n<\/div>\n<\/div>\n<\/div>\n<\/div>\n","protected":false},"excerpt":{"rendered":"<p>En Excel, una forma sencilla y eficaz de eliminar una o m\u00e1s comas de un valor es utilizar SUSTITUTO\/VALORN\u00daMERO. Con estas funciones, puedes escribir f\u00f3rmulas para eliminar las comas. F\u00f3rmulas para eliminar comas de un valor. Puede utilizar los pasos a continuaci\u00f3n para escribir esta f\u00f3rmula: Ingrese SUSTITUIR en una celda. Consulte la celda con [&hellip;]<\/p>\n","protected":false},"author":1,"featured_media":0,"parent":0,"menu_order":0,"comment_status":"open","ping_status":"closed","template":"","meta":{"ub_ctt_via":"","footnotes":""},"class_list":["post-244","page","type-page","status-publish","hentry"],"featured_image_src":null,"yoast_head":"<!-- This site is optimized with the Yoast SEO plugin v25.4 - https:\/\/yoast.com\/wordpress\/plugins\/seo\/ -->\n<title>\u00bfc\u00f3mo eliminar comas en excel?<\/title>\n<meta name=\"robots\" content=\"index, follow, max-snippet:-1, max-image-preview:large, max-video-preview:-1\" \/>\n<link rel=\"canonical\" href=\"https:\/\/exceladvisor.org\/es\/eliminar-comas-2\/\" \/>\n<meta property=\"og:locale\" content=\"es_ES\" \/>\n<meta property=\"og:type\" content=\"article\" \/>\n<meta property=\"og:title\" content=\"\u00bfc\u00f3mo eliminar comas en excel?\" \/>\n<meta property=\"og:description\" content=\"En Excel, una forma sencilla y eficaz de eliminar una o m\u00e1s comas de un valor es utilizar SUSTITUTO\/VALORN\u00daMERO. Con estas funciones, puedes escribir f\u00f3rmulas para eliminar las comas. F\u00f3rmulas para eliminar comas de un valor. Puede utilizar los pasos a continuaci\u00f3n para escribir esta f\u00f3rmula: Ingrese SUSTITUIR en una celda. Consulte la celda con [&hellip;]\" \/>\n<meta property=\"og:url\" content=\"https:\/\/exceladvisor.org\/es\/eliminar-comas-2\/\" \/>\n<meta property=\"og:site_name\" content=\"Excel Advisor\" \/>\n<meta property=\"article:modified_time\" content=\"2023-12-25T10:24:52+00:00\" \/>\n<meta property=\"og:image\" content=\"https:\/\/exceladvisor.org\/wp-content\/uploads\/2023\/08\/1-supprimer-les-virgules.png\" \/>\n<meta name=\"twitter:card\" content=\"summary_large_image\" \/>\n<meta name=\"twitter:label1\" content=\"Tiempo de lectura\" \/>\n\t<meta name=\"twitter:data1\" content=\"2 minutos\" \/>\n<script type=\"application\/ld+json\" class=\"yoast-schema-graph\">{\"@context\":\"https:\/\/schema.org\",\"@graph\":[{\"@type\":\"WebPage\",\"@id\":\"https:\/\/exceladvisor.org\/es\/eliminar-comas-2\/\",\"url\":\"https:\/\/exceladvisor.org\/es\/eliminar-comas-2\/\",\"name\":\"\u00bfc\u00f3mo eliminar comas en excel?\",\"isPartOf\":{\"@id\":\"https:\/\/exceladvisor.org\/es\/#website\"},\"primaryImageOfPage\":{\"@id\":\"https:\/\/exceladvisor.org\/es\/eliminar-comas-2\/#primaryimage\"},\"image\":{\"@id\":\"https:\/\/exceladvisor.org\/es\/eliminar-comas-2\/#primaryimage\"},\"thumbnailUrl\":\"https:\/\/exceladvisor.org\/wp-content\/uploads\/2023\/08\/1-supprimer-les-virgules.png\",\"datePublished\":\"2023-11-09T23:20:25+00:00\",\"dateModified\":\"2023-12-25T10:24:52+00:00\",\"breadcrumb\":{\"@id\":\"https:\/\/exceladvisor.org\/es\/eliminar-comas-2\/#breadcrumb\"},\"inLanguage\":\"es\",\"potentialAction\":[{\"@type\":\"ReadAction\",\"target\":[\"https:\/\/exceladvisor.org\/es\/eliminar-comas-2\/\"]}]},{\"@type\":\"ImageObject\",\"inLanguage\":\"es\",\"@id\":\"https:\/\/exceladvisor.org\/es\/eliminar-comas-2\/#primaryimage\",\"url\":\"https:\/\/exceladvisor.org\/wp-content\/uploads\/2023\/08\/1-supprimer-les-virgules.png\",\"contentUrl\":\"https:\/\/exceladvisor.org\/wp-content\/uploads\/2023\/08\/1-supprimer-les-virgules.png\"},{\"@type\":\"BreadcrumbList\",\"@id\":\"https:\/\/exceladvisor.org\/es\/eliminar-comas-2\/#breadcrumb\",\"itemListElement\":[{\"@type\":\"ListItem\",\"position\":1,\"name\":\"Hogar\",\"item\":\"https:\/\/exceladvisor.org\/es\/\"},{\"@type\":\"ListItem\",\"position\":2,\"name\":\"\u00bfc\u00f3mo eliminar comas en excel?\"}]},{\"@type\":\"WebSite\",\"@id\":\"https:\/\/exceladvisor.org\/es\/#website\",\"url\":\"https:\/\/exceladvisor.org\/es\/\",\"name\":\"Excel Advisor\",\"description\":\"Su gu\u00eda para la dominaci\u00f3n de datos!\",\"publisher\":{\"@id\":\"https:\/\/exceladvisor.org\/es\/#organization\"},\"potentialAction\":[{\"@type\":\"SearchAction\",\"target\":{\"@type\":\"EntryPoint\",\"urlTemplate\":\"https:\/\/exceladvisor.org\/es\/?s={search_term_string}\"},\"query-input\":{\"@type\":\"PropertyValueSpecification\",\"valueRequired\":true,\"valueName\":\"search_term_string\"}}],\"inLanguage\":\"es\"},{\"@type\":\"Organization\",\"@id\":\"https:\/\/exceladvisor.org\/es\/#organization\",\"name\":\"Excel Advisor\",\"url\":\"https:\/\/exceladvisor.org\/es\/\",\"logo\":{\"@type\":\"ImageObject\",\"inLanguage\":\"es\",\"@id\":\"https:\/\/exceladvisor.org\/es\/#\/schema\/logo\/image\/\",\"url\":\"https:\/\/exceladvisor.org\/es\/wp-content\/uploads\/2023\/12\/exceladvisor.org_.png\",\"contentUrl\":\"https:\/\/exceladvisor.org\/es\/wp-content\/uploads\/2023\/12\/exceladvisor.org_.png\",\"width\":105,\"height\":36,\"caption\":\"Excel Advisor\"},\"image\":{\"@id\":\"https:\/\/exceladvisor.org\/es\/#\/schema\/logo\/image\/\"}}]}<\/script>\n<!-- \/ Yoast SEO plugin. -->","yoast_head_json":{"title":"\u00bfc\u00f3mo eliminar comas en excel?","robots":{"index":"index","follow":"follow","max-snippet":"max-snippet:-1","max-image-preview":"max-image-preview:large","max-video-preview":"max-video-preview:-1"},"canonical":"https:\/\/exceladvisor.org\/es\/eliminar-comas-2\/","og_locale":"es_ES","og_type":"article","og_title":"\u00bfc\u00f3mo eliminar comas en excel?","og_description":"En Excel, una forma sencilla y eficaz de eliminar una o m\u00e1s comas de un valor es utilizar SUSTITUTO\/VALORN\u00daMERO. Con estas funciones, puedes escribir f\u00f3rmulas para eliminar las comas. F\u00f3rmulas para eliminar comas de un valor. Puede utilizar los pasos a continuaci\u00f3n para escribir esta f\u00f3rmula: Ingrese SUSTITUIR en una celda. Consulte la celda con [&hellip;]","og_url":"https:\/\/exceladvisor.org\/es\/eliminar-comas-2\/","og_site_name":"Excel Advisor","article_modified_time":"2023-12-25T10:24:52+00:00","og_image":[{"url":"https:\/\/exceladvisor.org\/wp-content\/uploads\/2023\/08\/1-supprimer-les-virgules.png","type":"","width":"","height":""}],"twitter_card":"summary_large_image","twitter_misc":{"Tiempo de lectura":"2 minutos"},"schema":{"@context":"https:\/\/schema.org","@graph":[{"@type":"WebPage","@id":"https:\/\/exceladvisor.org\/es\/eliminar-comas-2\/","url":"https:\/\/exceladvisor.org\/es\/eliminar-comas-2\/","name":"\u00bfc\u00f3mo eliminar comas en excel?","isPartOf":{"@id":"https:\/\/exceladvisor.org\/es\/#website"},"primaryImageOfPage":{"@id":"https:\/\/exceladvisor.org\/es\/eliminar-comas-2\/#primaryimage"},"image":{"@id":"https:\/\/exceladvisor.org\/es\/eliminar-comas-2\/#primaryimage"},"thumbnailUrl":"https:\/\/exceladvisor.org\/wp-content\/uploads\/2023\/08\/1-supprimer-les-virgules.png","datePublished":"2023-11-09T23:20:25+00:00","dateModified":"2023-12-25T10:24:52+00:00","breadcrumb":{"@id":"https:\/\/exceladvisor.org\/es\/eliminar-comas-2\/#breadcrumb"},"inLanguage":"es","potentialAction":[{"@type":"ReadAction","target":["https:\/\/exceladvisor.org\/es\/eliminar-comas-2\/"]}]},{"@type":"ImageObject","inLanguage":"es","@id":"https:\/\/exceladvisor.org\/es\/eliminar-comas-2\/#primaryimage","url":"https:\/\/exceladvisor.org\/wp-content\/uploads\/2023\/08\/1-supprimer-les-virgules.png","contentUrl":"https:\/\/exceladvisor.org\/wp-content\/uploads\/2023\/08\/1-supprimer-les-virgules.png"},{"@type":"BreadcrumbList","@id":"https:\/\/exceladvisor.org\/es\/eliminar-comas-2\/#breadcrumb","itemListElement":[{"@type":"ListItem","position":1,"name":"Hogar","item":"https:\/\/exceladvisor.org\/es\/"},{"@type":"ListItem","position":2,"name":"\u00bfc\u00f3mo eliminar comas en excel?"}]},{"@type":"WebSite","@id":"https:\/\/exceladvisor.org\/es\/#website","url":"https:\/\/exceladvisor.org\/es\/","name":"Excel Advisor","description":"Su gu\u00eda para la dominaci\u00f3n de datos!","publisher":{"@id":"https:\/\/exceladvisor.org\/es\/#organization"},"potentialAction":[{"@type":"SearchAction","target":{"@type":"EntryPoint","urlTemplate":"https:\/\/exceladvisor.org\/es\/?s={search_term_string}"},"query-input":{"@type":"PropertyValueSpecification","valueRequired":true,"valueName":"search_term_string"}}],"inLanguage":"es"},{"@type":"Organization","@id":"https:\/\/exceladvisor.org\/es\/#organization","name":"Excel Advisor","url":"https:\/\/exceladvisor.org\/es\/","logo":{"@type":"ImageObject","inLanguage":"es","@id":"https:\/\/exceladvisor.org\/es\/#\/schema\/logo\/image\/","url":"https:\/\/exceladvisor.org\/es\/wp-content\/uploads\/2023\/12\/exceladvisor.org_.png","contentUrl":"https:\/\/exceladvisor.org\/es\/wp-content\/uploads\/2023\/12\/exceladvisor.org_.png","width":105,"height":36,"caption":"Excel Advisor"},"image":{"@id":"https:\/\/exceladvisor.org\/es\/#\/schema\/logo\/image\/"}}]}},"yoast_meta":{"yoast_wpseo_title":"","yoast_wpseo_metadesc":"","yoast_wpseo_canonical":""},"_links":{"self":[{"href":"https:\/\/exceladvisor.org\/es\/wp-json\/wp\/v2\/pages\/244","targetHints":{"allow":["GET"]}}],"collection":[{"href":"https:\/\/exceladvisor.org\/es\/wp-json\/wp\/v2\/pages"}],"about":[{"href":"https:\/\/exceladvisor.org\/es\/wp-json\/wp\/v2\/types\/page"}],"author":[{"embeddable":true,"href":"https:\/\/exceladvisor.org\/es\/wp-json\/wp\/v2\/users\/1"}],"replies":[{"embeddable":true,"href":"https:\/\/exceladvisor.org\/es\/wp-json\/wp\/v2\/comments?post=244"}],"version-history":[{"count":1,"href":"https:\/\/exceladvisor.org\/es\/wp-json\/wp\/v2\/pages\/244\/revisions"}],"predecessor-version":[{"id":970,"href":"https:\/\/exceladvisor.org\/es\/wp-json\/wp\/v2\/pages\/244\/revisions\/970"}],"wp:attachment":[{"href":"https:\/\/exceladvisor.org\/es\/wp-json\/wp\/v2\/media?parent=244"}],"curies":[{"name":"wp","href":"https:\/\/api.w.org\/{rel}","templated":true}]}}