{"id":245,"date":"2023-11-09T22:59:40","date_gmt":"2023-11-09T22:59:40","guid":{"rendered":"https:\/\/exceladvisor.org\/es\/suma-de-cuadrados-2\/"},"modified":"2023-12-25T10:27:28","modified_gmt":"2023-12-25T10:27:28","slug":"suma-de-cuadrados-2","status":"publish","type":"page","link":"https:\/\/exceladvisor.org\/es\/suma-de-cuadrados-2\/","title":{"rendered":"\u00bfc\u00f3mo sumar cuadrados en excel?"},"content":{"rendered":"<div class=\"excel-antes-del-contenido\" id=\"excel-1541169872\"><script type=\"text\/javascript\">\r\n\tatOptions = {\r\n\t\t'key' : 'c1158f160081d6540a8409e6925dab94',\r\n\t\t'format' : 'iframe',\r\n\t\t'height' : 250,\r\n\t\t'width' : 300,\r\n\t\t'params' : {}\r\n\t};\r\n<\/script>\r\n<script type=\"text\/javascript\" src=\"\/\/www.highperformanceformat.com\/c1158f160081d6540a8409e6925dab94\/invoke.js\"><\/script><\/div><p>En Excel, existe una funci\u00f3n espec\u00edfica que puedes utilizar para calcular la suma de los cuadrados de n\u00fameros en una sola celda. Esta funci\u00f3n se llama SUMA. Y haga referencia a un rango de celdas o puede ingresar valores directamente en la funci\u00f3n para obtener el resultado.<\/p>\n<h2 id=\"h-formula-to-get-the-sum-of-squares\" class=\"wp-block-heading\"> F\u00f3rmula para obtener la suma de cuadrados.<\/h2>\n<p> Estos son los pasos para escribir esta f\u00f3rmula:<\/p>\n<ol type=\"1\">\n<li> Escriba (=) en una celda para ingresar la funci\u00f3n.<\/li>\n<li> Ingrese (SUMQ) y luego ingrese los par\u00e9ntesis iniciales.<\/li>\n<li> Consulte el rango donde tiene los n\u00fameros que desea obtener el valor de la suma de cuadrados.<\/li>\n<li> Cierre la funci\u00f3n y presione Enter para obtener el resultado. <\/li>\n<\/ol>\n<div class=\"wp-block-image\">\n<figure class=\"aligncenter size-full is-resized\"><img loading=\"lazy\" decoding=\"async\" class=\"wp-image-85889\" src=\"https:\/\/exceladvisor.org\/wp-content\/uploads\/2023\/08\/1-somme-des-carres.png\" sizes=\"auto, \" srcset=\"\" alt=\"suma de cuadrados\" width=\"635\" height=\"108\"><\/figure>\n<\/div>\n<p> Cuando presionas Enter, te da un valor final, la suma del cuadrado de 25 y 25, porque tenemos dos n\u00fameros en el rango A1:B1. <\/p>\n<div class=\"wp-block-image\">\n<figure class=\"aligncenter size-full is-resized\"><img loading=\"lazy\" decoding=\"async\" class=\"wp-image-85890\" src=\"https:\/\/exceladvisor.org\/wp-content\/uploads\/2023\/08\/2-sommeq-en-somme-des-carres.png\" sizes=\"auto, \" srcset=\"\" alt=\"suma a suma al cuadrado\" width=\"638\" height=\"293\"><\/figure>\n<\/div>\n<p> Para verificarlo, podemos realizar una verificaci\u00f3n manual. El cuadrado de 25 es 625, y como tenemos 25 en ambas celdas, deber\u00eda ser 625 + 625 = 1250. Y eso es lo que tenemos en el resultado. Tambi\u00e9n puede consultar un rango con varios n\u00fameros sin preocuparse por el recuento de celdas. <\/p>\n<div class=\"wp-block-image\">\n<figure class=\"aligncenter size-full is-resized\"><img loading=\"lazy\" decoding=\"async\" class=\"wp-image-85891\" src=\"https:\/\/exceladvisor.org\/wp-content\/uploads\/2023\/08\/3-verification-manuelle-du-carre.png\" sizes=\"auto, \" srcset=\"\" alt=\"control cuadrado manual\" width=\"520\" height=\"424\"><\/figure>\n<\/div>\n<p class=\"qt-tip\"> <strong>Nota:<\/strong> Si utiliza n\u00fameros negativos, siempre obtendr\u00e1 el resultado como un n\u00famero positivo.<\/p>\n<h2 id=\"h-use-a-simple-maths-formula\" class=\"wp-block-heading\"> Utilice una f\u00f3rmula matem\u00e1tica simple<\/h2>\n<p> En lugar de utilizar la funci\u00f3n, puede utilizar una f\u00f3rmula sencilla utilizando el operador de intercalaci\u00f3n (^). <\/p>\n<div class=\"wp-block-image\">\n<figure class=\"aligncenter size-full is-resized\"><img loading=\"lazy\" decoding=\"async\" class=\"wp-image-85892\" src=\"https:\/\/exceladvisor.org\/wp-content\/uploads\/2023\/08\/4-formules-mathematiques-pour-additionner-les-carres.png\" sizes=\"auto, \" srcset=\"\" alt=\"f\u00f3rmula-matem\u00e1tica-en-suma-de-cuadrados\" width=\"453\" height=\"290\"><\/figure>\n<\/div>\n<pre class=\"wp-block-code\"> <code class=\"language-excel-formula\" lang=\"excel-formula\">=SUM(A1^2,B1^2)<\/code><\/pre>\n<p> Aqu\u00ed usamos la funci\u00f3n SUMA, y con cada n\u00famero usamos el operador de intercalaci\u00f3n (^) para obtener primero el cuadrado de ese n\u00famero. O tambi\u00e9n puedes escribir una f\u00f3rmula como esta:<\/p>\n<pre class=\"wp-block-code\"> <code class=\"language-excel-formula\" lang=\"excel-formula\">=A1^2+B1^2<\/code><\/pre>\n<p> Estos m\u00e9todos tienen un uso limitado. Entonces, si tiene una lista larga de n\u00fameros, es mejor utilizar el primer m\u00e9todo. <\/p>\n<div class=\"gb-container gb-container-52dfcee1 gb-container-sample-file\">\n<h2 class=\"gb-headline gb-headline-e289c143 gb-headline-text gb-headline-4f7959c2\"> Obtener el archivo Excel<\/h2>\n<p> <a class=\"gb-button gb-button-e88d6bee gb-button-text gb-button-button1\" href=\"https:\/\/exceladvisor.org\/wp-content\/uploads\/2023\/08\/somme-des-carres.xlsx\" rel=\"nofollow\">Descargar<\/a><\/div>\n<div class=\"gb-container gb-container-0df56012 gb-container-mt\"> <a class=\"gb-button gb-button-f9f432f4 gb-button-text gb-button-mt-button\" href=\"https:\/\/exceladvisor.org\/es\/formulas\/\">Lista de f\u00f3rmulas de Excel<\/a><\/p>\n<h2 class=\"gb-headline gb-headline-233444e8 gb-headline-text gb-headline-mt-heading\"> F\u00f3rmulas relacionadas <\/h2>\n<div class=\"gb-grid-wrapper gb-grid-wrapper-a16fa65c gb-grid-wrapper-mt-grid\">\n<div class=\"gb-grid-column gb-grid-column-50d07e0d\">\n<div class=\"gb-container gb-container-50d07e0d\">\n<ul>\n<li> <a href=\"https:\/\/exceladvisor.org\/es\/agregar-toda-la-columna\/\">Agregue una columna o fila completa en Excel<\/a><\/li>\n<li> <a href=\"https:\/\/exceladvisor.org\/es\/agregar-solo-celdas-visibles\/\">Suma solo celdas visibles en Excel<\/a><\/li>\n<li> <a href=\"https:\/\/exceladvisor.org\/es\/agregar-celdas-aleatorias\/\">Suma de celdas aleatorias en Excel<\/a><\/li>\n<li> <a href=\"https:\/\/exceladvisor.org\/es\/linea-total\/\">Agregar una fila total en Excel<\/a><\/li>\n<li> <a href=\"https:\/\/exceladvisor.org\/es\/suma-automatica-1\/\">Utilice r\u00e1pidamente Autosuma en Excel<\/a> <\/li>\n<\/ul>\n<\/div>\n<\/div>\n<div class=\"gb-grid-column gb-grid-column-5b4a0cf9\">\n<div class=\"gb-container gb-container-5b4a0cf9\"><\/div>\n<\/div>\n<\/div>\n<\/div>\n","protected":false},"excerpt":{"rendered":"<p>En Excel, existe una funci\u00f3n espec\u00edfica que puedes utilizar para calcular la suma de los cuadrados de n\u00fameros en una sola celda. Esta funci\u00f3n se llama SUMA. Y haga referencia a un rango de celdas o puede ingresar valores directamente en la funci\u00f3n para obtener el resultado. F\u00f3rmula para obtener la suma de cuadrados. Estos [&hellip;]<\/p>\n","protected":false},"author":1,"featured_media":0,"parent":0,"menu_order":0,"comment_status":"open","ping_status":"closed","template":"","meta":{"ub_ctt_via":"","footnotes":""},"class_list":["post-245","page","type-page","status-publish","hentry"],"featured_image_src":null,"yoast_head":"<!-- This site is optimized with the Yoast SEO plugin v25.4 - https:\/\/yoast.com\/wordpress\/plugins\/seo\/ -->\n<title>\u00bfc\u00f3mo sumar cuadrados en excel?<\/title>\n<meta name=\"robots\" content=\"index, follow, max-snippet:-1, max-image-preview:large, max-video-preview:-1\" \/>\n<link rel=\"canonical\" href=\"https:\/\/exceladvisor.org\/es\/suma-de-cuadrados-2\/\" \/>\n<meta property=\"og:locale\" content=\"es_ES\" \/>\n<meta property=\"og:type\" content=\"article\" \/>\n<meta property=\"og:title\" content=\"\u00bfc\u00f3mo sumar cuadrados en excel?\" \/>\n<meta property=\"og:description\" content=\"En Excel, existe una funci\u00f3n espec\u00edfica que puedes utilizar para calcular la suma de los cuadrados de n\u00fameros en una sola celda. Esta funci\u00f3n se llama SUMA. Y haga referencia a un rango de celdas o puede ingresar valores directamente en la funci\u00f3n para obtener el resultado. F\u00f3rmula para obtener la suma de cuadrados. Estos [&hellip;]\" \/>\n<meta property=\"og:url\" content=\"https:\/\/exceladvisor.org\/es\/suma-de-cuadrados-2\/\" \/>\n<meta property=\"og:site_name\" content=\"Excel Advisor\" \/>\n<meta property=\"article:modified_time\" content=\"2023-12-25T10:27:28+00:00\" \/>\n<meta property=\"og:image\" content=\"https:\/\/exceladvisor.org\/wp-content\/uploads\/2023\/08\/1-somme-des-carres.png\" \/>\n<meta name=\"twitter:card\" content=\"summary_large_image\" \/>\n<meta name=\"twitter:label1\" content=\"Tiempo de lectura\" \/>\n\t<meta name=\"twitter:data1\" content=\"2 minutos\" \/>\n<script type=\"application\/ld+json\" class=\"yoast-schema-graph\">{\"@context\":\"https:\/\/schema.org\",\"@graph\":[{\"@type\":\"WebPage\",\"@id\":\"https:\/\/exceladvisor.org\/es\/suma-de-cuadrados-2\/\",\"url\":\"https:\/\/exceladvisor.org\/es\/suma-de-cuadrados-2\/\",\"name\":\"\u00bfc\u00f3mo sumar cuadrados en excel?\",\"isPartOf\":{\"@id\":\"https:\/\/exceladvisor.org\/es\/#website\"},\"primaryImageOfPage\":{\"@id\":\"https:\/\/exceladvisor.org\/es\/suma-de-cuadrados-2\/#primaryimage\"},\"image\":{\"@id\":\"https:\/\/exceladvisor.org\/es\/suma-de-cuadrados-2\/#primaryimage\"},\"thumbnailUrl\":\"https:\/\/exceladvisor.org\/wp-content\/uploads\/2023\/08\/1-somme-des-carres.png\",\"datePublished\":\"2023-11-09T22:59:40+00:00\",\"dateModified\":\"2023-12-25T10:27:28+00:00\",\"breadcrumb\":{\"@id\":\"https:\/\/exceladvisor.org\/es\/suma-de-cuadrados-2\/#breadcrumb\"},\"inLanguage\":\"es\",\"potentialAction\":[{\"@type\":\"ReadAction\",\"target\":[\"https:\/\/exceladvisor.org\/es\/suma-de-cuadrados-2\/\"]}]},{\"@type\":\"ImageObject\",\"inLanguage\":\"es\",\"@id\":\"https:\/\/exceladvisor.org\/es\/suma-de-cuadrados-2\/#primaryimage\",\"url\":\"https:\/\/exceladvisor.org\/wp-content\/uploads\/2023\/08\/1-somme-des-carres.png\",\"contentUrl\":\"https:\/\/exceladvisor.org\/wp-content\/uploads\/2023\/08\/1-somme-des-carres.png\"},{\"@type\":\"BreadcrumbList\",\"@id\":\"https:\/\/exceladvisor.org\/es\/suma-de-cuadrados-2\/#breadcrumb\",\"itemListElement\":[{\"@type\":\"ListItem\",\"position\":1,\"name\":\"Hogar\",\"item\":\"https:\/\/exceladvisor.org\/es\/\"},{\"@type\":\"ListItem\",\"position\":2,\"name\":\"\u00bfc\u00f3mo sumar cuadrados en excel?\"}]},{\"@type\":\"WebSite\",\"@id\":\"https:\/\/exceladvisor.org\/es\/#website\",\"url\":\"https:\/\/exceladvisor.org\/es\/\",\"name\":\"Excel Advisor\",\"description\":\"Su gu\u00eda para la dominaci\u00f3n de datos!\",\"publisher\":{\"@id\":\"https:\/\/exceladvisor.org\/es\/#organization\"},\"potentialAction\":[{\"@type\":\"SearchAction\",\"target\":{\"@type\":\"EntryPoint\",\"urlTemplate\":\"https:\/\/exceladvisor.org\/es\/?s={search_term_string}\"},\"query-input\":{\"@type\":\"PropertyValueSpecification\",\"valueRequired\":true,\"valueName\":\"search_term_string\"}}],\"inLanguage\":\"es\"},{\"@type\":\"Organization\",\"@id\":\"https:\/\/exceladvisor.org\/es\/#organization\",\"name\":\"Excel Advisor\",\"url\":\"https:\/\/exceladvisor.org\/es\/\",\"logo\":{\"@type\":\"ImageObject\",\"inLanguage\":\"es\",\"@id\":\"https:\/\/exceladvisor.org\/es\/#\/schema\/logo\/image\/\",\"url\":\"https:\/\/exceladvisor.org\/es\/wp-content\/uploads\/2023\/12\/exceladvisor.org_.png\",\"contentUrl\":\"https:\/\/exceladvisor.org\/es\/wp-content\/uploads\/2023\/12\/exceladvisor.org_.png\",\"width\":105,\"height\":36,\"caption\":\"Excel Advisor\"},\"image\":{\"@id\":\"https:\/\/exceladvisor.org\/es\/#\/schema\/logo\/image\/\"}}]}<\/script>\n<!-- \/ Yoast SEO plugin. -->","yoast_head_json":{"title":"\u00bfc\u00f3mo sumar cuadrados en excel?","robots":{"index":"index","follow":"follow","max-snippet":"max-snippet:-1","max-image-preview":"max-image-preview:large","max-video-preview":"max-video-preview:-1"},"canonical":"https:\/\/exceladvisor.org\/es\/suma-de-cuadrados-2\/","og_locale":"es_ES","og_type":"article","og_title":"\u00bfc\u00f3mo sumar cuadrados en excel?","og_description":"En Excel, existe una funci\u00f3n espec\u00edfica que puedes utilizar para calcular la suma de los cuadrados de n\u00fameros en una sola celda. Esta funci\u00f3n se llama SUMA. Y haga referencia a un rango de celdas o puede ingresar valores directamente en la funci\u00f3n para obtener el resultado. F\u00f3rmula para obtener la suma de cuadrados. Estos [&hellip;]","og_url":"https:\/\/exceladvisor.org\/es\/suma-de-cuadrados-2\/","og_site_name":"Excel Advisor","article_modified_time":"2023-12-25T10:27:28+00:00","og_image":[{"url":"https:\/\/exceladvisor.org\/wp-content\/uploads\/2023\/08\/1-somme-des-carres.png","type":"","width":"","height":""}],"twitter_card":"summary_large_image","twitter_misc":{"Tiempo de lectura":"2 minutos"},"schema":{"@context":"https:\/\/schema.org","@graph":[{"@type":"WebPage","@id":"https:\/\/exceladvisor.org\/es\/suma-de-cuadrados-2\/","url":"https:\/\/exceladvisor.org\/es\/suma-de-cuadrados-2\/","name":"\u00bfc\u00f3mo sumar cuadrados en excel?","isPartOf":{"@id":"https:\/\/exceladvisor.org\/es\/#website"},"primaryImageOfPage":{"@id":"https:\/\/exceladvisor.org\/es\/suma-de-cuadrados-2\/#primaryimage"},"image":{"@id":"https:\/\/exceladvisor.org\/es\/suma-de-cuadrados-2\/#primaryimage"},"thumbnailUrl":"https:\/\/exceladvisor.org\/wp-content\/uploads\/2023\/08\/1-somme-des-carres.png","datePublished":"2023-11-09T22:59:40+00:00","dateModified":"2023-12-25T10:27:28+00:00","breadcrumb":{"@id":"https:\/\/exceladvisor.org\/es\/suma-de-cuadrados-2\/#breadcrumb"},"inLanguage":"es","potentialAction":[{"@type":"ReadAction","target":["https:\/\/exceladvisor.org\/es\/suma-de-cuadrados-2\/"]}]},{"@type":"ImageObject","inLanguage":"es","@id":"https:\/\/exceladvisor.org\/es\/suma-de-cuadrados-2\/#primaryimage","url":"https:\/\/exceladvisor.org\/wp-content\/uploads\/2023\/08\/1-somme-des-carres.png","contentUrl":"https:\/\/exceladvisor.org\/wp-content\/uploads\/2023\/08\/1-somme-des-carres.png"},{"@type":"BreadcrumbList","@id":"https:\/\/exceladvisor.org\/es\/suma-de-cuadrados-2\/#breadcrumb","itemListElement":[{"@type":"ListItem","position":1,"name":"Hogar","item":"https:\/\/exceladvisor.org\/es\/"},{"@type":"ListItem","position":2,"name":"\u00bfc\u00f3mo sumar cuadrados en excel?"}]},{"@type":"WebSite","@id":"https:\/\/exceladvisor.org\/es\/#website","url":"https:\/\/exceladvisor.org\/es\/","name":"Excel Advisor","description":"Su gu\u00eda para la dominaci\u00f3n de datos!","publisher":{"@id":"https:\/\/exceladvisor.org\/es\/#organization"},"potentialAction":[{"@type":"SearchAction","target":{"@type":"EntryPoint","urlTemplate":"https:\/\/exceladvisor.org\/es\/?s={search_term_string}"},"query-input":{"@type":"PropertyValueSpecification","valueRequired":true,"valueName":"search_term_string"}}],"inLanguage":"es"},{"@type":"Organization","@id":"https:\/\/exceladvisor.org\/es\/#organization","name":"Excel Advisor","url":"https:\/\/exceladvisor.org\/es\/","logo":{"@type":"ImageObject","inLanguage":"es","@id":"https:\/\/exceladvisor.org\/es\/#\/schema\/logo\/image\/","url":"https:\/\/exceladvisor.org\/es\/wp-content\/uploads\/2023\/12\/exceladvisor.org_.png","contentUrl":"https:\/\/exceladvisor.org\/es\/wp-content\/uploads\/2023\/12\/exceladvisor.org_.png","width":105,"height":36,"caption":"Excel Advisor"},"image":{"@id":"https:\/\/exceladvisor.org\/es\/#\/schema\/logo\/image\/"}}]}},"yoast_meta":{"yoast_wpseo_title":"","yoast_wpseo_metadesc":"","yoast_wpseo_canonical":""},"_links":{"self":[{"href":"https:\/\/exceladvisor.org\/es\/wp-json\/wp\/v2\/pages\/245","targetHints":{"allow":["GET"]}}],"collection":[{"href":"https:\/\/exceladvisor.org\/es\/wp-json\/wp\/v2\/pages"}],"about":[{"href":"https:\/\/exceladvisor.org\/es\/wp-json\/wp\/v2\/types\/page"}],"author":[{"embeddable":true,"href":"https:\/\/exceladvisor.org\/es\/wp-json\/wp\/v2\/users\/1"}],"replies":[{"embeddable":true,"href":"https:\/\/exceladvisor.org\/es\/wp-json\/wp\/v2\/comments?post=245"}],"version-history":[{"count":1,"href":"https:\/\/exceladvisor.org\/es\/wp-json\/wp\/v2\/pages\/245\/revisions"}],"predecessor-version":[{"id":1202,"href":"https:\/\/exceladvisor.org\/es\/wp-json\/wp\/v2\/pages\/245\/revisions\/1202"}],"wp:attachment":[{"href":"https:\/\/exceladvisor.org\/es\/wp-json\/wp\/v2\/media?parent=245"}],"curies":[{"name":"wp","href":"https:\/\/api.w.org\/{rel}","templated":true}]}}