{"id":248,"date":"2023-11-09T19:39:46","date_gmt":"2023-11-09T19:39:46","guid":{"rendered":"https:\/\/exceladvisor.org\/es\/mapa-de-calor\/"},"modified":"2023-12-25T10:25:19","modified_gmt":"2023-12-25T10:25:19","slug":"mapa-de-calor","status":"publish","type":"page","link":"https:\/\/exceladvisor.org\/es\/mapa-de-calor\/","title":{"rendered":"\u00bfc\u00f3mo crear un mapa de calor en excel?"},"content":{"rendered":"<div class=\"excel-antes-del-contenido\" id=\"excel-4070013381\"><script type=\"text\/javascript\">\r\n\tatOptions = {\r\n\t\t'key' : 'c1158f160081d6540a8409e6925dab94',\r\n\t\t'format' : 'iframe',\r\n\t\t'height' : 250,\r\n\t\t'width' : 300,\r\n\t\t'params' : {}\r\n\t};\r\n<\/script>\r\n<script type=\"text\/javascript\" src=\"\/\/www.highperformanceformat.com\/c1158f160081d6540a8409e6925dab94\/invoke.js\"><\/script><\/div><p>Las im\u00e1genes siempre son f\u00e1cilmente comprensibles en relaci\u00f3n con los valores. Incluso en Excel, cuando se <a style=\"outline: none;\" href=\"https:\/\/exceladvisor.org\/es\/graficos-avanzados\/\">utiliza un gr\u00e1fico (avanzado o b\u00e1sico)<\/a> que es f\u00e1cil de entender para el usuario.<\/p>\n<p> Pero no siempre podemos seguir este camino, porque la mayor\u00eda de las veces necesitamos presentar nuestros datos en tablas u otros formatos de informes.<\/p>\n<p> <span style=\"font-size: 1em;\">Para afrontar este tipo de situaciones en Excel, descubr\u00ed que un mapa de calor es la mejor soluci\u00f3n. Esto nos ayuda a presentar los datos con un efecto visual y sin cambiar la estructura real de los datos.<\/span><\/p>\n<h2 class=\"wp-block-heading\"> \u00bfQu\u00e9 es un MAPA DE CALOR en Excel?<\/h2>\n<p> En Excel, un mapa de calor es una presentaci\u00f3n de datos que utiliza un tono de color en cada celda del rango de manera comparativa para que el usuario pueda entenderlo f\u00e1cilmente. Parece un mapa con diferentes colores, de oscuro a claro, para representar la ponderaci\u00f3n del valor en la celda.<\/p>\n<p> A continuaci\u00f3n se muestra un ejemplo de un mapa de calor simple donde tenemos datos por \u00e1rea y mes y para cada celda donde tenemos un valor de ventas, se aplica una muestra de color en la celda. <\/p>\n<div class=\"wp-block-image\">\n<figure class=\"aligncenter\"><img decoding=\"async\" src=\"https:\/\/exceladvisor.org\/wp-content\/uploads\/2023\/08\/une-carte-de-chaleur-simple-dans-excel-1.png\" sizes=\"\" srcset=\"\" alt=\"un mapa de calor simple en excel\"><\/figure>\n<\/div>\n<p> Y este tono de color nos ayuda a comparar r\u00e1pidamente los valores de las celdas entre s\u00ed. La celda con el valor m\u00e1s alto tiene el color verde y la celda con el valor m\u00e1s bajo tiene el rojo, y todas las celdas del medio tienen un color amarillo.<\/p>\n<p> Todos los valores entre el valor m\u00e1s alto y el m\u00e1s bajo tienen un tono de color seg\u00fan su clasificaci\u00f3n. Pero puedes crear manualmente un mapa de calor como este porque siempre es posible aplicar color a una celda en funci\u00f3n de sus valores.<\/p>\n<p> Ahora la cuesti\u00f3n es que ya sabes cu\u00e1les son las posibles formas de crear un mapa de calor en Excel. Y, si me preguntas, hay m\u00e1s de tres. Entonces, en este art\u00edculo, compartir\u00e9 todas las formas posibles de crear un mapa de calor en Excel.<\/p>\n<blockquote class=\"wp-block-quote\">\n<p> <strong>Cuando imprimes un mapa de calor en papel, parece realmente desagradable, especialmente cuando usas una impresora en blanco y negro. Todos los tonos solo tienen blanco y negro, lo cual no es f\u00e1cil de entender para nadie.<\/strong><\/p>\n<\/blockquote>\n<h2 class=\"wp-block-heading\"> Cree un mapa de calor en Excel usando formato condicional<\/h2>\n<p> Si no desea hacer un esfuerzo adicional y ahorrar tiempo, puede crear un mapa de calor simple utilizando formato condicional. Estoy usando los mismos datos como muestra ( <a href=\"https:\/\/exceladvisor.org\/wp-content\/uploads\/2023\/11\/carte-thermique-des-donnees-excel.xlsx\" rel=\"nofollow\">ENLACE DE DESCARGA<\/a> ) aqu\u00ed que les mostr\u00e9 al principio de esta publicaci\u00f3n. <\/p>\n<div class=\"wp-block-image\">\n<figure class=\"aligncenter\"><img decoding=\"async\" src=\"https:\/\/exceladvisor.org\/wp-content\/uploads\/2023\/08\/Tableau-de-donnees-pour-creer-un-modele-de-carte-thermique-Excel-a-laide-dechelles-de-couleurs-de-mise-en-forme-conditionnelle-1.png\" sizes=\"\" srcset=\"\" alt=\"Tabla de datos para crear una plantilla de mapa de calor de Excel usando escalas de colores de formato condicional\"><\/figure>\n<\/div>\n<p> Para crear un mapa de calor en Excel, debe seguir los pasos a continuaci\u00f3n:<\/p>\n<ol>\n<li> Primero, seleccione los datos sobre los que desea aplicar el mapa de calor (aqu\u00ed debe seleccionar todas las celdas donde tiene valores de ventas)<\/li>\n<li> Despu\u00e9s de eso, vaya a la pesta\u00f1a Inicio \u279c Estilos \u279c Formato condicional.<\/li>\n<li> En las opciones de Formato condicional, seleccione escalas de color. (Hay seis tipos diferentes de escalas de colores para elegir). <br \/><img decoding=\"async\" title=\"Seis escalas de colores de formato condicional para crear una plantilla de mapa de calor en Excel\" src=\"https:\/\/exceladvisor.org\/wp-content\/uploads\/2023\/08\/Six-echelles-de-couleurs-de-mise-en-forme-conditionnelle-pour-creer-un-modele-de-carte-thermique-Excel-1.png\" sizes=\"\" srcset=\"\" alt=\"Six Conditional Formatting Color Scales To Create A Excel Heat Map Template\"><\/li>\n<li> Una vez que seleccione una opci\u00f3n, todas las celdas obtendr\u00e1n un tono de color seg\u00fan el valor que tengan y obtendr\u00e1 un mapa de calor como el que se muestra a continuaci\u00f3n. <br \/><img decoding=\"async\" title=\"un-mapa-de-calor-simple-en-excel\" src=\"https:\/\/exceladvisor.org\/wp-content\/uploads\/2023\/08\/une-carte-de-chaleur-simple-dans-excel-1.png\" sizes=\"\" srcset=\"\" alt=\"a simple heat map in excel\"><\/li>\n<li> Y, si desea ocultar el valor y mostrar solo el color compartido, puede utilizar un formato personalizado para ello.<\/li>\n<li> Para ello, en primer lugar, seleccione los datos del mapa de calor y abra las opciones de formato (Ctrl + 1).<\/li>\n<li> Ahora en la pesta\u00f1a de n\u00fameros, vaya a personalizado e ingrese ;;; y al final haga clic en Aceptar. <br \/><img decoding=\"async\" title=\"Formato-personalizado-para-crear-una-plantilla-de-mapa-de-calor-de-Excel-usando-escalas-de-color\" src=\"https:\/\/exceladvisor.org\/wp-content\/uploads\/2023\/08\/Formatage-personnalise-pour-creer-un-modele-de-carte-thermique-Excel-a-laide-dechelles-de-couleurs.png\" sizes=\"\" srcset=\"\" alt=\"Custom Formatting To Create A Excel Heat Map Template Using Color Scales\"><\/li>\n<li> Una vez que haga clic en Aceptar, todos los n\u00fameros quedar\u00e1n ocultos en las celdas. Bueno, est\u00e1n en las celdas pero escondidos. <br \/><img decoding=\"async\" title=\"Una-plantilla-de-mapa-de-calor-de-Excel-simple-usando-escalas-de-color\" src=\"https:\/\/exceladvisor.org\/wp-content\/uploads\/2023\/08\/Un-modele-de-carte-thermique-Excel-simple-utilisant-des-echelles-de-couleurs.png\" sizes=\"\" srcset=\"\" alt=\"A Simple Excel Heat Map Template Using Color Scales\"><\/li>\n<\/ol>\n<h2 id=\"tab-con-2\" class=\"wp-block-heading\"> Pasos para agregar un mapa de calor a una tabla din\u00e1mica<\/h2>\n<p> Tambi\u00e9n puede utilizar calor en una tabla din\u00e1mica <a href=\"https:\/\/exceladvisor.org\/es\/aplicar-formato-condicional\/\">aplicando formato condicional<\/a> . Estos son los pasos a seguir:<\/p>\n<ul>\n<li> Seleccione una de las celdas de la tabla din\u00e1mica.<\/li>\n<li> Vaya a la pesta\u00f1a Inicio \u279c Estilos \u279c Formato condicional.<\/li>\n<li> En las opciones de Formato condicional, seleccione escalas de color. <\/li>\n<\/ul>\n<div class=\"wp-block-image\">\n<figure class=\"aligncenter\"><img decoding=\"async\" src=\"https:\/\/exceladvisor.org\/wp-content\/uploads\/2023\/08\/Tableau-croise-dynamique-pour-creer-un-modele-de-carte-thermique-Excel-1.png\" sizes=\"\" srcset=\"\" alt=\"Tabla din\u00e1mica para crear una plantilla de mapa de calor en Excel\"><\/figure>\n<\/div>\n<p> Adem\u00e1s, si desea ocultar n\u00fameros (lo cual no recomiendo), siga estos sencillos pasos.<\/p>\n<ol>\n<li> Seleccione una de las celdas de la tabla din\u00e1mica.<\/li>\n<li> Vaya a la pesta\u00f1a Analizar \u279c Campo activo \u279c Configuraci\u00f3n de campo. <br \/><img decoding=\"async\" title=\"Cambie el formato de n\u00famero de tabla din\u00e1mica para crear una plantilla de mapa de calor de Excel\" src=\"https:\/\/exceladvisor.org\/wp-content\/uploads\/2023\/08\/Changer-le-format-du-tableau-croise-dynamique-pour-creer-un-modele-de-carte-thermique-Excel.png\" sizes=\"\" srcset=\"\" alt=\"Change Pivot Table Number Format To Create A Excel Heat Map Template\"><\/li>\n<li> Haga clic en el formato del n\u00famero.<\/li>\n<li> En la pesta\u00f1a de n\u00fameros, vaya a personalizado e ingrese ;;; en especie.<\/li>\n<li> Haga clic en Aceptar.<\/li>\n<\/ol>\n<p> Puede descargar este archivo de muestra desde aqu\u00ed para saber c\u00f3mo podemos <a href=\"https:\/\/exceladvisor.org\/es\/vincular-la-segmentacion-de-datos-a-varias-tablas-dinamicas\/\">usar una segmentaci\u00f3n<\/a> con un pivote de mapa de calor.<\/p>\n<h2 id=\"tab-con-3\" class=\"wp-block-heading\"> Pasos para crear un mapa de calor din\u00e1mico en Excel<\/h2>\n<p> Puede crear un mapa de calor din\u00e1mico si desea ocultarlo\/mostrar seg\u00fan sus necesidades. <\/p>\n<div class=\"wp-block-image\">\n<figure class=\"aligncenter\"><img decoding=\"async\" src=\"https:\/\/exceladvisor.org\/wp-content\/uploads\/2023\/08\/un-modele-de-carte-thermique-dynamique-dans-excel.gif\" sizes=\"\" srcset=\"\" alt=\"una plantilla de mapa de calor din\u00e1mico en excel\"><\/figure>\n<\/div>\n<p> A continuaci\u00f3n se muestra la tabla que utilizamos para crear un mapa de calor din\u00e1mico. <\/p>\n<div class=\"wp-block-image\">\n<figure class=\"aligncenter\"><img decoding=\"async\" src=\"https:\/\/exceladvisor.org\/wp-content\/uploads\/2023\/08\/Tableau-pour-creer-un-modele-de-carte-thermique-Excel-1.png\" sizes=\"\" srcset=\"\" alt=\"Tabla para crear una plantilla de mapa de calor en Excel\"><\/figure>\n<\/div>\n<p> Y las siguientes cosas que debemos incorporar.<\/p>\n<ol>\n<li> Opci\u00f3n para cambiar entre mapa de calor y n\u00fameros.<\/li>\n<li> Tabla de actualizaci\u00f3n autom\u00e1tica con mapa de calor al agregar nuevos datos.<\/li>\n<\/ol>\n<p> He aqu\u00ed c\u00f3mo hacerlo: <\/p>\n<div class=\"wp-block-image\">\n<figure class=\"aligncenter\"><img decoding=\"async\" src=\"https:\/\/exceladvisor.org\/wp-content\/uploads\/2023\/08\/Inserer-une-case-a-cocher-pour-creer-un-modele-de-carte-thermique-Excel-dynamique-e1463472556186.png\" sizes=\"\" srcset=\"\" alt=\"Inserte una casilla de verificaci\u00f3n para crear una plantilla din\u00e1mica de mapa de calor de Excel\"><\/figure>\n<\/div>\n<p> Ahora tienes un mapa de calor din\u00e1mico que puedes controlar con una casilla de verificaci\u00f3n. <\/p>\n<div class=\"wp-block-image\">\n<figure class=\"aligncenter\"><img decoding=\"async\" src=\"https:\/\/exceladvisor.org\/wp-content\/uploads\/2023\/08\/carte-thermique-dynamique-finale-dans-Excel-a-laide-dune-case-a-cocher-1.gif\" sizes=\"\" srcset=\"\" alt=\"mapa de calor din\u00e1mico final en Excel usando una casilla de verificaci\u00f3n\"><\/figure>\n<\/div>\n<p> Y si desea ocultar n\u00fameros cuando marca la casilla marcada, debe crear una regla de formato condicional separada. He aqu\u00ed c\u00f3mo hacerlo:<\/p>\n<ol>\n<li> Abra el cuadro de di\u00e1logo Nueva regla de formato condicional.<\/li>\n<li> Seleccione \u00abUsar una f\u00f3rmula para seleccionar la celda a formatear\u00bb e ingrese la f\u00f3rmula a continuaci\u00f3n. <img decoding=\"async\" style=\"display: block; margin-left: auto; margin-right: auto;\" title=\"Formato-personalizado-para-crear-un-modelo-din\u00e1mico-de-mapa-calor-de-Excel\" src=\"https:\/\/exceladvisor.org\/wp-content\/uploads\/2023\/08\/Formatage-personnalise-pour-creer-un-modele-de-carte-thermique-Excel-dynamique.png\" sizes=\"\" srcset=\"\" alt=\"Use Conditional Formatting Pop Up Box To Create Excel Heat Map Template\">\n<ul>\n<li> = <a href=\"https:\/\/exceladvisor.org\/es\/a\/\" target=\"_blank\" rel=\"noopener noreferrer\">SI<\/a> ($K$1=VERDADERO,VERDADERO,FALSO)<\/li>\n<\/ul>\n<\/li>\n<li> Ahora especifique el formato de n\u00famero personalizado. <br \/><img decoding=\"async\" title=\"Formato-personalizado-para-crear-una-plantilla-de-mapa-de-calor-de-Excel-usando-escalas-de-color\" src=\"https:\/\/exceladvisor.org\/wp-content\/uploads\/2023\/08\/Formatage-personnalise-pour-creer-un-modele-de-carte-thermique-Excel-a-laide-dechelles-de-couleurs.png\" sizes=\"\" srcset=\"\" alt=\"Custom Formatting To Create A Excel Heat Map Template Using Color Scales\"><\/li>\n<\/ol>\n<p> Despu\u00e9s de aplicar todas las personalizaciones anteriores, obtendr\u00e1 un mapa de calor din\u00e1mico.<\/p>\n<h2 class=\"wp-block-heading\"> M\u00e1s informaci\u00f3n<\/h2>\n<p> Estos comieron algunos enlaces para ayudarte a elegir tu paleta de colores favorita.<\/p>\n<ol>\n<li> <a style=\"outline: none;\" href=\"http:\/\/hex.colorrrs.com\/\" target=\"_blank\" rel=\"nofollow noopener noreferrer\">Colores hexagonales<\/a><\/li>\n<li> <a style=\"outline: none;\" href=\"http:\/\/colorbrewer2.org\/\" target=\"_blank\" rel=\"nofollow noopener noreferrer\">cervecero de color<\/a><\/li>\n<\/ol>\n<h2 class=\"wp-block-heading\"> Archivo de ejemplo<\/h2>\n<p> <a style=\"outline: none;\" href=\"https:\/\/exceladvisor.org\/wp-content\/uploads\/2023\/11\/modele-de-carte-thermique-excel.xlsx\" rel=\"nofollow\">Descargue este ejemplo aqu\u00ed<\/a> para obtener m\u00e1s informaci\u00f3n.<\/p>\n<h2 class=\"wp-block-heading\"> Conclusi\u00f3n<\/h2>\n<p> Imag\u00ednese, si observa un conjunto de datos grande, es muy dif\u00edcil identificar los valores m\u00e1s bajos o m\u00e1s altos, pero si tiene un mapa de calor, es f\u00e1cil identificarlos.<\/p>\n<p> Puede utilizar diferentes combinaciones de colores para ilustrar un mapa de calor. Y, si puede hacer un esfuerzo adicional, un mapa de calor din\u00e1mico es la mejor soluci\u00f3n. Espero que estos consejos te ayuden a mejorar en Excel y ahora digan una cosa.<\/p>\n<p> <strong>\u00bfCrees que un mapa de calor te puede resultar \u00fatil en tu trabajo?<\/strong><\/p>\n<p> Comparta sus pensamientos conmigo en la secci\u00f3n de comentarios, me encantar\u00eda saber de usted. Y no olvides compartir este consejo con tus amigos.<\/p>\n<div class=\"gb-container gb-container-a61970aa gb-container-mt\"> <a class=\"gb-button gb-button-b4293c6c gb-button-text gb-button-mt-button\" href=\"https:\/\/exceladvisor.org\/es\/graficos-de-excel\/\">Tipos de gr\u00e1ficos de Excel<\/a><\/p>\n<h2 class=\"gb-headline gb-headline-5bf2e581 gb-headline-text gb-headline-mt-heading\"> Tutoriales relacionados <\/h2>\n<div class=\"gb-grid-wrapper gb-grid-wrapper-9b70abf1 gb-grid-wrapper-mt-grid\">\n<div class=\"gb-grid-column gb-grid-column-97a95c29\">\n<div class=\"gb-container gb-container-97a95c29\">\n<ul>\n<li> <a href=\"https:\/\/exceladvisor.org\/es\/grafico-de-gofres\/\">TABLERO EN RELIEVE<\/a><\/li>\n<li> <a href=\"https:\/\/exceladvisor.org\/es\/grafico-de-embudo\/\">gr\u00e1fico de embudo<\/a><\/li>\n<li> <a href=\"https:\/\/exceladvisor.org\/es\/grafico-de-gantt\/\">Gr\u00e1fico de gantt<\/a><\/li>\n<li> <a href=\"https:\/\/exceladvisor.org\/es\/tabla-de-tornados\/\">gr\u00e1fico de tornado<\/a><\/li>\n<li> <a href=\"https:\/\/exceladvisor.org\/es\/graficos-avanzados\/\">Gr\u00e1ficos avanzados de Excel<\/a> <\/li>\n<\/ul>\n<\/div>\n<\/div>\n<div class=\"gb-grid-column gb-grid-column-0636840f\">\n<div class=\"gb-container gb-container-0636840f\"><\/div>\n<\/div>\n<\/div>\n<\/div>\n","protected":false},"excerpt":{"rendered":"<p>Las im\u00e1genes siempre son f\u00e1cilmente comprensibles en relaci\u00f3n con los valores. Incluso en Excel, cuando se utiliza un gr\u00e1fico (avanzado o b\u00e1sico) que es f\u00e1cil de entender para el usuario. Pero no siempre podemos seguir este camino, porque la mayor\u00eda de las veces necesitamos presentar nuestros datos en tablas u otros formatos de informes. Para [&hellip;]<\/p>\n","protected":false},"author":1,"featured_media":0,"parent":0,"menu_order":0,"comment_status":"open","ping_status":"closed","template":"","meta":{"ub_ctt_via":"","footnotes":""},"class_list":["post-248","page","type-page","status-publish","hentry"],"featured_image_src":null,"yoast_head":"<!-- This site is optimized with the Yoast SEO plugin v25.4 - https:\/\/yoast.com\/wordpress\/plugins\/seo\/ -->\n<title>\u00bfc\u00f3mo crear un mapa de calor en excel?<\/title>\n<meta name=\"robots\" content=\"index, follow, max-snippet:-1, max-image-preview:large, max-video-preview:-1\" \/>\n<link rel=\"canonical\" href=\"https:\/\/exceladvisor.org\/es\/mapa-de-calor\/\" \/>\n<meta property=\"og:locale\" content=\"es_ES\" \/>\n<meta property=\"og:type\" content=\"article\" \/>\n<meta property=\"og:title\" content=\"\u00bfc\u00f3mo crear un mapa de calor en excel?\" \/>\n<meta property=\"og:description\" content=\"Las im\u00e1genes siempre son f\u00e1cilmente comprensibles en relaci\u00f3n con los valores. Incluso en Excel, cuando se utiliza un gr\u00e1fico (avanzado o b\u00e1sico) que es f\u00e1cil de entender para el usuario. Pero no siempre podemos seguir este camino, porque la mayor\u00eda de las veces necesitamos presentar nuestros datos en tablas u otros formatos de informes. Para [&hellip;]\" \/>\n<meta property=\"og:url\" content=\"https:\/\/exceladvisor.org\/es\/mapa-de-calor\/\" \/>\n<meta property=\"og:site_name\" content=\"Excel Advisor\" \/>\n<meta property=\"article:modified_time\" content=\"2023-12-25T10:25:19+00:00\" \/>\n<meta property=\"og:image\" content=\"https:\/\/exceladvisor.org\/wp-content\/uploads\/2023\/08\/une-carte-de-chaleur-simple-dans-excel-1.png\" \/>\n<meta name=\"twitter:card\" content=\"summary_large_image\" \/>\n<meta name=\"twitter:label1\" content=\"Tiempo de lectura\" \/>\n\t<meta name=\"twitter:data1\" content=\"6 minutos\" \/>\n<script type=\"application\/ld+json\" class=\"yoast-schema-graph\">{\"@context\":\"https:\/\/schema.org\",\"@graph\":[{\"@type\":\"WebPage\",\"@id\":\"https:\/\/exceladvisor.org\/es\/mapa-de-calor\/\",\"url\":\"https:\/\/exceladvisor.org\/es\/mapa-de-calor\/\",\"name\":\"\u00bfc\u00f3mo crear un mapa de calor en excel?\",\"isPartOf\":{\"@id\":\"https:\/\/exceladvisor.org\/es\/#website\"},\"primaryImageOfPage\":{\"@id\":\"https:\/\/exceladvisor.org\/es\/mapa-de-calor\/#primaryimage\"},\"image\":{\"@id\":\"https:\/\/exceladvisor.org\/es\/mapa-de-calor\/#primaryimage\"},\"thumbnailUrl\":\"https:\/\/exceladvisor.org\/wp-content\/uploads\/2023\/08\/une-carte-de-chaleur-simple-dans-excel-1.png\",\"datePublished\":\"2023-11-09T19:39:46+00:00\",\"dateModified\":\"2023-12-25T10:25:19+00:00\",\"breadcrumb\":{\"@id\":\"https:\/\/exceladvisor.org\/es\/mapa-de-calor\/#breadcrumb\"},\"inLanguage\":\"es\",\"potentialAction\":[{\"@type\":\"ReadAction\",\"target\":[\"https:\/\/exceladvisor.org\/es\/mapa-de-calor\/\"]}]},{\"@type\":\"ImageObject\",\"inLanguage\":\"es\",\"@id\":\"https:\/\/exceladvisor.org\/es\/mapa-de-calor\/#primaryimage\",\"url\":\"https:\/\/exceladvisor.org\/wp-content\/uploads\/2023\/08\/une-carte-de-chaleur-simple-dans-excel-1.png\",\"contentUrl\":\"https:\/\/exceladvisor.org\/wp-content\/uploads\/2023\/08\/une-carte-de-chaleur-simple-dans-excel-1.png\"},{\"@type\":\"BreadcrumbList\",\"@id\":\"https:\/\/exceladvisor.org\/es\/mapa-de-calor\/#breadcrumb\",\"itemListElement\":[{\"@type\":\"ListItem\",\"position\":1,\"name\":\"Hogar\",\"item\":\"https:\/\/exceladvisor.org\/es\/\"},{\"@type\":\"ListItem\",\"position\":2,\"name\":\"\u00bfc\u00f3mo crear un mapa de calor en excel?\"}]},{\"@type\":\"WebSite\",\"@id\":\"https:\/\/exceladvisor.org\/es\/#website\",\"url\":\"https:\/\/exceladvisor.org\/es\/\",\"name\":\"Excel Advisor\",\"description\":\"Su gu\u00eda para la dominaci\u00f3n de datos!\",\"publisher\":{\"@id\":\"https:\/\/exceladvisor.org\/es\/#organization\"},\"potentialAction\":[{\"@type\":\"SearchAction\",\"target\":{\"@type\":\"EntryPoint\",\"urlTemplate\":\"https:\/\/exceladvisor.org\/es\/?s={search_term_string}\"},\"query-input\":{\"@type\":\"PropertyValueSpecification\",\"valueRequired\":true,\"valueName\":\"search_term_string\"}}],\"inLanguage\":\"es\"},{\"@type\":\"Organization\",\"@id\":\"https:\/\/exceladvisor.org\/es\/#organization\",\"name\":\"Excel Advisor\",\"url\":\"https:\/\/exceladvisor.org\/es\/\",\"logo\":{\"@type\":\"ImageObject\",\"inLanguage\":\"es\",\"@id\":\"https:\/\/exceladvisor.org\/es\/#\/schema\/logo\/image\/\",\"url\":\"https:\/\/exceladvisor.org\/es\/wp-content\/uploads\/2023\/12\/exceladvisor.org_.png\",\"contentUrl\":\"https:\/\/exceladvisor.org\/es\/wp-content\/uploads\/2023\/12\/exceladvisor.org_.png\",\"width\":105,\"height\":36,\"caption\":\"Excel Advisor\"},\"image\":{\"@id\":\"https:\/\/exceladvisor.org\/es\/#\/schema\/logo\/image\/\"}}]}<\/script>\n<!-- \/ Yoast SEO plugin. -->","yoast_head_json":{"title":"\u00bfc\u00f3mo crear un mapa de calor en excel?","robots":{"index":"index","follow":"follow","max-snippet":"max-snippet:-1","max-image-preview":"max-image-preview:large","max-video-preview":"max-video-preview:-1"},"canonical":"https:\/\/exceladvisor.org\/es\/mapa-de-calor\/","og_locale":"es_ES","og_type":"article","og_title":"\u00bfc\u00f3mo crear un mapa de calor en excel?","og_description":"Las im\u00e1genes siempre son f\u00e1cilmente comprensibles en relaci\u00f3n con los valores. Incluso en Excel, cuando se utiliza un gr\u00e1fico (avanzado o b\u00e1sico) que es f\u00e1cil de entender para el usuario. Pero no siempre podemos seguir este camino, porque la mayor\u00eda de las veces necesitamos presentar nuestros datos en tablas u otros formatos de informes. Para [&hellip;]","og_url":"https:\/\/exceladvisor.org\/es\/mapa-de-calor\/","og_site_name":"Excel Advisor","article_modified_time":"2023-12-25T10:25:19+00:00","og_image":[{"url":"https:\/\/exceladvisor.org\/wp-content\/uploads\/2023\/08\/une-carte-de-chaleur-simple-dans-excel-1.png","type":"","width":"","height":""}],"twitter_card":"summary_large_image","twitter_misc":{"Tiempo de lectura":"6 minutos"},"schema":{"@context":"https:\/\/schema.org","@graph":[{"@type":"WebPage","@id":"https:\/\/exceladvisor.org\/es\/mapa-de-calor\/","url":"https:\/\/exceladvisor.org\/es\/mapa-de-calor\/","name":"\u00bfc\u00f3mo crear un mapa de calor en excel?","isPartOf":{"@id":"https:\/\/exceladvisor.org\/es\/#website"},"primaryImageOfPage":{"@id":"https:\/\/exceladvisor.org\/es\/mapa-de-calor\/#primaryimage"},"image":{"@id":"https:\/\/exceladvisor.org\/es\/mapa-de-calor\/#primaryimage"},"thumbnailUrl":"https:\/\/exceladvisor.org\/wp-content\/uploads\/2023\/08\/une-carte-de-chaleur-simple-dans-excel-1.png","datePublished":"2023-11-09T19:39:46+00:00","dateModified":"2023-12-25T10:25:19+00:00","breadcrumb":{"@id":"https:\/\/exceladvisor.org\/es\/mapa-de-calor\/#breadcrumb"},"inLanguage":"es","potentialAction":[{"@type":"ReadAction","target":["https:\/\/exceladvisor.org\/es\/mapa-de-calor\/"]}]},{"@type":"ImageObject","inLanguage":"es","@id":"https:\/\/exceladvisor.org\/es\/mapa-de-calor\/#primaryimage","url":"https:\/\/exceladvisor.org\/wp-content\/uploads\/2023\/08\/une-carte-de-chaleur-simple-dans-excel-1.png","contentUrl":"https:\/\/exceladvisor.org\/wp-content\/uploads\/2023\/08\/une-carte-de-chaleur-simple-dans-excel-1.png"},{"@type":"BreadcrumbList","@id":"https:\/\/exceladvisor.org\/es\/mapa-de-calor\/#breadcrumb","itemListElement":[{"@type":"ListItem","position":1,"name":"Hogar","item":"https:\/\/exceladvisor.org\/es\/"},{"@type":"ListItem","position":2,"name":"\u00bfc\u00f3mo crear un mapa de calor en excel?"}]},{"@type":"WebSite","@id":"https:\/\/exceladvisor.org\/es\/#website","url":"https:\/\/exceladvisor.org\/es\/","name":"Excel Advisor","description":"Su gu\u00eda para la dominaci\u00f3n de datos!","publisher":{"@id":"https:\/\/exceladvisor.org\/es\/#organization"},"potentialAction":[{"@type":"SearchAction","target":{"@type":"EntryPoint","urlTemplate":"https:\/\/exceladvisor.org\/es\/?s={search_term_string}"},"query-input":{"@type":"PropertyValueSpecification","valueRequired":true,"valueName":"search_term_string"}}],"inLanguage":"es"},{"@type":"Organization","@id":"https:\/\/exceladvisor.org\/es\/#organization","name":"Excel Advisor","url":"https:\/\/exceladvisor.org\/es\/","logo":{"@type":"ImageObject","inLanguage":"es","@id":"https:\/\/exceladvisor.org\/es\/#\/schema\/logo\/image\/","url":"https:\/\/exceladvisor.org\/es\/wp-content\/uploads\/2023\/12\/exceladvisor.org_.png","contentUrl":"https:\/\/exceladvisor.org\/es\/wp-content\/uploads\/2023\/12\/exceladvisor.org_.png","width":105,"height":36,"caption":"Excel Advisor"},"image":{"@id":"https:\/\/exceladvisor.org\/es\/#\/schema\/logo\/image\/"}}]}},"yoast_meta":{"yoast_wpseo_title":"","yoast_wpseo_metadesc":"","yoast_wpseo_canonical":""},"_links":{"self":[{"href":"https:\/\/exceladvisor.org\/es\/wp-json\/wp\/v2\/pages\/248","targetHints":{"allow":["GET"]}}],"collection":[{"href":"https:\/\/exceladvisor.org\/es\/wp-json\/wp\/v2\/pages"}],"about":[{"href":"https:\/\/exceladvisor.org\/es\/wp-json\/wp\/v2\/types\/page"}],"author":[{"embeddable":true,"href":"https:\/\/exceladvisor.org\/es\/wp-json\/wp\/v2\/users\/1"}],"replies":[{"embeddable":true,"href":"https:\/\/exceladvisor.org\/es\/wp-json\/wp\/v2\/comments?post=248"}],"version-history":[{"count":1,"href":"https:\/\/exceladvisor.org\/es\/wp-json\/wp\/v2\/pages\/248\/revisions"}],"predecessor-version":[{"id":1039,"href":"https:\/\/exceladvisor.org\/es\/wp-json\/wp\/v2\/pages\/248\/revisions\/1039"}],"wp:attachment":[{"href":"https:\/\/exceladvisor.org\/es\/wp-json\/wp\/v2\/media?parent=248"}],"curies":[{"name":"wp","href":"https:\/\/api.w.org\/{rel}","templated":true}]}}