{"id":249,"date":"2023-11-09T19:39:01","date_gmt":"2023-11-09T19:39:01","guid":{"rendered":"https:\/\/exceladvisor.org\/es\/contar-lineas-filtradas\/"},"modified":"2023-12-25T10:24:41","modified_gmt":"2023-12-25T10:24:41","slug":"contar-lineas-filtradas","status":"publish","type":"page","link":"https:\/\/exceladvisor.org\/es\/contar-lineas-filtradas\/","title":{"rendered":"\u00bfc\u00f3mo contar filas filtradas en excel?"},"content":{"rendered":"<div class=\"excel-antes-del-contenido\" id=\"excel-454101801\"><script type=\"text\/javascript\">\r\n\tatOptions = {\r\n\t\t'key' : 'c1158f160081d6540a8409e6925dab94',\r\n\t\t'format' : 'iframe',\r\n\t\t'height' : 250,\r\n\t\t'width' : 300,\r\n\t\t'params' : {}\r\n\t};\r\n<\/script>\r\n<script type=\"text\/javascript\" src=\"\/\/www.highperformanceformat.com\/c1158f160081d6540a8409e6925dab94\/invoke.js\"><\/script><\/div><p>Para contar filas filtradas en Excel, puede usar la funci\u00f3n SUBTOTAL que le permite seleccionar su funci\u00f3n de conteo en el primer argumento y el rango desde el cual desea contar las filas filtradas. Despu\u00e9s de usar esta f\u00f3rmula, cuando aplica un filtro en este rango y filtra las celdas, solo se contar\u00e1n las filas visibles.<\/p>\n<pre class=\"wp-block-code\"> <code class=\"language-excel-formula\" lang=\"excel-formula\">=SUBTOTAL(3,A2:A101) =SUBTOTAL(103,A2:A101)<\/code><\/pre>\n<p> En el ejemplo anterior, tenemos 100 celdas con valores en la columna A. Ahora debes contar las filas una vez que apliques las celdas de filtro. <\/p>\n<div class=\"wp-block-image\">\n<figure class=\"aligncenter size-full is-resized\"><img loading=\"lazy\" decoding=\"async\" class=\"wp-image-77694\" src=\"https:\/\/exceladvisor.org\/wp-content\/uploads\/2023\/08\/1-nombre-de-lignes-filtrees.png\" sizes=\"auto, \" srcset=\"\" alt=\"n\u00famero de filas filtradas\" width=\"384\" height=\"319\"><\/figure>\n<\/div>\n<h2 id=\"h-steps-to-count-filtered-rows\" class=\"wp-block-heading\"> Pasos para contar filas filtradas<\/h2>\n<ol type=\"1\">\n<li> Primero, en la celda B2, ingrese la funci\u00f3n SUBTOTAL.<\/li>\n<li> Ahora, en el primer argumento, seleccione function_num COUNTA o ingrese 3.<\/li>\n<li> Despu\u00e9s de eso, en el segundo argumento, consulte el rango A1:A101.<\/li>\n<li> Luego ingrese el par\u00e9ntesis de cierre para cerrar la funci\u00f3n e ingresar.<\/li>\n<li> Al final, filtre la columna A para ver que su f\u00f3rmula le muestre la cantidad de filas filtradas en el resultado. <\/li>\n<\/ol>\n<div class=\"wp-block-image\">\n<figure class=\"aligncenter size-full is-resized\"><img loading=\"lazy\" decoding=\"async\" class=\"wp-image-77695\" src=\"https:\/\/exceladvisor.org\/wp-content\/uploads\/2023\/08\/2-utiliser-la-fonction-de-sous-total.png\" sizes=\"auto, \" srcset=\"\" alt=\"utilizar la funci\u00f3n subtotal\" width=\"568\" height=\"235\"><\/figure>\n<\/div>\n<pre class=\"wp-block-code\"> <code class=\"language-excel-formula\" lang=\"excel-formula\">=SUBTOTAL(3,A2:A101)<\/code><\/pre>\n<p> El uso de esta funci\u00f3n SUBTOTAL tambi\u00e9n le ayuda de otras maneras. Digamos que tienes algunas l\u00edneas ocultas, en este caso tambi\u00e9n te dar\u00e1 un recuento sin estas l\u00edneas ocultas. <\/p>\n<div class=\"wp-block-image\">\n<figure class=\"aligncenter size-full is-resized\"><img loading=\"lazy\" decoding=\"async\" class=\"wp-image-77697\" src=\"https:\/\/exceladvisor.org\/wp-content\/uploads\/2023\/08\/3-comptes-sans-lignes-cachees.png\" sizes=\"auto, \" srcset=\"\" alt=\"contar sin l\u00edneas ocultas\" width=\"510\" height=\"360\"><\/figure>\n<\/div>\n<p> En el ejemplo anterior tenemos cuatro filas ocultas y el resultado devolvi\u00f3 96.<\/p>\n<pre class=\"wp-block-code\"> <code class=\"language-excel-formula\" lang=\"excel-formula\">=SUBTOTAL(103,A2:A101)<\/code><\/pre>\n<p> Recuerda que hay dos formas diferentes de contar filas una vez que aplicas el filtro.<\/p>\n<ul>\n<li> Contando con l\u00edneas ocultas<\/li>\n<li> Contar sin l\u00edneas ocultas <\/li>\n<\/ul>\n<div class=\"wp-block-image\">\n<figure class=\"aligncenter size-full is-resized\"><img loading=\"lazy\" decoding=\"async\" class=\"wp-image-77698\" src=\"https:\/\/exceladvisor.org\/wp-content\/uploads\/2023\/08\/4-sous-total-avec-lignes-masquees-et-non-masquees.png\" sizes=\"auto, \" srcset=\"\" alt=\"subtotal-con-filas-ocultas-y-desenmascaradas\" width=\"328\" height=\"344\"><\/figure>\n<\/div>\n<div class=\"gb-container gb-container-52dfcee1 gb-container-sample-file\">\n<h2 class=\"gb-headline gb-headline-e289c143 gb-headline-text gb-headline-4f7959c2\"> Obtener el archivo Excel<\/h2>\n<p> <a class=\"gb-button gb-button-e88d6bee gb-button-text gb-button-button1\" href=\"https:\/\/exceladvisor.org\/wp-content\/uploads\/2023\/11\/compter-les-lignes-filtrees-2.xlsx\" rel=\"nofollow\">Descargar<\/a><\/div>\n<div class=\"gb-container gb-container-0df56012 gb-container-mt\"> <a class=\"gb-button gb-button-f9f432f4 gb-button-text gb-button-mt-button\" href=\"https:\/\/exceladvisor.org\/es\/formulas\/\">Lista de f\u00f3rmulas de Excel<\/a><\/p>\n<h2 class=\"gb-headline gb-headline-233444e8 gb-headline-text gb-headline-mt-heading\"> F\u00f3rmulas relacionadas <\/h2>\n<div class=\"gb-grid-wrapper gb-grid-wrapper-a16fa65c gb-grid-wrapper-mt-grid\">\n<div class=\"gb-grid-column gb-grid-column-50d07e0d\">\n<div class=\"gb-container gb-container-50d07e0d\">\n<ul>\n<li> <a href=\"https:\/\/exceladvisor.org\/es\/contar-celdas-con-texto\/\">Contar celdas con texto en Excel<\/a><\/li>\n<li> <a href=\"https:\/\/exceladvisor.org\/es\/contar-caracteres-especificos\/\">Contar caracteres espec\u00edficos en Excel<\/a><\/li>\n<li> <a href=\"https:\/\/exceladvisor.org\/es\/contar-el-numero-total-de-celulas\/\">Cuente el n\u00famero total de celdas en un rango en Excel<\/a><\/li>\n<li> <a href=\"https:\/\/exceladvisor.org\/es\/contar-valores-unicos-1\/\">Contar valores \u00fanicos en Excel<\/a><\/li>\n<li> <a href=\"https:\/\/exceladvisor.org\/es\/contar-contra-contar\/\">CONTAR Vs. CONTARA<\/a> <\/li>\n<\/ul>\n<\/div>\n<\/div>\n<div class=\"gb-grid-column gb-grid-column-5b4a0cf9\">\n<div class=\"gb-container gb-container-5b4a0cf9\"><\/div>\n<\/div>\n<\/div>\n<\/div>\n","protected":false},"excerpt":{"rendered":"<p>Para contar filas filtradas en Excel, puede usar la funci\u00f3n SUBTOTAL que le permite seleccionar su funci\u00f3n de conteo en el primer argumento y el rango desde el cual desea contar las filas filtradas. Despu\u00e9s de usar esta f\u00f3rmula, cuando aplica un filtro en este rango y filtra las celdas, solo se contar\u00e1n las filas [&hellip;]<\/p>\n","protected":false},"author":1,"featured_media":0,"parent":0,"menu_order":0,"comment_status":"open","ping_status":"closed","template":"","meta":{"ub_ctt_via":"","footnotes":""},"class_list":["post-249","page","type-page","status-publish","hentry"],"featured_image_src":null,"yoast_head":"<!-- This site is optimized with the Yoast SEO plugin v25.4 - https:\/\/yoast.com\/wordpress\/plugins\/seo\/ -->\n<title>\u00bfc\u00f3mo contar filas filtradas en excel?<\/title>\n<meta name=\"robots\" content=\"index, follow, max-snippet:-1, max-image-preview:large, max-video-preview:-1\" \/>\n<link rel=\"canonical\" href=\"https:\/\/exceladvisor.org\/es\/contar-lineas-filtradas\/\" \/>\n<meta property=\"og:locale\" content=\"es_ES\" \/>\n<meta property=\"og:type\" content=\"article\" \/>\n<meta property=\"og:title\" content=\"\u00bfc\u00f3mo contar filas filtradas en excel?\" \/>\n<meta property=\"og:description\" content=\"Para contar filas filtradas en Excel, puede usar la funci\u00f3n SUBTOTAL que le permite seleccionar su funci\u00f3n de conteo en el primer argumento y el rango desde el cual desea contar las filas filtradas. Despu\u00e9s de usar esta f\u00f3rmula, cuando aplica un filtro en este rango y filtra las celdas, solo se contar\u00e1n las filas [&hellip;]\" \/>\n<meta property=\"og:url\" content=\"https:\/\/exceladvisor.org\/es\/contar-lineas-filtradas\/\" \/>\n<meta property=\"og:site_name\" content=\"Excel Advisor\" \/>\n<meta property=\"article:modified_time\" content=\"2023-12-25T10:24:41+00:00\" \/>\n<meta property=\"og:image\" content=\"https:\/\/exceladvisor.org\/wp-content\/uploads\/2023\/08\/1-nombre-de-lignes-filtrees.png\" \/>\n<meta name=\"twitter:card\" content=\"summary_large_image\" \/>\n<meta name=\"twitter:label1\" content=\"Tiempo de lectura\" \/>\n\t<meta name=\"twitter:data1\" content=\"1 minuto\" \/>\n<script type=\"application\/ld+json\" class=\"yoast-schema-graph\">{\"@context\":\"https:\/\/schema.org\",\"@graph\":[{\"@type\":\"WebPage\",\"@id\":\"https:\/\/exceladvisor.org\/es\/contar-lineas-filtradas\/\",\"url\":\"https:\/\/exceladvisor.org\/es\/contar-lineas-filtradas\/\",\"name\":\"\u00bfc\u00f3mo contar filas filtradas en excel?\",\"isPartOf\":{\"@id\":\"https:\/\/exceladvisor.org\/es\/#website\"},\"primaryImageOfPage\":{\"@id\":\"https:\/\/exceladvisor.org\/es\/contar-lineas-filtradas\/#primaryimage\"},\"image\":{\"@id\":\"https:\/\/exceladvisor.org\/es\/contar-lineas-filtradas\/#primaryimage\"},\"thumbnailUrl\":\"https:\/\/exceladvisor.org\/wp-content\/uploads\/2023\/08\/1-nombre-de-lignes-filtrees.png\",\"datePublished\":\"2023-11-09T19:39:01+00:00\",\"dateModified\":\"2023-12-25T10:24:41+00:00\",\"breadcrumb\":{\"@id\":\"https:\/\/exceladvisor.org\/es\/contar-lineas-filtradas\/#breadcrumb\"},\"inLanguage\":\"es\",\"potentialAction\":[{\"@type\":\"ReadAction\",\"target\":[\"https:\/\/exceladvisor.org\/es\/contar-lineas-filtradas\/\"]}]},{\"@type\":\"ImageObject\",\"inLanguage\":\"es\",\"@id\":\"https:\/\/exceladvisor.org\/es\/contar-lineas-filtradas\/#primaryimage\",\"url\":\"https:\/\/exceladvisor.org\/wp-content\/uploads\/2023\/08\/1-nombre-de-lignes-filtrees.png\",\"contentUrl\":\"https:\/\/exceladvisor.org\/wp-content\/uploads\/2023\/08\/1-nombre-de-lignes-filtrees.png\"},{\"@type\":\"BreadcrumbList\",\"@id\":\"https:\/\/exceladvisor.org\/es\/contar-lineas-filtradas\/#breadcrumb\",\"itemListElement\":[{\"@type\":\"ListItem\",\"position\":1,\"name\":\"Hogar\",\"item\":\"https:\/\/exceladvisor.org\/es\/\"},{\"@type\":\"ListItem\",\"position\":2,\"name\":\"\u00bfc\u00f3mo contar filas filtradas en excel?\"}]},{\"@type\":\"WebSite\",\"@id\":\"https:\/\/exceladvisor.org\/es\/#website\",\"url\":\"https:\/\/exceladvisor.org\/es\/\",\"name\":\"Excel Advisor\",\"description\":\"Su gu\u00eda para la dominaci\u00f3n de datos!\",\"publisher\":{\"@id\":\"https:\/\/exceladvisor.org\/es\/#organization\"},\"potentialAction\":[{\"@type\":\"SearchAction\",\"target\":{\"@type\":\"EntryPoint\",\"urlTemplate\":\"https:\/\/exceladvisor.org\/es\/?s={search_term_string}\"},\"query-input\":{\"@type\":\"PropertyValueSpecification\",\"valueRequired\":true,\"valueName\":\"search_term_string\"}}],\"inLanguage\":\"es\"},{\"@type\":\"Organization\",\"@id\":\"https:\/\/exceladvisor.org\/es\/#organization\",\"name\":\"Excel Advisor\",\"url\":\"https:\/\/exceladvisor.org\/es\/\",\"logo\":{\"@type\":\"ImageObject\",\"inLanguage\":\"es\",\"@id\":\"https:\/\/exceladvisor.org\/es\/#\/schema\/logo\/image\/\",\"url\":\"https:\/\/exceladvisor.org\/es\/wp-content\/uploads\/2023\/12\/exceladvisor.org_.png\",\"contentUrl\":\"https:\/\/exceladvisor.org\/es\/wp-content\/uploads\/2023\/12\/exceladvisor.org_.png\",\"width\":105,\"height\":36,\"caption\":\"Excel Advisor\"},\"image\":{\"@id\":\"https:\/\/exceladvisor.org\/es\/#\/schema\/logo\/image\/\"}}]}<\/script>\n<!-- \/ Yoast SEO plugin. -->","yoast_head_json":{"title":"\u00bfc\u00f3mo contar filas filtradas en excel?","robots":{"index":"index","follow":"follow","max-snippet":"max-snippet:-1","max-image-preview":"max-image-preview:large","max-video-preview":"max-video-preview:-1"},"canonical":"https:\/\/exceladvisor.org\/es\/contar-lineas-filtradas\/","og_locale":"es_ES","og_type":"article","og_title":"\u00bfc\u00f3mo contar filas filtradas en excel?","og_description":"Para contar filas filtradas en Excel, puede usar la funci\u00f3n SUBTOTAL que le permite seleccionar su funci\u00f3n de conteo en el primer argumento y el rango desde el cual desea contar las filas filtradas. Despu\u00e9s de usar esta f\u00f3rmula, cuando aplica un filtro en este rango y filtra las celdas, solo se contar\u00e1n las filas [&hellip;]","og_url":"https:\/\/exceladvisor.org\/es\/contar-lineas-filtradas\/","og_site_name":"Excel Advisor","article_modified_time":"2023-12-25T10:24:41+00:00","og_image":[{"url":"https:\/\/exceladvisor.org\/wp-content\/uploads\/2023\/08\/1-nombre-de-lignes-filtrees.png","type":"","width":"","height":""}],"twitter_card":"summary_large_image","twitter_misc":{"Tiempo de lectura":"1 minuto"},"schema":{"@context":"https:\/\/schema.org","@graph":[{"@type":"WebPage","@id":"https:\/\/exceladvisor.org\/es\/contar-lineas-filtradas\/","url":"https:\/\/exceladvisor.org\/es\/contar-lineas-filtradas\/","name":"\u00bfc\u00f3mo contar filas filtradas en excel?","isPartOf":{"@id":"https:\/\/exceladvisor.org\/es\/#website"},"primaryImageOfPage":{"@id":"https:\/\/exceladvisor.org\/es\/contar-lineas-filtradas\/#primaryimage"},"image":{"@id":"https:\/\/exceladvisor.org\/es\/contar-lineas-filtradas\/#primaryimage"},"thumbnailUrl":"https:\/\/exceladvisor.org\/wp-content\/uploads\/2023\/08\/1-nombre-de-lignes-filtrees.png","datePublished":"2023-11-09T19:39:01+00:00","dateModified":"2023-12-25T10:24:41+00:00","breadcrumb":{"@id":"https:\/\/exceladvisor.org\/es\/contar-lineas-filtradas\/#breadcrumb"},"inLanguage":"es","potentialAction":[{"@type":"ReadAction","target":["https:\/\/exceladvisor.org\/es\/contar-lineas-filtradas\/"]}]},{"@type":"ImageObject","inLanguage":"es","@id":"https:\/\/exceladvisor.org\/es\/contar-lineas-filtradas\/#primaryimage","url":"https:\/\/exceladvisor.org\/wp-content\/uploads\/2023\/08\/1-nombre-de-lignes-filtrees.png","contentUrl":"https:\/\/exceladvisor.org\/wp-content\/uploads\/2023\/08\/1-nombre-de-lignes-filtrees.png"},{"@type":"BreadcrumbList","@id":"https:\/\/exceladvisor.org\/es\/contar-lineas-filtradas\/#breadcrumb","itemListElement":[{"@type":"ListItem","position":1,"name":"Hogar","item":"https:\/\/exceladvisor.org\/es\/"},{"@type":"ListItem","position":2,"name":"\u00bfc\u00f3mo contar filas filtradas en excel?"}]},{"@type":"WebSite","@id":"https:\/\/exceladvisor.org\/es\/#website","url":"https:\/\/exceladvisor.org\/es\/","name":"Excel Advisor","description":"Su gu\u00eda para la dominaci\u00f3n de datos!","publisher":{"@id":"https:\/\/exceladvisor.org\/es\/#organization"},"potentialAction":[{"@type":"SearchAction","target":{"@type":"EntryPoint","urlTemplate":"https:\/\/exceladvisor.org\/es\/?s={search_term_string}"},"query-input":{"@type":"PropertyValueSpecification","valueRequired":true,"valueName":"search_term_string"}}],"inLanguage":"es"},{"@type":"Organization","@id":"https:\/\/exceladvisor.org\/es\/#organization","name":"Excel Advisor","url":"https:\/\/exceladvisor.org\/es\/","logo":{"@type":"ImageObject","inLanguage":"es","@id":"https:\/\/exceladvisor.org\/es\/#\/schema\/logo\/image\/","url":"https:\/\/exceladvisor.org\/es\/wp-content\/uploads\/2023\/12\/exceladvisor.org_.png","contentUrl":"https:\/\/exceladvisor.org\/es\/wp-content\/uploads\/2023\/12\/exceladvisor.org_.png","width":105,"height":36,"caption":"Excel Advisor"},"image":{"@id":"https:\/\/exceladvisor.org\/es\/#\/schema\/logo\/image\/"}}]}},"yoast_meta":{"yoast_wpseo_title":"","yoast_wpseo_metadesc":"","yoast_wpseo_canonical":""},"_links":{"self":[{"href":"https:\/\/exceladvisor.org\/es\/wp-json\/wp\/v2\/pages\/249","targetHints":{"allow":["GET"]}}],"collection":[{"href":"https:\/\/exceladvisor.org\/es\/wp-json\/wp\/v2\/pages"}],"about":[{"href":"https:\/\/exceladvisor.org\/es\/wp-json\/wp\/v2\/types\/page"}],"author":[{"embeddable":true,"href":"https:\/\/exceladvisor.org\/es\/wp-json\/wp\/v2\/users\/1"}],"replies":[{"embeddable":true,"href":"https:\/\/exceladvisor.org\/es\/wp-json\/wp\/v2\/comments?post=249"}],"version-history":[{"count":1,"href":"https:\/\/exceladvisor.org\/es\/wp-json\/wp\/v2\/pages\/249\/revisions"}],"predecessor-version":[{"id":946,"href":"https:\/\/exceladvisor.org\/es\/wp-json\/wp\/v2\/pages\/249\/revisions\/946"}],"wp:attachment":[{"href":"https:\/\/exceladvisor.org\/es\/wp-json\/wp\/v2\/media?parent=249"}],"curies":[{"name":"wp","href":"https:\/\/api.w.org\/{rel}","templated":true}]}}