{"id":25,"date":"2023-11-20T06:11:24","date_gmt":"2023-11-20T06:11:24","guid":{"rendered":"https:\/\/exceladvisor.org\/es\/agregar-eliminar-hipervinculos\/"},"modified":"2023-12-25T10:23:15","modified_gmt":"2023-12-25T10:23:15","slug":"agregar-eliminar-hipervinculos","status":"publish","type":"page","link":"https:\/\/exceladvisor.org\/es\/agregar-eliminar-hipervinculos\/","title":{"rendered":"\u00bfc\u00f3mo agregar y eliminar hiperv\u00ednculos en excel?"},"content":{"rendered":"<div class=\"excel-antes-del-contenido\" id=\"excel-1280478633\"><script type=\"text\/javascript\">\r\n\tatOptions = {\r\n\t\t'key' : 'c1158f160081d6540a8409e6925dab94',\r\n\t\t'format' : 'iframe',\r\n\t\t'height' : 250,\r\n\t\t'width' : 300,\r\n\t\t'params' : {}\r\n\t};\r\n<\/script>\r\n<script type=\"text\/javascript\" src=\"\/\/www.highperformanceformat.com\/c1158f160081d6540a8409e6925dab94\/invoke.js\"><\/script><\/div><p>Un hiperv\u00ednculo en Excel es un v\u00ednculo a un archivo, documento, ubicaci\u00f3n, sitio web y direcci\u00f3n de correo electr\u00f3nico espec\u00edficos. Al utilizar el hiperv\u00ednculo, los usuarios pueden navegar a un archivo, documento o ubicaci\u00f3n espec\u00edficos.<\/p>\n<p> Al agregar una direcci\u00f3n web o de correo electr\u00f3nico al hiperv\u00ednculo, los usuarios pueden navegar a una p\u00e1gina web de Internet o enviar un correo electr\u00f3nico a una direcci\u00f3n de correo electr\u00f3nico espec\u00edfica simplemente haciendo clic en ese enlace.<\/p>\n<p> Los hiperv\u00ednculos son f\u00e1ciles de reconocer porque est\u00e1n subrayados en azul o violeta. Hemos mencionado algunos pasos r\u00e1pidos y sencillos para agregar y eliminar hiperv\u00ednculos en Excel.<\/p>\n<h2 class=\"wp-block-heading\"> Agregar un hiperv\u00ednculo a un libro de trabajo existente<\/h2>\n<p> Agregar hiperv\u00ednculos en Excel es muy r\u00e1pido y sencillo. Los usuarios pueden agregar manualmente hiperv\u00ednculos a Excel. Excel tambi\u00e9n crea autom\u00e1ticamente un hiperv\u00ednculo cuando los usuarios ingresan una direcci\u00f3n web o una direcci\u00f3n de correo electr\u00f3nico en una celda.<\/p>\n<ol>\n<li> Primero, vaya a la pesta\u00f1a \u00abInsertar\u00bb y luego haga clic en el icono \u00abEnlace\u00bb debajo del grupo \u00abEnlace\u00bb. <br \/><img loading=\"lazy\" decoding=\"async\" class=\"alignnone  wp-image-12836\" src=\"https:\/\/exceladvisor.org\/wp-content\/uploads\/2023\/11\/1-ajouter-des-liens.png\" alt=\"1 agregar enlaces\" width=\"682\" height=\"72\" srcset=\"https:\/\/exceladvisor.org\/wp-content\/uploads\/2023\/11\/1-ajouter-des-liens.png 1491w, https:\/\/exceladvisor.org\/wp-content\/uploads\/2023\/11\/1-ajouter-des-liens-300x32.png 300w, https:\/\/exceladvisor.org\/wp-content\/uploads\/2023\/11\/1-ajouter-des-liens-1024x108.png 1024w, https:\/\/exceladvisor.org\/wp-content\/uploads\/2023\/11\/1-ajouter-des-liens-768x81.png 768w\" sizes=\"auto, (max-width: 682px) 100vw, 682px\"><\/li>\n<li> O haga clic derecho en la celda donde desea agregar el hiperv\u00ednculo y luego haga clic en la opci\u00f3n \u00abEnlace\u00bb en el men\u00fa contextual. <br \/><img loading=\"lazy\" decoding=\"async\" class=\"alignnone  wp-image-12837\" src=\"https:\/\/exceladvisor.org\/wp-content\/uploads\/2023\/11\/2-option-de-lien.png\" alt=\"Opci\u00f3n de 2 enlaces\" width=\"190\" height=\"412\" srcset=\"https:\/\/exceladvisor.org\/wp-content\/uploads\/2023\/11\/2-option-de-lien.png 345w, https:\/\/exceladvisor.org\/wp-content\/uploads\/2023\/11\/2-option-de-lien-138x300.png 138w\" sizes=\"auto, (max-width: 190px) 100vw, 190px\"><\/li>\n<li> O presione el atajo CTRL + K desde el teclado.<\/li>\n<li> Una vez que haya seguido cualquiera de los pasos anteriores, se abrir\u00e1 la ventana \u00abInsertar hiperv\u00ednculo\u00bb.<\/li>\n<li> Despu\u00e9s de eso, seleccione la opci\u00f3n \u00abArchivo o p\u00e1gina web existente\u00bb y luego seleccione la ubicaci\u00f3n donde se coloca este archivo o documento.<\/li>\n<li> Ahora, seleccione el archivo o documento, luego ingrese el texto en la columna \u00abTexto para mostrar\u00bb que desea mostrar como nombre de hipertexto y haga clic en Aceptar. <br \/><img loading=\"lazy\" decoding=\"async\" class=\"alignnone  wp-image-12838\" src=\"https:\/\/exceladvisor.org\/wp-content\/uploads\/2023\/11\/3-ajouter-des-pages.png\" alt=\"3 agregar p\u00e1ginas\" width=\"648\" height=\"300\" srcset=\"https:\/\/exceladvisor.org\/wp-content\/uploads\/2023\/11\/3-ajouter-des-pages.png 909w, https:\/\/exceladvisor.org\/wp-content\/uploads\/2023\/11\/3-ajouter-des-pages-300x139.png 300w, https:\/\/exceladvisor.org\/wp-content\/uploads\/2023\/11\/3-ajouter-des-pages-768x356.png 768w\" sizes=\"auto, (max-width: 648px) 100vw, 648px\"><\/li>\n<\/ol>\n<h2 class=\"wp-block-heading\"> Agregar un hiperv\u00ednculo a una hoja espec\u00edfica de un libro existente<\/h2>\n<ol>\n<li> Primero, seleccione la opci\u00f3n \u00abArchivo o p\u00e1gina web existente\u00bb, luego seleccione la ubicaci\u00f3n donde se coloca este archivo o documento<\/li>\n<li> Despu\u00e9s de eso, seleccione el archivo o documento y luego haga clic en el bot\u00f3n \u00abMarcar\u00bb.<\/li>\n<li> Ahora seleccione la hoja espec\u00edfica y la celda de destino de esa hoja existente y haga clic en Aceptar.<\/li>\n<\/ol>\n<h2 class=\"wp-block-heading\"> Agregar un hiperv\u00ednculo a una hoja espec\u00edfica en el libro actual<\/h2>\n<ol>\n<li> Primero, seleccione la opci\u00f3n \u00abColocar en este documento\u00bb y obtendr\u00e1 todas las hojas del libro actual.<\/li>\n<li> Despu\u00e9s de eso, seleccione la hoja espec\u00edfica y la celda de destino y haga clic en Aceptar. <\/li>\n<\/ol>\n<div class=\"wp-block-image\">\n<figure class=\"aligncenter size-full is-resized\"><img loading=\"lazy\" decoding=\"async\" class=\"alignnone  wp-image-12833\" src=\"https:\/\/exceladvisor.org\/wp-content\/uploads\/2023\/11\/4-lien-hypertexte-de-la-feuille.png\" alt=\"\" width=\"683\" height=\"315\" srcset=\"https:\/\/exceladvisor.org\/wp-content\/uploads\/2023\/11\/4-lien-hypertexte-de-la-feuille.png 908w, https:\/\/exceladvisor.org\/wp-content\/uploads\/2023\/11\/4-lien-hypertexte-de-la-feuille-300x138.png 300w, https:\/\/exceladvisor.org\/wp-content\/uploads\/2023\/11\/4-lien-hypertexte-de-la-feuille-768x354.png 768w\" sizes=\"auto, (max-width: 683px) 100vw, 683px\"><\/figure>\n<\/div>\n<h2 class=\"wp-block-heading\"> Agregar un hiperv\u00ednculo a una direcci\u00f3n web<\/h2>\n<ol>\n<li> Primero, abra la p\u00e1gina web en el navegador, copie la direcci\u00f3n web y p\u00e9guela en la columna \u00abDirecci\u00f3n\u00bb de la ventana \u00abInsertar hiperv\u00ednculo\u00bb.<\/li>\n<li> Despu\u00e9s de eso, ingrese el texto en la columna \u00abTexto para mostrar\u00bb que desea mostrar como nombre del hiperv\u00ednculo y haga clic en Aceptar. <\/li>\n<\/ol>\n<div class=\"wp-block-image\">\n<figure class=\"aligncenter size-full is-resized\"><img loading=\"lazy\" decoding=\"async\" class=\"alignnone  wp-image-12834\" src=\"https:\/\/exceladvisor.org\/wp-content\/uploads\/2023\/11\/5-lien-vers-ladresse-Web.png\" alt=\"5 enlace a la direcci\u00f3n web\" width=\"681\" height=\"316\" srcset=\"https:\/\/exceladvisor.org\/wp-content\/uploads\/2023\/11\/5-lien-vers-ladresse-Web.png 906w, https:\/\/exceladvisor.org\/wp-content\/uploads\/2023\/11\/5-lien-vers-ladresse-Web-300x139.png 300w, https:\/\/exceladvisor.org\/wp-content\/uploads\/2023\/11\/5-lien-vers-ladresse-Web-768x356.png 768w\" sizes=\"auto, (max-width: 681px) 100vw, 681px\"><\/figure>\n<\/div>\n<h2 class=\"wp-block-heading\"> Agregue un hiperv\u00ednculo para abrir un nuevo libro de trabajo<\/h2>\n<ol>\n<li> Primero, seleccione la opci\u00f3n \u00abCrear nuevo documento\u00bb e ingrese el nombre del nuevo libro en la columna \u00abNombre del nuevo documento\u00bb.<\/li>\n<li> Despu\u00e9s de eso, ingrese el texto en la columna \u00abTexto para mostrar\u00bb que desea mostrar como nombre del hiperv\u00ednculo.<\/li>\n<li> Ahora haga clic en el bot\u00f3n Editar si desea cambiar la ubicaci\u00f3n para guardar el nuevo libro y haga clic en Aceptar.<\/li>\n<\/ol>\n<h2 class=\"wp-block-heading\"> Agregar un hiperv\u00ednculo a una direcci\u00f3n de correo electr\u00f3nico<\/h2>\n<ol>\n<li> Primero, seleccione la opci\u00f3n \u00abDirecci\u00f3n de correo electr\u00f3nico\u00bb, luego ingrese el ID de correo electr\u00f3nico en la columna \u00abDirecci\u00f3n de correo electr\u00f3nico:\u00bb e ingrese el asunto del correo electr\u00f3nico en la columna \u00abAsunto\u00bb.<\/li>\n<li> Despu\u00e9s de eso, ingrese el texto en \u00abTexto para mostrar\u00bb que desea mostrar como nombre de hiperv\u00ednculo y haga clic en Aceptar.<\/li>\n<li> Incluso puede ingresar la direcci\u00f3n de correo electr\u00f3nico directamente en la celda y Excel crear\u00e1 autom\u00e1ticamente el hiperv\u00ednculo a ese correo electr\u00f3nico. <\/li>\n<\/ol>\n<div class=\"wp-block-image\">\n<figure class=\"aligncenter size-full is-resized\"><img loading=\"lazy\" decoding=\"async\" class=\"alignnone  wp-image-12835\" src=\"https:\/\/exceladvisor.org\/wp-content\/uploads\/2023\/11\/6-ajouter-un-e-mail.png\" alt=\"agregar correo electr\u00f3nico\" width=\"681\" height=\"312\" srcset=\"https:\/\/exceladvisor.org\/wp-content\/uploads\/2023\/11\/6-ajouter-un-e-mail.png 912w, https:\/\/exceladvisor.org\/wp-content\/uploads\/2023\/11\/6-ajouter-un-e-mail-300x138.png 300w, https:\/\/exceladvisor.org\/wp-content\/uploads\/2023\/11\/6-ajouter-un-e-mail-768x352.png 768w\" sizes=\"auto, (max-width: 681px) 100vw, 681px\"><\/figure>\n<\/div>\n<h2 class=\"wp-block-heading\"> Eliminar hiperv\u00ednculos en Excel<\/h2>\n<p> Eliminar hiperv\u00ednculos de Excel es mucho m\u00e1s f\u00e1cil y r\u00e1pido que agregar o crear hiperv\u00ednculos. Excel permite a los usuarios eliminar hiperv\u00ednculos con dos clics, como se menciona a continuaci\u00f3n.<\/p>\n<ol>\n<li> Para eliminar un hiperv\u00ednculo de una celda, haga clic derecho en una celda que contenga un hiperv\u00ednculo y luego haga clic en \u00abEliminar hiperv\u00ednculo\u00bb en el men\u00fa contextual.<\/li>\n<li> Para eliminar hiperv\u00ednculos de varias celdas, seleccione las celdas juntas, haga clic derecho y seleccione \u00abEliminar hiperv\u00ednculos\u00bb en el men\u00fa contextual.<\/li>\n<li> Para eliminar hiperv\u00ednculos, desde la hoja de trabajo actual, seleccione la hoja de trabajo completa presionando CTRL+A en el teclado.<\/li>\n<li> Ahora, vaya a la pesta\u00f1a \u00abInicio\u00bb y haga clic en la flecha desplegable del icono \u00abBorrar\u00bb, luego seleccione \u00abEliminar hiperv\u00ednculos\u00bb. <\/li>\n<\/ol>\n<div class=\"gb-container gb-container-4db6181c gb-container-mt\">\n<h2 class=\"gb-headline gb-headline-665e5f6b gb-headline-text gb-headline-mt-heading\"> Tutoriales relacionados <\/h2>\n<div class=\"gb-grid-wrapper gb-grid-wrapper-a20baf7c gb-grid-wrapper-mt-grid\">\n<div class=\"gb-grid-column gb-grid-column-65ddf67e\">\n<div class=\"gb-container gb-container-65ddf67e\">\n<ul>\n<li> <a href=\"https:\/\/exceladvisor.org\/es\/agregar-marca-de-agua\/\">Agregar una marca de agua en Excel<\/a><\/li>\n<li> <a href=\"https:\/\/exceladvisor.org\/es\/eliminar-columnas-de-filas-ocultas\/\">Eliminar filas ocultas en Excel<\/a><\/li>\n<li> <a href=\"https:\/\/exceladvisor.org\/es\/deseleccionar-celdas\/\">Deseleccionar celdas en Excel<\/a><\/li>\n<li> <a href=\"https:\/\/exceladvisor.org\/es\/agregar-una-columna\/\">Agregar una columna en Excel<\/a> <\/li>\n<\/ul>\n<\/div>\n<\/div>\n<div class=\"gb-grid-column gb-grid-column-50067b57\">\n<div class=\"gb-container gb-container-50067b57\">\n<ul>\n<li> <a href=\"https:\/\/exceladvisor.org\/es\/eliminar-lineas\/\">Eliminar una fila o varias filas en Excel<\/a><\/li>\n<li> <a href=\"https:\/\/exceladvisor.org\/es\/copiar-columna\/\">Copiar y pegar una columna en Excel<\/a><\/li>\n<li> <a href=\"https:\/\/exceladvisor.org\/es\/mover-fila-columna\/\">Mover una fila y columna en Excel<\/a><\/li>\n<li> <a href=\"https:\/\/exceladvisor.org\/es\/ancho-de-columna\/\">C\u00f3mo cambiar el ancho de las columnas en Excel<\/a><\/li>\n<\/ul>\n<\/div>\n<\/div>\n<\/div>\n<\/div>\n","protected":false},"excerpt":{"rendered":"<p>Un hiperv\u00ednculo en Excel es un v\u00ednculo a un archivo, documento, ubicaci\u00f3n, sitio web y direcci\u00f3n de correo electr\u00f3nico espec\u00edficos. Al utilizar el hiperv\u00ednculo, los usuarios pueden navegar a un archivo, documento o ubicaci\u00f3n espec\u00edficos. Al agregar una direcci\u00f3n web o de correo electr\u00f3nico al hiperv\u00ednculo, los usuarios pueden navegar a una p\u00e1gina web de [&hellip;]<\/p>\n","protected":false},"author":1,"featured_media":0,"parent":0,"menu_order":0,"comment_status":"open","ping_status":"closed","template":"","meta":{"ub_ctt_via":"","footnotes":""},"class_list":["post-25","page","type-page","status-publish","hentry"],"featured_image_src":null,"yoast_head":"<!-- This site is optimized with the Yoast SEO plugin v25.4 - https:\/\/yoast.com\/wordpress\/plugins\/seo\/ -->\n<title>\u00bfc\u00f3mo agregar y eliminar hiperv\u00ednculos en excel?<\/title>\n<meta name=\"robots\" content=\"index, follow, max-snippet:-1, max-image-preview:large, max-video-preview:-1\" \/>\n<link rel=\"canonical\" href=\"https:\/\/exceladvisor.org\/es\/agregar-eliminar-hipervinculos\/\" \/>\n<meta property=\"og:locale\" content=\"es_ES\" \/>\n<meta property=\"og:type\" content=\"article\" \/>\n<meta property=\"og:title\" content=\"\u00bfc\u00f3mo agregar y eliminar hiperv\u00ednculos en excel?\" \/>\n<meta property=\"og:description\" content=\"Un hiperv\u00ednculo en Excel es un v\u00ednculo a un archivo, documento, ubicaci\u00f3n, sitio web y direcci\u00f3n de correo electr\u00f3nico espec\u00edficos. Al utilizar el hiperv\u00ednculo, los usuarios pueden navegar a un archivo, documento o ubicaci\u00f3n espec\u00edficos. Al agregar una direcci\u00f3n web o de correo electr\u00f3nico al hiperv\u00ednculo, los usuarios pueden navegar a una p\u00e1gina web de [&hellip;]\" \/>\n<meta property=\"og:url\" content=\"https:\/\/exceladvisor.org\/es\/agregar-eliminar-hipervinculos\/\" \/>\n<meta property=\"og:site_name\" content=\"Excel Advisor\" \/>\n<meta property=\"article:modified_time\" content=\"2023-12-25T10:23:15+00:00\" \/>\n<meta property=\"og:image\" content=\"https:\/\/exceladvisor.org\/wp-content\/uploads\/2023\/11\/1-ajouter-des-liens.png\" \/>\n<meta name=\"twitter:card\" content=\"summary_large_image\" \/>\n<meta name=\"twitter:label1\" content=\"Tiempo de lectura\" \/>\n\t<meta name=\"twitter:data1\" content=\"4 minutos\" \/>\n<script type=\"application\/ld+json\" class=\"yoast-schema-graph\">{\"@context\":\"https:\/\/schema.org\",\"@graph\":[{\"@type\":\"WebPage\",\"@id\":\"https:\/\/exceladvisor.org\/es\/agregar-eliminar-hipervinculos\/\",\"url\":\"https:\/\/exceladvisor.org\/es\/agregar-eliminar-hipervinculos\/\",\"name\":\"\u00bfc\u00f3mo agregar y eliminar hiperv\u00ednculos en excel?\",\"isPartOf\":{\"@id\":\"https:\/\/exceladvisor.org\/es\/#website\"},\"primaryImageOfPage\":{\"@id\":\"https:\/\/exceladvisor.org\/es\/agregar-eliminar-hipervinculos\/#primaryimage\"},\"image\":{\"@id\":\"https:\/\/exceladvisor.org\/es\/agregar-eliminar-hipervinculos\/#primaryimage\"},\"thumbnailUrl\":\"https:\/\/exceladvisor.org\/wp-content\/uploads\/2023\/11\/1-ajouter-des-liens.png\",\"datePublished\":\"2023-11-20T06:11:24+00:00\",\"dateModified\":\"2023-12-25T10:23:15+00:00\",\"breadcrumb\":{\"@id\":\"https:\/\/exceladvisor.org\/es\/agregar-eliminar-hipervinculos\/#breadcrumb\"},\"inLanguage\":\"es\",\"potentialAction\":[{\"@type\":\"ReadAction\",\"target\":[\"https:\/\/exceladvisor.org\/es\/agregar-eliminar-hipervinculos\/\"]}]},{\"@type\":\"ImageObject\",\"inLanguage\":\"es\",\"@id\":\"https:\/\/exceladvisor.org\/es\/agregar-eliminar-hipervinculos\/#primaryimage\",\"url\":\"https:\/\/exceladvisor.org\/wp-content\/uploads\/2023\/11\/1-ajouter-des-liens.png\",\"contentUrl\":\"https:\/\/exceladvisor.org\/wp-content\/uploads\/2023\/11\/1-ajouter-des-liens.png\"},{\"@type\":\"BreadcrumbList\",\"@id\":\"https:\/\/exceladvisor.org\/es\/agregar-eliminar-hipervinculos\/#breadcrumb\",\"itemListElement\":[{\"@type\":\"ListItem\",\"position\":1,\"name\":\"Hogar\",\"item\":\"https:\/\/exceladvisor.org\/es\/\"},{\"@type\":\"ListItem\",\"position\":2,\"name\":\"\u00bfc\u00f3mo agregar y eliminar hiperv\u00ednculos en excel?\"}]},{\"@type\":\"WebSite\",\"@id\":\"https:\/\/exceladvisor.org\/es\/#website\",\"url\":\"https:\/\/exceladvisor.org\/es\/\",\"name\":\"Excel Advisor\",\"description\":\"Su gu\u00eda para la dominaci\u00f3n de datos!\",\"publisher\":{\"@id\":\"https:\/\/exceladvisor.org\/es\/#organization\"},\"potentialAction\":[{\"@type\":\"SearchAction\",\"target\":{\"@type\":\"EntryPoint\",\"urlTemplate\":\"https:\/\/exceladvisor.org\/es\/?s={search_term_string}\"},\"query-input\":{\"@type\":\"PropertyValueSpecification\",\"valueRequired\":true,\"valueName\":\"search_term_string\"}}],\"inLanguage\":\"es\"},{\"@type\":\"Organization\",\"@id\":\"https:\/\/exceladvisor.org\/es\/#organization\",\"name\":\"Excel Advisor\",\"url\":\"https:\/\/exceladvisor.org\/es\/\",\"logo\":{\"@type\":\"ImageObject\",\"inLanguage\":\"es\",\"@id\":\"https:\/\/exceladvisor.org\/es\/#\/schema\/logo\/image\/\",\"url\":\"https:\/\/exceladvisor.org\/es\/wp-content\/uploads\/2023\/12\/exceladvisor.org_.png\",\"contentUrl\":\"https:\/\/exceladvisor.org\/es\/wp-content\/uploads\/2023\/12\/exceladvisor.org_.png\",\"width\":105,\"height\":36,\"caption\":\"Excel Advisor\"},\"image\":{\"@id\":\"https:\/\/exceladvisor.org\/es\/#\/schema\/logo\/image\/\"}}]}<\/script>\n<!-- \/ Yoast SEO plugin. -->","yoast_head_json":{"title":"\u00bfc\u00f3mo agregar y eliminar hiperv\u00ednculos en excel?","robots":{"index":"index","follow":"follow","max-snippet":"max-snippet:-1","max-image-preview":"max-image-preview:large","max-video-preview":"max-video-preview:-1"},"canonical":"https:\/\/exceladvisor.org\/es\/agregar-eliminar-hipervinculos\/","og_locale":"es_ES","og_type":"article","og_title":"\u00bfc\u00f3mo agregar y eliminar hiperv\u00ednculos en excel?","og_description":"Un hiperv\u00ednculo en Excel es un v\u00ednculo a un archivo, documento, ubicaci\u00f3n, sitio web y direcci\u00f3n de correo electr\u00f3nico espec\u00edficos. Al utilizar el hiperv\u00ednculo, los usuarios pueden navegar a un archivo, documento o ubicaci\u00f3n espec\u00edficos. Al agregar una direcci\u00f3n web o de correo electr\u00f3nico al hiperv\u00ednculo, los usuarios pueden navegar a una p\u00e1gina web de [&hellip;]","og_url":"https:\/\/exceladvisor.org\/es\/agregar-eliminar-hipervinculos\/","og_site_name":"Excel Advisor","article_modified_time":"2023-12-25T10:23:15+00:00","og_image":[{"url":"https:\/\/exceladvisor.org\/wp-content\/uploads\/2023\/11\/1-ajouter-des-liens.png","type":"","width":"","height":""}],"twitter_card":"summary_large_image","twitter_misc":{"Tiempo de lectura":"4 minutos"},"schema":{"@context":"https:\/\/schema.org","@graph":[{"@type":"WebPage","@id":"https:\/\/exceladvisor.org\/es\/agregar-eliminar-hipervinculos\/","url":"https:\/\/exceladvisor.org\/es\/agregar-eliminar-hipervinculos\/","name":"\u00bfc\u00f3mo agregar y eliminar hiperv\u00ednculos en excel?","isPartOf":{"@id":"https:\/\/exceladvisor.org\/es\/#website"},"primaryImageOfPage":{"@id":"https:\/\/exceladvisor.org\/es\/agregar-eliminar-hipervinculos\/#primaryimage"},"image":{"@id":"https:\/\/exceladvisor.org\/es\/agregar-eliminar-hipervinculos\/#primaryimage"},"thumbnailUrl":"https:\/\/exceladvisor.org\/wp-content\/uploads\/2023\/11\/1-ajouter-des-liens.png","datePublished":"2023-11-20T06:11:24+00:00","dateModified":"2023-12-25T10:23:15+00:00","breadcrumb":{"@id":"https:\/\/exceladvisor.org\/es\/agregar-eliminar-hipervinculos\/#breadcrumb"},"inLanguage":"es","potentialAction":[{"@type":"ReadAction","target":["https:\/\/exceladvisor.org\/es\/agregar-eliminar-hipervinculos\/"]}]},{"@type":"ImageObject","inLanguage":"es","@id":"https:\/\/exceladvisor.org\/es\/agregar-eliminar-hipervinculos\/#primaryimage","url":"https:\/\/exceladvisor.org\/wp-content\/uploads\/2023\/11\/1-ajouter-des-liens.png","contentUrl":"https:\/\/exceladvisor.org\/wp-content\/uploads\/2023\/11\/1-ajouter-des-liens.png"},{"@type":"BreadcrumbList","@id":"https:\/\/exceladvisor.org\/es\/agregar-eliminar-hipervinculos\/#breadcrumb","itemListElement":[{"@type":"ListItem","position":1,"name":"Hogar","item":"https:\/\/exceladvisor.org\/es\/"},{"@type":"ListItem","position":2,"name":"\u00bfc\u00f3mo agregar y eliminar hiperv\u00ednculos en excel?"}]},{"@type":"WebSite","@id":"https:\/\/exceladvisor.org\/es\/#website","url":"https:\/\/exceladvisor.org\/es\/","name":"Excel Advisor","description":"Su gu\u00eda para la dominaci\u00f3n de datos!","publisher":{"@id":"https:\/\/exceladvisor.org\/es\/#organization"},"potentialAction":[{"@type":"SearchAction","target":{"@type":"EntryPoint","urlTemplate":"https:\/\/exceladvisor.org\/es\/?s={search_term_string}"},"query-input":{"@type":"PropertyValueSpecification","valueRequired":true,"valueName":"search_term_string"}}],"inLanguage":"es"},{"@type":"Organization","@id":"https:\/\/exceladvisor.org\/es\/#organization","name":"Excel Advisor","url":"https:\/\/exceladvisor.org\/es\/","logo":{"@type":"ImageObject","inLanguage":"es","@id":"https:\/\/exceladvisor.org\/es\/#\/schema\/logo\/image\/","url":"https:\/\/exceladvisor.org\/es\/wp-content\/uploads\/2023\/12\/exceladvisor.org_.png","contentUrl":"https:\/\/exceladvisor.org\/es\/wp-content\/uploads\/2023\/12\/exceladvisor.org_.png","width":105,"height":36,"caption":"Excel Advisor"},"image":{"@id":"https:\/\/exceladvisor.org\/es\/#\/schema\/logo\/image\/"}}]}},"yoast_meta":{"yoast_wpseo_title":"","yoast_wpseo_metadesc":"","yoast_wpseo_canonical":""},"_links":{"self":[{"href":"https:\/\/exceladvisor.org\/es\/wp-json\/wp\/v2\/pages\/25","targetHints":{"allow":["GET"]}}],"collection":[{"href":"https:\/\/exceladvisor.org\/es\/wp-json\/wp\/v2\/pages"}],"about":[{"href":"https:\/\/exceladvisor.org\/es\/wp-json\/wp\/v2\/types\/page"}],"author":[{"embeddable":true,"href":"https:\/\/exceladvisor.org\/es\/wp-json\/wp\/v2\/users\/1"}],"replies":[{"embeddable":true,"href":"https:\/\/exceladvisor.org\/es\/wp-json\/wp\/v2\/comments?post=25"}],"version-history":[{"count":1,"href":"https:\/\/exceladvisor.org\/es\/wp-json\/wp\/v2\/pages\/25\/revisions"}],"predecessor-version":[{"id":829,"href":"https:\/\/exceladvisor.org\/es\/wp-json\/wp\/v2\/pages\/25\/revisions\/829"}],"wp:attachment":[{"href":"https:\/\/exceladvisor.org\/es\/wp-json\/wp\/v2\/media?parent=25"}],"curies":[{"name":"wp","href":"https:\/\/api.w.org\/{rel}","templated":true}]}}