{"id":250,"date":"2023-11-09T19:18:18","date_gmt":"2023-11-09T19:18:18","guid":{"rendered":"https:\/\/exceladvisor.org\/es\/sumif-ano-2\/"},"modified":"2023-12-25T10:27:30","modified_gmt":"2023-12-25T10:27:30","slug":"sumif-ano-2","status":"publish","type":"page","link":"https:\/\/exceladvisor.org\/es\/sumif-ano-2\/","title":{"rendered":"\u00bfc\u00f3mo sumar los valores seg\u00fan el a\u00f1o?"},"content":{"rendered":"<div class=\"excel-antes-del-contenido\" id=\"excel-368059479\"><script type=\"text\/javascript\">\r\n\tatOptions = {\r\n\t\t'key' : 'c1158f160081d6540a8409e6925dab94',\r\n\t\t'format' : 'iframe',\r\n\t\t'height' : 250,\r\n\t\t'width' : 300,\r\n\t\t'params' : {}\r\n\t};\r\n<\/script>\r\n<script type=\"text\/javascript\" src=\"\/\/www.highperformanceformat.com\/c1158f160081d6540a8409e6925dab94\/invoke.js\"><\/script><\/div><p>Para sumar valores, basados en un a\u00f1o espec\u00edfico, en Excel, le hemos dado dos m\u00e9todos a seguir. El primer m\u00e9todo utiliza una columna auxiliar donde debe agregar una columna con el n\u00famero del a\u00f1o y los valores de suma seg\u00fan el mes de esa columna.<\/p>\n<p> El segundo m\u00e9todo utiliza un enfoque diferente. Para crear una tabla extrayendo los meses de la columna de fecha, luego sume los valores basados en a\u00f1os de esa tabla.<\/p>\n<p> En este tutorial, aprenderemos ambos m\u00e9todos para sumar valores basados en un a\u00f1o.<\/p>\n<h2 class=\"wp-block-heading\"> SUMAR SI a\u00f1o con una columna auxiliar<\/h2>\n<ol>\n<li> Primero, agregue una nueva columna e ingrese la funci\u00f3n A\u00d1O para obtener el n\u00famero de a\u00f1o a partir de las fechas. <br \/><img loading=\"lazy\" decoding=\"async\" title=\"1 a\u00f1o en el cargo\" src=\"https:\/\/exceladvisor.org\/wp-content\/uploads\/2023\/08\/1-an-de-fonction.png\" sizes=\"auto, \" srcset=\"\" alt=\"year-function\" width=\"436\" height=\"327\"><\/li>\n<li> Ahora vaya a la siguiente columna e ingrese all\u00ed la funci\u00f3n SUMIFS.<\/li>\n<li> En la funci\u00f3n SUMAR.SI, consulte la columna de a\u00f1o para el argumento de rango. <br \/><img loading=\"lazy\" decoding=\"async\" title=\"Columna de 2 a\u00f1os de referencia en sumif\" src=\"https:\/\/exceladvisor.org\/wp-content\/uploads\/2023\/08\/2-referez-vous-a-la-colonne-de-lannee-dans-sumif.png\" sizes=\"auto, \" srcset=\"\" alt=\"refer-year-column-in-sumif\" width=\"546\" height=\"256\"><\/li>\n<li> Luego, en el argumento de criterios, ingrese el a\u00f1o que desea usar para sumar los valores. <br \/><img loading=\"lazy\" decoding=\"async\" title=\"3-ingrese el a\u00f1o en el argumento\" src=\"https:\/\/exceladvisor.org\/wp-content\/uploads\/2023\/08\/3-entrer-lannee-en-argument.png\" sizes=\"auto, \" srcset=\"\" alt=\"enter-year-in-argument\" width=\"544\" height=\"260\"><\/li>\n<li> Al final, consulte la columna de cantidad para sum_range, ingrese el par\u00e9ntesis de cierre y presione Entrar para obtener el resultado. <br \/><img loading=\"lazy\" decoding=\"async\" title=\"4-columna-de-cantidad-de-referencia\" src=\"https:\/\/exceladvisor.org\/wp-content\/uploads\/2023\/08\/4-colonne-de-quantite-de-reference.png\" sizes=\"auto, \" srcset=\"\" alt=\"refer-quantity-column\" width=\"549\" height=\"263\"><\/li>\n<\/ol>\n<p> Una vez que le das enter, ah\u00ed est\u00e1 la suma de los valores para el a\u00f1o 2021, como mencionaste en los criterios. <\/p>\n<div class=\"wp-block-image\">\n<figure class=\"aligncenter size-full is-resized\"><img loading=\"lazy\" decoding=\"async\" class=\"wp-image-77859\" src=\"https:\/\/exceladvisor.org\/wp-content\/uploads\/2023\/08\/5-valeurs-de-somme-pour-lannee-en-argument.png\" sizes=\"auto, \" srcset=\"\" alt=\"valores-de-suma-para-el-a\u00f1o-en-argumento\" width=\"509\" height=\"432\"><\/figure>\n<\/div>\n<p class=\"formula\"> =SUMAR.SI(C1:C16,2021,B1:B16)<\/p>\n<h2 class=\"wp-block-heading\"> Utilice SUMPRODUCT para agregar valores seg\u00fan el a\u00f1o<\/h2>\n<p> Crear una f\u00f3rmula usando SUMPRODUCT es mucho m\u00e1s poderoso. Con esta f\u00f3rmula, no es necesario agregar una columna auxiliar.<\/p>\n<ol>\n<li> Primero ingrese a la funci\u00f3n SUMAPRODUCTO e ingrese el doble signo menos \u201c-\u201c.<\/li>\n<li> Despu\u00e9s de eso, ingresa a la funci\u00f3n a\u00f1o y consulta todo el rango donde tienes fechas.<\/li>\n<li> Luego, use un signo igual e ingrese usando el valor del a\u00f1o que desea usar para la suma.<\/li>\n<li> A partir de aqu\u00ed se adjunta el a\u00f1o entre par\u00e9ntesis.<\/li>\n<li> Ahora, en el segundo argumento de SUMPRODUCT, haz referencia al rango donde tienes los valores que deseas sumar.<\/li>\n<li> Al final, presione Enter para obtener el resultado. <\/li>\n<\/ol>\n<div class=\"wp-block-image\">\n<figure class=\"aligncenter size-full is-resized\"><img loading=\"lazy\" decoding=\"async\" class=\"wp-image-77860\" src=\"https:\/\/exceladvisor.org\/wp-content\/uploads\/2023\/08\/6-sommeproduit-a-somme-basee-sur-lannee.png\" sizes=\"auto, \" srcset=\"\" alt=\"suma producida a la suma basada en el a\u00f1o\" width=\"539\" height=\"430\"><\/figure>\n<\/div>\n<pre class=\"wp-block-code\"> <code class=\"language-excel-formula\" lang=\"excel-formula\">=SUMPRODUCT(--(YEAR(A2:A16)=2021),B2:B16)<\/code><\/pre>\n<p> Para comprender esta f\u00f3rmula, debes dividirla en tres partes. <\/p>\n<div class=\"wp-block-image\">\n<figure class=\"aligncenter size-full is-resized\"><img loading=\"lazy\" decoding=\"async\" class=\"wp-image-77861\" src=\"https:\/\/exceladvisor.org\/wp-content\/uploads\/2023\/08\/7-comprendre-la-formule-du-produit-somme.png\" sizes=\"auto, \" srcset=\"\" alt=\"entender la f\u00f3rmula para el producto de la suma\" width=\"558\" height=\"279\"><\/figure>\n<\/div>\n<p> En la primera parte, tienes la funci\u00f3n de a\u00f1o con la condici\u00f3n de verificar el a\u00f1o 2021 en la funci\u00f3n de fecha. Esta condici\u00f3n devuelve una matriz de VERDADERO y FALSO dependiendo del a\u00f1o que tenga en la fecha. Si una fecha tiene el a\u00f1o 2021 devuelve VERDADERO, en caso contrario FALSO. <\/p>\n<div class=\"wp-block-image\">\n<figure class=\"aligncenter size-full is-resized\"><img loading=\"lazy\" decoding=\"async\" class=\"wp-image-77862\" src=\"https:\/\/exceladvisor.org\/wp-content\/uploads\/2023\/08\/Condition-de-fonctionnement-de-8-ans-en-premiere-partie.png\" sizes=\"auto, \" srcset=\"\" alt=\"a\u00f1o-funci\u00f3n-condici\u00f3n-en-primera-parte\" width=\"576\" height=\"355\"><\/figure>\n<\/div>\n<p> En la segunda parte, tienes dos signos menos (\u2013) que convierten los valores VERDADERO y FALSO a 1 y 0, respectivamente. <\/p>\n<div class=\"wp-block-image\">\n<figure class=\"aligncenter size-full is-resized\"><img loading=\"lazy\" decoding=\"async\" class=\"wp-image-77863\" src=\"https:\/\/exceladvisor.org\/wp-content\/uploads\/2023\/08\/9-deuxieme-partie-a-deux-signes-moins.png\" sizes=\"auto, \" srcset=\"\" alt=\"la-segunda-parte-tiene-dos-signos-menos\" width=\"602\" height=\"344\"><\/figure>\n<\/div>\n<p> En la tercera parte tienes las dos tablas, una con los valores 0 (para el a\u00f1o 2021) y 1 (para a\u00f1os distintos a 2021), y la segunda tabla con los valores sumatorios del rango. SUMPRODUCT multiplica las dos matrices entre s\u00ed y suma estos valores.<\/p>\n<p> Ahora hay una cosa que debes entender: cuando multiplicas cero por cualquier valor, devuelve 0. Por lo tanto, solo te quedan los valores donde tienes 1 en la primera matriz. <\/p>\n<div class=\"wp-block-image\">\n<figure class=\"aligncenter size-full is-resized\"><img loading=\"lazy\" decoding=\"async\" class=\"wp-image-77864\" src=\"https:\/\/exceladvisor.org\/wp-content\/uploads\/2023\/08\/10-troisieme-partie-a-deux-fleches.png\" sizes=\"auto, \" srcset=\"\" alt=\"tercera parte con dos flechas\" width=\"474\" height=\"182\"><\/figure>\n<\/div>\n<div class=\"gb-container gb-container-52dfcee1 gb-container-sample-file\">\n<h2 class=\"gb-headline gb-headline-e289c143 gb-headline-text gb-headline-4f7959c2\"> Obtener el archivo Excel<\/h2>\n<p> <a class=\"gb-button gb-button-e88d6bee gb-button-text gb-button-button1\" href=\"https:\/\/exceladvisor.org\/wp-content\/uploads\/2023\/08\/annee-sumif.xlsx\" rel=\"nofollow\">Descargar<\/a><\/p>\n<\/div>\n<div class=\"gb-container gb-container-0df56012 gb-container-mt\"> <a class=\"gb-button gb-button-f9f432f4 gb-button-text gb-button-mt-button\" href=\"https:\/\/exceladvisor.org\/es\/formulas\/\">Lista de f\u00f3rmulas de Excel<\/a><\/p>\n<h2 class=\"gb-headline gb-headline-233444e8 gb-headline-text gb-headline-mt-heading\"> F\u00f3rmulas relacionadas <\/h2>\n<div class=\"gb-grid-wrapper gb-grid-wrapper-a16fa65c gb-grid-wrapper-mt-grid\">\n<div class=\"gb-grid-column gb-grid-column-50d07e0d\">\n<div class=\"gb-container gb-container-50d07e0d\">\n<ul>\n<li> <a href=\"https:\/\/exceladvisor.org\/es\/suma-si-es-mayor-que\/\">Suma mayor que valores usando SUMAR.SI<\/a><\/li>\n<li> <a href=\"https:\/\/exceladvisor.org\/es\/sumos-no-iguales\/\">Suma de valores no iguales (SUMIFS) en Excel<\/a><\/li>\n<li> <a href=\"https:\/\/exceladvisor.org\/es\/sumif-sumifs-o-logica\/\">SUMAR.SI\/SUMAR.SI con l\u00f3gica OR en Excel<\/a><\/li>\n<li> <a href=\"https:\/\/exceladvisor.org\/es\/sumif-con-comodines\/\">SUMAR.SI con comodines en Excel<\/a><\/li>\n<li> <a href=\"https:\/\/exceladvisor.org\/es\/suma-de-valores-entre-dos-fechas\/\">Rango de fechas SUMIFS (suma de valores entre dos matrices de fechas)<\/a><\/li>\n<li> <a href=\"https:\/\/exceladvisor.org\/es\/busquedasumif\/\">Combina BUSCARV con SUMAR.SI<\/a><\/li>\n<li> <a href=\"https:\/\/exceladvisor.org\/es\/suma-si-contiene\/\">Suma SI la celda contiene texto espec\u00edfico (SUMA SI texto parcial)<\/a><\/li>\n<li> <a href=\"https:\/\/exceladvisor.org\/es\/suma-por-fecha\/\">SUMAR.SI por fecha (suma de valores en base a una fecha)<\/a> <\/li>\n<\/ul>\n<\/div>\n<\/div>\n<div class=\"gb-grid-column gb-grid-column-5b4a0cf9\">\n<div class=\"gb-container gb-container-5b4a0cf9\">\n<ul>\n<li> <a href=\"https:\/\/exceladvisor.org\/es\/suma-si-no-esta-vacia-2\/\">SUMIF no vac\u00edo (valores de suma para celdas no vac\u00edas)<\/a><\/li>\n<li> <a href=\"https:\/\/exceladvisor.org\/es\/suma-si-esta-vacio-2\/\">Utilice SUMAR.SI para sumar valores vac\u00edos o celdas vac\u00edas<\/a><\/li>\n<li> <a href=\"https:\/\/exceladvisor.org\/es\/suma-si-es-menor-que\/\">Suma de valores menores que un valor particular (SUMIF menor que)<\/a><\/li>\n<li> <a href=\"https:\/\/exceladvisor.org\/es\/suma-si-es-mayor-que-cero-2\/\">Suma de valores mayores que cero (SUMIF)<\/a><\/li>\n<li> <a href=\"https:\/\/exceladvisor.org\/es\/cantidad-por-mes\/\">Suma de valores seg\u00fan mes (SUMIF)<\/a><\/li>\n<li> <a href=\"https:\/\/exceladvisor.org\/es\/suma-por-grupo-2\/\">Suma de valores por grupo<\/a><\/li>\n<\/ul>\n<\/div>\n<\/div>\n<\/div>\n<\/div>\n","protected":false},"excerpt":{"rendered":"<p>Para sumar valores, basados en un a\u00f1o espec\u00edfico, en Excel, le hemos dado dos m\u00e9todos a seguir. El primer m\u00e9todo utiliza una columna auxiliar donde debe agregar una columna con el n\u00famero del a\u00f1o y los valores de suma seg\u00fan el mes de esa columna. El segundo m\u00e9todo utiliza un enfoque diferente. Para crear una [&hellip;]<\/p>\n","protected":false},"author":1,"featured_media":0,"parent":0,"menu_order":0,"comment_status":"open","ping_status":"closed","template":"","meta":{"ub_ctt_via":"","footnotes":""},"class_list":["post-250","page","type-page","status-publish","hentry"],"featured_image_src":null,"yoast_head":"<!-- This site is optimized with the Yoast SEO plugin v25.4 - https:\/\/yoast.com\/wordpress\/plugins\/seo\/ -->\n<title>\u00bfc\u00f3mo sumar los valores seg\u00fan el a\u00f1o?<\/title>\n<meta name=\"robots\" content=\"index, follow, max-snippet:-1, max-image-preview:large, max-video-preview:-1\" \/>\n<link rel=\"canonical\" href=\"https:\/\/exceladvisor.org\/es\/sumif-ano-2\/\" \/>\n<meta property=\"og:locale\" content=\"es_ES\" \/>\n<meta property=\"og:type\" content=\"article\" \/>\n<meta property=\"og:title\" content=\"\u00bfc\u00f3mo sumar los valores seg\u00fan el a\u00f1o?\" \/>\n<meta property=\"og:description\" content=\"Para sumar valores, basados en un a\u00f1o espec\u00edfico, en Excel, le hemos dado dos m\u00e9todos a seguir. El primer m\u00e9todo utiliza una columna auxiliar donde debe agregar una columna con el n\u00famero del a\u00f1o y los valores de suma seg\u00fan el mes de esa columna. El segundo m\u00e9todo utiliza un enfoque diferente. Para crear una [&hellip;]\" \/>\n<meta property=\"og:url\" content=\"https:\/\/exceladvisor.org\/es\/sumif-ano-2\/\" \/>\n<meta property=\"og:site_name\" content=\"Excel Advisor\" \/>\n<meta property=\"article:modified_time\" content=\"2023-12-25T10:27:30+00:00\" \/>\n<meta property=\"og:image\" content=\"https:\/\/exceladvisor.org\/wp-content\/uploads\/2023\/08\/1-an-de-fonction.png\" \/>\n<meta name=\"twitter:card\" content=\"summary_large_image\" \/>\n<meta name=\"twitter:label1\" content=\"Tiempo de lectura\" \/>\n\t<meta name=\"twitter:data1\" content=\"3 minutos\" \/>\n<script type=\"application\/ld+json\" class=\"yoast-schema-graph\">{\"@context\":\"https:\/\/schema.org\",\"@graph\":[{\"@type\":\"WebPage\",\"@id\":\"https:\/\/exceladvisor.org\/es\/sumif-ano-2\/\",\"url\":\"https:\/\/exceladvisor.org\/es\/sumif-ano-2\/\",\"name\":\"\u00bfc\u00f3mo sumar los valores seg\u00fan el a\u00f1o?\",\"isPartOf\":{\"@id\":\"https:\/\/exceladvisor.org\/es\/#website\"},\"primaryImageOfPage\":{\"@id\":\"https:\/\/exceladvisor.org\/es\/sumif-ano-2\/#primaryimage\"},\"image\":{\"@id\":\"https:\/\/exceladvisor.org\/es\/sumif-ano-2\/#primaryimage\"},\"thumbnailUrl\":\"https:\/\/exceladvisor.org\/wp-content\/uploads\/2023\/08\/1-an-de-fonction.png\",\"datePublished\":\"2023-11-09T19:18:18+00:00\",\"dateModified\":\"2023-12-25T10:27:30+00:00\",\"breadcrumb\":{\"@id\":\"https:\/\/exceladvisor.org\/es\/sumif-ano-2\/#breadcrumb\"},\"inLanguage\":\"es\",\"potentialAction\":[{\"@type\":\"ReadAction\",\"target\":[\"https:\/\/exceladvisor.org\/es\/sumif-ano-2\/\"]}]},{\"@type\":\"ImageObject\",\"inLanguage\":\"es\",\"@id\":\"https:\/\/exceladvisor.org\/es\/sumif-ano-2\/#primaryimage\",\"url\":\"https:\/\/exceladvisor.org\/wp-content\/uploads\/2023\/08\/1-an-de-fonction.png\",\"contentUrl\":\"https:\/\/exceladvisor.org\/wp-content\/uploads\/2023\/08\/1-an-de-fonction.png\"},{\"@type\":\"BreadcrumbList\",\"@id\":\"https:\/\/exceladvisor.org\/es\/sumif-ano-2\/#breadcrumb\",\"itemListElement\":[{\"@type\":\"ListItem\",\"position\":1,\"name\":\"Hogar\",\"item\":\"https:\/\/exceladvisor.org\/es\/\"},{\"@type\":\"ListItem\",\"position\":2,\"name\":\"\u00bfc\u00f3mo sumar los valores seg\u00fan el a\u00f1o?\"}]},{\"@type\":\"WebSite\",\"@id\":\"https:\/\/exceladvisor.org\/es\/#website\",\"url\":\"https:\/\/exceladvisor.org\/es\/\",\"name\":\"Excel Advisor\",\"description\":\"Su gu\u00eda para la dominaci\u00f3n de datos!\",\"publisher\":{\"@id\":\"https:\/\/exceladvisor.org\/es\/#organization\"},\"potentialAction\":[{\"@type\":\"SearchAction\",\"target\":{\"@type\":\"EntryPoint\",\"urlTemplate\":\"https:\/\/exceladvisor.org\/es\/?s={search_term_string}\"},\"query-input\":{\"@type\":\"PropertyValueSpecification\",\"valueRequired\":true,\"valueName\":\"search_term_string\"}}],\"inLanguage\":\"es\"},{\"@type\":\"Organization\",\"@id\":\"https:\/\/exceladvisor.org\/es\/#organization\",\"name\":\"Excel Advisor\",\"url\":\"https:\/\/exceladvisor.org\/es\/\",\"logo\":{\"@type\":\"ImageObject\",\"inLanguage\":\"es\",\"@id\":\"https:\/\/exceladvisor.org\/es\/#\/schema\/logo\/image\/\",\"url\":\"https:\/\/exceladvisor.org\/es\/wp-content\/uploads\/2023\/12\/exceladvisor.org_.png\",\"contentUrl\":\"https:\/\/exceladvisor.org\/es\/wp-content\/uploads\/2023\/12\/exceladvisor.org_.png\",\"width\":105,\"height\":36,\"caption\":\"Excel Advisor\"},\"image\":{\"@id\":\"https:\/\/exceladvisor.org\/es\/#\/schema\/logo\/image\/\"}}]}<\/script>\n<!-- \/ Yoast SEO plugin. -->","yoast_head_json":{"title":"\u00bfc\u00f3mo sumar los valores seg\u00fan el a\u00f1o?","robots":{"index":"index","follow":"follow","max-snippet":"max-snippet:-1","max-image-preview":"max-image-preview:large","max-video-preview":"max-video-preview:-1"},"canonical":"https:\/\/exceladvisor.org\/es\/sumif-ano-2\/","og_locale":"es_ES","og_type":"article","og_title":"\u00bfc\u00f3mo sumar los valores seg\u00fan el a\u00f1o?","og_description":"Para sumar valores, basados en un a\u00f1o espec\u00edfico, en Excel, le hemos dado dos m\u00e9todos a seguir. El primer m\u00e9todo utiliza una columna auxiliar donde debe agregar una columna con el n\u00famero del a\u00f1o y los valores de suma seg\u00fan el mes de esa columna. El segundo m\u00e9todo utiliza un enfoque diferente. Para crear una [&hellip;]","og_url":"https:\/\/exceladvisor.org\/es\/sumif-ano-2\/","og_site_name":"Excel Advisor","article_modified_time":"2023-12-25T10:27:30+00:00","og_image":[{"url":"https:\/\/exceladvisor.org\/wp-content\/uploads\/2023\/08\/1-an-de-fonction.png","type":"","width":"","height":""}],"twitter_card":"summary_large_image","twitter_misc":{"Tiempo de lectura":"3 minutos"},"schema":{"@context":"https:\/\/schema.org","@graph":[{"@type":"WebPage","@id":"https:\/\/exceladvisor.org\/es\/sumif-ano-2\/","url":"https:\/\/exceladvisor.org\/es\/sumif-ano-2\/","name":"\u00bfc\u00f3mo sumar los valores seg\u00fan el a\u00f1o?","isPartOf":{"@id":"https:\/\/exceladvisor.org\/es\/#website"},"primaryImageOfPage":{"@id":"https:\/\/exceladvisor.org\/es\/sumif-ano-2\/#primaryimage"},"image":{"@id":"https:\/\/exceladvisor.org\/es\/sumif-ano-2\/#primaryimage"},"thumbnailUrl":"https:\/\/exceladvisor.org\/wp-content\/uploads\/2023\/08\/1-an-de-fonction.png","datePublished":"2023-11-09T19:18:18+00:00","dateModified":"2023-12-25T10:27:30+00:00","breadcrumb":{"@id":"https:\/\/exceladvisor.org\/es\/sumif-ano-2\/#breadcrumb"},"inLanguage":"es","potentialAction":[{"@type":"ReadAction","target":["https:\/\/exceladvisor.org\/es\/sumif-ano-2\/"]}]},{"@type":"ImageObject","inLanguage":"es","@id":"https:\/\/exceladvisor.org\/es\/sumif-ano-2\/#primaryimage","url":"https:\/\/exceladvisor.org\/wp-content\/uploads\/2023\/08\/1-an-de-fonction.png","contentUrl":"https:\/\/exceladvisor.org\/wp-content\/uploads\/2023\/08\/1-an-de-fonction.png"},{"@type":"BreadcrumbList","@id":"https:\/\/exceladvisor.org\/es\/sumif-ano-2\/#breadcrumb","itemListElement":[{"@type":"ListItem","position":1,"name":"Hogar","item":"https:\/\/exceladvisor.org\/es\/"},{"@type":"ListItem","position":2,"name":"\u00bfc\u00f3mo sumar los valores seg\u00fan el a\u00f1o?"}]},{"@type":"WebSite","@id":"https:\/\/exceladvisor.org\/es\/#website","url":"https:\/\/exceladvisor.org\/es\/","name":"Excel Advisor","description":"Su gu\u00eda para la dominaci\u00f3n de datos!","publisher":{"@id":"https:\/\/exceladvisor.org\/es\/#organization"},"potentialAction":[{"@type":"SearchAction","target":{"@type":"EntryPoint","urlTemplate":"https:\/\/exceladvisor.org\/es\/?s={search_term_string}"},"query-input":{"@type":"PropertyValueSpecification","valueRequired":true,"valueName":"search_term_string"}}],"inLanguage":"es"},{"@type":"Organization","@id":"https:\/\/exceladvisor.org\/es\/#organization","name":"Excel Advisor","url":"https:\/\/exceladvisor.org\/es\/","logo":{"@type":"ImageObject","inLanguage":"es","@id":"https:\/\/exceladvisor.org\/es\/#\/schema\/logo\/image\/","url":"https:\/\/exceladvisor.org\/es\/wp-content\/uploads\/2023\/12\/exceladvisor.org_.png","contentUrl":"https:\/\/exceladvisor.org\/es\/wp-content\/uploads\/2023\/12\/exceladvisor.org_.png","width":105,"height":36,"caption":"Excel Advisor"},"image":{"@id":"https:\/\/exceladvisor.org\/es\/#\/schema\/logo\/image\/"}}]}},"yoast_meta":{"yoast_wpseo_title":"","yoast_wpseo_metadesc":"","yoast_wpseo_canonical":""},"_links":{"self":[{"href":"https:\/\/exceladvisor.org\/es\/wp-json\/wp\/v2\/pages\/250","targetHints":{"allow":["GET"]}}],"collection":[{"href":"https:\/\/exceladvisor.org\/es\/wp-json\/wp\/v2\/pages"}],"about":[{"href":"https:\/\/exceladvisor.org\/es\/wp-json\/wp\/v2\/types\/page"}],"author":[{"embeddable":true,"href":"https:\/\/exceladvisor.org\/es\/wp-json\/wp\/v2\/users\/1"}],"replies":[{"embeddable":true,"href":"https:\/\/exceladvisor.org\/es\/wp-json\/wp\/v2\/comments?post=250"}],"version-history":[{"count":1,"href":"https:\/\/exceladvisor.org\/es\/wp-json\/wp\/v2\/pages\/250\/revisions"}],"predecessor-version":[{"id":1204,"href":"https:\/\/exceladvisor.org\/es\/wp-json\/wp\/v2\/pages\/250\/revisions\/1204"}],"wp:attachment":[{"href":"https:\/\/exceladvisor.org\/es\/wp-json\/wp\/v2\/media?parent=250"}],"curies":[{"name":"wp","href":"https:\/\/api.w.org\/{rel}","templated":true}]}}