{"id":251,"date":"2023-11-09T19:08:31","date_gmt":"2023-11-09T19:08:31","guid":{"rendered":"https:\/\/exceladvisor.org\/es\/coincidencia-de-vsearch\/"},"modified":"2023-12-25T10:28:17","modified_gmt":"2023-12-25T10:28:17","slug":"coincidencia-de-vsearch","status":"publish","type":"page","link":"https:\/\/exceladvisor.org\/es\/coincidencia-de-vsearch\/","title":{"rendered":"\u00bfc\u00f3mo utilizar la combinaci\u00f3n buscarv coincidir?"},"content":{"rendered":"<div class=\"excel-antes-del-contenido\" id=\"excel-3591101004\"><script type=\"text\/javascript\">\r\n\tatOptions = {\r\n\t\t'key' : 'c1158f160081d6540a8409e6925dab94',\r\n\t\t'format' : 'iframe',\r\n\t\t'height' : 250,\r\n\t\t'width' : 300,\r\n\t\t'params' : {}\r\n\t};\r\n<\/script>\r\n<script type=\"text\/javascript\" src=\"\/\/www.highperformanceformat.com\/c1158f160081d6540a8409e6925dab94\/invoke.js\"><\/script><\/div><p>La combinaci\u00f3n de BUSCARV y COINCIDIR es como una superpotencia. Bueno, como todos sabemos, BUSCARV es una de <a href=\"https:\/\/exceladvisor.org\/es\/funciones-de-excel\/\">las funciones m\u00e1s populares<\/a> .<\/p>\n<p> \u00bfBIEN?<\/p>\n<p> Esto puede ayudarle a encontrar r\u00e1pidamente un valor en una columna. Pero cuando lo uses m\u00e1s y m\u00e1s, te dar\u00e1s cuenta de algunos problemas. Y el <span style=\"color: #000000;\">mayor problema es<\/span> que no es din\u00e1mico.<\/p>\n<p> En BUSCARV, col_index_no es un valor est\u00e1tico, raz\u00f3n por la cual BUSCARV <strong><span style=\"color: #ff0000;\">no funciona como una funci\u00f3n din\u00e1mica<\/span><\/strong> . Y aqu\u00ed es donde necesitas combinar BUSCARV con COINCIDIR.<\/p>\n<p> Si est\u00e1 trabajando con datos <a href=\"https:\/\/exceladvisor.org\/es\/busqueda-bidireccional\/\">de varias columnas<\/a> , es complicado cambiar su referencia, debe hacerlo (cambiar el n\u00famero de columna) manualmente.<\/p>\n<p> La mejor manera de resolver este problema es utilizar la funci\u00f3n COINCIDIR en BUSCARV para col_index_number. Hoy en este art\u00edculo te contar\u00e9 todo lo que necesitas saber para utilizar esta f\u00f3rmula combinada.<\/p>\n<h2 id=\"h-problems-with-vlookup\" class=\"wp-block-heading\"> Problemas con BUSCARV<\/h2>\n<p> Encontr\u00e9 las dos razones principales para crear una combinaci\u00f3n de estas dos funciones.<\/p>\n<h3 id=\"h-1-static-reference\" class=\"wp-block-heading\"> 1. Referencia est\u00e1tica<\/h3>\n<p> Simplemente mire la tabla de datos a continuaci\u00f3n, donde tiene las ventas de 12 meses para cuatro empleados diferentes. <\/p>\n<div class=\"wp-block-image\">\n<figure class=\"aligncenter\"><img decoding=\"async\" src=\"https:\/\/exceladvisor.org\/wp-content\/uploads\/2023\/08\/table-de-donnees-pour-utiliser-vlookup-et-faire-correspondre-min-1.png\" sizes=\"\" srcset=\"\" alt=\"tabla de datos para usar vlookup y hacer coincidir\"><\/figure>\n<\/div>\n<p> Ahora, digamos que desea buscar las ofertas de \u00abJohn\u00bb para el mes de febrero. La f\u00f3rmula deber\u00eda ser as\u00ed.<\/p>\n<pre class=\"wp-block-code\"> <code class=\"language-excel-formula\" lang=\"excel-formula\">=VLOOKUP(\"May\",A1:E13,2,0)<\/code><\/pre>\n<p> Y en esta f\u00f3rmula mencionaste 2 como col_index_num porque la venta de John est\u00e1 en la segunda columna. <strong><span style=\"color: #000000;\">Pero, \u00bfqu\u00e9 har\u00e1 si su jefe le pide<\/span><\/strong> que obtenga el valor de venta de \u201cPeter\u201d?<\/p>\n<p> Debe cambiar el valor en col_index_num porque no es din\u00e1mico.<\/p>\n<h3 id=\"h-2-add-or-delete-columns\" class=\"wp-block-heading\"> 2. Agregar o eliminar columnas<\/h3>\n<p> Ahora piensa de otra manera. Debe agregar una nueva columna para un nuevo empleado justo antes de la columna de John.<\/p>\n<p> Y aqu\u00ed el n\u00famero de columna de John es 3 y el resultado de su f\u00f3rmula es incorrecto. <\/p>\n<div class=\"wp-block-image\">\n<figure class=\"aligncenter\"><img decoding=\"async\" src=\"https:\/\/exceladvisor.org\/wp-content\/uploads\/2023\/08\/vlookup-et-match-static-col-index-num-min-1.png\" sizes=\"\" srcset=\"\" alt=\"vlookup y coincide con el n\u00famero de \u00edndice de columna est\u00e1tico\"><\/figure>\n<\/div>\n<p> Nuevamente aqu\u00ed, debido a que col_index_num es un valor est\u00e1tico, debe cambiarlo manualmente de 2 a 3 y nuevamente si necesita algo m\u00e1s.<\/p>\n<p> En este punto, sabes claramente una cosa que necesitas para hacer que col_index_num sea din\u00e1mico. Y para ello lo mejor es sustituirlo por la funci\u00f3n MATCH.<\/p>\n<h2 id=\"h-why-match-function\" class=\"wp-block-heading\"> \u00bfPor qu\u00e9 coincidir con la funci\u00f3n?<\/h2>\n<p> Antes de combinar BUSCARV y COINCIDIR, es necesario comprender la funci\u00f3n de coincidencia y c\u00f3mo funciona. El uso b\u00e1sico de MATCH es encontrar el n\u00famero de celda del valor de b\u00fasqueda en un rango.<\/p>\n<p> Sintaxis: COINCIDIR(valor_buscado,matriz_buscada,[tipo_coincidencia])<\/p>\n<p> Tiene principalmente tres argumentos, el valor de b\u00fasqueda, un rango para buscar el valor y el tipo de coincidencia para especificar una coincidencia exacta o aproximada.<\/p>\n<p> Por ejemplo, en los datos siguientes, estoy buscando el nombre \u00abJohn\u00bb con la funci\u00f3n de coincidencia de una fila de encabezado. <\/p>\n<div class=\"wp-block-image\">\n<figure class=\"aligncenter\"><img decoding=\"async\" src=\"https:\/\/exceladvisor.org\/wp-content\/uploads\/2023\/08\/comment-la-fonction-de-correspondance-fonctionne-dans-vlookup-et-la-fonction-de-correspondance-min-1.png\" sizes=\"\" srcset=\"\" alt=\"\"><\/figure>\n<\/div>\n<p> Y devolvi\u00f3 2 en el resultado porque el nombre est\u00e1 en la segunda celda de la fila.<\/p>\n<h2 id=\"h-vlookup-and-match-together\" class=\"wp-block-heading\"> BUSCARV y COINCIDIR juntos<\/h2>\n<p> Ahora es el momento de juntar BUSCARV y COINCIDIR. Entonces, continuemos con nuestro ejemplo anterior.<\/p>\n<p> Primero, creemos una f\u00f3rmula usando ambas funciones, luego entenderemos c\u00f3mo funcionan juntas.<\/p>\n<p> Pasos para crear esta f\u00f3rmula combinada:<\/p>\n<ul>\n<li> Primero, en una celda ingrese el nombre del mes y en otra celda ingrese el nombre del empleado.<\/li>\n<li> Despu\u00e9s de eso, ingrese la siguiente f\u00f3rmula en la tercera celda. <\/li>\n<\/ul>\n<pre class=\"wp-block-code\"> <code class=\"language-excel-formula\" lang=\"excel-formula\">=VLOOKUP(C15,A1:E13,MATCH(C16,A1:E1,0),0)<\/code><\/pre>\n<div class=\"wp-block-image\">\n<figure class=\"aligncenter\"><img decoding=\"async\" src=\"https:\/\/exceladvisor.org\/wp-content\/uploads\/2023\/08\/entrez-la-formule-vlookup-et-faites-correspondre-min-1.png\" sizes=\"\" srcset=\"\" alt=\"\"><\/figure>\n<\/div>\n<p> En la f\u00f3rmula anterior, us\u00f3 BUSCARV para encontrar el mes MAYO y, para el argumento col_index_num, us\u00f3 la funci\u00f3n de coincidencia en lugar de un valor est\u00e1tico.<\/p>\n<p> Y en la funci\u00f3n de coincidencia, utiliz\u00f3 \u00abJohn\u00bb (nombre del empleado) para el valor de b\u00fasqueda. <\/p>\n<div class=\"wp-block-image\">\n<figure class=\"aligncenter\"><img decoding=\"async\" src=\"https:\/\/exceladvisor.org\/wp-content\/uploads\/2023\/08\/reference-au-nom-de-lemploye-dans-vlookup-et-correspondance-min-1.png\" sizes=\"\" srcset=\"\" alt=\"referencia al nombre del empleado en vlookup y correspondencia\"><\/figure>\n<\/div>\n<p> Aqu\u00ed la funci\u00f3n de coincidencia devolvi\u00f3 el n\u00famero de celda de \u00abJohn\u00bb en la fila de arriba. Despu\u00e9s de eso, BUSCARV us\u00f3 este n\u00famero de celda para devolver el valor. <\/p>\n<div class=\"wp-block-image\">\n<figure class=\"aligncenter\"><img decoding=\"async\" src=\"https:\/\/exceladvisor.org\/wp-content\/uploads\/2023\/08\/numero-dindex-de-colonne-dynamique-avec-fonction-de-correspondance-1.gif\" sizes=\"\" srcset=\"\" alt=\"n\u00famero de \u00edndice de columna din\u00e1mica con funci\u00f3n de coincidencia\"><\/figure>\n<\/div>\n<p> En t\u00e9rminos simples, la funci\u00f3n COINCIDIR le dice a BUSCARV el n\u00famero de columna para obtener el valor.<\/p>\n<h2 id=\"h-problems-solved\" class=\"wp-block-heading\"> \u00bfProblemas resueltos?<\/h2>\n<p> Arriba aprendiste sobre dos problemas diferentes causados por <strong>la est\u00e1tica col_index_num<\/strong> .<\/p>\n<p> Y, para esto, combin\u00f3 BUSCARV y COINCIDIR. Ahora tenemos que comprobar si estos problemas se resuelven o no.<\/p>\n<h3 id=\"h-1-static-reference-0\" class=\"wp-block-heading\"> 1. Referencia est\u00e1tica<\/h3>\n<p> Hizo referencia al nombre del empleado en la funci\u00f3n de coincidencia para obtener el n\u00famero de columna para BUSCARV.<\/p>\n<p> Cuando cambia el nombre del empleado en la celda, la funci\u00f3n de coincidencia cambia el n\u00famero de columna. Y cuando necesite obtener el valor de otro empleado, deber\u00e1 cambiar el nombre del empleado en la celda.<\/p>\n<p> De esta manera tienes un col_index_number din\u00e1mico. <\/p>\n<div class=\"wp-block-image\">\n<figure class=\"aligncenter\"><img decoding=\"async\" src=\"https:\/\/exceladvisor.org\/wp-content\/uploads\/2023\/08\/reference-dynamique-pour-le-numero-de-colonne-en-combinant-vlookup-et-match-1.gif\" sizes=\"\" srcset=\"\" alt=\"\"><\/figure>\n<\/div>\n<p> Por \u00faltimo, no es necesario cambiar la f\u00f3rmula una y otra vez.<\/p>\n<h3 id=\"h-2-add-or-delete-columns-0\" class=\"wp-block-heading\"> 2. Agregar o eliminar columnas<\/h3>\n<p> Antes de agregar una nueva columna, los datos de John estaban en la segunda columna y la funci\u00f3n de coincidencia devolvi\u00f3 2. Y despu\u00e9s de insertar una nueva columna, los datos de John estaban en la tercera columna y la coincidencia devolvi\u00f3 3.<\/p>\n<p> Cuando agrega una nueva columna para un nuevo empleado, el valor de la f\u00f3rmula no cambia porque la funci\u00f3n de coincidencia actualiza su valor. <\/p>\n<div class=\"wp-block-image\">\n<figure class=\"aligncenter\"><img decoding=\"async\" src=\"https:\/\/exceladvisor.org\/wp-content\/uploads\/2023\/08\/pas-de-changement-de-valeur-avec-vlookup-et-correspondance-lors-de-la-saisie-dune-nouvelle-colonne-1.gif\" sizes=\"\" srcset=\"\" alt=\"\"><\/figure>\n<\/div>\n<p> De esta manera siempre obtendr\u00e1 el n\u00famero de columna correcto incluso cuando inserte\/elimine una columna. La funci\u00f3n COINCIDIR devolver\u00e1 el n\u00famero de columna correcto. <\/p>\n<div class=\"gb-container gb-container-bafb25cc gb-container-download-2\">\n<div class=\"gb-grid-wrapper gb-grid-wrapper-91201309\">\n<div class=\"gb-grid-column gb-grid-column-15a917ef\">\n<div class=\"gb-container gb-container-15a917ef\">\n<h2 class=\"gb-headline gb-headline-f2deb261 gb-headline-text gb-headline-download-2\"> Obtener el archivo Excel <\/h2>\n<\/div>\n<\/div>\n<div class=\"gb-grid-column gb-grid-column-18357188\">\n<div class=\"gb-container gb-container-18357188\">\n<div class=\"gb-container gb-container-76cbe15e\"> <a class=\"gb-button gb-button-cb63d00a gb-button-text gb-button-download-2\" href=\"https:\/\/exceladvisor.org\/wp-content\/uploads\/2023\/08\/vlookup-et-correspondance.xlsx\" rel=\"nofollow\">Descargar<\/a><\/div>\n<\/div>\n<\/div>\n<\/div>\n<\/div>\n<div class=\"gb-container gb-container-0df56012 gb-container-mt\"> <a class=\"gb-button gb-button-f9f432f4 gb-button-text gb-button-mt-button\" href=\"https:\/\/exceladvisor.org\/es\/formulas\/\">Lista de f\u00f3rmulas de Excel<\/a><\/p>\n<h2 class=\"gb-headline gb-headline-233444e8 gb-headline-text gb-headline-mt-heading\"> F\u00f3rmulas relacionadas <\/h2>\n<div class=\"gb-grid-wrapper gb-grid-wrapper-a16fa65c gb-grid-wrapper-mt-grid\">\n<div class=\"gb-grid-column gb-grid-column-50d07e0d\">\n<div class=\"gb-container gb-container-50d07e0d\">\n<ul>\n<li> <a href=\"https:\/\/exceladvisor.org\/es\/si-error-busqueda-virtual\/\">IFERROR con BUSCARV en Excel para reemplazar #N\/A en Excel<\/a><\/li>\n<li> <a href=\"https:\/\/exceladvisor.org\/es\/busqueda-bidireccional\/\">Realizar una b\u00fasqueda bidireccional en Excel<\/a><\/li>\n<li> <a href=\"https:\/\/exceladvisor.org\/es\/busqueda-inversa\/\">BUSCARV inversa (hacia atr\u00e1s: de derecha a izquierda) en Excel<\/a><\/li>\n<li> <a href=\"https:\/\/exceladvisor.org\/es\/vlookup-varios-criterios\/\">BUSCARV con m\u00faltiples criterios en Excel<\/a><\/li>\n<li> <a href=\"https:\/\/exceladvisor.org\/es\/comodines-con-vlookup\/\">Comodines con BUSCARV en Excel<\/a><\/li>\n<\/ul>\n<\/div>\n<\/div>\n<\/div>\n<\/div>\n","protected":false},"excerpt":{"rendered":"<p>La combinaci\u00f3n de BUSCARV y COINCIDIR es como una superpotencia. Bueno, como todos sabemos, BUSCARV es una de las funciones m\u00e1s populares . \u00bfBIEN? Esto puede ayudarle a encontrar r\u00e1pidamente un valor en una columna. Pero cuando lo uses m\u00e1s y m\u00e1s, te dar\u00e1s cuenta de algunos problemas. Y el mayor problema es que no [&hellip;]<\/p>\n","protected":false},"author":1,"featured_media":0,"parent":0,"menu_order":0,"comment_status":"open","ping_status":"closed","template":"","meta":{"ub_ctt_via":"","footnotes":""},"class_list":["post-251","page","type-page","status-publish","hentry"],"featured_image_src":null,"yoast_head":"<!-- This site is optimized with the Yoast SEO plugin v25.4 - https:\/\/yoast.com\/wordpress\/plugins\/seo\/ -->\n<title>\u00bfc\u00f3mo utilizar la combinaci\u00f3n buscarv coincidir?<\/title>\n<meta name=\"robots\" content=\"index, follow, max-snippet:-1, max-image-preview:large, max-video-preview:-1\" \/>\n<link rel=\"canonical\" href=\"https:\/\/exceladvisor.org\/es\/coincidencia-de-vsearch\/\" \/>\n<meta property=\"og:locale\" content=\"es_ES\" \/>\n<meta property=\"og:type\" content=\"article\" \/>\n<meta property=\"og:title\" content=\"\u00bfc\u00f3mo utilizar la combinaci\u00f3n buscarv coincidir?\" \/>\n<meta property=\"og:description\" content=\"La combinaci\u00f3n de BUSCARV y COINCIDIR es como una superpotencia. Bueno, como todos sabemos, BUSCARV es una de las funciones m\u00e1s populares . \u00bfBIEN? Esto puede ayudarle a encontrar r\u00e1pidamente un valor en una columna. Pero cuando lo uses m\u00e1s y m\u00e1s, te dar\u00e1s cuenta de algunos problemas. Y el mayor problema es que no [&hellip;]\" \/>\n<meta property=\"og:url\" content=\"https:\/\/exceladvisor.org\/es\/coincidencia-de-vsearch\/\" \/>\n<meta property=\"og:site_name\" content=\"Excel Advisor\" \/>\n<meta property=\"article:modified_time\" content=\"2023-12-25T10:28:17+00:00\" \/>\n<meta property=\"og:image\" content=\"https:\/\/exceladvisor.org\/wp-content\/uploads\/2023\/08\/table-de-donnees-pour-utiliser-vlookup-et-faire-correspondre-min-1.png\" \/>\n<meta name=\"twitter:card\" content=\"summary_large_image\" \/>\n<meta name=\"twitter:label1\" content=\"Tiempo de lectura\" \/>\n\t<meta name=\"twitter:data1\" content=\"5 minutos\" \/>\n<script type=\"application\/ld+json\" class=\"yoast-schema-graph\">{\"@context\":\"https:\/\/schema.org\",\"@graph\":[{\"@type\":\"WebPage\",\"@id\":\"https:\/\/exceladvisor.org\/es\/coincidencia-de-vsearch\/\",\"url\":\"https:\/\/exceladvisor.org\/es\/coincidencia-de-vsearch\/\",\"name\":\"\u00bfc\u00f3mo utilizar la combinaci\u00f3n buscarv coincidir?\",\"isPartOf\":{\"@id\":\"https:\/\/exceladvisor.org\/es\/#website\"},\"primaryImageOfPage\":{\"@id\":\"https:\/\/exceladvisor.org\/es\/coincidencia-de-vsearch\/#primaryimage\"},\"image\":{\"@id\":\"https:\/\/exceladvisor.org\/es\/coincidencia-de-vsearch\/#primaryimage\"},\"thumbnailUrl\":\"https:\/\/exceladvisor.org\/wp-content\/uploads\/2023\/08\/table-de-donnees-pour-utiliser-vlookup-et-faire-correspondre-min-1.png\",\"datePublished\":\"2023-11-09T19:08:31+00:00\",\"dateModified\":\"2023-12-25T10:28:17+00:00\",\"breadcrumb\":{\"@id\":\"https:\/\/exceladvisor.org\/es\/coincidencia-de-vsearch\/#breadcrumb\"},\"inLanguage\":\"es\",\"potentialAction\":[{\"@type\":\"ReadAction\",\"target\":[\"https:\/\/exceladvisor.org\/es\/coincidencia-de-vsearch\/\"]}]},{\"@type\":\"ImageObject\",\"inLanguage\":\"es\",\"@id\":\"https:\/\/exceladvisor.org\/es\/coincidencia-de-vsearch\/#primaryimage\",\"url\":\"https:\/\/exceladvisor.org\/wp-content\/uploads\/2023\/08\/table-de-donnees-pour-utiliser-vlookup-et-faire-correspondre-min-1.png\",\"contentUrl\":\"https:\/\/exceladvisor.org\/wp-content\/uploads\/2023\/08\/table-de-donnees-pour-utiliser-vlookup-et-faire-correspondre-min-1.png\"},{\"@type\":\"BreadcrumbList\",\"@id\":\"https:\/\/exceladvisor.org\/es\/coincidencia-de-vsearch\/#breadcrumb\",\"itemListElement\":[{\"@type\":\"ListItem\",\"position\":1,\"name\":\"Hogar\",\"item\":\"https:\/\/exceladvisor.org\/es\/\"},{\"@type\":\"ListItem\",\"position\":2,\"name\":\"\u00bfc\u00f3mo utilizar la combinaci\u00f3n buscarv coincidir?\"}]},{\"@type\":\"WebSite\",\"@id\":\"https:\/\/exceladvisor.org\/es\/#website\",\"url\":\"https:\/\/exceladvisor.org\/es\/\",\"name\":\"Excel Advisor\",\"description\":\"Su gu\u00eda para la dominaci\u00f3n de datos!\",\"publisher\":{\"@id\":\"https:\/\/exceladvisor.org\/es\/#organization\"},\"potentialAction\":[{\"@type\":\"SearchAction\",\"target\":{\"@type\":\"EntryPoint\",\"urlTemplate\":\"https:\/\/exceladvisor.org\/es\/?s={search_term_string}\"},\"query-input\":{\"@type\":\"PropertyValueSpecification\",\"valueRequired\":true,\"valueName\":\"search_term_string\"}}],\"inLanguage\":\"es\"},{\"@type\":\"Organization\",\"@id\":\"https:\/\/exceladvisor.org\/es\/#organization\",\"name\":\"Excel Advisor\",\"url\":\"https:\/\/exceladvisor.org\/es\/\",\"logo\":{\"@type\":\"ImageObject\",\"inLanguage\":\"es\",\"@id\":\"https:\/\/exceladvisor.org\/es\/#\/schema\/logo\/image\/\",\"url\":\"https:\/\/exceladvisor.org\/es\/wp-content\/uploads\/2023\/12\/exceladvisor.org_.png\",\"contentUrl\":\"https:\/\/exceladvisor.org\/es\/wp-content\/uploads\/2023\/12\/exceladvisor.org_.png\",\"width\":105,\"height\":36,\"caption\":\"Excel Advisor\"},\"image\":{\"@id\":\"https:\/\/exceladvisor.org\/es\/#\/schema\/logo\/image\/\"}}]}<\/script>\n<!-- \/ Yoast SEO plugin. -->","yoast_head_json":{"title":"\u00bfc\u00f3mo utilizar la combinaci\u00f3n buscarv coincidir?","robots":{"index":"index","follow":"follow","max-snippet":"max-snippet:-1","max-image-preview":"max-image-preview:large","max-video-preview":"max-video-preview:-1"},"canonical":"https:\/\/exceladvisor.org\/es\/coincidencia-de-vsearch\/","og_locale":"es_ES","og_type":"article","og_title":"\u00bfc\u00f3mo utilizar la combinaci\u00f3n buscarv coincidir?","og_description":"La combinaci\u00f3n de BUSCARV y COINCIDIR es como una superpotencia. Bueno, como todos sabemos, BUSCARV es una de las funciones m\u00e1s populares . \u00bfBIEN? Esto puede ayudarle a encontrar r\u00e1pidamente un valor en una columna. Pero cuando lo uses m\u00e1s y m\u00e1s, te dar\u00e1s cuenta de algunos problemas. Y el mayor problema es que no [&hellip;]","og_url":"https:\/\/exceladvisor.org\/es\/coincidencia-de-vsearch\/","og_site_name":"Excel Advisor","article_modified_time":"2023-12-25T10:28:17+00:00","og_image":[{"url":"https:\/\/exceladvisor.org\/wp-content\/uploads\/2023\/08\/table-de-donnees-pour-utiliser-vlookup-et-faire-correspondre-min-1.png","type":"","width":"","height":""}],"twitter_card":"summary_large_image","twitter_misc":{"Tiempo de lectura":"5 minutos"},"schema":{"@context":"https:\/\/schema.org","@graph":[{"@type":"WebPage","@id":"https:\/\/exceladvisor.org\/es\/coincidencia-de-vsearch\/","url":"https:\/\/exceladvisor.org\/es\/coincidencia-de-vsearch\/","name":"\u00bfc\u00f3mo utilizar la combinaci\u00f3n buscarv coincidir?","isPartOf":{"@id":"https:\/\/exceladvisor.org\/es\/#website"},"primaryImageOfPage":{"@id":"https:\/\/exceladvisor.org\/es\/coincidencia-de-vsearch\/#primaryimage"},"image":{"@id":"https:\/\/exceladvisor.org\/es\/coincidencia-de-vsearch\/#primaryimage"},"thumbnailUrl":"https:\/\/exceladvisor.org\/wp-content\/uploads\/2023\/08\/table-de-donnees-pour-utiliser-vlookup-et-faire-correspondre-min-1.png","datePublished":"2023-11-09T19:08:31+00:00","dateModified":"2023-12-25T10:28:17+00:00","breadcrumb":{"@id":"https:\/\/exceladvisor.org\/es\/coincidencia-de-vsearch\/#breadcrumb"},"inLanguage":"es","potentialAction":[{"@type":"ReadAction","target":["https:\/\/exceladvisor.org\/es\/coincidencia-de-vsearch\/"]}]},{"@type":"ImageObject","inLanguage":"es","@id":"https:\/\/exceladvisor.org\/es\/coincidencia-de-vsearch\/#primaryimage","url":"https:\/\/exceladvisor.org\/wp-content\/uploads\/2023\/08\/table-de-donnees-pour-utiliser-vlookup-et-faire-correspondre-min-1.png","contentUrl":"https:\/\/exceladvisor.org\/wp-content\/uploads\/2023\/08\/table-de-donnees-pour-utiliser-vlookup-et-faire-correspondre-min-1.png"},{"@type":"BreadcrumbList","@id":"https:\/\/exceladvisor.org\/es\/coincidencia-de-vsearch\/#breadcrumb","itemListElement":[{"@type":"ListItem","position":1,"name":"Hogar","item":"https:\/\/exceladvisor.org\/es\/"},{"@type":"ListItem","position":2,"name":"\u00bfc\u00f3mo utilizar la combinaci\u00f3n buscarv coincidir?"}]},{"@type":"WebSite","@id":"https:\/\/exceladvisor.org\/es\/#website","url":"https:\/\/exceladvisor.org\/es\/","name":"Excel Advisor","description":"Su gu\u00eda para la dominaci\u00f3n de datos!","publisher":{"@id":"https:\/\/exceladvisor.org\/es\/#organization"},"potentialAction":[{"@type":"SearchAction","target":{"@type":"EntryPoint","urlTemplate":"https:\/\/exceladvisor.org\/es\/?s={search_term_string}"},"query-input":{"@type":"PropertyValueSpecification","valueRequired":true,"valueName":"search_term_string"}}],"inLanguage":"es"},{"@type":"Organization","@id":"https:\/\/exceladvisor.org\/es\/#organization","name":"Excel Advisor","url":"https:\/\/exceladvisor.org\/es\/","logo":{"@type":"ImageObject","inLanguage":"es","@id":"https:\/\/exceladvisor.org\/es\/#\/schema\/logo\/image\/","url":"https:\/\/exceladvisor.org\/es\/wp-content\/uploads\/2023\/12\/exceladvisor.org_.png","contentUrl":"https:\/\/exceladvisor.org\/es\/wp-content\/uploads\/2023\/12\/exceladvisor.org_.png","width":105,"height":36,"caption":"Excel Advisor"},"image":{"@id":"https:\/\/exceladvisor.org\/es\/#\/schema\/logo\/image\/"}}]}},"yoast_meta":{"yoast_wpseo_title":"","yoast_wpseo_metadesc":"","yoast_wpseo_canonical":""},"_links":{"self":[{"href":"https:\/\/exceladvisor.org\/es\/wp-json\/wp\/v2\/pages\/251","targetHints":{"allow":["GET"]}}],"collection":[{"href":"https:\/\/exceladvisor.org\/es\/wp-json\/wp\/v2\/pages"}],"about":[{"href":"https:\/\/exceladvisor.org\/es\/wp-json\/wp\/v2\/types\/page"}],"author":[{"embeddable":true,"href":"https:\/\/exceladvisor.org\/es\/wp-json\/wp\/v2\/users\/1"}],"replies":[{"embeddable":true,"href":"https:\/\/exceladvisor.org\/es\/wp-json\/wp\/v2\/comments?post=251"}],"version-history":[{"count":1,"href":"https:\/\/exceladvisor.org\/es\/wp-json\/wp\/v2\/pages\/251\/revisions"}],"predecessor-version":[{"id":1289,"href":"https:\/\/exceladvisor.org\/es\/wp-json\/wp\/v2\/pages\/251\/revisions\/1289"}],"wp:attachment":[{"href":"https:\/\/exceladvisor.org\/es\/wp-json\/wp\/v2\/media?parent=251"}],"curies":[{"name":"wp","href":"https:\/\/api.w.org\/{rel}","templated":true}]}}