{"id":252,"date":"2023-11-09T17:38:58","date_gmt":"2023-11-09T17:38:58","guid":{"rendered":"https:\/\/exceladvisor.org\/es\/eliminar-espacios-adicionales\/"},"modified":"2023-12-25T10:24:55","modified_gmt":"2023-12-25T10:24:55","slug":"eliminar-espacios-adicionales","status":"publish","type":"page","link":"https:\/\/exceladvisor.org\/es\/eliminar-espacios-adicionales\/","title":{"rendered":"\u00bfc\u00f3mo eliminar espacios extra en excel?"},"content":{"rendered":"<div class=\"excel-antes-del-contenido\" id=\"excel-4259127798\"><script type=\"text\/javascript\">\r\n\tatOptions = {\r\n\t\t'key' : 'c1158f160081d6540a8409e6925dab94',\r\n\t\t'format' : 'iframe',\r\n\t\t'height' : 250,\r\n\t\t'width' : 300,\r\n\t\t'params' : {}\r\n\t};\r\n<\/script>\r\n<script type=\"text\/javascript\" src=\"\/\/www.highperformanceformat.com\/c1158f160081d6540a8409e6925dab94\/invoke.js\"><\/script><\/div><p>Los datos limpios son nuestro derecho de nacimiento, pero a veces no podemos acceder a ellos.<\/p>\n<p> A veces no somos capaces de utilizar nuestros datos como queremos. Y una de las principales razones que hace que nuestros datos sean inutilizables es\u2026<\/p>\n<p> Entonces, si quieres usarlo, tenemos que eliminarlos todos. Si lo piensas bien, muchas veces, cuando obtienes datos de sistemas ERP o tienes f\u00f3rmulas que no est\u00e1n escritas correctamente, aparecen estos espacios en blanco no deseados.<\/p>\n<p> Por lo tanto, siempre que trabaje con sus datos, primero debe verificarlos.<\/p>\n<p> Y en la publicaci\u00f3n de hoy, te mostrar\u00e9 los 4 m\u00e9todos exactos para eliminar todos esos espacios adicionales y no deseados.<\/p>\n<p> Aseg\u00farese de <a href=\"https:\/\/exceladvisor.org\/wp-content\/uploads\/2023\/11\/supprimer-les-donnees-des-espaces.xlsx\" rel=\"nofollow\">DESCARGAR este ARCHIVO DE MUESTRA<\/a> desde aqu\u00ed para seguirlo. Comencemos ahora. <\/p>\n<h2 id=\"1-remove-extra-spaces-using-trim-function-trailing-and-leading\" class=\"wp-block-heading\"> 1. Elimine los espacios adicionales usando la funci\u00f3n TRIM [Trailing and Leading]<\/h2>\n<p> A veces aparecen espacios al final y al principio de los datos y se ven muy desagradables.<\/p>\n<p> Pero tenemos un m\u00e9todo muy simple y f\u00e1cil para eliminar esta basura y solo necesitas una funci\u00f3n para solucionarlo.<\/p>\n<p> Es RECORTADO.<\/p>\n<p> Elimina todos los espacios no deseados de una cadena de texto, excepto los espacios entre dos palabras; mire el ejemplo a continuaci\u00f3n. <\/p>\n<div class=\"wp-block-image\">\n<figure class=\"aligncenter\"><img decoding=\"async\" src=\"https:\/\/exceladvisor.org\/wp-content\/uploads\/2023\/08\/supprimer-les-espaces-supplementaires-dune-cellule-dans-Excel-a-laide-de-la-fonction-trim.png\" sizes=\"\" srcset=\"\" alt=\"eliminar espacios adicionales de una celda en Excel usando la funci\u00f3n de recorte\"><\/figure>\n<\/div>\n<p> Como puede ver, utilizamos TRIM para eliminar todos los espacios iniciales y finales no deseados de la celda.<\/p>\n<p> Hay 70 caracteres en la celda y cuando us\u00f3 TRIM, la cantidad de caracteres se redujo a 41, lo que significa que elimin\u00f3 los 29 espacios de la celda.<\/p>\n<h2 id=\"2-combine-clean-and-trim-to-remove-extra-space-of-line-break\" class=\"wp-block-heading\"> 2. Combine Limpiar y Recortar para eliminar el espacio adicional del salto de l\u00ednea<\/h2>\n<p> Tambi\u00e9n existe otra posibilidad de que obtenga un salto de l\u00ednea en una cadena de texto. En esta situaci\u00f3n, debe utilizar la combinaci\u00f3n CLEAN y TRIM donde la funci\u00f3n CLEAN puede eliminar todos los caracteres que no se imprimen y que tambi\u00e9n incluyen saltos de l\u00ednea. <\/p>\n<div class=\"wp-block-image\">\n<figure class=\"aligncenter\"><img decoding=\"async\" src=\"https:\/\/exceladvisor.org\/wp-content\/uploads\/2023\/08\/supprimer-les-espaces-supplementaires-dune-cellule-dans-Excel-en-utilisant-la-fonction-propre.png\" sizes=\"\" srcset=\"\" alt=\"eliminar espacios adicionales de una celda en Excel usando la funci\u00f3n de limpieza\"><\/figure>\n<\/div>\n<h3 id=\"how-it-works\" class=\"wp-block-heading\"> C\u00f3mo funciona<\/h3>\n<p> Primero, CLEAN elimina todos los caracteres que no se imprimen de la cadena de texto, luego TRIM elimina todos los espacios no deseados de la cadena de texto que no sean el espacio entre dos palabras. <\/p>\n<h2 id=\"3-using-clean-trim-and-substitute-to-remove-all-the-spaces-from-a-cell\" class=\"wp-block-heading\"> 3. Uso de Limpiar, Recortar y Sustituir para eliminar todos los espacios de una celda<\/h2>\n<p> Aqu\u00ed tenemos un tipo diferente de problema con estos espacios en blanco.<\/p>\n<p> A veces quieres eliminar todo tipo de espacios de una celda. Pero limpiar y recortar no puede eliminar todo tipo de espacios.<\/p>\n<p> Por ejemplo, si tiene un espacio que no se separa en una celda, no podr\u00e1 manejarlo usando estas dos funciones. Y para este problema necesitas combinar LIMPIAR y RECORTAR con SUSTITUIR.<\/p>\n<p> Dejame mostrarte un ejemplo. En el siguiente ejemplo, tenemos una lista de n\u00fameros de tel\u00e9fonos m\u00f3viles en una hoja de c\u00e1lculo y estos n\u00fameros est\u00e1n rodeados por espacios en blanco no deseados.<\/p>\n<p> S\u00f3lo necesitamos un n\u00famero de tel\u00e9fono celular de 10 d\u00edgitos. <\/p>\n<div class=\"wp-block-image\">\n<figure class=\"aligncenter\"><img decoding=\"async\" src=\"https:\/\/exceladvisor.org\/wp-content\/uploads\/2023\/08\/supprimer-les-espaces-supplementaires-dune-cellule-dans-Excel-a-laide-de-trim-clean-substitut.png\" sizes=\"\" srcset=\"\" alt=\"eliminar espacios adicionales de una celda en Excel usando un sustituto limpio\"><\/figure>\n<\/div>\n<h3 id=\"how-it-works-1\" class=\"wp-block-heading\"> C\u00f3mo funciona<\/h3>\n<p> SUBSTITUTE le ayuda a encontrar un car\u00e1cter o conjunto de caracteres espec\u00edfico en una cadena de texto y reemplazarlo con otros caracteres o con un solo car\u00e1cter.<\/p>\n<h2 id=\"4-using-find-and-replace-option-to-remove-all-the-spaces\" class=\"wp-block-heading\"> 4. Utilice la opci\u00f3n Buscar y reemplazar para eliminar todos los espacios.<\/h2>\n<p> Tengo otra opci\u00f3n para resolver el problema mencionado anteriormente y no es necesario utilizar una f\u00f3rmula para ello. Puede usar <a href=\"https:\/\/exceladvisor.org\/es\/encontrar-reemplazar\/\" data-wpil=\"url\">BUSCAR y REEMPLAZAR<\/a> para reemplazar espacios en blanco en una celda, estos son los pasos: <\/p>\n<div class=\"wp-block-image\">\n<figure class=\"aligncenter\"><img decoding=\"async\" src=\"https:\/\/exceladvisor.org\/wp-content\/uploads\/2023\/08\/supprimer-les-espaces-supplementaires-dune-cellule-dans-Excel-a-laide-de-loption-de-remplacement-de-recherche.gif\" sizes=\"\" srcset=\"\" alt=\"eliminar espacios adicionales de una celda en Excel usando la opci\u00f3n de reemplazo de b\u00fasqueda\"><\/figure>\n<\/div>\n<ol>\n<li> Seleccione la celda o rango de celdas del que desea eliminar espacios en blanco.<\/li>\n<li> Utilice la tecla de acceso directo: <strong>Ctrl + H<\/strong> para habilitar la opci\u00f3n Buscar y reemplazar.<\/li>\n<li> En la barra de entrada \u00abbuscar qu\u00e9\u00bb, inserte un espacio en blanco usando la barra espaciadora y \u00abReemplazar con\u00bb debe permanecer en blanco.<\/li>\n<li> Haga clic en el bot\u00f3n Reemplazar todo y recibir\u00e1 un mensaje emergente sobre la cantidad de espacios vac\u00edos reemplazados.<\/li>\n<\/ol>\n<p class=\"qt-tip\"> <strong><span style=\"color: #ff0000;\">Alerta:<\/span><\/strong> utilice este m\u00e9todo solo cuando est\u00e9 confirmado que eliminar\u00e1 todo tipo de espacios de las celdas seleccionadas. <\/p>\n<div class=\"gb-container gb-container-bafb25cc gb-container-download-2\">\n<div class=\"gb-grid-wrapper gb-grid-wrapper-91201309\">\n<div class=\"gb-grid-column gb-grid-column-15a917ef\">\n<div class=\"gb-container gb-container-15a917ef\">\n<h2 class=\"gb-headline gb-headline-f2deb261 gb-headline-text gb-headline-download-2\"> Obtener el archivo Excel <\/h2>\n<\/div>\n<\/div>\n<div class=\"gb-grid-column gb-grid-column-18357188\">\n<div class=\"gb-container gb-container-18357188\">\n<div class=\"gb-container gb-container-76cbe15e\"> <a class=\"gb-button gb-button-cb63d00a gb-button-text gb-button-download-2\" href=\"https:\/\/exceladvisor.org\/wp-content\/uploads\/2023\/11\/suppression-des-espaces-supplementaires.xlsx\" rel=\"nofollow\">Descargar<\/a><\/div>\n<\/div>\n<\/div>\n<\/div>\n<\/div>\n<h2 id=\"conclusion\" class=\"wp-block-heading\"> Conclusi\u00f3n<\/h2>\n<p> Los espacios extra siempre son irritantes. Pero ahora tienes 4 m\u00e9todos diferentes para eliminarlos y puedes elegir cualquiera de estos m\u00e9todos que creas que es perfecto para ti.<\/p>\n<p> Espero que esto te ayude a jugar bien con tus datos y ahora tienes que decirme una cosa.<\/p>\n<p> <em>\u00bfConoce otra forma de abordar este problema?<\/em><\/p>\n<p> Comp\u00e1rtelo conmigo en el cuadro de comentarios. Me encantar\u00eda saber de ti y no olvides compartir este consejo con tus amigos.<\/p>\n<div class=\"gb-container gb-container-4db6181c gb-container-mt\"> <a class=\"gb-button gb-button-c5897111 gb-button-text gb-button-mt-button\" href=\"https:\/\/exceladvisor.org\/es\/vba\/\">\u00bfQu\u00e9 es VBA?<\/a><\/div>\n","protected":false},"excerpt":{"rendered":"<p>Los datos limpios son nuestro derecho de nacimiento, pero a veces no podemos acceder a ellos. A veces no somos capaces de utilizar nuestros datos como queremos. Y una de las principales razones que hace que nuestros datos sean inutilizables es\u2026 Entonces, si quieres usarlo, tenemos que eliminarlos todos. Si lo piensas bien, muchas veces, [&hellip;]<\/p>\n","protected":false},"author":1,"featured_media":0,"parent":0,"menu_order":0,"comment_status":"open","ping_status":"closed","template":"","meta":{"ub_ctt_via":"","footnotes":""},"class_list":["post-252","page","type-page","status-publish","hentry"],"featured_image_src":null,"yoast_head":"<!-- This site is optimized with the Yoast SEO plugin v25.4 - https:\/\/yoast.com\/wordpress\/plugins\/seo\/ -->\n<title>\u00bfc\u00f3mo eliminar espacios extra en excel?<\/title>\n<meta name=\"robots\" content=\"index, follow, max-snippet:-1, max-image-preview:large, max-video-preview:-1\" \/>\n<link rel=\"canonical\" href=\"https:\/\/exceladvisor.org\/es\/eliminar-espacios-adicionales\/\" \/>\n<meta property=\"og:locale\" content=\"es_ES\" \/>\n<meta property=\"og:type\" content=\"article\" \/>\n<meta property=\"og:title\" content=\"\u00bfc\u00f3mo eliminar espacios extra en excel?\" \/>\n<meta property=\"og:description\" content=\"Los datos limpios son nuestro derecho de nacimiento, pero a veces no podemos acceder a ellos. A veces no somos capaces de utilizar nuestros datos como queremos. Y una de las principales razones que hace que nuestros datos sean inutilizables es\u2026 Entonces, si quieres usarlo, tenemos que eliminarlos todos. Si lo piensas bien, muchas veces, [&hellip;]\" \/>\n<meta property=\"og:url\" content=\"https:\/\/exceladvisor.org\/es\/eliminar-espacios-adicionales\/\" \/>\n<meta property=\"og:site_name\" content=\"Excel Advisor\" \/>\n<meta property=\"article:modified_time\" content=\"2023-12-25T10:24:55+00:00\" \/>\n<meta property=\"og:image\" content=\"https:\/\/exceladvisor.org\/wp-content\/uploads\/2023\/08\/supprimer-les-espaces-supplementaires-dune-cellule-dans-Excel-a-laide-de-la-fonction-trim.png\" \/>\n<meta name=\"twitter:card\" content=\"summary_large_image\" \/>\n<meta name=\"twitter:label1\" content=\"Tiempo de lectura\" \/>\n\t<meta name=\"twitter:data1\" content=\"4 minutos\" \/>\n<script type=\"application\/ld+json\" class=\"yoast-schema-graph\">{\"@context\":\"https:\/\/schema.org\",\"@graph\":[{\"@type\":\"WebPage\",\"@id\":\"https:\/\/exceladvisor.org\/es\/eliminar-espacios-adicionales\/\",\"url\":\"https:\/\/exceladvisor.org\/es\/eliminar-espacios-adicionales\/\",\"name\":\"\u00bfc\u00f3mo eliminar espacios extra en excel?\",\"isPartOf\":{\"@id\":\"https:\/\/exceladvisor.org\/es\/#website\"},\"primaryImageOfPage\":{\"@id\":\"https:\/\/exceladvisor.org\/es\/eliminar-espacios-adicionales\/#primaryimage\"},\"image\":{\"@id\":\"https:\/\/exceladvisor.org\/es\/eliminar-espacios-adicionales\/#primaryimage\"},\"thumbnailUrl\":\"https:\/\/exceladvisor.org\/wp-content\/uploads\/2023\/08\/supprimer-les-espaces-supplementaires-dune-cellule-dans-Excel-a-laide-de-la-fonction-trim.png\",\"datePublished\":\"2023-11-09T17:38:58+00:00\",\"dateModified\":\"2023-12-25T10:24:55+00:00\",\"breadcrumb\":{\"@id\":\"https:\/\/exceladvisor.org\/es\/eliminar-espacios-adicionales\/#breadcrumb\"},\"inLanguage\":\"es\",\"potentialAction\":[{\"@type\":\"ReadAction\",\"target\":[\"https:\/\/exceladvisor.org\/es\/eliminar-espacios-adicionales\/\"]}]},{\"@type\":\"ImageObject\",\"inLanguage\":\"es\",\"@id\":\"https:\/\/exceladvisor.org\/es\/eliminar-espacios-adicionales\/#primaryimage\",\"url\":\"https:\/\/exceladvisor.org\/wp-content\/uploads\/2023\/08\/supprimer-les-espaces-supplementaires-dune-cellule-dans-Excel-a-laide-de-la-fonction-trim.png\",\"contentUrl\":\"https:\/\/exceladvisor.org\/wp-content\/uploads\/2023\/08\/supprimer-les-espaces-supplementaires-dune-cellule-dans-Excel-a-laide-de-la-fonction-trim.png\"},{\"@type\":\"BreadcrumbList\",\"@id\":\"https:\/\/exceladvisor.org\/es\/eliminar-espacios-adicionales\/#breadcrumb\",\"itemListElement\":[{\"@type\":\"ListItem\",\"position\":1,\"name\":\"Hogar\",\"item\":\"https:\/\/exceladvisor.org\/es\/\"},{\"@type\":\"ListItem\",\"position\":2,\"name\":\"\u00bfc\u00f3mo eliminar espacios extra en excel?\"}]},{\"@type\":\"WebSite\",\"@id\":\"https:\/\/exceladvisor.org\/es\/#website\",\"url\":\"https:\/\/exceladvisor.org\/es\/\",\"name\":\"Excel Advisor\",\"description\":\"Su gu\u00eda para la dominaci\u00f3n de datos!\",\"publisher\":{\"@id\":\"https:\/\/exceladvisor.org\/es\/#organization\"},\"potentialAction\":[{\"@type\":\"SearchAction\",\"target\":{\"@type\":\"EntryPoint\",\"urlTemplate\":\"https:\/\/exceladvisor.org\/es\/?s={search_term_string}\"},\"query-input\":{\"@type\":\"PropertyValueSpecification\",\"valueRequired\":true,\"valueName\":\"search_term_string\"}}],\"inLanguage\":\"es\"},{\"@type\":\"Organization\",\"@id\":\"https:\/\/exceladvisor.org\/es\/#organization\",\"name\":\"Excel Advisor\",\"url\":\"https:\/\/exceladvisor.org\/es\/\",\"logo\":{\"@type\":\"ImageObject\",\"inLanguage\":\"es\",\"@id\":\"https:\/\/exceladvisor.org\/es\/#\/schema\/logo\/image\/\",\"url\":\"https:\/\/exceladvisor.org\/es\/wp-content\/uploads\/2023\/12\/exceladvisor.org_.png\",\"contentUrl\":\"https:\/\/exceladvisor.org\/es\/wp-content\/uploads\/2023\/12\/exceladvisor.org_.png\",\"width\":105,\"height\":36,\"caption\":\"Excel Advisor\"},\"image\":{\"@id\":\"https:\/\/exceladvisor.org\/es\/#\/schema\/logo\/image\/\"}}]}<\/script>\n<!-- \/ Yoast SEO plugin. -->","yoast_head_json":{"title":"\u00bfc\u00f3mo eliminar espacios extra en excel?","robots":{"index":"index","follow":"follow","max-snippet":"max-snippet:-1","max-image-preview":"max-image-preview:large","max-video-preview":"max-video-preview:-1"},"canonical":"https:\/\/exceladvisor.org\/es\/eliminar-espacios-adicionales\/","og_locale":"es_ES","og_type":"article","og_title":"\u00bfc\u00f3mo eliminar espacios extra en excel?","og_description":"Los datos limpios son nuestro derecho de nacimiento, pero a veces no podemos acceder a ellos. A veces no somos capaces de utilizar nuestros datos como queremos. Y una de las principales razones que hace que nuestros datos sean inutilizables es\u2026 Entonces, si quieres usarlo, tenemos que eliminarlos todos. Si lo piensas bien, muchas veces, [&hellip;]","og_url":"https:\/\/exceladvisor.org\/es\/eliminar-espacios-adicionales\/","og_site_name":"Excel Advisor","article_modified_time":"2023-12-25T10:24:55+00:00","og_image":[{"url":"https:\/\/exceladvisor.org\/wp-content\/uploads\/2023\/08\/supprimer-les-espaces-supplementaires-dune-cellule-dans-Excel-a-laide-de-la-fonction-trim.png","type":"","width":"","height":""}],"twitter_card":"summary_large_image","twitter_misc":{"Tiempo de lectura":"4 minutos"},"schema":{"@context":"https:\/\/schema.org","@graph":[{"@type":"WebPage","@id":"https:\/\/exceladvisor.org\/es\/eliminar-espacios-adicionales\/","url":"https:\/\/exceladvisor.org\/es\/eliminar-espacios-adicionales\/","name":"\u00bfc\u00f3mo eliminar espacios extra en excel?","isPartOf":{"@id":"https:\/\/exceladvisor.org\/es\/#website"},"primaryImageOfPage":{"@id":"https:\/\/exceladvisor.org\/es\/eliminar-espacios-adicionales\/#primaryimage"},"image":{"@id":"https:\/\/exceladvisor.org\/es\/eliminar-espacios-adicionales\/#primaryimage"},"thumbnailUrl":"https:\/\/exceladvisor.org\/wp-content\/uploads\/2023\/08\/supprimer-les-espaces-supplementaires-dune-cellule-dans-Excel-a-laide-de-la-fonction-trim.png","datePublished":"2023-11-09T17:38:58+00:00","dateModified":"2023-12-25T10:24:55+00:00","breadcrumb":{"@id":"https:\/\/exceladvisor.org\/es\/eliminar-espacios-adicionales\/#breadcrumb"},"inLanguage":"es","potentialAction":[{"@type":"ReadAction","target":["https:\/\/exceladvisor.org\/es\/eliminar-espacios-adicionales\/"]}]},{"@type":"ImageObject","inLanguage":"es","@id":"https:\/\/exceladvisor.org\/es\/eliminar-espacios-adicionales\/#primaryimage","url":"https:\/\/exceladvisor.org\/wp-content\/uploads\/2023\/08\/supprimer-les-espaces-supplementaires-dune-cellule-dans-Excel-a-laide-de-la-fonction-trim.png","contentUrl":"https:\/\/exceladvisor.org\/wp-content\/uploads\/2023\/08\/supprimer-les-espaces-supplementaires-dune-cellule-dans-Excel-a-laide-de-la-fonction-trim.png"},{"@type":"BreadcrumbList","@id":"https:\/\/exceladvisor.org\/es\/eliminar-espacios-adicionales\/#breadcrumb","itemListElement":[{"@type":"ListItem","position":1,"name":"Hogar","item":"https:\/\/exceladvisor.org\/es\/"},{"@type":"ListItem","position":2,"name":"\u00bfc\u00f3mo eliminar espacios extra en excel?"}]},{"@type":"WebSite","@id":"https:\/\/exceladvisor.org\/es\/#website","url":"https:\/\/exceladvisor.org\/es\/","name":"Excel Advisor","description":"Su gu\u00eda para la dominaci\u00f3n de datos!","publisher":{"@id":"https:\/\/exceladvisor.org\/es\/#organization"},"potentialAction":[{"@type":"SearchAction","target":{"@type":"EntryPoint","urlTemplate":"https:\/\/exceladvisor.org\/es\/?s={search_term_string}"},"query-input":{"@type":"PropertyValueSpecification","valueRequired":true,"valueName":"search_term_string"}}],"inLanguage":"es"},{"@type":"Organization","@id":"https:\/\/exceladvisor.org\/es\/#organization","name":"Excel Advisor","url":"https:\/\/exceladvisor.org\/es\/","logo":{"@type":"ImageObject","inLanguage":"es","@id":"https:\/\/exceladvisor.org\/es\/#\/schema\/logo\/image\/","url":"https:\/\/exceladvisor.org\/es\/wp-content\/uploads\/2023\/12\/exceladvisor.org_.png","contentUrl":"https:\/\/exceladvisor.org\/es\/wp-content\/uploads\/2023\/12\/exceladvisor.org_.png","width":105,"height":36,"caption":"Excel Advisor"},"image":{"@id":"https:\/\/exceladvisor.org\/es\/#\/schema\/logo\/image\/"}}]}},"yoast_meta":{"yoast_wpseo_title":"","yoast_wpseo_metadesc":"","yoast_wpseo_canonical":""},"_links":{"self":[{"href":"https:\/\/exceladvisor.org\/es\/wp-json\/wp\/v2\/pages\/252","targetHints":{"allow":["GET"]}}],"collection":[{"href":"https:\/\/exceladvisor.org\/es\/wp-json\/wp\/v2\/pages"}],"about":[{"href":"https:\/\/exceladvisor.org\/es\/wp-json\/wp\/v2\/types\/page"}],"author":[{"embeddable":true,"href":"https:\/\/exceladvisor.org\/es\/wp-json\/wp\/v2\/users\/1"}],"replies":[{"embeddable":true,"href":"https:\/\/exceladvisor.org\/es\/wp-json\/wp\/v2\/comments?post=252"}],"version-history":[{"count":1,"href":"https:\/\/exceladvisor.org\/es\/wp-json\/wp\/v2\/pages\/252\/revisions"}],"predecessor-version":[{"id":978,"href":"https:\/\/exceladvisor.org\/es\/wp-json\/wp\/v2\/pages\/252\/revisions\/978"}],"wp:attachment":[{"href":"https:\/\/exceladvisor.org\/es\/wp-json\/wp\/v2\/media?parent=252"}],"curies":[{"name":"wp","href":"https:\/\/api.w.org\/{rel}","templated":true}]}}